{"id":1645,"date":"2021-03-16T11:26:55","date_gmt":"2021-03-16T11:26:55","guid":{"rendered":"https:\/\/elfsight.com\/it\/?page_id=1645"},"modified":"2021-08-30T12:12:47","modified_gmt":"2021-08-30T12:12:47","slug":"examples","status":"publish","type":"page","link":"https:\/\/elfsight.com\/it\/tripadvisor-reviews-widget\/examples\/","title":{"rendered":"Tripadvisor Reviews &#8211; examples"},"content":{"rendered":"\n<div class=\"application-examples-item application-examples-item-loading\">\n                            <div class=\"col-row\">\n                                <div class=\"col-6 col-m-8 col-s-12\"><h3 class=\"application-examples-item-title\">Esempio  1. Reviews Widget<\/h3><div class=\"application-examples-item-description\">In questo esempio, le recensioni sono organizzate in un attraente widget con colori di Tripadvisor originali, con un'intestazione moderata. L'intestazione mostra una valutazione complessiva della pagina e mostra quanti utenti hanno pubblicato le loro recensioni, con le immagini di quelle pi\u00f9 recenti, che sono cliccabili. Il pulsante di richiesta di feedback (review-request) richiede agli utenti di lasciare un'altra recensione e l'opzione \u201cS\u00ec\u201d colorata in blu per attirare l'attenzione.<\/div><\/div>\n                <\/div>\n\n                <div class=\"application-examples-item-iframe-container browser-frame\">\n                    <div class=\"application-examples-item-iframe-wrapper\">\n                        <iframe class=\"application-examples-item-iframe\" data-src=\"https:\/\/elfsight.com\/examples?widget_id=445b2af8-6008-4697-bffb-c797cdbc9db0&padding=28px+40px+40px\" width=\"100%\" allow=\"autoplay; fullscreen\"><\/iframe>\n                    <\/div>\n\n                    <div class=\"application-examples-item-loader\"><\/div>\n                <\/div>\n            <\/div>\n<div class=\"application-examples-item application-examples-item-loading\">\n                            <div class=\"col-row\">\n                                <div class=\"col-6 col-m-8 col-s-12\"><h3 class=\"application-examples-item-title\">Esempio 2. List<\/h3><div class=\"application-examples-item-description\">Puoi integrare le recensioni in una pagina sotto forma di elenco. Se disattivi l'intestazione e applichi i parametri di larghezza e altezza automatiche, come in questo esempio, il widget entrer\u00e0 nello spazio disponibile sulla pagina e apparir\u00e0 ben bilanciato. Applica filtri per limitare il numero di recensioni, mostra solo quelle con valutazione positiva o nascondi recensioni indesiderate tramite parole chiave.<\/div><\/div>\n                <\/div>\n\n                <div class=\"application-examples-item-iframe-container browser-frame\">\n                    <div class=\"application-examples-item-iframe-wrapper\">\n                        <iframe class=\"application-examples-item-iframe\" data-src=\"https:\/\/elfsight.com\/examples?widget_id=a331292e-1e7c-4336-bafa-1e796e638b6b&padding=28px+40px+40px\" width=\"100%\" allow=\"autoplay; fullscreen\"><\/iframe>\n                    <\/div>\n\n                    <div class=\"application-examples-item-loader\"><\/div>\n                <\/div>\n            <\/div>\n<div class=\"application-examples-item application-examples-item-loading\">\n                            <div class=\"col-row\">\n                                <div class=\"col-6 col-m-8 col-s-12\"><h3 class=\"application-examples-item-title\">Esempio 3. Masonry<\/h3><div class=\"application-examples-item-description\">Qui, una variet\u00e0 di recensioni \u00e8 organizzata in una raccolta a blocchi che posiziona le recensioni nel miglior ordine possibile sulla base del loro valore di altezza. I colori selezionati rendono il widget assolutamente unico. La valutazione a stelle nelle recensioni \u00e8 qui per dimostrare che l'attivit\u00e0 \u00e8 apprezzata dai clienti.<\/div><\/div>\n                <\/div>\n\n                <div class=\"application-examples-item-iframe-container browser-frame\">\n                    <div class=\"application-examples-item-iframe-wrapper\">\n                        <iframe class=\"application-examples-item-iframe\" data-src=\"https:\/\/elfsight.com\/examples?widget_id=cff5f7df-94d2-4ec3-b74a-2fd660142c7d&padding=28px+40px+40px\" width=\"100%\" allow=\"autoplay; fullscreen\"><\/iframe>\n                    <\/div>\n\n                    <div class=\"application-examples-item-loader\"><\/div>\n                <\/div>\n            <\/div>\n<div class=\"application-examples-item application-examples-item-loading\">\n                            <div class=\"col-row\">\n                                <div class=\"col-6 col-m-8 col-s-12\"><h3 class=\"application-examples-item-title\">Esempio 4. Grid<\/h3><div class=\"application-examples-item-description\">La scelta del layout Grid e del template Spotlight crea un'interfaccia raffinata del widget. Linee rette e testi allineati al centro attirano la massima attenzione. La geometria pulita del layout Grid pu\u00f2 anche corrispondere a tutti gli altri template: gli elementi dell'interfaccia sono stati creati per essere completamente adattivi.<\/div><\/div>\n                <\/div>\n\n                <div class=\"application-examples-item-iframe-container browser-frame\">\n                    <div class=\"application-examples-item-iframe-wrapper\">\n                        <iframe class=\"application-examples-item-iframe\" data-src=\"https:\/\/elfsight.com\/examples?widget_id=0a985536-a63e-489a-9b9a-ba5e5f9a7e53&padding=28px+40px+40px\" width=\"100%\" allow=\"autoplay; fullscreen\"><\/iframe>\n                    <\/div>\n\n                    <div class=\"application-examples-item-loader\"><\/div>\n                <\/div>\n            <\/div>\n<div class=\"application-examples-item application-examples-item-loading\">\n                            <div class=\"col-row\">\n                                <div class=\"col-6 col-m-8 col-s-12\"><h3 class=\"application-examples-item-title\">Esempio 5. Carousel<\/h3><div class=\"application-examples-item-description\">Questo widget nel layout Slider mostra le recensioni in un carosello dinamico con riproduzione automatica. Questa \u00e8 una variante ottimale, ad esempio, per la pagina principale di un sito. Il layout Slider include i controlli di navigazione: freccia, trascinamento o impaginazione. \u00c8 disponibile un'opzione per selezionare il numero di recensioni da mostare su ciascuna diapositiva.<\/div><\/div>\n                <\/div>\n\n                <div class=\"application-examples-item-iframe-container browser-frame\">\n                    <div class=\"application-examples-item-iframe-wrapper\">\n                        <iframe class=\"application-examples-item-iframe\" data-src=\"https:\/\/elfsight.com\/examples?widget_id=2673879d-bbaf-4c0d-b00a-f4f248b5cda7&padding=28px+40px+40px\" width=\"100%\" allow=\"autoplay; fullscreen\"><\/iframe>\n                    <\/div>\n\n                    <div class=\"application-examples-item-loader\"><\/div>\n                <\/div>\n            <\/div>\n<div class=\"application-examples-item application-examples-item-loading\">\n                            <div class=\"col-row\">\n                                <div class=\"col-6 col-m-8 col-s-12\"><h3 class=\"application-examples-item-title\">Esempio 6. Slider<\/h3><div class=\"application-examples-item-description\">Le tue recensioni visualizzate singolarmente accentueranno l'attenzione degli utenti. In questo esempio, il template Spotlight cambia la posizione degli elementi: l'immagine dell'autore e la valutazione a stelle vengono posizionate sopra il testo e tutti gli elementi sono allineati al centro. \u00c8 possibile visualizzare pi\u00f9 recensioni trascinando o utilizzando le frecce.<\/div><\/div>\n                <\/div>\n\n                <div class=\"application-examples-item-iframe-container browser-frame\">\n                    <div class=\"application-examples-item-iframe-wrapper\">\n                        <iframe class=\"application-examples-item-iframe\" data-src=\"https:\/\/elfsight.com\/examples?widget_id=b3050183-523b-46f8-bdef-837400ab1193&padding=28px+40px+40px\" width=\"100%\" allow=\"autoplay; fullscreen\"><\/iframe>\n                    <\/div>\n\n                    <div class=\"application-examples-item-loader\"><\/div>\n                <\/div>\n            <\/div>\n<div class=\"application-examples-item application-examples-item-loading\">\n                            <div class=\"col-row\">\n                                <div class=\"col-6 col-m-8 col-s-12\"><h3 class=\"application-examples-item-title\">Esempio 7. Sidebar Widget<\/h3><div class=\"application-examples-item-description\">Ecco un buon esempio di come puoi inserire facilmente un widget per le recensioni nel tuo sito web con uno spazio disponibile molto limitato. Impostato come barra laterale, il widget non ha elementi aggiuntivi, e le dimensioni responsive hanno contribuito a renderlo abbastanza piccolo. La funzionalit\u00e0 e l'usabilit\u00e0 del widget vengono preservate al 100%.<\/div><\/div>\n                <\/div>\n\n                <div class=\"application-examples-item-iframe-container browser-frame\">\n                    <div class=\"application-examples-item-iframe-wrapper\">\n                        <iframe class=\"application-examples-item-iframe\" data-src=\"https:\/\/elfsight.com\/examples?widget_id=1f208258-6bfc-4db1-ae55-51371b3b5489&padding=28px+40px+40px\" width=\"100%\" allow=\"autoplay; fullscreen\"><\/iframe>\n                    <\/div>\n\n                    <div class=\"application-examples-item-loader\"><\/div>\n                <\/div>\n            <\/div>\n","protected":false},"excerpt":{"rendered":"","protected":false},"author":9,"featured_media":0,"parent":1634,"menu_order":0,"comment_status":"closed","ping_status":"closed","template":"templates\/template-application-examples.php","meta":{"publish_to_discourse":"","publish_post_category":"","wpdc_auto_publish_overridden":"","wpdc_topic_tags":"","wpdc_pin_topic":"","wpdc_pin_until":"","discourse_post_id":"","discourse_permalink":"","wpdc_publishing_response":"","wpdc_publishing_error":"","footnotes":""},"class_list":["post-1645","page","type-page","status-publish","hentry"],"yoast_head":"<!-- This site is optimized with the Yoast SEO plugin v25.3.1 - https:\/\/yoast.com\/wordpress\/plugins\/seo\/ -->\n<title>I migliori esempi di Recensioni Tripadvisor su un sito web (vetrina)<\/title>\n<meta name=\"description\" content=\"TOP 11 esempi di Tripadvisor Reviews: List, Carousel, Masonry, Slider, Sidebar e altro. Esempio di widget Tripadvisor per il tuo sito web\" \/>\n<meta name=\"robots\" content=\"index, follow, max-snippet:-1, max-image-preview:large, max-video-preview:-1\" \/>\n<link rel=\"canonical\" href=\"https:\/\/elfsight.com\/it\/tripadvisor-reviews-widget\/examples\/\" \/>\n<meta property=\"og:locale\" content=\"it_IT\" \/>\n<meta property=\"og:type\" content=\"article\" \/>\n<meta property=\"og:title\" content=\"I migliori esempi di Recensioni Tripadvisor su un sito web (vetrina)\" \/>\n<meta property=\"og:description\" content=\"TOP 11 esempi di Tripadvisor Reviews: List, Carousel, Masonry, Slider, Sidebar e altro. Esempio di widget Tripadvisor per il tuo sito web\" \/>\n<meta property=\"og:url\" content=\"https:\/\/elfsight.com\/it\/tripadvisor-reviews-widget\/examples\/\" \/>\n<meta property=\"og:site_name\" content=\"Elfsight IT\" \/>\n<meta property=\"article:modified_time\" content=\"2021-08-30T12:12:47+00:00\" \/>\n<meta name=\"twitter:card\" content=\"summary_large_image\" \/>\n<meta name=\"twitter:label1\" content=\"Tempo di lettura stimato\" \/>\n\t<meta name=\"twitter:data1\" content=\"2 minuti\" \/>\n<!-- \/ Yoast SEO plugin. -->","yoast_head_json":{"title":"I migliori esempi di Recensioni Tripadvisor su un sito web (vetrina)","description":"TOP 11 esempi di Tripadvisor Reviews: List, Carousel, Masonry, Slider, Sidebar e altro. Esempio di widget Tripadvisor per il tuo sito web","robots":{"index":"index","follow":"follow","max-snippet":"max-snippet:-1","max-image-preview":"max-image-preview:large","max-video-preview":"max-video-preview:-1"},"canonical":"https:\/\/elfsight.com\/it\/tripadvisor-reviews-widget\/examples\/","og_locale":"it_IT","og_type":"article","og_title":"I migliori esempi di Recensioni Tripadvisor su un sito web (vetrina)","og_description":"TOP 11 esempi di Tripadvisor Reviews: List, Carousel, Masonry, Slider, Sidebar e altro. Esempio di widget Tripadvisor per il tuo sito web","og_url":"https:\/\/elfsight.com\/it\/tripadvisor-reviews-widget\/examples\/","og_site_name":"Elfsight IT","article_modified_time":"2021-08-30T12:12:47+00:00","twitter_card":"summary_large_image","twitter_misc":{"Tempo di lettura stimato":"2 minuti"},"schema":{"@context":"https:\/\/schema.org","@graph":[{"@type":"WebPage","@id":"https:\/\/elfsight.com\/it\/tripadvisor-reviews-widget\/examples\/","url":"https:\/\/elfsight.com\/it\/tripadvisor-reviews-widget\/examples\/","name":"I migliori esempi di Recensioni Tripadvisor su un sito web (vetrina)","isPartOf":{"@id":"https:\/\/elfsight.com\/it\/#website"},"datePublished":"2021-03-16T11:26:55+00:00","dateModified":"2021-08-30T12:12:47+00:00","description":"TOP 11 esempi di Tripadvisor Reviews: List, Carousel, Masonry, Slider, Sidebar e altro. Esempio di widget Tripadvisor per il tuo sito web","breadcrumb":{"@id":"https:\/\/elfsight.com\/it\/tripadvisor-reviews-widget\/examples\/#breadcrumb"},"inLanguage":"it-IT","potentialAction":[{"@type":"ReadAction","target":["https:\/\/elfsight.com\/it\/tripadvisor-reviews-widget\/examples\/"]}]},{"@type":"BreadcrumbList","@id":"https:\/\/elfsight.com\/it\/tripadvisor-reviews-widget\/examples\/#breadcrumb","itemListElement":[{"@type":"ListItem","position":1,"name":"Home","item":"https:\/\/elfsight.com\/it\/"},{"@type":"ListItem","position":2,"name":"Tripadvisor Reviews","item":"https:\/\/elfsight.com\/it\/tripadvisor-reviews-widget\/"},{"@type":"ListItem","position":3,"name":"Tripadvisor Reviews &#8211; examples"}]},{"@type":"WebSite","@id":"https:\/\/elfsight.com\/it\/#website","url":"https:\/\/elfsight.com\/it\/","name":"Elfsight IT","description":"Just another Elfsight Sites site","potentialAction":[{"@type":"SearchAction","target":{"@type":"EntryPoint","urlTemplate":"https:\/\/elfsight.com\/it\/?s={search_term_string}"},"query-input":{"@type":"PropertyValueSpecification","valueRequired":true,"valueName":"search_term_string"}}],"inLanguage":"it-IT"}]}},"meta_box":{"industry":"","seo_heading":"","heading":"","description":"","cta_heading":"","cta_description":"","application":"1633","h1":"Esempi di Recensioni Tripadvisor","h1_caption":"Controlla gli esempi di Tripadvisor Reviews per scoprire il pieno potenziale del widget. Assicurati che si adatti ai tuoi obiettivi.","application_category":[],"applications_title":"","applications_request_title":"","applications_request_button_text":"","hero_text":"","hero_video":"","hero_video_schema_markup":"","selling_points_title":"","selling_points_caption":"","selling_points":[],"selling_points_cta_text":"","features_title":"","features":"","ed_cta_examples_text":"","ed_cta_examples_hidden":"","ed_cta_demo_text":"","ed_cta_demo_hidden":"","why_caption":"","why_editor_title":"","why_editor_text":"","why_team_title":"","why_team_text":"","why_service_title":"","why_service_text":"","template_catalog_visible":"","template_catalog_title":"","template_catalog_text":"","template_catalog_categories_visible":"","demo_title":"","demo_caption":"","default_faq_hidden":"","app_template_category":[],"platform":"","template_public_id":"","codecanyon_url":"","codecanyon_item_id":"","codecanyon_price":"","pricing_caption":"","pricing_elfsight_apps_hide_column":"","pricing_elfsight_apps_url":"","pricing_codecanyon_price_caption":"","integration_category":[],"integration_request_title":"","integration_request_cta":"","integration_platform":"","integrations":[],"platform_category":[],"video_schema_markup":"","price":"","trial":"","benefits":[],"button_url":"","button_target_blank":"","button_nofollow":"","attributes":[],"tags":[],"tags_disable_links":"","hide_more_platforms":"","video_object":"","demo_hide_cta":"","demo_hide_cloud_options":"","pricing_title":"","pricing":[],"related_apps_title":"","related_apps_hidden":"","author":"","image":[],"title":"","job":"","social_networks":[]},"_links":{"self":[{"href":"https:\/\/elfsight.com\/it\/wp-json\/wp\/v2\/pages\/1645","targetHints":{"allow":["GET"]}}],"collection":[{"href":"https:\/\/elfsight.com\/it\/wp-json\/wp\/v2\/pages"}],"about":[{"href":"https:\/\/elfsight.com\/it\/wp-json\/wp\/v2\/types\/page"}],"author":[{"embeddable":true,"href":"https:\/\/elfsight.com\/it\/wp-json\/wp\/v2\/users\/9"}],"replies":[{"embeddable":true,"href":"https:\/\/elfsight.com\/it\/wp-json\/wp\/v2\/comments?post=1645"}],"version-history":[{"count":3,"href":"https:\/\/elfsight.com\/it\/wp-json\/wp\/v2\/pages\/1645\/revisions"}],"predecessor-version":[{"id":2398,"href":"https:\/\/elfsight.com\/it\/wp-json\/wp\/v2\/pages\/1645\/revisions\/2398"}],"up":[{"embeddable":true,"href":"https:\/\/elfsight.com\/it\/wp-json\/wp\/v2\/pages\/1634"}],"wp:attachment":[{"href":"https:\/\/elfsight.com\/it\/wp-json\/wp\/v2\/media?parent=1645"}],"curies":[{"name":"wp","href":"https:\/\/api.w.org\/{rel}","templated":true}]}}