{"id":1600,"date":"2021-03-09T18:33:16","date_gmt":"2021-03-09T18:33:16","guid":{"rendered":"https:\/\/elfsight.com\/it\/?page_id=1600"},"modified":"2021-08-31T08:42:41","modified_gmt":"2021-08-31T08:42:41","slug":"examples","status":"publish","type":"page","link":"https:\/\/elfsight.com\/it\/vimeo-video-gallery-widget\/examples\/","title":{"rendered":"Vimeo Gallery &#8211; Examples"},"content":{"rendered":"\n<div class=\"application-examples-item application-examples-item-loading\">\n                            <div class=\"col-row\">\n                                <div class=\"col-6 col-m-8 col-s-12\"><h3 class=\"application-examples-item-title\">Esempio 1: Video Showcase<\/h3><div class=\"application-examples-item-description\">Puoi organizzare i tuoi video in una raccolta sul tuo sito web. Un comodo lettore video ti consente di scoprire immediatamente quale video verr\u00e0 caricato successivamente. Gli utenti possono scorrere con l'aiuto del trascinamento o delle frecce e passare da un video all'altro con un clic.<\/div><\/div>\n                <\/div>\n\n                <div class=\"application-examples-item-iframe-container browser-frame\">\n                    <div class=\"application-examples-item-iframe-wrapper\">\n                        <iframe class=\"application-examples-item-iframe application-examples-item-iframe-fixed-height\" data-src=\"https:\/\/elfsight.com\/examples?widget_id=1526d102-08b5-4c8b-b2ff-22bb2097effe&padding=28px+40px+40px\" width=\"100%\" height=\"850\" allow=\"autoplay; fullscreen\"><\/iframe>\n                    <\/div>\n\n                    <div class=\"application-examples-item-loader\"><\/div>\n                <\/div>\n            <\/div>\n<div class=\"application-examples-item application-examples-item-loading\">\n                            <div class=\"col-row\">\n                                <div class=\"col-6 col-m-8 col-s-12\"><h3 class=\"application-examples-item-title\">Esempio 2: User Widget<\/h3><div class=\"application-examples-item-description\">Puoi promuovere il tuo account Vimeo e attirare nuovi follower, se lo integri in modo intelligente nel tuo sito web. In questo esempio, i video sono presentati in una griglia 2x2 e il widget ha l'intestazione in cui gli utenti possono vedere il nome del canale e iscriversi. Ogni video si apre in popup per un'esperienza coinvolgente.<\/div><\/div>\n                <\/div>\n\n                <div class=\"application-examples-item-iframe-container browser-frame\">\n                    <div class=\"application-examples-item-iframe-wrapper\">\n                        <iframe class=\"application-examples-item-iframe application-examples-item-iframe-fixed-height\" data-src=\"https:\/\/elfsight.com\/examples?widget_id=6489a64f-ce80-41c2-8ed1-906f4739805f&padding=28px+40px+40px\" width=\"100%\" height=\"850\" allow=\"autoplay; fullscreen\"><\/iframe>\n                    <\/div>\n\n                    <div class=\"application-examples-item-loader\"><\/div>\n                <\/div>\n            <\/div>\n<div class=\"application-examples-item application-examples-item-loading\">\n                            <div class=\"col-row\">\n                                <div class=\"col-6 col-m-8 col-s-12\"><h3 class=\"application-examples-item-title\">Esempio 3: Video Carousel<\/h3><div class=\"application-examples-item-description\">Questo \u00e8 un ottimo esempio di integrazione di un widget nell'area dei contenuti di un sito. Questo widget sembra minimalista con tutti gli elementi extra disattivati per non sovraccaricare l'interfaccia del sito. Gli utenti possono guardare i video in popup direttamente sulla pagina.<\/div><\/div>\n                <\/div>\n\n                <div class=\"application-examples-item-iframe-container browser-frame\">\n                    <div class=\"application-examples-item-iframe-wrapper\">\n                        <iframe class=\"application-examples-item-iframe application-examples-item-iframe-fixed-height\" data-src=\"https:\/\/elfsight.com\/examples?widget_id=38ca8a9a-5537-439b-a172-a8c848d04032&padding=28px+40px+40px\" width=\"100%\" height=\"500\" allow=\"autoplay; fullscreen\"><\/iframe>\n                    <\/div>\n\n                    <div class=\"application-examples-item-loader\"><\/div>\n                <\/div>\n            <\/div>\n<div class=\"application-examples-item application-examples-item-loading\">\n                            <div class=\"col-row\">\n                                <div class=\"col-6 col-m-8 col-s-12\"><h3 class=\"application-examples-item-title\">Esempio 4: Video List<\/h3><div class=\"application-examples-item-description\">Questo esempio mostra come puoi mettere la tua raccolta di video in una posizione prominente della pagina web e renderla ordinata e pulita. Il layout Grid consente di organizzare i video uno per uno in un elenco, che gli utenti possono scorrere. Il titolo del widget riflette l'essenza della videoteca.<\/div><\/div>\n                <\/div>\n\n                <div class=\"application-examples-item-iframe-container browser-frame\">\n                    <div class=\"application-examples-item-iframe-wrapper\">\n                        <iframe class=\"application-examples-item-iframe application-examples-item-iframe-fixed-height\" data-src=\"https:\/\/elfsight.com\/examples?widget_id=32d2bff3-07d4-4417-b1d1-4bab7014b50f&padding=28px+40px+40px\" width=\"100%\" height=\"850\" allow=\"autoplay; fullscreen\"><\/iframe>\n                    <\/div>\n\n                    <div class=\"application-examples-item-loader\"><\/div>\n                <\/div>\n            <\/div>\n<div class=\"application-examples-item application-examples-item-loading\">\n                            <div class=\"col-row\">\n                                <div class=\"col-6 col-m-8 col-s-12\"><h3 class=\"application-examples-item-title\">Esempio 5: Playlist Player<\/h3><div class=\"application-examples-item-description\">Se hai bisogno di creare una playlist che mostri una sorta di cronologia, il layout Playlist \u00e8 l'opzione migliore - mostrer\u00e0 l'elenco ordinato dei video numerati e gli utenti possono seguire la sequenza. Aggiungendo l'opzione di riproduzione automatica, hai lo strumento perfetto per dimostrare video istruzioni e tutorial.<\/div><\/div>\n                <\/div>\n\n                <div class=\"application-examples-item-iframe-container browser-frame\">\n                    <div class=\"application-examples-item-iframe-wrapper\">\n                        <iframe class=\"application-examples-item-iframe application-examples-item-iframe-fixed-height\" data-src=\"https:\/\/elfsight.com\/examples?widget_id=70ae497f-b6ad-4c4a-82cc-b70e886f96e0&padding=28px+40px+40px\" width=\"100%\" height=\"600\" allow=\"autoplay; fullscreen\"><\/iframe>\n                    <\/div>\n\n                    <div class=\"application-examples-item-loader\"><\/div>\n                <\/div>\n            <\/div>\n<div class=\"application-examples-item application-examples-item-loading\">\n                            <div class=\"col-row\">\n                                <div class=\"col-6 col-m-8 col-s-12\"><h3 class=\"application-examples-item-title\">Esempio 6: Portfolio<\/h3><div class=\"application-examples-item-description\">Elfsight Vimeo Gallery ti aiuter\u00e0 a mettere in evidenza i tuoi progetti e mostrarli in modo migliore. Utilizzando il layout Grid, puoi riempire l'intera pagina con i video. Puoi anche variare lo spazio tra i video per organizzarli in modo ordinato. Sar\u00e0 un modo perfetto per mettere in evidenza il tuo portfolio nella pagina principale.<\/div><\/div>\n                <\/div>\n\n                <div class=\"application-examples-item-iframe-container browser-frame\">\n                    <div class=\"application-examples-item-iframe-wrapper\">\n                        <iframe class=\"application-examples-item-iframe application-examples-item-iframe-fixed-height\" data-src=\"https:\/\/elfsight.com\/examples?widget_id=f936c50a-875a-450f-810f-7f1bedc2733d&padding=28px+40px+40px\" width=\"100%\" height=\"850\" allow=\"autoplay; fullscreen\"><\/iframe>\n                    <\/div>\n\n                    <div class=\"application-examples-item-loader\"><\/div>\n                <\/div>\n            <\/div>\n<div class=\"application-examples-item application-examples-item-loading\">\n                            <div class=\"col-row\">\n                                <div class=\"col-6 col-m-8 col-s-12\"><h3 class=\"application-examples-item-title\">Esempio 7: Single Video<\/h3><div class=\"application-examples-item-description\">Incorporando un solo video, puoi variare le sue dimensioni e anche la modalit\u00e0 di riproduzione. Qui occupa un posto principale della pagina e include icone di reazione e condivisione. I video vengono riprodotti direttamente nel widget. La barra di avanzamento serve per consentire tutte le solite opzioni di player Vimeo.<\/div><\/div>\n                <\/div>\n\n                <div class=\"application-examples-item-iframe-container browser-frame\">\n                    <div class=\"application-examples-item-iframe-wrapper\">\n                        <iframe class=\"application-examples-item-iframe application-examples-item-iframe-fixed-height\" data-src=\"https:\/\/elfsight.com\/examples?widget_id=4da0efea-82d9-4942-9188-31dcc6a6f4cb&padding=28px+40px+40px\" width=\"100%\" height=\"600\" allow=\"autoplay; fullscreen\"><\/iframe>\n                    <\/div>\n\n                    <div class=\"application-examples-item-loader\"><\/div>\n                <\/div>\n            <\/div>\n<div class=\"application-examples-item application-examples-item-loading\">\n                            <div class=\"col-row\">\n                                <div class=\"col-6 col-m-8 col-s-12\"><h3 class=\"application-examples-item-title\">Esempio 8: Channel Widget<\/h3><div class=\"application-examples-item-description\">Ecco un esempio impressionante di integrazione dell'intero canale Vimeo in una pagina web. La combinazione di colori originale \u00e8 completamente preservata grazie alla possibilit\u00e0 di cambiare i colori degli elementi dell'interfaccia. La modalit\u00e0 Player consente di guardare ogni video direttamente nel widget. Gli utenti possono controllare la descrizione e le statistiche, mettere mi piace e condividere e iscriversi al canale.<\/div><\/div>\n                <\/div>\n\n                <div class=\"application-examples-item-iframe-container browser-frame\">\n                    <div class=\"application-examples-item-iframe-wrapper\">\n                        <iframe class=\"application-examples-item-iframe application-examples-item-iframe-fixed-height\" data-src=\"https:\/\/elfsight.com\/examples?widget_id=4a60b669-6af6-4206-ad55-78926f56b2ce&padding=28px+40px+40px\" width=\"100%\" height=\"1600\" allow=\"autoplay; fullscreen\"><\/iframe>\n                    <\/div>\n\n                    <div class=\"application-examples-item-loader\"><\/div>\n                <\/div>\n            <\/div>\n<div class=\"application-examples-item application-examples-item-loading\">\n                            <div class=\"col-row\">\n                                <div class=\"col-6 col-m-8 col-s-12\"><h3 class=\"application-examples-item-title\">Esempio 9: Video Slideshow<\/h3><div class=\"application-examples-item-description\">Crea una vera e propria presentazione dai tuoi video e presentali sul tuo sito tramite un accattivante slider. Solo i video, nessuna intestazione o informazioni extra: \u00e8 cos\u00ec che focalizzi l'attenzione sul contenuto. Lo scorrimento automatico o le frecce vengono utilizzati per navigare tra i video e vengono riprodotti direttamente sulla pagina con la modalit\u00e0 Inline.<\/div><\/div>\n                <\/div>\n\n                <div class=\"application-examples-item-iframe-container browser-frame\">\n                    <div class=\"application-examples-item-iframe-wrapper\">\n                        <iframe class=\"application-examples-item-iframe application-examples-item-iframe-fixed-height\" data-src=\"https:\/\/elfsight.com\/examples?widget_id=6f2c1216-b59d-4640-9a64-cb227880a6a5&padding=28px+40px+40px\" width=\"100%\" height=\"700\" allow=\"autoplay; fullscreen\"><\/iframe>\n                    <\/div>\n\n                    <div class=\"application-examples-item-loader\"><\/div>\n                <\/div>\n            <\/div>\n","protected":false},"excerpt":{"rendered":"","protected":false},"author":9,"featured_media":0,"parent":1591,"menu_order":0,"comment_status":"closed","ping_status":"closed","template":"templates\/template-application-examples.php","meta":{"publish_to_discourse":"","publish_post_category":"","wpdc_auto_publish_overridden":"","wpdc_topic_tags":"","wpdc_pin_topic":"","wpdc_pin_until":"","discourse_post_id":"","discourse_permalink":"","wpdc_publishing_response":"","wpdc_publishing_error":"","footnotes":""},"class_list":["post-1600","page","type-page","status-publish","hentry"],"yoast_head":"<!-- This site is optimized with the Yoast SEO plugin v25.3.1 - https:\/\/yoast.com\/wordpress\/plugins\/seo\/ -->\n<title>I migliori esempi di Vimeo Video sul sito web (Vetrina)<\/title>\n<meta name=\"description\" content=\"TOP 9 esempi di Vimeo Video Gallery per siti web: Carousel, Playlist, Slideshow, Single Video ecc. Esempi di Widget Vimeo per il tuo sito web.\" \/>\n<meta name=\"robots\" content=\"index, follow, max-snippet:-1, max-image-preview:large, max-video-preview:-1\" \/>\n<link rel=\"canonical\" href=\"https:\/\/elfsight.com\/it\/vimeo-video-gallery-widget\/examples\/\" \/>\n<meta property=\"og:locale\" content=\"it_IT\" \/>\n<meta property=\"og:type\" content=\"article\" \/>\n<meta property=\"og:title\" content=\"I migliori esempi di Vimeo Video sul sito web (Vetrina)\" \/>\n<meta property=\"og:description\" content=\"TOP 9 esempi di Vimeo Video Gallery per siti web: Carousel, Playlist, Slideshow, Single Video ecc. Esempi di Widget Vimeo per il tuo sito web.\" \/>\n<meta property=\"og:url\" content=\"https:\/\/elfsight.com\/it\/vimeo-video-gallery-widget\/examples\/\" \/>\n<meta property=\"og:site_name\" content=\"Elfsight IT\" \/>\n<meta property=\"article:modified_time\" content=\"2021-08-31T08:42:41+00:00\" \/>\n<meta name=\"twitter:card\" content=\"summary_large_image\" \/>\n<meta name=\"twitter:label1\" content=\"Tempo di lettura stimato\" \/>\n\t<meta name=\"twitter:data1\" content=\"3 minuti\" \/>\n<!-- \/ Yoast SEO plugin. -->","yoast_head_json":{"title":"I migliori esempi di Vimeo Video sul sito web (Vetrina)","description":"TOP 9 esempi di Vimeo Video Gallery per siti web: Carousel, Playlist, Slideshow, Single Video ecc. Esempi di Widget Vimeo per il tuo sito web.","robots":{"index":"index","follow":"follow","max-snippet":"max-snippet:-1","max-image-preview":"max-image-preview:large","max-video-preview":"max-video-preview:-1"},"canonical":"https:\/\/elfsight.com\/it\/vimeo-video-gallery-widget\/examples\/","og_locale":"it_IT","og_type":"article","og_title":"I migliori esempi di Vimeo Video sul sito web (Vetrina)","og_description":"TOP 9 esempi di Vimeo Video Gallery per siti web: Carousel, Playlist, Slideshow, Single Video ecc. Esempi di Widget Vimeo per il tuo sito web.","og_url":"https:\/\/elfsight.com\/it\/vimeo-video-gallery-widget\/examples\/","og_site_name":"Elfsight IT","article_modified_time":"2021-08-31T08:42:41+00:00","twitter_card":"summary_large_image","twitter_misc":{"Tempo di lettura stimato":"3 minuti"},"schema":{"@context":"https:\/\/schema.org","@graph":[{"@type":"WebPage","@id":"https:\/\/elfsight.com\/it\/vimeo-video-gallery-widget\/examples\/","url":"https:\/\/elfsight.com\/it\/vimeo-video-gallery-widget\/examples\/","name":"I migliori esempi di Vimeo Video sul sito web (Vetrina)","isPartOf":{"@id":"https:\/\/elfsight.com\/it\/#website"},"datePublished":"2021-03-09T18:33:16+00:00","dateModified":"2021-08-31T08:42:41+00:00","description":"TOP 9 esempi di Vimeo Video Gallery per siti web: Carousel, Playlist, Slideshow, Single Video ecc. Esempi di Widget Vimeo per il tuo sito web.","breadcrumb":{"@id":"https:\/\/elfsight.com\/it\/vimeo-video-gallery-widget\/examples\/#breadcrumb"},"inLanguage":"it-IT","potentialAction":[{"@type":"ReadAction","target":["https:\/\/elfsight.com\/it\/vimeo-video-gallery-widget\/examples\/"]}]},{"@type":"BreadcrumbList","@id":"https:\/\/elfsight.com\/it\/vimeo-video-gallery-widget\/examples\/#breadcrumb","itemListElement":[{"@type":"ListItem","position":1,"name":"Home","item":"https:\/\/elfsight.com\/it\/"},{"@type":"ListItem","position":2,"name":"Vimeo Gallery","item":"https:\/\/elfsight.com\/it\/vimeo-video-gallery-widget\/"},{"@type":"ListItem","position":3,"name":"Vimeo Gallery &#8211; Examples"}]},{"@type":"WebSite","@id":"https:\/\/elfsight.com\/it\/#website","url":"https:\/\/elfsight.com\/it\/","name":"Elfsight IT","description":"Just another Elfsight Sites site","potentialAction":[{"@type":"SearchAction","target":{"@type":"EntryPoint","urlTemplate":"https:\/\/elfsight.com\/it\/?s={search_term_string}"},"query-input":{"@type":"PropertyValueSpecification","valueRequired":true,"valueName":"search_term_string"}}],"inLanguage":"it-IT"}]}},"meta_box":{"industry":"","seo_heading":"","heading":"","description":"","cta_heading":"","cta_description":"","application":"1590","h1":"Esempi di Vimeo Gallery","h1_caption":"Controlla gli esempi di Vimeo Gallery per scoprire il pieno potenziale del widget. Assicurati che si adatti ai tuoi obiettivi.","application_category":[],"applications_title":"","applications_request_title":"","applications_request_button_text":"","hero_text":"","hero_video":"","hero_video_schema_markup":"","selling_points_title":"","selling_points_caption":"","selling_points":[],"selling_points_cta_text":"","features_title":"","features":"","ed_cta_examples_text":"","ed_cta_examples_hidden":"","ed_cta_demo_text":"","ed_cta_demo_hidden":"","why_caption":"","why_editor_title":"","why_editor_text":"","why_team_title":"","why_team_text":"","why_service_title":"","why_service_text":"","template_catalog_visible":"","template_catalog_title":"","template_catalog_text":"","template_catalog_categories_visible":"","demo_title":"","demo_caption":"","default_faq_hidden":"","app_template_category":[],"platform":"","template_public_id":"","codecanyon_url":"","codecanyon_item_id":"","codecanyon_price":"","pricing_caption":"","pricing_elfsight_apps_hide_column":"","pricing_elfsight_apps_url":"","pricing_codecanyon_price_caption":"","integration_category":[],"integration_request_title":"","integration_request_cta":"","integration_platform":"","integrations":[],"platform_category":[],"video_schema_markup":"","price":"","trial":"","benefits":[],"button_url":"","button_target_blank":"","button_nofollow":"","attributes":[],"tags":[],"tags_disable_links":"","hide_more_platforms":"","video_object":"","demo_hide_cta":"","demo_hide_cloud_options":"","pricing_title":"","pricing":[],"related_apps_title":"","related_apps_hidden":"","author":"","image":[],"title":"","job":"","social_networks":[]},"_links":{"self":[{"href":"https:\/\/elfsight.com\/it\/wp-json\/wp\/v2\/pages\/1600","targetHints":{"allow":["GET"]}}],"collection":[{"href":"https:\/\/elfsight.com\/it\/wp-json\/wp\/v2\/pages"}],"about":[{"href":"https:\/\/elfsight.com\/it\/wp-json\/wp\/v2\/types\/page"}],"author":[{"embeddable":true,"href":"https:\/\/elfsight.com\/it\/wp-json\/wp\/v2\/users\/9"}],"replies":[{"embeddable":true,"href":"https:\/\/elfsight.com\/it\/wp-json\/wp\/v2\/comments?post=1600"}],"version-history":[{"count":1,"href":"https:\/\/elfsight.com\/it\/wp-json\/wp\/v2\/pages\/1600\/revisions"}],"predecessor-version":[{"id":1601,"href":"https:\/\/elfsight.com\/it\/wp-json\/wp\/v2\/pages\/1600\/revisions\/1601"}],"up":[{"embeddable":true,"href":"https:\/\/elfsight.com\/it\/wp-json\/wp\/v2\/pages\/1591"}],"wp:attachment":[{"href":"https:\/\/elfsight.com\/it\/wp-json\/wp\/v2\/media?parent=1600"}],"curies":[{"name":"wp","href":"https:\/\/api.w.org\/{rel}","templated":true}]}}