{"id":1598,"date":"2021-03-09T18:31:25","date_gmt":"2021-03-09T18:31:25","guid":{"rendered":"https:\/\/elfsight.com\/it\/?page_id=1598"},"modified":"2021-08-31T08:34:51","modified_gmt":"2021-08-31T08:34:51","slug":"features","status":"publish","type":"page","link":"https:\/\/elfsight.com\/it\/vimeo-video-gallery-widget\/features\/","title":{"rendered":"Vimeo Gallery &#8211; Features"},"content":{"rendered":"\n<section class=\"application-features-group section\" id=\"VIDEO GALLERY\">\n                    <div class=\"inner\">\n                        <div class=\"col-row\">\n                            <div class=\"col-6 col-offset-3 col-m-12 col-m-offset-0\">\n<h3>Scegli i video migliori per il tuo sito<\/h3>\n<p>Scegli il contenuto della tua galleria con la massima attenzione. Con il widget Elfsight Vimeo, puoi aggiungere video selezionati tramite URL e nome utente per creare una raccolta unica dei video pi\u00f9 belli. Scegli solo ci\u00f2 che \u00e8 pertinente e ci\u00f2 che coinvolger\u00e0 gli utenti.<\/p>\n<h3>Popup per aumentare l&#8217;engagement<\/h3>\n<p>Il popup non \u00e8 solo un modo per guardare i video, \u00e8 una chiave per il coinvolgimento. Puoi impostare sette elementi popup: titolo del video, data, statistiche, descrizione e altro e scegliere la larghezza del popup. Gli utenti possono vedere i commenti e lasciare anche i propri. Il pulsante di condivisione aiuter\u00e0 le persone a condividere il video che preferiscono con un clic.<\/p>\n<h3>Layout Slider e Grid per creare una vera galleria<\/h3>\n<p>Il nostro widget offre layout per vari casi d&#8217;uso. In Slider, i tuoi video appariranno come una vera galleria, con trascinamento e frecce per navigare. E in Grid, puoi impostare qualsiasi quantit\u00e0 di colonne e righe con video. Il pulsante di impaginazione o \u201cCarica altro\u201d assicura una navigazione fluida.<\/p>\n<\/div>\n                        <\/div>\n                    <\/div>\n\n                    <div class=\"application-features-group-title\">VIDEO GALLERY<\/div>\n                <\/section>\n<section class=\"application-features-group section\" id=\"PLAYLIST\">\n                    <div class=\"inner\">\n                        <div class=\"col-row\">\n                            <div class=\"col-6 col-offset-3 col-m-12 col-m-offset-0\">\n<h3>Crea la tua playlist con un clic<\/h3>\n<p>Seleziona semplicemente il layout Playlist e tutti i tuoi video verranno organizzati in un unico elenco. \u00c8 disponibile un&#8217;opzione per mostrare la numerazione in modo che gli utenti possano guardare i video nell&#8217;ordine corretto. Questa \u00e8 un&#8217;ottima opzione per i corsi di formazione in modo che il tuo pubblico non perda una singola lezione.<\/p>\n<h3>Guarda non -stop per il massimo coinvolgimento<\/h3>\n<p>Per ottenere una visione continua e senza interruzioni e aumentare il tempo che gli utenti trascorrono sul tuo sito, puoi impostare i video in modo che vengano riprodotti automaticamente uno dopo l&#8217;altro. Questa opzione mostrer\u00e0 un nuovo video subito dopo la fine del precedente. La funzione di riproduzione automatica aiuter\u00e0 anche ad attirare e mantenere l&#8217;attenzione degli utenti.<\/p>\n<h3>Tutto inizia con il nome giusto<\/h3>\n<p>Unisci tutti i tuoi video sotto un nome accattivante. Elfsight Vimeo Gallery ha un&#8217;opzione per aggiungere il titolo del widget, dove puoi inserire il nome della tua playlist o galleria, o fornire una breve descrizione della playlist &#8211; inserisci semplicemente il tuo testo nel campo speciale.<\/p>\n<\/div>\n                        <\/div>\n                    <\/div>\n\n                    <div class=\"application-features-group-title\">PLAYLIST<\/div>\n                <\/section>\n<section class=\"application-features-group section\" id=\"ACCOUNT\">\n                    <div class=\"inner\">\n                        <div class=\"col-row\">\n                            <div class=\"col-6 col-offset-3 col-m-12 col-m-offset-0\">\n<h3>Pubblico pi\u00f9 ampio per il tuo canale Vimeo<\/h3>\n<p>Elfsight Vimeo Gallery \u00e8 un&#8217;opportunit\u00e0 per promuovere il tuo canale Vimeo e renderlo pi\u00f9 popolare. Se gestisci un canale, mostralo sul tuo sito tramite il widget, i visitatori del sito saranno il nuovo pubblico per i tuoi video senza ulteriori sforzi.<\/p>\n<h3>Attira nuovi follower con facilit\u00e0<\/h3>\n\n<p>L&#8217;intestazione del widget ti aiuter\u00e0 a promuovere il tuo canale tra i visitatori del sito web. Non mostra solo il nome del canale, ma anche la descrizione, l&#8217;immagine dell&#8217;utente e le statistiche. Il pulsante Segui aiuter\u00e0 i tuoi visitatori a diventare i tuoi follower con un clic. L&#8217;intestazione \u00e8 totalmente flessibile e puoi disattivarla.<\/p>\n<\/div>\n                        <\/div>\n                    <\/div>\n\n                    <div class=\"application-features-group-title\">ACCOUNT<\/div>\n                <\/section>\n<section class=\"application-features-group section\" id=\"DESIGN\">\n                    <div class=\"inner\">\n                        <div class=\"col-row\">\n                            <div class=\"col-6 col-offset-3 col-m-12 col-m-offset-0\">\n<h3>Varia gli elementi del video<\/h3>\n<p>Ogni video ha un titolo, una descrizione, un&#8217;indicazione della durata e l&#8217;icona Vimeo. Tutti questi elementi sono intercambiabili e puoi scegliere quale vuoi mostrare, rendendo cos\u00ec il widget pi\u00f9 informativo o minimalista.<\/p>\n<h3>Trova la migliore combinazione di colori<\/h3>\n<p>Con Elfsight Vimeo Gallery, puoi fare in modo che il tuo widget corrisponda alla soluzione di colore del sito. Le impostazioni includono un&#8217;opzione per colorare lo sfondo e il testo del widget e scegliere il colore del tema, che include l&#8217;icona Vimeo sul video e il pulsante Segui.<\/p>\n<h3>Larghezza e impostazioni flessibili<\/h3>\n<p>Per adattare il widget alla tua pagina, qualunque sia lo spazio libero, Elfsight Vimeo Gallery ha una larghezza flessibile. Puoi usare pixel o percentuale per impostarlo o inserire Auto, per lasciare che riempia tutto lo spazio disponibile della pagina. Il widget \u00e8 completamente responsive, quindi puoi anche scegliere i parametri della griglia per i cellulari.<\/p>\n<\/div>\n                        <\/div>\n                    <\/div>\n\n                    <div class=\"application-features-group-title\">DESIGN<\/div>\n                <\/section>\n","protected":false},"excerpt":{"rendered":"","protected":false},"author":9,"featured_media":0,"parent":1591,"menu_order":0,"comment_status":"closed","ping_status":"closed","template":"templates\/template-application-features.php","meta":{"publish_to_discourse":"","publish_post_category":"","wpdc_auto_publish_overridden":"","wpdc_topic_tags":"","wpdc_pin_topic":"","wpdc_pin_until":"","discourse_post_id":"","discourse_permalink":"","wpdc_publishing_response":"","wpdc_publishing_error":"","footnotes":""},"class_list":["post-1598","page","type-page","status-publish","hentry"],"yoast_head":"<!-- This site is optimized with the Yoast SEO plugin v25.3.1 - https:\/\/yoast.com\/wordpress\/plugins\/seo\/ -->\n<title>Vimeo Video Gallery Responsive \u2014 Funzionalit\u00e0 (25 impostazioni)<\/title>\n<meta name=\"description\" content=\"Prova le funzionalit\u00e0 di Vimeo Video Gallery in una demo live. Impostazioni personalizzate e un layout responsive per qualsiasi dispositivo.\" \/>\n<meta name=\"robots\" content=\"index, follow, max-snippet:-1, max-image-preview:large, max-video-preview:-1\" \/>\n<link rel=\"canonical\" href=\"https:\/\/elfsight.com\/it\/vimeo-video-gallery-widget\/features\/\" \/>\n<meta property=\"og:locale\" content=\"it_IT\" \/>\n<meta property=\"og:type\" content=\"article\" \/>\n<meta property=\"og:title\" content=\"Vimeo Video Gallery Responsive \u2014 Funzionalit\u00e0 (25 impostazioni)\" \/>\n<meta property=\"og:description\" content=\"Prova le funzionalit\u00e0 di Vimeo Video Gallery in una demo live. Impostazioni personalizzate e un layout responsive per qualsiasi dispositivo.\" \/>\n<meta property=\"og:url\" content=\"https:\/\/elfsight.com\/it\/vimeo-video-gallery-widget\/features\/\" \/>\n<meta property=\"og:site_name\" content=\"Elfsight IT\" \/>\n<meta property=\"article:modified_time\" content=\"2021-08-31T08:34:51+00:00\" \/>\n<meta name=\"twitter:card\" content=\"summary_large_image\" \/>\n<meta name=\"twitter:label1\" content=\"Tempo di lettura stimato\" \/>\n\t<meta name=\"twitter:data1\" content=\"3 minuti\" \/>\n<!-- \/ Yoast SEO plugin. -->","yoast_head_json":{"title":"Vimeo Video Gallery Responsive \u2014 Funzionalit\u00e0 (25 impostazioni)","description":"Prova le funzionalit\u00e0 di Vimeo Video Gallery in una demo live. Impostazioni personalizzate e un layout responsive per qualsiasi dispositivo.","robots":{"index":"index","follow":"follow","max-snippet":"max-snippet:-1","max-image-preview":"max-image-preview:large","max-video-preview":"max-video-preview:-1"},"canonical":"https:\/\/elfsight.com\/it\/vimeo-video-gallery-widget\/features\/","og_locale":"it_IT","og_type":"article","og_title":"Vimeo Video Gallery Responsive \u2014 Funzionalit\u00e0 (25 impostazioni)","og_description":"Prova le funzionalit\u00e0 di Vimeo Video Gallery in una demo live. Impostazioni personalizzate e un layout responsive per qualsiasi dispositivo.","og_url":"https:\/\/elfsight.com\/it\/vimeo-video-gallery-widget\/features\/","og_site_name":"Elfsight IT","article_modified_time":"2021-08-31T08:34:51+00:00","twitter_card":"summary_large_image","twitter_misc":{"Tempo di lettura stimato":"3 minuti"},"schema":{"@context":"https:\/\/schema.org","@graph":[{"@type":"WebPage","@id":"https:\/\/elfsight.com\/it\/vimeo-video-gallery-widget\/features\/","url":"https:\/\/elfsight.com\/it\/vimeo-video-gallery-widget\/features\/","name":"Vimeo Video Gallery Responsive \u2014 Funzionalit\u00e0 (25 impostazioni)","isPartOf":{"@id":"https:\/\/elfsight.com\/it\/#website"},"datePublished":"2021-03-09T18:31:25+00:00","dateModified":"2021-08-31T08:34:51+00:00","description":"Prova le funzionalit\u00e0 di Vimeo Video Gallery in una demo live. Impostazioni personalizzate e un layout responsive per qualsiasi dispositivo.","breadcrumb":{"@id":"https:\/\/elfsight.com\/it\/vimeo-video-gallery-widget\/features\/#breadcrumb"},"inLanguage":"it-IT","potentialAction":[{"@type":"ReadAction","target":["https:\/\/elfsight.com\/it\/vimeo-video-gallery-widget\/features\/"]}]},{"@type":"BreadcrumbList","@id":"https:\/\/elfsight.com\/it\/vimeo-video-gallery-widget\/features\/#breadcrumb","itemListElement":[{"@type":"ListItem","position":1,"name":"Home","item":"https:\/\/elfsight.com\/it\/"},{"@type":"ListItem","position":2,"name":"Vimeo Gallery","item":"https:\/\/elfsight.com\/it\/vimeo-video-gallery-widget\/"},{"@type":"ListItem","position":3,"name":"Vimeo Gallery &#8211; Features"}]},{"@type":"WebSite","@id":"https:\/\/elfsight.com\/it\/#website","url":"https:\/\/elfsight.com\/it\/","name":"Elfsight IT","description":"Just another Elfsight Sites site","potentialAction":[{"@type":"SearchAction","target":{"@type":"EntryPoint","urlTemplate":"https:\/\/elfsight.com\/it\/?s={search_term_string}"},"query-input":{"@type":"PropertyValueSpecification","valueRequired":true,"valueName":"search_term_string"}}],"inLanguage":"it-IT"}]}},"meta_box":{"industry":"","seo_heading":"","heading":"","description":"","cta_heading":"","cta_description":"","application":"1590","h1":"Funzionalit\u00e0 di Vimeo Gallery","h1_caption":"Esplora tutte le funzionalit\u00e0 di Elfsight Vimeo Channel Gallery e come possono aiutarti a creare il widget pi\u00f9 efficace.","application_category":[],"applications_title":"","applications_request_title":"","applications_request_button_text":"","hero_text":"","hero_video":"","hero_video_schema_markup":"","selling_points_title":"","selling_points_caption":"","selling_points":[],"selling_points_cta_text":"","features_title":"","features":"","ed_cta_examples_text":"","ed_cta_examples_hidden":"","ed_cta_demo_text":"","ed_cta_demo_hidden":"","why_caption":"","why_editor_title":"","why_editor_text":"","why_team_title":"","why_team_text":"","why_service_title":"","why_service_text":"","template_catalog_visible":"","template_catalog_title":"","template_catalog_text":"","template_catalog_categories_visible":"","demo_title":"","demo_caption":"","default_faq_hidden":"","app_template_category":[],"platform":"","template_public_id":"","codecanyon_url":"","codecanyon_item_id":"","codecanyon_price":"","pricing_caption":"","pricing_elfsight_apps_hide_column":"","pricing_elfsight_apps_url":"","pricing_codecanyon_price_caption":"","integration_category":[],"integration_request_title":"","integration_request_cta":"","integration_platform":"","integrations":[],"platform_category":[],"video_schema_markup":"","price":"","trial":"","benefits":[],"button_url":"","button_target_blank":"","button_nofollow":"","attributes":[],"tags":[],"tags_disable_links":"","hide_more_platforms":"","video_object":"","demo_hide_cta":"","demo_hide_cloud_options":"","pricing_title":"","pricing":[],"related_apps_title":"","related_apps_hidden":"","author":"","image":[],"title":"","job":"","social_networks":[]},"_links":{"self":[{"href":"https:\/\/elfsight.com\/it\/wp-json\/wp\/v2\/pages\/1598","targetHints":{"allow":["GET"]}}],"collection":[{"href":"https:\/\/elfsight.com\/it\/wp-json\/wp\/v2\/pages"}],"about":[{"href":"https:\/\/elfsight.com\/it\/wp-json\/wp\/v2\/types\/page"}],"author":[{"embeddable":true,"href":"https:\/\/elfsight.com\/it\/wp-json\/wp\/v2\/users\/9"}],"replies":[{"embeddable":true,"href":"https:\/\/elfsight.com\/it\/wp-json\/wp\/v2\/comments?post=1598"}],"version-history":[{"count":1,"href":"https:\/\/elfsight.com\/it\/wp-json\/wp\/v2\/pages\/1598\/revisions"}],"predecessor-version":[{"id":1599,"href":"https:\/\/elfsight.com\/it\/wp-json\/wp\/v2\/pages\/1598\/revisions\/1599"}],"up":[{"embeddable":true,"href":"https:\/\/elfsight.com\/it\/wp-json\/wp\/v2\/pages\/1591"}],"wp:attachment":[{"href":"https:\/\/elfsight.com\/it\/wp-json\/wp\/v2\/media?parent=1598"}],"curies":[{"name":"wp","href":"https:\/\/api.w.org\/{rel}","templated":true}]}}