{"id":1557,"date":"2021-02-25T09:56:22","date_gmt":"2021-02-25T09:56:22","guid":{"rendered":"https:\/\/elfsight.com\/it\/?page_id=1557"},"modified":"2024-07-17T12:57:15","modified_gmt":"2024-07-17T12:57:15","slug":"examples","status":"publish","type":"page","link":"https:\/\/elfsight.com\/it\/event-calendar-widget\/examples\/","title":{"rendered":"Event Calendar &#8211; Examples"},"content":{"rendered":"\n<div class=\"application-examples-item application-examples-item-loading\">\n                            <div class=\"col-row\">\n                                <div class=\"col-6 col-m-8 col-s-12\"><h3 class=\"application-examples-item-title\">Esempio 1. Team Games Schedule<\/h3><div class=\"application-examples-item-description\">Mostra i tuoi prossimi eventi nel modo pi\u00f9 efficace. Un elenco di eventi qui viene utilizzato per dimostrare tutti i dettagli importanti senza rendere il calendario troppo noioso. Le partite in casa e in trasferta hanno un colore di sfondo diverso per consentire agli utenti di trovare pi\u00f9 facilmente ci\u00f2 che stanno cercando. E il pulsante CTA offre l'acquisto dei biglietti, il che \u00e8 molto comodo per gli utenti in quanto non devono lasciare il sito web per trovarli da soli.<\/div><\/div>\n                <\/div>\n\n                <div class=\"application-examples-item-iframe-container browser-frame\">\n                    <div class=\"application-examples-item-iframe-wrapper\">\n                        <iframe class=\"application-examples-item-iframe\" data-src=\"https:\/\/elfsight.com\/examples?widget_id=43f2336e-48d2-4c7c-b17f-003f045e20ce\" width=\"100%\" allow=\"autoplay; fullscreen\"><\/iframe>\n                    <\/div>\n\n                    <div class=\"application-examples-item-loader\"><\/div>\n                <\/div>\n            <\/div>\n<div class=\"application-examples-item application-examples-item-loading\">\n                            <div class=\"col-row\">\n                                <div class=\"col-6 col-m-8 col-s-12\"><h3 class=\"application-examples-item-title\">Esempio 2. Prossimi eventi<\/h3><div class=\"application-examples-item-description\">Questo calendario \u00e8 creato in uno stile minimalista e mostra solo le date ei nomi dei prossimi eventi. Tutte le informazioni aggiuntive sono nascoste in una finestra pop-up che si apre facendo clic sull'evento. \u00c8 una buona scelta per coloro che non hanno abbastanza spazio libero sulla pagina.<\/div><\/div>\n                <\/div>\n\n                <div class=\"application-examples-item-iframe-container browser-frame\">\n                    <div class=\"application-examples-item-iframe-wrapper\">\n                        <iframe class=\"application-examples-item-iframe\" data-src=\"https:\/\/elfsight.com\/examples?widget_id=da4fbdc1-5e26-4388-93e5-f00e6c75567d\" width=\"100%\" allow=\"autoplay; fullscreen\"><\/iframe>\n                    <\/div>\n\n                    <div class=\"application-examples-item-loader\"><\/div>\n                <\/div>\n            <\/div>\n<div class=\"application-examples-item application-examples-item-loading\">\n                            <div class=\"col-row\">\n                                <div class=\"col-6 col-m-8 col-s-12\"><h3 class=\"application-examples-item-title\">Esempio 3. Prossimi webinar<\/h3><div class=\"application-examples-item-description\">Gli eventi qui formano una griglia che sembra liscia e pu\u00f2 essere perfettamente integrata in una zona di contenuto. Ogni evento include un pulsante attivo che offre la registrazione, la data, il nome dello speaker e la durata dell'evento. Le schede degli eventi contengono tutte le informazioni necessarie in modo che gli utenti possano decidere rapidamente se partecipare a uno di essi.<\/div><\/div>\n                <\/div>\n\n                <div class=\"application-examples-item-iframe-container browser-frame\">\n                    <div class=\"application-examples-item-iframe-wrapper\">\n                        <iframe class=\"application-examples-item-iframe\" data-src=\"https:\/\/elfsight.com\/examples?widget_id=19443857-bcd1-4d27-8bfa-efe39acf826d\" width=\"100%\" allow=\"autoplay; fullscreen\"><\/iframe>\n                    <\/div>\n\n                    <div class=\"application-examples-item-loader\"><\/div>\n                <\/div>\n            <\/div>\n<div class=\"application-examples-item application-examples-item-loading\">\n                            <div class=\"col-row\">\n                                <div class=\"col-6 col-m-8 col-s-12\"><h3 class=\"application-examples-item-title\">Esempio 4. Eventi universitari<\/h3><div class=\"application-examples-item-description\">Vuoi promuovere le attivit\u00e0 del campus universitario? Un elenco informativo di eventi \u00e8 la soluzione migliore. Questo calendario \u00e8 presentato in bianco e nero e l'assenza di immagini consente agli utenti di concentrarsi sui nomi dei prossimi eventi.<\/div><\/div>\n                <\/div>\n\n                <div class=\"application-examples-item-iframe-container browser-frame\">\n                    <div class=\"application-examples-item-iframe-wrapper\">\n                        <iframe class=\"application-examples-item-iframe\" data-src=\"https:\/\/elfsight.com\/examples?widget_id=da5222c1-bfaa-4058-b8cb-7f8a545aad26\" width=\"100%\" allow=\"autoplay; fullscreen\"><\/iframe>\n                    <\/div>\n\n                    <div class=\"application-examples-item-loader\"><\/div>\n                <\/div>\n            <\/div>\n<div class=\"application-examples-item application-examples-item-loading\">\n                            <div class=\"col-row\">\n                                <div class=\"col-6 col-m-8 col-s-12\"><h3 class=\"application-examples-item-title\">Esempio 5. Prossimi corsi<\/h3><div class=\"application-examples-item-description\">Nonostante il suo design minimalista, questo calendario contiene tutte le informazioni necessarie sui prossimi eventi. Gli utenti possono ordinare gli eventi per tipo scegliendo quelli di cui hanno bisogno. I pulsanti CTA sono colorati in nero per creare il contrasto con lo sfondo bianco e la didascalia mostra il prezzo e rende pi\u00f9 facile la decisione di acquisto per gli utenti.<\/div><\/div>\n                <\/div>\n\n                <div class=\"application-examples-item-iframe-container browser-frame\">\n                    <div class=\"application-examples-item-iframe-wrapper\">\n                        <iframe class=\"application-examples-item-iframe\" data-src=\"https:\/\/elfsight.com\/examples?widget_id=264e97b0-6d51-4c4c-9bb0-c4a1d0a0abeb\" width=\"100%\" allow=\"autoplay; fullscreen\"><\/iframe>\n                    <\/div>\n\n                    <div class=\"application-examples-item-loader\"><\/div>\n                <\/div>\n            <\/div>\n<div class=\"application-examples-item application-examples-item-loading\">\n                            <div class=\"col-row\">\n                                <div class=\"col-6 col-m-8 col-s-12\"><\/div>\n                <\/div>\n\n                <div class=\"application-examples-item-iframe-container browser-frame\">\n                    <div class=\"application-examples-item-iframe-wrapper\">\n                        <iframe class=\"application-examples-item-iframe\" data-src=\"https:\/\/elfsight.com\/examples?widget_id=aa869490-314c-4713-b58e-0e6b8277bd95\" width=\"100%\" allow=\"autoplay; fullscreen\"><\/iframe>\n                    <\/div>\n\n                    <div class=\"application-examples-item-loader\"><\/div>\n                <\/div>\n            <\/div>\n<div class=\"application-cta-create\">\n                    <div class=\"application-cta-create-bg\">\n                        <div class=\"application-cta-create-bg-left\"><\/div>\n\n                        <div class=\"application-cta-create-bg-right\">\n                            <img decoding=\"async\" src=\"https:\/\/elfsight.com\/it\/wp-content\/themes\/elfsight\/frontend\/assets\/img\/application-cta-create.jpg\" alt=\"Inizia a creare il tuo widget\">\n                        <\/div>\n                    <\/div>\n\n                    <div class=\"application-cta-create-content inner\">\n                        <div class=\"application-cta-create-content-inner\">\n                            <div class=\"application-cta-create-content-icon\">\n                                <svg viewBox=\"0 0 25 25\" width=\"100%\" height=\"100%\">\n                                    <use xlink:href=\"#icon-settings\"><\/use>\n                                <\/svg>\n                            <\/div>\n\n                            <div class=\"application-cta-create-content-title\">Inizia a creare il tuo widget<\/div>\n\n                            <div class=\"application-cta-create-content-text\">Veloce. Facile. Senza codifica.<\/div>\n\n                            <a class=\"application-cta-create-content-button button-48 button-has-right-icon button-black button\" href=\"\">\n                                <span class=\"button-label\">Crea widget<\/span>\n\n                                <svg class=\"button-icon\">\n                                    <use xlink:href=\"#icon-arrow-link\"><\/use>\n                                <\/svg>\n                            <\/a>\n                        <\/div>\n                    <\/div>\n                <\/div>\n<div class=\"application-examples-item application-examples-item-loading\">\n                            <div class=\"col-row\">\n                                <div class=\"col-6 col-m-8 col-s-12\"><h3 class=\"application-examples-item-title\">Esempio 7. Museo<\/h3><div class=\"application-examples-item-description\">Crea un fantastico calendario che si adatti perfettamente al design del tuo sito web e attiri l'attenzione degli utenti senza alcuno sforzo. Utilizzando il layout Grid, puoi mostrare facilmente tutti gli eventi raccolti in un unico posto. Per una maggiore comodit\u00e0 degli utenti, puoi assegnare un colore a ciascuna categoria di eventi. Il blocco di colore occupa la parte pi\u00f9 grande della carta evento e attira l'attenzione.<\/div><\/div>\n                <\/div>\n\n                <div class=\"application-examples-item-iframe-container browser-frame\">\n                    <div class=\"application-examples-item-iframe-wrapper\">\n                        <iframe class=\"application-examples-item-iframe\" data-src=\"https:\/\/elfsight.com\/examples?widget_id=3febd190-ad8a-4211-8373-ab57df1cc6da\" width=\"100%\" allow=\"autoplay; fullscreen\"><\/iframe>\n                    <\/div>\n\n                    <div class=\"application-examples-item-loader\"><\/div>\n                <\/div>\n            <\/div>\n<div class=\"application-examples-item application-examples-item-loading\">\n                            <div class=\"col-row\">\n                                <div class=\"col-6 col-m-8 col-s-12\"><h3 class=\"application-examples-item-title\">Esempio 8. Programma degli spettacoli e dell'intrattenimento dell'hotel<\/h3><div class=\"application-examples-item-description\">Il layout Masonry \u00e8 una scelta perfetta per la dimostrazione di eventi di intrattenimento. Concentrarsi su date dipinte in giallo e nero e un'immagine luminosa non permetter\u00e0 agli utenti di perdere l'evento. Tutti gli eventi vengono posti in posizione ottimale a seconda dello spazio verticale disponibile. Questa disposizione dei blocchi sembra unica e attira l'attenzione.<\/div><\/div>\n                <\/div>\n\n                <div class=\"application-examples-item-iframe-container browser-frame\">\n                    <div class=\"application-examples-item-iframe-wrapper\">\n                        <iframe class=\"application-examples-item-iframe\" data-src=\"https:\/\/elfsight.com\/examples?widget_id=b2c7c63b-cb9f-4db8-a985-927f3556e501\" width=\"100%\" allow=\"autoplay; fullscreen\"><\/iframe>\n                    <\/div>\n\n                    <div class=\"application-examples-item-loader\"><\/div>\n                <\/div>\n            <\/div>\n<div class=\"application-examples-item application-examples-item-loading\">\n                            <div class=\"col-row\">\n                                <div class=\"col-6 col-m-8 col-s-12\"><h3 class=\"application-examples-item-title\">Esempio 9. Eventi di club<\/h3><div class=\"application-examples-item-description\">Crea il tuo calendario trendy in pochi clic. Tutto quello che devi fare \u00e8 scegliere un'immagine di sfondo per evidenziare eventi con uno stile simile. Questo calendario mostra la data colorata in rosso, l'intestazione e l'ora. Tutti questi dettagli aiutano gli utenti a prendere rapidamente la decisione di partecipare all'evento.<\/div><\/div>\n                <\/div>\n\n                <div class=\"application-examples-item-iframe-container browser-frame\">\n                    <div class=\"application-examples-item-iframe-wrapper\">\n                        <iframe class=\"application-examples-item-iframe\" data-src=\"https:\/\/elfsight.com\/examples?widget_id=1eb02c9d-601b-44dd-adab-488fe2c05115\" width=\"100%\" allow=\"autoplay; fullscreen\"><\/iframe>\n                    <\/div>\n\n                    <div class=\"application-examples-item-loader\"><\/div>\n                <\/div>\n            <\/div>\n<div class=\"application-examples-item application-examples-item-loading\">\n                            <div class=\"col-row\">\n                                <div class=\"col-6 col-m-8 col-s-12\"><h3 class=\"application-examples-item-title\">Esempio 10. Festival Lineup<\/h3><div class=\"application-examples-item-description\">Per rendere pi\u00f9 facile per gli utenti capire esattamente dove si svolge un particolare evento, puoi usare il colore per indicare ogni singolo tipo. Questo \u00e8 un modo semplice e intuitivo che sembra ancora molto accattivante. Utilizzando un apposito pulsante, gli utenti possono anche filtrare gli eventi e scegliere quelli che pi\u00f9 li interessano.<\/div><\/div>\n                <\/div>\n\n                <div class=\"application-examples-item-iframe-container browser-frame\">\n                    <div class=\"application-examples-item-iframe-wrapper\">\n                        <iframe class=\"application-examples-item-iframe application-examples-item-iframe-fixed-height\" data-src=\"https:\/\/elfsight.com\/examples?widget_id=bac4aee8-7256-482b-b942-5a8c45364011\" width=\"100%\" height=\"\" allow=\"autoplay; fullscreen\"><\/iframe>\n                    <\/div>\n\n                    <div class=\"application-examples-item-loader\"><\/div>\n                <\/div>\n            <\/div>\n<div class=\"application-examples-item application-examples-item-loading\">\n                            <div class=\"col-row\">\n                                <div class=\"col-6 col-m-8 col-s-12\"><h3 class=\"application-examples-item-title\">Esempio 11. Sala da concerto<\/h3><div class=\"application-examples-item-description\">Qui abbiamo un esempio di calendario di una sala da concerto perfettamente organizzato. Tutti gli eventi possono essere ordinati per data. Ognuno dei quali contiene un'immagine, informazioni sulla data dell'evento e un pulsante CTA che porta alla pagina di acquisto del biglietto. L'utilizzo del calendario \u00e8 incredibilmente semplice in quanto tutti gli eventi sono disposti in ordine cronologico.<\/div><\/div>\n                <\/div>\n\n                <div class=\"application-examples-item-iframe-container browser-frame\">\n                    <div class=\"application-examples-item-iframe-wrapper\">\n                        <iframe class=\"application-examples-item-iframe\" data-src=\"https:\/\/elfsight.com\/examples?widget_id=a3b46df8-9ae5-4961-bc39-35743ab3e55d\" width=\"100%\" allow=\"autoplay; fullscreen\"><\/iframe>\n                    <\/div>\n\n                    <div class=\"application-examples-item-loader\"><\/div>\n                <\/div>\n            <\/div>\n<div class=\"application-examples-item application-examples-item-loading\">\n                            <div class=\"col-row\">\n                                <div class=\"col-6 col-m-8 col-s-12\"><h3 class=\"application-examples-item-title\">Esempio 12. Slider-exhibition<\/h3><div class=\"application-examples-item-description\">Slider \u00e8 un'ottima opzione per coloro che hanno uno spazio limitato sulla pagina o non possono offrire molti eventi contemporaneamente. Qui vediamo tre diapositive, ciascuna di un nuovo colore. Facendo clic sul pulsante CTA, gli utenti possono procedere alla pagina di checkout e acquistare i biglietti. Lo Slider si adatter\u00e0 perfettamente all'area dei contenuti del sito web e non richieder\u00e0 troppo spazio.<\/div><\/div>\n                <\/div>\n\n                <div class=\"application-examples-item-iframe-container browser-frame\">\n                    <div class=\"application-examples-item-iframe-wrapper\">\n                        <iframe class=\"application-examples-item-iframe\" data-src=\"https:\/\/elfsight.com\/examples?widget_id=decff575-2b28-4fc6-9ab9-ff8663d22d81\" width=\"100%\" allow=\"autoplay; fullscreen\"><\/iframe>\n                    <\/div>\n\n                    <div class=\"application-examples-item-loader\"><\/div>\n                <\/div>\n            <\/div>\n<div class=\"application-examples-item application-examples-item-loading\">\n                            <div class=\"col-row\">\n                                <div class=\"col-6 col-m-8 col-s-12\"><h3 class=\"application-examples-item-title\">Esempio 13. Convention Center<\/h3><div class=\"application-examples-item-description\">Questo calendario \u00e8 colorato in nero e giallo e sembra molto elegante. Il layout Masonry viene utilizzato qui per rendere il contenuto accattivante. I pulsanti CTA luminosi incoraggiano gli utenti ad acquistare i biglietti. Per ogni evento \u00e8 possibile aggiungere una didascalia con informazioni sullo sconto.<\/div><\/div>\n                <\/div>\n\n                <div class=\"application-examples-item-iframe-container browser-frame\">\n                    <div class=\"application-examples-item-iframe-wrapper\">\n                        <iframe class=\"application-examples-item-iframe\" data-src=\"https:\/\/elfsight.com\/examples?widget_id=1cb5abc2-11ae-451c-891f-ae9c864fbb17\" width=\"100%\" allow=\"autoplay; fullscreen\"><\/iframe>\n                    <\/div>\n\n                    <div class=\"application-examples-item-loader\"><\/div>\n                <\/div>\n            <\/div>\n","protected":false},"excerpt":{"rendered":"","protected":false},"author":9,"featured_media":0,"parent":1545,"menu_order":0,"comment_status":"closed","ping_status":"closed","template":"templates\/template-application-examples.php","meta":{"publish_to_discourse":"","publish_post_category":"","wpdc_auto_publish_overridden":"","wpdc_topic_tags":"","wpdc_pin_topic":"","wpdc_pin_until":"","discourse_post_id":"","discourse_permalink":"","wpdc_publishing_response":"","wpdc_publishing_error":"","footnotes":""},"class_list":["post-1557","page","type-page","status-publish","hentry"],"yoast_head":"<!-- This site is optimized with the Yoast SEO plugin v25.3.1 - https:\/\/yoast.com\/wordpress\/plugins\/seo\/ -->\n<title>I migliori esempi di widget Calendario Eventi su un sito web (vetrina)<\/title>\n<meta name=\"description\" content=\"TOP 13 esempi di Calendario Eventi del sito web: Team Games Schedule, Upcoming Events, Festival Lineup e altri template per il tuo sito web.\" \/>\n<meta name=\"robots\" content=\"index, follow, max-snippet:-1, max-image-preview:large, max-video-preview:-1\" \/>\n<link rel=\"canonical\" href=\"https:\/\/elfsight.com\/it\/event-calendar-widget\/examples\/\" \/>\n<meta property=\"og:locale\" content=\"it_IT\" \/>\n<meta property=\"og:type\" content=\"article\" \/>\n<meta property=\"og:title\" content=\"I migliori esempi di widget Calendario Eventi su un sito web (vetrina)\" \/>\n<meta property=\"og:description\" content=\"TOP 13 esempi di Calendario Eventi del sito web: Team Games Schedule, Upcoming Events, Festival Lineup e altri template per il tuo sito web.\" \/>\n<meta property=\"og:url\" content=\"https:\/\/elfsight.com\/it\/event-calendar-widget\/examples\/\" \/>\n<meta property=\"og:site_name\" content=\"Elfsight IT\" \/>\n<meta property=\"article:modified_time\" content=\"2024-07-17T12:57:15+00:00\" \/>\n<meta name=\"twitter:card\" content=\"summary_large_image\" \/>\n<meta name=\"twitter:label1\" content=\"Tempo di lettura stimato\" \/>\n\t<meta name=\"twitter:data1\" content=\"5 minuti\" \/>\n<!-- \/ Yoast SEO plugin. -->","yoast_head_json":{"title":"I migliori esempi di widget Calendario Eventi su un sito web (vetrina)","description":"TOP 13 esempi di Calendario Eventi del sito web: Team Games Schedule, Upcoming Events, Festival Lineup e altri template per il tuo sito web.","robots":{"index":"index","follow":"follow","max-snippet":"max-snippet:-1","max-image-preview":"max-image-preview:large","max-video-preview":"max-video-preview:-1"},"canonical":"https:\/\/elfsight.com\/it\/event-calendar-widget\/examples\/","og_locale":"it_IT","og_type":"article","og_title":"I migliori esempi di widget Calendario Eventi su un sito web (vetrina)","og_description":"TOP 13 esempi di Calendario Eventi del sito web: Team Games Schedule, Upcoming Events, Festival Lineup e altri template per il tuo sito web.","og_url":"https:\/\/elfsight.com\/it\/event-calendar-widget\/examples\/","og_site_name":"Elfsight IT","article_modified_time":"2024-07-17T12:57:15+00:00","twitter_card":"summary_large_image","twitter_misc":{"Tempo di lettura stimato":"5 minuti"},"schema":{"@context":"https:\/\/schema.org","@graph":[{"@type":"WebPage","@id":"https:\/\/elfsight.com\/it\/event-calendar-widget\/examples\/","url":"https:\/\/elfsight.com\/it\/event-calendar-widget\/examples\/","name":"I migliori esempi di widget Calendario Eventi su un sito web (vetrina)","isPartOf":{"@id":"https:\/\/elfsight.com\/it\/#website"},"datePublished":"2021-02-25T09:56:22+00:00","dateModified":"2024-07-17T12:57:15+00:00","description":"TOP 13 esempi di Calendario Eventi del sito web: Team Games Schedule, Upcoming Events, Festival Lineup e altri template per il tuo sito web.","breadcrumb":{"@id":"https:\/\/elfsight.com\/it\/event-calendar-widget\/examples\/#breadcrumb"},"inLanguage":"it-IT","potentialAction":[{"@type":"ReadAction","target":["https:\/\/elfsight.com\/it\/event-calendar-widget\/examples\/"]}]},{"@type":"BreadcrumbList","@id":"https:\/\/elfsight.com\/it\/event-calendar-widget\/examples\/#breadcrumb","itemListElement":[{"@type":"ListItem","position":1,"name":"Home","item":"https:\/\/elfsight.com\/it\/"},{"@type":"ListItem","position":2,"name":"Event Calendar","item":"https:\/\/elfsight.com\/it\/event-calendar-widget\/"},{"@type":"ListItem","position":3,"name":"Event Calendar &#8211; Examples"}]},{"@type":"WebSite","@id":"https:\/\/elfsight.com\/it\/#website","url":"https:\/\/elfsight.com\/it\/","name":"Elfsight IT","description":"Just another Elfsight Sites site","potentialAction":[{"@type":"SearchAction","target":{"@type":"EntryPoint","urlTemplate":"https:\/\/elfsight.com\/it\/?s={search_term_string}"},"query-input":{"@type":"PropertyValueSpecification","valueRequired":true,"valueName":"search_term_string"}}],"inLanguage":"it-IT"}]}},"meta_box":{"industry":"","seo_heading":"","heading":"","description":"","cta_heading":"","cta_description":"","application":"1544","h1":"Esempi di Calendario Eventi","h1_caption":"Controlla gli esempi di Calendar per scoprire il pieno potenziale del widget degli eventi. Assicurati che si adatti ai tuoi obiettivi.","application_category":[],"applications_title":"","applications_request_title":"","applications_request_button_text":"","hero_text":"","hero_video":"","hero_video_schema_markup":"","selling_points_title":"","selling_points_caption":"","selling_points":[],"selling_points_cta_text":"","features_title":"","features":"","ed_cta_examples_text":"","ed_cta_examples_hidden":"","ed_cta_demo_text":"","ed_cta_demo_hidden":"","why_caption":"","why_editor_title":"","why_editor_text":"","why_team_title":"","why_team_text":"","why_service_title":"","why_service_text":"","template_catalog_visible":"","template_catalog_title":"","template_catalog_text":"","template_catalog_categories_visible":"","demo_title":"","demo_caption":"","default_faq_hidden":"","app_template_category":[],"platform":"","template_public_id":"","codecanyon_url":"","codecanyon_item_id":"","codecanyon_price":"","pricing_caption":"","pricing_elfsight_apps_hide_column":"","pricing_elfsight_apps_url":"","pricing_codecanyon_price_caption":"","integration_category":[],"integration_request_title":"","integration_request_cta":"","integration_platform":"","integrations":[],"platform_category":[],"video_schema_markup":"","price":"","trial":"","benefits":[],"button_url":"","button_target_blank":"","button_nofollow":"","attributes":[],"tags":[],"tags_disable_links":"","hide_more_platforms":"","video_object":"","demo_hide_cta":"","demo_hide_cloud_options":"","pricing_title":"","pricing":[],"related_apps_title":"","related_apps_hidden":"","author":"","image":[],"title":"","job":"","social_networks":[]},"_links":{"self":[{"href":"https:\/\/elfsight.com\/it\/wp-json\/wp\/v2\/pages\/1557","targetHints":{"allow":["GET"]}}],"collection":[{"href":"https:\/\/elfsight.com\/it\/wp-json\/wp\/v2\/pages"}],"about":[{"href":"https:\/\/elfsight.com\/it\/wp-json\/wp\/v2\/types\/page"}],"author":[{"embeddable":true,"href":"https:\/\/elfsight.com\/it\/wp-json\/wp\/v2\/users\/9"}],"replies":[{"embeddable":true,"href":"https:\/\/elfsight.com\/it\/wp-json\/wp\/v2\/comments?post=1557"}],"version-history":[{"count":2,"href":"https:\/\/elfsight.com\/it\/wp-json\/wp\/v2\/pages\/1557\/revisions"}],"predecessor-version":[{"id":7468,"href":"https:\/\/elfsight.com\/it\/wp-json\/wp\/v2\/pages\/1557\/revisions\/7468"}],"up":[{"embeddable":true,"href":"https:\/\/elfsight.com\/it\/wp-json\/wp\/v2\/pages\/1545"}],"wp:attachment":[{"href":"https:\/\/elfsight.com\/it\/wp-json\/wp\/v2\/media?parent=1557"}],"curies":[{"name":"wp","href":"https:\/\/api.w.org\/{rel}","templated":true}]}}