{"id":1488,"date":"2021-02-01T16:22:08","date_gmt":"2021-02-01T16:22:08","guid":{"rendered":"https:\/\/elfsight.com\/it\/?page_id=1488"},"modified":"2021-08-30T12:41:56","modified_gmt":"2021-08-30T12:41:56","slug":"examples","status":"publish","type":"page","link":"https:\/\/elfsight.com\/it\/social-media-share-buttons\/examples\/","title":{"rendered":"Social Share Buttons &#8211; examples"},"content":{"rendered":"\n<div class=\"application-examples-item application-examples-item-loading\">\n                            <div class=\"col-row\">\n                                <div class=\"col-6 col-m-8 col-s-12\"><h3 class=\"application-examples-item-title\">Esempio 1: Inline buttons<\/h3><div class=\"application-examples-item-description\">Questo esempio mostra tre pulsanti di condivisione dei social network pi\u00f9 popolari. Il testo \u00e8 nascosto, i pulsanti sono colorati con colori originali. In questo esempio, viene scelto il design del pulsante pi\u00f9 familiare e la forma arrotondata crea un aspetto minimalista. Un ottimo esempio di pulsanti che possono essere posizionati vicino a un'area di contenuto, ad esempio vicino a testo o articolo.<\/div><\/div>\n                <\/div>\n\n                <div class=\"application-examples-item-iframe-container browser-frame\">\n                    <div class=\"application-examples-item-iframe-wrapper\">\n                        <iframe class=\"application-examples-item-iframe\" data-src=\"https:\/\/elfsight.com\/examples?widget_id=5671d307-3ca2-43c1-b2bd-a859c1ba5bd8&padding=140px+40px+0\" width=\"100%\" allow=\"autoplay; fullscreen\"><\/iframe>\n                    <\/div>\n\n                    <div class=\"application-examples-item-loader\"><\/div>\n                <\/div>\n            <\/div>\n<div class=\"application-examples-item application-examples-item-loading\">\n                            <div class=\"col-row\">\n                                <div class=\"col-6 col-m-8 col-s-12\"><h3 class=\"application-examples-item-title\">Esempio 2: Floating buttons<\/h3><div class=\"application-examples-item-description\">\u00c8 cos\u00ec che crei pulsanti a portata di mano per tutti gli utenti: il layout floating li fa seguire lo scorrimento su e gi\u00f9 della pagina e rimanere sempre a portata di mano. Nessuna possibilit\u00e0 che gli utenti li perdano dalla vista. Il design \u00e8 minimalista, con forma squadrata e solo le icone dei media sui pulsanti.<\/div><\/div>\n                <\/div>\n\n                <div class=\"application-examples-item-iframe-container browser-frame\">\n                    <div class=\"application-examples-item-iframe-wrapper\">\n                        <iframe class=\"application-examples-item-iframe application-examples-item-iframe-fixed-height\" data-src=\"https:\/\/elfsight.com\/examples?widget_id=da298869-6bdd-43da-b7a8-dcf7da0cd036&padding=0px+40px+0\" width=\"100%\" height=\"300px\" allow=\"autoplay; fullscreen\"><\/iframe>\n                    <\/div>\n\n                    <div class=\"application-examples-item-loader\"><\/div>\n                <\/div>\n            <\/div>\n<div class=\"application-examples-item application-examples-item-loading\">\n                            <div class=\"col-row\">\n                                <div class=\"col-6 col-m-8 col-s-12\"><h3 class=\"application-examples-item-title\">Esempio 3: Black Buttons<\/h3><div class=\"application-examples-item-description\">Utilizzando le opzioni di personalizzazione, \u00e8 possibile ottenere un aspetto completamente unico del widget. Questi pulsanti sono stati progettati per ripetere lo stile e i colori del sito web. Sono in bianco e nero, geometrici e minimalisti grazie al fatto di avere solo le icone dei media su di loro - senza i nomi.<\/div><\/div>\n                <\/div>\n\n                <div class=\"application-examples-item-iframe-container browser-frame\">\n                    <div class=\"application-examples-item-iframe-wrapper\">\n                        <iframe class=\"application-examples-item-iframe\" data-src=\"https:\/\/elfsight.com\/examples?widget_id=d391e2d5-fdc3-4f2a-af9b-de2c1459344e&padding=140px+40px+0\" width=\"100%\" allow=\"autoplay; fullscreen\"><\/iframe>\n                    <\/div>\n\n                    <div class=\"application-examples-item-loader\"><\/div>\n                <\/div>\n            <\/div>\n<div class=\"application-examples-item application-examples-item-loading\">\n                            <div class=\"col-row\">\n                                <div class=\"col-6 col-m-8 col-s-12\"><h3 class=\"application-examples-item-title\">Esempio 4: Share Icons<\/h3><div class=\"application-examples-item-description\">Questi pulsanti sono realizzati in un design semplice e armonioso - sono di forma circolare e stile materiale. Il piacevole effetto di animazione \u201cSlide\u201d della diapositiva aggiunge un po 'di vivacit\u00e0 all'esperienza dell'utente. I pulsanti sono allineati al centro, ma puoi anche scegliere le varianti sinistra e destra.<\/div><\/div>\n                <\/div>\n\n                <div class=\"application-examples-item-iframe-container browser-frame\">\n                    <div class=\"application-examples-item-iframe-wrapper\">\n                        <iframe class=\"application-examples-item-iframe\" data-src=\"https:\/\/elfsight.com\/examples?widget_id=849cc4a2-b5c3-4ec0-a680-3b0e942647cf&padding=140px+40px+0\" width=\"100%\" allow=\"autoplay; fullscreen\"><\/iframe>\n                    <\/div>\n\n                    <div class=\"application-examples-item-loader\"><\/div>\n                <\/div>\n            <\/div>\n<div class=\"application-examples-item application-examples-item-loading\">\n                            <div class=\"col-row\">\n                                <div class=\"col-6 col-m-8 col-s-12\"><h3 class=\"application-examples-item-title\">Esempio 5: Small buttons<\/h3><div class=\"application-examples-item-description\">Questi pulsanti sono di forma circolare, ma grazie alla larghezza responsive, il valore \u00e8 stato modificato per renderli ovali e pi\u00f9 consistenti. L'utente ha scelto la variante Flat dello stile e ha lasciato i colori originali, ma ha aggiunto il colore nero e l'animazione \u201crimbalzo\u201d al passaggio del mouse.<\/div><\/div>\n                <\/div>\n\n                <div class=\"application-examples-item-iframe-container browser-frame\">\n                    <div class=\"application-examples-item-iframe-wrapper\">\n                        <iframe class=\"application-examples-item-iframe\" data-src=\"https:\/\/elfsight.com\/examples?widget_id=0e89866f-132f-4bde-bafc-fd46d8e4f927&padding=140px+40px+0\" width=\"100%\" allow=\"autoplay; fullscreen\"><\/iframe>\n                    <\/div>\n\n                    <div class=\"application-examples-item-loader\"><\/div>\n                <\/div>\n            <\/div>\n<div class=\"application-examples-item application-examples-item-loading\">\n                            <div class=\"col-row\">\n                                <div class=\"col-6 col-m-8 col-s-12\"><h3 class=\"application-examples-item-title\">Esempio 6: Grid<\/h3><div class=\"application-examples-item-description\">Le icone a forma di rettangolo sono ben disposte in una griglia e mostrano sia le icone che il testo con i nomi dei media. Questi pulsanti sono ottimi per essere inseriti nell'area del contenuto, nel blocco finale di un articolo o in fondo alla pagina. Quando passi il mouse sopra, viene attivata l'animazione Slider e il colore dei pulsanti diventa nero.<\/div><\/div>\n                <\/div>\n\n                <div class=\"application-examples-item-iframe-container browser-frame\">\n                    <div class=\"application-examples-item-iframe-wrapper\">\n                        <iframe class=\"application-examples-item-iframe\" data-src=\"https:\/\/elfsight.com\/examples?widget_id=db219922-3932-45f0-af28-3f732f3a1e99&padding=140px+40px+0\" width=\"100%\" allow=\"autoplay; fullscreen\"><\/iframe>\n                    <\/div>\n\n                    <div class=\"application-examples-item-loader\"><\/div>\n                <\/div>\n            <\/div>\n<div class=\"application-examples-item application-examples-item-loading\">\n                            <div class=\"col-row\">\n                                <div class=\"col-6 col-m-8 col-s-12\"><h3 class=\"application-examples-item-title\">Esempio 7: Share list<\/h3><div class=\"application-examples-item-description\">L'autore ha modificato le etichette dei pulsanti e ha aggiunto una call to action a ciascuno di loro. Non ci sono icone dei media, ma vengono aggiunti i loro nomi. Lo sfondo dei pulsanti \u00e8 stato cambiato in bianco e il colore del testo \u00e8 quello originale per ciascuno dei media.<\/div><\/div>\n                <\/div>\n\n                <div class=\"application-examples-item-iframe-container browser-frame\">\n                    <div class=\"application-examples-item-iframe-wrapper\">\n                        <iframe class=\"application-examples-item-iframe\" data-src=\"https:\/\/elfsight.com\/examples?widget_id=bfc5305f-e07c-4a15-b058-0ee9513dc973&padding=140px+40px+0\" width=\"100%\" allow=\"autoplay; fullscreen\"><\/iframe>\n                    <\/div>\n\n                    <div class=\"application-examples-item-loader\"><\/div>\n                <\/div>\n            <\/div>\n<div class=\"application-examples-item application-examples-item-loading\">\n                            <div class=\"col-row\">\n                                <div class=\"col-6 col-m-8 col-s-12\"><h3 class=\"application-examples-item-title\">Esempio 8: Messengers<\/h3><div class=\"application-examples-item-description\">Per semplificare la condivisione del contenuto da parte degli utenti, in questo esempio, ci sono pulsanti per i messenger pi\u00f9 popolari. I pulsanti salvano i colori originali e mostrano il nome e l'icona. Sono di forma arrotondata e grazie alla larghezza automatica, riempiono esattamente lo spazio giusto sulla pagina.<\/div><\/div>\n                <\/div>\n\n                <div class=\"application-examples-item-iframe-container browser-frame\">\n                    <div class=\"application-examples-item-iframe-wrapper\">\n                        <iframe class=\"application-examples-item-iframe\" data-src=\"https:\/\/elfsight.com\/examples?widget_id=87cf5164-3c2c-41f1-9741-b443afee7277&padding=140px+40px+0\" width=\"100%\" allow=\"autoplay; fullscreen\"><\/iframe>\n                    <\/div>\n\n                    <div class=\"application-examples-item-loader\"><\/div>\n                <\/div>\n            <\/div>\n","protected":false},"excerpt":{"rendered":"","protected":false},"author":9,"featured_media":0,"parent":1478,"menu_order":0,"comment_status":"closed","ping_status":"closed","template":"templates\/template-application-examples.php","meta":{"publish_to_discourse":"","publish_post_category":"","wpdc_auto_publish_overridden":"","wpdc_topic_tags":"","wpdc_pin_topic":"","wpdc_pin_until":"","discourse_post_id":"","discourse_permalink":"","wpdc_publishing_response":"","wpdc_publishing_error":"","footnotes":""},"class_list":["post-1488","page","type-page","status-publish","hentry"],"yoast_head":"<!-- This site is optimized with the Yoast SEO plugin v25.3.1 - https:\/\/yoast.com\/wordpress\/plugins\/seo\/ -->\n<title>TOP 8 esempi di Pulsanti di condivisione social per siti web (Vetrina)<\/title>\n<meta name=\"description\" content=\"TOP 8 esempi di Pulsanti di condivisione sui social media del sito web: classical, floating, media template, animated grid e altri template.\" \/>\n<meta name=\"robots\" content=\"index, follow, max-snippet:-1, max-image-preview:large, max-video-preview:-1\" \/>\n<link rel=\"canonical\" href=\"https:\/\/elfsight.com\/it\/social-media-share-buttons\/examples\/\" \/>\n<meta property=\"og:locale\" content=\"it_IT\" \/>\n<meta property=\"og:type\" content=\"article\" \/>\n<meta property=\"og:title\" content=\"TOP 8 esempi di Pulsanti di condivisione social per siti web (Vetrina)\" \/>\n<meta property=\"og:description\" content=\"TOP 8 esempi di Pulsanti di condivisione sui social media del sito web: classical, floating, media template, animated grid e altri template.\" \/>\n<meta property=\"og:url\" content=\"https:\/\/elfsight.com\/it\/social-media-share-buttons\/examples\/\" \/>\n<meta property=\"og:site_name\" content=\"Elfsight IT\" \/>\n<meta property=\"article:modified_time\" content=\"2021-08-30T12:41:56+00:00\" \/>\n<meta name=\"twitter:card\" content=\"summary_large_image\" \/>\n<meta name=\"twitter:label1\" content=\"Tempo di lettura stimato\" \/>\n\t<meta name=\"twitter:data1\" content=\"3 minuti\" \/>\n<!-- \/ Yoast SEO plugin. -->","yoast_head_json":{"title":"TOP 8 esempi di Pulsanti di condivisione social per siti web (Vetrina)","description":"TOP 8 esempi di Pulsanti di condivisione sui social media del sito web: classical, floating, media template, animated grid e altri template.","robots":{"index":"index","follow":"follow","max-snippet":"max-snippet:-1","max-image-preview":"max-image-preview:large","max-video-preview":"max-video-preview:-1"},"canonical":"https:\/\/elfsight.com\/it\/social-media-share-buttons\/examples\/","og_locale":"it_IT","og_type":"article","og_title":"TOP 8 esempi di Pulsanti di condivisione social per siti web (Vetrina)","og_description":"TOP 8 esempi di Pulsanti di condivisione sui social media del sito web: classical, floating, media template, animated grid e altri template.","og_url":"https:\/\/elfsight.com\/it\/social-media-share-buttons\/examples\/","og_site_name":"Elfsight IT","article_modified_time":"2021-08-30T12:41:56+00:00","twitter_card":"summary_large_image","twitter_misc":{"Tempo di lettura stimato":"3 minuti"},"schema":{"@context":"https:\/\/schema.org","@graph":[{"@type":"WebPage","@id":"https:\/\/elfsight.com\/it\/social-media-share-buttons\/examples\/","url":"https:\/\/elfsight.com\/it\/social-media-share-buttons\/examples\/","name":"TOP 8 esempi di Pulsanti di condivisione social per siti web (Vetrina)","isPartOf":{"@id":"https:\/\/elfsight.com\/it\/#website"},"datePublished":"2021-02-01T16:22:08+00:00","dateModified":"2021-08-30T12:41:56+00:00","description":"TOP 8 esempi di Pulsanti di condivisione sui social media del sito web: classical, floating, media template, animated grid e altri template.","breadcrumb":{"@id":"https:\/\/elfsight.com\/it\/social-media-share-buttons\/examples\/#breadcrumb"},"inLanguage":"it-IT","potentialAction":[{"@type":"ReadAction","target":["https:\/\/elfsight.com\/it\/social-media-share-buttons\/examples\/"]}]},{"@type":"BreadcrumbList","@id":"https:\/\/elfsight.com\/it\/social-media-share-buttons\/examples\/#breadcrumb","itemListElement":[{"@type":"ListItem","position":1,"name":"Home","item":"https:\/\/elfsight.com\/it\/"},{"@type":"ListItem","position":2,"name":"Social Share Buttons","item":"https:\/\/elfsight.com\/it\/social-media-share-buttons\/"},{"@type":"ListItem","position":3,"name":"Social Share Buttons &#8211; examples"}]},{"@type":"WebSite","@id":"https:\/\/elfsight.com\/it\/#website","url":"https:\/\/elfsight.com\/it\/","name":"Elfsight IT","description":"Just another Elfsight Sites site","potentialAction":[{"@type":"SearchAction","target":{"@type":"EntryPoint","urlTemplate":"https:\/\/elfsight.com\/it\/?s={search_term_string}"},"query-input":{"@type":"PropertyValueSpecification","valueRequired":true,"valueName":"search_term_string"}}],"inLanguage":"it-IT"}]}},"meta_box":{"industry":"","seo_heading":"","heading":"","description":"","cta_heading":"","cta_description":"","application":"1477","h1":"Esempi di Social Share Buttons","h1_caption":"Controlla gli esempi di pulsanti social per scoprire il pieno potenziale del widget. Assicurati che si adatti ai tuoi obiettivi.","application_category":[],"applications_title":"","applications_request_title":"","applications_request_button_text":"","hero_text":"","hero_video":"","hero_video_schema_markup":"","selling_points_title":"","selling_points_caption":"","selling_points":[],"selling_points_cta_text":"","features_title":"","features":"","ed_cta_examples_text":"","ed_cta_examples_hidden":"","ed_cta_demo_text":"","ed_cta_demo_hidden":"","why_caption":"","why_editor_title":"","why_editor_text":"","why_team_title":"","why_team_text":"","why_service_title":"","why_service_text":"","template_catalog_visible":"","template_catalog_title":"","template_catalog_text":"","template_catalog_categories_visible":"","demo_title":"","demo_caption":"","default_faq_hidden":"","app_template_category":[],"platform":"","template_public_id":"","codecanyon_url":"","codecanyon_item_id":"","codecanyon_price":"","pricing_caption":"","pricing_elfsight_apps_hide_column":"","pricing_elfsight_apps_url":"","pricing_codecanyon_price_caption":"","integration_category":[],"integration_request_title":"","integration_request_cta":"","integration_platform":"","integrations":[],"platform_category":[],"video_schema_markup":"","price":"","trial":"","benefits":[],"button_url":"","button_target_blank":"","button_nofollow":"","attributes":[],"tags":[],"tags_disable_links":"","hide_more_platforms":"","video_object":"","demo_hide_cta":"","demo_hide_cloud_options":"","pricing_title":"","pricing":[],"related_apps_title":"","related_apps_hidden":"","author":"","image":[],"title":"","job":"","social_networks":[]},"_links":{"self":[{"href":"https:\/\/elfsight.com\/it\/wp-json\/wp\/v2\/pages\/1488","targetHints":{"allow":["GET"]}}],"collection":[{"href":"https:\/\/elfsight.com\/it\/wp-json\/wp\/v2\/pages"}],"about":[{"href":"https:\/\/elfsight.com\/it\/wp-json\/wp\/v2\/types\/page"}],"author":[{"embeddable":true,"href":"https:\/\/elfsight.com\/it\/wp-json\/wp\/v2\/users\/9"}],"replies":[{"embeddable":true,"href":"https:\/\/elfsight.com\/it\/wp-json\/wp\/v2\/comments?post=1488"}],"version-history":[{"count":2,"href":"https:\/\/elfsight.com\/it\/wp-json\/wp\/v2\/pages\/1488\/revisions"}],"predecessor-version":[{"id":1490,"href":"https:\/\/elfsight.com\/it\/wp-json\/wp\/v2\/pages\/1488\/revisions\/1490"}],"up":[{"embeddable":true,"href":"https:\/\/elfsight.com\/it\/wp-json\/wp\/v2\/pages\/1478"}],"wp:attachment":[{"href":"https:\/\/elfsight.com\/it\/wp-json\/wp\/v2\/media?parent=1488"}],"curies":[{"name":"wp","href":"https:\/\/api.w.org\/{rel}","templated":true}]}}