{"id":1485,"date":"2021-02-01T16:19:21","date_gmt":"2021-02-01T16:19:21","guid":{"rendered":"https:\/\/elfsight.com\/it\/?page_id=1485"},"modified":"2021-08-31T09:21:29","modified_gmt":"2021-08-31T09:21:29","slug":"features","status":"publish","type":"page","link":"https:\/\/elfsight.com\/it\/social-media-share-buttons\/features\/","title":{"rendered":"Social Share Buttons &#8211; features"},"content":{"rendered":"\n<section class=\"application-features-group section\" id=\"Content\">\n                    <div class=\"inner\">\n                        <div class=\"col-row\">\n                            <div class=\"col-6 col-offset-3 col-m-12 col-m-offset-0\">\n<h3>Aggiungi qualsiasi numero di pulsanti<\/h3>\n<p>Con Elfsight Social Share Buttons puoi aggiungere un numero qualsiasi di pulsanti di condivisione alla tua pagina. Scegli i media, dove desideri che i tuoi contenuti vengano condivisi di pi\u00f9 e aggiungili con un clic. Sei anche libero di disporre i pulsanti nel giusto ordine trascinandoli nell&#8217;editor.<\/p>\n<h3>Scegli tra 40 media<\/h3>\n<p>Il nostro widget ti permette di aggiungere pulsanti \u201cCondividi\u201d per oltre 40 dei social network pi\u00f9 popolari. Per posizionare i pulsanti sulla tua pagina, devi solo selezionare dall&#8217;elenco integrato quei social network in cui desideri sviluppare la tua presenza.<\/p>\n<\/div>\n                        <\/div>\n                    <\/div>\n\n                    <div class=\"application-features-group-title\">content<\/div>\n                <\/section>\n<section class=\"application-features-group section\" id=\"Layout\">\n                    <div class=\"inner\">\n                        <div class=\"col-row\">\n                            <div class=\"col-6 col-offset-3 col-m-12 col-m-offset-0\">\n<h3>Trova la posizione migliore per i pulsanti con il layout Inline<\/h3>\n<p>Vuoi inserire pulsanti nella parte inferiore, superiore della pagina o nell&#8217;area dei contenuti in modo che i tuoi utenti non possono oltrepassarli? Il layout Inline \u00e8 quello che ti serve per questo. Usalo per mostrare i pulsanti di condivisione in qualsiasi punto della pagina e scegli la variante di allineamento: sinistra, destra o centro.<\/p>\n<h3>Layout Floating per pulsanti a portata di mano<\/h3>\n<p>I pulsanti di condivisione social di Elfsight offrono un layout Floating per rendere scorrevoli i pulsanti che si muovono al passaggio del mouse. Tali pulsanti rimarranno sempre visibili all&#8217;utente in modo che possa condividere il contenuto che gli piace in qualsiasi momento opportuno.<\/p>\n<h3>Disponi colonne e spaziatura<\/h3>\n<p>Qualunque sia l&#8217;opzione di layout scelta, puoi modificare ulteriormente il widget e dividere i pulsanti in colonne; \u00e8 sufficiente inserire il numero necessario nell&#8217;editor. Inoltre, la larghezza della spaziatura tra le colonne pu\u00f2 essere regolata nelle impostazioni in modo che i pulsanti si trovino pi\u00f9 vicini o pi\u00f9 lontani l&#8217;uno dall&#8217;altro.<\/p>\n<h3>Ottimizzazione mobile per facilit\u00e0 d&#8217;uso su qualsiasi dispositivo<\/h3>\n<p>Abbiamo reso il nostro widget il pi\u00f9 responsive possibile in modo che possa adattarsi allo schermo di qualsiasi dispositivo mobile. Se scegli l&#8217;opzione per mostrarlo sul cellulare, cambier\u00e0 automaticamente la dimensione dei pulsanti e il loro layout per apparire pi\u00f9 appropriati sullo schermo. Nel layout Floating, gli utenti vedranno una singola icona di condivisione, che si espander\u00e0 al clic e mostrer\u00e0 tutti i pulsanti.<\/p>\n<\/div>\n                        <\/div>\n                    <\/div>\n\n                    <div class=\"application-features-group-title\">layout<\/div>\n                <\/section>\n<section class=\"application-features-group section\" id=\"Button design\">\n                    <div class=\"inner\">\n                        <div class=\"col-row\">\n                            <div class=\"col-6 col-offset-3 col-m-12 col-m-offset-0\">\n<h3>Elementi dei pulsanti personalizzabili<\/h3>\n<p>Scegli tu quali elementi saranno presenti sui tuoi pulsanti. Puoi mostrare sia il testo del pulsante che l&#8217;icona di un social media &#8211; entrambi gli elementi possono essere visualizzati o nascosti nelle impostazioni. Se rimane un solo elemento, verr\u00e0 centrato automaticamente sul pulsante. Anche il testo del pulsante \u00e8 modificabile in modo da poter creare il tuo. <\/p>\n<h3>Scegli la forma del tuo pulsante<\/h3>\n<p>Con il widget dei pulsanti di condivisione social di Elfsight puoi scegliere la tua forma dei pulsanti tra tre opzioni gi\u00e0 pronte: Rettangolare, Rotondo, Arrotondato. Con un solo clic del mouse, cambia la forma dei pulsanti per trovare quello che desideri. Puoi anche regolare la larghezza dei pulsanti: imposta il valore in pixel nella finestra speciale.<\/p>\n<\/div>\n                        <\/div>\n                    <\/div>\n\n                    <div class=\"application-features-group-title\">button-design<\/div>\n                <\/section>\n<section class=\"application-features-group section\" id=\"Style\">\n                    <div class=\"inner\">\n                        <div class=\"col-row\">\n                            <div class=\"col-6 col-offset-3 col-m-12 col-m-offset-0\">\n<h3>4 opzioni di stile predefinite<\/h3>\n<p>Per consentirti di personalizzare rapidamente il tuo widget, abbiamo aggiunto quattro stili di interfaccia che puoi installare con un clic. Flat, Material or Classic &#8211; sono tutti adatti a diversi concetti e stili di sito web, quindi troverai sicuramente quello che rifletter\u00e0 il design del tuo sito.<\/p>\n<h3>Combinazioni di colori personalizzate <\/h3>\n<p>Trova una combinazione di colori per il tuo widget che lo render\u00e0 parte integrante del design del sito o, al contrario, attirer\u00e0 l&#8217;attenzione. Lo sfondo e l&#8217;icona del pulsante possono essere colorati in tre colori: originale, bianco e nero. Quando passi il mouse sul pulsante, i colori degli elementi possono cambiare a tua scelta. Puoi anche regolare la trasparenza dei colori.<\/p>\n<h3>5 tipi di animazione<\/h3>\n<p>Scegli uno degli effetti che appariranno quando gli utenti passano il mouse sui pulsanti di condivisione. Il nostro widget include cinque effetti di animazione: Bounce, Fly, Slide, Rotation e Zoom. \u00c8 facile provarli tutti nell&#8217;editor, basta selezionarli dall&#8217;elenco e trovare quello che ti piace di pi\u00f9.<\/p>\n<\/div>\n                        <\/div>\n                    <\/div>\n\n                    <div class=\"application-features-group-title\">style<\/div>\n                <\/section>\n","protected":false},"excerpt":{"rendered":"","protected":false},"author":9,"featured_media":0,"parent":1478,"menu_order":0,"comment_status":"closed","ping_status":"closed","template":"templates\/template-application-features.php","meta":{"publish_to_discourse":"","publish_post_category":"","wpdc_auto_publish_overridden":"","wpdc_topic_tags":"","wpdc_pin_topic":"","wpdc_pin_until":"","discourse_post_id":"","discourse_permalink":"","wpdc_publishing_response":"","wpdc_publishing_error":"","footnotes":""},"class_list":["post-1485","page","type-page","status-publish","hentry"],"yoast_head":"<!-- This site is optimized with the Yoast SEO plugin v25.3.1 - https:\/\/yoast.com\/wordpress\/plugins\/seo\/ -->\n<title>Pulsanti social media - Funzionalit\u00e0 (25 impostazioni personalizzate)<\/title>\n<meta name=\"description\" content=\"Le funzionalit\u00e0 dei pulsanti di condivisione in demo live. Impostazioni personalizzate e un layout responsive per qualsiasi dispositivo.\" \/>\n<meta name=\"robots\" content=\"index, follow, max-snippet:-1, max-image-preview:large, max-video-preview:-1\" \/>\n<link rel=\"canonical\" href=\"https:\/\/elfsight.com\/it\/social-media-share-buttons\/features\/\" \/>\n<meta property=\"og:locale\" content=\"it_IT\" \/>\n<meta property=\"og:type\" content=\"article\" \/>\n<meta property=\"og:title\" content=\"Pulsanti social media - Funzionalit\u00e0 (25 impostazioni personalizzate)\" \/>\n<meta property=\"og:description\" content=\"Le funzionalit\u00e0 dei pulsanti di condivisione in demo live. Impostazioni personalizzate e un layout responsive per qualsiasi dispositivo.\" \/>\n<meta property=\"og:url\" content=\"https:\/\/elfsight.com\/it\/social-media-share-buttons\/features\/\" \/>\n<meta property=\"og:site_name\" content=\"Elfsight IT\" \/>\n<meta property=\"article:modified_time\" content=\"2021-08-31T09:21:29+00:00\" \/>\n<meta name=\"twitter:card\" content=\"summary_large_image\" \/>\n<meta name=\"twitter:label1\" content=\"Tempo di lettura stimato\" \/>\n\t<meta name=\"twitter:data1\" content=\"3 minuti\" \/>\n<!-- \/ Yoast SEO plugin. -->","yoast_head_json":{"title":"Pulsanti social media - Funzionalit\u00e0 (25 impostazioni personalizzate)","description":"Le funzionalit\u00e0 dei pulsanti di condivisione in demo live. Impostazioni personalizzate e un layout responsive per qualsiasi dispositivo.","robots":{"index":"index","follow":"follow","max-snippet":"max-snippet:-1","max-image-preview":"max-image-preview:large","max-video-preview":"max-video-preview:-1"},"canonical":"https:\/\/elfsight.com\/it\/social-media-share-buttons\/features\/","og_locale":"it_IT","og_type":"article","og_title":"Pulsanti social media - Funzionalit\u00e0 (25 impostazioni personalizzate)","og_description":"Le funzionalit\u00e0 dei pulsanti di condivisione in demo live. Impostazioni personalizzate e un layout responsive per qualsiasi dispositivo.","og_url":"https:\/\/elfsight.com\/it\/social-media-share-buttons\/features\/","og_site_name":"Elfsight IT","article_modified_time":"2021-08-31T09:21:29+00:00","twitter_card":"summary_large_image","twitter_misc":{"Tempo di lettura stimato":"3 minuti"},"schema":{"@context":"https:\/\/schema.org","@graph":[{"@type":"WebPage","@id":"https:\/\/elfsight.com\/it\/social-media-share-buttons\/features\/","url":"https:\/\/elfsight.com\/it\/social-media-share-buttons\/features\/","name":"Pulsanti social media - Funzionalit\u00e0 (25 impostazioni personalizzate)","isPartOf":{"@id":"https:\/\/elfsight.com\/it\/#website"},"datePublished":"2021-02-01T16:19:21+00:00","dateModified":"2021-08-31T09:21:29+00:00","description":"Le funzionalit\u00e0 dei pulsanti di condivisione in demo live. Impostazioni personalizzate e un layout responsive per qualsiasi dispositivo.","breadcrumb":{"@id":"https:\/\/elfsight.com\/it\/social-media-share-buttons\/features\/#breadcrumb"},"inLanguage":"it-IT","potentialAction":[{"@type":"ReadAction","target":["https:\/\/elfsight.com\/it\/social-media-share-buttons\/features\/"]}]},{"@type":"BreadcrumbList","@id":"https:\/\/elfsight.com\/it\/social-media-share-buttons\/features\/#breadcrumb","itemListElement":[{"@type":"ListItem","position":1,"name":"Home","item":"https:\/\/elfsight.com\/it\/"},{"@type":"ListItem","position":2,"name":"Social Share Buttons","item":"https:\/\/elfsight.com\/it\/social-media-share-buttons\/"},{"@type":"ListItem","position":3,"name":"Social Share Buttons &#8211; features"}]},{"@type":"WebSite","@id":"https:\/\/elfsight.com\/it\/#website","url":"https:\/\/elfsight.com\/it\/","name":"Elfsight IT","description":"Just another Elfsight Sites site","potentialAction":[{"@type":"SearchAction","target":{"@type":"EntryPoint","urlTemplate":"https:\/\/elfsight.com\/it\/?s={search_term_string}"},"query-input":{"@type":"PropertyValueSpecification","valueRequired":true,"valueName":"search_term_string"}}],"inLanguage":"it-IT"}]}},"meta_box":{"industry":"","seo_heading":"","heading":"","description":"","cta_heading":"","cta_description":"","application":"1477","h1":"Funzionalit\u00e0 dei pulsanti di condivisione social","h1_caption":"Esplora tutte le funzionalit\u00e0 dei pulsanti di condivisione social di Elfsight e come possono aiutarti a creare il widget pi\u00f9 efficace.","application_category":[],"applications_title":"","applications_request_title":"","applications_request_button_text":"","hero_text":"","hero_video":"","hero_video_schema_markup":"","selling_points_title":"","selling_points_caption":"","selling_points":[],"selling_points_cta_text":"","features_title":"","features":"","ed_cta_examples_text":"","ed_cta_examples_hidden":"","ed_cta_demo_text":"","ed_cta_demo_hidden":"","why_caption":"","why_editor_title":"","why_editor_text":"","why_team_title":"","why_team_text":"","why_service_title":"","why_service_text":"","template_catalog_visible":"","template_catalog_title":"","template_catalog_text":"","template_catalog_categories_visible":"","demo_title":"","demo_caption":"","default_faq_hidden":"","app_template_category":[],"platform":"","template_public_id":"","codecanyon_url":"","codecanyon_item_id":"","codecanyon_price":"","pricing_caption":"","pricing_elfsight_apps_hide_column":"","pricing_elfsight_apps_url":"","pricing_codecanyon_price_caption":"","integration_category":[],"integration_request_title":"","integration_request_cta":"","integration_platform":"","integrations":[],"platform_category":[],"video_schema_markup":"","price":"","trial":"","benefits":[],"button_url":"","button_target_blank":"","button_nofollow":"","attributes":[],"tags":[],"tags_disable_links":"","hide_more_platforms":"","video_object":"","demo_hide_cta":"","demo_hide_cloud_options":"","pricing_title":"","pricing":[],"related_apps_title":"","related_apps_hidden":"","author":"","image":[],"title":"","job":"","social_networks":[]},"_links":{"self":[{"href":"https:\/\/elfsight.com\/it\/wp-json\/wp\/v2\/pages\/1485","targetHints":{"allow":["GET"]}}],"collection":[{"href":"https:\/\/elfsight.com\/it\/wp-json\/wp\/v2\/pages"}],"about":[{"href":"https:\/\/elfsight.com\/it\/wp-json\/wp\/v2\/types\/page"}],"author":[{"embeddable":true,"href":"https:\/\/elfsight.com\/it\/wp-json\/wp\/v2\/users\/9"}],"replies":[{"embeddable":true,"href":"https:\/\/elfsight.com\/it\/wp-json\/wp\/v2\/comments?post=1485"}],"version-history":[{"count":2,"href":"https:\/\/elfsight.com\/it\/wp-json\/wp\/v2\/pages\/1485\/revisions"}],"predecessor-version":[{"id":1487,"href":"https:\/\/elfsight.com\/it\/wp-json\/wp\/v2\/pages\/1485\/revisions\/1487"}],"up":[{"embeddable":true,"href":"https:\/\/elfsight.com\/it\/wp-json\/wp\/v2\/pages\/1478"}],"wp:attachment":[{"href":"https:\/\/elfsight.com\/it\/wp-json\/wp\/v2\/media?parent=1485"}],"curies":[{"name":"wp","href":"https:\/\/api.w.org\/{rel}","templated":true}]}}