{"id":1465,"date":"2021-01-27T09:53:16","date_gmt":"2021-01-27T09:53:16","guid":{"rendered":"https:\/\/elfsight.com\/it\/?page_id=1465"},"modified":"2021-08-31T06:20:53","modified_gmt":"2021-08-31T06:20:53","slug":"examples","status":"publish","type":"page","link":"https:\/\/elfsight.com\/it\/facebook-chat-widget\/examples\/","title":{"rendered":"Facebook Chat &#8211; examples"},"content":{"rendered":"\n<div class=\"application-examples-item application-examples-item-loading\">\n                            <div class=\"col-row\">\n                                <div class=\"col-6 col-m-8 col-s-12\"><h3 class=\"application-examples-item-title\">Esempio 1. General<\/h3><div class=\"application-examples-item-description\">Una variante classica della chat che si adatta a qualsiasi sito web. L'opzione \u201cFloating bubble\u201d lo rende scorrevole e sempre visibile per i visitatori del sito web. Per l'icona viene scelta un'icona di Facebook Messenger originale, familiare alla maggior parte delle persone.<\/div><\/div>\n                <\/div>\n\n                <div class=\"application-examples-item-iframe-container browser-frame\">\n                    <div class=\"application-examples-item-iframe-wrapper\">\n                        <iframe class=\"application-examples-item-iframe application-examples-item-iframe-fixed-height\" data-src=\"https:\/\/elfsight.com\/examples?widget_id=6aacc226-32f2-45c4-96bc-101807e07f33&padding=28px+40px+40px\" width=\"100%\" height=\"500px\" allow=\"autoplay; fullscreen\"><\/iframe>\n                    <\/div>\n\n                    <div class=\"application-examples-item-loader\"><\/div>\n                <\/div>\n            <\/div>\n<div class=\"application-examples-item application-examples-item-loading\">\n                            <div class=\"col-row\">\n                                <div class=\"col-6 col-m-8 col-s-12\"><h3 class=\"application-examples-item-title\">Esempio 2. Support<\/h3><div class=\"application-examples-item-description\">Qui, l'intestazione della finestra di chat mostra una foto di uno specialista dell'assistenza e il tempo di risposta, per consentire alle persone di vedere quando dovrebbero aspettarsi una risposta. Questa \u00e8 una variante pratica per organizzare un canale di supporto.<\/div><\/div>\n                <\/div>\n\n                <div class=\"application-examples-item-iframe-container browser-frame\">\n                    <div class=\"application-examples-item-iframe-wrapper\">\n                        <iframe class=\"application-examples-item-iframe application-examples-item-iframe-fixed-height\" data-src=\"https:\/\/elfsight.com\/examples?widget_id=9fadc140-c793-45e1-a2f6-675ccb8af64e&padding=28px+40px+40px\" width=\"100%\" height=\"500px\" allow=\"autoplay; fullscreen\"><\/iframe>\n                    <\/div>\n\n                    <div class=\"application-examples-item-loader\"><\/div>\n                <\/div>\n            <\/div>\n<div class=\"application-examples-item application-examples-item-loading\">\n                            <div class=\"col-row\">\n                                <div class=\"col-6 col-m-8 col-s-12\"><h3 class=\"application-examples-item-title\">Esempio 3. Sale<\/h3><div class=\"application-examples-item-description\">Qui puoi vedere molte personalizzazioni: sfondo nero dell'intestazione, didascalia personalizzata, che indica la posizione della persona della chat e pulsante Avvia chat colorato in rosso con testo personalizzato. Un modo efficace per attirare le vendite attraverso la chat.<\/div><\/div>\n                <\/div>\n\n                <div class=\"application-examples-item-iframe-container browser-frame\">\n                    <div class=\"application-examples-item-iframe-wrapper\">\n                        <iframe class=\"application-examples-item-iframe application-examples-item-iframe-fixed-height\" data-src=\"https:\/\/elfsight.com\/examples?widget_id=7381a5ab-26e5-48fa-a9a8-47b804450fdf&padding=28px+40px+40px\" width=\"100%\" height=\"500px\" allow=\"autoplay; fullscreen\"><\/iframe>\n                    <\/div>\n\n                    <div class=\"application-examples-item-loader\"><\/div>\n                <\/div>\n            <\/div>\n<div class=\"application-examples-item application-examples-item-loading\">\n                            <div class=\"col-row\">\n                                <div class=\"col-6 col-m-8 col-s-12\"><h3 class=\"application-examples-item-title\">Esempio 4. Booking<\/h3><div class=\"application-examples-item-description\">L'intestazione e il fumetto della chat sono di colore blu per adattarsi al concetto di colore del sito web. Il messaggio di benvenuto mostra un testo personalizzato che offre servizi di prenotazione. Il fumetto della chat ha un'icona di prenotazione e una call-to-action.<\/div><\/div>\n                <\/div>\n\n                <div class=\"application-examples-item-iframe-container browser-frame\">\n                    <div class=\"application-examples-item-iframe-wrapper\">\n                        <iframe class=\"application-examples-item-iframe application-examples-item-iframe-fixed-height\" data-src=\"https:\/\/elfsight.com\/examples?widget_id=2f3c1204-3c6d-46ef-92d9-2e9b2d573c2e&padding=28px+40px+40px\" width=\"100%\" height=\"500px\" allow=\"autoplay; fullscreen\"><\/iframe>\n                    <\/div>\n\n                    <div class=\"application-examples-item-loader\"><\/div>\n                <\/div>\n            <\/div>\n<div class=\"application-examples-item application-examples-item-loading\">\n                            <div class=\"col-row\">\n                                <div class=\"col-6 col-m-8 col-s-12\"><h3 class=\"application-examples-item-title\">Esempio 5. Feedback<\/h3><div class=\"application-examples-item-description\">Qui, il widget viene utilizzato come canale di feedback per i clienti. Grazie al formato flottante, la chat \u00e8 sempre visibile. Un'icona si espande nella finestra della chat, mostrando una foto di un manager dalla libreria e un messaggio di benvenuto che chiede gentilmente ai visitatori un feedback. Questo \u00e8 un modo efficace per raccogliere feedback.<\/div><\/div>\n                <\/div>\n\n                <div class=\"application-examples-item-iframe-container browser-frame\">\n                    <div class=\"application-examples-item-iframe-wrapper\">\n                        <iframe class=\"application-examples-item-iframe application-examples-item-iframe-fixed-height\" data-src=\"https:\/\/elfsight.com\/examples?widget_id=721b7229-5859-4865-9ac7-31467e1a5389&padding=28px+40px+40px\" width=\"100%\" height=\"500px\" allow=\"autoplay; fullscreen\"><\/iframe>\n                    <\/div>\n\n                    <div class=\"application-examples-item-loader\"><\/div>\n                <\/div>\n            <\/div>\n<div class=\"application-examples-item application-examples-item-loading\">\n                            <div class=\"col-row\">\n                                <div class=\"col-6 col-m-8 col-s-12\"><h3 class=\"application-examples-item-title\">Esempio 6. Onboarding<\/h3><div class=\"application-examples-item-description\">Qui gli utenti vedono un'icona piccola ma luminosa con una notifica di nuovo messaggio. Al clic, l'icona mostra una finestra di chat con il logo e il nome dell'azienda. Il messaggio di benvenuto invita gli utenti a saperne di pi\u00f9 su un prodotto e spinge ad iniziare a chattare.<\/div><\/div>\n                <\/div>\n\n                <div class=\"application-examples-item-iframe-container browser-frame\">\n                    <div class=\"application-examples-item-iframe-wrapper\">\n                        <iframe class=\"application-examples-item-iframe application-examples-item-iframe-fixed-height\" data-src=\"https:\/\/elfsight.com\/examples?widget_id=f036922b-c9dd-4394-a174-88f336d580a0&padding=28px+40px+40px\" width=\"100%\" height=\"500px\" allow=\"autoplay; fullscreen\"><\/iframe>\n                    <\/div>\n\n                    <div class=\"application-examples-item-loader\"><\/div>\n                <\/div>\n            <\/div>\n<div class=\"application-examples-item application-examples-item-loading\">\n                            <div class=\"col-row\">\n                                <div class=\"col-6 col-m-8 col-s-12\"><h3 class=\"application-examples-item-title\">Esempio 7. Consulenza<\/h3><div class=\"application-examples-item-description\">Ecco come puoi consultare i clienti sulle tue offerte. Una finestra di chat con il nome e la foto di un esperto mostra un messaggio che offre assistenza nella scelta tra le offerte. Vengono applicati i colori personalizzati dello sfondo e del pulsante.<\/div><\/div>\n                <\/div>\n\n                <div class=\"application-examples-item-iframe-container browser-frame\">\n                    <div class=\"application-examples-item-iframe-wrapper\">\n                        <iframe class=\"application-examples-item-iframe application-examples-item-iframe-fixed-height\" data-src=\"https:\/\/elfsight.com\/examples?widget_id=982d4307-668d-4e06-ac1a-e2aead501a50&padding=28px+40px+40px\" width=\"100%\" height=\"500px\" allow=\"autoplay; fullscreen\"><\/iframe>\n                    <\/div>\n\n                    <div class=\"application-examples-item-loader\"><\/div>\n                <\/div>\n            <\/div>\n<div class=\"application-examples-item application-examples-item-loading\">\n                            <div class=\"col-row\">\n                                <div class=\"col-6 col-m-8 col-s-12\"><h3 class=\"application-examples-item-title\">Esempio 8. Pulsante di chat incorporato<\/h3><div class=\"application-examples-item-description\">Un pulsante di chat qui \u00e8 incorporato nell'area dei contenuti della pagina. \u00c8 una piccola icona espandibile che non interferisce con il contenuto. Tuttavia, rende molto utile l'utilizzo della chat.<\/div><\/div>\n                <\/div>\n\n                <div class=\"application-examples-item-iframe-container browser-frame\">\n                    <div class=\"application-examples-item-iframe-wrapper\">\n                        <iframe class=\"application-examples-item-iframe application-examples-item-iframe-fixed-height\" data-src=\"https:\/\/elfsight.com\/examples?widget_id=1cc262be-95cc-4af4-96da-db6fd891d1e1&padding=28px+40px+40px\" width=\"100%\" height=\"500px\" allow=\"autoplay; fullscreen\"><\/iframe>\n                    <\/div>\n\n                    <div class=\"application-examples-item-loader\"><\/div>\n                <\/div>\n            <\/div>\n<div class=\"application-examples-item application-examples-item-loading\">\n                            <div class=\"col-row\">\n                                <div class=\"col-6 col-m-8 col-s-12\"><h3 class=\"application-examples-item-title\">Esempio 9. Finestra di chat incorporata<\/h3><div class=\"application-examples-item-description\">La finestra di chat pu\u00f2 essere incorporata in qualsiasi pagina del sito, direttamente nella parte in cui \u00e8 pi\u00f9 necessaria. Una finestra gi\u00e0 aperta con un tuo messaggio di benvenuto aiuter\u00e0 i visitatori ad avviare una conversazione e ad aumentare l'attivit\u00e0 e il coinvolgimento sul sito.<\/div><\/div>\n                <\/div>\n\n                <div class=\"application-examples-item-iframe-container browser-frame\">\n                    <div class=\"application-examples-item-iframe-wrapper\">\n                        <iframe class=\"application-examples-item-iframe application-examples-item-iframe-fixed-height\" data-src=\"https:\/\/elfsight.com\/examples?widget_id=3ea3fd53-28a4-47b3-adb4-040a61f42d29&padding=28px+40px+40px\" width=\"100%\" height=\"500px\" allow=\"autoplay; fullscreen\"><\/iframe>\n                    <\/div>\n\n                    <div class=\"application-examples-item-loader\"><\/div>\n                <\/div>\n            <\/div>\n","protected":false},"excerpt":{"rendered":"","protected":false},"author":9,"featured_media":0,"parent":1456,"menu_order":0,"comment_status":"closed","ping_status":"closed","template":"templates\/template-application-examples.php","meta":{"publish_to_discourse":"","publish_post_category":"","wpdc_auto_publish_overridden":"","wpdc_topic_tags":"","wpdc_pin_topic":"","wpdc_pin_until":"","discourse_post_id":"","discourse_permalink":"","wpdc_publishing_response":"","wpdc_publishing_error":"","footnotes":""},"class_list":["post-1465","page","type-page","status-publish","hentry"],"yoast_head":"<!-- This site is optimized with the Yoast SEO plugin v25.3.1 - https:\/\/yoast.com\/wordpress\/plugins\/seo\/ -->\n<title>I migliori esempi di widget di Facebook Chat sul un sito web (Vetrina)<\/title>\n<meta name=\"description\" content=\"TOP 9 esempi di Facebook Chat: General, Booking, Support, Chat Button\/Window, ecc. Esempio di Facebook Messenger per il tuo sito web.\" \/>\n<meta name=\"robots\" content=\"index, follow, max-snippet:-1, max-image-preview:large, max-video-preview:-1\" \/>\n<link rel=\"canonical\" href=\"https:\/\/elfsight.com\/it\/facebook-chat-widget\/examples\/\" \/>\n<meta property=\"og:locale\" content=\"it_IT\" \/>\n<meta property=\"og:type\" content=\"article\" \/>\n<meta property=\"og:title\" content=\"I migliori esempi di widget di Facebook Chat sul un sito web (Vetrina)\" \/>\n<meta property=\"og:description\" content=\"TOP 9 esempi di Facebook Chat: General, Booking, Support, Chat Button\/Window, ecc. Esempio di Facebook Messenger per il tuo sito web.\" \/>\n<meta property=\"og:url\" content=\"https:\/\/elfsight.com\/it\/facebook-chat-widget\/examples\/\" \/>\n<meta property=\"og:site_name\" content=\"Elfsight IT\" \/>\n<meta property=\"article:modified_time\" content=\"2021-08-31T06:20:53+00:00\" \/>\n<meta name=\"twitter:card\" content=\"summary_large_image\" \/>\n<meta name=\"twitter:label1\" content=\"Tempo di lettura stimato\" \/>\n\t<meta name=\"twitter:data1\" content=\"3 minuti\" \/>\n<!-- \/ Yoast SEO plugin. -->","yoast_head_json":{"title":"I migliori esempi di widget di Facebook Chat sul un sito web (Vetrina)","description":"TOP 9 esempi di Facebook Chat: General, Booking, Support, Chat Button\/Window, ecc. Esempio di Facebook Messenger per il tuo sito web.","robots":{"index":"index","follow":"follow","max-snippet":"max-snippet:-1","max-image-preview":"max-image-preview:large","max-video-preview":"max-video-preview:-1"},"canonical":"https:\/\/elfsight.com\/it\/facebook-chat-widget\/examples\/","og_locale":"it_IT","og_type":"article","og_title":"I migliori esempi di widget di Facebook Chat sul un sito web (Vetrina)","og_description":"TOP 9 esempi di Facebook Chat: General, Booking, Support, Chat Button\/Window, ecc. Esempio di Facebook Messenger per il tuo sito web.","og_url":"https:\/\/elfsight.com\/it\/facebook-chat-widget\/examples\/","og_site_name":"Elfsight IT","article_modified_time":"2021-08-31T06:20:53+00:00","twitter_card":"summary_large_image","twitter_misc":{"Tempo di lettura stimato":"3 minuti"},"schema":{"@context":"https:\/\/schema.org","@graph":[{"@type":"WebPage","@id":"https:\/\/elfsight.com\/it\/facebook-chat-widget\/examples\/","url":"https:\/\/elfsight.com\/it\/facebook-chat-widget\/examples\/","name":"I migliori esempi di widget di Facebook Chat sul un sito web (Vetrina)","isPartOf":{"@id":"https:\/\/elfsight.com\/it\/#website"},"datePublished":"2021-01-27T09:53:16+00:00","dateModified":"2021-08-31T06:20:53+00:00","description":"TOP 9 esempi di Facebook Chat: General, Booking, Support, Chat Button\/Window, ecc. Esempio di Facebook Messenger per il tuo sito web.","breadcrumb":{"@id":"https:\/\/elfsight.com\/it\/facebook-chat-widget\/examples\/#breadcrumb"},"inLanguage":"it-IT","potentialAction":[{"@type":"ReadAction","target":["https:\/\/elfsight.com\/it\/facebook-chat-widget\/examples\/"]}]},{"@type":"BreadcrumbList","@id":"https:\/\/elfsight.com\/it\/facebook-chat-widget\/examples\/#breadcrumb","itemListElement":[{"@type":"ListItem","position":1,"name":"Home","item":"https:\/\/elfsight.com\/it\/"},{"@type":"ListItem","position":2,"name":"Facebook Chat","item":"https:\/\/elfsight.com\/it\/facebook-chat-widget\/"},{"@type":"ListItem","position":3,"name":"Facebook Chat &#8211; examples"}]},{"@type":"WebSite","@id":"https:\/\/elfsight.com\/it\/#website","url":"https:\/\/elfsight.com\/it\/","name":"Elfsight IT","description":"Just another Elfsight Sites site","potentialAction":[{"@type":"SearchAction","target":{"@type":"EntryPoint","urlTemplate":"https:\/\/elfsight.com\/it\/?s={search_term_string}"},"query-input":{"@type":"PropertyValueSpecification","valueRequired":true,"valueName":"search_term_string"}}],"inLanguage":"it-IT"}]}},"meta_box":{"industry":"","seo_heading":"","heading":"","description":"","cta_heading":"","cta_description":"","application":"1455","h1":"Esempi di Facebook Chat","h1_caption":"Controlla gli esempi di chat di Facebook per scoprire il pieno potenziale del widget. Assicurati che si adatti ai tuoi obiettivi.","application_category":[],"applications_title":"","applications_request_title":"","applications_request_button_text":"","hero_text":"","hero_video":"","hero_video_schema_markup":"","selling_points_title":"","selling_points_caption":"","selling_points":[],"selling_points_cta_text":"","features_title":"","features":"","ed_cta_examples_text":"","ed_cta_examples_hidden":"","ed_cta_demo_text":"","ed_cta_demo_hidden":"","why_caption":"","why_editor_title":"","why_editor_text":"","why_team_title":"","why_team_text":"","why_service_title":"","why_service_text":"","template_catalog_visible":"","template_catalog_title":"","template_catalog_text":"","template_catalog_categories_visible":"","demo_title":"","demo_caption":"","default_faq_hidden":"","app_template_category":[],"platform":"","template_public_id":"","codecanyon_url":"","codecanyon_item_id":"","codecanyon_price":"","pricing_caption":"","pricing_elfsight_apps_hide_column":"","pricing_elfsight_apps_url":"","pricing_codecanyon_price_caption":"","integration_category":[],"integration_request_title":"","integration_request_cta":"","integration_platform":"","integrations":[],"platform_category":[],"video_schema_markup":"","price":"","trial":"","benefits":[],"button_url":"","button_target_blank":"","button_nofollow":"","attributes":[],"tags":[],"tags_disable_links":"","hide_more_platforms":"","video_object":"","demo_hide_cta":"","demo_hide_cloud_options":"","pricing_title":"","pricing":[],"related_apps_title":"","related_apps_hidden":"","author":"","image":[],"title":"","job":"","social_networks":[]},"_links":{"self":[{"href":"https:\/\/elfsight.com\/it\/wp-json\/wp\/v2\/pages\/1465","targetHints":{"allow":["GET"]}}],"collection":[{"href":"https:\/\/elfsight.com\/it\/wp-json\/wp\/v2\/pages"}],"about":[{"href":"https:\/\/elfsight.com\/it\/wp-json\/wp\/v2\/types\/page"}],"author":[{"embeddable":true,"href":"https:\/\/elfsight.com\/it\/wp-json\/wp\/v2\/users\/9"}],"replies":[{"embeddable":true,"href":"https:\/\/elfsight.com\/it\/wp-json\/wp\/v2\/comments?post=1465"}],"version-history":[{"count":2,"href":"https:\/\/elfsight.com\/it\/wp-json\/wp\/v2\/pages\/1465\/revisions"}],"predecessor-version":[{"id":1467,"href":"https:\/\/elfsight.com\/it\/wp-json\/wp\/v2\/pages\/1465\/revisions\/1467"}],"up":[{"embeddable":true,"href":"https:\/\/elfsight.com\/it\/wp-json\/wp\/v2\/pages\/1456"}],"wp:attachment":[{"href":"https:\/\/elfsight.com\/it\/wp-json\/wp\/v2\/media?parent=1465"}],"curies":[{"name":"wp","href":"https:\/\/api.w.org\/{rel}","templated":true}]}}