{"id":1420,"date":"2021-01-18T10:48:25","date_gmt":"2021-01-18T10:48:25","guid":{"rendered":"https:\/\/elfsight.com\/it\/?page_id=1420"},"modified":"2021-08-30T11:55:57","modified_gmt":"2021-08-30T11:55:57","slug":"examples","status":"publish","type":"page","link":"https:\/\/elfsight.com\/it\/google-maps-widget\/examples\/","title":{"rendered":"Google Maps &#8211; examples"},"content":{"rendered":"\n<div class=\"application-examples-item\">\n<div class=\"col-row\">\n<div class=\"col-6 col-m-8 col-s-12\">\n<h3 class=\"application-examples-item-title\">Esempio 1: Una mappa chiara e moderata con impostazioni semplici<\/h3>\n<div class=\"application-examples-item-description\">Una variante della mappa classica, che mostra solo le autostrade e ha tutti i livelli aggiuntivi disattivati. Le impostazioni predefinite rendono la mappa molto chiara. La barra laterale \u00e8 disabilitata, c&#8217;\u00e8 un solo indicatore di luogo sulla mappa. Insomma, \u00e8 una mappa semplice e facile da usare.\n<\/div>\n<\/div><\/div><\/div>\n<figure class=\"browser-frame\">\n<img decoding=\"async\" src=\"https:\/\/elfsight.com\/wp-content\/uploads\/2020\/03\/google-maps-examples1.jpg\" alt=\"Esempio classico di Google Maps\"><\/figure>\n<div class=\"application-examples-item\"><div class=\"col-row\"><div class=\"col-6 col-m-8 col-s-12\"><h3 class=\"application-examples-item-title\">Esempio 2: Una mappa per scegliere il luogo pi\u00f9 vicino<\/h3><div class=\"application-examples-item-description\"> Questa mappa mostra tutti i uffici di una societ\u00e0 e per unirli insieme, viene visualizzato un elenco nel pannello della posizione. Ogni indicatore mostra una finestra informativa al passaggio del mouse per controllare i dettagli sulla posizione in pochissimo tempo. Puoi selezionare rapidamente il luogo pi\u00f9 vicino e costruire un percorso per raggiungerlo direttamente sulla pagina.<\/div><\/div><\/div><\/div>\n<figure class=\"browser-frame\">\n<img decoding=\"async\" src=\"https:\/\/elfsight.com\/wp-content\/uploads\/2020\/03\/google-maps-examples2.jpg\" alt=\"Esempio di Google map per scegliere il luogo pi\u00f9 vicino\"><\/figure>\n\n<div class=\"application-examples-item\"><div class=\"col-row\"><div class=\"col-6 col-m-8 col-s-12\"><h3 class=\"application-examples-item-title\">Esempio 3: Una mappa compatta per un aspetto pi\u00f9 bilanciato<\/h3><div class=\"application-examples-item-description\">Una dimensione moderata rende questa variante perfetta per la pagina Contattaci o altre pagine con contenuti diversi. A causa delle dimensioni e dell&#8217;assenza di elementi aggiuntivi, questa mappa si adatta armoniosamente a qualsiasi sfondo del sito web. Gli utenti hanno anche la possibilit\u00e0 di usare la modalit\u00e0 Satellite. L&#8217;utilizzo della combinazione di colori &#8220;Notte&#8221; ha tinto la mappa con toni scuri. <\/div><\/div><\/div><\/div>\n<figure class=\"browser-frame\">\n<img decoding=\"async\" src=\"https:\/\/elfsight.com\/wp-content\/uploads\/2020\/03\/google-maps-examples3.jpg\" alt=\"Esempio di Google map: Una mappa compatta per un aspetto pi\u00f9 bilanciato\"><\/figure>\n<div class=\"application-examples-item\"><div class=\"col-row\"><div class=\"col-6 col-m-8 col-s-12\"><h3 class=\"application-examples-item-title\">Esempio 4: Una mappa informativa con diverse infrastrutture<\/h3><div class=\"application-examples-item-description\">\nUna mappa ricca di marcatori di diverse categorie. La mappa con uno zoom mostra una variet\u00e0 di luoghi a poca distanza. Livelli ed elementi aggiuntivi sono disabilitati: c&#8217;\u00e8 solo una variet\u00e0 di luoghi da visitare e la posizione principale contrassegnata in modo personalizzato per attirare l&#8217;attenzione dello spettatore.<\/div><\/div><\/div><\/div>\n<figure class=\"browser-frame\">\n<img decoding=\"async\" src=\"https:\/\/elfsight.com\/wp-content\/uploads\/2020\/03\/google-maps-examples4.jpg\" alt=\"Esempio di Google map: Una mappa informativa con diverse infrastrutture\"><\/figure>\n<div class=\"application-examples-item\"><div class=\"col-row\"><div class=\"col-6 col-m-8 col-s-12\"><h3 class=\"application-examples-item-title\">Esempio 5: Una mappa con colori personalizzati e indicatori suddivisi in categorie<\/h3><div class=\"application-examples-item-description\">Questo widget \u00e8 un ottimo esempio di come la scelta di un colore possa cambiare l&#8217;aspetto di una mappa. Il colore qui \u00e8 l&#8217;accento principale. Tutti gli altri elementi sono nascosti per non sovraccaricare il design. L&#8217;indicatore principale che mostra la struttura medica ha un simbolo riconoscibile, \u00e8 stato selezionato da una vasta libreria incorporata.<\/div><\/div><\/div><\/div>\n<figure class=\"browser-frame\">\n<img decoding=\"async\" src=\"https:\/\/elfsight.com\/wp-content\/uploads\/2020\/03\/google-maps-examples5.jpg\" alt=\"Esempio di Google map: Una mappa con colori personalizzati e indicatori suddivisi in categorie\"><\/figure>\n","protected":false},"excerpt":{"rendered":"Esempio 1: Una mappa chiara e moderata con impostazioni semplici Una variante della mappa classica, che mostra solo le autostrade e ha tutti i livelli aggiuntivi disattivati. Le impostazioni predefinite rendono la mappa molto chiara. La barra laterale \u00e8 disabilitata, c&#8217;\u00e8 un solo indicatore di luogo sulla mappa. Insomma, \u00e8&#8230;","protected":false},"author":9,"featured_media":0,"parent":1411,"menu_order":0,"comment_status":"closed","ping_status":"closed","template":"templates\/template-application-examples.php","meta":{"publish_to_discourse":"","publish_post_category":"","wpdc_auto_publish_overridden":"","wpdc_topic_tags":"","wpdc_pin_topic":"","wpdc_pin_until":"","discourse_post_id":"","discourse_permalink":"","wpdc_publishing_response":"","wpdc_publishing_error":"","footnotes":""},"class_list":["post-1420","page","type-page","status-publish","hentry"],"yoast_head":"<!-- This site is optimized with the Yoast SEO plugin v25.3.1 - https:\/\/yoast.com\/wordpress\/plugins\/seo\/ -->\n<title>I 5 migliori esempi di Google Maps personalizzati sul sito web (nel 2025)<\/title>\n<meta name=\"description\" content=\"TOP 5 esempi di Google Maps per siti web: clear map, location map, compact map, informative map, custom e altri template per il tuo sito web.\" \/>\n<meta name=\"robots\" content=\"index, follow, max-snippet:-1, max-image-preview:large, max-video-preview:-1\" \/>\n<link rel=\"canonical\" href=\"https:\/\/elfsight.com\/it\/google-maps-widget\/examples\/\" \/>\n<meta property=\"og:locale\" content=\"it_IT\" \/>\n<meta property=\"og:type\" content=\"article\" \/>\n<meta property=\"og:title\" content=\"I 5 migliori esempi di Google Maps personalizzati sul sito web (nel 2025)\" \/>\n<meta property=\"og:description\" content=\"TOP 5 esempi di Google Maps per siti web: clear map, location map, compact map, informative map, custom e altri template per il tuo sito web.\" \/>\n<meta property=\"og:url\" content=\"https:\/\/elfsight.com\/it\/google-maps-widget\/examples\/\" \/>\n<meta property=\"og:site_name\" content=\"Elfsight IT\" \/>\n<meta property=\"article:modified_time\" content=\"2021-08-30T11:55:57+00:00\" \/>\n<meta property=\"og:image\" content=\"https:\/\/elfsight.com\/wp-content\/uploads\/2020\/03\/google-maps-examples1.jpg\" \/>\n<meta name=\"twitter:card\" content=\"summary_large_image\" \/>\n<meta name=\"twitter:label1\" content=\"Tempo di lettura stimato\" \/>\n\t<meta name=\"twitter:data1\" content=\"3 minuti\" \/>\n<!-- \/ Yoast SEO plugin. -->","yoast_head_json":{"title":"I 5 migliori esempi di Google Maps personalizzati sul sito web (nel 2025)","description":"TOP 5 esempi di Google Maps per siti web: clear map, location map, compact map, informative map, custom e altri template per il tuo sito web.","robots":{"index":"index","follow":"follow","max-snippet":"max-snippet:-1","max-image-preview":"max-image-preview:large","max-video-preview":"max-video-preview:-1"},"canonical":"https:\/\/elfsight.com\/it\/google-maps-widget\/examples\/","og_locale":"it_IT","og_type":"article","og_title":"I 5 migliori esempi di Google Maps personalizzati sul sito web (nel 2025)","og_description":"TOP 5 esempi di Google Maps per siti web: clear map, location map, compact map, informative map, custom e altri template per il tuo sito web.","og_url":"https:\/\/elfsight.com\/it\/google-maps-widget\/examples\/","og_site_name":"Elfsight IT","article_modified_time":"2021-08-30T11:55:57+00:00","og_image":[{"url":"https:\/\/elfsight.com\/wp-content\/uploads\/2020\/03\/google-maps-examples1.jpg","type":"","width":"","height":""}],"twitter_card":"summary_large_image","twitter_misc":{"Tempo di lettura stimato":"3 minuti"},"schema":{"@context":"https:\/\/schema.org","@graph":[{"@type":"WebPage","@id":"https:\/\/elfsight.com\/it\/google-maps-widget\/examples\/","url":"https:\/\/elfsight.com\/it\/google-maps-widget\/examples\/","name":"I 5 migliori esempi di Google Maps personalizzati sul sito web (nel 2025)","isPartOf":{"@id":"https:\/\/elfsight.com\/it\/#website"},"primaryImageOfPage":{"@id":"https:\/\/elfsight.com\/it\/google-maps-widget\/examples\/#primaryimage"},"image":{"@id":"https:\/\/elfsight.com\/it\/google-maps-widget\/examples\/#primaryimage"},"thumbnailUrl":"https:\/\/elfsight.com\/wp-content\/uploads\/2020\/03\/google-maps-examples1.jpg","datePublished":"2021-01-18T10:48:25+00:00","dateModified":"2021-08-30T11:55:57+00:00","description":"TOP 5 esempi di Google Maps per siti web: clear map, location map, compact map, informative map, custom e altri template per il tuo sito web.","breadcrumb":{"@id":"https:\/\/elfsight.com\/it\/google-maps-widget\/examples\/#breadcrumb"},"inLanguage":"it-IT","potentialAction":[{"@type":"ReadAction","target":["https:\/\/elfsight.com\/it\/google-maps-widget\/examples\/"]}]},{"@type":"ImageObject","inLanguage":"it-IT","@id":"https:\/\/elfsight.com\/it\/google-maps-widget\/examples\/#primaryimage","url":"https:\/\/elfsight.com\/wp-content\/uploads\/2020\/03\/google-maps-examples1.jpg","contentUrl":"https:\/\/elfsight.com\/wp-content\/uploads\/2020\/03\/google-maps-examples1.jpg"},{"@type":"BreadcrumbList","@id":"https:\/\/elfsight.com\/it\/google-maps-widget\/examples\/#breadcrumb","itemListElement":[{"@type":"ListItem","position":1,"name":"Home","item":"https:\/\/elfsight.com\/it\/"},{"@type":"ListItem","position":2,"name":"Google Maps","item":"https:\/\/elfsight.com\/it\/google-maps-widget\/"},{"@type":"ListItem","position":3,"name":"Google Maps &#8211; examples"}]},{"@type":"WebSite","@id":"https:\/\/elfsight.com\/it\/#website","url":"https:\/\/elfsight.com\/it\/","name":"Elfsight IT","description":"Just another Elfsight Sites site","potentialAction":[{"@type":"SearchAction","target":{"@type":"EntryPoint","urlTemplate":"https:\/\/elfsight.com\/it\/?s={search_term_string}"},"query-input":{"@type":"PropertyValueSpecification","valueRequired":true,"valueName":"search_term_string"}}],"inLanguage":"it-IT"}]}},"meta_box":{"industry":"","seo_heading":"","heading":"","description":"","cta_heading":"","cta_description":"","application":"1410","h1":"Esempi di Google Maps","h1_caption":"Controlla gli esempi di mappe per scoprire il pieno potenziale del widget. Assicurati che si adatti ai tuoi obiettivi.","application_category":[],"applications_title":"","applications_request_title":"","applications_request_button_text":"","hero_text":"","hero_video":"","hero_video_schema_markup":"","selling_points_title":"","selling_points_caption":"","selling_points":[],"selling_points_cta_text":"","features_title":"","features":"","ed_cta_examples_text":"","ed_cta_examples_hidden":"","ed_cta_demo_text":"","ed_cta_demo_hidden":"","why_caption":"","why_editor_title":"","why_editor_text":"","why_team_title":"","why_team_text":"","why_service_title":"","why_service_text":"","template_catalog_visible":"","template_catalog_title":"","template_catalog_text":"","template_catalog_categories_visible":"","demo_title":"","demo_caption":"","default_faq_hidden":"","app_template_category":[],"platform":"","template_public_id":"","codecanyon_url":"","codecanyon_item_id":"","codecanyon_price":"","pricing_caption":"","pricing_elfsight_apps_hide_column":"","pricing_elfsight_apps_url":"","pricing_codecanyon_price_caption":"","integration_category":[],"integration_request_title":"","integration_request_cta":"","integration_platform":"","integrations":[],"platform_category":[],"video_schema_markup":"","price":"","trial":"","benefits":[],"button_url":"","button_target_blank":"","button_nofollow":"","attributes":[],"tags":[],"tags_disable_links":"","hide_more_platforms":"","video_object":"","demo_hide_cta":"","demo_hide_cloud_options":"","pricing_title":"","pricing":[],"related_apps_title":"","related_apps_hidden":"","author":"","image":[],"title":"","job":"","social_networks":[]},"_links":{"self":[{"href":"https:\/\/elfsight.com\/it\/wp-json\/wp\/v2\/pages\/1420","targetHints":{"allow":["GET"]}}],"collection":[{"href":"https:\/\/elfsight.com\/it\/wp-json\/wp\/v2\/pages"}],"about":[{"href":"https:\/\/elfsight.com\/it\/wp-json\/wp\/v2\/types\/page"}],"author":[{"embeddable":true,"href":"https:\/\/elfsight.com\/it\/wp-json\/wp\/v2\/users\/9"}],"replies":[{"embeddable":true,"href":"https:\/\/elfsight.com\/it\/wp-json\/wp\/v2\/comments?post=1420"}],"version-history":[{"count":2,"href":"https:\/\/elfsight.com\/it\/wp-json\/wp\/v2\/pages\/1420\/revisions"}],"predecessor-version":[{"id":1422,"href":"https:\/\/elfsight.com\/it\/wp-json\/wp\/v2\/pages\/1420\/revisions\/1422"}],"up":[{"embeddable":true,"href":"https:\/\/elfsight.com\/it\/wp-json\/wp\/v2\/pages\/1411"}],"wp:attachment":[{"href":"https:\/\/elfsight.com\/it\/wp-json\/wp\/v2\/media?parent=1420"}],"curies":[{"name":"wp","href":"https:\/\/api.w.org\/{rel}","templated":true}]}}