{"id":1398,"date":"2021-01-14T10:03:50","date_gmt":"2021-01-14T10:03:50","guid":{"rendered":"https:\/\/elfsight.com\/it\/?page_id=1398"},"modified":"2021-08-31T08:35:57","modified_gmt":"2021-08-31T08:35:57","slug":"examples","status":"publish","type":"page","link":"https:\/\/elfsight.com\/it\/cookie-consent-widget\/examples\/","title":{"rendered":"Cookie Consent &#8211; Examples"},"content":{"rendered":"\n<div class=\"application-examples-item application-examples-item-loading\">\n                            <div class=\"col-row\">\n                                <div class=\"col-6 col-m-8 col-s-12\"><h3 class=\"application-examples-item-title\">Esempio 1: Top Banner<\/h3><div class=\"application-examples-item-description\">In questo esempio, la notifica dei cookie viene posizionata nella parte superiore della pagina come banner. Non si sovrappone al contenuto della pagina ma rimane visibile agli utenti. Il pulsante OK serve per chiudere il banner quando gli utenti hanno letto il messaggio. Per rendere il widget pi\u00f9 luminoso e pi\u00f9 interessante, puoi utilizzare una graziosa icona di un cookie accanto al testo.<\/div><\/div>\n                <\/div>\n\n                <div class=\"application-examples-item-iframe-container browser-frame\">\n                    <div class=\"application-examples-item-iframe-wrapper\">\n                        <iframe class=\"application-examples-item-iframe\" data-src=\"https:\/\/elfsight.com\/examples?widget_id=6be6b5ff-40c2-4261-9ac2-56a7570836d2&padding=28px+40px+40px\" width=\"100%\" allow=\"autoplay; fullscreen\"><\/iframe>\n                    <\/div>\n\n                    <div class=\"application-examples-item-loader\"><\/div>\n                <\/div>\n            <\/div>\n<div class=\"application-examples-item application-examples-item-loading\">\n                            <div class=\"col-row\">\n                                <div class=\"col-6 col-m-8 col-s-12\"><h3 class=\"application-examples-item-title\">Esempio 2: Right Floating Box<\/h3><div class=\"application-examples-item-description\">La notifica Floating Box non ha alcuna possibilit\u00e0 di essere persa, poich\u00e9 si sposta con lo scorrimento dell'utente e rimane sempre visibile. Puoi vedere che la finestra ha due pulsanti: \u201cAccetto\u201d e \u201cDeclino\u201d e offre agli utenti il  consenso per i cookie.<\/div><\/div>\n                <\/div>\n\n                <div class=\"application-examples-item-iframe-container browser-frame\">\n                    <div class=\"application-examples-item-iframe-wrapper\">\n                        <iframe class=\"application-examples-item-iframe\" data-src=\"https:\/\/elfsight.com\/examples?widget_id=52d099b5-48ce-4d31-bcbb-bf23f8116e5a&padding=28px+40px+40px\" width=\"100%\" allow=\"autoplay; fullscreen\"><\/iframe>\n                    <\/div>\n\n                    <div class=\"application-examples-item-loader\"><\/div>\n                <\/div>\n            <\/div>\n<div class=\"application-examples-item application-examples-item-loading\">\n                            <div class=\"col-row\">\n                                <div class=\"col-6 col-m-8 col-s-12\"><h3 class=\"application-examples-item-title\">Esempio 3: Center Floating Box<\/h3><div class=\"application-examples-item-description\">Questa \u00e8 l'opzione di notifica pi\u00f9 classica e pi\u00f9 semplice. Il widget \u00e8 centrato nella parte inferiore della pagina. C'\u00e8 solo un breve testo di notifica, nessun pulsante o elementi aggiuntivi. Per chiudere la finestra, gli utenti devono semplicemente fare clic sulla croce nell'angolo in alto a destra.<\/div><\/div>\n                <\/div>\n\n                <div class=\"application-examples-item-iframe-container browser-frame\">\n                    <div class=\"application-examples-item-iframe-wrapper\">\n                        <iframe class=\"application-examples-item-iframe\" data-src=\"https:\/\/elfsight.com\/examples?widget_id=c4139600-1d39-458f-9ec5-6c540c65531f&padding=28px+40px+40px\" width=\"100%\" allow=\"autoplay; fullscreen\"><\/iframe>\n                    <\/div>\n\n                    <div class=\"application-examples-item-loader\"><\/div>\n                <\/div>\n            <\/div>\n<div class=\"application-examples-item application-examples-item-loading\">\n                            <div class=\"col-row\">\n                                <div class=\"col-6 col-m-8 col-s-12\"><h3 class=\"application-examples-item-title\">Esempio 4: Left Floating Box<\/h3><div class=\"application-examples-item-description\">Guarda com'\u00e8 facile creare un widget piccolo ma informativo. La finestra contiene solo testo che informa sull'uso dei cookie, e un link alla privacy policy del sito. Il testo del link \u00e8 colorato in blu in modo che l'utente possa capire che pu\u00f2 essere cliccato.<\/div><\/div>\n                <\/div>\n\n                <div class=\"application-examples-item-iframe-container browser-frame\">\n                    <div class=\"application-examples-item-iframe-wrapper\">\n                        <iframe class=\"application-examples-item-iframe\" data-src=\"https:\/\/elfsight.com\/examples?widget_id=1ea10a66-e0c9-449c-ba43-9c8bed9fd096&padding=28px+40px+40px\" width=\"100%\" allow=\"autoplay; fullscreen\"><\/iframe>\n                    <\/div>\n\n                    <div class=\"application-examples-item-loader\"><\/div>\n                <\/div>\n            <\/div>\n<div class=\"application-examples-item application-examples-item-loading\">\n                            <div class=\"col-row\">\n                                <div class=\"col-6 col-m-8 col-s-12\"><h3 class=\"application-examples-item-title\">Esempio 5: Bottom Banner<\/h3><div class=\"application-examples-item-description\">\u00c8 possibile rendere la finestra di notifica dei cookie il pi\u00f9 contrastante possibile. In questo esempio, lo sfondo \u00e8 nero, il testo della notifica \u00e8 bianco, mentre il design del pulsante \u00e8 diverso: lo sfondo \u00e8 bianco e il testo \u00e8 nero. Il testo della notifica pu\u00f2 essere facilmente modificato nelle impostazioni.<\/div><\/div>\n                <\/div>\n\n                <div class=\"application-examples-item-iframe-container browser-frame\">\n                    <div class=\"application-examples-item-iframe-wrapper\">\n                        <iframe class=\"application-examples-item-iframe\" data-src=\"https:\/\/elfsight.com\/examples?widget_id=60d75247-4026-4b20-aa40-89c0783399e0&padding=28px+40px+40px\" width=\"100%\" allow=\"autoplay; fullscreen\"><\/iframe>\n                    <\/div>\n\n                    <div class=\"application-examples-item-loader\"><\/div>\n                <\/div>\n            <\/div>\n","protected":false},"excerpt":{"rendered":"","protected":false},"author":9,"featured_media":0,"parent":1389,"menu_order":0,"comment_status":"closed","ping_status":"closed","template":"templates\/template-application-examples.php","meta":{"publish_to_discourse":"","publish_post_category":"","wpdc_auto_publish_overridden":"","wpdc_topic_tags":"","wpdc_pin_topic":"","wpdc_pin_until":"","discourse_post_id":"","discourse_permalink":"","wpdc_publishing_response":"","wpdc_publishing_error":"","footnotes":""},"class_list":["post-1398","page","type-page","status-publish","hentry"],"yoast_head":"<!-- This site is optimized with the Yoast SEO plugin v25.3.1 - https:\/\/yoast.com\/wordpress\/plugins\/seo\/ -->\n<title>I 5 migliori esempi di widget Cookie Consent sui siti web (2026)<\/title>\n<meta name=\"description\" content=\"TOP 5 esempi di integrazione di Cookie Consent: Top, Right\/Left or Center Floating Box, Bottom Banner e altri template per il tuo sito web.\" \/>\n<meta name=\"robots\" content=\"index, follow, max-snippet:-1, max-image-preview:large, max-video-preview:-1\" \/>\n<link rel=\"canonical\" href=\"https:\/\/elfsight.com\/it\/cookie-consent-widget\/examples\/\" \/>\n<meta property=\"og:locale\" content=\"it_IT\" \/>\n<meta property=\"og:type\" content=\"article\" \/>\n<meta property=\"og:title\" content=\"I 5 migliori esempi di widget Cookie Consent sui siti web (2026)\" \/>\n<meta property=\"og:description\" content=\"TOP 5 esempi di integrazione di Cookie Consent: Top, Right\/Left or Center Floating Box, Bottom Banner e altri template per il tuo sito web.\" \/>\n<meta property=\"og:url\" content=\"https:\/\/elfsight.com\/it\/cookie-consent-widget\/examples\/\" \/>\n<meta property=\"og:site_name\" content=\"Elfsight IT\" \/>\n<meta property=\"article:modified_time\" content=\"2021-08-31T08:35:57+00:00\" \/>\n<meta name=\"twitter:card\" content=\"summary_large_image\" \/>\n<meta name=\"twitter:label1\" content=\"Tempo di lettura stimato\" \/>\n\t<meta name=\"twitter:data1\" content=\"2 minuti\" \/>\n<!-- \/ Yoast SEO plugin. -->","yoast_head_json":{"title":"I 5 migliori esempi di widget Cookie Consent sui siti web (2026)","description":"TOP 5 esempi di integrazione di Cookie Consent: Top, Right\/Left or Center Floating Box, Bottom Banner e altri template per il tuo sito web.","robots":{"index":"index","follow":"follow","max-snippet":"max-snippet:-1","max-image-preview":"max-image-preview:large","max-video-preview":"max-video-preview:-1"},"canonical":"https:\/\/elfsight.com\/it\/cookie-consent-widget\/examples\/","og_locale":"it_IT","og_type":"article","og_title":"I 5 migliori esempi di widget Cookie Consent sui siti web (2026)","og_description":"TOP 5 esempi di integrazione di Cookie Consent: Top, Right\/Left or Center Floating Box, Bottom Banner e altri template per il tuo sito web.","og_url":"https:\/\/elfsight.com\/it\/cookie-consent-widget\/examples\/","og_site_name":"Elfsight IT","article_modified_time":"2021-08-31T08:35:57+00:00","twitter_card":"summary_large_image","twitter_misc":{"Tempo di lettura stimato":"2 minuti"},"schema":{"@context":"https:\/\/schema.org","@graph":[{"@type":"WebPage","@id":"https:\/\/elfsight.com\/it\/cookie-consent-widget\/examples\/","url":"https:\/\/elfsight.com\/it\/cookie-consent-widget\/examples\/","name":"I 5 migliori esempi di widget Cookie Consent sui siti web (2026)","isPartOf":{"@id":"https:\/\/elfsight.com\/it\/#website"},"datePublished":"2021-01-14T10:03:50+00:00","dateModified":"2021-08-31T08:35:57+00:00","description":"TOP 5 esempi di integrazione di Cookie Consent: Top, Right\/Left or Center Floating Box, Bottom Banner e altri template per il tuo sito web.","breadcrumb":{"@id":"https:\/\/elfsight.com\/it\/cookie-consent-widget\/examples\/#breadcrumb"},"inLanguage":"it-IT","potentialAction":[{"@type":"ReadAction","target":["https:\/\/elfsight.com\/it\/cookie-consent-widget\/examples\/"]}]},{"@type":"BreadcrumbList","@id":"https:\/\/elfsight.com\/it\/cookie-consent-widget\/examples\/#breadcrumb","itemListElement":[{"@type":"ListItem","position":1,"name":"Home","item":"https:\/\/elfsight.com\/it\/"},{"@type":"ListItem","position":2,"name":"Cookie Consent","item":"https:\/\/elfsight.com\/it\/cookie-consent-widget\/"},{"@type":"ListItem","position":3,"name":"Cookie Consent &#8211; Examples"}]},{"@type":"WebSite","@id":"https:\/\/elfsight.com\/it\/#website","url":"https:\/\/elfsight.com\/it\/","name":"Elfsight IT","description":"Just another Elfsight Sites site","potentialAction":[{"@type":"SearchAction","target":{"@type":"EntryPoint","urlTemplate":"https:\/\/elfsight.com\/it\/?s={search_term_string}"},"query-input":{"@type":"PropertyValueSpecification","valueRequired":true,"valueName":"search_term_string"}}],"inLanguage":"it-IT"}]}},"meta_box":{"industry":"","seo_heading":"","heading":"","description":"","cta_heading":"","cta_description":"","application":"1388","h1":"Esempi di Cookie Consent","h1_caption":"Controlla gli esempi di Cookie Consent per scoprire il pieno potenziale del widget. Assicurati che si adatti ai tuoi obiettivi.","application_category":[],"applications_title":"","applications_request_title":"","applications_request_button_text":"","hero_text":"","hero_video":"","hero_video_schema_markup":"","selling_points_title":"","selling_points_caption":"","selling_points":[],"selling_points_cta_text":"","features_title":"","features":"","ed_cta_examples_text":"","ed_cta_examples_hidden":"","ed_cta_demo_text":"","ed_cta_demo_hidden":"","why_caption":"","why_editor_title":"","why_editor_text":"","why_team_title":"","why_team_text":"","why_service_title":"","why_service_text":"","template_catalog_visible":"","template_catalog_title":"","template_catalog_text":"","template_catalog_categories_visible":"","demo_title":"","demo_caption":"","default_faq_hidden":"","app_template_category":[],"platform":"","template_public_id":"","codecanyon_url":"","codecanyon_item_id":"","codecanyon_price":"","pricing_caption":"","pricing_elfsight_apps_hide_column":"","pricing_elfsight_apps_url":"","pricing_codecanyon_price_caption":"","integration_category":[],"integration_request_title":"","integration_request_cta":"","integration_platform":"","integrations":[],"platform_category":[],"video_schema_markup":"","price":"","trial":"","benefits":[],"button_url":"","button_target_blank":"","button_nofollow":"","attributes":[],"tags":[],"tags_disable_links":"","hide_more_platforms":"","video_object":"","demo_hide_cta":"","demo_hide_cloud_options":"","pricing_title":"","pricing":[],"related_apps_title":"","related_apps_hidden":"","author":"","image":[],"title":"","job":"","social_networks":[]},"_links":{"self":[{"href":"https:\/\/elfsight.com\/it\/wp-json\/wp\/v2\/pages\/1398","targetHints":{"allow":["GET"]}}],"collection":[{"href":"https:\/\/elfsight.com\/it\/wp-json\/wp\/v2\/pages"}],"about":[{"href":"https:\/\/elfsight.com\/it\/wp-json\/wp\/v2\/types\/page"}],"author":[{"embeddable":true,"href":"https:\/\/elfsight.com\/it\/wp-json\/wp\/v2\/users\/9"}],"replies":[{"embeddable":true,"href":"https:\/\/elfsight.com\/it\/wp-json\/wp\/v2\/comments?post=1398"}],"version-history":[{"count":2,"href":"https:\/\/elfsight.com\/it\/wp-json\/wp\/v2\/pages\/1398\/revisions"}],"predecessor-version":[{"id":1400,"href":"https:\/\/elfsight.com\/it\/wp-json\/wp\/v2\/pages\/1398\/revisions\/1400"}],"up":[{"embeddable":true,"href":"https:\/\/elfsight.com\/it\/wp-json\/wp\/v2\/pages\/1389"}],"wp:attachment":[{"href":"https:\/\/elfsight.com\/it\/wp-json\/wp\/v2\/media?parent=1398"}],"curies":[{"name":"wp","href":"https:\/\/api.w.org\/{rel}","templated":true}]}}