{"id":1395,"date":"2021-01-14T09:59:23","date_gmt":"2021-01-14T09:59:23","guid":{"rendered":"https:\/\/elfsight.com\/it\/?page_id=1395"},"modified":"2021-08-30T12:36:27","modified_gmt":"2021-08-30T12:36:27","slug":"features","status":"publish","type":"page","link":"https:\/\/elfsight.com\/it\/cookie-consent-widget\/features\/","title":{"rendered":"Cookie Consent &#8211; Features"},"content":{"rendered":"\n<section class=\"application-features-group section\" id=\"Notification\">\n                    <div class=\"inner\">\n                        <div class=\"col-row\">\n                            <div class=\"col-6 col-offset-3 col-m-12 col-m-offset-0\">\n<h3>Scegli il tipo di consenso<\/h3>\n<p>Esistono due tipi di consenso ai cookie e puoi selezionare quello che ti piace. Uno dice semplicemente ai tuoi visitatori che il tuo sito web utilizza i cookie e l&#8217;altro chiede loro di scegliere se accettano di continuare con i cookie. A seconda del tipo scelto, ci saranno uno o due pulsanti nella finestra pop-up.<\/p>\n<h3>Scrivi un testo di notifica<\/h3>\n<p>Il testo della tua notifica \u00e8 molto importante. Dovrebbe spiegare chiaramente perch\u00e9 il sito utilizza i cookie ed essere scritto in modo amichevole. Puoi inserire il tuo testo, ma anche applicare i stili diversi: modificare le dimensioni, l&#8217;allineamento, aggiungere elenchi e, se necessario, aggiungere i link.<\/p>\n<h3>Racconta di pi\u00f9 sulla politica sulla privacy<\/h3>\n<p>Vuoi dire agli utenti di pi\u00f9 sulla tua cookie policy? Puoi farlo anche tramite il widget. Abbiamo incluso un&#8217;opzione per condividere un link alla tua politica in modo che gli utenti possano leggerlo e prendere la decisione giusta. Facendo clic sul link si aprir\u00e0 una nuova finestra del browser.<\/p>\n<h3>Mostra o nascondi pulsante e aggiungi il testo<\/h3>\n<p>A seconda del tipo di conformit\u00e0 che scegli, puoi gestire i pulsanti che appaiono agli utenti. Per il tipo di notifica semplice, puoi scegliere di mostrare il pulsante di conferma o di farne a meno. Se crei una notifica che richiede la scelta dell&#8217;utente, vengono visualizzati due pulsanti: &#8220;Accetto&#8221; e &#8220;Annulla&#8221;. In ogni caso, puoi aggiungere il tuo testo e le tue impostazioni.<\/p>\n<\/div>\n                        <\/div>\n                    <\/div>\n\n                    <div class=\"application-features-group-title\">Notification<\/div>\n                <\/section>\n<section class=\"application-features-group section\" id=\"Layout\">\n                    <div class=\"inner\">\n                        <div class=\"col-row\">\n                            <div class=\"col-6 col-offset-3 col-m-12 col-m-offset-0\">\n<h3>Un look classico nel layout Bar<\/h3>\n<p>Il layout Bar ti permetter\u00e0 di creare un widget orizzontale per l&#8217;intera larghezza dello schermo. Gli utenti sono pi\u00f9 abituati a questa opzione. Pu\u00f2 essere posizionato in alto o in basso della pagina. Il layout Bar non interferisce con i contenuti del sito web e allo stesso tempo rimane visibile.<\/p>\n<h3>Layout Box per un aspetto moderato<\/h3>\n<p>Se scegli il layout Box, il widget verr\u00e0 inserito in una finestra moderata che risponde alla quantit\u00e0 di testo e alle dimensioni dello schermo. \u00c8 possibile posizionare un widget di questo tipo in alto o in basso della pagina e anche allinearlo a sinistra, a destra o al centro.<\/p>\n<\/div>\n                        <\/div>\n                    <\/div>\n\n                    <div class=\"application-features-group-title\">Layout<\/div>\n                <\/section>\n<section class=\"application-features-group section\" id=\"Style\">\n                    <div class=\"inner\">\n                        <div class=\"col-row\">\n                            <div class=\"col-6 col-offset-3 col-m-12 col-m-offset-0\">\n<h3>Scegli i tuoi colori<\/h3>\n<p>Sappiamo quanto sia importante che la finestra di consenso ai cookie corrisponda allo stile generale del sito. Nel widget Cookie Consent di Elfsight puoi impostare i colori di sfondo, testo, link e pulsanti.<\/p>\n<h3>Aggiungi un&#8217;icona cookie<\/h3>\n<p>Puoi rompere la seriet\u00e0 del testo con l&#8217;aiuto di una divertente icona di cookie. \u00c8 possibile selezionare un&#8217;icona dall&#8217;elenco per dare vivacit\u00e0 all&#8217;aspetto del widget.<\/p>\n<\/div>\n                        <\/div>\n                    <\/div>\n\n                    <div class=\"application-features-group-title\">Style<\/div>\n                <\/section>\n","protected":false},"excerpt":{"rendered":"","protected":false},"author":9,"featured_media":0,"parent":1389,"menu_order":0,"comment_status":"closed","ping_status":"closed","template":"templates\/template-application-features.php","meta":{"publish_to_discourse":"","publish_post_category":"","wpdc_auto_publish_overridden":"","wpdc_topic_tags":"","wpdc_pin_topic":"","wpdc_pin_until":"","discourse_post_id":"","discourse_permalink":"","wpdc_publishing_response":"","wpdc_publishing_error":"","footnotes":""},"class_list":["post-1395","page","type-page","status-publish","hentry"],"yoast_head":"<!-- This site is optimized with the Yoast SEO plugin v25.3.1 - https:\/\/yoast.com\/wordpress\/plugins\/seo\/ -->\n<title>Responsive Cookie Consent - Funzionalit\u00e0 (15 impostazioni)<\/title>\n<meta name=\"description\" content=\"Prova le funzionalit\u00e0 di Cookie Consent in una demo live. Impostazioni personalizzate e layout responsive per qualsiasi dispositivo.\" \/>\n<meta name=\"robots\" content=\"index, follow, max-snippet:-1, max-image-preview:large, max-video-preview:-1\" \/>\n<link rel=\"canonical\" href=\"https:\/\/elfsight.com\/it\/cookie-consent-widget\/features\/\" \/>\n<meta property=\"og:locale\" content=\"it_IT\" \/>\n<meta property=\"og:type\" content=\"article\" \/>\n<meta property=\"og:title\" content=\"Responsive Cookie Consent - Funzionalit\u00e0 (15 impostazioni)\" \/>\n<meta property=\"og:description\" content=\"Prova le funzionalit\u00e0 di Cookie Consent in una demo live. Impostazioni personalizzate e layout responsive per qualsiasi dispositivo.\" \/>\n<meta property=\"og:url\" content=\"https:\/\/elfsight.com\/it\/cookie-consent-widget\/features\/\" \/>\n<meta property=\"og:site_name\" content=\"Elfsight IT\" \/>\n<meta property=\"article:modified_time\" content=\"2021-08-30T12:36:27+00:00\" \/>\n<meta name=\"twitter:card\" content=\"summary_large_image\" \/>\n<meta name=\"twitter:label1\" content=\"Tempo di lettura stimato\" \/>\n\t<meta name=\"twitter:data1\" content=\"2 minuti\" \/>\n<!-- \/ Yoast SEO plugin. -->","yoast_head_json":{"title":"Responsive Cookie Consent - Funzionalit\u00e0 (15 impostazioni)","description":"Prova le funzionalit\u00e0 di Cookie Consent in una demo live. Impostazioni personalizzate e layout responsive per qualsiasi dispositivo.","robots":{"index":"index","follow":"follow","max-snippet":"max-snippet:-1","max-image-preview":"max-image-preview:large","max-video-preview":"max-video-preview:-1"},"canonical":"https:\/\/elfsight.com\/it\/cookie-consent-widget\/features\/","og_locale":"it_IT","og_type":"article","og_title":"Responsive Cookie Consent - Funzionalit\u00e0 (15 impostazioni)","og_description":"Prova le funzionalit\u00e0 di Cookie Consent in una demo live. Impostazioni personalizzate e layout responsive per qualsiasi dispositivo.","og_url":"https:\/\/elfsight.com\/it\/cookie-consent-widget\/features\/","og_site_name":"Elfsight IT","article_modified_time":"2021-08-30T12:36:27+00:00","twitter_card":"summary_large_image","twitter_misc":{"Tempo di lettura stimato":"2 minuti"},"schema":{"@context":"https:\/\/schema.org","@graph":[{"@type":"WebPage","@id":"https:\/\/elfsight.com\/it\/cookie-consent-widget\/features\/","url":"https:\/\/elfsight.com\/it\/cookie-consent-widget\/features\/","name":"Responsive Cookie Consent - Funzionalit\u00e0 (15 impostazioni)","isPartOf":{"@id":"https:\/\/elfsight.com\/it\/#website"},"datePublished":"2021-01-14T09:59:23+00:00","dateModified":"2021-08-30T12:36:27+00:00","description":"Prova le funzionalit\u00e0 di Cookie Consent in una demo live. Impostazioni personalizzate e layout responsive per qualsiasi dispositivo.","breadcrumb":{"@id":"https:\/\/elfsight.com\/it\/cookie-consent-widget\/features\/#breadcrumb"},"inLanguage":"it-IT","potentialAction":[{"@type":"ReadAction","target":["https:\/\/elfsight.com\/it\/cookie-consent-widget\/features\/"]}]},{"@type":"BreadcrumbList","@id":"https:\/\/elfsight.com\/it\/cookie-consent-widget\/features\/#breadcrumb","itemListElement":[{"@type":"ListItem","position":1,"name":"Home","item":"https:\/\/elfsight.com\/it\/"},{"@type":"ListItem","position":2,"name":"Cookie Consent","item":"https:\/\/elfsight.com\/it\/cookie-consent-widget\/"},{"@type":"ListItem","position":3,"name":"Cookie Consent &#8211; Features"}]},{"@type":"WebSite","@id":"https:\/\/elfsight.com\/it\/#website","url":"https:\/\/elfsight.com\/it\/","name":"Elfsight IT","description":"Just another Elfsight Sites site","potentialAction":[{"@type":"SearchAction","target":{"@type":"EntryPoint","urlTemplate":"https:\/\/elfsight.com\/it\/?s={search_term_string}"},"query-input":{"@type":"PropertyValueSpecification","valueRequired":true,"valueName":"search_term_string"}}],"inLanguage":"it-IT"}]}},"meta_box":{"industry":"","seo_heading":"","heading":"","description":"","cta_heading":"","cta_description":"","application":"1388","h1":"Funzionalit\u00e0 di Cookie Consent","h1_caption":"Esplora tutte le funzionalit\u00e0 di Elfsight Cookie Consent e come possono aiutarti a creare il widget pi\u00f9 efficace.","application_category":[],"applications_title":"","applications_request_title":"","applications_request_button_text":"","hero_text":"","hero_video":"","hero_video_schema_markup":"","selling_points_title":"","selling_points_caption":"","selling_points":[],"selling_points_cta_text":"","features_title":"","features":"","ed_cta_examples_text":"","ed_cta_examples_hidden":"","ed_cta_demo_text":"","ed_cta_demo_hidden":"","why_caption":"","why_editor_title":"","why_editor_text":"","why_team_title":"","why_team_text":"","why_service_title":"","why_service_text":"","template_catalog_visible":"","template_catalog_title":"","template_catalog_text":"","template_catalog_categories_visible":"","demo_title":"","demo_caption":"","default_faq_hidden":"","app_template_category":[],"platform":"","template_public_id":"","codecanyon_url":"","codecanyon_item_id":"","codecanyon_price":"","pricing_caption":"","pricing_elfsight_apps_hide_column":"","pricing_elfsight_apps_url":"","pricing_codecanyon_price_caption":"","integration_category":[],"integration_request_title":"","integration_request_cta":"","integration_platform":"","integrations":[],"platform_category":[],"video_schema_markup":"","price":"","trial":"","benefits":[],"button_url":"","button_target_blank":"","button_nofollow":"","attributes":[],"tags":[],"tags_disable_links":"","hide_more_platforms":"","video_object":"","demo_hide_cta":"","demo_hide_cloud_options":"","pricing_title":"","pricing":[],"related_apps_title":"","related_apps_hidden":"","author":"","image":[],"title":"","job":"","social_networks":[]},"_links":{"self":[{"href":"https:\/\/elfsight.com\/it\/wp-json\/wp\/v2\/pages\/1395","targetHints":{"allow":["GET"]}}],"collection":[{"href":"https:\/\/elfsight.com\/it\/wp-json\/wp\/v2\/pages"}],"about":[{"href":"https:\/\/elfsight.com\/it\/wp-json\/wp\/v2\/types\/page"}],"author":[{"embeddable":true,"href":"https:\/\/elfsight.com\/it\/wp-json\/wp\/v2\/users\/9"}],"replies":[{"embeddable":true,"href":"https:\/\/elfsight.com\/it\/wp-json\/wp\/v2\/comments?post=1395"}],"version-history":[{"count":2,"href":"https:\/\/elfsight.com\/it\/wp-json\/wp\/v2\/pages\/1395\/revisions"}],"predecessor-version":[{"id":1397,"href":"https:\/\/elfsight.com\/it\/wp-json\/wp\/v2\/pages\/1395\/revisions\/1397"}],"up":[{"embeddable":true,"href":"https:\/\/elfsight.com\/it\/wp-json\/wp\/v2\/pages\/1389"}],"wp:attachment":[{"href":"https:\/\/elfsight.com\/it\/wp-json\/wp\/v2\/media?parent=1395"}],"curies":[{"name":"wp","href":"https:\/\/api.w.org\/{rel}","templated":true}]}}