{"id":1377,"date":"2021-01-11T11:03:38","date_gmt":"2021-01-11T11:03:38","guid":{"rendered":"https:\/\/elfsight.com\/it\/?page_id=1377"},"modified":"2021-08-30T13:41:34","modified_gmt":"2021-08-30T13:41:34","slug":"examples","status":"publish","type":"page","link":"https:\/\/elfsight.com\/it\/twitter-feed-widget\/examples\/","title":{"rendered":"Twitter Feed &#8211; examples"},"content":{"rendered":"\n<div class=\"application-examples-item application-examples-item-loading\">\n                            <div class=\"col-row\">\n                                <div class=\"col-6 col-m-8 col-s-12\"><h3 class=\"application-examples-item-title\">Esempio 1: Profile Timeline<\/h3><div class=\"application-examples-item-description\">Dimostra il tuo profilo Twitter sul sito web salvando lo stile e il design originali. Il widget mostrer\u00e0 l'intestazione con tutti i conteggi e il pulsante Segui e contrassegner\u00e0 il tuo account con un'icona speciale se il tuo profilo \u00e8 verificato.<\/div><\/div>\n                <\/div>\n\n                <div class=\"application-examples-item-iframe-container browser-frame\">\n                    <div class=\"application-examples-item-iframe-wrapper\">\n                        <iframe class=\"application-examples-item-iframe\" data-src=\"https:\/\/elfsight.com\/examples?widget_id=d52b7ceb-a4d8-4564-93b4-6f1e6fdec1e9&padding=20px\" width=\"100%\" allow=\"autoplay; fullscreen\"><\/iframe>\n                    <\/div>\n\n                    <div class=\"application-examples-item-loader\"><\/div>\n                <\/div>\n            <\/div>\n<div class=\"application-examples-item application-examples-item-loading\">\n                            <div class=\"col-row\">\n                                <div class=\"col-6 col-m-8 col-s-12\"><h3 class=\"application-examples-item-title\">Esempio 2: Hashtag Feed<\/h3><div class=\"application-examples-item-description\">Raccogli i Tweet che desideri utilizzando gli hashtag e crea un feed elegante. L'intestazione \u00e8 disattivata per un aspetto pulito e il contenuto \u00e8 diviso in due colonne. Qui il widget ha proporzioni personalizzate: larghezza e altezza.<\/div><\/div>\n                <\/div>\n\n                <div class=\"application-examples-item-iframe-container browser-frame\">\n                    <div class=\"application-examples-item-iframe-wrapper\">\n                        <iframe class=\"application-examples-item-iframe\" data-src=\"https:\/\/elfsight.com\/examples?widget_id=8ae82660-4fa4-495e-b532-a1971f7f4f8f&padding=20px\" width=\"100%\" allow=\"autoplay; fullscreen\"><\/iframe>\n                    <\/div>\n\n                    <div class=\"application-examples-item-loader\"><\/div>\n                <\/div>\n            <\/div>\n<div class=\"application-examples-item application-examples-item-loading\">\n                            <div class=\"col-row\">\n                                <div class=\"col-6 col-m-8 col-s-12\"><h3 class=\"application-examples-item-title\">Esempio 3: Testimonials<\/h3><div class=\"application-examples-item-description\">Un modo perfetto per dimostrare le testimonianze dei clienti su Twitter e aumentare la fiducia nella tua attivit\u00e0. Trova i migliori Tweet e aggiungili tramite URL al widget. Dimostrer\u00e0 la selezione dei post dei clienti con valutazione a stelle.<\/div><\/div>\n                <\/div>\n\n                <div class=\"application-examples-item-iframe-container browser-frame\">\n                    <div class=\"application-examples-item-iframe-wrapper\">\n                        <iframe class=\"application-examples-item-iframe\" data-src=\"https:\/\/elfsight.com\/examples?widget_id=2f75fb30-44d9-4446-bdf7-0eaf25711f4f&padding=20px\" width=\"100%\" allow=\"autoplay; fullscreen\"><\/iframe>\n                    <\/div>\n\n                    <div class=\"application-examples-item-loader\"><\/div>\n                <\/div>\n            <\/div>\n<div class=\"application-examples-item application-examples-item-loading\">\n                            <div class=\"col-row\">\n                                <div class=\"col-6 col-m-8 col-s-12\"><h3 class=\"application-examples-item-title\">Esempio 4: Sidebar Widget<\/h3><div class=\"application-examples-item-description\">Un buon modo per integrare Twitter nel tuo sito \u00e8 aggiungere un widget di Twitter alla barra laterale della pagina. Trovare le giuste dimensioni e proporzioni \u00e8 facile grazie a semplici impostazioni. Una vasta gamma di colori aiuter\u00e0 ad adattare il widget al design del sito.<\/div><\/div>\n                <\/div>\n\n                <div class=\"application-examples-item-iframe-container browser-frame\">\n                    <div class=\"application-examples-item-iframe-wrapper\">\n                        <iframe class=\"application-examples-item-iframe\" data-src=\"https:\/\/elfsight.com\/examples?widget_id=3787ae64-7651-430f-a78e-06d97502778d&padding=20px\" width=\"100%\" allow=\"autoplay; fullscreen\"><\/iframe>\n                    <\/div>\n\n                    <div class=\"application-examples-item-loader\"><\/div>\n                <\/div>\n            <\/div>\n<div class=\"application-examples-item application-examples-item-loading\">\n                            <div class=\"col-row\">\n                                <div class=\"col-6 col-m-8 col-s-12\"><h3 class=\"application-examples-item-title\">Esempio 5: Tweets Grid<\/h3><div class=\"application-examples-item-description\">Creare una griglia di Tweet \u00e8 davvero facile. In un paio di clic, puoi aumentare la dimensione del widget per mostrare immagini grandi, disattivare l'intestazione e lasciare attivi solo gli elementi pi\u00f9 importanti del post. \u00c8 cos\u00ec facile migliorare l'attenzione dei visitatori sul tuo feed.<\/div><\/div>\n                <\/div>\n\n                <div class=\"application-examples-item-iframe-container browser-frame\">\n                    <div class=\"application-examples-item-iframe-wrapper\">\n                        <iframe class=\"application-examples-item-iframe\" data-src=\"https:\/\/elfsight.com\/examples?widget_id=b9c63d66-d8bb-4851-b307-5b07cf152ce1&padding=20px\" width=\"100%\" allow=\"autoplay; fullscreen\"><\/iframe>\n                    <\/div>\n\n                    <div class=\"application-examples-item-loader\"><\/div>\n                <\/div>\n            <\/div>\n","protected":false},"excerpt":{"rendered":"","protected":false},"author":9,"featured_media":0,"parent":1368,"menu_order":0,"comment_status":"closed","ping_status":"closed","template":"templates\/template-application-examples.php","meta":{"publish_to_discourse":"","publish_post_category":"","wpdc_auto_publish_overridden":"","wpdc_topic_tags":"","wpdc_pin_topic":"","wpdc_pin_until":"","discourse_post_id":"","discourse_permalink":"","wpdc_publishing_response":"","wpdc_publishing_error":"","footnotes":""},"class_list":["post-1377","page","type-page","status-publish","hentry"],"yoast_head":"<!-- This site is optimized with the Yoast SEO plugin v25.3.1 - https:\/\/yoast.com\/wordpress\/plugins\/seo\/ -->\n<title>Esempi di widget di Twitter: esempi di Twitter Feed incorporati nel sito web<\/title>\n<meta name=\"description\" content=\"TOP 5 esempi di feed di Twitter: profile timeline, hashtag feed, Twitter testimonials, sidebar, tweets grid e altri template per il sito web.\" \/>\n<meta name=\"robots\" content=\"index, follow, max-snippet:-1, max-image-preview:large, max-video-preview:-1\" \/>\n<link rel=\"canonical\" href=\"https:\/\/elfsight.com\/it\/twitter-feed-widget\/examples\/\" \/>\n<meta property=\"og:locale\" content=\"it_IT\" \/>\n<meta property=\"og:type\" content=\"article\" \/>\n<meta property=\"og:title\" content=\"Esempi di widget di Twitter: esempi di Twitter Feed incorporati nel sito web\" \/>\n<meta property=\"og:description\" content=\"TOP 5 esempi di feed di Twitter: profile timeline, hashtag feed, Twitter testimonials, sidebar, tweets grid e altri template per il sito web.\" \/>\n<meta property=\"og:url\" content=\"https:\/\/elfsight.com\/it\/twitter-feed-widget\/examples\/\" \/>\n<meta property=\"og:site_name\" content=\"Elfsight IT\" \/>\n<meta property=\"article:modified_time\" content=\"2021-08-30T13:41:34+00:00\" \/>\n<meta name=\"twitter:card\" content=\"summary_large_image\" \/>\n<meta name=\"twitter:label1\" content=\"Tempo di lettura stimato\" \/>\n\t<meta name=\"twitter:data1\" content=\"2 minuti\" \/>\n<!-- \/ Yoast SEO plugin. -->","yoast_head_json":{"title":"Esempi di widget di Twitter: esempi di Twitter Feed incorporati nel sito web","description":"TOP 5 esempi di feed di Twitter: profile timeline, hashtag feed, Twitter testimonials, sidebar, tweets grid e altri template per il sito web.","robots":{"index":"index","follow":"follow","max-snippet":"max-snippet:-1","max-image-preview":"max-image-preview:large","max-video-preview":"max-video-preview:-1"},"canonical":"https:\/\/elfsight.com\/it\/twitter-feed-widget\/examples\/","og_locale":"it_IT","og_type":"article","og_title":"Esempi di widget di Twitter: esempi di Twitter Feed incorporati nel sito web","og_description":"TOP 5 esempi di feed di Twitter: profile timeline, hashtag feed, Twitter testimonials, sidebar, tweets grid e altri template per il sito web.","og_url":"https:\/\/elfsight.com\/it\/twitter-feed-widget\/examples\/","og_site_name":"Elfsight IT","article_modified_time":"2021-08-30T13:41:34+00:00","twitter_card":"summary_large_image","twitter_misc":{"Tempo di lettura stimato":"2 minuti"},"schema":{"@context":"https:\/\/schema.org","@graph":[{"@type":"WebPage","@id":"https:\/\/elfsight.com\/it\/twitter-feed-widget\/examples\/","url":"https:\/\/elfsight.com\/it\/twitter-feed-widget\/examples\/","name":"Esempi di widget di Twitter: esempi di Twitter Feed incorporati nel sito web","isPartOf":{"@id":"https:\/\/elfsight.com\/it\/#website"},"datePublished":"2021-01-11T11:03:38+00:00","dateModified":"2021-08-30T13:41:34+00:00","description":"TOP 5 esempi di feed di Twitter: profile timeline, hashtag feed, Twitter testimonials, sidebar, tweets grid e altri template per il sito web.","breadcrumb":{"@id":"https:\/\/elfsight.com\/it\/twitter-feed-widget\/examples\/#breadcrumb"},"inLanguage":"it-IT","potentialAction":[{"@type":"ReadAction","target":["https:\/\/elfsight.com\/it\/twitter-feed-widget\/examples\/"]}]},{"@type":"BreadcrumbList","@id":"https:\/\/elfsight.com\/it\/twitter-feed-widget\/examples\/#breadcrumb","itemListElement":[{"@type":"ListItem","position":1,"name":"Home","item":"https:\/\/elfsight.com\/it\/"},{"@type":"ListItem","position":2,"name":"Twitter Feed","item":"https:\/\/elfsight.com\/it\/twitter-feed-widget\/"},{"@type":"ListItem","position":3,"name":"Twitter Feed &#8211; examples"}]},{"@type":"WebSite","@id":"https:\/\/elfsight.com\/it\/#website","url":"https:\/\/elfsight.com\/it\/","name":"Elfsight IT","description":"Just another Elfsight Sites site","potentialAction":[{"@type":"SearchAction","target":{"@type":"EntryPoint","urlTemplate":"https:\/\/elfsight.com\/it\/?s={search_term_string}"},"query-input":{"@type":"PropertyValueSpecification","valueRequired":true,"valueName":"search_term_string"}}],"inLanguage":"it-IT"}]}},"meta_box":{"industry":"","seo_heading":"","heading":"","description":"","cta_heading":"","cta_description":"","application":"1367","h1":"Esempi di Twitter Feed","h1_caption":"Controlla gli esempi di widget di Twitter per il sito Web per scoprire il pieno potenziale del widget. Assicurati che si adatti ai tuoi obiettivi.","application_category":[],"applications_title":"","applications_request_title":"","applications_request_button_text":"","hero_text":"","hero_video":"","hero_video_schema_markup":"","selling_points_title":"","selling_points_caption":"","selling_points":[],"selling_points_cta_text":"","features_title":"","features":"","ed_cta_examples_text":"","ed_cta_examples_hidden":"","ed_cta_demo_text":"","ed_cta_demo_hidden":"","why_caption":"","why_editor_title":"","why_editor_text":"","why_team_title":"","why_team_text":"","why_service_title":"","why_service_text":"","template_catalog_visible":"","template_catalog_title":"","template_catalog_text":"","template_catalog_categories_visible":"","demo_title":"","demo_caption":"","default_faq_hidden":"","app_template_category":[],"platform":"","template_public_id":"","codecanyon_url":"","codecanyon_item_id":"","codecanyon_price":"","pricing_caption":"","pricing_elfsight_apps_hide_column":"","pricing_elfsight_apps_url":"","pricing_codecanyon_price_caption":"","integration_category":[],"integration_request_title":"","integration_request_cta":"","integration_platform":"","integrations":[],"platform_category":[],"video_schema_markup":"","price":"","trial":"","benefits":[],"button_url":"","button_target_blank":"","button_nofollow":"","attributes":[],"tags":[],"tags_disable_links":"","hide_more_platforms":"","video_object":"","demo_hide_cta":"","demo_hide_cloud_options":"","pricing_title":"","pricing":[],"related_apps_title":"","related_apps_hidden":"","author":"","image":[],"title":"","job":"","social_networks":[]},"_links":{"self":[{"href":"https:\/\/elfsight.com\/it\/wp-json\/wp\/v2\/pages\/1377","targetHints":{"allow":["GET"]}}],"collection":[{"href":"https:\/\/elfsight.com\/it\/wp-json\/wp\/v2\/pages"}],"about":[{"href":"https:\/\/elfsight.com\/it\/wp-json\/wp\/v2\/types\/page"}],"author":[{"embeddable":true,"href":"https:\/\/elfsight.com\/it\/wp-json\/wp\/v2\/users\/9"}],"replies":[{"embeddable":true,"href":"https:\/\/elfsight.com\/it\/wp-json\/wp\/v2\/comments?post=1377"}],"version-history":[{"count":2,"href":"https:\/\/elfsight.com\/it\/wp-json\/wp\/v2\/pages\/1377\/revisions"}],"predecessor-version":[{"id":1379,"href":"https:\/\/elfsight.com\/it\/wp-json\/wp\/v2\/pages\/1377\/revisions\/1379"}],"up":[{"embeddable":true,"href":"https:\/\/elfsight.com\/it\/wp-json\/wp\/v2\/pages\/1368"}],"wp:attachment":[{"href":"https:\/\/elfsight.com\/it\/wp-json\/wp\/v2\/media?parent=1377"}],"curies":[{"name":"wp","href":"https:\/\/api.w.org\/{rel}","templated":true}]}}