{"id":1356,"date":"2021-01-11T09:35:24","date_gmt":"2021-01-11T09:35:24","guid":{"rendered":"https:\/\/elfsight.com\/it\/?page_id=1356"},"modified":"2021-08-31T08:05:17","modified_gmt":"2021-08-31T08:05:17","slug":"examples","status":"publish","type":"page","link":"https:\/\/elfsight.com\/it\/online-form-builder\/examples\/","title":{"rendered":"Form Builder &#8211; examples"},"content":{"rendered":"\n<div class=\"application-examples-item application-examples-item-loading\">\n                            <div class=\"col-row\">\n                                <div class=\"col-6 col-m-8 col-s-12\"><h3 class=\"application-examples-item-title\">Esempio 1: Un pratico modulo di contatto in un design arrotondato<\/h3><div class=\"application-examples-item-description\">Un semplice modulo di contatto con campi di testo per nome, indirizzo e-mail, telefono, URL del sito e messaggio del cliente. Due dei campi sono obbligatori per l'invio del modulo e sono contrassegnati con il simbolo *. Il modulo ha un layout Default, tutto il contenuto \u00e8 diviso in due colonne per un aspetto pi\u00f9 compatto. Lo stile Flat rounded viene utilizzato con il colore personalizzato del pulsante.<\/div><\/div>\n                <\/div>\n\n                <div class=\"application-examples-item-iframe-container browser-frame\">\n                    <div class=\"application-examples-item-iframe-wrapper\">\n                        <iframe class=\"application-examples-item-iframe\" data-src=\"https:\/\/elfsight.com\/examples?widget_id=d9b8413c-4ee8-4913-a535-cfb153d1197a&padding=28px+0+40px+0\" width=\"100%\" allow=\"autoplay; fullscreen\"><\/iframe>\n                    <\/div>\n\n                    <div class=\"application-examples-item-loader\"><\/div>\n                <\/div>\n            <\/div>\n<div class=\"application-examples-item application-examples-item-loading\">\n                            <div class=\"col-row\">\n                                <div class=\"col-6 col-m-8 col-s-12\"><h3 class=\"application-examples-item-title\">Esempio 2: Un modulo di sondaggio multifase<\/h3><div class=\"application-examples-item-description\">Questo esempio mostra una variet\u00e0 di opzioni di valutazione sulla pagina: valutazione a stelle, numeri e valutazione con i pollici. C'\u00e8 anche un campo di testo per i commenti dei clienti. L'intero processo di compilazione \u00e8 diviso in due fasi,, che \u00e8 chiaro dalla barra di avanzamento che mostra i numeri ei titoli dei passaggi - questo rende il modulo pi\u00f9 comodo per gli utenti. L'intestazione ha un'icona e un testo che descrive lo scopo del sondaggio.<\/div><\/div>\n                <\/div>\n\n                <div class=\"application-examples-item-iframe-container browser-frame\">\n                    <div class=\"application-examples-item-iframe-wrapper\">\n                        <iframe class=\"application-examples-item-iframe\" data-src=\"https:\/\/elfsight.com\/examples?widget_id=d513767b-123c-4c50-a766-33c793769d4e&padding=28px+0+40px+0\" width=\"100%\" allow=\"autoplay; fullscreen\"><\/iframe>\n                    <\/div>\n\n                    <div class=\"application-examples-item-loader\"><\/div>\n                <\/div>\n            <\/div>\n<div class=\"application-examples-item application-examples-item-loading\">\n                            <div class=\"col-row\">\n                                <div class=\"col-6 col-m-8 col-s-12\"><h3 class=\"application-examples-item-title\">Esempio 3: Modulo di feedback espandibile<\/h3><div class=\"application-examples-item-description\">Modulo di feedback in layout Floating che permette di posizionarlo su pi\u00f9 pagine del sito come icona da mostrare ad un click. Rimane sempre visibile durante la navigazione e il cliente pu\u00f2 lasciare il proprio feedback in qualsiasi momento. Qui viene applicato lo stile Classic, con due campi di testo e la valutazione Smiley. Il pulsante ha il colore arancione personalizzato e il testo dell'autore.<\/div><\/div>\n                <\/div>\n\n                <div class=\"application-examples-item-iframe-container browser-frame\">\n                    <div class=\"application-examples-item-iframe-wrapper\">\n                        <iframe class=\"application-examples-item-iframe application-examples-item-iframe-fixed-height\" data-src=\"https:\/\/elfsight.com\/examples?widget_id=18a782a9-0cb8-4d63-a5eb-247b22d066f3\" width=\"100%\" height=\"600\" allow=\"autoplay; fullscreen\"><\/iframe>\n                    <\/div>\n\n                    <div class=\"application-examples-item-loader\"><\/div>\n                <\/div>\n            <\/div>\n<div class=\"application-examples-item application-examples-item-loading\">\n                            <div class=\"col-row\">\n                                <div class=\"col-6 col-m-8 col-s-12\"><h3 class=\"application-examples-item-title\">Esempio 4: Un modulo di richiesta di prenotazione<\/h3><div class=\"application-examples-item-description\">Lo stile Classic con un design minimalista e il layout Default ampiamente diffuso sulla pagina rendono questo modulo spazioso. I campi sono suddivisi in due colonne e hanno dei segnaposti per suggerire come compilarli correttamente. Un menu a discesa semplifica il processo di compilazione. Il cliente pu\u00f2 iscriversi alla newsletter, spuntando la casella.<\/div><\/div>\n                <\/div>\n\n                <div class=\"application-examples-item-iframe-container browser-frame\">\n                    <div class=\"application-examples-item-iframe-wrapper\">\n                        <iframe class=\"application-examples-item-iframe\" data-src=\"https:\/\/elfsight.com\/examples?widget_id=ad76fc5d-5878-4fc6-92eb-dae92a65d06d&padding=28px+0+40px+0\" width=\"100%\" allow=\"autoplay; fullscreen\"><\/iframe>\n                    <\/div>\n\n                    <div class=\"application-examples-item-loader\"><\/div>\n                <\/div>\n            <\/div>\n","protected":false},"excerpt":{"rendered":"","protected":false},"author":9,"featured_media":0,"parent":1346,"menu_order":0,"comment_status":"closed","ping_status":"closed","template":"templates\/template-application-examples.php","meta":{"publish_to_discourse":"","publish_post_category":"","wpdc_auto_publish_overridden":"","wpdc_topic_tags":"","wpdc_pin_topic":"","wpdc_pin_until":"","discourse_post_id":"","discourse_permalink":"","wpdc_publishing_response":"","wpdc_publishing_error":"","footnotes":""},"class_list":["post-1356","page","type-page","status-publish","hentry"],"yoast_head":"<!-- This site is optimized with the Yoast SEO plugin v25.3.1 - https:\/\/yoast.com\/wordpress\/plugins\/seo\/ -->\n<title>Esempi di Responsive Online Form per il tuo sito web (nel 2025)<\/title>\n<meta name=\"description\" content=\"TOP 4 esempi di Elfsight Online Form Builder: modulo di contatto, di sondaggio, di feedback, di richiesta e altri template per il sito web.\" \/>\n<meta name=\"robots\" content=\"index, follow, max-snippet:-1, max-image-preview:large, max-video-preview:-1\" \/>\n<link rel=\"canonical\" href=\"https:\/\/elfsight.com\/it\/online-form-builder\/examples\/\" \/>\n<meta property=\"og:locale\" content=\"it_IT\" \/>\n<meta property=\"og:type\" content=\"article\" \/>\n<meta property=\"og:title\" content=\"Esempi di Responsive Online Form per il tuo sito web (nel 2025)\" \/>\n<meta property=\"og:description\" content=\"TOP 4 esempi di Elfsight Online Form Builder: modulo di contatto, di sondaggio, di feedback, di richiesta e altri template per il sito web.\" \/>\n<meta property=\"og:url\" content=\"https:\/\/elfsight.com\/it\/online-form-builder\/examples\/\" \/>\n<meta property=\"og:site_name\" content=\"Elfsight IT\" \/>\n<meta property=\"article:modified_time\" content=\"2021-08-31T08:05:17+00:00\" \/>\n<meta name=\"twitter:card\" content=\"summary_large_image\" \/>\n<meta name=\"twitter:label1\" content=\"Tempo di lettura stimato\" \/>\n\t<meta name=\"twitter:data1\" content=\"2 minuti\" \/>\n<!-- \/ Yoast SEO plugin. -->","yoast_head_json":{"title":"Esempi di Responsive Online Form per il tuo sito web (nel 2025)","description":"TOP 4 esempi di Elfsight Online Form Builder: modulo di contatto, di sondaggio, di feedback, di richiesta e altri template per il sito web.","robots":{"index":"index","follow":"follow","max-snippet":"max-snippet:-1","max-image-preview":"max-image-preview:large","max-video-preview":"max-video-preview:-1"},"canonical":"https:\/\/elfsight.com\/it\/online-form-builder\/examples\/","og_locale":"it_IT","og_type":"article","og_title":"Esempi di Responsive Online Form per il tuo sito web (nel 2025)","og_description":"TOP 4 esempi di Elfsight Online Form Builder: modulo di contatto, di sondaggio, di feedback, di richiesta e altri template per il sito web.","og_url":"https:\/\/elfsight.com\/it\/online-form-builder\/examples\/","og_site_name":"Elfsight IT","article_modified_time":"2021-08-31T08:05:17+00:00","twitter_card":"summary_large_image","twitter_misc":{"Tempo di lettura stimato":"2 minuti"},"schema":{"@context":"https:\/\/schema.org","@graph":[{"@type":"WebPage","@id":"https:\/\/elfsight.com\/it\/online-form-builder\/examples\/","url":"https:\/\/elfsight.com\/it\/online-form-builder\/examples\/","name":"Esempi di Responsive Online Form per il tuo sito web (nel 2025)","isPartOf":{"@id":"https:\/\/elfsight.com\/it\/#website"},"datePublished":"2021-01-11T09:35:24+00:00","dateModified":"2021-08-31T08:05:17+00:00","description":"TOP 4 esempi di Elfsight Online Form Builder: modulo di contatto, di sondaggio, di feedback, di richiesta e altri template per il sito web.","breadcrumb":{"@id":"https:\/\/elfsight.com\/it\/online-form-builder\/examples\/#breadcrumb"},"inLanguage":"it-IT","potentialAction":[{"@type":"ReadAction","target":["https:\/\/elfsight.com\/it\/online-form-builder\/examples\/"]}]},{"@type":"BreadcrumbList","@id":"https:\/\/elfsight.com\/it\/online-form-builder\/examples\/#breadcrumb","itemListElement":[{"@type":"ListItem","position":1,"name":"Home","item":"https:\/\/elfsight.com\/it\/"},{"@type":"ListItem","position":2,"name":"Form Builder","item":"https:\/\/elfsight.com\/it\/online-form-builder\/"},{"@type":"ListItem","position":3,"name":"Form Builder &#8211; examples"}]},{"@type":"WebSite","@id":"https:\/\/elfsight.com\/it\/#website","url":"https:\/\/elfsight.com\/it\/","name":"Elfsight IT","description":"Just another Elfsight Sites site","potentialAction":[{"@type":"SearchAction","target":{"@type":"EntryPoint","urlTemplate":"https:\/\/elfsight.com\/it\/?s={search_term_string}"},"query-input":{"@type":"PropertyValueSpecification","valueRequired":true,"valueName":"search_term_string"}}],"inLanguage":"it-IT"}]}},"meta_box":{"industry":"","seo_heading":"","heading":"","description":"","cta_heading":"","cta_description":"","application":"1345","h1":"Esempi di Form Builder","h1_caption":"Controlla gli esempi di Form Builder per scoprire il pieno potenziale del widget. Assicurati che si adatti ai tuoi obiettivi.","application_category":[],"applications_title":"","applications_request_title":"","applications_request_button_text":"","hero_text":"","hero_video":"","hero_video_schema_markup":"","selling_points_title":"","selling_points_caption":"","selling_points":[],"selling_points_cta_text":"","features_title":"","features":"","ed_cta_examples_text":"","ed_cta_examples_hidden":"","ed_cta_demo_text":"","ed_cta_demo_hidden":"","why_caption":"","why_editor_title":"","why_editor_text":"","why_team_title":"","why_team_text":"","why_service_title":"","why_service_text":"","template_catalog_visible":"","template_catalog_title":"","template_catalog_text":"","template_catalog_categories_visible":"","demo_title":"","demo_caption":"","default_faq_hidden":"","app_template_category":[],"platform":"","template_public_id":"","codecanyon_url":"","codecanyon_item_id":"","codecanyon_price":"","pricing_caption":"","pricing_elfsight_apps_hide_column":"","pricing_elfsight_apps_url":"","pricing_codecanyon_price_caption":"","integration_category":[],"integration_request_title":"","integration_request_cta":"","integration_platform":"","integrations":[],"platform_category":[],"video_schema_markup":"","price":"","trial":"","benefits":[],"button_url":"","button_target_blank":"","button_nofollow":"","attributes":[],"tags":[],"tags_disable_links":"","hide_more_platforms":"","video_object":"","demo_hide_cta":"","demo_hide_cloud_options":"","pricing_title":"","pricing":[],"related_apps_title":"","related_apps_hidden":"","author":"","image":[],"title":"","job":"","social_networks":[]},"_links":{"self":[{"href":"https:\/\/elfsight.com\/it\/wp-json\/wp\/v2\/pages\/1356","targetHints":{"allow":["GET"]}}],"collection":[{"href":"https:\/\/elfsight.com\/it\/wp-json\/wp\/v2\/pages"}],"about":[{"href":"https:\/\/elfsight.com\/it\/wp-json\/wp\/v2\/types\/page"}],"author":[{"embeddable":true,"href":"https:\/\/elfsight.com\/it\/wp-json\/wp\/v2\/users\/9"}],"replies":[{"embeddable":true,"href":"https:\/\/elfsight.com\/it\/wp-json\/wp\/v2\/comments?post=1356"}],"version-history":[{"count":2,"href":"https:\/\/elfsight.com\/it\/wp-json\/wp\/v2\/pages\/1356\/revisions"}],"predecessor-version":[{"id":1358,"href":"https:\/\/elfsight.com\/it\/wp-json\/wp\/v2\/pages\/1356\/revisions\/1358"}],"up":[{"embeddable":true,"href":"https:\/\/elfsight.com\/it\/wp-json\/wp\/v2\/pages\/1346"}],"wp:attachment":[{"href":"https:\/\/elfsight.com\/it\/wp-json\/wp\/v2\/media?parent=1356"}],"curies":[{"name":"wp","href":"https:\/\/api.w.org\/{rel}","templated":true}]}}