{"id":1285,"date":"2020-12-29T10:12:43","date_gmt":"2020-12-29T10:12:43","guid":{"rendered":"https:\/\/elfsight.com\/it\/?page_id=1285"},"modified":"2021-08-31T08:44:29","modified_gmt":"2021-08-31T08:44:29","slug":"examples","status":"publish","type":"page","link":"https:\/\/elfsight.com\/it\/facebook-reviews-widget\/examples\/","title":{"rendered":"Facebook Reviews &#8211; examples"},"content":{"rendered":"\n<div class=\"application-examples-item application-examples-item-loading\">\n                            <div class=\"col-row\">\n                                <div class=\"col-6 col-m-8 col-s-12\"><h3 class=\"application-examples-item-title\">Richiesta di recensione<\/h3><div class=\"application-examples-item-description\">Le recensioni sono organizzate in un widget con colori di Facebook originali.  L'intestazione mostra la valutazione complessiva della pagina e un conteggio delle recensioni insieme alle foto cliccabili di quelle pi\u00f9 recenti. Il pulsante di richiesta di recensione offre di lasciare una recensione, l'opzione S\u00ec \u00e8 colorata in blu per attirare pi\u00f9 attenzione.<\/div><\/div>\n                <\/div>\n\n                <div class=\"application-examples-item-iframe-container browser-frame\">\n                    <div class=\"application-examples-item-iframe-wrapper\">\n                        <iframe class=\"application-examples-item-iframe\" data-src=\"https:\/\/elfsight.com\/examples?widget_id=64101969-b7fc-4fd0-b1db-ab948eb62ba9&padding=28px+40px+40px\" width=\"100%\" allow=\"autoplay; fullscreen\"><\/iframe>\n                    <\/div>\n\n                    <div class=\"application-examples-item-loader\"><\/div>\n                <\/div>\n            <\/div>\n<div class=\"application-examples-item application-examples-item-loading\">\n                            <div class=\"col-row\">\n                                <div class=\"col-6 col-m-8 col-s-12\"><h3 class=\"application-examples-item-title\">List<\/h3><div class=\"application-examples-item-description\">Puoi integrare le recensioni nel tuo sito web come un elenco semplice e minimalista. Se disattivi l'intestazione e applichi larghezza e altezza automatiche, come in questo esempio, il widget si adatter\u00e0 perfettamente allo spazio libero sulla pagina e apparir\u00e0 nativo. Puoi anche utilizzare i filtri per limitare il numero di recensioni, mostrare solo commenti positivi o nascondere determinate recensioni tramite parole chiave.<\/div><\/div>\n                <\/div>\n\n                <div class=\"application-examples-item-iframe-container browser-frame\">\n                    <div class=\"application-examples-item-iframe-wrapper\">\n                        <iframe class=\"application-examples-item-iframe\" data-src=\"https:\/\/elfsight.com\/examples?widget_id=a537b1da-4fc5-41ce-a76a-d09a98f9ede8&padding=28px+40px+40px\" width=\"100%\" allow=\"autoplay; fullscreen\"><\/iframe>\n                    <\/div>\n\n                    <div class=\"application-examples-item-loader\"><\/div>\n                <\/div>\n            <\/div>\n<div class=\"application-examples-item application-examples-item-loading\">\n                            <div class=\"col-row\">\n                                <div class=\"col-6 col-m-8 col-s-12\"><h3 class=\"application-examples-item-title\">Masonry<\/h3><div class=\"application-examples-item-description\">In questo esempio, una griglia di recensioni viene visualizzata nella variante Masonry che posiziona le recensioni nel miglior ordine possibile sulla base del loro valore di altezza. La scelta personalizzata dei colori rende il widget assolutamente unico. La valutazione a stelle delle recensioni mostra un elevato gradimento da parte dei clienti.<\/div><\/div>\n                <\/div>\n\n                <div class=\"application-examples-item-iframe-container browser-frame\">\n                    <div class=\"application-examples-item-iframe-wrapper\">\n                        <iframe class=\"application-examples-item-iframe\" data-src=\"https:\/\/elfsight.com\/examples?widget_id=ef3244b1-8a9f-4aa3-bfdd-3c51c016ca41&padding=28px+40px+40px\" width=\"100%\" allow=\"autoplay; fullscreen\"><\/iframe>\n                    <\/div>\n\n                    <div class=\"application-examples-item-loader\"><\/div>\n                <\/div>\n            <\/div>\n<div class=\"application-examples-item application-examples-item-loading\">\n                            <div class=\"col-row\">\n                                <div class=\"col-6 col-m-8 col-s-12\"><h3 class=\"application-examples-item-title\">Grid<\/h3><div class=\"application-examples-item-description\">Una combinazione del layout Grid e del template Spotlight crea un aspetto raffinato del widget. Linee rette e testi allineati al centro attirano la massima attenzione.  La geometria pulita del layout Grid pu\u00f2 funzionare anche con tutti gli altri template: gli elementi dell'interfaccia sono completamente adattivi.<\/div><\/div>\n                <\/div>\n\n                <div class=\"application-examples-item-iframe-container browser-frame\">\n                    <div class=\"application-examples-item-iframe-wrapper\">\n                        <iframe class=\"application-examples-item-iframe\" data-src=\"https:\/\/elfsight.com\/examples?widget_id=335b574f-bf86-4f42-8f6a-a746fb4e3218&padding=28px+40px+40px\" width=\"100%\" allow=\"autoplay; fullscreen\"><\/iframe>\n                    <\/div>\n\n                    <div class=\"application-examples-item-loader\"><\/div>\n                <\/div>\n            <\/div>\n<div class=\"application-examples-item application-examples-item-loading\">\n                            <div class=\"col-row\">\n                                <div class=\"col-6 col-m-8 col-s-12\"><h3 class=\"application-examples-item-title\">Carousel<\/h3><div class=\"application-examples-item-description\">Un widget nel layout Slider mostra le recensioni in un carosello dinamico con riproduzione automatica. Questa \u00e8 una variante ottimale, ad esempio, per la pagina principale di un sito. Slider layout include elementi di navigazione: freccia, trascinamento o impaginazione. Puoi scegliere quante recensioni appariranno su ciascuna diapositiva.<\/div><\/div>\n                <\/div>\n\n                <div class=\"application-examples-item-iframe-container browser-frame\">\n                    <div class=\"application-examples-item-iframe-wrapper\">\n                        <iframe class=\"application-examples-item-iframe\" data-src=\"https:\/\/elfsight.com\/examples?widget_id=d1f3ea2a-dd8b-4c81-a2bd-66607da181bd&padding=28px+40px+40px\" width=\"100%\" allow=\"autoplay; fullscreen\"><\/iframe>\n                    <\/div>\n\n                    <div class=\"application-examples-item-loader\"><\/div>\n                <\/div>\n            <\/div>\n<div class=\"application-examples-item application-examples-item-loading\">\n                            <div class=\"col-row\">\n                                <div class=\"col-6 col-m-8 col-s-12\"><h3 class=\"application-examples-item-title\">Sidebar<\/h3><div class=\"application-examples-item-description\">Ecco un brillante esempio di come puoi integrare un widget per le recensioni nel tuo sito web con uno spazio disponibile molto ristretto. Nel layout Sidebar il widget non ha elementi aggiuntivi, solo le parti essenziali e, grazie ai parametri responsive, \u00e8 di dimensioni moderate ma conserva tutte le funzionalit\u00e0.<\/div><\/div>\n                <\/div>\n\n                <div class=\"application-examples-item-iframe-container browser-frame\">\n                    <div class=\"application-examples-item-iframe-wrapper\">\n                        <iframe class=\"application-examples-item-iframe\" data-src=\"https:\/\/elfsight.com\/examples?widget_id=36b899f7-8fd2-44b5-bae3-d7508b6fd088&padding=28px+40px+40px\" width=\"100%\" allow=\"autoplay; fullscreen\"><\/iframe>\n                    <\/div>\n\n                    <div class=\"application-examples-item-loader\"><\/div>\n                <\/div>\n            <\/div>\n","protected":false},"excerpt":{"rendered":"","protected":false},"author":9,"featured_media":0,"parent":1274,"menu_order":0,"comment_status":"closed","ping_status":"closed","template":"templates\/template-application-examples.php","meta":{"publish_to_discourse":"","publish_post_category":"","wpdc_auto_publish_overridden":"","wpdc_topic_tags":"","wpdc_pin_topic":"","wpdc_pin_until":"","discourse_post_id":"","discourse_permalink":"","wpdc_publishing_response":"","wpdc_publishing_error":"","footnotes":""},"class_list":["post-1285","page","type-page","status-publish","hentry"],"yoast_head":"<!-- This site is optimized with the Yoast SEO plugin v25.3.1 - https:\/\/yoast.com\/wordpress\/plugins\/seo\/ -->\n<title>I migliori esempi di widget Facebook Reviews su un sito Web (Vetrina)<\/title>\n<meta name=\"description\" content=\"TOP 7 esempi di Facebook Reviews: List, Carousel, Masonry, Slider, Sidebar e altri template. Esempio di Facebook widget per il tuo sito web.\" \/>\n<meta name=\"robots\" content=\"index, follow, max-snippet:-1, max-image-preview:large, max-video-preview:-1\" \/>\n<link rel=\"canonical\" href=\"https:\/\/elfsight.com\/it\/facebook-reviews-widget\/examples\/\" \/>\n<meta property=\"og:locale\" content=\"it_IT\" \/>\n<meta property=\"og:type\" content=\"article\" \/>\n<meta property=\"og:title\" content=\"I migliori esempi di widget Facebook Reviews su un sito Web (Vetrina)\" \/>\n<meta property=\"og:description\" content=\"TOP 7 esempi di Facebook Reviews: List, Carousel, Masonry, Slider, Sidebar e altri template. Esempio di Facebook widget per il tuo sito web.\" \/>\n<meta property=\"og:url\" content=\"https:\/\/elfsight.com\/it\/facebook-reviews-widget\/examples\/\" \/>\n<meta property=\"og:site_name\" content=\"Elfsight IT\" \/>\n<meta property=\"article:modified_time\" content=\"2021-08-31T08:44:29+00:00\" \/>\n<meta name=\"twitter:card\" content=\"summary_large_image\" \/>\n<meta name=\"twitter:label1\" content=\"Tempo di lettura stimato\" \/>\n\t<meta name=\"twitter:data1\" content=\"2 minuti\" \/>\n<!-- \/ Yoast SEO plugin. -->","yoast_head_json":{"title":"I migliori esempi di widget Facebook Reviews su un sito Web (Vetrina)","description":"TOP 7 esempi di Facebook Reviews: List, Carousel, Masonry, Slider, Sidebar e altri template. Esempio di Facebook widget per il tuo sito web.","robots":{"index":"index","follow":"follow","max-snippet":"max-snippet:-1","max-image-preview":"max-image-preview:large","max-video-preview":"max-video-preview:-1"},"canonical":"https:\/\/elfsight.com\/it\/facebook-reviews-widget\/examples\/","og_locale":"it_IT","og_type":"article","og_title":"I migliori esempi di widget Facebook Reviews su un sito Web (Vetrina)","og_description":"TOP 7 esempi di Facebook Reviews: List, Carousel, Masonry, Slider, Sidebar e altri template. Esempio di Facebook widget per il tuo sito web.","og_url":"https:\/\/elfsight.com\/it\/facebook-reviews-widget\/examples\/","og_site_name":"Elfsight IT","article_modified_time":"2021-08-31T08:44:29+00:00","twitter_card":"summary_large_image","twitter_misc":{"Tempo di lettura stimato":"2 minuti"},"schema":{"@context":"https:\/\/schema.org","@graph":[{"@type":"WebPage","@id":"https:\/\/elfsight.com\/it\/facebook-reviews-widget\/examples\/","url":"https:\/\/elfsight.com\/it\/facebook-reviews-widget\/examples\/","name":"I migliori esempi di widget Facebook Reviews su un sito Web (Vetrina)","isPartOf":{"@id":"https:\/\/elfsight.com\/it\/#website"},"datePublished":"2020-12-29T10:12:43+00:00","dateModified":"2021-08-31T08:44:29+00:00","description":"TOP 7 esempi di Facebook Reviews: List, Carousel, Masonry, Slider, Sidebar e altri template. Esempio di Facebook widget per il tuo sito web.","breadcrumb":{"@id":"https:\/\/elfsight.com\/it\/facebook-reviews-widget\/examples\/#breadcrumb"},"inLanguage":"it-IT","potentialAction":[{"@type":"ReadAction","target":["https:\/\/elfsight.com\/it\/facebook-reviews-widget\/examples\/"]}]},{"@type":"BreadcrumbList","@id":"https:\/\/elfsight.com\/it\/facebook-reviews-widget\/examples\/#breadcrumb","itemListElement":[{"@type":"ListItem","position":1,"name":"Home","item":"https:\/\/elfsight.com\/it\/"},{"@type":"ListItem","position":2,"name":"Facebook Reviews","item":"https:\/\/elfsight.com\/it\/facebook-reviews-widget\/"},{"@type":"ListItem","position":3,"name":"Facebook Reviews &#8211; examples"}]},{"@type":"WebSite","@id":"https:\/\/elfsight.com\/it\/#website","url":"https:\/\/elfsight.com\/it\/","name":"Elfsight IT","description":"Just another Elfsight Sites site","potentialAction":[{"@type":"SearchAction","target":{"@type":"EntryPoint","urlTemplate":"https:\/\/elfsight.com\/it\/?s={search_term_string}"},"query-input":{"@type":"PropertyValueSpecification","valueRequired":true,"valueName":"search_term_string"}}],"inLanguage":"it-IT"}]}},"meta_box":{"industry":"","seo_heading":"","heading":"","description":"","cta_heading":"","cta_description":"","application":"1273","h1":"Esempi di Facebook Reviews","h1_caption":"Controlla gli esempi di recensioni di Facebook per scoprire il pieno potenziale del widget. Assicurati che si adatti ai tuoi obiettivi.","application_category":[],"applications_title":"","applications_request_title":"","applications_request_button_text":"","hero_text":"","hero_video":"","hero_video_schema_markup":"","selling_points_title":"","selling_points_caption":"","selling_points":[],"selling_points_cta_text":"","features_title":"","features":"","ed_cta_examples_text":"","ed_cta_examples_hidden":"","ed_cta_demo_text":"","ed_cta_demo_hidden":"","why_caption":"","why_editor_title":"","why_editor_text":"","why_team_title":"","why_team_text":"","why_service_title":"","why_service_text":"","template_catalog_visible":"","template_catalog_title":"","template_catalog_text":"","template_catalog_categories_visible":"","demo_title":"","demo_caption":"","default_faq_hidden":"","app_template_category":[],"platform":"","template_public_id":"","codecanyon_url":"","codecanyon_item_id":"","codecanyon_price":"","pricing_caption":"","pricing_elfsight_apps_hide_column":"","pricing_elfsight_apps_url":"","pricing_codecanyon_price_caption":"","integration_category":[],"integration_request_title":"","integration_request_cta":"","integration_platform":"","integrations":[],"platform_category":[],"video_schema_markup":"","price":"","trial":"","benefits":[],"button_url":"","button_target_blank":"","button_nofollow":"","attributes":[],"tags":[],"tags_disable_links":"","hide_more_platforms":"","video_object":"","demo_hide_cta":"","demo_hide_cloud_options":"","pricing_title":"","pricing":[],"related_apps_title":"","related_apps_hidden":"","author":"","image":[],"title":"","job":"","social_networks":[]},"_links":{"self":[{"href":"https:\/\/elfsight.com\/it\/wp-json\/wp\/v2\/pages\/1285","targetHints":{"allow":["GET"]}}],"collection":[{"href":"https:\/\/elfsight.com\/it\/wp-json\/wp\/v2\/pages"}],"about":[{"href":"https:\/\/elfsight.com\/it\/wp-json\/wp\/v2\/types\/page"}],"author":[{"embeddable":true,"href":"https:\/\/elfsight.com\/it\/wp-json\/wp\/v2\/users\/9"}],"replies":[{"embeddable":true,"href":"https:\/\/elfsight.com\/it\/wp-json\/wp\/v2\/comments?post=1285"}],"version-history":[{"count":1,"href":"https:\/\/elfsight.com\/it\/wp-json\/wp\/v2\/pages\/1285\/revisions"}],"predecessor-version":[{"id":1286,"href":"https:\/\/elfsight.com\/it\/wp-json\/wp\/v2\/pages\/1285\/revisions\/1286"}],"up":[{"embeddable":true,"href":"https:\/\/elfsight.com\/it\/wp-json\/wp\/v2\/pages\/1274"}],"wp:attachment":[{"href":"https:\/\/elfsight.com\/it\/wp-json\/wp\/v2\/media?parent=1285"}],"curies":[{"name":"wp","href":"https:\/\/api.w.org\/{rel}","templated":true}]}}