{"id":1198,"date":"2020-12-18T10:04:19","date_gmt":"2020-12-18T10:04:19","guid":{"rendered":"https:\/\/elfsight.com\/it\/?page_id=1198"},"modified":"2024-07-17T11:01:02","modified_gmt":"2024-07-17T11:01:02","slug":"examples","status":"publish","type":"page","link":"https:\/\/elfsight.com\/it\/popup-widget\/examples\/","title":{"rendered":"Popup &#8211; Examples"},"content":{"rendered":"\n<div class=\"application-examples-item application-examples-item-loading\">\n                            <div class=\"col-row\">\n                                <div class=\"col-6 col-m-8 col-s-12\"><h3 class=\"application-examples-item-title\">Esempio di Popup 1: Vendita di Natale<\/h3><div class=\"application-examples-item-description\">Questo pop up a tema natalizio \u00e8 un modo perfetto per promuovere i tuoi saldi stagionali. Non serve solo come un annuncio accattivante, ma aiuta anche le persone a utilizzare un coupon di sconto: \u00e8 sufficiente fare clic per copiarlo. Il pulsante rosso CTA reindirizza l'utente direttamente alla pagina di vendita. Puoi anche scegliere tra 6 trigger di popup per far apparire il popup nel momento giusto.<\/div><\/div>\n                <\/div>\n\n                <div class=\"application-examples-item-iframe-container browser-frame\">\n                    <div class=\"application-examples-item-iframe-wrapper\">\n                        <iframe class=\"application-examples-item-iframe application-examples-item-iframe-fixed-height\" data-src=\"https:\/\/elfsight.com\/examples?widget_id=12c17a3e-255a-4a2d-a4c7-fae77b948178&padding=28px+40px+40px\" width=\"100%\" height=\"600\" allow=\"autoplay; fullscreen\"><\/iframe>\n                    <\/div>\n\n                    <div class=\"application-examples-item-loader\"><\/div>\n                <\/div>\n            <\/div>\n<div class=\"application-examples-item application-examples-item-loading\">\n                            <div class=\"col-row\">\n                                <div class=\"col-6 col-m-8 col-s-12\"><h3 class=\"application-examples-item-title\">Esempio di Popup 2: Annuncio<\/h3><div class=\"application-examples-item-description\">Un popup elegante e accattivante \u00e8 tutto ci\u00f2 di cui hai bisogno per annunciare il tuo nuovo prodotto, l'offerta, il prossimo evento o altre importanti informazioni promozionali. Crea il tuo popup con un'immagine allettante, testo informativo e un pulsante, come in questo esempio. Puoi variare il colore degli elementi e le dimensioni dei caratteri. Gli utenti possono chiudere il popup utilizzando il pulsante nell'angolo in alto a destra.<\/div><\/div>\n                <\/div>\n\n                <div class=\"application-examples-item-iframe-container browser-frame\">\n                    <div class=\"application-examples-item-iframe-wrapper\">\n                        <iframe class=\"application-examples-item-iframe application-examples-item-iframe-fixed-height\" data-src=\"https:\/\/elfsight.com\/examples?widget_id=90471ebf-6155-4d01-99cb-0880afa5bbe5&padding=28px+40px+40px\" width=\"100%\" height=\"600\" allow=\"autoplay; fullscreen\"><\/iframe>\n                    <\/div>\n\n                    <div class=\"application-examples-item-loader\"><\/div>\n                <\/div>\n            <\/div>\n\n<div class=\"application-examples-item application-examples-item-loading\">\n                            <div class=\"col-row\">\n                                <div class=\"col-6 col-m-8 col-s-12\"><h3 class=\"application-examples-item-title\">Esempio di popup 4: Exit Intent<\/h3><div class=\"application-examples-item-description\">Questo popup occupa tutto lo spazio libero sulla pagina e non lascia all'utente alcuna possibilit\u00e0 di evitare l'interazione. Questa opzione \u00e8 possibile grazie alle dimensioni adattive del widget: se lasci il valore Auto, occuper\u00e0 automaticamente tutto lo spazio libero. L'immagine dell'autore viene utilizzata come sovrapposizione, tutti gli elementi sono centrati. Questo widget \u00e8 configurato in modo che venga visualizzata una finestra popup quando l'utente tenta di lasciare la pagina e porta il cursore sul pulsante di chiusura. Puoi anche scegliere altri trigger e la categoria di visitatori che vedranno il widget.<\/div><\/div>\n                <\/div>\n\n                <div class=\"application-examples-item-iframe-container browser-frame\">\n                    <div class=\"application-examples-item-iframe-wrapper\">\n                        <iframe class=\"application-examples-item-iframe application-examples-item-iframe-fixed-height\" data-src=\"https:\/\/elfsight.com\/examples?widget_id=49bbb12b-b8eb-4dbe-bdf8-5f49651f74bf&padding=28px+40px+40px\" width=\"100%\" height=\"600\" allow=\"autoplay; fullscreen\"><\/iframe>\n                    <\/div>\n\n                    <div class=\"application-examples-item-loader\"><\/div>\n                <\/div>\n            <\/div>\n","protected":false},"excerpt":{"rendered":"","protected":false},"author":11,"featured_media":0,"parent":1196,"menu_order":0,"comment_status":"closed","ping_status":"closed","template":"templates\/template-application-examples.php","meta":{"publish_to_discourse":"","publish_post_category":"","wpdc_auto_publish_overridden":"","wpdc_topic_tags":"","wpdc_pin_topic":"","wpdc_pin_until":"","discourse_post_id":"","discourse_permalink":"","wpdc_publishing_response":"","wpdc_publishing_error":"","footnotes":""},"class_list":["post-1198","page","type-page","status-publish","hentry"],"yoast_head":"<!-- This site is optimized with the Yoast SEO plugin v25.3.1 - https:\/\/yoast.com\/wordpress\/plugins\/seo\/ -->\n<title>I 4 migliori esempi di Popup per siti web (nel 2025)<\/title>\n<meta name=\"description\" content=\"TOP 4 esempi di Popup widget per sito web: Vendita di Natale, Annuncio, Notifica o Exit Intent pop up plugin per il tuo sito web.\" \/>\n<meta name=\"robots\" content=\"index, follow, max-snippet:-1, max-image-preview:large, max-video-preview:-1\" \/>\n<link rel=\"canonical\" href=\"https:\/\/elfsight.com\/it\/popup-widget\/examples\/\" \/>\n<meta property=\"og:locale\" content=\"it_IT\" \/>\n<meta property=\"og:type\" content=\"article\" \/>\n<meta property=\"og:title\" content=\"I 4 migliori esempi di Popup per siti web (nel 2025)\" \/>\n<meta property=\"og:description\" content=\"TOP 4 esempi di Popup widget per sito web: Vendita di Natale, Annuncio, Notifica o Exit Intent pop up plugin per il tuo sito web.\" \/>\n<meta property=\"og:url\" content=\"https:\/\/elfsight.com\/it\/popup-widget\/examples\/\" \/>\n<meta property=\"og:site_name\" content=\"Elfsight IT\" \/>\n<meta property=\"article:modified_time\" content=\"2024-07-17T11:01:02+00:00\" \/>\n<meta name=\"twitter:card\" content=\"summary_large_image\" \/>\n<meta name=\"twitter:label1\" content=\"Tempo di lettura stimato\" \/>\n\t<meta name=\"twitter:data1\" content=\"2 minuti\" \/>\n<!-- \/ Yoast SEO plugin. -->","yoast_head_json":{"title":"I 4 migliori esempi di Popup per siti web (nel 2025)","description":"TOP 4 esempi di Popup widget per sito web: Vendita di Natale, Annuncio, Notifica o Exit Intent pop up plugin per il tuo sito web.","robots":{"index":"index","follow":"follow","max-snippet":"max-snippet:-1","max-image-preview":"max-image-preview:large","max-video-preview":"max-video-preview:-1"},"canonical":"https:\/\/elfsight.com\/it\/popup-widget\/examples\/","og_locale":"it_IT","og_type":"article","og_title":"I 4 migliori esempi di Popup per siti web (nel 2025)","og_description":"TOP 4 esempi di Popup widget per sito web: Vendita di Natale, Annuncio, Notifica o Exit Intent pop up plugin per il tuo sito web.","og_url":"https:\/\/elfsight.com\/it\/popup-widget\/examples\/","og_site_name":"Elfsight IT","article_modified_time":"2024-07-17T11:01:02+00:00","twitter_card":"summary_large_image","twitter_misc":{"Tempo di lettura stimato":"2 minuti"},"schema":{"@context":"https:\/\/schema.org","@graph":[{"@type":"WebPage","@id":"https:\/\/elfsight.com\/it\/popup-widget\/examples\/","url":"https:\/\/elfsight.com\/it\/popup-widget\/examples\/","name":"I 4 migliori esempi di Popup per siti web (nel 2025)","isPartOf":{"@id":"https:\/\/elfsight.com\/it\/#website"},"datePublished":"2020-12-18T10:04:19+00:00","dateModified":"2024-07-17T11:01:02+00:00","description":"TOP 4 esempi di Popup widget per sito web: Vendita di Natale, Annuncio, Notifica o Exit Intent pop up plugin per il tuo sito web.","breadcrumb":{"@id":"https:\/\/elfsight.com\/it\/popup-widget\/examples\/#breadcrumb"},"inLanguage":"it-IT","potentialAction":[{"@type":"ReadAction","target":["https:\/\/elfsight.com\/it\/popup-widget\/examples\/"]}]},{"@type":"BreadcrumbList","@id":"https:\/\/elfsight.com\/it\/popup-widget\/examples\/#breadcrumb","itemListElement":[{"@type":"ListItem","position":1,"name":"Home","item":"https:\/\/elfsight.com\/it\/"},{"@type":"ListItem","position":2,"name":"Popup","item":"https:\/\/elfsight.com\/it\/popup-widget\/"},{"@type":"ListItem","position":3,"name":"Popup &#8211; Examples"}]},{"@type":"WebSite","@id":"https:\/\/elfsight.com\/it\/#website","url":"https:\/\/elfsight.com\/it\/","name":"Elfsight IT","description":"Just another Elfsight Sites site","potentialAction":[{"@type":"SearchAction","target":{"@type":"EntryPoint","urlTemplate":"https:\/\/elfsight.com\/it\/?s={search_term_string}"},"query-input":{"@type":"PropertyValueSpecification","valueRequired":true,"valueName":"search_term_string"}}],"inLanguage":"it-IT"}]}},"meta_box":{"industry":"","seo_heading":"","heading":"","description":"","cta_heading":"","cta_description":"","application":"1195","h1":"Esempi di Popup","h1_caption":"Controlla gli esempi di Pop up per scoprire il pieno potenziale del widget. Assicurati che si adatti ai tuoi obiettivi.","application_category":[],"applications_title":"","applications_request_title":"","applications_request_button_text":"","hero_text":"","hero_video":"","hero_video_schema_markup":"","selling_points_title":"","selling_points_caption":"","selling_points":[],"selling_points_cta_text":"","features_title":"","features":"","ed_cta_examples_text":"","ed_cta_examples_hidden":"","ed_cta_demo_text":"","ed_cta_demo_hidden":"","why_caption":"","why_editor_title":"","why_editor_text":"","why_team_title":"","why_team_text":"","why_service_title":"","why_service_text":"","template_catalog_visible":"","template_catalog_title":"","template_catalog_text":"","template_catalog_categories_visible":"","demo_title":"","demo_caption":"","default_faq_hidden":"","app_template_category":[],"platform":"","template_public_id":"","codecanyon_url":"","codecanyon_item_id":"","codecanyon_price":"","pricing_caption":"","pricing_elfsight_apps_hide_column":"","pricing_elfsight_apps_url":"","pricing_codecanyon_price_caption":"","integration_category":[],"integration_request_title":"","integration_request_cta":"","integration_platform":"","integrations":[],"platform_category":[],"video_schema_markup":"","price":"","trial":"","benefits":[],"button_url":"","button_target_blank":"","button_nofollow":"","attributes":[],"tags":[],"tags_disable_links":"","hide_more_platforms":"","video_object":"","demo_hide_cta":"","demo_hide_cloud_options":"","pricing_title":"","pricing":[],"related_apps_title":"","related_apps_hidden":"","author":"","image":[],"title":"","job":"","social_networks":[]},"_links":{"self":[{"href":"https:\/\/elfsight.com\/it\/wp-json\/wp\/v2\/pages\/1198","targetHints":{"allow":["GET"]}}],"collection":[{"href":"https:\/\/elfsight.com\/it\/wp-json\/wp\/v2\/pages"}],"about":[{"href":"https:\/\/elfsight.com\/it\/wp-json\/wp\/v2\/types\/page"}],"author":[{"embeddable":true,"href":"https:\/\/elfsight.com\/it\/wp-json\/wp\/v2\/users\/11"}],"replies":[{"embeddable":true,"href":"https:\/\/elfsight.com\/it\/wp-json\/wp\/v2\/comments?post=1198"}],"version-history":[{"count":3,"href":"https:\/\/elfsight.com\/it\/wp-json\/wp\/v2\/pages\/1198\/revisions"}],"predecessor-version":[{"id":7463,"href":"https:\/\/elfsight.com\/it\/wp-json\/wp\/v2\/pages\/1198\/revisions\/7463"}],"up":[{"embeddable":true,"href":"https:\/\/elfsight.com\/it\/wp-json\/wp\/v2\/pages\/1196"}],"wp:attachment":[{"href":"https:\/\/elfsight.com\/it\/wp-json\/wp\/v2\/media?parent=1198"}],"curies":[{"name":"wp","href":"https:\/\/api.w.org\/{rel}","templated":true}]}}