{"id":1143,"date":"2020-12-14T09:46:53","date_gmt":"2020-12-14T09:46:53","guid":{"rendered":"https:\/\/elfsight.com\/it\/?page_id=1143"},"modified":"2021-06-16T09:25:06","modified_gmt":"2021-06-16T09:25:06","slug":"splash-extensions","status":"publish","type":"page","link":"https:\/\/elfsight.com\/it\/splash-extensions\/","title":{"rendered":"Splash extensions"},"content":{"rendered":"\n<h2>Cos&#8217;\u00e8 un&#8217;estensione per Splash di Elfsight?<\/h2>\n<figure class=\"browser-frame\"><img decoding=\"async\" alt=\"le migliori estensioni gratuite per il tuo sito web splash\" src=\"https:\/\/elfsight.com\/wp-content\/uploads\/2020\/08\/platform-image-splash.jpg\"><\/figure>\n<p>Il nostro widget \u00e8 uno strumento semplice ed efficace per il miglioramento del sito web: raccolta di lead, assistenza clienti, aumento delle vendite, integrazione del sito con diversi social media e altri obiettivi. I widget di Elfsight consentono di eseguire diverse attivit\u00e0 tipiche dei siti di e-commerce.<\/p>\n<h2> Perch\u00e9 le estensioni di Elfsight per Splash sono le migliori?<\/h2>\n<p>Gi\u00e0 da 7 anni, i widget di Elfsight si sono dimostrati gli strumenti pi\u00f9 potenti ed efficienti per i proprietari di siti web in diverse regioni del mondo. Le estensioni di Elfsight hanno un ampio potenziale funzionale e facilit\u00e0 d&#8217;uso, che ci aiutano ad essere migliori dei nostri concorrenti. Questa \u00e8 una lista delle qualit\u00e0 principali dei widget di Elfsight:<\/p>\n<ul>\n<li>Nessuna conoscenza di codifica richiesta;<\/li>\n<li>Soluzione cloud per un&#8217;elevata velocit\u00e0 di caricamento;<\/li>\n<li>Aggiornamenti automatici costanti.<\/li>\n<\/ul>\n<p>Vedi tutti i vantaggi delle estensioni di Elfsight con l&#8217;aiuto della versione gratuita o acquista un widget adatto con il 20% di sconto.<\/p>\n<h2>Come aggiungere l&#8217;estensione al sito Splash<\/h2>\n<p>Puoi avere informazioni complete sull&#8217;installazione di un widget particolare nel nostro centro di assistenza. <\/p>\n<ol>\n<li>Trova il widget per il tuo obiettivo e personalizzalo nell&#8217;editor.<\/li>\n<li>Inserisci il codice di estensione nel tuo sito (nel codice HTML della pagina o del layout: sidebar, footer, etc.)<\/li>\n<li> L&#8217;aggiunta \u00e8 stata completata!<\/li>\n<\/ol>\n<p>Hai bisogno di aiuto gratuito per installare la tua estensione? Non riesci a fare l&#8217;installazione? Puoi contattare la nostra assistenza clienti. Saremo felici di risolvere i tuoi problemi.<\/p>\n<div class=\"faq\" data-component=\"FAQ\">\n<div class=\"faq-item\">\r\n\t\t\t\t\t<div class=\"faq-item-question\">\r\n\t\t\t\t\t\t<h3 class=\"faq-item-question-text\">Come posso integrare le estensioni nel mio template Splash?<\/h3>\r\n\r\n\t\t\t\t\t\t<div class=\"faq-item-question-icon\"><\/div>\r\n\t\t\t\t\t<\/div>\r\n\r\n\t\t\t\t\t<div class=\"faq-item-answer\">\r\n\t\t\t\t\t\t<div class=\"faq-item-answer-text\"><p>\nPuoi aggiungere le estensioni al sito. Apri semplicemente il pannello di amministratore ed esegui le seguenti azioni:<\/p>\n<ol>\n<li>Seleziona le impostazioni del tema;<\/li>\n<li>Seleziona il blocco in cui vuoi inserire l&#8217;estensione;<\/li>\n<li>Incolla il codice dal servizio Elfsight Apps e applica le modifiche.<\/li>\n<p>Fatto.<\/p>\n<\/ol>\n<\/div>\r\n\t\t\t\t\t<\/div>\r\n\t\t\t\t<\/div>\n<div class=\"faq-item\">\r\n\t\t\t\t\t<div class=\"faq-item-question\">\r\n\t\t\t\t\t\t<h3 class=\"faq-item-question-text\">Quali versioni e template di Splash possono essere integrati con l\u2032estensione?<\/h3>\r\n\r\n\t\t\t\t\t\t<div class=\"faq-item-question-icon\"><\/div>\r\n\t\t\t\t\t<\/div>\r\n\r\n\t\t\t\t\t<div class=\"faq-item-answer\">\r\n\t\t\t\t\t\t<div class=\"faq-item-answer-text\"> \nLe nostre estensioni sono compatibili con qualsiasi tema di versione del sito Splash. Garantiamo un funzionamento affidabile degli nostri strumenti.\n<\/div>\r\n\t\t\t\t\t<\/div>\r\n\t\t\t\t<\/div>\n<div class=\"faq-item\">\r\n\t\t\t\t\t<div class=\"faq-item-question\">\r\n\t\t\t\t\t\t<h3 class=\"faq-item-question-text\">Dove posso impostare le mie estensioni?<\/h3>\r\n\r\n\t\t\t\t\t\t<div class=\"faq-item-question-icon\"><\/div>\r\n\t\t\t\t\t<\/div>\r\n\r\n\t\t\t\t\t<div class=\"faq-item-answer\">\r\n\t\t\t\t\t\t<div class=\"faq-item-answer-text\">\nTutti i clienti di Elfsight possono apportare le modifiche richieste nelle impostazioni nel nostro configuratore facile da gestire.\n<\/div>\r\n\t\t\t\t\t<\/div>\r\n\t\t\t\t<\/div>\n<div class=\"faq-item\">\r\n\t\t\t\t\t<div class=\"faq-item-question\">\r\n\t\t\t\t\t\t<h3 class=\"faq-item-question-text\">C'\u00e8 la possibilit\u00e0 di parlare con il centro di supporto di Elfsight se ho bisogno di saperne di pi\u00f9 sul servizio?<\/h3>\r\n\r\n\t\t\t\t\t\t<div class=\"faq-item-question-icon\"><\/div>\r\n\t\t\t\t\t<\/div>\r\n\r\n\t\t\t\t\t<div class=\"faq-item-answer\">\r\n\t\t\t\t\t\t<div class=\"faq-item-answer-text\">\nTutti i clienti possono inviare un&#8217;e-mail a specialisti dell&#8217;assistenza altamente qualificati per ricevere consigli sull&#8217;utilizzo delle soluzioni.\n<\/div>\r\n\t\t\t\t\t<\/div>\r\n\t\t\t\t<\/div>\n<\/div>\n","protected":false},"excerpt":{"rendered":"Cos&#8217;\u00e8 un&#8217;estensione per Splash di Elfsight? Il nostro widget \u00e8 uno strumento semplice ed efficace per il miglioramento del sito web: raccolta di lead, assistenza clienti, aumento delle vendite, integrazione del sito con diversi social media e altri obiettivi. I widget di Elfsight consentono di eseguire diverse attivit\u00e0 tipiche dei&#8230;","protected":false},"author":11,"featured_media":0,"parent":0,"menu_order":0,"comment_status":"closed","ping_status":"closed","template":"templates\/template-platform.php","meta":{"publish_to_discourse":"","publish_post_category":"","wpdc_auto_publish_overridden":"","wpdc_topic_tags":"","wpdc_pin_topic":"","wpdc_pin_until":"","discourse_post_id":"","discourse_permalink":"","wpdc_publishing_response":"","wpdc_publishing_error":"","footnotes":""},"class_list":["post-1143","page","type-page","status-publish","hentry"],"yoast_head":"<!-- This site is optimized with the Yoast SEO plugin v25.3.1 - https:\/\/yoast.com\/wordpress\/plugins\/seo\/ -->\n<title>70+ migliori estensioni gratuite per il tuo sito web Splash (nel 2025)<\/title>\n<meta name=\"description\" content=\"Catalogo delle estensioni per Splash. Aiuto nella visualizzazione, adatto con tutti i template di Splash e le impostazioni personalizzati.\" \/>\n<meta name=\"robots\" content=\"index, follow, max-snippet:-1, max-image-preview:large, max-video-preview:-1\" \/>\n<link rel=\"canonical\" href=\"https:\/\/elfsight.com\/it\/splash-extensions\/\" \/>\n<meta property=\"og:locale\" content=\"it_IT\" \/>\n<meta property=\"og:type\" content=\"article\" \/>\n<meta property=\"og:title\" content=\"70+ migliori estensioni gratuite per il tuo sito web Splash (nel 2025)\" \/>\n<meta property=\"og:description\" content=\"Catalogo delle estensioni per Splash. Aiuto nella visualizzazione, adatto con tutti i template di Splash e le impostazioni personalizzati.\" \/>\n<meta property=\"og:url\" content=\"https:\/\/elfsight.com\/it\/splash-extensions\/\" \/>\n<meta property=\"og:site_name\" content=\"Elfsight IT\" \/>\n<meta property=\"article:modified_time\" content=\"2021-06-16T09:25:06+00:00\" \/>\n<meta property=\"og:image\" content=\"https:\/\/elfsight.com\/wp-content\/uploads\/2020\/08\/platform-image-splash.jpg\" \/>\n<meta name=\"twitter:card\" content=\"summary_large_image\" \/>\n<meta name=\"twitter:label1\" content=\"Tempo di lettura stimato\" \/>\n\t<meta name=\"twitter:data1\" content=\"2 minuti\" \/>\n<!-- \/ Yoast SEO plugin. -->","yoast_head_json":{"title":"70+ migliori estensioni gratuite per il tuo sito web Splash (nel 2025)","description":"Catalogo delle estensioni per Splash. Aiuto nella visualizzazione, adatto con tutti i template di Splash e le impostazioni personalizzati.","robots":{"index":"index","follow":"follow","max-snippet":"max-snippet:-1","max-image-preview":"max-image-preview:large","max-video-preview":"max-video-preview:-1"},"canonical":"https:\/\/elfsight.com\/it\/splash-extensions\/","og_locale":"it_IT","og_type":"article","og_title":"70+ migliori estensioni gratuite per il tuo sito web Splash (nel 2025)","og_description":"Catalogo delle estensioni per Splash. Aiuto nella visualizzazione, adatto con tutti i template di Splash e le impostazioni personalizzati.","og_url":"https:\/\/elfsight.com\/it\/splash-extensions\/","og_site_name":"Elfsight IT","article_modified_time":"2021-06-16T09:25:06+00:00","og_image":[{"url":"https:\/\/elfsight.com\/wp-content\/uploads\/2020\/08\/platform-image-splash.jpg","type":"","width":"","height":""}],"twitter_card":"summary_large_image","twitter_misc":{"Tempo di lettura stimato":"2 minuti"},"schema":{"@context":"https:\/\/schema.org","@graph":[{"@type":"WebPage","@id":"https:\/\/elfsight.com\/it\/splash-extensions\/","url":"https:\/\/elfsight.com\/it\/splash-extensions\/","name":"70+ migliori estensioni gratuite per il tuo sito web Splash (nel 2025)","isPartOf":{"@id":"https:\/\/elfsight.com\/it\/#website"},"primaryImageOfPage":{"@id":"https:\/\/elfsight.com\/it\/splash-extensions\/#primaryimage"},"image":{"@id":"https:\/\/elfsight.com\/it\/splash-extensions\/#primaryimage"},"thumbnailUrl":"https:\/\/elfsight.com\/wp-content\/uploads\/2020\/08\/platform-image-splash.jpg","datePublished":"2020-12-14T09:46:53+00:00","dateModified":"2021-06-16T09:25:06+00:00","description":"Catalogo delle estensioni per Splash. Aiuto nella visualizzazione, adatto con tutti i template di Splash e le impostazioni personalizzati.","breadcrumb":{"@id":"https:\/\/elfsight.com\/it\/splash-extensions\/#breadcrumb"},"inLanguage":"it-IT","potentialAction":[{"@type":"ReadAction","target":["https:\/\/elfsight.com\/it\/splash-extensions\/"]}]},{"@type":"ImageObject","inLanguage":"it-IT","@id":"https:\/\/elfsight.com\/it\/splash-extensions\/#primaryimage","url":"https:\/\/elfsight.com\/wp-content\/uploads\/2020\/08\/platform-image-splash.jpg","contentUrl":"https:\/\/elfsight.com\/wp-content\/uploads\/2020\/08\/platform-image-splash.jpg"},{"@type":"BreadcrumbList","@id":"https:\/\/elfsight.com\/it\/splash-extensions\/#breadcrumb","itemListElement":[{"@type":"ListItem","position":1,"name":"Home","item":"https:\/\/elfsight.com\/it\/"},{"@type":"ListItem","position":2,"name":"Splash extensions"}]},{"@type":"WebSite","@id":"https:\/\/elfsight.com\/it\/#website","url":"https:\/\/elfsight.com\/it\/","name":"Elfsight IT","description":"Just another Elfsight Sites site","potentialAction":[{"@type":"SearchAction","target":{"@type":"EntryPoint","urlTemplate":"https:\/\/elfsight.com\/it\/?s={search_term_string}"},"query-input":{"@type":"PropertyValueSpecification","valueRequired":true,"valueName":"search_term_string"}}],"inLanguage":"it-IT"}]}},"meta_box":{"industry":"","seo_heading":"","heading":"","description":"","cta_heading":"","cta_description":"","application":"","h1":"Le migliori estensioni per Splash","h1_caption":"Questo \u00e8 un record gratuito di strumenti ottimi per il miglioramento del sito web. Aiutano con tutti gli scopi commerciali e pubblicitari del tuo sito. Potrete godere di una integrazione facile, una variet\u00e0 di funzioni di ottimizzazione e assistenza clienti completa.","application_category":[],"applications_title":"Scopri l'elenco di tutte le estensioni gratuite per Splash","applications_request_title":"Non riesci a trovare il widget giusto?","applications_request_button_text":"Richiedi un widget","hero_text":"","hero_video":"","hero_video_schema_markup":"","selling_points_title":"","selling_points_caption":"","selling_points":[],"selling_points_cta_text":"","features_title":"","features":"","ed_cta_examples_text":"","ed_cta_examples_hidden":"","ed_cta_demo_text":"","ed_cta_demo_hidden":"","why_caption":"","why_editor_title":"","why_editor_text":"","why_team_title":"","why_team_text":"","why_service_title":"","why_service_text":"","template_catalog_visible":"","template_catalog_title":"","template_catalog_text":"","template_catalog_categories_visible":"","demo_title":"","demo_caption":"","default_faq_hidden":"","app_template_category":[],"platform":"72","template_public_id":"","codecanyon_url":"","codecanyon_item_id":"","codecanyon_price":"","pricing_caption":"","pricing_elfsight_apps_hide_column":"","pricing_elfsight_apps_url":"","pricing_codecanyon_price_caption":"","integration_category":[],"integration_request_title":"","integration_request_cta":"","integration_platform":"","integrations":[],"platform_category":[],"video_schema_markup":"","price":"","trial":"","benefits":[],"button_url":"","button_target_blank":"","button_nofollow":"","attributes":[],"tags":[],"tags_disable_links":"","hide_more_platforms":"","video_object":"","demo_hide_cta":"","demo_hide_cloud_options":"","pricing_title":"","pricing":[],"related_apps_title":"","related_apps_hidden":"","author":"","image":[],"title":"","job":"","social_networks":[]},"_links":{"self":[{"href":"https:\/\/elfsight.com\/it\/wp-json\/wp\/v2\/pages\/1143","targetHints":{"allow":["GET"]}}],"collection":[{"href":"https:\/\/elfsight.com\/it\/wp-json\/wp\/v2\/pages"}],"about":[{"href":"https:\/\/elfsight.com\/it\/wp-json\/wp\/v2\/types\/page"}],"author":[{"embeddable":true,"href":"https:\/\/elfsight.com\/it\/wp-json\/wp\/v2\/users\/11"}],"replies":[{"embeddable":true,"href":"https:\/\/elfsight.com\/it\/wp-json\/wp\/v2\/comments?post=1143"}],"version-history":[{"count":5,"href":"https:\/\/elfsight.com\/it\/wp-json\/wp\/v2\/pages\/1143\/revisions"}],"predecessor-version":[{"id":2165,"href":"https:\/\/elfsight.com\/it\/wp-json\/wp\/v2\/pages\/1143\/revisions\/2165"}],"wp:attachment":[{"href":"https:\/\/elfsight.com\/it\/wp-json\/wp\/v2\/media?parent=1143"}],"curies":[{"name":"wp","href":"https:\/\/api.w.org\/{rel}","templated":true}]}}