{"id":1110,"date":"2020-12-14T08:35:52","date_gmt":"2020-12-14T08:35:52","guid":{"rendered":"https:\/\/elfsight.com\/it\/?page_id=1110"},"modified":"2020-12-14T09:05:54","modified_gmt":"2020-12-14T09:05:54","slug":"features","status":"publish","type":"page","link":"https:\/\/elfsight.com\/it\/countdown-timer-widget\/features\/","title":{"rendered":"Countdown Timer &#8211; Features"},"content":{"rendered":"\n<section class=\"application-features-group section\" id=\"by dates\">\n                    <div class=\"inner\">\n                        <div class=\"col-row\">\n                            <div class=\"col-6 col-offset-3 col-m-12 col-m-offset-0\">\n<h3>Personalizza inizio e fine come preferisci<\/h3>\nElfsight Countdown Timer \u00e8 ottimo per creare un widget per il conto alla rovescia che velocizza la decisione di acquisto dei visitatori. Basta impostare la data e l&#8217;ora in cui deve iniziare e finire; il timer \u00e8 pronto. Puoi inserire la data attuale o spostare l&#8217;inizio in qualsiasi data ti serva.\n<h3>Scegliere cosa fare al termine del timer<\/h3>\n Elfsight Countdown Timer offre due scenari dopo la scadenza del tempo. Puoi sceglierne uno qualsiasi: il contatore scomparir\u00e0 semplicemente dalla pagina o al suo posto apparir\u00e0 un messaggio con il tuo testo.\n<h3>Incrementare le vendite con un invito all&#8217;azione<\/h3>\n Con il countdown timer di Elfsight hai la possibilit\u00e0 di mostrare un messaggio sopra il widget del conto alla rovescia. Crea un call-to-action che porter\u00e0 pi\u00f9 urgenza e entusiasmer\u00e0 i tuoi visitatori a fare acquisti sul tuo sito.\n<\/div>\n                        <\/div>\n                    <\/div>\n\n                    <div class=\"application-features-group-title\">by-dates<\/div>\n                <\/section>\n<section class=\"application-features-group section\" id=\"per visitor\">\n                    <div class=\"inner\">\n                        <div class=\"col-row\">\n                            <div class=\"col-6 col-offset-3 col-m-12 col-m-offset-0\">\n<h3>Timer per qualsiasi intervallo di tempo<\/h3>\nPuoi impostare il tuo conto alla rovescia per qualsiasi durata scegliendo le unit\u00e0 richieste e il loro valore. Elfsight Countdown Timer include giorni, ore, minuti e secondi. Puoi mostrarli tutti o nascondere le unit\u00e0 che non usi.\n<h3>Etichette modificabili di unit\u00e0 di tempo<\/h3>\nPer ogni unit\u00e0 di tempo c&#8217;\u00e8 un&#8217;etichetta che puoi modificare secondo i tuoi gusti. Modifica il testo dell&#8217;etichetta, ad esempio, scrivi le unit\u00e0 di tempo nella tua lingua o abbrevia le parole. Puoi anche nascondere le etichette se vuoi avere un aspetto minimalista del countdown widget.\n<\/div>\n                        <\/div>\n                    <\/div>\n\n                    <div class=\"application-features-group-title\">per-visitor<\/div>\n                <\/section>\n<section class=\"application-features-group section\" id=\"numbers\">\n                    <div class=\"inner\">\n                        <div class=\"col-row\">\n                            <div class=\"col-6 col-offset-3 col-m-12 col-m-offset-0\">\n<h3>Imposta l&#8217;inizio e la fine del conto alla rovescia<\/h3>\n Per dimostrare una disponibilit\u00e0 limitata dei tuoi articoli, mostra che sono popolari e si esauriscono veloce. Per questo puoi usare Elfsight Countdown Timer come conteggio che cambier\u00e0 il numero con intervalli casuali. Imposta i valori di inizio e fine ed \u00e8 pronto per l&#8217;uso.\n<h3>Tipi di conteggio Su e Gi\u00f9<\/h3>\n \nPuoi utilizzare il conto alla rovescia di Elfsight per creare conteggi per il tuo sito web che aumentano o diminuiscono. Se vuoi mostrare come diminuisce lo stock dei tuoi articoli,  il conteggio passer\u00e0 dal numero pi\u00f9 grande a quello pi\u00f9 piccolo. Oppure, se vuoi mostrare un numero crescente di vendite, basta scambiare i valori e il conteggio passer\u00e0 da pi\u00f9 alto a pi\u00f9 basso.\n\n<h3>Pulsante per acquisto immediato<\/h3>\nUna volta che sei riuscito ad attirare l&#8217;attenzione dell&#8217;utente puoi indirizzarlo direttamente alla pagina del prodotto o di pagamento con un solo clic. Per questo usa un pulsante personalizzabile sotto il conteggio. Porter\u00e0 il tuo visitatore a una pagina di prodotto correlata o qualsiasi altra pagina che hai impostato. Puoi anche modificare l&#8217;etichetta del pulsante e inserire quella che ti sembrer\u00e0 pi\u00f9 incoraggiante.\n\n<\/div>\n                        <\/div>\n                    <\/div>\n\n                    <div class=\"application-features-group-title\">numbers<\/div>\n                <\/section>\n<section class=\"application-features-group section\" id=\"Banner\">\n                    <div class=\"inner\">\n                        <div class=\"col-row\">\n                            <div class=\"col-6 col-offset-3 col-m-12 col-m-offset-0\">\n<h3>Temi festivi per un look straordinario <\/h3>\n Con il nostro widget puoi aggiungere al tuo sito web un contatore alla rovescia con un bel design a tema festivo. Questa \u00e8 un&#8217;ottima cosa per i saldi e le offerte speciali, quando pi\u00f9 persone navigano nei negozi online. I temi incorporati includono Natale, Capodanno, Black Friday, San Valentino e altro ancora. Crea un timer di vendita accattivante con Elfsight.\n<h3>Seleziona una posizione nella pagina<\/h3>\n Crea un timer online per il tuo sito che nessuno potr\u00e0 perdere. Per questo offriamo diverse opzioni per il posizionamento sulla pagina. \u00c8 possibile creare un timer statico nell&#8217;intestazione, un timer mobile per l&#8217;intestazione e il pi\u00e8 o inserirlo in un punto qualsiasi della pagina. In questo caso puoi allinearlo a destra, a sinistra o al centro.\n\n<\/div>\n                        <\/div>\n                    <\/div>\n\n                    <div class=\"application-features-group-title\">banner<\/div>\n                <\/section>\n<section class=\"application-features-group section\" id=\"customization\">\n                    <div class=\"inner\">\n                        <div class=\"col-row\">\n                            <div class=\"col-6 col-offset-3 col-m-12 col-m-offset-0\">\n<h3>Dimensione adattiva degli elementi del timer<\/h3>\nCon il nostro strumento hai il controllo totale sulle dimensioni. Puoi ridimensionare il timer e il pulsante in modo indipendente per renderli della stessa dimensione o accentuare l&#8217;attenzione su uno di essi. Scegli anche la dimensione del carattere del messaggio del widget e il suo font.\n<h3>5 stili di timer<\/h3>\nAbbiamo sviluppato cinque template che ti aiuteranno a creare un countdown widget che si adatta perfettamente al design del tuo sito.\nProvali tutti e troverai quello pi\u00f9 adatto al tuo design.\n<h3>Opzioni di colore per 5 elementi<\/h3>\n\u00c8 difficile immaginare la personalizzazione senza scelte di colore. Nel nostro widget ci sono cinque elementi che puoi colorare: timer, pulsante, etichette del timer e testo del messaggio. Crea un aspetto unico!\n<h3>Diversi tipi di animazione<\/h3>\nElfsight Countdown Timer ti permette di scegliere il tipo di animazione che verr\u00e0 visualizzato al cambio dei numeri nel conto alla rovescia. Rotazione, scorrimento, dissolvenza: qualsiasi effetto pu\u00f2 essere applicato con un clic. Quando si sceglie l&#8217;opzione predefinita, i numeri cambieranno senza effetti aggiuntivi.\n<\/div>\n                        <\/div>\n                    <\/div>\n\n                    <div class=\"application-features-group-title\">customization<\/div>\n                <\/section>\n","protected":false},"excerpt":{"rendered":"","protected":false},"author":11,"featured_media":0,"parent":1109,"menu_order":0,"comment_status":"closed","ping_status":"closed","template":"templates\/template-application-features.php","meta":{"publish_to_discourse":"","publish_post_category":"","wpdc_auto_publish_overridden":"","wpdc_topic_tags":"","wpdc_pin_topic":"","wpdc_pin_until":"","discourse_post_id":"","discourse_permalink":"","wpdc_publishing_response":"","wpdc_publishing_error":"","footnotes":""},"class_list":["post-1110","page","type-page","status-publish","hentry"],"yoast_head":"<!-- This site is optimized with the Yoast SEO plugin v25.3.1 - https:\/\/yoast.com\/wordpress\/plugins\/seo\/ -->\n<title>Responsive Countdown Timer widget \u2014 25+ impostazioni personalizzate<\/title>\n<meta name=\"description\" content=\"Prova tutte le funzioni di Countdown in una live demo. Impostazioni personalizzate e un Countdown widget layout completamente responsive per qualsiasi dispositivo.\" \/>\n<meta name=\"robots\" content=\"index, follow, max-snippet:-1, max-image-preview:large, max-video-preview:-1\" \/>\n<link rel=\"canonical\" href=\"https:\/\/elfsight.com\/it\/countdown-timer-widget\/features\/\" \/>\n<meta property=\"og:locale\" content=\"it_IT\" \/>\n<meta property=\"og:type\" content=\"article\" \/>\n<meta property=\"og:title\" content=\"Responsive Countdown Timer widget \u2014 25+ impostazioni personalizzate\" \/>\n<meta property=\"og:description\" content=\"Prova tutte le funzioni di Countdown in una live demo. Impostazioni personalizzate e un Countdown widget layout completamente responsive per qualsiasi dispositivo.\" \/>\n<meta property=\"og:url\" content=\"https:\/\/elfsight.com\/it\/countdown-timer-widget\/features\/\" \/>\n<meta property=\"og:site_name\" content=\"Elfsight IT\" \/>\n<meta property=\"article:modified_time\" content=\"2020-12-14T09:05:54+00:00\" \/>\n<meta name=\"twitter:card\" content=\"summary_large_image\" \/>\n<meta name=\"twitter:label1\" content=\"Tempo di lettura stimato\" \/>\n\t<meta name=\"twitter:data1\" content=\"4 minuti\" \/>\n<!-- \/ Yoast SEO plugin. -->","yoast_head_json":{"title":"Responsive Countdown Timer widget \u2014 25+ impostazioni personalizzate","description":"Prova tutte le funzioni di Countdown in una live demo. Impostazioni personalizzate e un Countdown widget layout completamente responsive per qualsiasi dispositivo.","robots":{"index":"index","follow":"follow","max-snippet":"max-snippet:-1","max-image-preview":"max-image-preview:large","max-video-preview":"max-video-preview:-1"},"canonical":"https:\/\/elfsight.com\/it\/countdown-timer-widget\/features\/","og_locale":"it_IT","og_type":"article","og_title":"Responsive Countdown Timer widget \u2014 25+ impostazioni personalizzate","og_description":"Prova tutte le funzioni di Countdown in una live demo. Impostazioni personalizzate e un Countdown widget layout completamente responsive per qualsiasi dispositivo.","og_url":"https:\/\/elfsight.com\/it\/countdown-timer-widget\/features\/","og_site_name":"Elfsight IT","article_modified_time":"2020-12-14T09:05:54+00:00","twitter_card":"summary_large_image","twitter_misc":{"Tempo di lettura stimato":"4 minuti"},"schema":{"@context":"https:\/\/schema.org","@graph":[{"@type":"WebPage","@id":"https:\/\/elfsight.com\/it\/countdown-timer-widget\/features\/","url":"https:\/\/elfsight.com\/it\/countdown-timer-widget\/features\/","name":"Responsive Countdown Timer widget \u2014 25+ impostazioni personalizzate","isPartOf":{"@id":"https:\/\/elfsight.com\/it\/#website"},"datePublished":"2020-12-14T08:35:52+00:00","dateModified":"2020-12-14T09:05:54+00:00","description":"Prova tutte le funzioni di Countdown in una live demo. Impostazioni personalizzate e un Countdown widget layout completamente responsive per qualsiasi dispositivo.","breadcrumb":{"@id":"https:\/\/elfsight.com\/it\/countdown-timer-widget\/features\/#breadcrumb"},"inLanguage":"it-IT","potentialAction":[{"@type":"ReadAction","target":["https:\/\/elfsight.com\/it\/countdown-timer-widget\/features\/"]}]},{"@type":"BreadcrumbList","@id":"https:\/\/elfsight.com\/it\/countdown-timer-widget\/features\/#breadcrumb","itemListElement":[{"@type":"ListItem","position":1,"name":"Home","item":"https:\/\/elfsight.com\/it\/"},{"@type":"ListItem","position":2,"name":"Countdown Timer","item":"https:\/\/elfsight.com\/it\/countdown-timer-widget\/"},{"@type":"ListItem","position":3,"name":"Countdown Timer &#8211; Features"}]},{"@type":"WebSite","@id":"https:\/\/elfsight.com\/it\/#website","url":"https:\/\/elfsight.com\/it\/","name":"Elfsight IT","description":"Just another Elfsight Sites site","potentialAction":[{"@type":"SearchAction","target":{"@type":"EntryPoint","urlTemplate":"https:\/\/elfsight.com\/it\/?s={search_term_string}"},"query-input":{"@type":"PropertyValueSpecification","valueRequired":true,"valueName":"search_term_string"}}],"inLanguage":"it-IT"}]}},"meta_box":{"industry":"","seo_heading":"","heading":"","description":"","cta_heading":"","cta_description":"","application":"1108","h1":"Funzionalit\u00e0 del timer conto alla rovescia","h1_caption":"Esplora tutte le funzionalit\u00e0 di Elfsight Countdown Timer e come possono aiutarti a creare il widget pi\u00f9 efficace.","application_category":[],"applications_title":"","applications_request_title":"","applications_request_button_text":"","hero_text":"","hero_video":"","hero_video_schema_markup":"","selling_points_title":"","selling_points_caption":"","selling_points":[],"selling_points_cta_text":"","features_title":"","features":"","ed_cta_examples_text":"","ed_cta_examples_hidden":"","ed_cta_demo_text":"","ed_cta_demo_hidden":"","why_caption":"","why_editor_title":"","why_editor_text":"","why_team_title":"","why_team_text":"","why_service_title":"","why_service_text":"","template_catalog_visible":"","template_catalog_title":"","template_catalog_text":"","template_catalog_categories_visible":"","demo_title":"","demo_caption":"","default_faq_hidden":"","app_template_category":[],"platform":"","template_public_id":"","codecanyon_url":"","codecanyon_item_id":"","codecanyon_price":"","pricing_caption":"","pricing_elfsight_apps_hide_column":"","pricing_elfsight_apps_url":"","pricing_codecanyon_price_caption":"","integration_category":[],"integration_request_title":"","integration_request_cta":"","integration_platform":"","integrations":[],"platform_category":[],"video_schema_markup":"","price":"","trial":"","benefits":[],"button_url":"","button_target_blank":"","button_nofollow":"","attributes":[],"tags":[],"tags_disable_links":"","hide_more_platforms":"","video_object":"","demo_hide_cta":"","demo_hide_cloud_options":"","pricing_title":"","pricing":[],"related_apps_title":"","related_apps_hidden":"","author":"","image":[],"title":"","job":"","social_networks":[]},"_links":{"self":[{"href":"https:\/\/elfsight.com\/it\/wp-json\/wp\/v2\/pages\/1110","targetHints":{"allow":["GET"]}}],"collection":[{"href":"https:\/\/elfsight.com\/it\/wp-json\/wp\/v2\/pages"}],"about":[{"href":"https:\/\/elfsight.com\/it\/wp-json\/wp\/v2\/types\/page"}],"author":[{"embeddable":true,"href":"https:\/\/elfsight.com\/it\/wp-json\/wp\/v2\/users\/11"}],"replies":[{"embeddable":true,"href":"https:\/\/elfsight.com\/it\/wp-json\/wp\/v2\/comments?post=1110"}],"version-history":[{"count":2,"href":"https:\/\/elfsight.com\/it\/wp-json\/wp\/v2\/pages\/1110\/revisions"}],"predecessor-version":[{"id":1126,"href":"https:\/\/elfsight.com\/it\/wp-json\/wp\/v2\/pages\/1110\/revisions\/1126"}],"up":[{"embeddable":true,"href":"https:\/\/elfsight.com\/it\/wp-json\/wp\/v2\/pages\/1109"}],"wp:attachment":[{"href":"https:\/\/elfsight.com\/it\/wp-json\/wp\/v2\/media?parent=1110"}],"curies":[{"name":"wp","href":"https:\/\/api.w.org\/{rel}","templated":true}]}}