{"id":1051,"date":"2020-12-09T10:42:59","date_gmt":"2020-12-09T10:42:59","guid":{"rendered":"https:\/\/elfsight.com\/it\/?page_id=1051"},"modified":"2020-12-09T10:51:10","modified_gmt":"2020-12-09T10:51:10","slug":"examples","status":"publish","type":"page","link":"https:\/\/elfsight.com\/it\/facebook-feed-widget\/examples\/","title":{"rendered":"Facebook Feed &#8211; Examples"},"content":{"rendered":"\n<div class=\"application-examples-item application-examples-item-loading\">\n                            <div class=\"col-row\">\n                                <div class=\"col-6 col-m-8 col-s-12\"><h3 class=\"application-examples-item-title\">Esempio 1: widget medio<\/h3><div class=\"application-examples-item-description\">Questo widget di medie dimensioni si adatta alla maggior parte dei casi in cui Facebook deve essere incorporato in un'area di contenuto della pagina. Puoi facilmente modificare i parametri di larghezza e altezza per adattarlo alle tue esigenze. L'intestazione mostra la copertina della pagina, il nome e le statistiche ei pulsanti Mi piace e Condividi.<\/div><\/div>\n                <\/div>\n\n                <div class=\"application-examples-item-iframe-container browser-frame\">\n                    <div class=\"application-examples-item-iframe-wrapper\">\n                        <iframe class=\"application-examples-item-iframe\" data-src=\"https:\/\/apps.elfsight.com\/template\/7d35b25e-09ea-430b-a72e-31f578c052de?padding=28px+0+28px+0\" width=\"100%\" allow=\"autoplay; fullscreen\"><\/iframe>\n                    <\/div>\n\n                    <div class=\"application-examples-item-loader\"><\/div>\n                <\/div>\n            <\/div>\n<div class=\"application-examples-item application-examples-item-loading\">\n                            <div class=\"col-row\">\n                                <div class=\"col-6 col-m-8 col-s-12\"><h3 class=\"application-examples-item-title\">Esempio 2: widget piccolo<\/h3><div class=\"application-examples-item-description\">Guarda come si riorganizzano tutti gli elementi dell'intestazione quando riduci la larghezza del widget. Qualunque siano i parametri di larghezza e altezza impostati, il feed apparir\u00e0 brillante e salver\u00e0 tutte le funzionalit\u00e0 allo stesso tempo. L'utente pu\u00f2 visualizzare ogni messaggio in popup e reagire direttamente l\u00ec.<\/div><\/div>\n                <\/div>\n\n                <div class=\"application-examples-item-iframe-container browser-frame\">\n                    <div class=\"application-examples-item-iframe-wrapper\">\n                        <iframe class=\"application-examples-item-iframe\" data-src=\"https:\/\/apps.elfsight.com\/template\/71dc519a-f250-40ff-bed9-06fc23be1f63?padding=28px+0+28px+0\" width=\"100%\" allow=\"autoplay; fullscreen\"><\/iframe>\n                    <\/div>\n\n                    <div class=\"application-examples-item-loader\"><\/div>\n                <\/div>\n            <\/div>\n<div class=\"application-examples-item application-examples-item-loading\">\n                            <div class=\"col-row\">\n                                <div class=\"col-6 col-m-8 col-s-12\"><h3 class=\"application-examples-item-title\">Esempio 3: widget di grandi dimensioni<\/h3><div class=\"application-examples-item-description\">Per fare in modo che un widget di dimensioni gigantesche si adatti bene alla pagina, puoi variare la visualizzazione di vari elementi. In questo caso, l'immagine di copertina dell'intestazione \u00e8 stata disattivata, il che ha reso l'intero aspetto non cos\u00ec ingombrante. Tutte le informazioni sui post rimangono l\u00ec e i post stessi affiancano bene il feed. Il pulsante Load more (Carica altro) aiuta la navigazione rapida.<\/div><\/div>\n                <\/div>\n\n                <div class=\"application-examples-item-iframe-container browser-frame\">\n                    <div class=\"application-examples-item-iframe-wrapper\">\n                        <iframe class=\"application-examples-item-iframe\" data-src=\"https:\/\/apps.elfsight.com\/template\/c9429aad-e5de-401a-8804-d800ff67a1a2?padding=28px+0+28px+0\" width=\"100%\" allow=\"autoplay; fullscreen\"><\/iframe>\n                    <\/div>\n\n                    <div class=\"application-examples-item-loader\"><\/div>\n                <\/div>\n            <\/div>\n<div class=\"application-examples-item application-examples-item-loading\">\n                            <div class=\"col-row\">\n                                <div class=\"col-6 col-m-8 col-s-12\"><h3 class=\"application-examples-item-title\">Esempio 4: post di Facebook<\/h3><div class=\"application-examples-item-description\">Ottieni il look pulito quando tutto ci\u00f2 che vuoi mostrare sono i post. L'opzione per disattivare il menu permette di visualizzare un solo tipo di contenuto e trasforma il widget nella serie di post. E quando l'intestazione \u00e8 nascosta, il widget concentra la massima attenzione sui post con le statistiche e l'opzione Condividi.<\/div><\/div>\n                <\/div>\n\n                <div class=\"application-examples-item-iframe-container browser-frame\">\n                    <div class=\"application-examples-item-iframe-wrapper\">\n                        <iframe class=\"application-examples-item-iframe application-examples-item-iframe-fixed-height\" data-src=\"https:\/\/apps.elfsight.com\/template\/b3000eaa-7f15-4d6d-b583-ed47fcb3074f?padding=28px+0+28px+0\" width=\"100%\" height=\"830px\" allow=\"autoplay; fullscreen\"><\/iframe>\n                    <\/div>\n\n                    <div class=\"application-examples-item-loader\"><\/div>\n                <\/div>\n            <\/div>\n<div class=\"application-examples-item application-examples-item-loading\">\n                            <div class=\"col-row\">\n                                <div class=\"col-6 col-m-8 col-s-12\"><h3 class=\"application-examples-item-title\">Esempio 5: post a larghezza intera<\/h3><div class=\"application-examples-item-description\">Puoi riempire l'intera pagina del sito con Facebook Feed. Lascia il parametro Auto nei campi larghezza e altezza fa s\u00ec che il widget riempia automaticamente tutto lo spazio disponibile sulla pagina. Con l'intestazione disattivata il feed si trasforma in un'impressionante vetrina di post.<\/div><\/div>\n                <\/div>\n\n                <div class=\"application-examples-item-iframe-container browser-frame\">\n                    <div class=\"application-examples-item-iframe-wrapper\">\n                        <iframe class=\"application-examples-item-iframe\" data-src=\"https:\/\/apps.elfsight.com\/template\/08530d6b-9217-4b05-82d9-29c98fbaa8ca?padding=28px+0+28px+0\" width=\"100%\" allow=\"autoplay; fullscreen\"><\/iframe>\n                    <\/div>\n\n                    <div class=\"application-examples-item-loader\"><\/div>\n                <\/div>\n            <\/div>\n<div class=\"application-examples-item application-examples-item-loading\">\n                            <div class=\"col-row\">\n                                <div class=\"col-6 col-m-8 col-s-12\"><div class=\"application-examples-item-description\">Con solo un paio di clic trasforma il tuo feed in una galleria fotografica. Minimalista e pulito, \u00e8 destinato ad attirare visualizzazioni e coinvolgimento: sono solo foto di Facebook senza dettagli aggiuntivi. Si aprono in popup per una visualizzazione completa e gli utenti possono navigare proprio l\u00ec, trascinando o utilizzando le frecce. Le reazioni e il pulsante Condividi sono disponibili anche nel popup.<\/div><\/div>\n                <\/div>\n\n                <div class=\"application-examples-item-iframe-container browser-frame\">\n                    <div class=\"application-examples-item-iframe-wrapper\">\n                        <iframe class=\"application-examples-item-iframe\" data-src=\"https:\/\/apps.elfsight.com\/template\/3ff8aeee-d27e-4dee-a1dc-6a21adb60313\" width=\"100%\" allow=\"autoplay; fullscreen\"><\/iframe>\n                    <\/div>\n\n                    <div class=\"application-examples-item-loader\"><\/div>\n                <\/div>\n            <\/div>\n","protected":false},"excerpt":{"rendered":"","protected":false},"author":11,"featured_media":0,"parent":1049,"menu_order":0,"comment_status":"closed","ping_status":"closed","template":"templates\/template-application-examples.php","meta":{"publish_to_discourse":"","publish_post_category":"","wpdc_auto_publish_overridden":"","wpdc_topic_tags":"","wpdc_pin_topic":"","wpdc_pin_until":"","discourse_post_id":"","discourse_permalink":"","wpdc_publishing_response":"","wpdc_publishing_error":"","footnotes":""},"class_list":["post-1051","page","type-page","status-publish","hentry"],"yoast_head":"<!-- This site is optimized with the Yoast SEO plugin v25.3.1 - https:\/\/yoast.com\/wordpress\/plugins\/seo\/ -->\n<title>Esempi di Facebook feed - Esempi di Facebook Feed su un sito web<\/title>\n<meta name=\"description\" content=\"I 6 principali esempi di Facebook Feed per siti web: tutti i tipi di contenuto, feed di foto, galleria video e altri template per il tuo sito web.\" \/>\n<meta name=\"robots\" content=\"index, follow, max-snippet:-1, max-image-preview:large, max-video-preview:-1\" \/>\n<link rel=\"canonical\" href=\"https:\/\/elfsight.com\/it\/facebook-feed-widget\/examples\/\" \/>\n<meta property=\"og:locale\" content=\"it_IT\" \/>\n<meta property=\"og:type\" content=\"article\" \/>\n<meta property=\"og:title\" content=\"Esempi di Facebook feed - Esempi di Facebook Feed su un sito web\" \/>\n<meta property=\"og:description\" content=\"I 6 principali esempi di Facebook Feed per siti web: tutti i tipi di contenuto, feed di foto, galleria video e altri template per il tuo sito web.\" \/>\n<meta property=\"og:url\" content=\"https:\/\/elfsight.com\/it\/facebook-feed-widget\/examples\/\" \/>\n<meta property=\"og:site_name\" content=\"Elfsight IT\" \/>\n<meta property=\"article:modified_time\" content=\"2020-12-09T10:51:10+00:00\" \/>\n<meta name=\"twitter:card\" content=\"summary_large_image\" \/>\n<meta name=\"twitter:label1\" content=\"Tempo di lettura stimato\" \/>\n\t<meta name=\"twitter:data1\" content=\"2 minuti\" \/>\n<!-- \/ Yoast SEO plugin. -->","yoast_head_json":{"title":"Esempi di Facebook feed - Esempi di Facebook Feed su un sito web","description":"I 6 principali esempi di Facebook Feed per siti web: tutti i tipi di contenuto, feed di foto, galleria video e altri template per il tuo sito web.","robots":{"index":"index","follow":"follow","max-snippet":"max-snippet:-1","max-image-preview":"max-image-preview:large","max-video-preview":"max-video-preview:-1"},"canonical":"https:\/\/elfsight.com\/it\/facebook-feed-widget\/examples\/","og_locale":"it_IT","og_type":"article","og_title":"Esempi di Facebook feed - Esempi di Facebook Feed su un sito web","og_description":"I 6 principali esempi di Facebook Feed per siti web: tutti i tipi di contenuto, feed di foto, galleria video e altri template per il tuo sito web.","og_url":"https:\/\/elfsight.com\/it\/facebook-feed-widget\/examples\/","og_site_name":"Elfsight IT","article_modified_time":"2020-12-09T10:51:10+00:00","twitter_card":"summary_large_image","twitter_misc":{"Tempo di lettura stimato":"2 minuti"},"schema":{"@context":"https:\/\/schema.org","@graph":[{"@type":"WebPage","@id":"https:\/\/elfsight.com\/it\/facebook-feed-widget\/examples\/","url":"https:\/\/elfsight.com\/it\/facebook-feed-widget\/examples\/","name":"Esempi di Facebook feed - Esempi di Facebook Feed su un sito web","isPartOf":{"@id":"https:\/\/elfsight.com\/it\/#website"},"datePublished":"2020-12-09T10:42:59+00:00","dateModified":"2020-12-09T10:51:10+00:00","description":"I 6 principali esempi di Facebook Feed per siti web: tutti i tipi di contenuto, feed di foto, galleria video e altri template per il tuo sito web.","breadcrumb":{"@id":"https:\/\/elfsight.com\/it\/facebook-feed-widget\/examples\/#breadcrumb"},"inLanguage":"it-IT","potentialAction":[{"@type":"ReadAction","target":["https:\/\/elfsight.com\/it\/facebook-feed-widget\/examples\/"]}]},{"@type":"BreadcrumbList","@id":"https:\/\/elfsight.com\/it\/facebook-feed-widget\/examples\/#breadcrumb","itemListElement":[{"@type":"ListItem","position":1,"name":"Home","item":"https:\/\/elfsight.com\/it\/"},{"@type":"ListItem","position":2,"name":"Facebook Feed","item":"https:\/\/elfsight.com\/it\/facebook-feed-widget\/"},{"@type":"ListItem","position":3,"name":"Facebook Feed &#8211; Examples"}]},{"@type":"WebSite","@id":"https:\/\/elfsight.com\/it\/#website","url":"https:\/\/elfsight.com\/it\/","name":"Elfsight IT","description":"Just another Elfsight Sites site","potentialAction":[{"@type":"SearchAction","target":{"@type":"EntryPoint","urlTemplate":"https:\/\/elfsight.com\/it\/?s={search_term_string}"},"query-input":{"@type":"PropertyValueSpecification","valueRequired":true,"valueName":"search_term_string"}}],"inLanguage":"it-IT"}]}},"meta_box":{"industry":"","seo_heading":"","heading":"","description":"","cta_heading":"","cta_description":"","application":"1042","h1":"Esempi di Facebook Feed","h1_caption":"Controlla gli esempi di Facebook Feed per scoprire il pieno potenziale del widget. Assicurati che si adatti ai tuoi obiettivi.","application_category":[],"applications_title":"","applications_request_title":"","applications_request_button_text":"","hero_text":"","hero_video":"","hero_video_schema_markup":"","selling_points_title":"","selling_points_caption":"","selling_points":[],"selling_points_cta_text":"","features_title":"","features":"","ed_cta_examples_text":"","ed_cta_examples_hidden":"","ed_cta_demo_text":"","ed_cta_demo_hidden":"","why_caption":"","why_editor_title":"","why_editor_text":"","why_team_title":"","why_team_text":"","why_service_title":"","why_service_text":"","template_catalog_visible":"","template_catalog_title":"","template_catalog_text":"","template_catalog_categories_visible":"","demo_title":"","demo_caption":"","default_faq_hidden":"","app_template_category":[],"platform":"","template_public_id":"","codecanyon_url":"","codecanyon_item_id":"","codecanyon_price":"","pricing_caption":"","pricing_elfsight_apps_hide_column":"","pricing_elfsight_apps_url":"","pricing_codecanyon_price_caption":"","integration_category":[],"integration_request_title":"","integration_request_cta":"","integration_platform":"","integrations":[],"platform_category":[],"video_schema_markup":"","price":"","trial":"","benefits":[],"button_url":"","button_target_blank":"","button_nofollow":"","attributes":[],"tags":[],"tags_disable_links":"","hide_more_platforms":"","video_object":"","demo_hide_cta":"","demo_hide_cloud_options":"","pricing_title":"","pricing":[],"related_apps_title":"","related_apps_hidden":"","author":"","image":[],"title":"","job":"","social_networks":[]},"_links":{"self":[{"href":"https:\/\/elfsight.com\/it\/wp-json\/wp\/v2\/pages\/1051","targetHints":{"allow":["GET"]}}],"collection":[{"href":"https:\/\/elfsight.com\/it\/wp-json\/wp\/v2\/pages"}],"about":[{"href":"https:\/\/elfsight.com\/it\/wp-json\/wp\/v2\/types\/page"}],"author":[{"embeddable":true,"href":"https:\/\/elfsight.com\/it\/wp-json\/wp\/v2\/users\/11"}],"replies":[{"embeddable":true,"href":"https:\/\/elfsight.com\/it\/wp-json\/wp\/v2\/comments?post=1051"}],"version-history":[{"count":2,"href":"https:\/\/elfsight.com\/it\/wp-json\/wp\/v2\/pages\/1051\/revisions"}],"predecessor-version":[{"id":1065,"href":"https:\/\/elfsight.com\/it\/wp-json\/wp\/v2\/pages\/1051\/revisions\/1065"}],"up":[{"embeddable":true,"href":"https:\/\/elfsight.com\/it\/wp-json\/wp\/v2\/pages\/1049"}],"wp:attachment":[{"href":"https:\/\/elfsight.com\/it\/wp-json\/wp\/v2\/media?parent=1051"}],"curies":[{"name":"wp","href":"https:\/\/api.w.org\/{rel}","templated":true}]}}