{"id":10440,"date":"2025-06-17T10:47:45","date_gmt":"2025-06-17T10:47:45","guid":{"rendered":"https:\/\/elfsight.com\/it\/?page_id=10440"},"modified":"2025-07-08T14:38:34","modified_gmt":"2025-07-08T14:38:34","slug":"iframe","status":"publish","type":"page","link":"https:\/\/elfsight.com\/it\/comments-widget\/iframe\/","title":{"rendered":"Comments &#8211; iFrame"},"content":{"rendered":"<div class=\"application-platform-content-item-description application-platform-content-item\" id=\"description\" data-nav-section=\"description\"> <h2>Incorpora i commenti in iFrame con un widget Elfsight<\/h2> <p>Il widget Commenti aggiunge un&#8217;interazione in tempo reale al tuo sito web, permettendo agli utenti di commentare istantaneamente come ospiti o tramite rapidi accessi social. \u00c8 progettato per un coinvolgimento intuitivo con risposte annidate, reazioni emoji e discussioni in tempo reale che risultano naturali su qualsiasi dispositivo. Completamente reattivo e pronto per un pubblico globale, il widget si integra perfettamente in qualsiasi sito web, rendendo facile per i visitatori unirsi alla conversazione.<\/p> <p>Oltre all&#8217;interazione fluida, offre potenti funzionalit\u00e0 che aumentano la visibilit\u00e0 e rafforzano la fiducia. Strumenti di moderazione, protezione dallo spam e condivisione dei commenti mantengono le discussioni sicure e attive. Il markup SEO-friendly migliora il tuo posizionamento, mentre le intuizioni amministrative e la modifica da parte dell&#8217;utente offrono sia controllo che flessibilit\u00e0. Che tu stia costruendo una community o migliorando un blog, questo widget ti aiuta a crescere attraverso il dialogo.<\/p><p><strong>Dai una voce ai tuoi visitatori con il nostro widget Commenti sul tuo sito web iFrame.<\/strong><\/p><\/div> <div class=\"application-platform-content-item-features application-platform-content-item\" id=\"features\" data-nav-section=\"features\"> <h2>Visualizza l&#8217;elenco delle funzionalit\u00e0 pi\u00f9 importanti:<\/h2><ul><li>Il modo pi\u00f9 semplice per commentare senza iscrizione. Gli utenti possono unirsi alla discussione senza rivelare la propria identit\u00e0, ma \u00e8 semplice accedere con Google o Facebook se preferiscono.<\/li><li>Strumenti di amministrazione per la moderazione dei commenti. Modera e supervisiona facilmente tutte le discussioni con compiti di moderazione condivisi tra i membri del team scelti.<\/li><li>Pulsanti e reazioni classiche per le discussioni. Metti &#8220;Mi piace&#8221; o &#8220;Non mi piace&#8221; alle risposte, menziona qualcuno o copia un link a qualsiasi commento.<\/li><li>Conversazione illimitata per tutti. Il widget cresce con te, supportando un numero infinito di utenti, risposte e pagine di contenuto.<\/li><li>Markup SEO-friendly per le discussioni. I commenti includono il markup schema.org, rendendo pi\u00f9 facile per i motori di ricerca la scansione e il ranking dei tuoi contenuti.<\/li><\/ul><p><a href=\"#demo\">L&#8217;editor online pu\u00f2 mostrarti come funzionano le funzionalit\u00e0 e le impostazioni direttamente su questa pagina<\/a><\/p><\/div> <div class=\"application-platform-content-item-installation application-platform-content-item\" id=\"installation\" data-nav-section=\"installation\"> <h2>Come posso incorporare i commenti nel mio sito web iFrame?<\/h2><p>Ecco una semplice guida per configurare il widget sul tuo sito web iFrame. Ci vorranno solo pochi minuti e non richieder\u00e0 alcuna codifica.<\/p><ol><li>Crea il tuo widget Commenti personalizzato. Inizia con qualsiasi modello nell&#8217;editor, lavora con gli elementi convenienti al suo interno e personalizza il widget secondo il tuo design e le tue impostazioni desiderate.<\/li><li>Ottieni il codice personale per incorporare il widget. Una volta creato il widget, riceverai un codice HTML individuale nella tua dashboard. Copia il codice che contiene tutte le informazioni relative alle tue modifiche.<\/li><li>Mostra il widget sul tuo sito web iFrame. Seleziona le aree del tuo sito web dove prevedi di presentare i commenti e incolla il codice l\u00ec. Salva le modifiche.<\/li><\/ol><p>Fatto! Ora, controlla come il widget funziona sul tuo sito web.<\/p><p>Nel caso in cui riscontri problemi durante l&#8217;incorporazione del widget in un sito web, assicurati di contattare il nostro centro di aiuto. Saremo lieti di guidarti nell&#8217;aggiunta e nella regolazione della tua casella di commenti con thread.<\/p><\/div>","protected":false},"excerpt":{"rendered":"","protected":false},"author":9,"featured_media":0,"parent":10395,"menu_order":0,"comment_status":"closed","ping_status":"closed","template":"templates\/template-application-platform.php","meta":{"publish_to_discourse":"","publish_post_category":"","wpdc_auto_publish_overridden":"","wpdc_topic_tags":"","wpdc_pin_topic":"","wpdc_pin_until":"","discourse_post_id":"","discourse_permalink":"","wpdc_publishing_response":"","wpdc_publishing_error":"","footnotes":""},"class_list":["post-10440","page","type-page","status-publish","hentry"],"yoast_head":"<!-- This site is optimized with the Yoast SEO plugin v25.3.1 - https:\/\/yoast.com\/wordpress\/plugins\/seo\/ -->\n<title>Widget commenti iFrame - Aggiungi interazione al tuo sito web [GRATIS]<\/title>\n<meta name=\"description\" content=\"Aggiungi un widget Commenti fluido al tuo sito web iFrame. Prova l&#039;editor user-friendly di Elfsight per creare facilmente la tua soluzione personalizzata.\" \/>\n<meta name=\"robots\" content=\"index, follow, max-snippet:-1, max-image-preview:large, max-video-preview:-1\" \/>\n<link rel=\"canonical\" href=\"https:\/\/elfsight.com\/it\/comments-widget\/iframe\/\" \/>\n<meta property=\"og:locale\" content=\"it_IT\" \/>\n<meta property=\"og:type\" content=\"article\" \/>\n<meta property=\"og:title\" content=\"Widget commenti iFrame - Aggiungi interazione al tuo sito web [GRATIS]\" \/>\n<meta property=\"og:description\" content=\"Aggiungi un widget Commenti fluido al tuo sito web iFrame. Prova l&#039;editor user-friendly di Elfsight per creare facilmente la tua soluzione personalizzata.\" \/>\n<meta property=\"og:url\" content=\"https:\/\/elfsight.com\/it\/comments-widget\/iframe\/\" \/>\n<meta property=\"og:site_name\" content=\"Elfsight IT\" \/>\n<meta property=\"article:modified_time\" content=\"2025-07-08T14:38:34+00:00\" \/>\n<meta name=\"twitter:card\" content=\"summary_large_image\" \/>\n<meta name=\"twitter:label1\" content=\"Tempo di lettura stimato\" \/>\n\t<meta name=\"twitter:data1\" content=\"3 minuti\" \/>\n<!-- \/ Yoast SEO plugin. -->","yoast_head_json":{"title":"Widget commenti iFrame - Aggiungi interazione al tuo sito web [GRATIS]","description":"Aggiungi un widget Commenti fluido al tuo sito web iFrame. Prova l'editor user-friendly di Elfsight per creare facilmente la tua soluzione personalizzata.","robots":{"index":"index","follow":"follow","max-snippet":"max-snippet:-1","max-image-preview":"max-image-preview:large","max-video-preview":"max-video-preview:-1"},"canonical":"https:\/\/elfsight.com\/it\/comments-widget\/iframe\/","og_locale":"it_IT","og_type":"article","og_title":"Widget commenti iFrame - Aggiungi interazione al tuo sito web [GRATIS]","og_description":"Aggiungi un widget Commenti fluido al tuo sito web iFrame. Prova l'editor user-friendly di Elfsight per creare facilmente la tua soluzione personalizzata.","og_url":"https:\/\/elfsight.com\/it\/comments-widget\/iframe\/","og_site_name":"Elfsight IT","article_modified_time":"2025-07-08T14:38:34+00:00","twitter_card":"summary_large_image","twitter_misc":{"Tempo di lettura stimato":"3 minuti"},"schema":{"@context":"https:\/\/schema.org","@graph":[{"@type":"WebPage","@id":"https:\/\/elfsight.com\/it\/comments-widget\/iframe\/","url":"https:\/\/elfsight.com\/it\/comments-widget\/iframe\/","name":"Widget commenti iFrame - Aggiungi interazione al tuo sito web [GRATIS]","isPartOf":{"@id":"https:\/\/elfsight.com\/it\/#website"},"datePublished":"2025-06-17T10:47:45+00:00","dateModified":"2025-07-08T14:38:34+00:00","description":"Aggiungi un widget Commenti fluido al tuo sito web iFrame. Prova l'editor user-friendly di Elfsight per creare facilmente la tua soluzione personalizzata.","breadcrumb":{"@id":"https:\/\/elfsight.com\/it\/comments-widget\/iframe\/#breadcrumb"},"inLanguage":"it-IT","potentialAction":[{"@type":"ReadAction","target":["https:\/\/elfsight.com\/it\/comments-widget\/iframe\/"]}]},{"@type":"BreadcrumbList","@id":"https:\/\/elfsight.com\/it\/comments-widget\/iframe\/#breadcrumb","itemListElement":[{"@type":"ListItem","position":1,"name":"Home","item":"https:\/\/elfsight.com\/it\/"},{"@type":"ListItem","position":2,"name":"Comments &#8211; iFrame"}]},{"@type":"WebSite","@id":"https:\/\/elfsight.com\/it\/#website","url":"https:\/\/elfsight.com\/it\/","name":"Elfsight IT","description":"Just another Elfsight Sites site","potentialAction":[{"@type":"SearchAction","target":{"@type":"EntryPoint","urlTemplate":"https:\/\/elfsight.com\/it\/?s={search_term_string}"},"query-input":{"@type":"PropertyValueSpecification","valueRequired":true,"valueName":"search_term_string"}}],"inLanguage":"it-IT"}]}},"meta_box":{"industry":"","seo_heading":"","heading":"","description":"","cta_heading":"","cta_description":"","application":"10393","h1":"Widget Commenti iFrame","h1_caption":"Consente agli utenti reali di conversare e lasciare feedback sul tuo sito web iFrame tramite una sezione commenti integrata con login incorporato e ricche funzionalit\u00e0 interattive.","application_category":[],"applications_title":"","applications_request_title":"","applications_request_button_text":"","hero_text":"","hero_video":"","hero_video_schema_markup":"","selling_points_title":"","selling_points_caption":"","selling_points":[],"selling_points_cta_text":"","features_title":"","features":"","ed_cta_examples_text":"","ed_cta_examples_hidden":"","ed_cta_demo_text":"","ed_cta_demo_hidden":"","why_caption":"","why_editor_title":"","why_editor_text":"","why_team_title":"","why_team_text":"","why_service_title":"","why_service_text":"","template_catalog_visible":"","template_catalog_title":"","template_catalog_text":"","template_catalog_categories_visible":"","demo_title":"Crea il tuo widget Commenti","demo_caption":"Configura i tuoi Commenti e aggiungilo gratuitamente al tuo sito web Google Sites!","default_faq_hidden":"","app_template_category":[],"platform":"54","template_public_id":"","codecanyon_url":"","codecanyon_item_id":"","codecanyon_price":"","pricing_caption":"","pricing_elfsight_apps_hide_column":"","pricing_elfsight_apps_url":"","pricing_codecanyon_price_caption":"","integration_category":[],"integration_request_title":"","integration_request_cta":"","integration_platform":"","integrations":[],"platform_category":[],"video_schema_markup":"","price":"A partire da 0 $ \/ mese","trial":"","benefits":[],"button_url":"#demo","button_target_blank":"0","button_nofollow":"","attributes":[{"name":"Installazioni","content":"50,000 - 100,000","_state":"expanded"},{"name":"Reattivo","content":"S\u00ec","_state":"expanded"},{"name":"Browser compatibili","content":"Firefox, Safari, Opera, Chrome, Edge","_state":"expanded"}],"tags":[],"tags_disable_links":"","hide_more_platforms":"","video_object":"","demo_hide_cta":"","demo_hide_cloud_options":"","pricing_title":"","pricing":[{"pricing_icon":"platform","pricing_title":"Elfsight Apps","pricing_title_caption":"Soluzione indipendente dalla piattaforma","":"","pricing_price":"A partire da 0 $ \/ mese","pricing_price_caption":"Inizia con un piano gratuito","pricing_benefits":"","pricing_button_text":"Aggiungi al sito web","pricing_button_url":"#demo"}],"related_apps_title":"","related_apps_hidden":"","author":"","image":[],"title":"","job":"","social_networks":[]},"_links":{"self":[{"href":"https:\/\/elfsight.com\/it\/wp-json\/wp\/v2\/pages\/10440","targetHints":{"allow":["GET"]}}],"collection":[{"href":"https:\/\/elfsight.com\/it\/wp-json\/wp\/v2\/pages"}],"about":[{"href":"https:\/\/elfsight.com\/it\/wp-json\/wp\/v2\/types\/page"}],"author":[{"embeddable":true,"href":"https:\/\/elfsight.com\/it\/wp-json\/wp\/v2\/users\/9"}],"replies":[{"embeddable":true,"href":"https:\/\/elfsight.com\/it\/wp-json\/wp\/v2\/comments?post=10440"}],"version-history":[{"count":1,"href":"https:\/\/elfsight.com\/it\/wp-json\/wp\/v2\/pages\/10440\/revisions"}],"predecessor-version":[{"id":10444,"href":"https:\/\/elfsight.com\/it\/wp-json\/wp\/v2\/pages\/10440\/revisions\/10444"}],"up":[{"embeddable":true,"href":"https:\/\/elfsight.com\/it\/wp-json\/wp\/v2\/pages\/10395"}],"wp:attachment":[{"href":"https:\/\/elfsight.com\/it\/wp-json\/wp\/v2\/media?parent=10440"}],"curies":[{"name":"wp","href":"https:\/\/api.w.org\/{rel}","templated":true}]}}