{"id":10424,"date":"2025-06-17T12:31:08","date_gmt":"2025-06-17T12:31:08","guid":{"rendered":"https:\/\/elfsight.com\/it\/?page_id=10424"},"modified":"2025-07-08T14:38:17","modified_gmt":"2025-07-08T14:38:17","slug":"magento","status":"publish","type":"page","link":"https:\/\/elfsight.com\/it\/comments-widget\/magento\/","title":{"rendered":"Comments &#8211; Magento"},"content":{"rendered":"<div class=\"application-platform-content-item-description application-platform-content-item\" id=\"description\" data-nav-section=\"description\"> <h2>Incorpora i commenti in Magento con un&#8217;estensione Elfsight<\/h2> <p>L&#8217;estensione Commenti offre un&#8217;interazione in tempo reale al tuo sito web, consentendo agli utenti di condividere pensieri senza sforzo tramite la pubblicazione come ospiti o gli accessi social. \u00c8 progettata per un coinvolgimento intuitivo, supportando risposte annidate, reazioni emoji e discussioni in tempo reale che risultano naturali su qualsiasi dispositivo. Completamente reattiva e pronta per un pubblico globale fin da subito, l&#8217;estensione si integra perfettamente in qualsiasi sito web, garantendo che chiunque possa unirsi alla discussione senza sforzo.<\/p><p>Oltre alla facilit\u00e0 d&#8217;uso, \u00e8 ricca di funzionalit\u00e0 intelligenti che rafforzano la credibilit\u00e0 e aumentano l&#8217;esposizione. Strumenti di moderazione integrati, protezione dallo spam e condivisione dei commenti assicurano che la tua community rimanga sicura e dinamica. Il markup SEO-friendly aiuta i tuoi contenuti a salire nelle classifiche di ricerca, mentre le intuizioni amministrative e le opzioni di modifica dell&#8217;utente offrono sia controllo che flessibilit\u00e0. Che tu stia creando una community a tutti gli effetti o semplicemente aggiungendo vita al tuo blog, questa estensione trasforma ogni conversazione in un passo avanti.<\/p><p><strong>Dai vita al tuo sito web Magento abilitando le discussioni degli utenti con la nostra estensione Commenti.<\/strong><\/p><\/div> <div class=\"application-platform-content-item-features application-platform-content-item\" id=\"features\" data-nav-section=\"features\"> <h2>Queste sono solo alcune delle molteplici funzionalit\u00e0 dell&#8217;estensione:<\/h2><ul><li><b>Il modo pi\u00f9 semplice per commentare come ospite.<\/b> Le persone sono libere di condividere i propri pensieri senza rivelare la propria identit\u00e0, ma \u00e8 semplice accedere con Google o Facebook se preferiscono.<\/li><li><b>Strumenti di amministrazione per la moderazione dei commenti.<\/b> Tieni traccia e gestisci il feedback degli utenti insieme ai membri del team che designi come amministratori.<\/li><li><b>Pulsanti e reazioni classiche per le discussioni.<\/b> \u00c8 possibile mettere &#8220;Mi piace&#8221; o &#8220;Non mi piace&#8221;, menzionare gli utenti e condividere qualsiasi commento individuale.<\/li><li><b>Conversazione illimitata per tutti.<\/b> L&#8217;estensione cresce con te, supportando un numero infinito di utenti, risposte e pagine di contenuto.<\/li><li><b>Markup SEO-friendly per le discussioni.<\/b> I commenti includono il markup schema.org, rendendo pi\u00f9 facile per i motori di ricerca la scansione e il ranking dei tuoi contenuti.<\/li><\/ul><p><a href=\"#demo\">Puoi esaminare tutte le capacit\u00e0 dell&#8217;estensione nell&#8217;editor direttamente su questa pagina<\/a><\/p><\/div> <div class=\"application-platform-content-item-installation application-platform-content-item\" id=\"installation\" data-nav-section=\"installation\"> <h2>Come posso incorporare i commenti nel mio sito web Magento?<\/h2><p>Dai un&#8217;occhiata a questa semplice guida per avere l&#8217;estensione sul tuo sito web Magento. Ci vorranno solo un paio di minuti e non richieder\u00e0 alcuna codifica.<\/p><ol><li><strong>Crea la tua estensione Commenti personale<\/strong><br> Inizia con qualsiasi modello nell&#8217;editor, lavora con gli elementi user-friendly al suo interno e personalizza l&#8217;estensione secondo il tuo stile e le tue impostazioni desiderate.<\/li><li><strong>Ricevi il codice personale per incorporare l&#8217;estensione<\/strong><br> Una volta creata l&#8217;estensione, riceverai un codice HTML individuale nella tua dashboard. Copia questo codice che contiene tutte le informazioni relative alle tue impostazioni.<\/li><li><strong>Mostra l&#8217;estensione sul tuo sito web Magento<\/strong><br> Scegli le sezioni del tuo sito web dove desideri visualizzare i commenti e incolla il codice l\u00ec. Salva le modifiche.<\/li><\/ol><p>Questo \u00e8 tutto! Ora, vedi come l&#8217;estensione funziona sul tuo sito web.<\/p><p>Nel caso in cui riscontri qualche inconveniente durante l&#8217;incorporazione dell&#8217;estensione nel tuo sito web, non esitare a contattare i nostri responsabili del supporto. Saremo lieti di guidarti nell&#8217;aggiunta e nella gestione della tua casella di commenti con thread.<\/p><\/div>","protected":false},"excerpt":{"rendered":"","protected":false},"author":9,"featured_media":0,"parent":10395,"menu_order":0,"comment_status":"closed","ping_status":"closed","template":"templates\/template-application-platform.php","meta":{"publish_to_discourse":"","publish_post_category":"","wpdc_auto_publish_overridden":"","wpdc_topic_tags":"","wpdc_pin_topic":"","wpdc_pin_until":"","discourse_post_id":"","discourse_permalink":"","wpdc_publishing_response":"","wpdc_publishing_error":"","footnotes":""},"class_list":["post-10424","page","type-page","status-publish","hentry"],"yoast_head":"<!-- This site is optimized with the Yoast SEO plugin v25.3.1 - https:\/\/yoast.com\/wordpress\/plugins\/seo\/ -->\n<title>Estensione commenti Magento - Aggiungi interazione al tuo sito web [GRATIS]<\/title>\n<meta name=\"description\" content=\"Aggiungi un&#039;estensione Commenti fluida al tuo sito web Magento. Prova l&#039;editor user-friendly di Elfsight per generare senza sforzo la tua soluzione unica.\" \/>\n<meta name=\"robots\" content=\"index, follow, max-snippet:-1, max-image-preview:large, max-video-preview:-1\" \/>\n<link rel=\"canonical\" href=\"https:\/\/elfsight.com\/it\/comments-widget\/magento\/\" \/>\n<meta property=\"og:locale\" content=\"it_IT\" \/>\n<meta property=\"og:type\" content=\"article\" \/>\n<meta property=\"og:title\" content=\"Estensione commenti Magento - Aggiungi interazione al tuo sito web [GRATIS]\" \/>\n<meta property=\"og:description\" content=\"Aggiungi un&#039;estensione Commenti fluida al tuo sito web Magento. Prova l&#039;editor user-friendly di Elfsight per generare senza sforzo la tua soluzione unica.\" \/>\n<meta property=\"og:url\" content=\"https:\/\/elfsight.com\/it\/comments-widget\/magento\/\" \/>\n<meta property=\"og:site_name\" content=\"Elfsight IT\" \/>\n<meta property=\"article:modified_time\" content=\"2025-07-08T14:38:17+00:00\" \/>\n<meta name=\"twitter:card\" content=\"summary_large_image\" \/>\n<meta name=\"twitter:label1\" content=\"Tempo di lettura stimato\" \/>\n\t<meta name=\"twitter:data1\" content=\"3 minuti\" \/>\n<!-- \/ Yoast SEO plugin. -->","yoast_head_json":{"title":"Estensione commenti Magento - Aggiungi interazione al tuo sito web [GRATIS]","description":"Aggiungi un'estensione Commenti fluida al tuo sito web Magento. Prova l'editor user-friendly di Elfsight per generare senza sforzo la tua soluzione unica.","robots":{"index":"index","follow":"follow","max-snippet":"max-snippet:-1","max-image-preview":"max-image-preview:large","max-video-preview":"max-video-preview:-1"},"canonical":"https:\/\/elfsight.com\/it\/comments-widget\/magento\/","og_locale":"it_IT","og_type":"article","og_title":"Estensione commenti Magento - Aggiungi interazione al tuo sito web [GRATIS]","og_description":"Aggiungi un'estensione Commenti fluida al tuo sito web Magento. Prova l'editor user-friendly di Elfsight per generare senza sforzo la tua soluzione unica.","og_url":"https:\/\/elfsight.com\/it\/comments-widget\/magento\/","og_site_name":"Elfsight IT","article_modified_time":"2025-07-08T14:38:17+00:00","twitter_card":"summary_large_image","twitter_misc":{"Tempo di lettura stimato":"3 minuti"},"schema":{"@context":"https:\/\/schema.org","@graph":[{"@type":"WebPage","@id":"https:\/\/elfsight.com\/it\/comments-widget\/magento\/","url":"https:\/\/elfsight.com\/it\/comments-widget\/magento\/","name":"Estensione commenti Magento - Aggiungi interazione al tuo sito web [GRATIS]","isPartOf":{"@id":"https:\/\/elfsight.com\/it\/#website"},"datePublished":"2025-06-17T12:31:08+00:00","dateModified":"2025-07-08T14:38:17+00:00","description":"Aggiungi un'estensione Commenti fluida al tuo sito web Magento. Prova l'editor user-friendly di Elfsight per generare senza sforzo la tua soluzione unica.","breadcrumb":{"@id":"https:\/\/elfsight.com\/it\/comments-widget\/magento\/#breadcrumb"},"inLanguage":"it-IT","potentialAction":[{"@type":"ReadAction","target":["https:\/\/elfsight.com\/it\/comments-widget\/magento\/"]}]},{"@type":"BreadcrumbList","@id":"https:\/\/elfsight.com\/it\/comments-widget\/magento\/#breadcrumb","itemListElement":[{"@type":"ListItem","position":1,"name":"Home","item":"https:\/\/elfsight.com\/it\/"},{"@type":"ListItem","position":2,"name":"Comments &#8211; Magento"}]},{"@type":"WebSite","@id":"https:\/\/elfsight.com\/it\/#website","url":"https:\/\/elfsight.com\/it\/","name":"Elfsight IT","description":"Just another Elfsight Sites site","potentialAction":[{"@type":"SearchAction","target":{"@type":"EntryPoint","urlTemplate":"https:\/\/elfsight.com\/it\/?s={search_term_string}"},"query-input":{"@type":"PropertyValueSpecification","valueRequired":true,"valueName":"search_term_string"}}],"inLanguage":"it-IT"}]}},"meta_box":{"industry":"","seo_heading":"","heading":"","description":"","cta_heading":"","cta_description":"","application":"10393","h1":"Estensione Commenti Magento","h1_caption":"Consente agli utenti reali di conversare e lasciare feedback sul tuo sito web Magento tramite una sezione commenti integrata con login incorporato e ricche funzionalit\u00e0 interattive.","application_category":[],"applications_title":"","applications_request_title":"","applications_request_button_text":"","hero_text":"","hero_video":"","hero_video_schema_markup":"","selling_points_title":"","selling_points_caption":"","selling_points":[],"selling_points_cta_text":"","features_title":"","features":"","ed_cta_examples_text":"","ed_cta_examples_hidden":"","ed_cta_demo_text":"","ed_cta_demo_hidden":"","why_caption":"","why_editor_title":"","why_editor_text":"","why_team_title":"","why_team_text":"","why_service_title":"","why_service_text":"","template_catalog_visible":"","template_catalog_title":"","template_catalog_text":"","template_catalog_categories_visible":"","demo_title":"Crea la tua estensione Commenti","demo_caption":"Configura i tuoi Commenti e aggiungilo gratuitamente al tuo sito web Magento!","default_faq_hidden":"","app_template_category":[],"platform":"39","template_public_id":"","codecanyon_url":"","codecanyon_item_id":"","codecanyon_price":"","pricing_caption":"","pricing_elfsight_apps_hide_column":"","pricing_elfsight_apps_url":"","pricing_codecanyon_price_caption":"","integration_category":[],"integration_request_title":"","integration_request_cta":"","integration_platform":"","integrations":[],"platform_category":[],"video_schema_markup":"","price":"A partire da 0 $ \/ mese","trial":"","benefits":[],"button_url":"#demo","button_target_blank":"0","button_nofollow":"","attributes":[{"name":"Installazioni","content":"50,000 - 100,000","_state":"expanded"},{"name":"Reattivo","content":"S\u00ec","_state":"expanded"},{"name":"Browser compatibili","content":"Firefox, Safari, Opera, Chrome, Edge","_state":"expanded"}],"tags":[],"tags_disable_links":"","hide_more_platforms":"","video_object":"","demo_hide_cta":"","demo_hide_cloud_options":"","pricing_title":"","pricing":[{"pricing_icon":"platform","pricing_title":"Elfsight Apps","pricing_title_caption":"Versione multipiattaforma che funziona su qualsiasi sito web","":"","pricing_price":"A partire da 0 $ \/ mese","pricing_price_caption":"Inizia con un piano gratuito","pricing_benefits":"","pricing_button_text":"Aggiungi al sito web","pricing_button_url":"#demo"}],"related_apps_title":"","related_apps_hidden":"","author":"","image":[],"title":"","job":"","social_networks":[]},"_links":{"self":[{"href":"https:\/\/elfsight.com\/it\/wp-json\/wp\/v2\/pages\/10424","targetHints":{"allow":["GET"]}}],"collection":[{"href":"https:\/\/elfsight.com\/it\/wp-json\/wp\/v2\/pages"}],"about":[{"href":"https:\/\/elfsight.com\/it\/wp-json\/wp\/v2\/types\/page"}],"author":[{"embeddable":true,"href":"https:\/\/elfsight.com\/it\/wp-json\/wp\/v2\/users\/9"}],"replies":[{"embeddable":true,"href":"https:\/\/elfsight.com\/it\/wp-json\/wp\/v2\/comments?post=10424"}],"version-history":[{"count":1,"href":"https:\/\/elfsight.com\/it\/wp-json\/wp\/v2\/pages\/10424\/revisions"}],"predecessor-version":[{"id":10428,"href":"https:\/\/elfsight.com\/it\/wp-json\/wp\/v2\/pages\/10424\/revisions\/10428"}],"up":[{"embeddable":true,"href":"https:\/\/elfsight.com\/it\/wp-json\/wp\/v2\/pages\/10395"}],"wp:attachment":[{"href":"https:\/\/elfsight.com\/it\/wp-json\/wp\/v2\/media?parent=10424"}],"curies":[{"name":"wp","href":"https:\/\/api.w.org\/{rel}","templated":true}]}}