{"id":10411,"date":"2025-06-18T08:04:07","date_gmt":"2025-06-18T08:04:07","guid":{"rendered":"https:\/\/elfsight.com\/it\/?page_id=10411"},"modified":"2025-07-08T14:38:01","modified_gmt":"2025-07-08T14:38:01","slug":"facebook","status":"publish","type":"page","link":"https:\/\/elfsight.com\/it\/comments-widget\/facebook\/","title":{"rendered":"Comments &#8211; Facebook Page"},"content":{"rendered":"<div class=\"application-platform-content-item-description application-platform-content-item\" id=\"description\" data-nav-section=\"description\"> <h2>Incorpora i commenti nella pagina Facebook con un widget Elfsight<\/h2> <p>Il widget Commenti offre un&#8217;interazione fluida al tuo sito web, consentendo agli utenti di condividere pensieri senza sforzo tramite la pubblicazione come ospiti o gli accessi social. \u00c8 strutturato per la semplicit\u00e0, ma abbastanza potente per discussioni dinamiche e multilivello che risultano naturali su qualsiasi dispositivo. Completamente reattivo e pronto per un pubblico globale fin da subito, il widget si adatta perfettamente a qualsiasi sito web, rendendo facile per i visitatori unirsi alla conversazione.<\/p><p>Oltre all&#8217;usabilit\u00e0, offre funzionalit\u00e0 intelligenti che migliorano la visibilit\u00e0 e la fiducia. Strumenti di moderazione integrati, protezione dallo spam e condivisione dei commenti mantengono le tue discussioni sia sicure che vivaci. Il markup SEO-friendly aiuta i tuoi contenuti a salire nelle classifiche di ricerca, mentre le intuizioni amministrative e le opzioni di modifica dell&#8217;utente offrono sia controllo che flessibilit\u00e0. Che tu stia creando una community a tutti gli effetti o semplicemente aggiungendo vita al tuo blog, questo widget ti offre le soluzioni per crescere attraverso il dialogo.<\/p><p><strong>Incoraggia il dialogo aperto sul tuo sito web della pagina Facebook con un solo semplice widget Commenti.<\/strong><\/p><\/div> <div class=\"application-platform-content-item-features application-platform-content-item\" id=\"features\" data-nav-section=\"features\"> <h2>Offriamo funzionalit\u00e0 pratiche e semplici, eccone alcune:<\/h2><ul><li><b>Il modo pi\u00f9 semplice per commentare senza registrazione.<\/b> I visitatori possono prendere parte alla conversazione senza fornire informazioni personali, ma \u00e8 semplice accedere con Google o Facebook se desiderano.<\/li><li><b>Strumenti di amministrazione per la moderazione dei commenti.<\/b> Tieni traccia e gestisci il feedback degli utenti insieme ai membri del team che inviti come moderatori.<\/li><li><b>Pulsanti e reazioni classiche per le discussioni.<\/b> Ogni commento supporta Mi piace, Non mi piace, menzioni e condivisione diretta.<\/li><li><b>Discussioni infinite, idee infinite.<\/b> Il widget cresce con te, supportando un numero infinito di utenti, risposte e pagine di contenuto.<\/li><li><b>Markup SEO-friendly per le discussioni.<\/b> I commenti includono il markup schema.org, rendendo pi\u00f9 facile per i motori di ricerca la scansione e il ranking dei tuoi contenuti.<\/li><\/ul><p><a href=\"#demo\">Testa semplicemente tutte le funzionalit\u00e0 del nostro widget nell&#8217;editor direttamente su questa pagina<\/a><\/p><\/div> <div class=\"application-platform-content-item-installation application-platform-content-item\" id=\"installation\" data-nav-section=\"installation\"> <h2>Come incorporare i commenti nella mia pagina Facebook?<\/h2><p>Trova questa semplice guida per configurare il widget sul tuo sito web della pagina Facebook. Ci vorranno solo pochi minuti e non richieder\u00e0 alcuna codifica.<\/p><ol><li><strong>Crea il tuo widget Commenti personalizzato<\/strong><br> Inizia con qualsiasi modello nell&#8217;editor, lavora con gli elementi user-friendly al suo interno e personalizza il widget secondo il tuo design e le tue impostazioni desiderate.<\/li><li><strong>Ricevi il codice personale per incorporare il widget<\/strong><br> Una volta creato il widget, otterrai un codice HTML individuale nella tua dashboard. Copia il codice che contiene tutte le informazioni relative alle tue impostazioni.<\/li><li><strong>Mostra il widget sulla tua pagina Facebook<\/strong><br> Scegli le sezioni del tuo sito web dove prevedi di visualizzare i commenti e incolla il codice l\u00ec. Salva le modifiche.<\/li><\/ol><p>Questo \u00e8 tutto! Ora, vedi come il widget funziona sul tuo sito web.<\/p><p>Se riscontri qualche inconveniente durante l&#8217;incorporazione del widget in un sito web, non esitare a contattare il nostro servizio clienti. Saremo lieti di consultarti sull&#8217;aggiunta e la regolazione della tua casella di commenti con thread.<\/p><\/div>","protected":false},"excerpt":{"rendered":"","protected":false},"author":9,"featured_media":0,"parent":10395,"menu_order":0,"comment_status":"closed","ping_status":"closed","template":"templates\/template-application-platform.php","meta":{"publish_to_discourse":"","publish_post_category":"","wpdc_auto_publish_overridden":"","wpdc_topic_tags":"","wpdc_pin_topic":"","wpdc_pin_until":"","discourse_post_id":"","discourse_permalink":"","wpdc_publishing_response":"","wpdc_publishing_error":"","footnotes":""},"class_list":["post-10411","page","type-page","status-publish","hentry"],"yoast_head":"<!-- This site is optimized with the Yoast SEO plugin v25.3.1 - https:\/\/yoast.com\/wordpress\/plugins\/seo\/ -->\n<title>Widget commenti pagina Facebook - Aggiungi interazione al tuo sito web [GRATIS]<\/title>\n<meta name=\"description\" content=\"Aggiungi un widget Commenti fluido alla tua Pagina Facebook. Prova il rapido editor di Elfsight per creare facilmente la tua soluzione personalizzata.\" \/>\n<meta name=\"robots\" content=\"index, follow, max-snippet:-1, max-image-preview:large, max-video-preview:-1\" \/>\n<link rel=\"canonical\" href=\"https:\/\/elfsight.com\/it\/comments-widget\/facebook\/\" \/>\n<meta property=\"og:locale\" content=\"it_IT\" \/>\n<meta property=\"og:type\" content=\"article\" \/>\n<meta property=\"og:title\" content=\"Widget commenti pagina Facebook - Aggiungi interazione al tuo sito web [GRATIS]\" \/>\n<meta property=\"og:description\" content=\"Aggiungi un widget Commenti fluido alla tua Pagina Facebook. Prova il rapido editor di Elfsight per creare facilmente la tua soluzione personalizzata.\" \/>\n<meta property=\"og:url\" content=\"https:\/\/elfsight.com\/it\/comments-widget\/facebook\/\" \/>\n<meta property=\"og:site_name\" content=\"Elfsight IT\" \/>\n<meta property=\"article:modified_time\" content=\"2025-07-08T14:38:01+00:00\" \/>\n<meta name=\"twitter:card\" content=\"summary_large_image\" \/>\n<meta name=\"twitter:label1\" content=\"Tempo di lettura stimato\" \/>\n\t<meta name=\"twitter:data1\" content=\"3 minuti\" \/>\n<!-- \/ Yoast SEO plugin. -->","yoast_head_json":{"title":"Widget commenti pagina Facebook - Aggiungi interazione al tuo sito web [GRATIS]","description":"Aggiungi un widget Commenti fluido alla tua Pagina Facebook. Prova il rapido editor di Elfsight per creare facilmente la tua soluzione personalizzata.","robots":{"index":"index","follow":"follow","max-snippet":"max-snippet:-1","max-image-preview":"max-image-preview:large","max-video-preview":"max-video-preview:-1"},"canonical":"https:\/\/elfsight.com\/it\/comments-widget\/facebook\/","og_locale":"it_IT","og_type":"article","og_title":"Widget commenti pagina Facebook - Aggiungi interazione al tuo sito web [GRATIS]","og_description":"Aggiungi un widget Commenti fluido alla tua Pagina Facebook. Prova il rapido editor di Elfsight per creare facilmente la tua soluzione personalizzata.","og_url":"https:\/\/elfsight.com\/it\/comments-widget\/facebook\/","og_site_name":"Elfsight IT","article_modified_time":"2025-07-08T14:38:01+00:00","twitter_card":"summary_large_image","twitter_misc":{"Tempo di lettura stimato":"3 minuti"},"schema":{"@context":"https:\/\/schema.org","@graph":[{"@type":"WebPage","@id":"https:\/\/elfsight.com\/it\/comments-widget\/facebook\/","url":"https:\/\/elfsight.com\/it\/comments-widget\/facebook\/","name":"Widget commenti pagina Facebook - Aggiungi interazione al tuo sito web [GRATIS]","isPartOf":{"@id":"https:\/\/elfsight.com\/it\/#website"},"datePublished":"2025-06-18T08:04:07+00:00","dateModified":"2025-07-08T14:38:01+00:00","description":"Aggiungi un widget Commenti fluido alla tua Pagina Facebook. Prova il rapido editor di Elfsight per creare facilmente la tua soluzione personalizzata.","breadcrumb":{"@id":"https:\/\/elfsight.com\/it\/comments-widget\/facebook\/#breadcrumb"},"inLanguage":"it-IT","potentialAction":[{"@type":"ReadAction","target":["https:\/\/elfsight.com\/it\/comments-widget\/facebook\/"]}]},{"@type":"BreadcrumbList","@id":"https:\/\/elfsight.com\/it\/comments-widget\/facebook\/#breadcrumb","itemListElement":[{"@type":"ListItem","position":1,"name":"Home","item":"https:\/\/elfsight.com\/it\/"},{"@type":"ListItem","position":2,"name":"Comments &#8211; Facebook Page"}]},{"@type":"WebSite","@id":"https:\/\/elfsight.com\/it\/#website","url":"https:\/\/elfsight.com\/it\/","name":"Elfsight IT","description":"Just another Elfsight Sites site","potentialAction":[{"@type":"SearchAction","target":{"@type":"EntryPoint","urlTemplate":"https:\/\/elfsight.com\/it\/?s={search_term_string}"},"query-input":{"@type":"PropertyValueSpecification","valueRequired":true,"valueName":"search_term_string"}}],"inLanguage":"it-IT"}]}},"meta_box":{"industry":"","seo_heading":"","heading":"","description":"","cta_heading":"","cta_description":"","application":"10393","h1":"Widget Commenti Pagina Facebook","h1_caption":"Consente agli utenti reali di conversare e lasciare feedback sulla tua pagina Facebook tramite una sezione commenti integrata con login incorporato e ricche funzionalit\u00e0 interattive.","application_category":[],"applications_title":"","applications_request_title":"","applications_request_button_text":"","hero_text":"","hero_video":"","hero_video_schema_markup":"","selling_points_title":"","selling_points_caption":"","selling_points":[],"selling_points_cta_text":"","features_title":"","features":"","ed_cta_examples_text":"","ed_cta_examples_hidden":"","ed_cta_demo_text":"","ed_cta_demo_hidden":"","why_caption":"","why_editor_title":"","why_editor_text":"","why_team_title":"","why_team_text":"","why_service_title":"","why_service_text":"","template_catalog_visible":"","template_catalog_title":"","template_catalog_text":"","template_catalog_categories_visible":"","demo_title":"Crea il tuo widget Commenti","demo_caption":"Configura i tuoi Commenti e aggiungilo gratuitamente al tuo sito web Pagina Facebook!","default_faq_hidden":"","app_template_category":[],"platform":"77","template_public_id":"","codecanyon_url":"","codecanyon_item_id":"","codecanyon_price":"","pricing_caption":"","pricing_elfsight_apps_hide_column":"","pricing_elfsight_apps_url":"","pricing_codecanyon_price_caption":"","integration_category":[],"integration_request_title":"","integration_request_cta":"","integration_platform":"","integrations":[],"platform_category":[],"video_schema_markup":"","price":"A partire da 0 $ \/ mese","trial":"","benefits":[],"button_url":"#demo","button_target_blank":"0","button_nofollow":"","attributes":[{"name":"Installazioni","content":"50,000 - 100,000","_state":"expanded"},{"name":"Reattivo","content":"S\u00ec","_state":"expanded"},{"name":"Browser compatibili","content":"Firefox, Safari, Opera, Chrome, Edge","_state":"expanded"}],"tags":[],"tags_disable_links":"","hide_more_platforms":"","video_object":"","demo_hide_cta":"","demo_hide_cloud_options":"","pricing_title":"","pricing":[{"pricing_icon":"platform","pricing_title":"Elfsight Apps","pricing_title_caption":"Soluzione indipendente dalla piattaforma","":"","pricing_price":"A partire da 0 $ \/ mese","pricing_price_caption":"Inizia con un piano gratuito","pricing_benefits":"","pricing_button_text":"Aggiungi al sito web","pricing_button_url":"#demo"}],"related_apps_title":"","related_apps_hidden":"","author":"","image":[],"title":"","job":"","social_networks":[]},"_links":{"self":[{"href":"https:\/\/elfsight.com\/it\/wp-json\/wp\/v2\/pages\/10411","targetHints":{"allow":["GET"]}}],"collection":[{"href":"https:\/\/elfsight.com\/it\/wp-json\/wp\/v2\/pages"}],"about":[{"href":"https:\/\/elfsight.com\/it\/wp-json\/wp\/v2\/types\/page"}],"author":[{"embeddable":true,"href":"https:\/\/elfsight.com\/it\/wp-json\/wp\/v2\/users\/9"}],"replies":[{"embeddable":true,"href":"https:\/\/elfsight.com\/it\/wp-json\/wp\/v2\/comments?post=10411"}],"version-history":[{"count":1,"href":"https:\/\/elfsight.com\/it\/wp-json\/wp\/v2\/pages\/10411\/revisions"}],"predecessor-version":[{"id":10415,"href":"https:\/\/elfsight.com\/it\/wp-json\/wp\/v2\/pages\/10411\/revisions\/10415"}],"up":[{"embeddable":true,"href":"https:\/\/elfsight.com\/it\/wp-json\/wp\/v2\/pages\/10395"}],"wp:attachment":[{"href":"https:\/\/elfsight.com\/it\/wp-json\/wp\/v2\/media?parent=10411"}],"curies":[{"name":"wp","href":"https:\/\/api.w.org\/{rel}","templated":true}]}}