{"id":10233,"date":"2025-06-18T10:06:15","date_gmt":"2025-06-18T10:06:15","guid":{"rendered":"https:\/\/elfsight.com\/it\/?page_id=10233"},"modified":"2025-06-18T10:06:17","modified_gmt":"2025-06-18T10:06:17","slug":"opencart","status":"publish","type":"page","link":"https:\/\/elfsight.com\/it\/timeline-widget\/opencart\/","title":{"rendered":"Timeline &#8211; OpenCart"},"content":{"rendered":"<div class=\"application-platform-content-item-description application-platform-content-item\" id=\"description\" data-nav-section=\"description\">\n\n<h2>Estensione Timeline per OpenCart<\/h2> <p>Migliora il tuo sito web OpenCart con una timeline interattiva coinvolgente e personalizzabile. Sia che tu voglia mostrare la storia della tua azienda, evidenziare lo sviluppo dei prodotti o tracciare le tappe fondamentali di un progetto, il widget Timeline di Elfsight per OpenCart rende semplice creare una timeline mozzafiato e reattiva. Senza bisogno di codice, puoi facilmente costruire una roadmap visiva che cattura i visitatori e li mantiene coinvolti.<\/p> <ul> <li><b>Crea timeline interattive senza codice<\/b><br> Progetta e personalizza la tua timeline in pochi minuti senza alcuna competenza di programmazione. Avvia istantaneamente la tua timeline interattiva e coinvolgi il tuo pubblico con il minimo sforzo.<\/li> <li><b>Opzioni di personalizzazione avanzate<\/b><br> Personalizza il layout, i colori, i font e altro ancora della tua timeline per abbinarli allo stile e al marchio del tuo sito web.<\/li> <li><b>Processo di integrazione semplice<\/b><br> Aggiungi facilmente la tua timeline personalizzata al tuo sito web OpenCart con un semplice codice HTML di incorporamento \u2014 nessuna esperienza tecnica richiesta.<\/li> <li><b>Supporto clienti reattivo<\/b><br> Il nostro team di supporto dedicato \u00e8 sempre pronto ad aiutarti con l&#8217;installazione e la risoluzione dei problemi, garantendo che la tua timeline funzioni perfettamente sul tuo sito.<\/li> <\/ul> <p><b>Prova il widget Timeline di Elfsight per creare un&#8217;esperienza interattiva e visivamente accattivante per i tuoi visitatori!<\/b><\/p> <\/div>\n<div class=\"application-platform-content-item-features application-platform-content-item\" id=\"features\" data-nav-section=\"features\">\n\n<h2>Cosa puoi fare con la Timeline di OpenCart<\/h2> <ul> <li><strong>Coinvolgi visivamente i tuoi visitatori<\/strong><br> Presenta le tue tappe fondamentali, i successi e gli eventi in un formato dinamico e visivo. Una timeline \u00e8 un modo interattivo per catturare il tuo pubblico e ispirarlo a esplorare pi\u00f9 contenuti.<\/li> <li><strong>Traccia progressi ed eventi chiave<\/strong><br> Mostra i progressi della tua azienda, gli eventi chiave o le tappe fondamentali di un progetto in un formato chiaro e cronologico. Questa timeline aiuta i visitatori a seguire il tuo percorso e a rimanere informati sugli sviluppi della tua attivit\u00e0.<\/li> <li><strong>Evidenzia le tappe significative<\/strong><br> Metti in mostra i tuoi risultati pi\u00f9 importanti in un layout pulito e facile da seguire che cattura l&#8217;attenzione e invita i visitatori a interagire con i tuoi contenuti.<\/li> <\/ul> <p><a href=\"#demo\">Esplora l&#8217;editor per vedere tutte le funzionalit\u00e0 del widget Timeline.<\/a><\/p> <\/div>\n<div class=\"application-platform-content-item-installation application-platform-content-item\" id=\"installation\" data-nav-section=\"installation\">\n\n<h2>Come incorporare una Timeline su OpenCart<\/h2> <p>Aggiungere l&#8217;estensione Timeline al tuo sito OpenCart \u00e8 facile e non richiede conoscenze di codifica. Segui questi semplici passaggi:<\/p> <ol> <li><b>Crea la tua Timeline personalizzata per OpenCart<\/b><br> Inizia selezionando un modello dal nostro editor. Personalizzalo regolando il layout, aggiungendo tappe fondamentali e modificando il design per abbinarlo all&#8217;aspetto del tuo sito.<\/li> <li><b>Ottieni il tuo codice di incorporamento unico<\/b><br> Una volta che hai finito di personalizzare la tua timeline, ti verr\u00e0 fornito un codice HTML unico. Copia questo codice per usarlo sul tuo sito web.<\/li> <li><b>Incorpora il codice nel tuo sito OpenCart<\/b><br> Incolla il codice HTML nella sezione appropriata della tua pagina OpenCart. Salva le modifiche e la tua timeline interattiva sar\u00e0 attiva sul tuo sito!<\/li> <li><b>Goditi la tua nuova timeline interattiva!<\/b><br> Visita il tuo sito per vedere la timeline in azione e iniziare a coinvolgere i visitatori con un&#8217;esperienza interattiva e visivamente accattivante.<\/li> <\/ol> <p>Per istruzioni pi\u00f9 dettagliate, consulta la nostra guida su <a href=\"https:\/\/elfsight.com\/blog\/how-to-embed-timeline-to-website\/\" target=\"_blank\" rel=\"noopener\">come aggiungere una timeline al tuo sito web<\/a>.<\/p> <\/div>\n<div class=\"faq\" data-component=\"FAQ\">\n<div class=\"faq-item\">\r\n\t\t\t\t\t<div class=\"faq-item-question\">\r\n\t\t\t\t\t\t<h3 class=\"faq-item-question-text\">L'estensione Timeline per OpenCart \u00e8 gratuita?<\/h3>\r\n\r\n\t\t\t\t\t\t<div class=\"faq-item-question-icon\"><\/div>\r\n\t\t\t\t\t<\/div>\r\n\r\n\t\t\t\t\t<div class=\"faq-item-answer\">\r\n\t\t\t\t\t\t<div class=\"faq-item-answer-text\">\nS\u00ec, Elfsight offre un modello di abbonamento con un piano gratuito che include le funzionalit\u00e0 di base del widget Timeline. Puoi passare a piani a pagamento per opzioni di personalizzazione pi\u00f9 avanzate.\n<\/div>\r\n\t\t\t\t\t<\/div>\r\n\t\t\t\t<\/div>\n\n<div class=\"faq-item\">\r\n\t\t\t\t\t<div class=\"faq-item-question\">\r\n\t\t\t\t\t\t<h3 class=\"faq-item-question-text\">Ho bisogno di competenze di codifica per utilizzare il widget Timeline per OpenCart?<\/h3>\r\n\r\n\t\t\t\t\t\t<div class=\"faq-item-question-icon\"><\/div>\r\n\t\t\t\t\t<\/div>\r\n\r\n\t\t\t\t\t<div class=\"faq-item-answer\">\r\n\t\t\t\t\t\t<div class=\"faq-item-answer-text\">\nNo, il costruttore di Timeline per OpenCart di Elfsight non richiede conoscenze di codifica. Usa semplicemente il nostro intuitivo editor per creare e personalizzare la tua timeline.\n<\/div>\r\n\t\t\t\t\t<\/div>\r\n\t\t\t\t<\/div>\n\n<div class=\"faq-item\">\r\n\t\t\t\t\t<div class=\"faq-item-question\">\r\n\t\t\t\t\t\t<h3 class=\"faq-item-question-text\">Come posso creare una timeline interattiva per OpenCart?<\/h3>\r\n\r\n\t\t\t\t\t\t<div class=\"faq-item-question-icon\"><\/div>\r\n\t\t\t\t\t<\/div>\r\n\r\n\t\t\t\t\t<div class=\"faq-item-answer\">\r\n\t\t\t\t\t\t<div class=\"faq-item-answer-text\">\nScegli un modello dall&#8217;editor, personalizzalo in base alle tue esigenze e incorpora il codice HTML generato nel tuo sito web OpenCart.\n<\/div>\r\n\t\t\t\t\t<\/div>\r\n\t\t\t\t<\/div>\n\n<div class=\"faq-item\">\r\n\t\t\t\t\t<div class=\"faq-item-question\">\r\n\t\t\t\t\t\t<h3 class=\"faq-item-question-text\">Che tipi di timeline posso creare per OpenCart?<\/h3>\r\n\r\n\t\t\t\t\t\t<div class=\"faq-item-question-icon\"><\/div>\r\n\t\t\t\t\t<\/div>\r\n\r\n\t\t\t\t\t<div class=\"faq-item-answer\">\r\n\t\t\t\t\t\t<div class=\"faq-item-answer-text\">\nPuoi creare vari tipi di timeline, come:\n\n<ul> <li><strong>Storia dell&#8217;azienda<\/strong>: Mostra la crescita e i successi della tua azienda nel tempo.<\/li> <li><strong>Sviluppo del prodotto<\/strong>: Traccia il percorso del tuo prodotto dal concetto al rilascio.<\/li> <li><strong>Timeline del progetto<\/strong>: Visualizza le diverse fasi dei tuoi progetti o campagne.<\/li> <li><strong>Programmi degli eventi<\/strong>: Presenta timeline per eventi, lanci di prodotti o conferenze.<\/li> <\/ul> <\/div>\r\n\t\t\t\t\t<\/div>\r\n\t\t\t\t<\/div> <\/div>","protected":false},"excerpt":{"rendered":"","protected":false},"author":9,"featured_media":0,"parent":8639,"menu_order":0,"comment_status":"closed","ping_status":"closed","template":"templates\/template-application-platform.php","meta":{"publish_to_discourse":"","publish_post_category":"","wpdc_auto_publish_overridden":"","wpdc_topic_tags":"","wpdc_pin_topic":"","wpdc_pin_until":"","discourse_post_id":"","discourse_permalink":"","wpdc_publishing_response":"","wpdc_publishing_error":"","footnotes":""},"class_list":["post-10233","page","type-page","status-publish","hentry"],"yoast_head":"<!-- This site is optimized with the Yoast SEO plugin v25.3.1 - https:\/\/yoast.com\/wordpress\/plugins\/seo\/ -->\n<title>Cronologia di OpenCart \u2013 Crea una linea di cronologia per un sito web [GRATUITO]<\/title>\n<meta name=\"description\" content=\"Aggiungi una sequenza temporale personalizzata al tuo negozio OpenCart. Visualizza le tappe fondamentali del prodotto, i risultati aziendali o gli eventi con un widget Timeline personalizzabile senza codice.\" \/>\n<meta name=\"robots\" content=\"index, follow, max-snippet:-1, max-image-preview:large, max-video-preview:-1\" \/>\n<link rel=\"canonical\" href=\"https:\/\/elfsight.com\/it\/timeline-widget\/opencart\/\" \/>\n<meta property=\"og:locale\" content=\"it_IT\" \/>\n<meta property=\"og:type\" content=\"article\" \/>\n<meta property=\"og:title\" content=\"Cronologia di OpenCart \u2013 Crea una linea di cronologia per un sito web [GRATUITO]\" \/>\n<meta property=\"og:description\" content=\"Aggiungi una sequenza temporale personalizzata al tuo negozio OpenCart. Visualizza le tappe fondamentali del prodotto, i risultati aziendali o gli eventi con un widget Timeline personalizzabile senza codice.\" \/>\n<meta property=\"og:url\" content=\"https:\/\/elfsight.com\/it\/timeline-widget\/opencart\/\" \/>\n<meta property=\"og:site_name\" content=\"Elfsight IT\" \/>\n<meta property=\"article:modified_time\" content=\"2025-06-18T10:06:17+00:00\" \/>\n<meta name=\"twitter:card\" content=\"summary_large_image\" \/>\n<meta name=\"twitter:label1\" content=\"Tempo di lettura stimato\" \/>\n\t<meta name=\"twitter:data1\" content=\"4 minuti\" \/>\n<!-- \/ Yoast SEO plugin. -->","yoast_head_json":{"title":"Cronologia di OpenCart \u2013 Crea una linea di cronologia per un sito web [GRATUITO]","description":"Aggiungi una sequenza temporale personalizzata al tuo negozio OpenCart. Visualizza le tappe fondamentali del prodotto, i risultati aziendali o gli eventi con un widget Timeline personalizzabile senza codice.","robots":{"index":"index","follow":"follow","max-snippet":"max-snippet:-1","max-image-preview":"max-image-preview:large","max-video-preview":"max-video-preview:-1"},"canonical":"https:\/\/elfsight.com\/it\/timeline-widget\/opencart\/","og_locale":"it_IT","og_type":"article","og_title":"Cronologia di OpenCart \u2013 Crea una linea di cronologia per un sito web [GRATUITO]","og_description":"Aggiungi una sequenza temporale personalizzata al tuo negozio OpenCart. Visualizza le tappe fondamentali del prodotto, i risultati aziendali o gli eventi con un widget Timeline personalizzabile senza codice.","og_url":"https:\/\/elfsight.com\/it\/timeline-widget\/opencart\/","og_site_name":"Elfsight IT","article_modified_time":"2025-06-18T10:06:17+00:00","twitter_card":"summary_large_image","twitter_misc":{"Tempo di lettura stimato":"4 minuti"},"schema":{"@context":"https:\/\/schema.org","@graph":[{"@type":"WebPage","@id":"https:\/\/elfsight.com\/it\/timeline-widget\/opencart\/","url":"https:\/\/elfsight.com\/it\/timeline-widget\/opencart\/","name":"Cronologia di OpenCart \u2013 Crea una linea di cronologia per un sito web [GRATUITO]","isPartOf":{"@id":"https:\/\/elfsight.com\/it\/#website"},"datePublished":"2025-06-18T10:06:15+00:00","dateModified":"2025-06-18T10:06:17+00:00","description":"Aggiungi una sequenza temporale personalizzata al tuo negozio OpenCart. Visualizza le tappe fondamentali del prodotto, i risultati aziendali o gli eventi con un widget Timeline personalizzabile senza codice.","breadcrumb":{"@id":"https:\/\/elfsight.com\/it\/timeline-widget\/opencart\/#breadcrumb"},"inLanguage":"it-IT","potentialAction":[{"@type":"ReadAction","target":["https:\/\/elfsight.com\/it\/timeline-widget\/opencart\/"]}]},{"@type":"BreadcrumbList","@id":"https:\/\/elfsight.com\/it\/timeline-widget\/opencart\/#breadcrumb","itemListElement":[{"@type":"ListItem","position":1,"name":"Home","item":"https:\/\/elfsight.com\/it\/"},{"@type":"ListItem","position":2,"name":"Timeline","item":"https:\/\/elfsight.com\/it\/timeline-widget\/"},{"@type":"ListItem","position":3,"name":"Timeline &#8211; OpenCart"}]},{"@type":"WebSite","@id":"https:\/\/elfsight.com\/it\/#website","url":"https:\/\/elfsight.com\/it\/","name":"Elfsight IT","description":"Just another Elfsight Sites site","potentialAction":[{"@type":"SearchAction","target":{"@type":"EntryPoint","urlTemplate":"https:\/\/elfsight.com\/it\/?s={search_term_string}"},"query-input":{"@type":"PropertyValueSpecification","valueRequired":true,"valueName":"search_term_string"}}],"inLanguage":"it-IT"}]}},"meta_box":{"industry":"","seo_heading":"","heading":"","description":"","cta_heading":"","cta_description":"","application":"8638","h1":"Componente aggiuntivo della sequenza temporale per OpenCart","h1_caption":"Mostra una cronologia avvincente di risultati per rivelare la tua storia, i traguardi raggiunti o gli eventi con una sequenza temporale interattiva sul tuo sito web OpenCart.","application_category":[],"applications_title":"","applications_request_title":"","applications_request_button_text":"","hero_text":"","hero_video":"","hero_video_schema_markup":"","selling_points_title":"","selling_points_caption":"","selling_points":[],"selling_points_cta_text":"","features_title":"","features":"","ed_cta_examples_text":"","ed_cta_examples_hidden":"","ed_cta_demo_text":"","ed_cta_demo_hidden":"","why_caption":"","why_editor_title":"","why_editor_text":"","why_team_title":"","why_team_text":"","why_service_title":"","why_service_text":"","template_catalog_visible":"0","template_catalog_title":"","template_catalog_text":"","template_catalog_categories_visible":"","demo_title":"Crea il tuo componente aggiuntivo OpenCart Timeline","demo_caption":"Personalizza la tua timeline e aggiungila al tuo sito web con facilit\u00e0!","default_faq_hidden":"","app_template_category":[],"platform":"41","template_public_id":"","codecanyon_url":"","codecanyon_item_id":"","codecanyon_price":"","pricing_caption":"","pricing_elfsight_apps_hide_column":"","pricing_elfsight_apps_url":"","pricing_codecanyon_price_caption":"","integration_category":[],"integration_request_title":"","integration_request_cta":"","integration_platform":"","integrations":[],"platform_category":[],"video_schema_markup":"","price":"da $ 0 \/ mese","trial":"","benefits":[],"button_url":"#demo","button_target_blank":"0","button_nofollow":"0","attributes":[{"name":"Installa","content":"50,000 - 100,000","_state":"expanded"},{"name":"Reattivo","content":"S\u00cc","_state":"expanded"},{"name":"Browser compatibili","content":"Firefox, Safari, Opera, Chrome, Edge","_state":"expanded"}],"tags":[],"tags_disable_links":"0","hide_more_platforms":"0","video_object":"","demo_hide_cta":"0","demo_hide_cloud_options":"0","pricing_title":"","pricing":[{"pricing_icon":"platform","pricing_title":"Elfsight Apps","pricing_title_caption":"Software multipiattaforma adatto a qualsiasi sito","pricing_price":"da $ 0 \/ mese","pricing_price_caption":"inizia con un piano gratuito","pricing_button_text":"Aggiungi al sito web","pricing_button_url":"#demo"}],"related_apps_title":"","related_apps_hidden":"0","author":"","image":[],"title":"","job":"","social_networks":[]},"_links":{"self":[{"href":"https:\/\/elfsight.com\/it\/wp-json\/wp\/v2\/pages\/10233","targetHints":{"allow":["GET"]}}],"collection":[{"href":"https:\/\/elfsight.com\/it\/wp-json\/wp\/v2\/pages"}],"about":[{"href":"https:\/\/elfsight.com\/it\/wp-json\/wp\/v2\/types\/page"}],"author":[{"embeddable":true,"href":"https:\/\/elfsight.com\/it\/wp-json\/wp\/v2\/users\/9"}],"replies":[{"embeddable":true,"href":"https:\/\/elfsight.com\/it\/wp-json\/wp\/v2\/comments?post=10233"}],"version-history":[{"count":2,"href":"https:\/\/elfsight.com\/it\/wp-json\/wp\/v2\/pages\/10233\/revisions"}],"predecessor-version":[{"id":10235,"href":"https:\/\/elfsight.com\/it\/wp-json\/wp\/v2\/pages\/10233\/revisions\/10235"}],"up":[{"embeddable":true,"href":"https:\/\/elfsight.com\/it\/wp-json\/wp\/v2\/pages\/8639"}],"wp:attachment":[{"href":"https:\/\/elfsight.com\/it\/wp-json\/wp\/v2\/media?parent=10233"}],"curies":[{"name":"wp","href":"https:\/\/api.w.org\/{rel}","templated":true}]}}