{"id":10226,"date":"2025-03-11T07:21:06","date_gmt":"2025-03-11T07:21:06","guid":{"rendered":"https:\/\/elfsight.com\/it\/?page_id=10226"},"modified":"2025-06-17T14:01:21","modified_gmt":"2025-06-17T14:01:21","slug":"webnode","status":"publish","type":"page","link":"https:\/\/elfsight.com\/it\/timeline-widget\/webnode\/","title":{"rendered":"Timeline &#8211; Webnode"},"content":{"rendered":"<div class=\"application-platform-content-item-description application-platform-content-item\" id=\"description\" data-nav-section=\"description\"><h2>Webnode Timeline Widget<\/h2> <p>Migliora il tuo sito web Webnode con una timeline interattiva e visivamente accattivante. Con il widget Timeline di Elfsight, puoi mostrare i traguardi della tua azienda, tenere traccia dello sviluppo del prodotto o evidenziare eventi chiave in modo cronologico e coinvolgente. Non \u00e8 richiesta alcuna codifica: solo una semplice personalizzazione e incorporazione che ti consentono di creare una timeline straordinaria e completamente reattiva che cattura il tuo pubblico.<\/p> <ul> <li><b>Crea timeline interattive senza codice<\/b><br> Progetta la tua timeline in pochi minuti, senza bisogno di programmazione. Costruisci una timeline interattiva che ti consente di coinvolgere immediatamente i visitatori.<\/li> <li><b>Opzioni di personalizzazione avanzate<\/b><br> Personalizza il layout, i colori, i caratteri e altro ancora per abbinarli al branding e allo stile del tuo sito web.<\/li> <li><b>Processo di incorporamento semplice<\/b><br> Incorpora la tua timeline personalizzata senza sforzo nel tuo sito web Webnode con un semplice codice HTML, senza bisogno di competenze tecniche.<\/li> <li><b>Supporto clienti reattivo<\/b><br> Il nostro team di esperti \u00e8 sempre disponibile per assisterti con qualsiasi domanda di configurazione, garantendo che la tua timeline funzioni senza problemi sul tuo sito.<\/li> <\/ul> <p><b>Prova il widget Timeline di Elfsight per creare un&#8217;esperienza interattiva per i tuoi visitatori oggi stesso!<\/b><\/p> <\/div><div class=\"application-platform-content-item-features application-platform-content-item\" id=\"features\" data-nav-section=\"features\"><h2>What You Can Do with the Webnode Timeline<\/h2> <ul> <li><strong>Coinvolgi visivamente i visitatori<\/strong><br> Mostra traguardi, risultati o eventi chiave in un formato visivo coinvolgente. Una timeline interattiva presenta la tua storia in un modo che incoraggia il tuo pubblico a esplorare e interagire.<\/li> <li><strong>Tieni traccia di traguardi ed eventi<\/strong><br> Presenta il percorso della tua azienda o lo sviluppo del prodotto in un formato chiaro e cronologico. Consenti ai visitatori di seguire la tua storia e di rimanere informati sui tuoi progressi.<\/li> <li><strong>Evidenzia i momenti chiave<\/strong><br> Sottolinea i traguardi o i risultati importanti che definiscono il tuo percorso. Un formato di timeline pulito e accattivante attira l&#8217;attenzione e stimola il coinvolgimento degli utenti.<\/li> <\/ul> <p><a href=\"#demo\">Esplora l&#8217;editor per sperimentare tutte le funzionalit\u00e0 del widget Timeline.<\/a><\/p> <\/div><div class=\"application-platform-content-item-installation application-platform-content-item\" id=\"installation\" data-nav-section=\"installation\"><h2>How to Embed a Timeline on Webnode<\/h2> <p>L&#8217;aggiunta del widget Timeline al tuo sito web Webnode \u00e8 rapida e semplice. Segui questi semplici passaggi:<\/p> <ol> <li><b>Crea la tua timeline Webnode personalizzata<\/b><br> Inizia selezionando un modello dal nostro editor. Personalizza il design, il layout e i traguardi in base alle esigenze del tuo sito web.<\/li> <li><b>Ottieni il tuo codice di incorporamento unico<\/b><br> Una volta che la tua timeline \u00e8 pronta, riceverai un codice di incorporamento HTML unico. Copia questo codice per un uso futuro.<\/li> <li><b>Incorpora il codice nel tuo sito web Webnode<\/b><br> Incolla il codice di incorporamento HTML nella sezione appropriata della tua pagina Webnode, salva le modifiche e la tua timeline sar\u00e0 live!<\/li> <li><b>Fatto! Goditi la tua nuova timeline interattiva!<\/b><br> Visita il tuo sito per vedere la timeline in azione e iniziare a coinvolgere i tuoi visitatori con un&#8217;esperienza dinamica e visivamente accattivante.<\/li> <\/ol> <p>Per istruzioni pi\u00f9 dettagliate, consulta la nostra guida su <a href=\"https:\/\/elfsight.com\/blog\/how-to-embed-timeline-to-website\/\" target=\"_blank\" rel=\"noopener\">come aggiungere una timeline al tuo sito web<\/a>.<\/p> <\/div><div class=\"faq\" data-component=\"FAQ\"><div class=\"faq-item\">\r\n\t\t\t\t\t<div class=\"faq-item-question\">\r\n\t\t\t\t\t\t<h3 class=\"faq-item-question-text\">Is the Timeline widget for Webnode free?<\/h3>\r\n\r\n\t\t\t\t\t\t<div class=\"faq-item-question-icon\"><\/div>\r\n\t\t\t\t\t<\/div>\r\n\r\n\t\t\t\t\t<div class=\"faq-item-answer\">\r\n\t\t\t\t\t\t<div class=\"faq-item-answer-text\">S\u00ec, Elfsight offre un piano gratuito che ti d\u00e0 accesso alle funzionalit\u00e0 di base del widget Timeline. Sono disponibili piani a pagamento per opzioni di personalizzazione pi\u00f9 avanzate e funzionalit\u00e0 aggiuntive.<\/div>\r\n\t\t\t\t\t<\/div>\r\n\t\t\t\t<\/div><div class=\"faq-item\">\r\n\t\t\t\t\t<div class=\"faq-item-question\">\r\n\t\t\t\t\t\t<h3 class=\"faq-item-question-text\">Do I need any coding skills to use the Timeline widget for Webnode?<\/h3>\r\n\r\n\t\t\t\t\t\t<div class=\"faq-item-question-icon\"><\/div>\r\n\t\t\t\t\t<\/div>\r\n\r\n\t\t\t\t\t<div class=\"faq-item-answer\">\r\n\t\t\t\t\t\t<div class=\"faq-item-answer-text\">No, il plugin Webnode Timeline di Elfsight non richiede competenze di codifica. Puoi facilmente personalizzare e incorporare la tua timeline utilizzando il nostro editor intuitivo.<\/div>\r\n\t\t\t\t\t<\/div>\r\n\t\t\t\t<\/div><div class=\"faq-item\">\r\n\t\t\t\t\t<div class=\"faq-item-question\">\r\n\t\t\t\t\t\t<h3 class=\"faq-item-question-text\">How can I create an interactive timeline for Webnode?<\/h3>\r\n\r\n\t\t\t\t\t\t<div class=\"faq-item-question-icon\"><\/div>\r\n\t\t\t\t\t<\/div>\r\n\r\n\t\t\t\t\t<div class=\"faq-item-answer\">\r\n\t\t\t\t\t\t<div class=\"faq-item-answer-text\">Basta scegliere un modello dall&#8217;editor, regolare le impostazioni in base alle tue esigenze e incorporare il codice HTML generato nel tuo sito web Webnode.<\/div>\r\n\t\t\t\t\t<\/div>\r\n\t\t\t\t<\/div><div class=\"faq-item\">\r\n\t\t\t\t\t<div class=\"faq-item-question\">\r\n\t\t\t\t\t\t<h3 class=\"faq-item-question-text\">What types of timelines can I create for Webnode?<\/h3>\r\n\r\n\t\t\t\t\t\t<div class=\"faq-item-question-icon\"><\/div>\r\n\t\t\t\t\t<\/div>\r\n\r\n\t\t\t\t\t<div class=\"faq-item-answer\">\r\n\t\t\t\t\t\t<div class=\"faq-item-answer-text\">Con il widget Timeline di Elfsight, puoi creare una variet\u00e0 di timeline, tra cui:<ul> <li><strong>Storia dell&#8217;azienda<\/strong>: Mostra la crescita e i traguardi chiave della tua attivit\u00e0.<\/li> <li><strong>Sviluppo prodotto<\/strong>: Tieni traccia del percorso del tuo prodotto dall&#8217;idea al lancio.<\/li> <li><strong>Timeline di progetto<\/strong>: Presenta le fasi di un progetto o di una campagna.<\/li> <li><strong>Timeline eventi<\/strong>: Mostra eventi imminenti o lanci di prodotti in un formato chiaro e facile da seguire.<\/li> <\/ul> <\/div>\r\n\t\t\t\t\t<\/div>\r\n\t\t\t\t<\/div> <\/div>&#8220;`","protected":false},"excerpt":{"rendered":"&#8220;`","protected":false},"author":9,"featured_media":0,"parent":8639,"menu_order":0,"comment_status":"closed","ping_status":"closed","template":"templates\/template-application-platform.php","meta":{"publish_to_discourse":"","publish_post_category":"","wpdc_auto_publish_overridden":"","wpdc_topic_tags":"","wpdc_pin_topic":"","wpdc_pin_until":"","discourse_post_id":"","discourse_permalink":"","wpdc_publishing_response":"","wpdc_publishing_error":"","footnotes":""},"class_list":["post-10226","page","type-page","status-publish","hentry"],"yoast_head":"<!-- This site is optimized with the Yoast SEO plugin v25.3.1 - https:\/\/yoast.com\/wordpress\/plugins\/seo\/ -->\n<title>Timeline Widget \u2013 Crea una roadmap interattiva per Webnode|Gratis<\/title>\n<meta name=\"description\" content=\"Coinvolgi i tuoi visitatori con una timeline personalizzabile sul tuo sito. Evidenzia facilmente traguardi, eventi, progressi con il widget Timeline di Elfsight per Webnode.\" \/>\n<meta name=\"robots\" content=\"index, follow, max-snippet:-1, max-image-preview:large, max-video-preview:-1\" \/>\n<link rel=\"canonical\" href=\"https:\/\/elfsight.com\/it\/timeline-widget\/webnode\/\" \/>\n<meta property=\"og:locale\" content=\"it_IT\" \/>\n<meta property=\"og:type\" content=\"article\" \/>\n<meta property=\"og:title\" content=\"Timeline Widget \u2013 Crea una roadmap interattiva per Webnode|Gratis\" \/>\n<meta property=\"og:description\" content=\"Coinvolgi i tuoi visitatori con una timeline personalizzabile sul tuo sito. Evidenzia facilmente traguardi, eventi, progressi con il widget Timeline di Elfsight per Webnode.\" \/>\n<meta property=\"og:url\" content=\"https:\/\/elfsight.com\/it\/timeline-widget\/webnode\/\" \/>\n<meta property=\"og:site_name\" content=\"Elfsight IT\" \/>\n<meta property=\"article:modified_time\" content=\"2025-06-17T14:01:21+00:00\" \/>\n<meta name=\"twitter:card\" content=\"summary_large_image\" \/>\n<meta name=\"twitter:label1\" content=\"Tempo di lettura stimato\" \/>\n\t<meta name=\"twitter:data1\" content=\"4 minuti\" \/>\n<!-- \/ Yoast SEO plugin. -->","yoast_head_json":{"title":"Timeline Widget \u2013 Crea una roadmap interattiva per Webnode|Gratis","description":"Coinvolgi i tuoi visitatori con una timeline personalizzabile sul tuo sito. Evidenzia facilmente traguardi, eventi, progressi con il widget Timeline di Elfsight per Webnode.","robots":{"index":"index","follow":"follow","max-snippet":"max-snippet:-1","max-image-preview":"max-image-preview:large","max-video-preview":"max-video-preview:-1"},"canonical":"https:\/\/elfsight.com\/it\/timeline-widget\/webnode\/","og_locale":"it_IT","og_type":"article","og_title":"Timeline Widget \u2013 Crea una roadmap interattiva per Webnode|Gratis","og_description":"Coinvolgi i tuoi visitatori con una timeline personalizzabile sul tuo sito. Evidenzia facilmente traguardi, eventi, progressi con il widget Timeline di Elfsight per Webnode.","og_url":"https:\/\/elfsight.com\/it\/timeline-widget\/webnode\/","og_site_name":"Elfsight IT","article_modified_time":"2025-06-17T14:01:21+00:00","twitter_card":"summary_large_image","twitter_misc":{"Tempo di lettura stimato":"4 minuti"},"schema":{"@context":"https:\/\/schema.org","@graph":[{"@type":"WebPage","@id":"https:\/\/elfsight.com\/it\/timeline-widget\/webnode\/","url":"https:\/\/elfsight.com\/it\/timeline-widget\/webnode\/","name":"Timeline Widget \u2013 Crea una roadmap interattiva per Webnode|Gratis","isPartOf":{"@id":"https:\/\/elfsight.com\/it\/#website"},"datePublished":"2025-03-11T07:21:06+00:00","dateModified":"2025-06-17T14:01:21+00:00","description":"Coinvolgi i tuoi visitatori con una timeline personalizzabile sul tuo sito. Evidenzia facilmente traguardi, eventi, progressi con il widget Timeline di Elfsight per Webnode.","breadcrumb":{"@id":"https:\/\/elfsight.com\/it\/timeline-widget\/webnode\/#breadcrumb"},"inLanguage":"it-IT","potentialAction":[{"@type":"ReadAction","target":["https:\/\/elfsight.com\/it\/timeline-widget\/webnode\/"]}]},{"@type":"BreadcrumbList","@id":"https:\/\/elfsight.com\/it\/timeline-widget\/webnode\/#breadcrumb","itemListElement":[{"@type":"ListItem","position":1,"name":"Home","item":"https:\/\/elfsight.com\/it\/"},{"@type":"ListItem","position":2,"name":"Timeline &#8211; Webnode"}]},{"@type":"WebSite","@id":"https:\/\/elfsight.com\/it\/#website","url":"https:\/\/elfsight.com\/it\/","name":"Elfsight IT","description":"Just another Elfsight Sites site","potentialAction":[{"@type":"SearchAction","target":{"@type":"EntryPoint","urlTemplate":"https:\/\/elfsight.com\/it\/?s={search_term_string}"},"query-input":{"@type":"PropertyValueSpecification","valueRequired":true,"valueName":"search_term_string"}}],"inLanguage":"it-IT"}]}},"meta_box":{"industry":"","seo_heading":"","heading":"","description":"","cta_heading":"","cta_description":"","application":"8638","h1":"Widget Timeline per Webnode","h1_caption":"Mostra una cronologia coinvolgente di tappe fondamentali per rivelare la tua storia, indicatori di attivit\u00e0 o eventi con una timeline interattiva su un sito web Webnode.","application_category":[],"applications_title":"","applications_request_title":"","applications_request_button_text":"","hero_text":"","hero_video":"","hero_video_schema_markup":"","selling_points_title":"","selling_points_caption":"","selling_points":[],"selling_points_cta_text":"","features_title":"","features":"","ed_cta_examples_text":"","ed_cta_examples_hidden":"","ed_cta_demo_text":"","ed_cta_demo_hidden":"","why_caption":"","why_editor_title":"","why_editor_text":"","why_team_title":"","why_team_text":"","why_service_title":"","why_service_text":"","template_catalog_visible":"","template_catalog_title":"","template_catalog_text":"","template_catalog_categories_visible":"","demo_title":"Crea il tuo widget Timeline per Webnode","demo_caption":"Personalizza la tua timeline e aggiungila al tuo sito web con facilit\u00e0!","default_faq_hidden":"","app_template_category":[],"platform":"47","template_public_id":"","codecanyon_url":"","codecanyon_item_id":"","codecanyon_price":"","pricing_caption":"","pricing_elfsight_apps_hide_column":"","pricing_elfsight_apps_url":"","pricing_codecanyon_price_caption":"","integration_category":[],"integration_request_title":"","integration_request_cta":"","integration_platform":"","integrations":[],"platform_category":[],"video_schema_markup":"","price":"da $ 0 \/ mese","trial":"","benefits":[],"button_url":"#demo","button_target_blank":"0","button_nofollow":"0","attributes":[{"name":"Installa","content":"50,000 - 100,001","_state":"expanded"},{"name":"Reattivo","content":"S\u00cc","_state":"expanded"},{"name":"Browser compatibili","content":"Firefox, Safari, Opera, Chrome, Edge","_state":"expanded"}],"tags":[],"tags_disable_links":"","hide_more_platforms":"","video_object":"","demo_hide_cta":"0","demo_hide_cloud_options":"","pricing_title":"","pricing":[{"pricing_icon":"platform","pricing_title":"Elfsight Apps","pricing_title_caption":"Software multipiattaforma adatto a qualsiasi sito","pricing_price":"da $ 0 \/ mese","pricing_price_caption":"inizia con un piano gratuito","pricing_button_text":"Aggiungi al sito web","pricing_button_url":"#demo"}],"related_apps_title":"","related_apps_hidden":"","author":"","image":[],"title":"","job":"","social_networks":[]},"_links":{"self":[{"href":"https:\/\/elfsight.com\/it\/wp-json\/wp\/v2\/pages\/10226","targetHints":{"allow":["GET"]}}],"collection":[{"href":"https:\/\/elfsight.com\/it\/wp-json\/wp\/v2\/pages"}],"about":[{"href":"https:\/\/elfsight.com\/it\/wp-json\/wp\/v2\/types\/page"}],"author":[{"embeddable":true,"href":"https:\/\/elfsight.com\/it\/wp-json\/wp\/v2\/users\/9"}],"replies":[{"embeddable":true,"href":"https:\/\/elfsight.com\/it\/wp-json\/wp\/v2\/comments?post=10226"}],"version-history":[{"count":1,"href":"https:\/\/elfsight.com\/it\/wp-json\/wp\/v2\/pages\/10226\/revisions"}],"predecessor-version":[{"id":10227,"href":"https:\/\/elfsight.com\/it\/wp-json\/wp\/v2\/pages\/10226\/revisions\/10227"}],"up":[{"embeddable":true,"href":"https:\/\/elfsight.com\/it\/wp-json\/wp\/v2\/pages\/8639"}],"wp:attachment":[{"href":"https:\/\/elfsight.com\/it\/wp-json\/wp\/v2\/media?parent=10226"}],"curies":[{"name":"wp","href":"https:\/\/api.w.org\/{rel}","templated":true}]}}