{"id":10144,"date":"2025-01-16T08:19:03","date_gmt":"2025-01-16T08:19:03","guid":{"rendered":"https:\/\/elfsight.com\/it\/?page_id=10144"},"modified":"2025-07-10T05:51:59","modified_gmt":"2025-07-10T05:51:59","slug":"drupal","status":"publish","type":"page","link":"https:\/\/elfsight.com\/it\/chatgpt-widget\/drupal\/","title":{"rendered":"ChatGPT &#8211; Drupal"},"content":{"rendered":"<div class=\"application-platform-content-item-description application-platform-content-item\" id=\"description\" data-nav-section=\"description\">\n<h2>Integra ChatGPT in Drupal con un modulo Elfsight<\/h2>\n<p>Il modulo ChatGPT migliora la comunicazione con i clienti sul tuo sito web automatizzando i processi e offrendo esperienze personalizzate e fluide. Con chat infinite, risposte precise e funzionalit\u00e0 di formazione avanzate, garantisce operazioni fluide ed efficienti, offrendo al contempo risposte di alta qualit\u00e0 e dal suono naturale in pi\u00f9 lingue. <\/p>\n<p>Progettato con modelli specifici per il settore, il modulo funziona in base alle esigenze della tua azienda, che si tratti di assistenza clienti, promozione di prodotti o gestione del feedback. Raccoglie dati dettagliati dalle comunicazioni, fornendo spunti per perfezionare i tuoi processi e migliorare l&#8217;esperienza dei clienti. Integra ChatGPT nel tuo sito web per un servizio clienti pi\u00f9 intelligente ed efficace. <\/p>\n<p><b>Aggiungi ChatGPT al tuo sito web Drupal e trasforma ogni interazione in un&#8217;opportunit\u00e0 di crescita! <\/b><\/p>\n<p><\/div> <div class=\"application-platform-content-item-features application-platform-content-item\" id=\"features\" data-nav-section=\"features\"> <\/p>\n<h2>Queste sono solo alcune delle numerose funzionalit\u00e0 del modulo: <\/h2>\n<ul>\n<li><b>Intelligenza artificiale di alto livello. <\/b> Basato su uno dei modelli di intelligenza artificiale pi\u00f9 avanzati disponibili, offre risposte intelligenti e valide ai tuoi clienti. <\/li>\n<li><b>Formazione con file e domande e risposte. <\/b> Forma il tuo assistente senza sforzo utilizzando file caricati, coppie di domande e risposte e blocchi di testo per una configurazione semplice. <\/li>\n<li><b>Memorizza i dati dei clienti e il contenuto delle chat. <\/b> L&#8217;assistente pu\u00f2 ricordare gli utenti e rivolgersi a loro per nome, mantenendo l&#8217;attenzione sulla loro richiesta. <\/li>\n<li><b>Numero illimitato di chat e utenti. <\/b> Il modulo \u00e8 in grado di mantenere interazioni illimitate con qualsiasi numero di clienti per rimanere ugualmente utile in qualsiasi chat. <\/li>\n<li><b>Formati di risposta leggibili.<\/b> L&#8217;assistente migliora la leggibilit\u00e0 utilizzando elenchi, testo in grassetto, link e altre opportunit\u00e0 di formattazione per rendere le risposte facili da comprendere. <\/li>\n<\/ul>\n<p><a href=\"#demo\">Esplora semplicemente tutte le possibilit\u00e0 del nostro modulo nell&#8217;editor direttamente da questa pagina<\/a><\/p>\n<p><\/div> <div class=\"application-platform-content-item-installation application-platform-content-item\" id=\"installation\" data-nav-section=\"installation\"> <\/p>\n<h2>Come posso integrare ChatGPT nel mio sito web Drupal? <\/h2>\n<p>Offriamo un modo semplice per configurare il modulo sul tuo sito web Drupal. Ci vorranno solo pochi minuti e non richiede alcuna programmazione. <\/p>\n<ol>\n<li><strong>Crea il tuo modulo ChatGPT personalizzato<\/strong><br \/> Inizia con un modello qualsiasi nell&#8217;editor, lavora con gli elementi utili al suo interno e adatta il modulo allo stile e alle impostazioni che desideri. <\/li>\n<li><strong>Ottieni il codice personale per incorporare il modulo<\/strong><br \/> Non appena avrai completato la creazione del modulo, riceverai un codice HTML personalizzato nella tua dashboard. Copia il codice che contiene tutte le informazioni sulle tue modifiche. <\/li>\n<li><strong>Mostra il modulo sul tuo sito web Drupal<\/strong><br \/>Definisci le sezioni del tuo sito web in cui desideri presentare ChatGPT e incolla il codice l\u00ec. Salva le modifiche. <\/li>\n<\/ol>\n<p>Ecco fatto! Ora controlla il funzionamento del modulo sul tuo sito web. <\/p>\n<p>In caso di problemi durante l&#8217;integrazione del modulo nel tuo sito web, contatta il nostro centro assistenza. Saremo lieti di aiutarti ad aggiungere e gestire la tua chat. <\/p>\n<p><\/div><\/p>\n","protected":false},"excerpt":{"rendered":"","protected":false},"author":9,"featured_media":0,"parent":10216,"menu_order":0,"comment_status":"closed","ping_status":"closed","template":"templates\/template-application-platform.php","meta":{"publish_to_discourse":"","publish_post_category":"","wpdc_auto_publish_overridden":"","wpdc_topic_tags":"","wpdc_pin_topic":"","wpdc_pin_until":"","discourse_post_id":"","discourse_permalink":"","wpdc_publishing_response":"","wpdc_publishing_error":"","footnotes":""},"class_list":["post-10144","page","type-page","status-publish","hentry"],"yoast_head":"<!-- This site is optimized with the Yoast SEO plugin v25.3.1 - https:\/\/yoast.com\/wordpress\/plugins\/seo\/ -->\n<title>Modulo Drupal ChatGPT: aggiungi AI Chat al tuo sito web Drupal [GRATIS]<\/title>\n<meta name=\"description\" content=\"Aggiungi un modulo ChatGPT senza soluzione di continuit\u00e0 al tuo sito web Drupal. Prova l&#039;editor online di Elfsight per creare facilmente la tua soluzione personalizzata.\" \/>\n<meta name=\"robots\" content=\"index, follow, max-snippet:-1, max-image-preview:large, max-video-preview:-1\" \/>\n<link rel=\"canonical\" href=\"https:\/\/elfsight.com\/it\/chatgpt-widget\/drupal\/\" \/>\n<meta property=\"og:locale\" content=\"it_IT\" \/>\n<meta property=\"og:type\" content=\"article\" \/>\n<meta property=\"og:title\" content=\"Modulo Drupal ChatGPT: aggiungi AI Chat al tuo sito web Drupal [GRATIS]\" \/>\n<meta property=\"og:description\" content=\"Aggiungi un modulo ChatGPT senza soluzione di continuit\u00e0 al tuo sito web Drupal. Prova l&#039;editor online di Elfsight per creare facilmente la tua soluzione personalizzata.\" \/>\n<meta property=\"og:url\" content=\"https:\/\/elfsight.com\/it\/chatgpt-widget\/drupal\/\" \/>\n<meta property=\"og:site_name\" content=\"Elfsight IT\" \/>\n<meta property=\"article:modified_time\" content=\"2025-07-10T05:51:59+00:00\" \/>\n<meta name=\"twitter:card\" content=\"summary_large_image\" \/>\n<meta name=\"twitter:label1\" content=\"Tempo di lettura stimato\" \/>\n\t<meta name=\"twitter:data1\" content=\"2 minuti\" \/>\n<!-- \/ Yoast SEO plugin. -->","yoast_head_json":{"title":"Modulo Drupal ChatGPT: aggiungi AI Chat al tuo sito web Drupal [GRATIS]","description":"Aggiungi un modulo ChatGPT senza soluzione di continuit\u00e0 al tuo sito web Drupal. Prova l'editor online di Elfsight per creare facilmente la tua soluzione personalizzata.","robots":{"index":"index","follow":"follow","max-snippet":"max-snippet:-1","max-image-preview":"max-image-preview:large","max-video-preview":"max-video-preview:-1"},"canonical":"https:\/\/elfsight.com\/it\/chatgpt-widget\/drupal\/","og_locale":"it_IT","og_type":"article","og_title":"Modulo Drupal ChatGPT: aggiungi AI Chat al tuo sito web Drupal [GRATIS]","og_description":"Aggiungi un modulo ChatGPT senza soluzione di continuit\u00e0 al tuo sito web Drupal. Prova l'editor online di Elfsight per creare facilmente la tua soluzione personalizzata.","og_url":"https:\/\/elfsight.com\/it\/chatgpt-widget\/drupal\/","og_site_name":"Elfsight IT","article_modified_time":"2025-07-10T05:51:59+00:00","twitter_card":"summary_large_image","twitter_misc":{"Tempo di lettura stimato":"2 minuti"},"schema":{"@context":"https:\/\/schema.org","@graph":[{"@type":"WebPage","@id":"https:\/\/elfsight.com\/it\/chatgpt-widget\/drupal\/","url":"https:\/\/elfsight.com\/it\/chatgpt-widget\/drupal\/","name":"Modulo Drupal ChatGPT: aggiungi AI Chat al tuo sito web Drupal [GRATIS]","isPartOf":{"@id":"https:\/\/elfsight.com\/it\/#website"},"datePublished":"2025-01-16T08:19:03+00:00","dateModified":"2025-07-10T05:51:59+00:00","description":"Aggiungi un modulo ChatGPT senza soluzione di continuit\u00e0 al tuo sito web Drupal. Prova l'editor online di Elfsight per creare facilmente la tua soluzione personalizzata.","breadcrumb":{"@id":"https:\/\/elfsight.com\/it\/chatgpt-widget\/drupal\/#breadcrumb"},"inLanguage":"it-IT","potentialAction":[{"@type":"ReadAction","target":["https:\/\/elfsight.com\/it\/chatgpt-widget\/drupal\/"]}]},{"@type":"BreadcrumbList","@id":"https:\/\/elfsight.com\/it\/chatgpt-widget\/drupal\/#breadcrumb","itemListElement":[{"@type":"ListItem","position":1,"name":"Home","item":"https:\/\/elfsight.com\/it\/"},{"@type":"ListItem","position":2,"name":"ChatGPT","item":"https:\/\/elfsight.com\/it\/chatgpt-widget\/"},{"@type":"ListItem","position":3,"name":"ChatGPT &#8211; Drupal"}]},{"@type":"WebSite","@id":"https:\/\/elfsight.com\/it\/#website","url":"https:\/\/elfsight.com\/it\/","name":"Elfsight IT","description":"Just another Elfsight Sites site","potentialAction":[{"@type":"SearchAction","target":{"@type":"EntryPoint","urlTemplate":"https:\/\/elfsight.com\/it\/?s={search_term_string}"},"query-input":{"@type":"PropertyValueSpecification","valueRequired":true,"valueName":"search_term_string"}}],"inLanguage":"it-IT"}]}},"meta_box":{"industry":"","seo_heading":"","heading":"","description":"","cta_heading":"","cta_description":"","application":"8395","h1":"Modulo ChatGPT per il sito web Drupal","h1_caption":"Integra un ChatGPT multifunzionale nel tuo sito web Drupal per ottenere un assistente AI autoapprendente, sempre pronto a guidare e aiutare i tuoi clienti, acquisire lead e spiegare i tuoi prodotti e servizi.","application_category":[],"applications_title":"","applications_request_title":"","applications_request_button_text":"","hero_text":"","hero_video":"","hero_video_schema_markup":"","selling_points_title":"","selling_points_caption":"","selling_points":[],"selling_points_cta_text":"","features_title":"","features":"","ed_cta_examples_text":"","ed_cta_examples_hidden":"","ed_cta_demo_text":"","ed_cta_demo_hidden":"","why_caption":"","why_editor_title":"","why_editor_text":"","why_team_title":"","why_team_text":"","why_service_title":"","why_service_text":"","template_catalog_visible":"","template_catalog_title":"","template_catalog_text":"","template_catalog_categories_visible":"","demo_title":"Crea il tuo modulo ChatGPT","demo_caption":"Configura il tuo ChatGPT e aggiungilo gratuitamente al tuo sito web Drupal!","default_faq_hidden":"","app_template_category":[],"platform":"34","template_public_id":"","codecanyon_url":"","codecanyon_item_id":"","codecanyon_price":"","pricing_caption":"","pricing_elfsight_apps_hide_column":"","pricing_elfsight_apps_url":"","pricing_codecanyon_price_caption":"","integration_category":[],"integration_request_title":"","integration_request_cta":"","integration_platform":"","integrations":[],"platform_category":[],"video_schema_markup":"","price":"da $0 \/ mese","trial":"","benefits":[],"button_url":"#demo","button_target_blank":"0","button_nofollow":"","attributes":[{"name":"Installazioni","content":"50,000 - 100,000","_state":""},{"name":"Reattivo","content":"S\u00cc","_state":""},{"name":"Browser compatibili","content":"Firefox, Safari, Opera, Chrome, Edge","_state":""}],"tags":[],"tags_disable_links":"","hide_more_platforms":"","video_object":"","demo_hide_cta":"","demo_hide_cloud_options":"","pricing_title":"","pricing":[{"pricing_icon":"platform","pricing_title":"Elfsight Apps","pricing_title_caption":"Versione multipiattaforma","pricing_price":"da $0 \/ mese","pricing_price_caption":"inizia con un piano gratuito","pricing_button_text":"Aggiungi al sito web","pricing_button_url":"#demo"}],"related_apps_title":"","related_apps_hidden":"","author":"","image":[],"title":"","job":"","social_networks":[]},"_links":{"self":[{"href":"https:\/\/elfsight.com\/it\/wp-json\/wp\/v2\/pages\/10144","targetHints":{"allow":["GET"]}}],"collection":[{"href":"https:\/\/elfsight.com\/it\/wp-json\/wp\/v2\/pages"}],"about":[{"href":"https:\/\/elfsight.com\/it\/wp-json\/wp\/v2\/types\/page"}],"author":[{"embeddable":true,"href":"https:\/\/elfsight.com\/it\/wp-json\/wp\/v2\/users\/9"}],"replies":[{"embeddable":true,"href":"https:\/\/elfsight.com\/it\/wp-json\/wp\/v2\/comments?post=10144"}],"version-history":[{"count":1,"href":"https:\/\/elfsight.com\/it\/wp-json\/wp\/v2\/pages\/10144\/revisions"}],"predecessor-version":[{"id":10148,"href":"https:\/\/elfsight.com\/it\/wp-json\/wp\/v2\/pages\/10144\/revisions\/10148"}],"up":[{"embeddable":true,"href":"https:\/\/elfsight.com\/it\/wp-json\/wp\/v2\/pages\/10216"}],"wp:attachment":[{"href":"https:\/\/elfsight.com\/it\/wp-json\/wp\/v2\/media?parent=10144"}],"curies":[{"name":"wp","href":"https:\/\/api.w.org\/{rel}","templated":true}]}}