{"id":10130,"date":"2025-05-20T10:20:16","date_gmt":"2025-05-20T10:20:16","guid":{"rendered":"https:\/\/elfsight.com\/it\/?page_id=10130"},"modified":"2025-05-30T12:31:15","modified_gmt":"2025-05-30T12:31:15","slug":"webflow","status":"publish","type":"page","link":"https:\/\/elfsight.com\/it\/accessibility-widget\/webflow\/","title":{"rendered":"Accessibility &#8211; Webflow"},"content":{"rendered":"<div class=\"application-platform-content-item-description application-platform-content-item\" id=\"description\" data-nav-section=\"description\"> <h2>Integra l&#8217;accessibilit\u00e0 in Webflow con un widget Elfsight<\/h2> <p>Il widget Accessibilit\u00e0 migliora l&#8217;inclusivit\u00e0 del tuo sito web, rendendolo pi\u00f9 facile da navigare e leggere per utenti con esigenze diverse. Grazie alle modalit\u00e0 di accessibilit\u00e0 preimpostate, adatta istantaneamente il tuo sito web alle esigenze di persone con difficolt\u00e0 visive, di concentrazione o di movimento. Ogni modalit\u00e0 include miglioramenti intelligenti a livello visivo e di usabilit\u00e0 per garantire usabilit\u00e0 e comfort. <\/p><p>Include inoltre un controllo dell&#8217;accessibilit\u00e0 integrato per verificare la conformit\u00e0 del tuo sito web e visualizzare i risultati di accessibilit\u00e0 nel pannello del widget. Questo ti consente di risolvere i problemi di accessibilit\u00e0, dimostrando al contempo il tuo impegno per un design inclusivo. Completamente localizzato, il widget supporta gli utenti globali nella loro lingua madre per un&#8217;esperienza fluida. <\/p><p><strong>Rendi il tuo sito web Webflow accessibile a tutti, semplicemente aggiungendo il nostro potente widget Accessibilit\u00e0! <\/strong><\/p><\/div> <div class=\"application-platform-content-item-features application-platform-content-item\" id=\"features\" data-nav-section=\"features\"> <h2>Le funzionalit\u00e0 pi\u00f9 preziose del widget includono<\/h2><ul><li><b>Modalit\u00e0 pronte all&#8217;uso per 8 scenari utente. <\/b> Le persone con diverse disabilit\u00e0 possono selezionare una modalit\u00e0 di accessibilit\u00e0 ideale per navigare sul tuo sito web con facilit\u00e0 e sicurezza. <\/li><li><b>Modifica le impostazioni del sito web per visualizzare i contenuti. <\/b> Il widget include impostazioni progettate per ottimizzare la leggibilit\u00e0, il flusso utente e l&#8217;accessibilit\u00e0 visiva. <\/li><li><b>Controllo dell&#8217;accessibilit\u00e0 integrato. <\/b> Analizza facilmente il tuo sito web per individuare i punti deboli e miglioralo per una migliore accessibilit\u00e0. <\/li><li><b>Badge di fiducia con punteggio di accessibilit\u00e0. <\/b> Mostra i risultati del tuo audit per dimostrare il tuo impegno per la conformit\u00e0 all&#8217;accessibilit\u00e0. <\/li><li><b>Localizzazione accurata. <\/b> Il widget offre la localizzazione linguistica e culturale in 76 regioni per supportare le leggi sull&#8217;accessibilit\u00e0 e la distribuzione internazionale. <\/li><\/ul><p><a href=\"#demo\">Esamina tutte le impostazioni del nostro widget nell&#8217;editor direttamente in questa pagina<\/a><\/p><\/div> <div class=\"application-platform-content-item-installation application-platform-content-item\" id=\"installation\" data-nav-section=\"installation\"> <h2>Come integrare l&#8217;accessibilit\u00e0 nel mio sito web Webflow? <\/h2><p>Trova questa semplice guida per integrare il widget nel tuo sito web Webflow. Ci vorranno solo un paio di minuti e non richiede alcuna programmazione. <\/p> <ol><li><strong>Crea il tuo widget Accessibilit\u00e0 personalizzato<\/strong><br> Inizia con un modello qualsiasi nell&#8217;editor, lavora con gli elementi intuitivi presenti e personalizza il widget con lo stile e le impostazioni che preferisci. <\/li><li><strong>Ricevi il codice personale per integrare il widget<\/strong><br> Non appena avrai completato la creazione del widget, riceverai un codice HTML personalizzato nella tua dashboard. Copia questo codice che contiene tutti i dettagli sulle tue impostazioni. <\/li> <li><strong>Visualizza il widget sul tuo sito web Webflow<\/strong><br> Scegli le aree del tuo sito web in cui desideri presentare l&#8217;accessibilit\u00e0 e incolla il codice l\u00ec. Salva le modifiche. <\/li> <\/ol><p>\u00c8 tutto! Ora controlla le prestazioni del widget sul tuo sito web. <\/p><p>Se riscontri difficolt\u00e0 durante l&#8217;integrazione del widget nel tuo sito web, contatta il nostro centro assistenza. Saremo lieti di aiutarti ad aggiungere e modificare la tua soluzione di accessibilit\u00e0. <\/p><\/div>","protected":false},"excerpt":{"rendered":"","protected":false},"author":9,"featured_media":0,"parent":10029,"menu_order":0,"comment_status":"closed","ping_status":"closed","template":"templates\/template-application-platform.php","meta":{"publish_to_discourse":"","publish_post_category":"","wpdc_auto_publish_overridden":"","wpdc_topic_tags":"","wpdc_pin_topic":"","wpdc_pin_until":"","discourse_post_id":"","discourse_permalink":"","wpdc_publishing_response":"","wpdc_publishing_error":"","footnotes":""},"class_list":["post-10130","page","type-page","status-publish","hentry"],"yoast_head":"<!-- This site is optimized with the Yoast SEO plugin v25.3.1 - https:\/\/yoast.com\/wordpress\/plugins\/seo\/ -->\n<title>Widget di accessibilit\u00e0 Webflow: aggiungi conformit\u00e0 al tuo sito web [GRATUITO]<\/title>\n<meta name=\"description\" content=\"Aggiungi un widget di Accessibilit\u00e0 senza codice al tuo sito web Webflow. Prova l&#039;editor rapido di Elfsight per creare facilmente la tua soluzione personalizzata.\" \/>\n<meta name=\"robots\" content=\"index, follow, max-snippet:-1, max-image-preview:large, max-video-preview:-1\" \/>\n<link rel=\"canonical\" href=\"https:\/\/elfsight.com\/it\/accessibility-widget\/webflow\/\" \/>\n<meta property=\"og:locale\" content=\"it_IT\" \/>\n<meta property=\"og:type\" content=\"article\" \/>\n<meta property=\"og:title\" content=\"Widget di accessibilit\u00e0 Webflow: aggiungi conformit\u00e0 al tuo sito web [GRATUITO]\" \/>\n<meta property=\"og:description\" content=\"Aggiungi un widget di Accessibilit\u00e0 senza codice al tuo sito web Webflow. Prova l&#039;editor rapido di Elfsight per creare facilmente la tua soluzione personalizzata.\" \/>\n<meta property=\"og:url\" content=\"https:\/\/elfsight.com\/it\/accessibility-widget\/webflow\/\" \/>\n<meta property=\"og:site_name\" content=\"Elfsight IT\" \/>\n<meta property=\"article:modified_time\" content=\"2025-05-30T12:31:15+00:00\" \/>\n<meta name=\"twitter:card\" content=\"summary_large_image\" \/>\n<meta name=\"twitter:label1\" content=\"Tempo di lettura stimato\" \/>\n\t<meta name=\"twitter:data1\" content=\"2 minuti\" \/>\n<!-- \/ Yoast SEO plugin. -->","yoast_head_json":{"title":"Widget di accessibilit\u00e0 Webflow: aggiungi conformit\u00e0 al tuo sito web [GRATUITO]","description":"Aggiungi un widget di Accessibilit\u00e0 senza codice al tuo sito web Webflow. Prova l'editor rapido di Elfsight per creare facilmente la tua soluzione personalizzata.","robots":{"index":"index","follow":"follow","max-snippet":"max-snippet:-1","max-image-preview":"max-image-preview:large","max-video-preview":"max-video-preview:-1"},"canonical":"https:\/\/elfsight.com\/it\/accessibility-widget\/webflow\/","og_locale":"it_IT","og_type":"article","og_title":"Widget di accessibilit\u00e0 Webflow: aggiungi conformit\u00e0 al tuo sito web [GRATUITO]","og_description":"Aggiungi un widget di Accessibilit\u00e0 senza codice al tuo sito web Webflow. Prova l'editor rapido di Elfsight per creare facilmente la tua soluzione personalizzata.","og_url":"https:\/\/elfsight.com\/it\/accessibility-widget\/webflow\/","og_site_name":"Elfsight IT","article_modified_time":"2025-05-30T12:31:15+00:00","twitter_card":"summary_large_image","twitter_misc":{"Tempo di lettura stimato":"2 minuti"},"schema":{"@context":"https:\/\/schema.org","@graph":[{"@type":"WebPage","@id":"https:\/\/elfsight.com\/it\/accessibility-widget\/webflow\/","url":"https:\/\/elfsight.com\/it\/accessibility-widget\/webflow\/","name":"Widget di accessibilit\u00e0 Webflow: aggiungi conformit\u00e0 al tuo sito web [GRATUITO]","isPartOf":{"@id":"https:\/\/elfsight.com\/it\/#website"},"datePublished":"2025-05-20T10:20:16+00:00","dateModified":"2025-05-30T12:31:15+00:00","description":"Aggiungi un widget di Accessibilit\u00e0 senza codice al tuo sito web Webflow. Prova l'editor rapido di Elfsight per creare facilmente la tua soluzione personalizzata.","breadcrumb":{"@id":"https:\/\/elfsight.com\/it\/accessibility-widget\/webflow\/#breadcrumb"},"inLanguage":"it-IT","potentialAction":[{"@type":"ReadAction","target":["https:\/\/elfsight.com\/it\/accessibility-widget\/webflow\/"]}]},{"@type":"BreadcrumbList","@id":"https:\/\/elfsight.com\/it\/accessibility-widget\/webflow\/#breadcrumb","itemListElement":[{"@type":"ListItem","position":1,"name":"Home","item":"https:\/\/elfsight.com\/it\/"},{"@type":"ListItem","position":2,"name":"Accessibility","item":"https:\/\/elfsight.com\/it\/accessibility-widget\/"},{"@type":"ListItem","position":3,"name":"Accessibility &#8211; Webflow"}]},{"@type":"WebSite","@id":"https:\/\/elfsight.com\/it\/#website","url":"https:\/\/elfsight.com\/it\/","name":"Elfsight IT","description":"Just another Elfsight Sites site","potentialAction":[{"@type":"SearchAction","target":{"@type":"EntryPoint","urlTemplate":"https:\/\/elfsight.com\/it\/?s={search_term_string}"},"query-input":{"@type":"PropertyValueSpecification","valueRequired":true,"valueName":"search_term_string"}}],"inLanguage":"it-IT"}]}},"meta_box":{"industry":"","seo_heading":"","heading":"","description":"","cta_heading":"","cta_description":"","application":"10024","h1":"Widget di accessibilit\u00e0 per il sito web Webflow","h1_caption":"Accogli ogni visitatore del tuo sito web Webflow con il widget di conformit\u00e0 che adatta i tuoi contenuti a tutte le abilit\u00e0. Aumenta l'inclusivit\u00e0, l'usabilit\u00e0 e la disponibilit\u00e0 in un unico sistema intelligente.","application_category":[],"applications_title":"","applications_request_title":"","applications_request_button_text":"","hero_text":"","hero_video":"","hero_video_schema_markup":"","selling_points_title":"","selling_points_caption":"","selling_points":[],"selling_points_cta_text":"","features_title":"","features":"","ed_cta_examples_text":"","ed_cta_examples_hidden":"","ed_cta_demo_text":"","ed_cta_demo_hidden":"","why_caption":"","why_editor_title":"","why_editor_text":"","why_team_title":"","why_team_text":"","why_service_title":"","why_service_text":"","template_catalog_visible":"","template_catalog_title":"","template_catalog_text":"","template_catalog_categories_visible":"","demo_title":"Crea il tuo widget di accessibilit\u00e0","demo_caption":"Configura la tua Accessibilit\u00e0 e aggiungila gratuitamente al tuo sito web Webflow!","default_faq_hidden":"","app_template_category":[],"platform":"44","template_public_id":"","codecanyon_url":"","codecanyon_item_id":"","codecanyon_price":"","pricing_caption":"","pricing_elfsight_apps_hide_column":"","pricing_elfsight_apps_url":"","pricing_codecanyon_price_caption":"","integration_category":[],"integration_request_title":"","integration_request_cta":"","integration_platform":"","integrations":[],"platform_category":[],"video_schema_markup":"","price":"da $0 \/ mese","trial":"","benefits":[],"button_url":"#demo","button_target_blank":"0","button_nofollow":"","attributes":[{"name":"Installazioni","content":"50,000 - 100,000","_state":"expanded"},{"name":"Reattivo","content":"S\u00cc","_state":"expanded"},{"name":"Browser compatibili","content":"Firefox, Safari, Opera, Chrome, Edge","_state":"expanded"}],"tags":[],"tags_disable_links":"","hide_more_platforms":"","video_object":"","demo_hide_cta":"","demo_hide_cloud_options":"","pricing_title":"","pricing":[{"pricing_icon":"platform","pricing_title":"Elfsight Apps","pricing_title_caption":"Soluzione digitale multipiattaforma","pricing_price":"da $0 \/ mese","pricing_price_caption":"inizia con un piano gratuito","pricing_button_text":"Aggiungi al sito web","pricing_button_url":"#demo"}],"related_apps_title":"","related_apps_hidden":"","author":"","image":[],"title":"","job":"","social_networks":[]},"_links":{"self":[{"href":"https:\/\/elfsight.com\/it\/wp-json\/wp\/v2\/pages\/10130","targetHints":{"allow":["GET"]}}],"collection":[{"href":"https:\/\/elfsight.com\/it\/wp-json\/wp\/v2\/pages"}],"about":[{"href":"https:\/\/elfsight.com\/it\/wp-json\/wp\/v2\/types\/page"}],"author":[{"embeddable":true,"href":"https:\/\/elfsight.com\/it\/wp-json\/wp\/v2\/users\/9"}],"replies":[{"embeddable":true,"href":"https:\/\/elfsight.com\/it\/wp-json\/wp\/v2\/comments?post=10130"}],"version-history":[{"count":1,"href":"https:\/\/elfsight.com\/it\/wp-json\/wp\/v2\/pages\/10130\/revisions"}],"predecessor-version":[{"id":10134,"href":"https:\/\/elfsight.com\/it\/wp-json\/wp\/v2\/pages\/10130\/revisions\/10134"}],"up":[{"embeddable":true,"href":"https:\/\/elfsight.com\/it\/wp-json\/wp\/v2\/pages\/10029"}],"wp:attachment":[{"href":"https:\/\/elfsight.com\/it\/wp-json\/wp\/v2\/media?parent=10130"}],"curies":[{"name":"wp","href":"https:\/\/api.w.org\/{rel}","templated":true}]}}