{"id":10128,"date":"2025-05-20T11:57:27","date_gmt":"2025-05-20T11:57:27","guid":{"rendered":"https:\/\/elfsight.com\/it\/?page_id=10128"},"modified":"2025-05-30T12:31:15","modified_gmt":"2025-05-30T12:31:15","slug":"shopify","status":"publish","type":"page","link":"https:\/\/elfsight.com\/it\/accessibility-widget\/shopify\/","title":{"rendered":"Accessibility &#8211; Shopify"},"content":{"rendered":"<div class=\"application-platform-content-item-description application-platform-content-item\" id=\"description\" data-nav-section=\"description\"> <h2>Integra l&#8217;accessibilit\u00e0 in Shopify con un&#8217;app Elfsight<\/h2> <p>L&#8217;app Accessibilit\u00e0 migliora l&#8217;inclusivit\u00e0 del tuo sito web migliorando la leggibilit\u00e0 e la navigazione per utenti di tutte le abilit\u00e0. Dotata di profili di accessibilit\u00e0 predefiniti, adatta automaticamente il tuo sito web ai visitatori con difficolt\u00e0 visive, di attenzione o motorie. Ogni modalit\u00e0 include miglioramenti intelligenti visivi e di usabilit\u00e0 per garantire usabilit\u00e0 e praticit\u00e0. <\/p><p>Offre anche un analizzatore di accessibilit\u00e0 nativo per garantire che il tuo sito web soddisfi gli standard e visualizza i risultati direttamente all&#8217;interno dell&#8217;app. Questo ti consente di risolvere i problemi di accessibilit\u00e0, dimostrando al contempo il tuo impegno per un design inclusivo. Completamente localizzata, l&#8217;app offre supporto multilingue per offrire un&#8217;esperienza fluida agli utenti di tutto il mondo. <\/p><p><strong>Migliora il tuo sito web Shopify con la nostra app Accessibilit\u00e0 e dimostra che \u00e8 progettato per tutti gli utenti! <\/strong><\/p><\/div> <div class=\"application-platform-content-item-features application-platform-content-item\" id=\"features\" data-nav-section=\"features\"> <h2>Le funzionalit\u00e0 di base dell&#8217;app includono<\/h2><ul><li><b>Modalit\u00e0 pronte all&#8217;uso per 8 scenari utente. <\/b> Le persone con diverse disabilit\u00e0 possono selezionare una modalit\u00e0 di accessibilit\u00e0 ideale per navigare sul tuo sito web con facilit\u00e0 e sicurezza. <\/li><li><b>Modifica le impostazioni del sito web per visualizzare i contenuti. <\/b> L&#8217;app include impostazioni progettate per ottimizzare la leggibilit\u00e0, il flusso utente e l&#8217;accessibilit\u00e0 visiva. <\/li><li><b>Controllo dell&#8217;accessibilit\u00e0 integrato. <\/b> Esegui rapidamente la scansione del tuo sito per individuare problemi di conformit\u00e0 e miglioralo per una migliore accessibilit\u00e0. <\/li><li><b>Badge di fiducia con punteggio di accessibilit\u00e0. <\/b> Mostra i risultati del tuo audit per dimostrare il tuo impegno per la conformit\u00e0 all&#8217;accessibilit\u00e0. <\/li><li><b>Localizzazione accurata. <\/b> L&#8217;app \u00e8 tradotta e localizzata per 76 paesi per garantire sia la conformit\u00e0 che la disponibilit\u00e0 internazionale. <\/li><\/ul><p><a href=\"#demo\">L&#8217;editor intuitivo ti mostrer\u00e0 come funzionano le funzionalit\u00e0 e le opzioni direttamente in questa pagina<\/a><\/p><\/div> <div class=\"application-platform-content-item-installation application-platform-content-item\" id=\"installation\" data-nav-section=\"installation\"> <h2>Come posso integrare Accessibility nel mio sito web Shopify? <\/h2><p>Scopri questo semplice modo per avere l&#8217;app sul tuo sito web Shopify. Ci vorranno solo pochi minuti e non richiede alcuna programmazione. <\/p> <ol><li><strong>Crea la tua app Accessibility personalizzata<\/strong><br> Inizia con un modello qualsiasi nell&#8217;editor, lavora con gli elementi utili al suo interno e personalizza l&#8217;app con il design e le impostazioni che preferisci. <\/li><li><strong>Ricevi il codice personale per integrare l&#8217;app<\/strong><br> Una volta creata l&#8217;app, riceverai un codice HTML personalizzato nella tua dashboard. Copia il codice che contiene tutti i dettagli relativi alle tue impostazioni. <\/li> <li><strong>Mostra l&#8217;app sul tuo sito web Shopify<\/strong><br> Scegli le aree del tuo sito web in cui desideri presentare l&#8217;accessibilit\u00e0 e incolla il codice l\u00ec. Salva le modifiche. <\/li> <\/ol><p>Ecco fatto! Ora controlla il funzionamento dell&#8217;app sul tuo sito web. <\/p><p>In caso di problemi durante l&#8217;integrazione dell&#8217;app nel tuo sito web, contatta il nostro supporto clienti. Saremo lieti di aiutarti ad aggiungere e gestire la tua soluzione di conformit\u00e0. <\/p><\/div>","protected":false},"excerpt":{"rendered":"","protected":false},"author":9,"featured_media":0,"parent":10029,"menu_order":0,"comment_status":"closed","ping_status":"closed","template":"templates\/template-application-platform.php","meta":{"publish_to_discourse":"","publish_post_category":"","wpdc_auto_publish_overridden":"","wpdc_topic_tags":"","wpdc_pin_topic":"","wpdc_pin_until":"","discourse_post_id":"","discourse_permalink":"","wpdc_publishing_response":"","wpdc_publishing_error":"","footnotes":""},"class_list":["post-10128","page","type-page","status-publish","hentry"],"yoast_head":"<!-- This site is optimized with the Yoast SEO plugin v25.3.1 - https:\/\/yoast.com\/wordpress\/plugins\/seo\/ -->\n<title>App Shopify Accessibility: aggiungi la conformit\u00e0 al tuo sito web [GRATUITA]<\/title>\n<meta name=\"description\" content=\"Aggiungi un&#039;app di accessibilit\u00e0 intuitiva al tuo sito web Shopify. Utilizza il semplice editor di Elfsight per generare facilmente la tua soluzione personalizzata.\" \/>\n<meta name=\"robots\" content=\"index, follow, max-snippet:-1, max-image-preview:large, max-video-preview:-1\" \/>\n<link rel=\"canonical\" href=\"https:\/\/elfsight.com\/it\/accessibility-widget\/shopify\/\" \/>\n<meta property=\"og:locale\" content=\"it_IT\" \/>\n<meta property=\"og:type\" content=\"article\" \/>\n<meta property=\"og:title\" content=\"App Shopify Accessibility: aggiungi la conformit\u00e0 al tuo sito web [GRATUITA]\" \/>\n<meta property=\"og:description\" content=\"Aggiungi un&#039;app di accessibilit\u00e0 intuitiva al tuo sito web Shopify. Utilizza il semplice editor di Elfsight per generare facilmente la tua soluzione personalizzata.\" \/>\n<meta property=\"og:url\" content=\"https:\/\/elfsight.com\/it\/accessibility-widget\/shopify\/\" \/>\n<meta property=\"og:site_name\" content=\"Elfsight IT\" \/>\n<meta property=\"article:modified_time\" content=\"2025-05-30T12:31:15+00:00\" \/>\n<meta name=\"twitter:card\" content=\"summary_large_image\" \/>\n<meta name=\"twitter:label1\" content=\"Tempo di lettura stimato\" \/>\n\t<meta name=\"twitter:data1\" content=\"2 minuti\" \/>\n<!-- \/ Yoast SEO plugin. -->","yoast_head_json":{"title":"App Shopify Accessibility: aggiungi la conformit\u00e0 al tuo sito web [GRATUITA]","description":"Aggiungi un'app di accessibilit\u00e0 intuitiva al tuo sito web Shopify. Utilizza il semplice editor di Elfsight per generare facilmente la tua soluzione personalizzata.","robots":{"index":"index","follow":"follow","max-snippet":"max-snippet:-1","max-image-preview":"max-image-preview:large","max-video-preview":"max-video-preview:-1"},"canonical":"https:\/\/elfsight.com\/it\/accessibility-widget\/shopify\/","og_locale":"it_IT","og_type":"article","og_title":"App Shopify Accessibility: aggiungi la conformit\u00e0 al tuo sito web [GRATUITA]","og_description":"Aggiungi un'app di accessibilit\u00e0 intuitiva al tuo sito web Shopify. Utilizza il semplice editor di Elfsight per generare facilmente la tua soluzione personalizzata.","og_url":"https:\/\/elfsight.com\/it\/accessibility-widget\/shopify\/","og_site_name":"Elfsight IT","article_modified_time":"2025-05-30T12:31:15+00:00","twitter_card":"summary_large_image","twitter_misc":{"Tempo di lettura stimato":"2 minuti"},"schema":{"@context":"https:\/\/schema.org","@graph":[{"@type":"WebPage","@id":"https:\/\/elfsight.com\/it\/accessibility-widget\/shopify\/","url":"https:\/\/elfsight.com\/it\/accessibility-widget\/shopify\/","name":"App Shopify Accessibility: aggiungi la conformit\u00e0 al tuo sito web [GRATUITA]","isPartOf":{"@id":"https:\/\/elfsight.com\/it\/#website"},"datePublished":"2025-05-20T11:57:27+00:00","dateModified":"2025-05-30T12:31:15+00:00","description":"Aggiungi un'app di accessibilit\u00e0 intuitiva al tuo sito web Shopify. Utilizza il semplice editor di Elfsight per generare facilmente la tua soluzione personalizzata.","breadcrumb":{"@id":"https:\/\/elfsight.com\/it\/accessibility-widget\/shopify\/#breadcrumb"},"inLanguage":"it-IT","potentialAction":[{"@type":"ReadAction","target":["https:\/\/elfsight.com\/it\/accessibility-widget\/shopify\/"]}]},{"@type":"BreadcrumbList","@id":"https:\/\/elfsight.com\/it\/accessibility-widget\/shopify\/#breadcrumb","itemListElement":[{"@type":"ListItem","position":1,"name":"Home","item":"https:\/\/elfsight.com\/it\/"},{"@type":"ListItem","position":2,"name":"Accessibility","item":"https:\/\/elfsight.com\/it\/accessibility-widget\/"},{"@type":"ListItem","position":3,"name":"Accessibility &#8211; Shopify"}]},{"@type":"WebSite","@id":"https:\/\/elfsight.com\/it\/#website","url":"https:\/\/elfsight.com\/it\/","name":"Elfsight IT","description":"Just another Elfsight Sites site","potentialAction":[{"@type":"SearchAction","target":{"@type":"EntryPoint","urlTemplate":"https:\/\/elfsight.com\/it\/?s={search_term_string}"},"query-input":{"@type":"PropertyValueSpecification","valueRequired":true,"valueName":"search_term_string"}}],"inLanguage":"it-IT"}]}},"meta_box":{"industry":"","seo_heading":"","heading":"","description":"","cta_heading":"","cta_description":"","application":"10024","h1":"App di accessibilit\u00e0 per il sito web Shopify","h1_caption":"Offri a ogni visitatore del tuo sito web Shopify l'app per la conformit\u00e0 che adatta i tuoi contenuti a ogni esigenza. Aumenta l'inclusivit\u00e0, la funzionalit\u00e0 e la disponibilit\u00e0 in un'unica soluzione intelligente.","application_category":[],"applications_title":"","applications_request_title":"","applications_request_button_text":"","hero_text":"","hero_video":"","hero_video_schema_markup":"","selling_points_title":"","selling_points_caption":"","selling_points":[],"selling_points_cta_text":"","features_title":"","features":"","ed_cta_examples_text":"","ed_cta_examples_hidden":"","ed_cta_demo_text":"","ed_cta_demo_hidden":"","why_caption":"","why_editor_title":"","why_editor_text":"","why_team_title":"","why_team_text":"","why_service_title":"","why_service_text":"","template_catalog_visible":"","template_catalog_title":"","template_catalog_text":"","template_catalog_categories_visible":"","demo_title":"Crea la tua app di accessibilit\u00e0","demo_caption":"Configura la tua Accessibilit\u00e0 e aggiungila gratuitamente al tuo sito web Shopify!","default_faq_hidden":"","app_template_category":[],"platform":"42","template_public_id":"","codecanyon_url":"","codecanyon_item_id":"","codecanyon_price":"","pricing_caption":"","pricing_elfsight_apps_hide_column":"","pricing_elfsight_apps_url":"","pricing_codecanyon_price_caption":"","integration_category":[],"integration_request_title":"","integration_request_cta":"","integration_platform":"","integrations":[],"platform_category":[],"video_schema_markup":"","price":"da $0 \/ mese","trial":"","benefits":[],"button_url":"#demo","button_target_blank":"0","button_nofollow":"","attributes":[{"name":"Installazioni","content":"50,000 - 100,000","_state":"expanded"},{"name":"Reattivo","content":"S\u00cc","_state":"expanded"},{"name":"Browser compatibili","content":"Firefox, Safari, Opera, Chrome, Edge","_state":"expanded"}],"tags":[],"tags_disable_links":"","hide_more_platforms":"","video_object":"","demo_hide_cta":"","demo_hide_cloud_options":"","pricing_title":"","pricing":[{"pricing_icon":"platform","pricing_title":"Elfsight Apps","pricing_title_caption":"Versione multipiattaforma adatta a qualsiasi sito","pricing_price":"da $0 \/ mese","pricing_price_caption":"inizia con un piano gratuito","pricing_button_text":"Aggiungi al sito web","pricing_button_url":"#demo"}],"related_apps_title":"","related_apps_hidden":"","author":"","image":[],"title":"","job":"","social_networks":[]},"_links":{"self":[{"href":"https:\/\/elfsight.com\/it\/wp-json\/wp\/v2\/pages\/10128","targetHints":{"allow":["GET"]}}],"collection":[{"href":"https:\/\/elfsight.com\/it\/wp-json\/wp\/v2\/pages"}],"about":[{"href":"https:\/\/elfsight.com\/it\/wp-json\/wp\/v2\/types\/page"}],"author":[{"embeddable":true,"href":"https:\/\/elfsight.com\/it\/wp-json\/wp\/v2\/users\/9"}],"replies":[{"embeddable":true,"href":"https:\/\/elfsight.com\/it\/wp-json\/wp\/v2\/comments?post=10128"}],"version-history":[{"count":1,"href":"https:\/\/elfsight.com\/it\/wp-json\/wp\/v2\/pages\/10128\/revisions"}],"predecessor-version":[{"id":10132,"href":"https:\/\/elfsight.com\/it\/wp-json\/wp\/v2\/pages\/10128\/revisions\/10132"}],"up":[{"embeddable":true,"href":"https:\/\/elfsight.com\/it\/wp-json\/wp\/v2\/pages\/10029"}],"wp:attachment":[{"href":"https:\/\/elfsight.com\/it\/wp-json\/wp\/v2\/media?parent=10128"}],"curies":[{"name":"wp","href":"https:\/\/api.w.org\/{rel}","templated":true}]}}