{"id":10106,"date":"2025-05-20T13:19:27","date_gmt":"2025-05-20T13:19:27","guid":{"rendered":"https:\/\/elfsight.com\/it\/?page_id=10106"},"modified":"2025-05-30T12:30:49","modified_gmt":"2025-05-30T12:30:49","slug":"magento","status":"publish","type":"page","link":"https:\/\/elfsight.com\/it\/accessibility-widget\/magento\/","title":{"rendered":"Accessibility &#8211; Magento"},"content":{"rendered":"<div class=\"application-platform-content-item-description application-platform-content-item\" id=\"description\" data-nav-section=\"description\"> <h2>Integra l&#8217;accessibilit\u00e0 in Magento con un&#8217;estensione Elfsight<\/h2> <p>L&#8217;estensione Accessibility migliora l&#8217;inclusivit\u00e0 del tuo sito web, migliorando la leggibilit\u00e0 e la navigazione per utenti di tutte le abilit\u00e0. Dotata di profili di accessibilit\u00e0 predefiniti, adatta automaticamente il tuo sito web ai visitatori con difficolt\u00e0 visive, di attenzione o motorie. Ogni modalit\u00e0 include miglioramenti intelligenti a livello visivo e di usabilit\u00e0 per garantire usabilit\u00e0 e comfort. <\/p><p>Include anche uno scanner di accessibilit\u00e0 integrato per valutare la conformit\u00e0 del tuo sito web e visualizzare i risultati di accessibilit\u00e0 nel pannello dell&#8217;estensione. Questo ti consente di risolvere i problemi di accessibilit\u00e0, dimostrando al contempo il tuo impegno per un design inclusivo. Completamente localizzata, l&#8217;estensione supporta gli utenti globali nelle loro lingue native per un&#8217;esperienza fluida. <\/p><p><strong>Rendi il tuo sito web Magento accessibile a tutti, semplicemente aggiungendo la nostra potente estensione Accessibility! <\/strong><\/p><\/div> <div class=\"application-platform-content-item-features application-platform-content-item\" id=\"features\" data-nav-section=\"features\"> <h2>Le funzionalit\u00e0 essenziali dell&#8217;estensione offrono<\/h2><ul><li><b>Modalit\u00e0 pronte all&#8217;uso per 8 scenari utente. <\/b> Gli utenti con diverse disabilit\u00e0 possono trovare un preset perfetto per esplorare il tuo sito web in tutta comodit\u00e0. <\/li><li><b>Modifica le impostazioni del sito web per visualizzare i contenuti. <\/b> L&#8217;estensione dispone di impostazioni per migliorare la leggibilit\u00e0 del testo, la navigazione e i colori. <\/li><li><b>Controllo dell&#8217;accessibilit\u00e0 integrato. <\/b> Analizza facilmente il tuo sito web per individuare i punti deboli e miglioralo per una migliore accessibilit\u00e0. <\/li><li><b>Badge di affidabilit\u00e0 con punteggio di accessibilit\u00e0. <\/b> Visualizza i risultati del controllo integrato per dimostrare il tuo impegno a rimanere conforme. <\/li><li><b>Localizzazione accurata. <\/b> L&#8217;estensione supporta la localizzazione e la traduzione per 76 paesi, soddisfacendo gli standard di conformit\u00e0 globali e le esigenze di accessibilit\u00e0. <\/li><\/ul><p><a href=\"#demo\">Usa l&#8217;editor intuitivo per scoprire cosa pu\u00f2 fare la nostra estensione<\/a><\/p><\/div> <div class=\"application-platform-content-item-installation application-platform-content-item\" id=\"installation\" data-nav-section=\"installation\"> <h2>Come integrare l&#8217;accessibilit\u00e0 nel mio sito web Magento? <\/h2><p>Ecco un modo semplice per avere l&#8217;estensione sul tuo sito web Magento. Ci vorranno solo un paio di minuti e non richiede alcuna programmazione. <\/p> <ol><li><strong>Crea la tua estensione di accessibilit\u00e0 personalizzata<\/strong><br> Inizia con un template qualsiasi nell&#8217;editor, lavora con gli elementi intuitivi presenti e personalizza l&#8217;estensione con lo stile e le opzioni che preferisci. <\/li><li><strong>Ottieni il codice personale per integrare l&#8217;estensione<\/strong><br> Non appena avrai completato la creazione dell&#8217;estensione, riceverai un codice HTML personalizzato nella tua dashboard. Copia il codice che contiene tutte le informazioni relative alle tue modifiche. <\/li> <li><strong>Visualizza l&#8217;estensione sul tuo sito web Magento<\/strong><br>Definisci le aree del tuo sito web in cui desideri visualizzare l&#8217;accessibilit\u00e0 e incolla il codice l\u00ec. Salva le modifiche. <\/li> <\/ol><p>Fatto! Ora controlla come funziona l&#8217;estensione sul tuo sito web. <\/p><p>In caso di problemi durante l&#8217;integrazione dell&#8217;estensione nel tuo sito web, contatta il nostro centro assistenza. Saremo lieti di spiegarti come aggiungere e gestire la tua soluzione di conformit\u00e0. <\/p><\/div>","protected":false},"excerpt":{"rendered":"","protected":false},"author":9,"featured_media":0,"parent":10029,"menu_order":0,"comment_status":"closed","ping_status":"closed","template":"templates\/template-application-platform.php","meta":{"publish_to_discourse":"","publish_post_category":"","wpdc_auto_publish_overridden":"","wpdc_topic_tags":"","wpdc_pin_topic":"","wpdc_pin_until":"","discourse_post_id":"","discourse_permalink":"","wpdc_publishing_response":"","wpdc_publishing_error":"","footnotes":""},"class_list":["post-10106","page","type-page","status-publish","hentry"],"yoast_head":"<!-- This site is optimized with the Yoast SEO plugin v25.3.1 - https:\/\/yoast.com\/wordpress\/plugins\/seo\/ -->\n<title>Estensione Magento Accessibility: aggiungi conformit\u00e0 al tuo sito web [GRATIS]<\/title>\n<meta name=\"description\" content=\"Aggiungi un&#039;estensione di accessibilit\u00e0 senza soluzione di continuit\u00e0 al tuo sito web Magento. Scopri l&#039;editor online di Elfsight per creare facilmente la tua soluzione personalizzata.\" \/>\n<meta name=\"robots\" content=\"index, follow, max-snippet:-1, max-image-preview:large, max-video-preview:-1\" \/>\n<link rel=\"canonical\" href=\"https:\/\/elfsight.com\/it\/accessibility-widget\/magento\/\" \/>\n<meta property=\"og:locale\" content=\"it_IT\" \/>\n<meta property=\"og:type\" content=\"article\" \/>\n<meta property=\"og:title\" content=\"Estensione Magento Accessibility: aggiungi conformit\u00e0 al tuo sito web [GRATIS]\" \/>\n<meta property=\"og:description\" content=\"Aggiungi un&#039;estensione di accessibilit\u00e0 senza soluzione di continuit\u00e0 al tuo sito web Magento. Scopri l&#039;editor online di Elfsight per creare facilmente la tua soluzione personalizzata.\" \/>\n<meta property=\"og:url\" content=\"https:\/\/elfsight.com\/it\/accessibility-widget\/magento\/\" \/>\n<meta property=\"og:site_name\" content=\"Elfsight IT\" \/>\n<meta property=\"article:modified_time\" content=\"2025-05-30T12:30:49+00:00\" \/>\n<meta name=\"twitter:card\" content=\"summary_large_image\" \/>\n<meta name=\"twitter:label1\" content=\"Tempo di lettura stimato\" \/>\n\t<meta name=\"twitter:data1\" content=\"2 minuti\" \/>\n<!-- \/ Yoast SEO plugin. -->","yoast_head_json":{"title":"Estensione Magento Accessibility: aggiungi conformit\u00e0 al tuo sito web [GRATIS]","description":"Aggiungi un'estensione di accessibilit\u00e0 senza soluzione di continuit\u00e0 al tuo sito web Magento. Scopri l'editor online di Elfsight per creare facilmente la tua soluzione personalizzata.","robots":{"index":"index","follow":"follow","max-snippet":"max-snippet:-1","max-image-preview":"max-image-preview:large","max-video-preview":"max-video-preview:-1"},"canonical":"https:\/\/elfsight.com\/it\/accessibility-widget\/magento\/","og_locale":"it_IT","og_type":"article","og_title":"Estensione Magento Accessibility: aggiungi conformit\u00e0 al tuo sito web [GRATIS]","og_description":"Aggiungi un'estensione di accessibilit\u00e0 senza soluzione di continuit\u00e0 al tuo sito web Magento. Scopri l'editor online di Elfsight per creare facilmente la tua soluzione personalizzata.","og_url":"https:\/\/elfsight.com\/it\/accessibility-widget\/magento\/","og_site_name":"Elfsight IT","article_modified_time":"2025-05-30T12:30:49+00:00","twitter_card":"summary_large_image","twitter_misc":{"Tempo di lettura stimato":"2 minuti"},"schema":{"@context":"https:\/\/schema.org","@graph":[{"@type":"WebPage","@id":"https:\/\/elfsight.com\/it\/accessibility-widget\/magento\/","url":"https:\/\/elfsight.com\/it\/accessibility-widget\/magento\/","name":"Estensione Magento Accessibility: aggiungi conformit\u00e0 al tuo sito web [GRATIS]","isPartOf":{"@id":"https:\/\/elfsight.com\/it\/#website"},"datePublished":"2025-05-20T13:19:27+00:00","dateModified":"2025-05-30T12:30:49+00:00","description":"Aggiungi un'estensione di accessibilit\u00e0 senza soluzione di continuit\u00e0 al tuo sito web Magento. Scopri l'editor online di Elfsight per creare facilmente la tua soluzione personalizzata.","breadcrumb":{"@id":"https:\/\/elfsight.com\/it\/accessibility-widget\/magento\/#breadcrumb"},"inLanguage":"it-IT","potentialAction":[{"@type":"ReadAction","target":["https:\/\/elfsight.com\/it\/accessibility-widget\/magento\/"]}]},{"@type":"BreadcrumbList","@id":"https:\/\/elfsight.com\/it\/accessibility-widget\/magento\/#breadcrumb","itemListElement":[{"@type":"ListItem","position":1,"name":"Home","item":"https:\/\/elfsight.com\/it\/"},{"@type":"ListItem","position":2,"name":"Accessibility","item":"https:\/\/elfsight.com\/it\/accessibility-widget\/"},{"@type":"ListItem","position":3,"name":"Accessibility &#8211; Magento"}]},{"@type":"WebSite","@id":"https:\/\/elfsight.com\/it\/#website","url":"https:\/\/elfsight.com\/it\/","name":"Elfsight IT","description":"Just another Elfsight Sites site","potentialAction":[{"@type":"SearchAction","target":{"@type":"EntryPoint","urlTemplate":"https:\/\/elfsight.com\/it\/?s={search_term_string}"},"query-input":{"@type":"PropertyValueSpecification","valueRequired":true,"valueName":"search_term_string"}}],"inLanguage":"it-IT"}]}},"meta_box":{"industry":"","seo_heading":"","heading":"","description":"","cta_heading":"","cta_description":"","application":"10024","h1":"Estensione di accessibilit\u00e0 per il sito web Magento","h1_caption":"Offri a ogni visitatore del tuo sito web Magento l'estensione di conformit\u00e0 che adatta i tuoi contenuti a tutte le abilit\u00e0. Migliora l'inclusivit\u00e0, la funzionalit\u00e0 e la disponibilit\u00e0 in un'unica piattaforma.","application_category":[],"applications_title":"","applications_request_title":"","applications_request_button_text":"","hero_text":"","hero_video":"","hero_video_schema_markup":"","selling_points_title":"","selling_points_caption":"","selling_points":[],"selling_points_cta_text":"","features_title":"","features":"","ed_cta_examples_text":"","ed_cta_examples_hidden":"","ed_cta_demo_text":"","ed_cta_demo_hidden":"","why_caption":"","why_editor_title":"","why_editor_text":"","why_team_title":"","why_team_text":"","why_service_title":"","why_service_text":"","template_catalog_visible":"","template_catalog_title":"","template_catalog_text":"","template_catalog_categories_visible":"","demo_title":"Crea la tua estensione di accessibilit\u00e0","demo_caption":"Configura la tua Accessibilit\u00e0 e aggiungila gratuitamente al tuo sito web Magento!","default_faq_hidden":"","app_template_category":[],"platform":"39","template_public_id":"","codecanyon_url":"","codecanyon_item_id":"","codecanyon_price":"","pricing_caption":"","pricing_elfsight_apps_hide_column":"","pricing_elfsight_apps_url":"","pricing_codecanyon_price_caption":"","integration_category":[],"integration_request_title":"","integration_request_cta":"","integration_platform":"","integrations":[],"platform_category":[],"video_schema_markup":"","price":"da $0 \/ mese","trial":"","benefits":[],"button_url":"#demo","button_target_blank":"0","button_nofollow":"","attributes":[{"name":"Installazioni","content":"50,000 - 100,000","_state":"expanded"},{"name":"Reattivo","content":"S\u00cc","_state":"expanded"},{"name":"Browser compatibili","content":"Firefox, Safari, Opera, Chrome, Edge","_state":"expanded"}],"tags":[],"tags_disable_links":"","hide_more_platforms":"","video_object":"","demo_hide_cta":"","demo_hide_cloud_options":"","pricing_title":"","pricing":[{"pricing_icon":"platform","pricing_title":"Elfsight Apps","pricing_title_caption":"Versione multipiattaforma adatta a qualsiasi sito web","pricing_price":"da $0 \/ mese","pricing_price_caption":"inizia con un piano gratuito","pricing_button_text":"Aggiungi al sito web","pricing_button_url":"#demo"}],"related_apps_title":"","related_apps_hidden":"","author":"","image":[],"title":"","job":"","social_networks":[]},"_links":{"self":[{"href":"https:\/\/elfsight.com\/it\/wp-json\/wp\/v2\/pages\/10106","targetHints":{"allow":["GET"]}}],"collection":[{"href":"https:\/\/elfsight.com\/it\/wp-json\/wp\/v2\/pages"}],"about":[{"href":"https:\/\/elfsight.com\/it\/wp-json\/wp\/v2\/types\/page"}],"author":[{"embeddable":true,"href":"https:\/\/elfsight.com\/it\/wp-json\/wp\/v2\/users\/9"}],"replies":[{"embeddable":true,"href":"https:\/\/elfsight.com\/it\/wp-json\/wp\/v2\/comments?post=10106"}],"version-history":[{"count":1,"href":"https:\/\/elfsight.com\/it\/wp-json\/wp\/v2\/pages\/10106\/revisions"}],"predecessor-version":[{"id":10110,"href":"https:\/\/elfsight.com\/it\/wp-json\/wp\/v2\/pages\/10106\/revisions\/10110"}],"up":[{"embeddable":true,"href":"https:\/\/elfsight.com\/it\/wp-json\/wp\/v2\/pages\/10029"}],"wp:attachment":[{"href":"https:\/\/elfsight.com\/it\/wp-json\/wp\/v2\/media?parent=10106"}],"curies":[{"name":"wp","href":"https:\/\/api.w.org\/{rel}","templated":true}]}}