{"id":10089,"date":"2025-05-20T14:18:14","date_gmt":"2025-05-20T14:18:14","guid":{"rendered":"https:\/\/elfsight.com\/it\/?page_id=10089"},"modified":"2025-05-30T12:30:32","modified_gmt":"2025-05-30T12:30:32","slug":"prestashop","status":"publish","type":"page","link":"https:\/\/elfsight.com\/it\/accessibility-widget\/prestashop\/","title":{"rendered":"Accessibility &#8211; PrestaShop"},"content":{"rendered":"<div class=\"application-platform-content-item-description application-platform-content-item\" id=\"description\" data-nav-section=\"description\"> <h2>Integra l&#8217;accessibilit\u00e0 in PrestaShop con un componente aggiuntivo Elfsight<\/h2> <p>Il componente aggiuntivo Accessibilit\u00e0 migliora l&#8217;inclusivit\u00e0 del tuo sito web, migliorando la leggibilit\u00e0 e la navigazione per utenti di tutte le abilit\u00e0. Dotato di profili di accessibilit\u00e0 predefiniti, adatta automaticamente il tuo sito web alle esigenze di persone con difficolt\u00e0 visive, di concentrazione o di movimento. Ogni modalit\u00e0 include miglioramenti intelligenti a livello visivo e di usabilit\u00e0 per garantire usabilit\u00e0 e praticit\u00e0. <\/p><p>Offre inoltre un analizzatore di accessibilit\u00e0 nativo per garantire che il tuo sito web soddisfi gli standard e visualizza i risultati direttamente all&#8217;interno del componente aggiuntivo. Questo ti aiuta non solo a risolvere i problemi, ma anche a dimostrare con orgoglio il tuo impegno per l&#8217;accessibilit\u00e0. Completamente localizzato, il componente aggiuntivo supporta gli utenti globali nella loro lingua madre per un&#8217;esperienza fluida. <\/p><p><strong>Integra il nostro componente aggiuntivo Accessibilit\u00e0 nel tuo sito web PrestaShop per evidenziare il tuo impegno per l&#8217;inclusivit\u00e0! <\/strong><\/p><\/div> <div class=\"application-platform-content-item-features application-platform-content-item\" id=\"features\" data-nav-section=\"features\"> <h2>Il componente aggiuntivo include funzionalit\u00e0 pratiche e semplici, eccone alcune: <\/h2><ul><li><b>Modalit\u00e0 pronte all&#8217;uso per 8 scenari utente. <\/b> Gli utenti con diverse disabilit\u00e0 possono trovare un preset perfetto per navigare sul tuo sito web con facilit\u00e0 e sicurezza. <\/li><li><b>Modifica le impostazioni del sito web per visualizzare i contenuti. <\/b> Il componente aggiuntivo include opzioni di personalizzazione per migliorare la chiarezza del testo, la navigazione del sito e il contrasto dei colori. <\/li><li><b>Controllo dell&#8217;accessibilit\u00e0 integrato. <\/b> Analizza facilmente il tuo sito web per individuare i punti deboli e miglioralo per una migliore accessibilit\u00e0. <\/li><li><b>Badge di fiducia con punteggio di accessibilit\u00e0. <\/b> Mostra i risultati del tuo audit per dimostrare il tuo impegno per la conformit\u00e0 all&#8217;accessibilit\u00e0. <\/li><li><b>Localizzazione accurata. <\/b> Il componente aggiuntivo supporta la localizzazione e la traduzione per 76 paesi, soddisfacendo gli standard di conformit\u00e0 globali e le esigenze di accessibilit\u00e0. <\/li><\/ul><p><a href=\"#demo\">L&#8217;editor intuitivo ti mostra come funzionano le funzionalit\u00e0 e le opzioni direttamente in questa pagina<\/a><\/p><\/div> <div class=\"application-platform-content-item-installation application-platform-content-item\" id=\"installation\" data-nav-section=\"installation\"> <h2>Come integrare l&#8217;accessibilit\u00e0 nel mio sito web PrestaShop? <\/h2><p>Offriamo una guida semplice per integrare il componente aggiuntivo nel tuo sito web PrestaShop. Ci vorranno solo un paio di minuti e non richiede alcuna programmazione. <\/p> <ol><li><strong>Crea il tuo componente aggiuntivo di accessibilit\u00e0 personalizzato<\/strong><br> Inizia con un modello qualsiasi nell&#8217;editor, lavora con gli elementi utili al suo interno e adatta il componente aggiuntivo al design e alle opzioni che desideri. <\/li><li><strong>Ricevi il codice personale per integrare l&#8217;addon<\/strong><br> Non appena avrai completato la creazione dell&#8217;addon, riceverai un codice HTML personalizzato nella tua dashboard. Copia questo codice, che contiene tutti i dettagli relativi alle tue impostazioni. <\/li> <li><strong>Mostra l&#8217;addon sul tuo sito web PrestaShop<\/strong><br> Seleziona le sezioni del tuo sito web in cui desideri presentare l&#8217;accessibilit\u00e0 e incolla il codice l\u00ec. Salva le modifiche. <\/li> <\/ol><p>\u00c8 tutto! Ora controlla il funzionamento dell&#8217;addon sul tuo sito web. <\/p><p>Se riscontri difficolt\u00e0 durante l&#8217;integrazione dell&#8217;addon in un sito web, non esitare a contattare il nostro centro assistenza. Saremo lieti di assisterti nell&#8217;aggiunta e nella gestione della tua soluzione di conformit\u00e0. <\/p><\/div>","protected":false},"excerpt":{"rendered":"","protected":false},"author":9,"featured_media":0,"parent":10029,"menu_order":0,"comment_status":"closed","ping_status":"closed","template":"templates\/template-application-platform.php","meta":{"publish_to_discourse":"","publish_post_category":"","wpdc_auto_publish_overridden":"","wpdc_topic_tags":"","wpdc_pin_topic":"","wpdc_pin_until":"","discourse_post_id":"","discourse_permalink":"","wpdc_publishing_response":"","wpdc_publishing_error":"","footnotes":""},"class_list":["post-10089","page","type-page","status-publish","hentry"],"yoast_head":"<!-- This site is optimized with the Yoast SEO plugin v25.3.1 - https:\/\/yoast.com\/wordpress\/plugins\/seo\/ -->\n<title>Componente aggiuntivo PrestaShop Accessibility: aggiungi conformit\u00e0 al tuo sito web [GRATIS]<\/title>\n<meta name=\"description\" content=\"Aggiungi un componente aggiuntivo di Accessibilit\u00e0 senza soluzione di continuit\u00e0 al tuo sito web PrestaShop. Utilizza il semplice editor di Elfsight per creare senza sforzo la tua soluzione unica.\" \/>\n<meta name=\"robots\" content=\"index, follow, max-snippet:-1, max-image-preview:large, max-video-preview:-1\" \/>\n<link rel=\"canonical\" href=\"https:\/\/elfsight.com\/it\/accessibility-widget\/prestashop\/\" \/>\n<meta property=\"og:locale\" content=\"it_IT\" \/>\n<meta property=\"og:type\" content=\"article\" \/>\n<meta property=\"og:title\" content=\"Componente aggiuntivo PrestaShop Accessibility: aggiungi conformit\u00e0 al tuo sito web [GRATIS]\" \/>\n<meta property=\"og:description\" content=\"Aggiungi un componente aggiuntivo di Accessibilit\u00e0 senza soluzione di continuit\u00e0 al tuo sito web PrestaShop. Utilizza il semplice editor di Elfsight per creare senza sforzo la tua soluzione unica.\" \/>\n<meta property=\"og:url\" content=\"https:\/\/elfsight.com\/it\/accessibility-widget\/prestashop\/\" \/>\n<meta property=\"og:site_name\" content=\"Elfsight IT\" \/>\n<meta property=\"article:modified_time\" content=\"2025-05-30T12:30:32+00:00\" \/>\n<meta name=\"twitter:card\" content=\"summary_large_image\" \/>\n<meta name=\"twitter:label1\" content=\"Tempo di lettura stimato\" \/>\n\t<meta name=\"twitter:data1\" content=\"2 minuti\" \/>\n<!-- \/ Yoast SEO plugin. -->","yoast_head_json":{"title":"Componente aggiuntivo PrestaShop Accessibility: aggiungi conformit\u00e0 al tuo sito web [GRATIS]","description":"Aggiungi un componente aggiuntivo di Accessibilit\u00e0 senza soluzione di continuit\u00e0 al tuo sito web PrestaShop. Utilizza il semplice editor di Elfsight per creare senza sforzo la tua soluzione unica.","robots":{"index":"index","follow":"follow","max-snippet":"max-snippet:-1","max-image-preview":"max-image-preview:large","max-video-preview":"max-video-preview:-1"},"canonical":"https:\/\/elfsight.com\/it\/accessibility-widget\/prestashop\/","og_locale":"it_IT","og_type":"article","og_title":"Componente aggiuntivo PrestaShop Accessibility: aggiungi conformit\u00e0 al tuo sito web [GRATIS]","og_description":"Aggiungi un componente aggiuntivo di Accessibilit\u00e0 senza soluzione di continuit\u00e0 al tuo sito web PrestaShop. Utilizza il semplice editor di Elfsight per creare senza sforzo la tua soluzione unica.","og_url":"https:\/\/elfsight.com\/it\/accessibility-widget\/prestashop\/","og_site_name":"Elfsight IT","article_modified_time":"2025-05-30T12:30:32+00:00","twitter_card":"summary_large_image","twitter_misc":{"Tempo di lettura stimato":"2 minuti"},"schema":{"@context":"https:\/\/schema.org","@graph":[{"@type":"WebPage","@id":"https:\/\/elfsight.com\/it\/accessibility-widget\/prestashop\/","url":"https:\/\/elfsight.com\/it\/accessibility-widget\/prestashop\/","name":"Componente aggiuntivo PrestaShop Accessibility: aggiungi conformit\u00e0 al tuo sito web [GRATIS]","isPartOf":{"@id":"https:\/\/elfsight.com\/it\/#website"},"datePublished":"2025-05-20T14:18:14+00:00","dateModified":"2025-05-30T12:30:32+00:00","description":"Aggiungi un componente aggiuntivo di Accessibilit\u00e0 senza soluzione di continuit\u00e0 al tuo sito web PrestaShop. Utilizza il semplice editor di Elfsight per creare senza sforzo la tua soluzione unica.","breadcrumb":{"@id":"https:\/\/elfsight.com\/it\/accessibility-widget\/prestashop\/#breadcrumb"},"inLanguage":"it-IT","potentialAction":[{"@type":"ReadAction","target":["https:\/\/elfsight.com\/it\/accessibility-widget\/prestashop\/"]}]},{"@type":"BreadcrumbList","@id":"https:\/\/elfsight.com\/it\/accessibility-widget\/prestashop\/#breadcrumb","itemListElement":[{"@type":"ListItem","position":1,"name":"Home","item":"https:\/\/elfsight.com\/it\/"},{"@type":"ListItem","position":2,"name":"Accessibility","item":"https:\/\/elfsight.com\/it\/accessibility-widget\/"},{"@type":"ListItem","position":3,"name":"Accessibility &#8211; PrestaShop"}]},{"@type":"WebSite","@id":"https:\/\/elfsight.com\/it\/#website","url":"https:\/\/elfsight.com\/it\/","name":"Elfsight IT","description":"Just another Elfsight Sites site","potentialAction":[{"@type":"SearchAction","target":{"@type":"EntryPoint","urlTemplate":"https:\/\/elfsight.com\/it\/?s={search_term_string}"},"query-input":{"@type":"PropertyValueSpecification","valueRequired":true,"valueName":"search_term_string"}}],"inLanguage":"it-IT"}]}},"meta_box":{"industry":"","seo_heading":"","heading":"","description":"","cta_heading":"","cta_description":"","application":"10024","h1":"Componente aggiuntivo di accessibilit\u00e0 per il sito web PrestaShop","h1_caption":"Accogli ogni visitatore del tuo sito web PrestaShop con il componente aggiuntivo di conformit\u00e0 che adatta i tuoi contenuti per un accesso universale. Aumenta inclusivit\u00e0, funzionalit\u00e0 e disponibilit\u00e0 in un'unica soluzione intelligente.","application_category":[],"applications_title":"","applications_request_title":"","applications_request_button_text":"","hero_text":"","hero_video":"","hero_video_schema_markup":"","selling_points_title":"","selling_points_caption":"","selling_points":[],"selling_points_cta_text":"","features_title":"","features":"","ed_cta_examples_text":"","ed_cta_examples_hidden":"","ed_cta_demo_text":"","ed_cta_demo_hidden":"","why_caption":"","why_editor_title":"","why_editor_text":"","why_team_title":"","why_team_text":"","why_service_title":"","why_service_text":"","template_catalog_visible":"","template_catalog_title":"","template_catalog_text":"","template_catalog_categories_visible":"","demo_title":"Crea il tuo componente aggiuntivo di accessibilit\u00e0","demo_caption":"Configura la tua Accessibilit\u00e0 e aggiungila gratuitamente al tuo sito web PrestaShop!","default_faq_hidden":"","app_template_category":[],"platform":"1023","template_public_id":"","codecanyon_url":"","codecanyon_item_id":"","codecanyon_price":"","pricing_caption":"","pricing_elfsight_apps_hide_column":"","pricing_elfsight_apps_url":"","pricing_codecanyon_price_caption":"","integration_category":[],"integration_request_title":"","integration_request_cta":"","integration_platform":"","integrations":[],"platform_category":[],"video_schema_markup":"","price":"da $0 \/ mese","trial":"","benefits":[],"button_url":"#demo","button_target_blank":"0","button_nofollow":"","attributes":[{"name":"Installazioni","content":"50,000 - 100,000","_state":"expanded"},{"name":"Reattivo","content":"S\u00cc","_state":"expanded"},{"name":"Browser compatibili","content":"Firefox, Safari, Opera, Chrome, Edge","_state":"expanded"}],"tags":[],"tags_disable_links":"","hide_more_platforms":"","video_object":"","demo_hide_cta":"","demo_hide_cloud_options":"","pricing_title":"","pricing":[{"pricing_icon":"platform","pricing_title":"Elfsight Apps","pricing_title_caption":"Soluzione digitale multipiattaforma","pricing_price":"da $0 \/ mese","pricing_price_caption":"inizia con un piano gratuito","pricing_button_text":"Aggiungi al sito web","pricing_button_url":"#demo"}],"related_apps_title":"","related_apps_hidden":"","author":"","image":[],"title":"","job":"","social_networks":[]},"_links":{"self":[{"href":"https:\/\/elfsight.com\/it\/wp-json\/wp\/v2\/pages\/10089","targetHints":{"allow":["GET"]}}],"collection":[{"href":"https:\/\/elfsight.com\/it\/wp-json\/wp\/v2\/pages"}],"about":[{"href":"https:\/\/elfsight.com\/it\/wp-json\/wp\/v2\/types\/page"}],"author":[{"embeddable":true,"href":"https:\/\/elfsight.com\/it\/wp-json\/wp\/v2\/users\/9"}],"replies":[{"embeddable":true,"href":"https:\/\/elfsight.com\/it\/wp-json\/wp\/v2\/comments?post=10089"}],"version-history":[{"count":1,"href":"https:\/\/elfsight.com\/it\/wp-json\/wp\/v2\/pages\/10089\/revisions"}],"predecessor-version":[{"id":10093,"href":"https:\/\/elfsight.com\/it\/wp-json\/wp\/v2\/pages\/10089\/revisions\/10093"}],"up":[{"embeddable":true,"href":"https:\/\/elfsight.com\/it\/wp-json\/wp\/v2\/pages\/10029"}],"wp:attachment":[{"href":"https:\/\/elfsight.com\/it\/wp-json\/wp\/v2\/media?parent=10089"}],"curies":[{"name":"wp","href":"https:\/\/api.w.org\/{rel}","templated":true}]}}