{"id":10088,"date":"2025-05-21T07:59:31","date_gmt":"2025-05-21T07:59:31","guid":{"rendered":"https:\/\/elfsight.com\/it\/?page_id=10088"},"modified":"2025-06-11T09:44:19","modified_gmt":"2025-06-11T09:44:19","slug":"squarespace","status":"publish","type":"page","link":"https:\/\/elfsight.com\/it\/ada-compliance-widget\/squarespace\/","title":{"rendered":"ADA Compliance &#8211; Squarespace"},"content":{"rendered":"<div class=\"application-platform-content-item-description application-platform-content-item\" id=\"description\" data-nav-section=\"description\"> <h2>Integra la conformit\u00e0 ADA in Squarespace con un plugin Elfsight<\/h2> <p>Il plugin ADA Compliance contribuisce a garantire una navigazione e un&#8217;usabilit\u00e0 fluide per un pubblico eterogeneo, aderendo alle linee guida sull&#8217;accessibilit\u00e0 riconosciute. Dotato di una gamma di modalit\u00e0 di accessibilit\u00e0 assistiva integrate, personalizza automaticamente l&#8217;interfaccia per aiutare gli utenti con disabilit\u00e0 visive, motorie o di concentrazione. Funziona perfettamente senza bisogno di codice personalizzato o modifiche al design. Ogni modalit\u00e0 attiva un gruppo di miglioramenti dell&#8217;accessibilit\u00e0 accuratamente selezionati per ottimizzare l&#8217;usabilit\u00e0 dei contenuti e offrire un&#8217;esperienza di interazione pi\u00f9 fluida. <\/p><p>Il plugin include anche un controllo di conformit\u00e0 intelligente che analizza il tuo sito web alla ricerca di problemi di accessibilit\u00e0 e mostra i risultati direttamente all&#8217;interno dell&#8217;interfaccia del plugin. Puoi scaricare un report completo e persino mostrare il tuo punteggio per aumentare la credibilit\u00e0 e la fiducia. Grazie alla localizzazione completa, offre un&#8217;esperienza inclusiva agli utenti di diverse lingue e regioni. <\/p><p><strong>Migliora il tuo sito web Squarespace con la nostra soluzione ADA e dimostra che l&#8217;accessibilit\u00e0 \u00e8 parte integrante del tuo brand! <\/strong><\/p><\/div> <div class=\"application-platform-content-item-features application-platform-content-item\" id=\"features\" data-nav-section=\"features\"> <h2>Di seguito sono riportate le funzionalit\u00e0 essenziali del plugin: <\/h2><ul><li><b>Modalit\u00e0 pronte all&#8217;uso per 8 scenari utente. <\/b> Le persone con diverse disabilit\u00e0 possono selezionare una modalit\u00e0 di accessibilit\u00e0 ideale per un&#8217;esperienza di navigazione fluida e intuitiva. <\/li><li><b>Modifica le impostazioni del sito web per visualizzare i contenuti. <\/b> Il plugin include opzioni di personalizzazione per migliorare la chiarezza del testo, la navigazione del sito e il contrasto dei colori. <\/li><li><b>Controllo dell&#8217;accessibilit\u00e0 integrato. <\/b> Analizza facilmente il tuo sito web per individuare i punti deboli e miglioralo per una migliore accessibilit\u00e0. <\/li><li><b>Badge di fiducia con punteggio di accessibilit\u00e0. <\/b> Visualizza i risultati del controllo integrato per dimostrare il tuo impegno a rimanere conforme. <\/li><li><b>Localizzazione accurata. <\/b> Il plugin \u00e8 tradotto e localizzato per 76 paesi per garantire conformit\u00e0 e disponibilit\u00e0 internazionale. <\/li><\/ul><p><a href=\"#demo\">Scopri l&#8217;editor online per scoprire cosa pu\u00f2 fare il nostro plugin<\/a><\/p><\/div> <div class=\"application-platform-content-item-installation application-platform-content-item\" id=\"installation\" data-nav-section=\"installation\"> <h2>Come posso integrare la conformit\u00e0 ADA nel mio sito web Squarespace? <\/h2><p>Scopri questo modo semplice per configurare il plugin sul tuo sito web Squarespace. Ci vorranno solo pochi minuti e non richiede alcuna codifica. <\/p> <ol><li><strong>Crea il tuo plugin ADA Compliance personalizzato<\/strong><br> Inizia con un modello qualsiasi nell&#8217;editor, lavora con gli elementi intuitivi presenti e adatta il plugin allo stile e alle impostazioni che desideri. <\/li><li><strong>Ottieni il codice personale per integrare il plugin<\/strong><br> Non appena avrai completato la creazione del tuo plugin, riceverai un codice HTML personalizzato nella tua dashboard. Copia questo codice che contiene tutte le informazioni sulle tue impostazioni. <\/li> <li><strong>Visualizza il plugin sul tuo sito web Squarespace<\/strong><br>Definisci le aree del tuo sito web in cui prevedi di presentare la conformit\u00e0 ADA e incolla il codice l\u00ec. Salva le modifiche. <\/li> <\/ol><p>Fatto! Ora controlla le prestazioni del plugin sul tuo sito web. <\/p><p>Se riscontri difficolt\u00e0 durante l&#8217;integrazione del plugin nel tuo sito web, contatta il nostro centro assistenza. Saremo lieti di aiutarti ad aggiungere e gestire la tua soluzione di accessibilit\u00e0. <\/p><\/div>","protected":false},"excerpt":{"rendered":"","protected":false},"author":9,"featured_media":0,"parent":10217,"menu_order":0,"comment_status":"closed","ping_status":"closed","template":"templates\/template-application-platform.php","meta":{"publish_to_discourse":"","publish_post_category":"","wpdc_auto_publish_overridden":"","wpdc_topic_tags":"","wpdc_pin_topic":"","wpdc_pin_until":"","discourse_post_id":"","discourse_permalink":"","wpdc_publishing_response":"","wpdc_publishing_error":"","footnotes":""},"class_list":["post-10088","page","type-page","status-publish","hentry"],"yoast_head":"<!-- This site is optimized with the Yoast SEO plugin v25.3.1 - https:\/\/yoast.com\/wordpress\/plugins\/seo\/ -->\n<title>Plugin Squarespace ADA Compliance: aggiungi accessibilit\u00e0 al tuo sito web [GRATUITO]<\/title>\n<meta name=\"description\" content=\"Aggiungi un plugin ADA Compliance senza codice al tuo sito web Squarespace. Utilizza l&#039;editor intuitivo di Elfsight per creare facilmente la tua soluzione personalizzata.\" \/>\n<meta name=\"robots\" content=\"index, follow, max-snippet:-1, max-image-preview:large, max-video-preview:-1\" \/>\n<link rel=\"canonical\" href=\"https:\/\/elfsight.com\/it\/ada-compliance-widget\/squarespace\/\" \/>\n<meta property=\"og:locale\" content=\"it_IT\" \/>\n<meta property=\"og:type\" content=\"article\" \/>\n<meta property=\"og:title\" content=\"Plugin Squarespace ADA Compliance: aggiungi accessibilit\u00e0 al tuo sito web [GRATUITO]\" \/>\n<meta property=\"og:description\" content=\"Aggiungi un plugin ADA Compliance senza codice al tuo sito web Squarespace. Utilizza l&#039;editor intuitivo di Elfsight per creare facilmente la tua soluzione personalizzata.\" \/>\n<meta property=\"og:url\" content=\"https:\/\/elfsight.com\/it\/ada-compliance-widget\/squarespace\/\" \/>\n<meta property=\"og:site_name\" content=\"Elfsight IT\" \/>\n<meta property=\"article:modified_time\" content=\"2025-06-11T09:44:19+00:00\" \/>\n<meta name=\"twitter:card\" content=\"summary_large_image\" \/>\n<meta name=\"twitter:label1\" content=\"Tempo di lettura stimato\" \/>\n\t<meta name=\"twitter:data1\" content=\"3 minuti\" \/>\n<!-- \/ Yoast SEO plugin. -->","yoast_head_json":{"title":"Plugin Squarespace ADA Compliance: aggiungi accessibilit\u00e0 al tuo sito web [GRATUITO]","description":"Aggiungi un plugin ADA Compliance senza codice al tuo sito web Squarespace. Utilizza l'editor intuitivo di Elfsight per creare facilmente la tua soluzione personalizzata.","robots":{"index":"index","follow":"follow","max-snippet":"max-snippet:-1","max-image-preview":"max-image-preview:large","max-video-preview":"max-video-preview:-1"},"canonical":"https:\/\/elfsight.com\/it\/ada-compliance-widget\/squarespace\/","og_locale":"it_IT","og_type":"article","og_title":"Plugin Squarespace ADA Compliance: aggiungi accessibilit\u00e0 al tuo sito web [GRATUITO]","og_description":"Aggiungi un plugin ADA Compliance senza codice al tuo sito web Squarespace. Utilizza l'editor intuitivo di Elfsight per creare facilmente la tua soluzione personalizzata.","og_url":"https:\/\/elfsight.com\/it\/ada-compliance-widget\/squarespace\/","og_site_name":"Elfsight IT","article_modified_time":"2025-06-11T09:44:19+00:00","twitter_card":"summary_large_image","twitter_misc":{"Tempo di lettura stimato":"3 minuti"},"schema":{"@context":"https:\/\/schema.org","@graph":[{"@type":"WebPage","@id":"https:\/\/elfsight.com\/it\/ada-compliance-widget\/squarespace\/","url":"https:\/\/elfsight.com\/it\/ada-compliance-widget\/squarespace\/","name":"Plugin Squarespace ADA Compliance: aggiungi accessibilit\u00e0 al tuo sito web [GRATUITO]","isPartOf":{"@id":"https:\/\/elfsight.com\/it\/#website"},"datePublished":"2025-05-21T07:59:31+00:00","dateModified":"2025-06-11T09:44:19+00:00","description":"Aggiungi un plugin ADA Compliance senza codice al tuo sito web Squarespace. Utilizza l'editor intuitivo di Elfsight per creare facilmente la tua soluzione personalizzata.","breadcrumb":{"@id":"https:\/\/elfsight.com\/it\/ada-compliance-widget\/squarespace\/#breadcrumb"},"inLanguage":"it-IT","potentialAction":[{"@type":"ReadAction","target":["https:\/\/elfsight.com\/it\/ada-compliance-widget\/squarespace\/"]}]},{"@type":"BreadcrumbList","@id":"https:\/\/elfsight.com\/it\/ada-compliance-widget\/squarespace\/#breadcrumb","itemListElement":[{"@type":"ListItem","position":1,"name":"Home","item":"https:\/\/elfsight.com\/it\/"},{"@type":"ListItem","position":2,"name":"Ada Compliance","item":"https:\/\/elfsight.com\/it\/ada-compliance-widget\/"},{"@type":"ListItem","position":3,"name":"ADA Compliance &#8211; Squarespace"}]},{"@type":"WebSite","@id":"https:\/\/elfsight.com\/it\/#website","url":"https:\/\/elfsight.com\/it\/","name":"Elfsight IT","description":"Just another Elfsight Sites site","potentialAction":[{"@type":"SearchAction","target":{"@type":"EntryPoint","urlTemplate":"https:\/\/elfsight.com\/it\/?s={search_term_string}"},"query-input":{"@type":"PropertyValueSpecification","valueRequired":true,"valueName":"search_term_string"}}],"inLanguage":"it-IT"}]}},"meta_box":{"industry":"","seo_heading":"","heading":"","description":"","cta_heading":"","cta_description":"","application":"10024","h1":"Plugin di conformit\u00e0 ADA per il sito web di Squarespace","h1_caption":"Rendi il tuo sito web Squarespace conforme all'ADA con un plugin che personalizza i tuoi contenuti per utenti di tutte le abilit\u00e0: migliora l'inclusivit\u00e0 e mostra il tuo impegno per l'accessibilit\u00e0.","application_category":[],"applications_title":"","applications_request_title":"","applications_request_button_text":"","hero_text":"","hero_video":"","hero_video_schema_markup":"","selling_points_title":"","selling_points_caption":"","selling_points":[],"selling_points_cta_text":"","features_title":"","features":"","ed_cta_examples_text":"","ed_cta_examples_hidden":"","ed_cta_demo_text":"","ed_cta_demo_hidden":"","why_caption":"","why_editor_title":"","why_editor_text":"","why_team_title":"","why_team_text":"","why_service_title":"","why_service_text":"","template_catalog_visible":"","template_catalog_title":"","template_catalog_text":"","template_catalog_categories_visible":"","demo_title":"Crea il tuo plugin di conformit\u00e0 ADA","demo_caption":"Configura la tua conformit\u00e0 ADA e aggiungila gratuitamente al tuo sito web Squarespace!","default_faq_hidden":"","app_template_category":[],"platform":"43","template_public_id":"","codecanyon_url":"","codecanyon_item_id":"","codecanyon_price":"","pricing_caption":"","pricing_elfsight_apps_hide_column":"","pricing_elfsight_apps_url":"","pricing_codecanyon_price_caption":"","integration_category":[],"integration_request_title":"","integration_request_cta":"","integration_platform":"","integrations":[],"platform_category":[],"video_schema_markup":"","price":"da $0 \/ mese","trial":"","benefits":[],"button_url":"#demo","button_target_blank":"0","button_nofollow":"","attributes":[{"name":"Installazioni","content":"50,000 - 100,000","_state":"expanded"},{"name":"Reattivo","content":"S\u00cc","_state":"expanded"},{"name":"Browser compatibili","content":"Firefox, Safari, Opera, Chrome, Edge","_state":"expanded"}],"tags":[],"tags_disable_links":"","hide_more_platforms":"","video_object":"","demo_hide_cta":"","demo_hide_cloud_options":"","pricing_title":"","pricing":[{"pricing_icon":"platform","pricing_title":"Elfsight Apps","pricing_title_caption":"Soluzione digitale multipiattaforma che funziona su qualsiasi sito web","pricing_price":"da $0 \/ mese","pricing_price_caption":"inizia con un piano gratuito","pricing_button_text":"Aggiungi al sito web","pricing_button_url":"#demo"}],"related_apps_title":"","related_apps_hidden":"","author":"","image":[],"title":"","job":"","social_networks":[]},"_links":{"self":[{"href":"https:\/\/elfsight.com\/it\/wp-json\/wp\/v2\/pages\/10088","targetHints":{"allow":["GET"]}}],"collection":[{"href":"https:\/\/elfsight.com\/it\/wp-json\/wp\/v2\/pages"}],"about":[{"href":"https:\/\/elfsight.com\/it\/wp-json\/wp\/v2\/types\/page"}],"author":[{"embeddable":true,"href":"https:\/\/elfsight.com\/it\/wp-json\/wp\/v2\/users\/9"}],"replies":[{"embeddable":true,"href":"https:\/\/elfsight.com\/it\/wp-json\/wp\/v2\/comments?post=10088"}],"version-history":[{"count":1,"href":"https:\/\/elfsight.com\/it\/wp-json\/wp\/v2\/pages\/10088\/revisions"}],"predecessor-version":[{"id":10092,"href":"https:\/\/elfsight.com\/it\/wp-json\/wp\/v2\/pages\/10088\/revisions\/10092"}],"up":[{"embeddable":true,"href":"https:\/\/elfsight.com\/it\/wp-json\/wp\/v2\/pages\/10217"}],"wp:attachment":[{"href":"https:\/\/elfsight.com\/it\/wp-json\/wp\/v2\/media?parent=10088"}],"curies":[{"name":"wp","href":"https:\/\/api.w.org\/{rel}","templated":true}]}}