{"id":10073,"date":"2025-05-21T08:54:03","date_gmt":"2025-05-21T08:54:03","guid":{"rendered":"https:\/\/elfsight.com\/it\/?page_id=10073"},"modified":"2025-06-11T09:43:53","modified_gmt":"2025-06-11T09:43:53","slug":"joomla","status":"publish","type":"page","link":"https:\/\/elfsight.com\/it\/ada-compliance-widget\/joomla\/","title":{"rendered":"ADA Compliance &#8211; Joomla"},"content":{"rendered":"<div class=\"application-platform-content-item-description application-platform-content-item\" id=\"description\" data-nav-section=\"description\"> <h2>Integra la conformit\u00e0 ADA in Joomla con un&#8217;estensione Elfsight<\/h2> <p>L&#8217;estensione ADA Compliance migliora l&#8217;usabilit\u00e0 del sito web per supportare una navigazione inclusiva e accessibile, aderendo alle linee guida sull&#8217;accessibilit\u00e0 riconosciute. Dotata di una gamma di modalit\u00e0 di accessibilit\u00e0 assistita integrate, adatta automaticamente l&#8217;interfaccia per aiutare gli utenti con disabilit\u00e0 visive, motorie o di concentrazione. Non sono necessarie ulteriori modifiche al codice o al design. Ogni preset offre una combinazione ben progettata di aggiornamenti di usabilit\u00e0 per rendere i contenuti esistenti pi\u00f9 accessibili e le interazioni pi\u00f9 confortevoli. <\/p><p>L&#8217;estensione include anche uno strumento di scansione automatica per individuare problemi di accessibilit\u00e0 e visualizza i risultati dei controlli direttamente nel pannello dell&#8217;estensione. \u00c8 possibile esportare un report completo sull&#8217;accessibilit\u00e0 e visualizzare pubblicamente il punteggio di conformit\u00e0 per aumentare la credibilit\u00e0 e la fiducia. Grazie alla localizzazione completa, supporta il coinvolgimento inclusivo degli utenti in diversi contesti linguistici e regionali. <\/p><p><strong>Migliora il tuo sito web Joomla con la nostra soluzione ADA e dimostra che l&#8217;accessibilit\u00e0 \u00e8 parte integrante del tuo brand! <\/strong><\/p><\/div> <div class=\"application-platform-content-item-features application-platform-content-item\" id=\"features\" data-nav-section=\"features\"> <h2>Consulta l&#8217;elenco delle funzionalit\u00e0 pi\u00f9 utili: <\/h2><ul><li><b>Modalit\u00e0 pronte all&#8217;uso per 8 scenari utente. <\/b> Le persone con diverse disabilit\u00e0 possono selezionare una modalit\u00e0 di accessibilit\u00e0 ideale per un&#8217;esperienza di navigazione fluida e intuitiva. <\/li><li><b>Modifica le impostazioni del sito web per visualizzare i contenuti. <\/b> L&#8217;estensione dispone di impostazioni per migliorare la leggibilit\u00e0 del testo, la navigazione e i colori. <\/li><li><b>Controllo dell&#8217;accessibilit\u00e0 integrato. <\/b> Valuta senza sforzo il tuo sito web per identificare le lacune e migliorarlo per una migliore accessibilit\u00e0. <\/li><li><b>Badge di fiducia con punteggio di accessibilit\u00e0. <\/b> Mostra i risultati del tuo audit per dimostrare il tuo impegno per la conformit\u00e0 all&#8217;accessibilit\u00e0. <\/li><li><b>Localizzazione accurata. <\/b> L&#8217;estensione supporta la localizzazione e la traduzione per 76 paesi, soddisfacendo gli standard di conformit\u00e0 globali e le esigenze di accessibilit\u00e0. <\/li><\/ul><p><a href=\"#demo\">Puoi testare tutte le impostazioni della nostra estensione nell&#8217;editor direttamente da questa pagina<\/a><\/p><\/div> <div class=\"application-platform-content-item-installation application-platform-content-item\" id=\"installation\" data-nav-section=\"installation\"> <h2>Come integrare la conformit\u00e0 ADA nel mio sito web Joomla? <\/h2><p>Ecco come configurare l&#8217;estensione sul tuo sito web Joomla in modo semplice. Ci vorranno solo pochi minuti e non richiede alcuna programmazione. <\/p> <ol><li><strong>Crea la tua estensione ADA personalizzata<\/strong><br> Inizia con un modello qualsiasi nell&#8217;editor, lavora con gli elementi utili al suo interno e personalizza l&#8217;estensione con lo stile e le opzioni che preferisci. <\/li><li><strong>Ricevi il codice personale per incorporare l&#8217;estensione<\/strong><br> Una volta creata l&#8217;estensione, riceverai un codice HTML personalizzato nella tua dashboard. Copia questo codice, che contiene tutte le informazioni relative alle tue impostazioni. <\/li> <li><strong>Visualizza l&#8217;estensione sul tuo sito web Joomla<\/strong><br> Seleziona le sezioni del tuo sito web in cui desideri presentare la conformit\u00e0 ADA e incolla il codice l\u00ec. Salva le modifiche. <\/li> <\/ol><p>\u00c8 tutto! Ora controlla le prestazioni dell&#8217;estensione sul tuo sito web. <\/p><p>In caso di inconvenienti durante l&#8217;incorporazione dell&#8217;estensione in un sito web, contatta i nostri responsabili dell&#8217;assistenza. Saremo lieti di spiegarti come aggiungere e modificare la tua soluzione di accessibilit\u00e0. <\/p><\/div>","protected":false},"excerpt":{"rendered":"","protected":false},"author":9,"featured_media":0,"parent":10217,"menu_order":0,"comment_status":"closed","ping_status":"closed","template":"templates\/template-application-platform.php","meta":{"publish_to_discourse":"","publish_post_category":"","wpdc_auto_publish_overridden":"","wpdc_topic_tags":"","wpdc_pin_topic":"","wpdc_pin_until":"","discourse_post_id":"","discourse_permalink":"","wpdc_publishing_response":"","wpdc_publishing_error":"","footnotes":""},"class_list":["post-10073","page","type-page","status-publish","hentry"],"yoast_head":"<!-- This site is optimized with the Yoast SEO plugin v25.3.1 - https:\/\/yoast.com\/wordpress\/plugins\/seo\/ -->\n<title>Estensione Joomla ADA Compliance: aggiungi accessibilit\u00e0 al tuo sito web [GRATIS]<\/title>\n<meta name=\"description\" content=\"Aggiungi un&#039;estensione ADA Compliance senza codice al tuo sito web Joomla. Prova l&#039;editor rapido di Elfsight per creare facilmente la tua soluzione personalizzata.\" \/>\n<meta name=\"robots\" content=\"index, follow, max-snippet:-1, max-image-preview:large, max-video-preview:-1\" \/>\n<link rel=\"canonical\" href=\"https:\/\/elfsight.com\/it\/ada-compliance-widget\/joomla\/\" \/>\n<meta property=\"og:locale\" content=\"it_IT\" \/>\n<meta property=\"og:type\" content=\"article\" \/>\n<meta property=\"og:title\" content=\"Estensione Joomla ADA Compliance: aggiungi accessibilit\u00e0 al tuo sito web [GRATIS]\" \/>\n<meta property=\"og:description\" content=\"Aggiungi un&#039;estensione ADA Compliance senza codice al tuo sito web Joomla. Prova l&#039;editor rapido di Elfsight per creare facilmente la tua soluzione personalizzata.\" \/>\n<meta property=\"og:url\" content=\"https:\/\/elfsight.com\/it\/ada-compliance-widget\/joomla\/\" \/>\n<meta property=\"og:site_name\" content=\"Elfsight IT\" \/>\n<meta property=\"article:modified_time\" content=\"2025-06-11T09:43:53+00:00\" \/>\n<meta name=\"twitter:card\" content=\"summary_large_image\" \/>\n<meta name=\"twitter:label1\" content=\"Tempo di lettura stimato\" \/>\n\t<meta name=\"twitter:data1\" content=\"2 minuti\" \/>\n<!-- \/ Yoast SEO plugin. -->","yoast_head_json":{"title":"Estensione Joomla ADA Compliance: aggiungi accessibilit\u00e0 al tuo sito web [GRATIS]","description":"Aggiungi un'estensione ADA Compliance senza codice al tuo sito web Joomla. Prova l'editor rapido di Elfsight per creare facilmente la tua soluzione personalizzata.","robots":{"index":"index","follow":"follow","max-snippet":"max-snippet:-1","max-image-preview":"max-image-preview:large","max-video-preview":"max-video-preview:-1"},"canonical":"https:\/\/elfsight.com\/it\/ada-compliance-widget\/joomla\/","og_locale":"it_IT","og_type":"article","og_title":"Estensione Joomla ADA Compliance: aggiungi accessibilit\u00e0 al tuo sito web [GRATIS]","og_description":"Aggiungi un'estensione ADA Compliance senza codice al tuo sito web Joomla. Prova l'editor rapido di Elfsight per creare facilmente la tua soluzione personalizzata.","og_url":"https:\/\/elfsight.com\/it\/ada-compliance-widget\/joomla\/","og_site_name":"Elfsight IT","article_modified_time":"2025-06-11T09:43:53+00:00","twitter_card":"summary_large_image","twitter_misc":{"Tempo di lettura stimato":"2 minuti"},"schema":{"@context":"https:\/\/schema.org","@graph":[{"@type":"WebPage","@id":"https:\/\/elfsight.com\/it\/ada-compliance-widget\/joomla\/","url":"https:\/\/elfsight.com\/it\/ada-compliance-widget\/joomla\/","name":"Estensione Joomla ADA Compliance: aggiungi accessibilit\u00e0 al tuo sito web [GRATIS]","isPartOf":{"@id":"https:\/\/elfsight.com\/it\/#website"},"datePublished":"2025-05-21T08:54:03+00:00","dateModified":"2025-06-11T09:43:53+00:00","description":"Aggiungi un'estensione ADA Compliance senza codice al tuo sito web Joomla. Prova l'editor rapido di Elfsight per creare facilmente la tua soluzione personalizzata.","breadcrumb":{"@id":"https:\/\/elfsight.com\/it\/ada-compliance-widget\/joomla\/#breadcrumb"},"inLanguage":"it-IT","potentialAction":[{"@type":"ReadAction","target":["https:\/\/elfsight.com\/it\/ada-compliance-widget\/joomla\/"]}]},{"@type":"BreadcrumbList","@id":"https:\/\/elfsight.com\/it\/ada-compliance-widget\/joomla\/#breadcrumb","itemListElement":[{"@type":"ListItem","position":1,"name":"Home","item":"https:\/\/elfsight.com\/it\/"},{"@type":"ListItem","position":2,"name":"Ada Compliance","item":"https:\/\/elfsight.com\/it\/ada-compliance-widget\/"},{"@type":"ListItem","position":3,"name":"ADA Compliance &#8211; Joomla"}]},{"@type":"WebSite","@id":"https:\/\/elfsight.com\/it\/#website","url":"https:\/\/elfsight.com\/it\/","name":"Elfsight IT","description":"Just another Elfsight Sites site","potentialAction":[{"@type":"SearchAction","target":{"@type":"EntryPoint","urlTemplate":"https:\/\/elfsight.com\/it\/?s={search_term_string}"},"query-input":{"@type":"PropertyValueSpecification","valueRequired":true,"valueName":"search_term_string"}}],"inLanguage":"it-IT"}]}},"meta_box":{"industry":"","seo_heading":"","heading":"","description":"","cta_heading":"","cta_description":"","application":"10024","h1":"Estensione di conformit\u00e0 ADA per il sito web Joomla","h1_caption":"Rendi il tuo sito web Joomla conforme all'ADA con un'estensione che personalizza i tuoi contenuti per utenti di tutte le abilit\u00e0: rafforza l'inclusivit\u00e0 evidenziando al contempo i tuoi sforzi per l'accessibilit\u00e0.","application_category":[],"applications_title":"","applications_request_title":"","applications_request_button_text":"","hero_text":"","hero_video":"","hero_video_schema_markup":"","selling_points_title":"","selling_points_caption":"","selling_points":[],"selling_points_cta_text":"","features_title":"","features":"","ed_cta_examples_text":"","ed_cta_examples_hidden":"","ed_cta_demo_text":"","ed_cta_demo_hidden":"","why_caption":"","why_editor_title":"","why_editor_text":"","why_team_title":"","why_team_text":"","why_service_title":"","why_service_text":"","template_catalog_visible":"","template_catalog_title":"","template_catalog_text":"","template_catalog_categories_visible":"","demo_title":"Crea la tua estensione di conformit\u00e0 ADA","demo_caption":"Configura la tua conformit\u00e0 ADA e aggiungila gratuitamente al tuo sito web Joomla!","default_faq_hidden":"","app_template_category":[],"platform":"36","template_public_id":"","codecanyon_url":"","codecanyon_item_id":"","codecanyon_price":"","pricing_caption":"","pricing_elfsight_apps_hide_column":"","pricing_elfsight_apps_url":"","pricing_codecanyon_price_caption":"","integration_category":[],"integration_request_title":"","integration_request_cta":"","integration_platform":"","integrations":[],"platform_category":[],"video_schema_markup":"","price":"da $0 \/ mese","trial":"","benefits":[],"button_url":"#demo","button_target_blank":"0","button_nofollow":"","attributes":[{"name":"Installazioni","content":"50,000 - 100,000","_state":"expanded"},{"name":"Reattivo","content":"S\u00cc","_state":"expanded"},{"name":"Browser compatibili","content":"Firefox, Safari, Opera, Chrome, Edge","_state":"expanded"}],"tags":[],"tags_disable_links":"","hide_more_platforms":"","video_object":"","demo_hide_cta":"","demo_hide_cloud_options":"","pricing_title":"","pricing":[{"pricing_icon":"platform","pricing_title":"Elfsight Apps","pricing_title_caption":"Soluzione digitale multipiattaforma che funziona su qualsiasi sito","pricing_price":"da $0 \/ mese","pricing_price_caption":"inizia con un piano gratuito","pricing_button_text":"Aggiungi al sito web","pricing_button_url":"#demo"}],"related_apps_title":"","related_apps_hidden":"","author":"","image":[],"title":"","job":"","social_networks":[]},"_links":{"self":[{"href":"https:\/\/elfsight.com\/it\/wp-json\/wp\/v2\/pages\/10073","targetHints":{"allow":["GET"]}}],"collection":[{"href":"https:\/\/elfsight.com\/it\/wp-json\/wp\/v2\/pages"}],"about":[{"href":"https:\/\/elfsight.com\/it\/wp-json\/wp\/v2\/types\/page"}],"author":[{"embeddable":true,"href":"https:\/\/elfsight.com\/it\/wp-json\/wp\/v2\/users\/9"}],"replies":[{"embeddable":true,"href":"https:\/\/elfsight.com\/it\/wp-json\/wp\/v2\/comments?post=10073"}],"version-history":[{"count":1,"href":"https:\/\/elfsight.com\/it\/wp-json\/wp\/v2\/pages\/10073\/revisions"}],"predecessor-version":[{"id":10077,"href":"https:\/\/elfsight.com\/it\/wp-json\/wp\/v2\/pages\/10073\/revisions\/10077"}],"up":[{"embeddable":true,"href":"https:\/\/elfsight.com\/it\/wp-json\/wp\/v2\/pages\/10217"}],"wp:attachment":[{"href":"https:\/\/elfsight.com\/it\/wp-json\/wp\/v2\/media?parent=10073"}],"curies":[{"name":"wp","href":"https:\/\/api.w.org\/{rel}","templated":true}]}}