{"id":10065,"date":"2025-05-21T09:16:48","date_gmt":"2025-05-21T09:16:48","guid":{"rendered":"https:\/\/elfsight.com\/it\/?page_id=10065"},"modified":"2025-06-11T09:43:30","modified_gmt":"2025-06-11T09:43:30","slug":"weebly","status":"publish","type":"page","link":"https:\/\/elfsight.com\/it\/ada-compliance-widget\/weebly\/","title":{"rendered":"ADA Compliance &#8211; Weebly"},"content":{"rendered":"<div class=\"application-platform-content-item-description application-platform-content-item\" id=\"description\" data-nav-section=\"description\"> <h2>Integra la conformit\u00e0 ADA in Weebly con un&#8217;app Elfsight<\/h2> <p>L&#8217;app ADA Compliance migliora l&#8217;usabilit\u00e0 del sito web per supportare una navigazione inclusiva e accessibile, conformandosi ai principali standard e alle migliori pratiche di accessibilit\u00e0 web. Grazie al supporto integrato per diverse modalit\u00e0 assistive, adatta dinamicamente l&#8217;interfaccia per adattarsi agli utenti con disabilit\u00e0 visive, motorie o di concentrazione. Funziona perfettamente senza bisogno di codice personalizzato o modifiche al design. Ogni preset offre una combinazione ben progettata di aggiornamenti di usabilit\u00e0 per migliorare l&#8217;accessibilit\u00e0 dei contenuti attuali e migliorare il comfort di interazione dell&#8217;utente. <\/p><p>L&#8217;app include anche uno strumento di scansione automatica per individuare problemi di accessibilit\u00e0 e presenta i risultati di accessibilit\u00e0 nell&#8217;interfaccia dell&#8217;app in tempo reale. Puoi scaricare i risultati dettagliati dell&#8217;audit ed evidenziare il tuo punteggio di accessibilit\u00e0 per creare credibilit\u00e0 e fiducia. Grazie alla localizzazione completa, offre un&#8217;esperienza inclusiva agli utenti di diverse lingue e regioni. <\/p><p><strong>Migliora il tuo sito web Weebly con la nostra soluzione ADA e dimostra che l&#8217;accessibilit\u00e0 \u00e8 parte integrante del tuo brand! <\/strong><\/p><\/div> <div class=\"application-platform-content-item-features application-platform-content-item\" id=\"features\" data-nav-section=\"features\"> <h2>Le funzionalit\u00e0 essenziali dell&#8217;app offrono<\/h2><ul><li><b>Modalit\u00e0 pronte all&#8217;uso per 8 scenari utente. <\/b> Le persone con diverse disabilit\u00e0 possono selezionare una modalit\u00e0 di accessibilit\u00e0 ideale per esplorare il tuo sito web in tutta comodit\u00e0. <\/li><li><b>Modifica le impostazioni del sito web per visualizzare i contenuti. <\/b> L&#8217;app include impostazioni progettate per ottimizzare la leggibilit\u00e0, il flusso utente e l&#8217;accessibilit\u00e0 visiva. <\/li><li><b>Controllo dell&#8217;accessibilit\u00e0 integrato. <\/b> Analizza facilmente il tuo sito web per individuare i punti deboli e miglioralo per una migliore accessibilit\u00e0. <\/li><li><b>Badge di fiducia con punteggio di accessibilit\u00e0. <\/b> Visualizza i risultati del controllo integrato per dimostrare il tuo impegno a rimanere conforme. <\/li><li><b>Localizzazione accurata. <\/b> L&#8217;app offre la localizzazione linguistica e culturale in 76 regioni per supportare le leggi sull&#8217;accessibilit\u00e0 e la distribuzione internazionale. <\/li><\/ul><p><a href=\"#demo\">L&#8217;editor intuitivo pu\u00f2 mostrarti come funzionano le funzionalit\u00e0 e le opzioni direttamente in questa pagina<\/a><\/p><\/div> <div class=\"application-platform-content-item-installation application-platform-content-item\" id=\"installation\" data-nav-section=\"installation\"> <h2>Come posso integrare la conformit\u00e0 ADA nel mio sito web Weebly? <\/h2><p>Trova questa semplice guida per configurare l&#8217;app sul tuo sito web Weebly. Ci vorranno solo un paio di minuti e non richiede alcuna programmazione. <\/p> <ol><li><strong>Crea la tua app personalizzata per la conformit\u00e0 ADA<\/strong><br> Inizia con un modello qualsiasi nell&#8217;editor, lavora con gli elementi intuitivi presenti e personalizza l&#8217;app con il design e le opzioni che preferisci. <\/li><li><strong>Ottieni il codice personale per incorporare l&#8217;app<\/strong><br> Una volta creata la tua app, riceverai un codice HTML personalizzato nella tua dashboard. Copia il codice che contiene tutti i dettagli sulle tue impostazioni. <\/li> <li><strong>Mostra l&#8217;app sul tuo sito web Weebly<\/strong><br>Definisci le sezioni del tuo sito web in cui desideri presentare la conformit\u00e0 ADA e incolla il codice l\u00ec. Salva le modifiche. <\/li> <\/ol><p>\u00c8 tutto! Ora controlla le prestazioni dell&#8217;app sul tuo sito web. <\/p><p>In caso di difficolt\u00e0 durante l&#8217;incorporazione dell&#8217;app nel tuo sito web, contatta i nostri responsabili dell&#8217;assistenza. Saremo lieti di mostrarti come aggiungere e gestire la tua soluzione di accessibilit\u00e0. <\/p><\/div>","protected":false},"excerpt":{"rendered":"","protected":false},"author":9,"featured_media":0,"parent":10217,"menu_order":0,"comment_status":"closed","ping_status":"closed","template":"templates\/template-application-platform.php","meta":{"publish_to_discourse":"","publish_post_category":"","wpdc_auto_publish_overridden":"","wpdc_topic_tags":"","wpdc_pin_topic":"","wpdc_pin_until":"","discourse_post_id":"","discourse_permalink":"","wpdc_publishing_response":"","wpdc_publishing_error":"","footnotes":""},"class_list":["post-10065","page","type-page","status-publish","hentry"],"yoast_head":"<!-- This site is optimized with the Yoast SEO plugin v25.3.1 - https:\/\/yoast.com\/wordpress\/plugins\/seo\/ -->\n<title>App Weebly per la conformit\u00e0 ADA: aggiungi accessibilit\u00e0 al tuo sito web [GRATIS]<\/title>\n<meta name=\"description\" content=\"Aggiungi un&#039;app di conformit\u00e0 ADA senza codice al tuo sito web Weebly. Prova l&#039;editor online di Elfsight per creare facilmente la tua soluzione personalizzata.\" \/>\n<meta name=\"robots\" content=\"index, follow, max-snippet:-1, max-image-preview:large, max-video-preview:-1\" \/>\n<link rel=\"canonical\" href=\"https:\/\/elfsight.com\/it\/ada-compliance-widget\/weebly\/\" \/>\n<meta property=\"og:locale\" content=\"it_IT\" \/>\n<meta property=\"og:type\" content=\"article\" \/>\n<meta property=\"og:title\" content=\"App Weebly per la conformit\u00e0 ADA: aggiungi accessibilit\u00e0 al tuo sito web [GRATIS]\" \/>\n<meta property=\"og:description\" content=\"Aggiungi un&#039;app di conformit\u00e0 ADA senza codice al tuo sito web Weebly. Prova l&#039;editor online di Elfsight per creare facilmente la tua soluzione personalizzata.\" \/>\n<meta property=\"og:url\" content=\"https:\/\/elfsight.com\/it\/ada-compliance-widget\/weebly\/\" \/>\n<meta property=\"og:site_name\" content=\"Elfsight IT\" \/>\n<meta property=\"article:modified_time\" content=\"2025-06-11T09:43:30+00:00\" \/>\n<meta name=\"twitter:card\" content=\"summary_large_image\" \/>\n<meta name=\"twitter:label1\" content=\"Tempo di lettura stimato\" \/>\n\t<meta name=\"twitter:data1\" content=\"3 minuti\" \/>\n<!-- \/ Yoast SEO plugin. -->","yoast_head_json":{"title":"App Weebly per la conformit\u00e0 ADA: aggiungi accessibilit\u00e0 al tuo sito web [GRATIS]","description":"Aggiungi un'app di conformit\u00e0 ADA senza codice al tuo sito web Weebly. Prova l'editor online di Elfsight per creare facilmente la tua soluzione personalizzata.","robots":{"index":"index","follow":"follow","max-snippet":"max-snippet:-1","max-image-preview":"max-image-preview:large","max-video-preview":"max-video-preview:-1"},"canonical":"https:\/\/elfsight.com\/it\/ada-compliance-widget\/weebly\/","og_locale":"it_IT","og_type":"article","og_title":"App Weebly per la conformit\u00e0 ADA: aggiungi accessibilit\u00e0 al tuo sito web [GRATIS]","og_description":"Aggiungi un'app di conformit\u00e0 ADA senza codice al tuo sito web Weebly. Prova l'editor online di Elfsight per creare facilmente la tua soluzione personalizzata.","og_url":"https:\/\/elfsight.com\/it\/ada-compliance-widget\/weebly\/","og_site_name":"Elfsight IT","article_modified_time":"2025-06-11T09:43:30+00:00","twitter_card":"summary_large_image","twitter_misc":{"Tempo di lettura stimato":"3 minuti"},"schema":{"@context":"https:\/\/schema.org","@graph":[{"@type":"WebPage","@id":"https:\/\/elfsight.com\/it\/ada-compliance-widget\/weebly\/","url":"https:\/\/elfsight.com\/it\/ada-compliance-widget\/weebly\/","name":"App Weebly per la conformit\u00e0 ADA: aggiungi accessibilit\u00e0 al tuo sito web [GRATIS]","isPartOf":{"@id":"https:\/\/elfsight.com\/it\/#website"},"datePublished":"2025-05-21T09:16:48+00:00","dateModified":"2025-06-11T09:43:30+00:00","description":"Aggiungi un'app di conformit\u00e0 ADA senza codice al tuo sito web Weebly. Prova l'editor online di Elfsight per creare facilmente la tua soluzione personalizzata.","breadcrumb":{"@id":"https:\/\/elfsight.com\/it\/ada-compliance-widget\/weebly\/#breadcrumb"},"inLanguage":"it-IT","potentialAction":[{"@type":"ReadAction","target":["https:\/\/elfsight.com\/it\/ada-compliance-widget\/weebly\/"]}]},{"@type":"BreadcrumbList","@id":"https:\/\/elfsight.com\/it\/ada-compliance-widget\/weebly\/#breadcrumb","itemListElement":[{"@type":"ListItem","position":1,"name":"Home","item":"https:\/\/elfsight.com\/it\/"},{"@type":"ListItem","position":2,"name":"Ada Compliance","item":"https:\/\/elfsight.com\/it\/ada-compliance-widget\/"},{"@type":"ListItem","position":3,"name":"ADA Compliance &#8211; Weebly"}]},{"@type":"WebSite","@id":"https:\/\/elfsight.com\/it\/#website","url":"https:\/\/elfsight.com\/it\/","name":"Elfsight IT","description":"Just another Elfsight Sites site","potentialAction":[{"@type":"SearchAction","target":{"@type":"EntryPoint","urlTemplate":"https:\/\/elfsight.com\/it\/?s={search_term_string}"},"query-input":{"@type":"PropertyValueSpecification","valueRequired":true,"valueName":"search_term_string"}}],"inLanguage":"it-IT"}]}},"meta_box":{"industry":"","seo_heading":"","heading":"","description":"","cta_heading":"","cta_description":"","application":"10024","h1":"Applicazione di conformit\u00e0 ADA per il sito web Weebly","h1_caption":"Rendi il tuo sito web Weebly conforme all'ADA con un'app che adatta i contenuti del sito web a ogni visitatore: promuovi un accesso inclusivo e dimostra il tuo impegno per l'accessibilit\u00e0 web.","application_category":[],"applications_title":"","applications_request_title":"","applications_request_button_text":"","hero_text":"","hero_video":"","hero_video_schema_markup":"","selling_points_title":"","selling_points_caption":"","selling_points":[],"selling_points_cta_text":"","features_title":"","features":"","ed_cta_examples_text":"","ed_cta_examples_hidden":"","ed_cta_demo_text":"","ed_cta_demo_hidden":"","why_caption":"","why_editor_title":"","why_editor_text":"","why_team_title":"","why_team_text":"","why_service_title":"","why_service_text":"","template_catalog_visible":"","template_catalog_title":"","template_catalog_text":"","template_catalog_categories_visible":"","demo_title":"Crea la tua app per la conformit\u00e0 ADA","demo_caption":"Configura la tua conformit\u00e0 ADA e aggiungila gratuitamente al tuo sito web Weebly!","default_faq_hidden":"","app_template_category":[],"platform":"45","template_public_id":"","codecanyon_url":"","codecanyon_item_id":"","codecanyon_price":"","pricing_caption":"","pricing_elfsight_apps_hide_column":"","pricing_elfsight_apps_url":"","pricing_codecanyon_price_caption":"","integration_category":[],"integration_request_title":"","integration_request_cta":"","integration_platform":"","integrations":[],"platform_category":[],"video_schema_markup":"","price":"da $0 \/ mese","trial":"","benefits":[],"button_url":"#demo","button_target_blank":"0","button_nofollow":"","attributes":[{"name":"Installazioni","content":"50,000 - 100,000","_state":"expanded"},{"name":"Reattivo","content":"S\u00cc","_state":"expanded"},{"name":"Browser compatibili","content":"Firefox, Safari, Opera, Chrome, Edge","_state":"expanded"}],"tags":[],"tags_disable_links":"","hide_more_platforms":"","video_object":"","demo_hide_cta":"","demo_hide_cloud_options":"","pricing_title":"","pricing":[{"pricing_icon":"platform","pricing_title":"Elfsight Apps","pricing_title_caption":"Software indipendente dalla piattaforma adatto a qualsiasi sito","pricing_price":"da $0 \/ mese","pricing_price_caption":"inizia con un piano gratuito","pricing_button_text":"Aggiungi al sito web","pricing_button_url":"#demo"}],"related_apps_title":"","related_apps_hidden":"","author":"","image":[],"title":"","job":"","social_networks":[]},"_links":{"self":[{"href":"https:\/\/elfsight.com\/it\/wp-json\/wp\/v2\/pages\/10065","targetHints":{"allow":["GET"]}}],"collection":[{"href":"https:\/\/elfsight.com\/it\/wp-json\/wp\/v2\/pages"}],"about":[{"href":"https:\/\/elfsight.com\/it\/wp-json\/wp\/v2\/types\/page"}],"author":[{"embeddable":true,"href":"https:\/\/elfsight.com\/it\/wp-json\/wp\/v2\/users\/9"}],"replies":[{"embeddable":true,"href":"https:\/\/elfsight.com\/it\/wp-json\/wp\/v2\/comments?post=10065"}],"version-history":[{"count":1,"href":"https:\/\/elfsight.com\/it\/wp-json\/wp\/v2\/pages\/10065\/revisions"}],"predecessor-version":[{"id":10069,"href":"https:\/\/elfsight.com\/it\/wp-json\/wp\/v2\/pages\/10065\/revisions\/10069"}],"up":[{"embeddable":true,"href":"https:\/\/elfsight.com\/it\/wp-json\/wp\/v2\/pages\/10217"}],"wp:attachment":[{"href":"https:\/\/elfsight.com\/it\/wp-json\/wp\/v2\/media?parent=10065"}],"curies":[{"name":"wp","href":"https:\/\/api.w.org\/{rel}","templated":true}]}}