{"id":10058,"date":"2025-05-21T09:32:43","date_gmt":"2025-05-21T09:32:43","guid":{"rendered":"https:\/\/elfsight.com\/it\/?page_id=10058"},"modified":"2025-06-11T09:42:42","modified_gmt":"2025-06-11T09:42:42","slug":"magento","status":"publish","type":"page","link":"https:\/\/elfsight.com\/it\/ada-compliance-widget\/magento\/","title":{"rendered":"ADA Compliance &#8211; Magento"},"content":{"rendered":"<div class=\"application-platform-content-item-description application-platform-content-item\" id=\"description\" data-nav-section=\"description\"> <h2>Integra la conformit\u00e0 ADA in Magento con un&#8217;estensione Elfsight<\/h2> <p>L&#8217;estensione ADA Compliance garantisce un&#8217;esperienza intuitiva per i visitatori di tutte le abilit\u00e0, allineandosi ai principali standard di accessibilit\u00e0. Grazie al supporto integrato per diverse modalit\u00e0 assistive, personalizza automaticamente il layout e i contenuti per adattarsi agli utenti con disabilit\u00e0 visive, motorie o di concentrazione. Funziona perfettamente senza bisogno di codice personalizzato o modifiche al design. Ogni modalit\u00e0 applica una serie di miglioramenti studiati per rendere i contenuti esistenti pi\u00f9 accessibili e le interazioni pi\u00f9 comode. <\/p><p>L&#8217;estensione include anche un controllo di conformit\u00e0 intelligente che analizza il tuo sito web alla ricerca di problemi di accessibilit\u00e0 e visualizza i risultati dell&#8217;audit direttamente nel pannello dell&#8217;estensione. Puoi scaricare i risultati dettagliati dell&#8217;audit ed evidenziare il tuo punteggio di accessibilit\u00e0 per creare credibilit\u00e0 e fiducia. Grazie alla localizzazione completa, garantisce accessibilit\u00e0 e usabilit\u00e0 in pi\u00f9 lingue e aree geografiche. <\/p><p><strong>Aggiungi la nostra estensione ADA Compliance al tuo sito web Magento e dimostra che l&#8217;accessibilit\u00e0 \u00e8 parte dei tuoi standard! <\/strong><\/p><\/div> <div class=\"application-platform-content-item-features application-platform-content-item\" id=\"features\" data-nav-section=\"features\"> <h2>Queste sono solo alcune delle numerose funzionalit\u00e0 dell&#8217;estensione: <\/h2><ul><li><b>Modalit\u00e0 pronte all&#8217;uso per 8 scenari utente. <\/b> Gli utenti con diverse disabilit\u00e0 possono trovare un&#8217;impostazione predefinita perfetta per un&#8217;esperienza di navigazione fluida e intuitiva. <\/li><li><b>Modifica le impostazioni del sito web per visualizzare i contenuti. <\/b> L&#8217;estensione dispone di impostazioni per migliorare la leggibilit\u00e0 del testo, la navigazione e i colori. <\/li><li><b>Controllo dell&#8217;accessibilit\u00e0 integrato. <\/b> Esegui una scansione rapida del tuo sito per individuare problemi di conformit\u00e0 e miglioralo per una migliore accessibilit\u00e0. <\/li><li><b>Badge di affidabilit\u00e0 con punteggio di accessibilit\u00e0. <\/b> Pubblica i risultati degli audit all&#8217;interno dell&#8217;estensione per convalidare il tuo impegno continuo verso gli standard. <\/li><li><b>Localizzazione accurata. <\/b> L&#8217;estensione offre la localizzazione linguistica e culturale in 76 regioni per supportare le leggi sull&#8217;accessibilit\u00e0 e la distribuzione internazionale. <\/li><\/ul><p><a href=\"#demo\">Esplora semplicemente tutte le modifiche dell&#8217;estensione nell&#8217;editor direttamente in questa pagina<\/a><\/p><\/div> <div class=\"application-platform-content-item-installation application-platform-content-item\" id=\"installation\" data-nav-section=\"installation\"> <h2>Come integrare la conformit\u00e0 ADA nel mio sito web Magento? <\/h2><p>Consulta questa semplice guida per integrare l&#8217;estensione nel tuo sito web Magento. Ci vorranno solo un paio di minuti e non richiede alcuna programmazione. <\/p> <ol><li><strong>Crea la tua estensione personalizzata per la conformit\u00e0 ADA<\/strong><br> Inizia con un modello qualsiasi nell&#8217;editor, lavora con gli elementi intuitivi presenti e personalizza l&#8217;estensione con il design e le opzioni che preferisci. <\/li><li><strong>Ricevi il codice personale per incorporare l&#8217;estensione<\/strong><br> Una volta creata l&#8217;estensione, riceverai un codice HTML personalizzato nella tua dashboard. Copia questo codice, che contiene tutti i dettagli relativi alle tue modifiche. <\/li> <li><strong>Mostra l&#8217;estensione sul tuo sito web Magento<\/strong><br> Seleziona le sezioni del tuo sito web in cui desideri presentare la conformit\u00e0 ADA e incolla il codice l\u00ec. Salva le modifiche. <\/li> <\/ol><p>Ecco fatto! Ora controlla le prestazioni dell&#8217;estensione sul tuo sito web. <\/p><p>In caso di problemi durante l&#8217;integrazione dell&#8217;estensione nel tuo sito web, non esitare a contattare il nostro servizio clienti. Saremo lieti di assisterti nell&#8217;aggiunta e nella gestione della tua soluzione di accessibilit\u00e0. <\/p><\/div>","protected":false},"excerpt":{"rendered":"","protected":false},"author":9,"featured_media":0,"parent":10217,"menu_order":0,"comment_status":"closed","ping_status":"closed","template":"templates\/template-application-platform.php","meta":{"publish_to_discourse":"","publish_post_category":"","wpdc_auto_publish_overridden":"","wpdc_topic_tags":"","wpdc_pin_topic":"","wpdc_pin_until":"","discourse_post_id":"","discourse_permalink":"","wpdc_publishing_response":"","wpdc_publishing_error":"","footnotes":""},"class_list":["post-10058","page","type-page","status-publish","hentry"],"yoast_head":"<!-- This site is optimized with the Yoast SEO plugin v25.3.1 - https:\/\/yoast.com\/wordpress\/plugins\/seo\/ -->\n<title>Estensione Magento ADA Compliance: aggiungi accessibilit\u00e0 al tuo sito web [GRATIS]<\/title>\n<meta name=\"description\" content=\"Aggiungi un&#039;estensione ADA Compliance senza soluzione di continuit\u00e0 al tuo sito web Magento. Scopri l&#039;editor online di Elfsight per creare facilmente la tua soluzione personalizzata.\" \/>\n<meta name=\"robots\" content=\"index, follow, max-snippet:-1, max-image-preview:large, max-video-preview:-1\" \/>\n<link rel=\"canonical\" href=\"https:\/\/elfsight.com\/it\/ada-compliance-widget\/magento\/\" \/>\n<meta property=\"og:locale\" content=\"it_IT\" \/>\n<meta property=\"og:type\" content=\"article\" \/>\n<meta property=\"og:title\" content=\"Estensione Magento ADA Compliance: aggiungi accessibilit\u00e0 al tuo sito web [GRATIS]\" \/>\n<meta property=\"og:description\" content=\"Aggiungi un&#039;estensione ADA Compliance senza soluzione di continuit\u00e0 al tuo sito web Magento. Scopri l&#039;editor online di Elfsight per creare facilmente la tua soluzione personalizzata.\" \/>\n<meta property=\"og:url\" content=\"https:\/\/elfsight.com\/it\/ada-compliance-widget\/magento\/\" \/>\n<meta property=\"og:site_name\" content=\"Elfsight IT\" \/>\n<meta property=\"article:modified_time\" content=\"2025-06-11T09:42:42+00:00\" \/>\n<meta name=\"twitter:card\" content=\"summary_large_image\" \/>\n<meta name=\"twitter:label1\" content=\"Tempo di lettura stimato\" \/>\n\t<meta name=\"twitter:data1\" content=\"2 minuti\" \/>\n<!-- \/ Yoast SEO plugin. -->","yoast_head_json":{"title":"Estensione Magento ADA Compliance: aggiungi accessibilit\u00e0 al tuo sito web [GRATIS]","description":"Aggiungi un'estensione ADA Compliance senza soluzione di continuit\u00e0 al tuo sito web Magento. Scopri l'editor online di Elfsight per creare facilmente la tua soluzione personalizzata.","robots":{"index":"index","follow":"follow","max-snippet":"max-snippet:-1","max-image-preview":"max-image-preview:large","max-video-preview":"max-video-preview:-1"},"canonical":"https:\/\/elfsight.com\/it\/ada-compliance-widget\/magento\/","og_locale":"it_IT","og_type":"article","og_title":"Estensione Magento ADA Compliance: aggiungi accessibilit\u00e0 al tuo sito web [GRATIS]","og_description":"Aggiungi un'estensione ADA Compliance senza soluzione di continuit\u00e0 al tuo sito web Magento. Scopri l'editor online di Elfsight per creare facilmente la tua soluzione personalizzata.","og_url":"https:\/\/elfsight.com\/it\/ada-compliance-widget\/magento\/","og_site_name":"Elfsight IT","article_modified_time":"2025-06-11T09:42:42+00:00","twitter_card":"summary_large_image","twitter_misc":{"Tempo di lettura stimato":"2 minuti"},"schema":{"@context":"https:\/\/schema.org","@graph":[{"@type":"WebPage","@id":"https:\/\/elfsight.com\/it\/ada-compliance-widget\/magento\/","url":"https:\/\/elfsight.com\/it\/ada-compliance-widget\/magento\/","name":"Estensione Magento ADA Compliance: aggiungi accessibilit\u00e0 al tuo sito web [GRATIS]","isPartOf":{"@id":"https:\/\/elfsight.com\/it\/#website"},"datePublished":"2025-05-21T09:32:43+00:00","dateModified":"2025-06-11T09:42:42+00:00","description":"Aggiungi un'estensione ADA Compliance senza soluzione di continuit\u00e0 al tuo sito web Magento. Scopri l'editor online di Elfsight per creare facilmente la tua soluzione personalizzata.","breadcrumb":{"@id":"https:\/\/elfsight.com\/it\/ada-compliance-widget\/magento\/#breadcrumb"},"inLanguage":"it-IT","potentialAction":[{"@type":"ReadAction","target":["https:\/\/elfsight.com\/it\/ada-compliance-widget\/magento\/"]}]},{"@type":"BreadcrumbList","@id":"https:\/\/elfsight.com\/it\/ada-compliance-widget\/magento\/#breadcrumb","itemListElement":[{"@type":"ListItem","position":1,"name":"Home","item":"https:\/\/elfsight.com\/it\/"},{"@type":"ListItem","position":2,"name":"Ada Compliance","item":"https:\/\/elfsight.com\/it\/ada-compliance-widget\/"},{"@type":"ListItem","position":3,"name":"ADA Compliance &#8211; Magento"}]},{"@type":"WebSite","@id":"https:\/\/elfsight.com\/it\/#website","url":"https:\/\/elfsight.com\/it\/","name":"Elfsight IT","description":"Just another Elfsight Sites site","potentialAction":[{"@type":"SearchAction","target":{"@type":"EntryPoint","urlTemplate":"https:\/\/elfsight.com\/it\/?s={search_term_string}"},"query-input":{"@type":"PropertyValueSpecification","valueRequired":true,"valueName":"search_term_string"}}],"inLanguage":"it-IT"}]}},"meta_box":{"industry":"","seo_heading":"","heading":"","description":"","cta_heading":"","cta_description":"","application":"10024","h1":"Estensione di conformit\u00e0 ADA per il sito web Magento","h1_caption":"Rendi il tuo sito web Magento conforme all'ADA con un'estensione che personalizza i tuoi contenuti per utenti di tutte le abilit\u00e0: migliora l'inclusivit\u00e0 e mostra il tuo impegno per l'accessibilit\u00e0.","application_category":[],"applications_title":"","applications_request_title":"","applications_request_button_text":"","hero_text":"","hero_video":"","hero_video_schema_markup":"","selling_points_title":"","selling_points_caption":"","selling_points":[],"selling_points_cta_text":"","features_title":"","features":"","ed_cta_examples_text":"","ed_cta_examples_hidden":"","ed_cta_demo_text":"","ed_cta_demo_hidden":"","why_caption":"","why_editor_title":"","why_editor_text":"","why_team_title":"","why_team_text":"","why_service_title":"","why_service_text":"","template_catalog_visible":"","template_catalog_title":"","template_catalog_text":"","template_catalog_categories_visible":"","demo_title":"Crea la tua estensione di conformit\u00e0 ADA","demo_caption":"Configura la tua conformit\u00e0 ADA e aggiungila gratuitamente al tuo sito web Magento!","default_faq_hidden":"","app_template_category":[],"platform":"39","template_public_id":"","codecanyon_url":"","codecanyon_item_id":"","codecanyon_price":"","pricing_caption":"","pricing_elfsight_apps_hide_column":"","pricing_elfsight_apps_url":"","pricing_codecanyon_price_caption":"","integration_category":[],"integration_request_title":"","integration_request_cta":"","integration_platform":"","integrations":[],"platform_category":[],"video_schema_markup":"","price":"da $0 \/ mese","trial":"","benefits":[],"button_url":"#demo","button_target_blank":"0","button_nofollow":"","attributes":[{"name":"Installazioni","content":"50,000 - 100,000","_state":"expanded"},{"name":"Reattivo","content":"S\u00cc","_state":"expanded"},{"name":"Browser compatibili","content":"Firefox, Safari, Opera, Chrome, Edge","_state":"expanded"}],"tags":[],"tags_disable_links":"","hide_more_platforms":"","video_object":"","demo_hide_cta":"","demo_hide_cloud_options":"","pricing_title":"","pricing":[{"pricing_icon":"platform","pricing_title":"Elfsight Apps","pricing_title_caption":"Versione multipiattaforma adatta a qualsiasi sito web","pricing_price":"da $0 \/ mese","pricing_price_caption":"inizia con un piano gratuito","pricing_button_text":"Aggiungi al sito web","pricing_button_url":"#demo"}],"related_apps_title":"","related_apps_hidden":"","author":"","image":[],"title":"","job":"","social_networks":[]},"_links":{"self":[{"href":"https:\/\/elfsight.com\/it\/wp-json\/wp\/v2\/pages\/10058","targetHints":{"allow":["GET"]}}],"collection":[{"href":"https:\/\/elfsight.com\/it\/wp-json\/wp\/v2\/pages"}],"about":[{"href":"https:\/\/elfsight.com\/it\/wp-json\/wp\/v2\/types\/page"}],"author":[{"embeddable":true,"href":"https:\/\/elfsight.com\/it\/wp-json\/wp\/v2\/users\/9"}],"replies":[{"embeddable":true,"href":"https:\/\/elfsight.com\/it\/wp-json\/wp\/v2\/comments?post=10058"}],"version-history":[{"count":1,"href":"https:\/\/elfsight.com\/it\/wp-json\/wp\/v2\/pages\/10058\/revisions"}],"predecessor-version":[{"id":10062,"href":"https:\/\/elfsight.com\/it\/wp-json\/wp\/v2\/pages\/10058\/revisions\/10062"}],"up":[{"embeddable":true,"href":"https:\/\/elfsight.com\/it\/wp-json\/wp\/v2\/pages\/10217"}],"wp:attachment":[{"href":"https:\/\/elfsight.com\/it\/wp-json\/wp\/v2\/media?parent=10058"}],"curies":[{"name":"wp","href":"https:\/\/api.w.org\/{rel}","templated":true}]}}