{"id":10040,"date":"2025-05-21T10:38:52","date_gmt":"2025-05-21T10:38:52","guid":{"rendered":"https:\/\/elfsight.com\/it\/?page_id=10040"},"modified":"2025-06-11T09:42:18","modified_gmt":"2025-06-11T09:42:18","slug":"html","status":"publish","type":"page","link":"https:\/\/elfsight.com\/it\/ada-compliance-widget\/html\/","title":{"rendered":"ADA Compliance &#8211; HTML"},"content":{"rendered":"<div class=\"application-platform-content-item-description application-platform-content-item\" id=\"description\" data-nav-section=\"description\"> <h2>Integra la conformit\u00e0 ADA in HTML con un widget Elfsight<\/h2> <p>Il widget Conformit\u00e0 ADA contribuisce a garantire che il tuo sito web sia facile da usare per tutti, allineandosi ai principali standard di accessibilit\u00e0. Grazie al supporto integrato per diverse modalit\u00e0 assistive, personalizza dinamicamente l&#8217;interfaccia per adattarla agli utenti con disabilit\u00e0 visive, motorie o di concentrazione. Non sono necessari ulteriori interventi di codifica o riprogettazione. Ogni modalit\u00e0 applica una serie di miglioramenti ponderati per ottimizzare l&#8217;usabilit\u00e0 dei contenuti e offrire un&#8217;esperienza di interazione pi\u00f9 fluida. <\/p><p>Il widget include anche uno scanner di conformit\u00e0 intelligente che identifica le lacune di accessibilit\u00e0 sul tuo sito web e mostra i risultati direttamente nell&#8217;interfaccia del widget. Puoi scaricare i risultati dettagliati dell&#8217;audit ed evidenziare il tuo punteggio di accessibilit\u00e0 per creare credibilit\u00e0 e fiducia. Grazie alla localizzazione completa, supporta un coinvolgimento inclusivo per gli utenti in diversi contesti linguistici e regionali. <\/p><p><strong>Aggiungi il nostro widget Conformit\u00e0 ADA al tuo sito web HTML e dimostra che l&#8217;accessibilit\u00e0 \u00e8 parte integrante del tuo standard! <\/strong><\/p><\/div> <div class=\"application-platform-content-item-features application-platform-content-item\" id=\"features\" data-nav-section=\"features\"> <h2>Studia l&#8217;elenco delle funzionalit\u00e0 pi\u00f9 preziose: <\/h2><ul><li><b>Modalit\u00e0 pronte all&#8217;uso per 8 scenari utente. <\/b> Gli utenti con diverse disabilit\u00e0 possono trovare un preset perfetto per navigare sul tuo sito web con facilit\u00e0 e sicurezza. <\/li><li><b>Modifica le impostazioni del sito web per visualizzare i contenuti. <\/b> Il widget include impostazioni progettate per ottimizzare la leggibilit\u00e0, il flusso utente e l&#8217;accessibilit\u00e0 visiva. <\/li><li><b>Controllo dell&#8217;accessibilit\u00e0 integrato. <\/b> Valuta senza sforzo il tuo sito web per identificare le lacune e migliorarlo per una migliore accessibilit\u00e0. <\/li><li><b>Badge di fiducia con punteggio di accessibilit\u00e0. <\/b> Pubblica i risultati degli audit nel widget per convalidare il tuo impegno continuo verso gli standard. <\/li><li><b>Localizzazione accurata. <\/b> Il widget \u00e8 tradotto e localizzato per 76 paesi per garantire sia la conformit\u00e0 che la disponibilit\u00e0 internazionale. <\/li><\/ul><p><a href=\"#demo\">Prova l&#8217;editor intuitivo per vedere come funziona il widget<\/a><\/p><\/div> <div class=\"application-platform-content-item-installation application-platform-content-item\" id=\"installation\" data-nav-section=\"installation\"> <h2>Come posso integrare la conformit\u00e0 ADA nel mio sito web HTML? <\/h2><p>Offriamo un modo semplice per configurare il widget sul tuo sito web HTML. Ci vorranno solo pochi minuti e non \u00e8 richiesta alcuna codifica. <\/p> <ol><li><strong>Crea il tuo widget personalizzato per la conformit\u00e0 ADA<\/strong><br> Inizia con un modello qualsiasi nell&#8217;editor, lavora con gli elementi intuitivi al suo interno e adatta il widget allo stile e alle impostazioni che preferisci. <\/li><li><strong>Ricevi il codice personale per integrare il widget<\/strong><br> Non appena avrai completato la creazione del tuo widget, riceverai un codice HTML personalizzato nella tua dashboard. Copia il codice che contiene tutti i dettagli sulle tue modifiche. <\/li> <li><strong>Visualizza il widget sul tuo sito web HTML<\/strong><br> Scegli le sezioni del tuo sito web in cui desideri visualizzare la conformit\u00e0 ADA e incolla il codice l\u00ec. Salva le modifiche. <\/li> <\/ol><p>\u00c8 tutto! Ora controlla le prestazioni del widget sul tuo sito web. <\/p><p>Se riscontri inconvenienti durante l&#8217;integrazione del widget nel tuo sito web, contatta il nostro centro assistenza. Saremo lieti di aiutarti ad aggiungere e modificare la tua soluzione di accessibilit\u00e0. <\/p><\/div>","protected":false},"excerpt":{"rendered":"","protected":false},"author":9,"featured_media":0,"parent":10217,"menu_order":0,"comment_status":"closed","ping_status":"closed","template":"templates\/template-application-platform.php","meta":{"publish_to_discourse":"","publish_post_category":"","wpdc_auto_publish_overridden":"","wpdc_topic_tags":"","wpdc_pin_topic":"","wpdc_pin_until":"","discourse_post_id":"","discourse_permalink":"","wpdc_publishing_response":"","wpdc_publishing_error":"","footnotes":""},"class_list":["post-10040","page","type-page","status-publish","hentry"],"yoast_head":"<!-- This site is optimized with the Yoast SEO plugin v25.3.1 - https:\/\/yoast.com\/wordpress\/plugins\/seo\/ -->\n<title>Widget HTML per la conformit\u00e0 ADA: aggiungi accessibilit\u00e0 al tuo sito web [GRATUITO]<\/title>\n<meta name=\"description\" content=\"Aggiungi un widget di conformit\u00e0 ADA integrato al tuo sito web HTML. Utilizza l&#039;editor rapido di Elfsight per creare facilmente la tua soluzione personalizzata.\" \/>\n<meta name=\"robots\" content=\"index, follow, max-snippet:-1, max-image-preview:large, max-video-preview:-1\" \/>\n<link rel=\"canonical\" href=\"https:\/\/elfsight.com\/it\/ada-compliance-widget\/html\/\" \/>\n<meta property=\"og:locale\" content=\"it_IT\" \/>\n<meta property=\"og:type\" content=\"article\" \/>\n<meta property=\"og:title\" content=\"Widget HTML per la conformit\u00e0 ADA: aggiungi accessibilit\u00e0 al tuo sito web [GRATUITO]\" \/>\n<meta property=\"og:description\" content=\"Aggiungi un widget di conformit\u00e0 ADA integrato al tuo sito web HTML. Utilizza l&#039;editor rapido di Elfsight per creare facilmente la tua soluzione personalizzata.\" \/>\n<meta property=\"og:url\" content=\"https:\/\/elfsight.com\/it\/ada-compliance-widget\/html\/\" \/>\n<meta property=\"og:site_name\" content=\"Elfsight IT\" \/>\n<meta property=\"article:modified_time\" content=\"2025-06-11T09:42:18+00:00\" \/>\n<meta name=\"twitter:card\" content=\"summary_large_image\" \/>\n<meta name=\"twitter:label1\" content=\"Tempo di lettura stimato\" \/>\n\t<meta name=\"twitter:data1\" content=\"2 minuti\" \/>\n<!-- \/ Yoast SEO plugin. -->","yoast_head_json":{"title":"Widget HTML per la conformit\u00e0 ADA: aggiungi accessibilit\u00e0 al tuo sito web [GRATUITO]","description":"Aggiungi un widget di conformit\u00e0 ADA integrato al tuo sito web HTML. Utilizza l'editor rapido di Elfsight per creare facilmente la tua soluzione personalizzata.","robots":{"index":"index","follow":"follow","max-snippet":"max-snippet:-1","max-image-preview":"max-image-preview:large","max-video-preview":"max-video-preview:-1"},"canonical":"https:\/\/elfsight.com\/it\/ada-compliance-widget\/html\/","og_locale":"it_IT","og_type":"article","og_title":"Widget HTML per la conformit\u00e0 ADA: aggiungi accessibilit\u00e0 al tuo sito web [GRATUITO]","og_description":"Aggiungi un widget di conformit\u00e0 ADA integrato al tuo sito web HTML. Utilizza l'editor rapido di Elfsight per creare facilmente la tua soluzione personalizzata.","og_url":"https:\/\/elfsight.com\/it\/ada-compliance-widget\/html\/","og_site_name":"Elfsight IT","article_modified_time":"2025-06-11T09:42:18+00:00","twitter_card":"summary_large_image","twitter_misc":{"Tempo di lettura stimato":"2 minuti"},"schema":{"@context":"https:\/\/schema.org","@graph":[{"@type":"WebPage","@id":"https:\/\/elfsight.com\/it\/ada-compliance-widget\/html\/","url":"https:\/\/elfsight.com\/it\/ada-compliance-widget\/html\/","name":"Widget HTML per la conformit\u00e0 ADA: aggiungi accessibilit\u00e0 al tuo sito web [GRATUITO]","isPartOf":{"@id":"https:\/\/elfsight.com\/it\/#website"},"datePublished":"2025-05-21T10:38:52+00:00","dateModified":"2025-06-11T09:42:18+00:00","description":"Aggiungi un widget di conformit\u00e0 ADA integrato al tuo sito web HTML. Utilizza l'editor rapido di Elfsight per creare facilmente la tua soluzione personalizzata.","breadcrumb":{"@id":"https:\/\/elfsight.com\/it\/ada-compliance-widget\/html\/#breadcrumb"},"inLanguage":"it-IT","potentialAction":[{"@type":"ReadAction","target":["https:\/\/elfsight.com\/it\/ada-compliance-widget\/html\/"]}]},{"@type":"BreadcrumbList","@id":"https:\/\/elfsight.com\/it\/ada-compliance-widget\/html\/#breadcrumb","itemListElement":[{"@type":"ListItem","position":1,"name":"Home","item":"https:\/\/elfsight.com\/it\/"},{"@type":"ListItem","position":2,"name":"Ada Compliance","item":"https:\/\/elfsight.com\/it\/ada-compliance-widget\/"},{"@type":"ListItem","position":3,"name":"ADA Compliance &#8211; HTML"}]},{"@type":"WebSite","@id":"https:\/\/elfsight.com\/it\/#website","url":"https:\/\/elfsight.com\/it\/","name":"Elfsight IT","description":"Just another Elfsight Sites site","potentialAction":[{"@type":"SearchAction","target":{"@type":"EntryPoint","urlTemplate":"https:\/\/elfsight.com\/it\/?s={search_term_string}"},"query-input":{"@type":"PropertyValueSpecification","valueRequired":true,"valueName":"search_term_string"}}],"inLanguage":"it-IT"}]}},"meta_box":{"industry":"","seo_heading":"","heading":"","description":"","cta_heading":"","cta_description":"","application":"10024","h1":"Widget di conformit\u00e0 ADA per sito web HTML","h1_caption":"Rendi il tuo sito web HTML conforme all'ADA con un widget che adatta il contenuto del sito web a ogni visitatore: migliora l'inclusivit\u00e0 e dimostra il tuo impegno per l'accessibilit\u00e0.","application_category":[],"applications_title":"","applications_request_title":"","applications_request_button_text":"","hero_text":"","hero_video":"","hero_video_schema_markup":"","selling_points_title":"","selling_points_caption":"","selling_points":[],"selling_points_cta_text":"","features_title":"","features":"","ed_cta_examples_text":"","ed_cta_examples_hidden":"","ed_cta_demo_text":"","ed_cta_demo_hidden":"","why_caption":"","why_editor_title":"","why_editor_text":"","why_team_title":"","why_team_text":"","why_service_title":"","why_service_text":"","template_catalog_visible":"","template_catalog_title":"","template_catalog_text":"","template_catalog_categories_visible":"","demo_title":"Crea il tuo widget di conformit\u00e0 ADA","demo_caption":"Configura la tua conformit\u00e0 ADA e aggiungila gratuitamente al tuo sito web HTML!","default_faq_hidden":"","app_template_category":[],"platform":"35","template_public_id":"","codecanyon_url":"","codecanyon_item_id":"","codecanyon_price":"","pricing_caption":"","pricing_elfsight_apps_hide_column":"","pricing_elfsight_apps_url":"","pricing_codecanyon_price_caption":"","integration_category":[],"integration_request_title":"","integration_request_cta":"","integration_platform":"","integrations":[],"platform_category":[],"video_schema_markup":"","price":"da $0 \/ mese","trial":"","benefits":[],"button_url":"#demo","button_target_blank":"0","button_nofollow":"","attributes":[{"name":"Installazioni","content":"50,000 - 100,000","_state":"expanded"},{"name":"Reattivo","content":"S\u00cc","_state":"expanded"},{"name":"Browser compatibili","content":"Firefox, Safari, Opera, Chrome, Edge","_state":"expanded"}],"tags":[],"tags_disable_links":"","hide_more_platforms":"","video_object":"","demo_hide_cta":"","demo_hide_cloud_options":"","pricing_title":"","pricing":[{"pricing_icon":"platform","pricing_title":"Elfsight Apps","pricing_title_caption":"Soluzione digitale multipiattaforma","pricing_price":"da $0 \/ mese","pricing_price_caption":"inizia con un piano gratuito","pricing_button_text":"Aggiungi al sito web","pricing_button_url":"#demo"}],"related_apps_title":"","related_apps_hidden":"","author":"","image":[],"title":"","job":"","social_networks":[]},"_links":{"self":[{"href":"https:\/\/elfsight.com\/it\/wp-json\/wp\/v2\/pages\/10040","targetHints":{"allow":["GET"]}}],"collection":[{"href":"https:\/\/elfsight.com\/it\/wp-json\/wp\/v2\/pages"}],"about":[{"href":"https:\/\/elfsight.com\/it\/wp-json\/wp\/v2\/types\/page"}],"author":[{"embeddable":true,"href":"https:\/\/elfsight.com\/it\/wp-json\/wp\/v2\/users\/9"}],"replies":[{"embeddable":true,"href":"https:\/\/elfsight.com\/it\/wp-json\/wp\/v2\/comments?post=10040"}],"version-history":[{"count":1,"href":"https:\/\/elfsight.com\/it\/wp-json\/wp\/v2\/pages\/10040\/revisions"}],"predecessor-version":[{"id":10044,"href":"https:\/\/elfsight.com\/it\/wp-json\/wp\/v2\/pages\/10040\/revisions\/10044"}],"up":[{"embeddable":true,"href":"https:\/\/elfsight.com\/it\/wp-json\/wp\/v2\/pages\/10217"}],"wp:attachment":[{"href":"https:\/\/elfsight.com\/it\/wp-json\/wp\/v2\/media?parent=10040"}],"curies":[{"name":"wp","href":"https:\/\/api.w.org\/{rel}","templated":true}]}}