{"id":10008,"date":"2024-06-11T07:49:44","date_gmt":"2024-06-11T07:49:44","guid":{"rendered":"https:\/\/elfsight.com\/it\/?page_id=10008"},"modified":"2025-06-17T14:01:14","modified_gmt":"2025-06-17T14:01:14","slug":"squarespace","status":"publish","type":"page","link":"https:\/\/elfsight.com\/it\/timeline-widget\/squarespace\/","title":{"rendered":"Timeline &#8211; Squarespace"},"content":{"rendered":"<div class=\"application-platform-content-item-description application-platform-content-item\" id=\"description\" data-nav-section=\"description\"><h2>Plugin Timeline di Squarespace<\/h2><p>Aggiungi una roadmap interattiva alla tua pagina web Squarespace per visualizzare eventi, risultati o passaggi delle attivit\u00e0. Mantieni i tuoi utenti coinvolti con una sequenza temporale visivamente dinamica e flessibile. Il generatore di timeline di Squarespace di Elfsight ti consente di aggiungere indicatori di traguardo personalizzabili che coinvolgono i tuoi clienti. Che tu stia mostrando la storia della tua azienda, monitorando le fasi del progetto o dimostrando lo sviluppo del prodotto, questo widget semplifica la creazione di una roadmap unica adatta ai tuoi obiettivi. <\/p><ul><li><b>Crea sequenze temporali interattive senza codice<\/b><br>Crea una cronologia completamente funzionale in pochi minuti, senza bisogno di competenze tecniche, e inizia subito ad attirare i tuoi visitatori. <\/li><li><b>Opzioni di personalizzazione avanzate<\/b><br>Personalizza il design e il layout del tuo widget con una variet\u00e0 di modelli, sfumature, caratteri e impostazioni flessibili per un&#8217;esperienza unica e personalizzata. <\/li><li><b>Processo di incorporamento semplice<\/b><br>Incorpora facilmente la tua sequenza temporale unica nel tuo sito web Squarespace utilizzando un semplice codice HTML, senza problemi tecnici. <\/li><li><b>Assistenza clienti reattiva<\/b><br>Il nostro team di supporto dedicato \u00e8 sempre disponibile per assistere con la configurazione, garantendo che la sequenza temporale funzioni senza intoppi sul tuo sito. <\/li><\/ul><p><b>Prova la timeline di Elfsight Squarespace per coinvolgere i visitatori ed evidenziare i tuoi risultati in modo creativo ed elegante. <\/b><\/p><\/div><div class=\"application-platform-content-item-features application-platform-content-item\" id=\"features\" data-nav-section=\"features\"><h2>Cosa puoi fare con Squarespace Timeline<\/h2><ul><li><strong>Coinvolgi visivamente i visitatori<\/strong><br>Attira il pubblico con una timeline dinamica che ti aiuta a presentare i traguardi in un formato semplice. Una sequenza temporale grafica aiuta a visualizzare i contenuti in un formato semplice che invita gli utenti a scoprirli. <\/li><li><strong>Mostra progressi ed eventi<\/strong><br>Mostra i risultati della tua azienda e le fasi delle attivit\u00e0 in ordine cronologico per coinvolgere i tuoi visitatori. Questo aiuta gli ospiti a comprendere la tua storia e mantiene il loro interesse verso le tue notizie. <\/li><li><strong>Evidenzia i risultati chiave<\/strong><br>Dai particolare importanza ai tuoi traguardi pi\u00f9 significativi. Metti in risalto i tuoi successi pi\u00f9 importanti in un formato accattivante e facile da seguire. <\/li><\/ul><p><a href=\"#demo\">Controlla l&#8217;editor per vedere tutte le funzionalit\u00e0 del plugin Timeline. <\/a><\/p><\/div><div class=\"application-platform-content-item-installation application-platform-content-item\" id=\"installation\" data-nav-section=\"installation\"> <h2>Come incorporare una timeline su Squarespace<\/h2><p>Aggiungere la timeline di Squarespace alla tua pagina web \u00e8 semplice e non \u00e8 necessaria alcuna codifica. Segui semplicemente questi chiari passaggi per iniziare: <\/p><ol><li><b>Crea la tua timeline Squarespace personalizzata<\/b><br>Inizia selezionando un modello regolabile dall&#8217;editor e modificalo in base alle tue esigenze. Perfeziona la struttura, aggiungi tappe fondamentali e modifica il design per adattarlo allo stile del tuo sito. <\/li><li><b>Ottieni il tuo codice di incorporamento univoco<\/b><br>Una volta completata la personalizzazione della sequenza temporale, riceverai un codice HTML personalizzato. Copia questo codice per un uso successivo. <\/li><li><b>Incorpora il codice nel tuo sito web Squarespace<\/b><br>Incolla il codice HTML copiato nell&#8217;area desiderata della tua pagina web Squarespace e salva le modifiche. La tua sequenza temporale accattivante sar\u00e0 ora pubblicata sul tuo sito web! <\/li><li><b>Goditi la tua nuova timeline interattiva! <\/b><br>Visita il tuo sito per vedere la sequenza temporale in azione e iniziare a coinvolgere i visitatori in modo visivamente accattivante! <\/li><\/ol><p>Per ulteriori dettagli, visita la nostra guida completa su <a href=\"https:\/\/elfsight.com\/blog\/how-to-embed-timeline-to-website\/\" target=\"_blank\" rel=\"noopener\">come creare una timeline personalizzata su un sito web<\/a>.<\/p><\/div><div class=\"faq\" data-component=\"FAQ\"><div class=\"faq-item\">\r\n\t\t\t\t\t<div class=\"faq-item-question\">\r\n\t\t\t\t\t\t<h3 class=\"faq-item-question-text\">Il widget Timeline per Squarespace \u00e8 gratuito? <\/h3>\r\n\r\n\t\t\t\t\t\t<div class=\"faq-item-question-icon\"><\/div>\r\n\t\t\t\t\t<\/div>\r\n\r\n\t\t\t\t\t<div class=\"faq-item-answer\">\r\n\t\t\t\t\t\t<div class=\"faq-item-answer-text\">S\u00ec, Elfsight fornisce un modello di abbonamento con un livello gratuito. Accedi gratuitamente alle funzionalit\u00e0 di base del widget Timeline, con piani premium disponibili per una maggiore personalizzazione. <\/div>\r\n\t\t\t\t\t<\/div>\r\n\t\t\t\t<\/div><div class=\"faq-item\">\r\n\t\t\t\t\t<div class=\"faq-item-question\">\r\n\t\t\t\t\t\t<h3 class=\"faq-item-question-text\">Ho bisogno di competenze di codifica per utilizzare il widget Timeline? <\/h3>\r\n\r\n\t\t\t\t\t\t<div class=\"faq-item-question-icon\"><\/div>\r\n\t\t\t\t\t<\/div>\r\n\r\n\t\t\t\t\t<div class=\"faq-item-answer\">\r\n\t\t\t\t\t\t<div class=\"faq-item-answer-text\">No, il builder Squarespace Timeline di Elfsight non richiede competenze di codifica. Crea la tua sequenza temporale con l&#8217;editor facile da usare. <\/div>\r\n\t\t\t\t\t<\/div>\r\n\t\t\t\t<\/div><div class=\"faq-item\">\r\n\t\t\t\t\t<div class=\"faq-item-question\">\r\n\t\t\t\t\t\t<h3 class=\"faq-item-question-text\">Come posso creare una timeline interattiva per Squarespace? <\/h3>\r\n\r\n\t\t\t\t\t\t<div class=\"faq-item-question-icon\"><\/div>\r\n\t\t\t\t\t<\/div>\r\n\r\n\t\t\t\t\t<div class=\"faq-item-answer\">\r\n\t\t\t\t\t\t<div class=\"faq-item-answer-text\">Scegli semplicemente un modello dall&#8217;editor, modificalo secondo necessit\u00e0 e incorporalo nel tuo sito utilizzando un codice univoco. <\/div>\r\n\t\t\t\t\t<\/div>\r\n\t\t\t\t<\/div><div class=\"faq-item\">\r\n\t\t\t\t\t<div class=\"faq-item-question\">\r\n\t\t\t\t\t\t<h3 class=\"faq-item-question-text\">Che tipi di sequenze temporali posso creare? <\/h3>\r\n\r\n\t\t\t\t\t\t<div class=\"faq-item-question-icon\"><\/div>\r\n\t\t\t\t\t<\/div>\r\n\r\n\t\t\t\t\t<div class=\"faq-item-answer\">\r\n\t\t\t\t\t\t<div class=\"faq-item-answer-text\">Puoi creare una variet\u00e0 di sequenze temporali: storia dell&#8217;azienda, sviluppo del prodotto, pianificazione delle attivit\u00e0, calendario degli eventi e altro ancora. Il widget Elfsight Timeline \u00e8 abbastanza flessibile da adattarsi alle tue esigenze specifiche.<\/div>\r\n\t\t\t\t\t<\/div>\r\n\t\t\t\t<\/div><\/div>","protected":false},"excerpt":{"rendered":"","protected":false},"author":9,"featured_media":0,"parent":8639,"menu_order":0,"comment_status":"closed","ping_status":"closed","template":"templates\/template-application-platform.php","meta":{"publish_to_discourse":"","publish_post_category":"","wpdc_auto_publish_overridden":"","wpdc_topic_tags":"","wpdc_pin_topic":"","wpdc_pin_until":"","discourse_post_id":"","discourse_permalink":"","wpdc_publishing_response":"","wpdc_publishing_error":"","footnotes":""},"class_list":["post-10008","page","type-page","status-publish","hentry"],"yoast_head":"<!-- This site is optimized with the Yoast SEO plugin v25.3.1 - https:\/\/yoast.com\/wordpress\/plugins\/seo\/ -->\n<title>Widget Timeline di Squarespace: aggiungi una timeline gratuita alla tua pagina<\/title>\n<meta name=\"description\" content=\"Crea una cronologia personalizzata per il tuo sito. Presenta facilmente la tua storia, i tuoi indicatori e i tuoi progressi con un widget Timeline completamente personalizzabile su Squarespace.\" \/>\n<meta name=\"robots\" content=\"index, follow, max-snippet:-1, max-image-preview:large, max-video-preview:-1\" \/>\n<link rel=\"canonical\" href=\"https:\/\/elfsight.com\/it\/timeline-widget\/squarespace\/\" \/>\n<meta property=\"og:locale\" content=\"it_IT\" \/>\n<meta property=\"og:type\" content=\"article\" \/>\n<meta property=\"og:title\" content=\"Widget Timeline di Squarespace: aggiungi una timeline gratuita alla tua pagina\" \/>\n<meta property=\"og:description\" content=\"Crea una cronologia personalizzata per il tuo sito. Presenta facilmente la tua storia, i tuoi indicatori e i tuoi progressi con un widget Timeline completamente personalizzabile su Squarespace.\" \/>\n<meta property=\"og:url\" content=\"https:\/\/elfsight.com\/it\/timeline-widget\/squarespace\/\" \/>\n<meta property=\"og:site_name\" content=\"Elfsight IT\" \/>\n<meta property=\"article:modified_time\" content=\"2025-06-17T14:01:14+00:00\" \/>\n<meta name=\"twitter:card\" content=\"summary_large_image\" \/>\n<meta name=\"twitter:label1\" content=\"Tempo di lettura stimato\" \/>\n\t<meta name=\"twitter:data1\" content=\"3 minuti\" \/>\n<!-- \/ Yoast SEO plugin. -->","yoast_head_json":{"title":"Widget Timeline di Squarespace: aggiungi una timeline gratuita alla tua pagina","description":"Crea una cronologia personalizzata per il tuo sito. Presenta facilmente la tua storia, i tuoi indicatori e i tuoi progressi con un widget Timeline completamente personalizzabile su Squarespace.","robots":{"index":"index","follow":"follow","max-snippet":"max-snippet:-1","max-image-preview":"max-image-preview:large","max-video-preview":"max-video-preview:-1"},"canonical":"https:\/\/elfsight.com\/it\/timeline-widget\/squarespace\/","og_locale":"it_IT","og_type":"article","og_title":"Widget Timeline di Squarespace: aggiungi una timeline gratuita alla tua pagina","og_description":"Crea una cronologia personalizzata per il tuo sito. Presenta facilmente la tua storia, i tuoi indicatori e i tuoi progressi con un widget Timeline completamente personalizzabile su Squarespace.","og_url":"https:\/\/elfsight.com\/it\/timeline-widget\/squarespace\/","og_site_name":"Elfsight IT","article_modified_time":"2025-06-17T14:01:14+00:00","twitter_card":"summary_large_image","twitter_misc":{"Tempo di lettura stimato":"3 minuti"},"schema":{"@context":"https:\/\/schema.org","@graph":[{"@type":"WebPage","@id":"https:\/\/elfsight.com\/it\/timeline-widget\/squarespace\/","url":"https:\/\/elfsight.com\/it\/timeline-widget\/squarespace\/","name":"Widget Timeline di Squarespace: aggiungi una timeline gratuita alla tua pagina","isPartOf":{"@id":"https:\/\/elfsight.com\/it\/#website"},"datePublished":"2024-06-11T07:49:44+00:00","dateModified":"2025-06-17T14:01:14+00:00","description":"Crea una cronologia personalizzata per il tuo sito. Presenta facilmente la tua storia, i tuoi indicatori e i tuoi progressi con un widget Timeline completamente personalizzabile su Squarespace.","breadcrumb":{"@id":"https:\/\/elfsight.com\/it\/timeline-widget\/squarespace\/#breadcrumb"},"inLanguage":"it-IT","potentialAction":[{"@type":"ReadAction","target":["https:\/\/elfsight.com\/it\/timeline-widget\/squarespace\/"]}]},{"@type":"BreadcrumbList","@id":"https:\/\/elfsight.com\/it\/timeline-widget\/squarespace\/#breadcrumb","itemListElement":[{"@type":"ListItem","position":1,"name":"Home","item":"https:\/\/elfsight.com\/it\/"},{"@type":"ListItem","position":2,"name":"Timeline","item":"https:\/\/elfsight.com\/it\/timeline-widget\/"},{"@type":"ListItem","position":3,"name":"Timeline &#8211; Squarespace"}]},{"@type":"WebSite","@id":"https:\/\/elfsight.com\/it\/#website","url":"https:\/\/elfsight.com\/it\/","name":"Elfsight IT","description":"Just another Elfsight Sites site","potentialAction":[{"@type":"SearchAction","target":{"@type":"EntryPoint","urlTemplate":"https:\/\/elfsight.com\/it\/?s={search_term_string}"},"query-input":{"@type":"PropertyValueSpecification","valueRequired":true,"valueName":"search_term_string"}}],"inLanguage":"it-IT"}]}},"meta_box":{"industry":"","seo_heading":"","heading":"","description":"","cta_heading":"","cta_description":"","application":"8638","h1":"Plug-in Timeline per Squarespace","h1_caption":"Visualizza una sequenza temporale coinvolgente dei risultati per mostrare la tua narrativa, i progressi raggiunti o le fasi con una roadmap interattiva su Squarespace.","application_category":[],"applications_title":"","applications_request_title":"","applications_request_button_text":"","hero_text":"","hero_video":"","hero_video_schema_markup":"","selling_points_title":"","selling_points_caption":"","selling_points":[],"selling_points_cta_text":"","features_title":"","features":"","ed_cta_examples_text":"","ed_cta_examples_hidden":"","ed_cta_demo_text":"","ed_cta_demo_hidden":"","why_caption":"","why_editor_title":"","why_editor_text":"","why_team_title":"","why_team_text":"","why_service_title":"","why_service_text":"","template_catalog_visible":"","template_catalog_title":"","template_catalog_text":"","template_catalog_categories_visible":"","demo_title":"Crea il tuo plug-in Timeline di Squarespace","demo_caption":"Personalizza la tua timeline e aggiungila al tuo sito web con facilit\u00e0!","default_faq_hidden":"","app_template_category":[],"platform":"43","template_public_id":"","codecanyon_url":"","codecanyon_item_id":"","codecanyon_price":"","pricing_caption":"","pricing_elfsight_apps_hide_column":"","pricing_elfsight_apps_url":"","pricing_codecanyon_price_caption":"","integration_category":[],"integration_request_title":"","integration_request_cta":"","integration_platform":"","integrations":[],"platform_category":[],"video_schema_markup":"","price":"da $ 0 \/ mese","trial":"","benefits":[],"button_url":"#demo","button_target_blank":"0","button_nofollow":"0","attributes":[{"name":"Installa","content":"50,000 - 100,000","_state":"expanded"},{"name":"Reattivo","content":"S\u00cc","_state":"expanded"},{"name":"Browser compatibili","content":"Firefox, Safari, Opera, Chrome, Edge","_state":"expanded"}],"tags":[],"tags_disable_links":"","hide_more_platforms":"","video_object":"","demo_hide_cta":"0","demo_hide_cloud_options":"","pricing_title":"","pricing":[{"pricing_icon":"platform","pricing_title":"Elfsight Apps","pricing_title_caption":"Software multipiattaforma adatto a qualsiasi sito","pricing_price":"da $ 0 \/ mese","pricing_price_caption":"inizia con un piano gratuito","pricing_button_text":"Aggiungi al sito web","pricing_button_url":"#demo"}],"related_apps_title":"","related_apps_hidden":"","author":"","image":[],"title":"","job":"","social_networks":[]},"_links":{"self":[{"href":"https:\/\/elfsight.com\/it\/wp-json\/wp\/v2\/pages\/10008","targetHints":{"allow":["GET"]}}],"collection":[{"href":"https:\/\/elfsight.com\/it\/wp-json\/wp\/v2\/pages"}],"about":[{"href":"https:\/\/elfsight.com\/it\/wp-json\/wp\/v2\/types\/page"}],"author":[{"embeddable":true,"href":"https:\/\/elfsight.com\/it\/wp-json\/wp\/v2\/users\/9"}],"replies":[{"embeddable":true,"href":"https:\/\/elfsight.com\/it\/wp-json\/wp\/v2\/comments?post=10008"}],"version-history":[{"count":1,"href":"https:\/\/elfsight.com\/it\/wp-json\/wp\/v2\/pages\/10008\/revisions"}],"predecessor-version":[{"id":10012,"href":"https:\/\/elfsight.com\/it\/wp-json\/wp\/v2\/pages\/10008\/revisions\/10012"}],"up":[{"embeddable":true,"href":"https:\/\/elfsight.com\/it\/wp-json\/wp\/v2\/pages\/8639"}],"wp:attachment":[{"href":"https:\/\/elfsight.com\/it\/wp-json\/wp\/v2\/media?parent=10008"}],"curies":[{"name":"wp","href":"https:\/\/api.w.org\/{rel}","templated":true}]}}