{"id":10,"date":"2020-10-20T10:04:10","date_gmt":"2020-10-20T10:04:10","guid":{"rendered":"https:\/\/elfsight.com\/it\/?page_id=10"},"modified":"2024-12-24T11:55:38","modified_gmt":"2024-12-24T11:55:38","slug":"widgets","status":"publish","type":"page","link":"https:\/\/elfsight.com\/it\/widgets\/","title":{"rendered":"Applications"},"content":{"rendered":"\n<h2>I Widget di Elfsight<\/h2>\n<p>Offriamo i migliori plugin gratuiti e premium, che aiutano ad aumentare il coinvolgimento degli utenti, raccogliere pi\u00f9 contatti e aumentare le vendite:<\/p>\n<div class=\"col-row\">\n<div class=\"col-m-12 col-4\">\n<ul>\n<li>social widgets<\/li>\n<li>ecommerce widgets<\/li>\n<li>plugin per ottenere follower<\/li>\n<\/ul>\n<\/div>\n<div class=\"col-m-12 col-4\">\n<ul>\n<li>form widgets<\/li>\n<li>support widgets<\/li>\n<li>plugin per aumentare le vendite<\/li>\n<\/ul>\n<\/div>\n<div class=\"col-m-12 col-4\">\n<ul>\n<li>business widgets<\/li>\n<li>social media plugins<\/li>\n<li>content widgets<\/li>\n<\/ul>\n<\/div>\n<\/div>\n<p>Prova i migliori plugin per rafforzare il tuo sito web. Crea i tuoi strumenti per aggiornare il tuo sito web senza scrivere codice<\/p>\n<div class=\"faq\" data-component=\"FAQ\">\n<div class=\"faq-item\">\r\n\t\t\t\t\t<div class=\"faq-item-question\">\r\n\t\t\t\t\t\t<h3 class=\"faq-item-question-text\">Con quali piattaforme (CMS e creatori di siti web) funzionano i widget di Elfsight?<\/h3>\r\n\r\n\t\t\t\t\t\t<div class=\"faq-item-question-icon\"><\/div>\r\n\t\t\t\t\t<\/div>\r\n\r\n\t\t\t\t\t<div class=\"faq-item-answer\">\r\n\t\t\t\t\t\t<div class=\"faq-item-answer-text\">\n<p>I nostri widget funzionano su tutte le piattaforme principali: \n<a href=\"https:\/\/elfsight.com\/adobe-muse-widgets\/\" target=\"_blank\" rel=\"noopener noreferrer\">Adobe Muse<\/a>, \n<a href=\"https:\/\/elfsight.com\/bigcommerce-apps\/\" target=\"_blank\" rel=\"noopener noreferrer\">BigCommerce<\/a>, \n<a href=\"https:\/\/elfsight.com\/blogger-widgets\/\" target=\"_blank\" rel=\"noopener noreferrer\">Blogger<\/a>, \n<a href=\"https:\/\/elfsight.com\/drupal-modules\/\" target=\"_blank\" rel=\"noopener noreferrer\">Drupal<\/a>, \n<a href=\"https:\/\/elfsight.com\/joomla-extensions\/\" target=\"_blank\" rel=\"noopener noreferrer\">Joomla<\/a>, \n<a href=\"https:\/\/elfsight.com\/jquery-plugins\/\" target=\"_blank\" rel=\"noopener noreferrer\">jQuery<\/a>, \n<a href=\"https:\/\/elfsight.com\/magento-extensions\/\" target=\"_blank\" rel=\"noopener noreferrer\">Magento<\/a>, \n<a href=\"https:\/\/elfsight.com\/modx-plugins\/\" target=\"_blank\" rel=\"noopener noreferrer\">ModX<\/a>, \n<a href=\"https:\/\/elfsight.com\/html-widgets\/\" target=\"_blank\" rel=\"noopener noreferrer\">HTML<\/a>, \n<a href=\"https:\/\/elfsight.com\/opencart-extensions\/\" target=\"_blank\" rel=\"noopener noreferrer\">OpenCart<\/a>, \n<a href=\"https:\/\/elfsight.com\/shopify-apps\/\" target=\"_blank\" rel=\"noopener noreferrer\">Shopify<\/a>, \n<a href=\"https:\/\/elfsight.com\/squarespace-plugins\/\" target=\"_blank\" rel=\"noopener noreferrer\">Squarespace<\/a>, \n<a href=\"https:\/\/elfsight.com\/webflow-integrations\/\" target=\"_blank\" rel=\"noopener noreferrer\">Webflow<\/a>, \n<a href=\"https:\/\/elfsight.com\/webnode-plugins\/\" target=\"_blank\" rel=\"noopener noreferrer\">Webnode<\/a>, \n<a href=\"https:\/\/elfsight.com\/weebly-apps\/\" target=\"_blank\" rel=\"noopener noreferrer\">Weebly<\/a>, \n<a href=\"https:\/\/elfsight.com\/wix-apps\/\" target=\"_blank\" rel=\"noopener noreferrer\">Wix<\/a>, \n<a href=\"https:\/\/elfsight.com\/wordpress-plugins\/\" target=\"_blank\" rel=\"noopener noreferrer\">WordPress<\/a>, \n<a href=\"https:\/\/elfsight.com\/3dcart-apps\/\" target=\"_blank\" rel=\"noopener noreferrer\">3dCart<\/a>, \n<a href=\"https:\/\/elfsight.com\/blogspot-widgets\/\" target=\"_blank\" rel=\"noopener noreferrer\">Blogspot<\/a>,  \n<a href=\"https:\/\/elfsight.com\/lightspeed-plugins\/\" target=\"_blank\" rel=\"noopener noreferrer\">Lightspeed<\/a>, \n<a href=\"https:\/\/elfsight.com\/jimdo-widgets\/\" target=\"_blank\" rel=\"noopener noreferrer\">Jimdo<\/a>, \n<a href=\"https:\/\/elfsight.com\/iframe-widgets\/\" target=\"_blank\" rel=\"noopener noreferrer\">iFrame<\/a>, \n<a href=\"https:\/\/elfsight.com\/godaddy-plugins\/\" target=\"_blank\" rel=\"noopener noreferrer\">GoDaddy<\/a>, \n<a href=\"https:\/\/elfsight.com\/ecwid-widgets\/\" target=\"_blank\" rel=\"noopener noreferrer\">Ecwid<\/a>, \n<a href=\"https:\/\/elfsight.com\/duda-widgets\/\" target=\"_blank\" rel=\"noopener noreferrer\">Duda<\/a>, \n<a href=\"https:\/\/elfsight.com\/bigcartel-plugins\/\" target=\"_blank\" rel=\"noopener noreferrer\">BigCartel<\/a>, \n<a href=\"https:\/\/elfsight.com\/tumblr-widgets\/\" target=\"_blank\" rel=\"noopener noreferrer\">Tumblr<\/a>, \n<a href=\"https:\/\/elfsight.com\/elementor-widgets\/\" target=\"_blank\" rel=\"noopener noreferrer\">Elementor<\/a>, \n<a href=\"https:\/\/elfsight.com\/macaw-plugins\/\" target=\"_blank\" rel=\"noopener noreferrer\">Macaw<\/a>, \n<a href=\"https:\/\/elfsight.com\/cratejoy-apps\/\" target=\"_blank\" rel=\"noopener noreferrer\">CrateJoy<\/a>, \n<a href=\"https:\/\/elfsight.com\/lightcms-plugins\/\" target=\"_blank\" rel=\"noopener noreferrer\">LightCMS<\/a>, \n<a href=\"https:\/\/elfsight.com\/mobirise-extensions\/\" target=\"_blank\" rel=\"noopener noreferrer\">Mobrise<\/a>, \n<a href=\"https:\/\/elfsight.com\/dle-modules\/\" target=\"_blank\" rel=\"noopener noreferrer\">DLE<\/a>, \n<a href=\"https:\/\/elfsight.com\/cs-cart-addons\/\" target=\"_blank\" rel=\"noopener noreferrer\">CS Cart<\/a>, \n<a href=\"https:\/\/elfsight.com\/expressionengine-plugins\/\" target=\"_blank\" rel=\"noopener noreferrer\">Expression Engine<\/a>, \n<a href=\"https:\/\/elfsight.com\/bootstrap-plugins\/\" target=\"_blank\" rel=\"noopener noreferrer\">Bootstrap<\/a>, \n<a href=\"https:\/\/elfsight.com\/bitrix-apps\/\" target=\"_blank\" rel=\"noopener noreferrer\">Bitrix<\/a>, \n<a href=\"https:\/\/elfsight.com\/volusion-apps\/\" target=\"_blank\" rel=\"noopener noreferrer\">Volusion<\/a>, \n<a href=\"https:\/\/elfsight.com\/visual-composer-widgets\/\" target=\"_blank\" rel=\"noopener noreferrer\">Visual Composer<\/a>, \n<a href=\"https:\/\/elfsight.com\/strikingly-apps\/\" target=\"_blank\" rel=\"noopener noreferrer\">Strikingly<\/a>, \n<a href=\"https:\/\/elfsight.com\/ucoz-widgets\/\" target=\"_blank\" rel=\"noopener noreferrer\">Ucoz<\/a>, \n<a href=\"https:\/\/elfsight.com\/sitebuilder-modules\/\" target=\"_blank\" rel=\"noopener noreferrer\">Sitebuilder<\/a>, \n<a href=\"https:\/\/elfsight.com\/splash-extensions\/\" target=\"_blank\" rel=\"noopener noreferrer\">Splash<\/a>, \n<a href=\"https:\/\/elfsight.com\/pivot-plugins\/\" target=\"_blank\" rel=\"noopener noreferrer\">Pivot<\/a>, \n<a href=\"https:\/\/elfsight.com\/pinegrow-plugins\/\" target=\"_blank\" rel=\"noopener noreferrer\">Pinegrow<\/a>, \n<a href=\"https:\/\/elfsight.com\/optimizepress-plugins\/\" target=\"_blank\" rel=\"noopener noreferrer\">Optimizepress<\/a>, \n<a href=\"https:\/\/elfsight.com\/tilda-widgets\/\" target=\"_blank\" rel=\"noopener noreferrer\">Tilda<\/a>, <a href=\"https:\/\/elfsight.com\/facebook-page-widgets\/\" target=\"_blank\" rel=\"noopener noreferrer\">Facebook page<\/a>, <a href=\"https:\/\/elfsight.com\/woocommerce-plugins\/\" target=\"_blank\" rel=\"noopener noreferrer\">WooCommerce<\/a>, <a href=\"https:\/\/elfsight.com\/epages-apps\/\" target=\"_blank\" rel=\"noopener noreferrer\">ePages<\/a>, \n<a href=\"https:\/\/elfsight.com\/yola-apps\/\" target=\"_blank\" rel=\"noopener noreferrer\">Yola<\/a>, \n<a href=\"https:\/\/elfsight.com\/clickfunnels-integrations\/\" target=\"_blank\" rel=\"noopener noreferrer\">ClickFunnels<\/a>, \n<a href=\"https:\/\/elfsight.com\/weblium-widgets\/\" target=\"_blank\" rel=\"noopener noreferrer\">Weblium<\/a>,\n <a href=\"https:\/\/elfsight.com\/rocketspark-widgets\/\" target=\"_blank\" rel=\"noopener noreferrer\">Rocketspark<\/a>, \n<a href=\"https:\/\/elfsight.com\/zyro-widgets\/\" target=\"_blank\" rel=\"noopener noreferrer\">Zyro<\/a>,\n <a href=\"https:\/\/elfsight.com\/pinnaclecart-widgets\/\" target=\"_blank\" rel=\"noopener noreferrer\">PinnacleCart<\/a>, \n<a href=\"https:\/\/elfsight.com\/wpbakery-plugins\/\" target=\"_blank\" rel=\"noopener noreferrer\">WPBakery<\/a>,\n <a href=\"https:\/\/elfsight.com\/siteorigin-widgets\/\" target=\"_blank\" rel=\"noopener noreferrer\">SiteOrigin<\/a>,\n <a href=\"https:\/\/elfsight.com\/divi-plugins\/\" target=\"_blank\" rel=\"noopener noreferrer\">Divi<\/a>,\n <a href=\"https:\/\/elfsight.com\/beaver-builder-plugins\/\" target=\"_blank\" rel=\"noopener noreferrer\">Beaver Builder<\/a>,\n <a href=\"https:\/\/elfsight.com\/fusion-plugins\/\" target=\"_blank\" rel=\"noopener noreferrer\">Fusion<\/a>, \n<a href=\"https:\/\/elfsight.com\/cornerstone-plugins\/\" target=\"_blank\" rel=\"noopener noreferrer\">Cornerstone<\/a>,\n <a href=\"https:\/\/elfsight.com\/thrive-architect-widgets\/\" target=\"_blank\" rel=\"noopener noreferrer\">Thrive Architect<\/a>,\n <a href=\"https:\/\/elfsight.com\/wordpress-page-builder-plugins\/\" target=\"_blank\" rel=\"noopener noreferrer\">WordPress Page Builder<\/a>,\n <a href=\"https:\/\/elfsight.com\/oxygen-builder-plugins\/\" target=\"_blank\" rel=\"noopener noreferrer\">Oxygen Builder<\/a>,\n <a href=\"https:\/\/elfsight.com\/gutenberg-plugins\/\" target=\"_blank\" rel=\"noopener noreferrer\">Gutenberg<\/a>,\n <a href=\"https:\/\/elfsight.com\/sp-page-builder-addons\/\" target=\"_blank\" rel=\"noopener noreferrer\">SP Page Builder<\/a>, \n<a href=\"https:\/\/elfsight.com\/google-sites-plugins\/\" target=\"_blank\" rel=\"noopener noreferrer\">Google Sites<\/a>,\n <a href=\"https:\/\/elfsight.com\/hubspot-plugins\/\" target=\"_blank\" rel=\"noopener noreferrer\">HubSpot<\/a>,\n <a href=\"https:\/\/elfsight.com\/instapage-widgets\/\" target=\"_blank\" rel=\"noopener noreferrer\">Instapage<\/a>,\n <a href=\"https:\/\/elfsight.com\/unbounce-integrations\/\" target=\"_blank\" rel=\"noopener noreferrer\">Unbounce<\/a>,\n <a href=\"https:\/\/elfsight.com\/wishpond-integrations\/\" target=\"_blank\" rel=\"noopener noreferrer\">Wishpond<\/a>,\n <a href=\"https:\/\/elfsight.com\/mailchimp-plugins\/\" target=\"_blank\" rel=\"noopener noreferrer\">Mailchimp<\/a>,\n <a href=\"https:\/\/elfsight.com\/getresponse-integrations\/\" target=\"_blank\" rel=\"noopener noreferrer\">GetResponse<\/a>,\n <a href=\"https:\/\/elfsight.com\/landingi-integrations\/\" target=\"_blank\" rel=\"noopener noreferrer\">Landingi<\/a>,\n <a href=\"https:\/\/elfsight.com\/sendinblue-integrations\/\" target=\"_blank\" rel=\"noopener noreferrer\">Sendinblue<\/a>,\n <a href=\"https:\/\/elfsight.com\/carrd-integrations\/\" target=\"_blank\" rel=\"noopener noreferrer\">Carrd<\/a>,\n <a href=\"https:\/\/elfsight.com\/templatetoaster-widgets\/\" target=\"_blank\" rel=\"noopener noreferrer\">TemplateToaster<\/a>,\n <a href=\"https:\/\/elfsight.com\/webself-widgets\/\" target=\"_blank\" rel=\"noopener noreferrer\">Webself<\/a>,\n <a href=\"https:\/\/elfsight.com\/americommerce-apps\/\" target=\"_blank\" rel=\"noopener noreferrer\">AmeriCommerce<\/a>,\n <a href=\"https:\/\/elfsight.com\/wp-engine-plugins\/\" target=\"_blank\" rel=\"noopener noreferrer\">WP Engine<\/a>,\n <a href=\"https:\/\/elfsight.com\/leadpages-integrations\/\" target=\"_blank\" rel=\"noopener noreferrer\">Leadpages<\/a>,\n<a href=\"https:\/\/elfsight.com\/pagecloud-apps\/\" target=\"_blank\" rel=\"noopener noreferrer\">Pagecloud<\/a>,\n<a href=\"https:\/\/elfsight.com\/jumpseller-apps\/\" target=\"_blank\" rel=\"noopener noreferrer\">Jumpseller<\/a>,\n<a href=\"https:\/\/elfsight.com\/zoho-apps\/\" target=\"_blank\" rel=\"noopener noreferrer\">Zoho<\/a>,\n<a href=\"https:\/\/elfsight.com\/ghost-cms-plugins\/\" target=\"_blank\" rel=\"noopener noreferrer\">Ghost<\/a>,\n<a href=\"https:\/\/elfsight.com\/netlify-widgets\/\" target=\"_blank\" rel=\"noopener noreferrer\">Netlify<\/a> and other.<\/p>\n<\/div>\r\n\t\t\t\t\t<\/div>\r\n\t\t\t\t<\/div>\n\n<div class=\"faq-item\">\r\n\t\t\t\t\t<div class=\"faq-item-question\">\r\n\t\t\t\t\t\t<h3 class=\"faq-item-question-text\">Cerchi un widget per il tuo sito web?<\/h3>\r\n\r\n\t\t\t\t\t\t<div class=\"faq-item-question-icon\"><\/div>\r\n\t\t\t\t\t<\/div>\r\n\r\n\t\t\t\t\t<div class=\"faq-item-answer\">\r\n\t\t\t\t\t\t<div class=\"faq-item-answer-text\">\n<p>Elfsight offre una raccolta di widget per aiutarti a raggiungere qualsiasi obiettivo. Tutto quello che devi fare per ricevere il tuo codice widget \u00e8 creare il tuo widget personalizzato e iscriverti al nostro servizio.<\/p><\/div>\r\n\t\t\t\t\t<\/div>\r\n\t\t\t\t<\/div>\n\n<div class=\"faq-item\">\r\n\t\t\t\t\t<div class=\"faq-item-question\">\r\n\t\t\t\t\t\t<h3 class=\"faq-item-question-text\">Come aggiungere i tuoi widget al sito web?<\/h3>\r\n\r\n\t\t\t\t\t\t<div class=\"faq-item-question-icon\"><\/div>\r\n\t\t\t\t\t<\/div>\r\n\r\n\t\t\t\t\t<div class=\"faq-item-answer\">\r\n\t\t\t\t\t\t<div class=\"faq-item-answer-text\">\n<p>Aggiungere un widget di Elfsight al tuo sito web non \u00e8 complicato. Di seguito considereremo i due tipi di installazione pi\u00f9 frequenti che rappresentano il 99% dei casi.<\/p>\n\n<h4>Aggiungi un widget a un template di sito Web (Header, Footer, sidebar etc.)<\/h4>\n\n<p>L&#8217;incorporamento di un widget in un elemento del template viene eseguito nell template editor, che consente di visualizzare il widget in qualsiasi area del sito web.<\/p>\n<ol>\n<li>Accedi al pannello di amministrazione del tuo sito web;<\/li>\n<li>Vai alla modifica del tema o del template;<\/li>\n<li>Trova l&#8217;elemento necessario (header, footer, sidebar, etc.) e incolla l\u00ec il codice del tuo widget;<\/li>\n<li>Salva le modifiche.<\/li>\n<\/ol>\n<h4>Aggiungere un widget a una pagina (home page, pagina principale, blog, ecc.)<\/h4>\n<p>Incorpora un widget in una determinata pagina del tuo sito web semplicemente incollando il codice del widget nell&#8217;area desiderata, utilizzando il page editor.<\/p>\n<ol>\n<li>Accedi al pannello di amministrazione del tuo sito web;<\/li>\n<li>Vai alla pagina in cui desideri inserire il widget;<\/li>\n<li>Cambia la modalit\u00e0 della pagina in HTML (se richiesto) e inserisci il codice del widget;<\/li>\n<li>Salva le modifiche.<\/li>\n<\/ol>\n\n<p>Non sai da dove cominciare? Hai problemi con la scelta? Tutti i nostri clienti godono di installazione gratuita e aiuto per la regolazione. Basta mettersi in contatto.<\/p>\n<\/div>\r\n\t\t\t\t\t<\/div>\r\n\t\t\t\t<\/div>\n\n<div class=\"faq-item\">\r\n\t\t\t\t\t<div class=\"faq-item-question\">\r\n\t\t\t\t\t\t<h3 class=\"faq-item-question-text\">Come rimuovere il widget dal mio sito web o dalla mia pagina web?<\/h3>\r\n\r\n\t\t\t\t\t\t<div class=\"faq-item-question-icon\"><\/div>\r\n\t\t\t\t\t<\/div>\r\n\r\n\t\t\t\t\t<div class=\"faq-item-answer\">\r\n\t\t\t\t\t\t<div class=\"faq-item-answer-text\">\n<p>Se \u00e8 necessario rimuovere il widget o trasferirlo in un&#8217;altra posizione del sito web, seguire le istruzioni di seguito, a seconda della posizione corrente del widget:<\/p>\n<ol>\n<li>Apri la pagina richiesta o il template nel tuo editor;<\/li>\n<li>Trova lo script del widget nel codice ed eliminalo;<\/li>\n<li>Salva le modifiche.<\/li>\n<\/ol>\n<p>Il widget \u00e8 stato completamente rimosso dalla pagina.<\/p>\n<\/div>\r\n\t\t\t\t\t<\/div>\r\n\t\t\t\t<\/div>\n\n<div class=\"faq-item\">\r\n\t\t\t\t\t<div class=\"faq-item-question\">\r\n\t\t\t\t\t\t<h3 class=\"faq-item-question-text\">Widget gratuiti e premium<\/h3>\r\n\r\n\t\t\t\t\t\t<div class=\"faq-item-question-icon\"><\/div>\r\n\t\t\t\t\t<\/div>\r\n\r\n\t\t\t\t\t<div class=\"faq-item-answer\">\r\n\t\t\t\t\t\t<div class=\"faq-item-answer-text\">\n<p>Offriamo una vasta gamma di tariffe, da quella gratuita a quella pi\u00f9 ricca di vantaggi. I piani gratuiti possono avere alcune visualizzazioni e mostrare limiti che puoi aumentare eseguendo l&#8217;upgrade al piano premium.<\/p><\/div>\r\n\t\t\t\t\t<\/div>\r\n\t\t\t\t<\/div>\n\n\n<div class=\"faq-item\">\r\n\t\t\t\t\t<div class=\"faq-item-question\">\r\n\t\t\t\t\t\t<h3 class=\"faq-item-question-text\">Chi \u00e8 il nostro target di riferimento?<\/h3>\r\n\r\n\t\t\t\t\t\t<div class=\"faq-item-question-icon\"><\/div>\r\n\t\t\t\t\t<\/div>\r\n\r\n\t\t\t\t\t<div class=\"faq-item-answer\">\r\n\t\t\t\t\t\t<div class=\"faq-item-answer-text\">\n<p>Tra i nostri principali clienti ci sono siti di e-commerce, musicisti, atleti e allenatori, artisti, designer, sviluppatori, rivenditori di articoli fatti a mano e altri. Offriamo loro l&#8217;opportunit\u00e0 di utilizzare i migliori plug-in di e-commerce, contenuti, moduli e social che aiutano a migliorare i loro siti web e il loro business.<\/p><\/div>\r\n\t\t\t\t\t<\/div>\r\n\t\t\t\t<\/div>\n\n<div class=\"faq-item\">\r\n\t\t\t\t\t<div class=\"faq-item-question\">\r\n\t\t\t\t\t\t<h3 class=\"faq-item-question-text\">Cosa sono i plugin del sito web di Elfsight?<\/h3>\r\n\r\n\t\t\t\t\t\t<div class=\"faq-item-question-icon\"><\/div>\r\n\t\t\t\t\t<\/div>\r\n\r\n\t\t\t\t\t<div class=\"faq-item-answer\">\r\n\t\t\t\t\t\t<div class=\"faq-item-answer-text\">\n<p>Elfsight offre soluzioni cloud per aggiornare il sito Web senza scrivere codice. Puoi provare i migliori widget e plugin per aumentare la conversione, aumentare il coinvolgimento e aumentare le vendite. Basta registrarsi, scegliere il widget e ottenere un codice per aggiungerlo.<\/p><\/div>\r\n\t\t\t\t\t<\/div>\r\n\t\t\t\t<\/div>\n<div class=\"faq-item\">\r\n\t\t\t\t\t<div class=\"faq-item-question\">\r\n\t\t\t\t\t\t<h3 class=\"faq-item-question-text\">Quali widget stanno per essere lanciati?<\/h3>\r\n\r\n\t\t\t\t\t\t<div class=\"faq-item-question-icon\"><\/div>\r\n\t\t\t\t\t<\/div>\r\n\r\n\t\t\t\t\t<div class=\"faq-item-answer\">\r\n\t\t\t\t\t\t<div class=\"faq-item-answer-text\">\n<p>Se desideri saperne di pi\u00f9 sui prossimi widget di Elfsight, <a href=\"https:\/\/elfsight.com\/coming-soon-widgets\/\" target=\"_blank\" rel=\"noopener noreferrer\">ecco un elenco <\/a> dei nostri prodotti futuri. Esplora quelli che ti interessano di pi\u00f9, scopri di pi\u00f9 sulle loro future funzionalit\u00e0 e design.<\/p><\/div>\r\n\t\t\t\t\t<\/div>\r\n\t\t\t\t<\/div>\n<\/div>\n\n<p>Non \u00e8 stato possibile trovare informazioni sull&#8217;aggiunta o sulla configurazione del widget? Non esitare a contattarci.<\/p>\n\n\n\n<p><\/p>\n","protected":false},"excerpt":{"rendered":"I Widget di Elfsight Offriamo i migliori plugin gratuiti e premium, che aiutano ad aumentare il coinvolgimento degli utenti, raccogliere pi\u00f9 contatti e aumentare le vendite: social widgets ecommerce widgets plugin per ottenere follower form widgets support widgets plugin per aumentare le vendite business widgets social media plugins content widgets&#8230;","protected":false},"author":11,"featured_media":0,"parent":0,"menu_order":0,"comment_status":"closed","ping_status":"closed","template":"templates\/template-applications.php","meta":{"publish_to_discourse":"","publish_post_category":"","wpdc_auto_publish_overridden":"","wpdc_topic_tags":"","wpdc_pin_topic":"","wpdc_pin_until":"","discourse_post_id":"","discourse_permalink":"","wpdc_publishing_response":"","wpdc_publishing_error":"","footnotes":""},"class_list":["post-10","page","type-page","status-publish","hentry"],"yoast_head":"<!-- This site is optimized with the Yoast SEO plugin v25.3.1 - https:\/\/yoast.com\/wordpress\/plugins\/seo\/ -->\n<title>I migliori widget e plugin gratuiti per il tuo sito web (2025)<\/title>\n<meta name=\"description\" content=\"I migliori widget premium per il tuo sito web. Esperienza senza problemi, supporto premium a vita e supporto gratuito per l&#039;installazione.\" \/>\n<meta name=\"robots\" content=\"index, follow, max-snippet:-1, max-image-preview:large, max-video-preview:-1\" \/>\n<link rel=\"canonical\" href=\"https:\/\/elfsight.com\/it\/widgets\/\" \/>\n<meta property=\"og:locale\" content=\"it_IT\" \/>\n<meta property=\"og:type\" content=\"article\" \/>\n<meta property=\"og:title\" content=\"I migliori widget e plugin gratuiti per il tuo sito web (2025)\" \/>\n<meta property=\"og:description\" content=\"I migliori widget premium per il tuo sito web. Esperienza senza problemi, supporto premium a vita e supporto gratuito per l&#039;installazione.\" \/>\n<meta property=\"og:url\" content=\"https:\/\/elfsight.com\/it\/widgets\/\" \/>\n<meta property=\"og:site_name\" content=\"Elfsight IT\" \/>\n<meta property=\"article:modified_time\" content=\"2024-12-24T11:55:38+00:00\" \/>\n<meta name=\"twitter:card\" content=\"summary_large_image\" \/>\n<meta name=\"twitter:label1\" content=\"Tempo di lettura stimato\" \/>\n\t<meta name=\"twitter:data1\" content=\"4 minuti\" \/>\n<!-- \/ Yoast SEO plugin. -->","yoast_head_json":{"title":"I migliori widget e plugin gratuiti per il tuo sito web (2025)","description":"I migliori widget premium per il tuo sito web. Esperienza senza problemi, supporto premium a vita e supporto gratuito per l'installazione.","robots":{"index":"index","follow":"follow","max-snippet":"max-snippet:-1","max-image-preview":"max-image-preview:large","max-video-preview":"max-video-preview:-1"},"canonical":"https:\/\/elfsight.com\/it\/widgets\/","og_locale":"it_IT","og_type":"article","og_title":"I migliori widget e plugin gratuiti per il tuo sito web (2025)","og_description":"I migliori widget premium per il tuo sito web. Esperienza senza problemi, supporto premium a vita e supporto gratuito per l'installazione.","og_url":"https:\/\/elfsight.com\/it\/widgets\/","og_site_name":"Elfsight IT","article_modified_time":"2024-12-24T11:55:38+00:00","twitter_card":"summary_large_image","twitter_misc":{"Tempo di lettura stimato":"4 minuti"},"schema":{"@context":"https:\/\/schema.org","@graph":[{"@type":"WebPage","@id":"https:\/\/elfsight.com\/it\/widgets\/","url":"https:\/\/elfsight.com\/it\/widgets\/","name":"I migliori widget e plugin gratuiti per il tuo sito web (2025)","isPartOf":{"@id":"https:\/\/elfsight.com\/it\/#website"},"datePublished":"2020-10-20T10:04:10+00:00","dateModified":"2024-12-24T11:55:38+00:00","description":"I migliori widget premium per il tuo sito web. Esperienza senza problemi, supporto premium a vita e supporto gratuito per l'installazione.","breadcrumb":{"@id":"https:\/\/elfsight.com\/it\/widgets\/#breadcrumb"},"inLanguage":"it-IT","potentialAction":[{"@type":"ReadAction","target":["https:\/\/elfsight.com\/it\/widgets\/"]}]},{"@type":"BreadcrumbList","@id":"https:\/\/elfsight.com\/it\/widgets\/#breadcrumb","itemListElement":[{"@type":"ListItem","position":1,"name":"Home","item":"https:\/\/elfsight.com\/it\/"},{"@type":"ListItem","position":2,"name":"Applications"}]},{"@type":"WebSite","@id":"https:\/\/elfsight.com\/it\/#website","url":"https:\/\/elfsight.com\/it\/","name":"Elfsight IT","description":"Just another Elfsight Sites site","potentialAction":[{"@type":"SearchAction","target":{"@type":"EntryPoint","urlTemplate":"https:\/\/elfsight.com\/it\/?s={search_term_string}"},"query-input":{"@type":"PropertyValueSpecification","valueRequired":true,"valueName":"search_term_string"}}],"inLanguage":"it-IT"}]}},"meta_box":{"industry":"","seo_heading":"","heading":"","description":"","cta_heading":"","cta_description":"","application":"","h1":"I migliori Widget per siti web","h1_caption":"Gratis e premium: e-commerce, form, contenuti e social plugin per il tuo sito web.","application_category":[],"applications_title":"Esplora i nostri widget","applications_request_title":"Non riesci a trovare il widget giusto?","applications_request_button_text":"Richiedi un widget","hero_text":"","hero_video":"","hero_video_schema_markup":"","selling_points_title":"","selling_points_caption":"","selling_points":[],"selling_points_cta_text":"","features_title":"","features":"","ed_cta_examples_text":"","ed_cta_examples_hidden":"","ed_cta_demo_text":"","ed_cta_demo_hidden":"","why_caption":"","why_editor_title":"","why_editor_text":"","why_team_title":"","why_team_text":"","why_service_title":"","why_service_text":"","template_catalog_visible":"","template_catalog_title":"","template_catalog_text":"","template_catalog_categories_visible":"","demo_title":"","demo_caption":"","default_faq_hidden":"","app_template_category":[],"platform":"","template_public_id":"","codecanyon_url":"","codecanyon_item_id":"","codecanyon_price":"","pricing_caption":"","pricing_elfsight_apps_hide_column":"","pricing_elfsight_apps_url":"","pricing_codecanyon_price_caption":"","integration_category":[],"integration_request_title":"","integration_request_cta":"","integration_platform":"","integrations":[],"platform_category":[],"video_schema_markup":"","price":"","trial":"","benefits":[],"button_url":"","button_target_blank":"","button_nofollow":"","attributes":[],"tags":[],"tags_disable_links":"","hide_more_platforms":"","video_object":"","demo_hide_cta":"","demo_hide_cloud_options":"","pricing_title":"","pricing":[],"related_apps_title":"","related_apps_hidden":"","author":"","image":[],"title":"","job":"","social_networks":[]},"_links":{"self":[{"href":"https:\/\/elfsight.com\/it\/wp-json\/wp\/v2\/pages\/10","targetHints":{"allow":["GET"]}}],"collection":[{"href":"https:\/\/elfsight.com\/it\/wp-json\/wp\/v2\/pages"}],"about":[{"href":"https:\/\/elfsight.com\/it\/wp-json\/wp\/v2\/types\/page"}],"author":[{"embeddable":true,"href":"https:\/\/elfsight.com\/it\/wp-json\/wp\/v2\/users\/11"}],"replies":[{"embeddable":true,"href":"https:\/\/elfsight.com\/it\/wp-json\/wp\/v2\/comments?post=10"}],"version-history":[{"count":15,"href":"https:\/\/elfsight.com\/it\/wp-json\/wp\/v2\/pages\/10\/revisions"}],"predecessor-version":[{"id":25,"href":"https:\/\/elfsight.com\/it\/wp-json\/wp\/v2\/pages\/10\/revisions\/25"}],"wp:attachment":[{"href":"https:\/\/elfsight.com\/it\/wp-json\/wp\/v2\/media?parent=10"}],"curies":[{"name":"wp","href":"https:\/\/api.w.org\/{rel}","templated":true}]}}