{"id":9996,"date":"1970-01-01T00:00:00","date_gmt":"1970-01-01T00:00:00","guid":{"rendered":"https:\/\/elfsight.com\/fr\/?page_id=9996"},"modified":"2025-07-10T13:11:32","modified_gmt":"2025-07-10T13:11:32","slug":"opencart","status":"publish","type":"page","link":"https:\/\/elfsight.com\/fr\/radio-player-widget\/opencart\/","title":{"rendered":"Radio Player &#8211; OpenCart"},"content":{"rendered":"<div class=\"application-platform-content-item-description application-platform-content-item\" id=\"description\" data-nav-section=\"description\"> <h2>Description<\/h2> <p>Elfsight Radio est une extension simple vous permettant de lire des stations de radio sur votre site Web. Le module est totalement personnalisable\u00a0: vous pouvez modifier sa position, l&rsquo;int\u00e9grer n&rsquo;importe o\u00f9 sur la page, redimensionner sa taille, repeindre l&rsquo;arri\u00e8re-plan et toutes les autres parties pour le m\u00e9langer au style de votre site, utiliser des couleurs sombres, afficher les couvertures et afficher ou masquer trois autres composants du joueur tels que le titre, le statut et autres. Ajoutez autant de stations que n\u00e9cessaire pour ravir vos utilisateurs, activez la lecture automatique et soyez-en s\u00fbr\u00a0: vos visiteurs ne quitteront pas votre page Web imm\u00e9diatement\u00a0!<\/p><p><b>\u00c9quipez votre audience d&rsquo;une source suppl\u00e9mentaire d&rsquo;informations utiles. et du contenu divertissant utilisant l&rsquo;extension Radio Player.<\/b><\/p> <\/div> <div class=\"application-platform-content-item-features application-platform-content-item\" id=\"features\" data-nav-section=\"features\"> <h2>Voici les fonctionnalit\u00e9s fondamentales de l&rsquo;extension\u00a0:<\/h2> <ul><li>Divers variations de couleurs.<\/li><li>Th\u00e8me de couleur sombre\/clair.<\/li><li>Deux mises en page pr\u00eates \u00e0 l&#8217;emploi.<\/li><li>Possibilit\u00e9 d&rsquo;ajouter une image d&rsquo;arri\u00e8re-plan.<\/li><li>Adjecter nombre infini de stations.<\/li><\/ul><p><a href=\"#demo\">Explorez toutes les fonctionnalit\u00e9s de personnalisation dans une d\u00e9mo compl\u00e8te<\/a><\/p> <\/div> <div class=\"application-platform-content-item-installation application-platform-content-item\" id=\"installation\" data-nav-section=\"installation\"> <h2>Comment ajouter Radio Player dans mon site OpenCart ?<\/h2> <p>Suivez simplement les \u00e9tapes d\u00e9crites ci-dessous pour activer le module.<\/p> <ol><li><b>Lancement notre \u00e9diteur gratuit et commencez \u00e0 cr\u00e9er votre extension sur mesure. <\/b><br> Choisissez la disposition et les options souhait\u00e9es pour l&rsquo;extension et appliquez toutes les modifications. <\/li> <li><b>Recevez votre code individuel affich\u00e9 dans la fen\u00eatre des applications Elfsight. <\/b><br> Juste apr\u00e8s la cr\u00e9ation de votre extension, copiez votre code dans la fen\u00eatre contextuelle qui appara\u00eet et conservez-le pour une utilisation ult\u00e9rieure. <\/li> <li><b>Initier l&rsquo;utilisation de l&rsquo;extension sur le site Web OpenCart. <\/b><br> Int\u00e9grez le code copi\u00e9 auparavant dans votre site et enregistrez les ajustements. <\/li> <li><b>Vous avez termin\u00e9\u00a0! L&rsquo;int\u00e9gration est pleinement r\u00e9alis\u00e9e. <\/b><br> Acc\u00e9dez \u00e0 votre site pour examiner les performances de l&rsquo;extension. <\/li><\/ol><p>A condition de vous confronter \u00e0 des questions ou d&rsquo;affronter certains obstacles, n&rsquo;h\u00e9sitez pas \u00e0 vous adresser \u00e0 notre \u00e9quipe d&rsquo;assistance. Nos collaborateurs ont h\u00e2te de r\u00e9soudre tous les probl\u00e8mes que vous pourriez rencontrer avec l&rsquo;outil.<\/p> <\/div>","protected":false},"excerpt":{"rendered":"","protected":false},"author":9,"featured_media":0,"parent":2723,"menu_order":0,"comment_status":"closed","ping_status":"closed","template":"templates\/template-application-platform.php","meta":{"publish_to_discourse":"","publish_post_category":"","wpdc_auto_publish_overridden":"","wpdc_topic_tags":"","wpdc_pin_topic":"","wpdc_pin_until":"","discourse_post_id":"","discourse_permalink":"","wpdc_publishing_response":"","wpdc_publishing_error":"","footnotes":""},"class_list":["post-9996","page","type-page","status-publish","hentry"],"yoast_head":"<!-- This site is optimized with the Yoast SEO plugin v25.3.1 - https:\/\/yoast.com\/wordpress\/plugins\/seo\/ -->\n<title>Elfsight Radio Player pour les sites Web OpenCart (gratuit et facile)<\/title>\n<meta name=\"description\" content=\"Introduisez une extension Radio Player r\u00e9active sur votre site. Appliquez notre d\u00e9mo pratique et construisez votre outil en quelques clics\u00a0!\" \/>\n<meta name=\"robots\" content=\"index, follow, max-snippet:-1, max-image-preview:large, max-video-preview:-1\" \/>\n<link rel=\"canonical\" href=\"https:\/\/elfsight.com\/fr\/radio-player-widget\/opencart\/\" \/>\n<meta property=\"og:locale\" content=\"fr_FR\" \/>\n<meta property=\"og:type\" content=\"article\" \/>\n<meta property=\"og:title\" content=\"Elfsight Radio Player pour les sites Web OpenCart (gratuit et facile)\" \/>\n<meta property=\"og:description\" content=\"Introduisez une extension Radio Player r\u00e9active sur votre site. Appliquez notre d\u00e9mo pratique et construisez votre outil en quelques clics\u00a0!\" \/>\n<meta property=\"og:url\" content=\"https:\/\/elfsight.com\/fr\/radio-player-widget\/opencart\/\" \/>\n<meta property=\"og:site_name\" content=\"Elfsight FR\" \/>\n<meta property=\"article:modified_time\" content=\"2025-07-10T13:11:32+00:00\" \/>\n<meta name=\"twitter:card\" content=\"summary_large_image\" \/>\n<meta name=\"twitter:label1\" content=\"Dur\u00e9e de lecture estim\u00e9e\" \/>\n\t<meta name=\"twitter:data1\" content=\"2 minutes\" \/>\n<!-- \/ Yoast SEO plugin. -->","yoast_head_json":{"title":"Elfsight Radio Player pour les sites Web OpenCart (gratuit et facile)","description":"Introduisez une extension Radio Player r\u00e9active sur votre site. Appliquez notre d\u00e9mo pratique et construisez votre outil en quelques clics\u00a0!","robots":{"index":"index","follow":"follow","max-snippet":"max-snippet:-1","max-image-preview":"max-image-preview:large","max-video-preview":"max-video-preview:-1"},"canonical":"https:\/\/elfsight.com\/fr\/radio-player-widget\/opencart\/","og_locale":"fr_FR","og_type":"article","og_title":"Elfsight Radio Player pour les sites Web OpenCart (gratuit et facile)","og_description":"Introduisez une extension Radio Player r\u00e9active sur votre site. Appliquez notre d\u00e9mo pratique et construisez votre outil en quelques clics\u00a0!","og_url":"https:\/\/elfsight.com\/fr\/radio-player-widget\/opencart\/","og_site_name":"Elfsight FR","article_modified_time":"2025-07-10T13:11:32+00:00","twitter_card":"summary_large_image","twitter_misc":{"Dur\u00e9e de lecture estim\u00e9e":"2 minutes"},"schema":{"@context":"https:\/\/schema.org","@graph":[{"@type":"WebPage","@id":"https:\/\/elfsight.com\/fr\/radio-player-widget\/opencart\/","url":"https:\/\/elfsight.com\/fr\/radio-player-widget\/opencart\/","name":"Elfsight Radio Player pour les sites Web OpenCart (gratuit et facile)","isPartOf":{"@id":"https:\/\/elfsight.com\/fr\/#website"},"datePublished":"1970-01-01T00:00:00+00:00","dateModified":"2025-07-10T13:11:32+00:00","description":"Introduisez une extension Radio Player r\u00e9active sur votre site. Appliquez notre d\u00e9mo pratique et construisez votre outil en quelques clics\u00a0!","breadcrumb":{"@id":"https:\/\/elfsight.com\/fr\/radio-player-widget\/opencart\/#breadcrumb"},"inLanguage":"fr-FR","potentialAction":[{"@type":"ReadAction","target":["https:\/\/elfsight.com\/fr\/radio-player-widget\/opencart\/"]}]},{"@type":"BreadcrumbList","@id":"https:\/\/elfsight.com\/fr\/radio-player-widget\/opencart\/#breadcrumb","itemListElement":[{"@type":"ListItem","position":1,"name":"Home","item":"https:\/\/elfsight.com\/fr\/"},{"@type":"ListItem","position":2,"name":"Radio Player","item":"https:\/\/elfsight.com\/fr\/radio-player-widget\/"},{"@type":"ListItem","position":3,"name":"Radio Player &#8211; OpenCart"}]},{"@type":"WebSite","@id":"https:\/\/elfsight.com\/fr\/#website","url":"https:\/\/elfsight.com\/fr\/","name":"Elfsight FR","description":"","potentialAction":[{"@type":"SearchAction","target":{"@type":"EntryPoint","urlTemplate":"https:\/\/elfsight.com\/fr\/?s={search_term_string}"},"query-input":{"@type":"PropertyValueSpecification","valueRequired":true,"valueName":"search_term_string"}}],"inLanguage":"fr-FR"}]}},"meta_box":{"industry":"","seo_heading":"","heading":"","description":"","cta_heading":"","cta_description":"","application":"2722","h1":"Extension du lecteur radio OpenCart","h1_caption":"Ajoutez un flux radio en direct \u00e0 votre site Web avec un lecteur personnalisable qui adapte sans effort votre image de marque \u00e0 votre site Web Opencart.","application_category":[],"applications_title":"","applications_request_title":"","applications_request_button_text":"","hero_text":"","hero_video":"","hero_video_schema_markup":"","selling_points_title":"","selling_points_caption":"","selling_points":[],"selling_points_cta_text":"","features_title":"","features":"","ed_cta_examples_text":"","ed_cta_examples_hidden":"","ed_cta_demo_text":"","ed_cta_demo_hidden":"","why_caption":"","why_editor_title":"","why_editor_text":"","why_team_title":"","why_team_text":"","why_service_title":"","why_service_text":"","template_catalog_visible":"","template_catalog_title":"","template_catalog_text":"","template_catalog_categories_visible":"","demo_title":"Cr\u00e9ez votre extension Radio Player","demo_caption":"Configurez votre lecteur radio et ajoutez-le gratuitement \u00e0 votre site Web OpenCart\u00a0!","default_faq_hidden":"","app_template_category":[],"platform":"359","template_public_id":"","codecanyon_url":"","codecanyon_item_id":"","codecanyon_price":"","pricing_caption":"","pricing_elfsight_apps_hide_column":"","pricing_elfsight_apps_url":"","pricing_codecanyon_price_caption":"","integration_category":[],"integration_request_title":"","integration_request_cta":"","integration_platform":"","integrations":[],"platform_category":[],"video_schema_markup":"","price":"\u00e0 partir de 0$ \/ mois","trial":"","benefits":[{"text":"Assistance \u00e0 l'installation gratuite"},{"text":"Service client efficace"},{"text":"Garantie de remboursement de 14 jours"},{"text":"Mises \u00e0 jour continues"}],"button_url":"","button_target_blank":"","button_nofollow":"","attributes":[{"name":"Installations","content":"10,000 - 100,000"},{"name":"Sensible","content":"Oui"},{"name":"Navigateurs compatibles","content":"Chrome, Firefox, Opera, Edge, Safari"}],"tags":[],"tags_disable_links":"","hide_more_platforms":"","video_object":"","demo_hide_cta":"","demo_hide_cloud_options":"","pricing_title":"","pricing":[{"pricing_icon":"platform","pricing_title":"Elfsight Apps","pricing_title_caption":"Solution num\u00e9rique multiplateforme","pricing_price":"from $0 \/ month","pricing_price_caption":"commencez avec un forfait gratuit","pricing_benefits":[{"text":"Domaines illimit\u00e9s"},{"text":"Assistance rapide et ponctuelle"},{"text":"Aide \u00e0 l'installation gratuite"},{"text":"Conception flexible"}],"pricing_button_text":"Ajouter au site Web","pricing_button_url":"#demo"}],"related_apps_title":"","related_apps_hidden":"","author":"","image":[],"title":"","job":"","social_networks":[]},"_links":{"self":[{"href":"https:\/\/elfsight.com\/fr\/wp-json\/wp\/v2\/pages\/9996","targetHints":{"allow":["GET"]}}],"collection":[{"href":"https:\/\/elfsight.com\/fr\/wp-json\/wp\/v2\/pages"}],"about":[{"href":"https:\/\/elfsight.com\/fr\/wp-json\/wp\/v2\/types\/page"}],"author":[{"embeddable":true,"href":"https:\/\/elfsight.com\/fr\/wp-json\/wp\/v2\/users\/9"}],"replies":[{"embeddable":true,"href":"https:\/\/elfsight.com\/fr\/wp-json\/wp\/v2\/comments?post=9996"}],"version-history":[{"count":1,"href":"https:\/\/elfsight.com\/fr\/wp-json\/wp\/v2\/pages\/9996\/revisions"}],"predecessor-version":[{"id":10000,"href":"https:\/\/elfsight.com\/fr\/wp-json\/wp\/v2\/pages\/9996\/revisions\/10000"}],"up":[{"embeddable":true,"href":"https:\/\/elfsight.com\/fr\/wp-json\/wp\/v2\/pages\/2723"}],"wp:attachment":[{"href":"https:\/\/elfsight.com\/fr\/wp-json\/wp\/v2\/media?parent=9996"}],"curies":[{"name":"wp","href":"https:\/\/api.w.org\/{rel}","templated":true}]}}