{"id":9989,"date":"1970-01-01T00:00:00","date_gmt":"1970-01-01T00:00:00","guid":{"rendered":"https:\/\/elfsight.com\/fr\/?page_id=9989"},"modified":"2024-12-19T10:54:27","modified_gmt":"2024-12-19T10:54:27","slug":"webflow","status":"publish","type":"page","link":"https:\/\/elfsight.com\/fr\/radio-player-widget\/webflow\/","title":{"rendered":"Radio Player &#8211; Webflow"},"content":{"rendered":"\n<div class=\"application-platform-content-item-description application-platform-content-item\" id=\"description\" data-nav-section=\"description\"> <h2>Int\u00e9grer un lecteur radio sur Webflow avec le widget Elfsight<\/h2> <p>Le widget Elfsight Radio est un outil simple qui vous permet de diffuser de la radio stations sur les pages de votre site Internet. Le plugin est extr\u00eamement r\u00e9glable\u00a0: vous pouvez modifier sa position, le d\u00e9finir n&rsquo;importe o\u00f9 sur la page, modifier sa taille, modifier l&rsquo;arri\u00e8re-plan et d&rsquo;autres parties pour le m\u00e9langer avec la conception de votre site, utiliser une palette de couleurs sombres, r\u00e9v\u00e9ler des images et d\u00e9montrer ou masquer 3 des composants de joueur suppl\u00e9mentaires tels que le titre, le statut et plus encore. Vous pouvez t\u00e9l\u00e9charger autant de stations que vous le souhaitez pour engager votre public, activer l&rsquo;option de lecture automatique et soyez-en s\u00fbr\u00a0: vos visiteurs ne quitteront pas votre site Web imm\u00e9diatement\u00a0!<\/p> <p><b>Fournissez \u00e0 vos visiteurs une toute nouvelle source. de contenu utile et int\u00e9ressant en appliquant Radio Player.<\/b><\/p> <\/div> <div class=\"application-platform-content-item-features application-platform-content-item\" id=\"features\" data-nav-section=\"features\"> <h2>Le widget comprend des fonctionnalit\u00e9s utiles et rapides, visualisez-en quelques-unes\u00a0:<\/h2> <ul><li>Diverses variations de couleurs.<\/li><li>Th\u00e8me de couleur sombre\/clair.<\/li><li>Deux mises en page applicables.<\/li><li>Une option pour ajouter une image d&rsquo;arri\u00e8re-plan.<\/li><li>Un nombre illimit\u00e9 de stations.<\/li><\/ul><p><a href=\"#demo\">Vous pouvez d\u00e9couvrir le fonctionnement du widget en essayant la d\u00e9mo<\/a><\/p> <\/div> <div class=\"application-platform-content-item-installation application-platform-content-item\" id=\"installation\" data-nav-section=\"installation\"> <h2>Comment puis-je int\u00e9grer Radio Player sur mon site Webflow\u00a0?<\/h2><div class=\"video-container\"><iframe width=\"720\" height=\"405\" src=\"https:\/\/www.youtube.com\/embed\/SN1x_pYrglc\" frameborder=\"0\" allowfullscreen=\"\"><\/iframe><\/div><p>Appliquez simplement les instructions ci-dessous pour ins\u00e9rer l&rsquo;outil.<\/p> <ol><li><b>Utilisez notre configurateur gratuit et commencez \u00e0 cr\u00e9er votre widget personnalis\u00e9.<\/b><br> Sp\u00e9cifiez la mise en page et les sp\u00e9cifications pr\u00e9f\u00e9r\u00e9es du plugin et enregistrez les modifications.<\/li> <li><b>Obtenez votre code unique r\u00e9v\u00e9l\u00e9 dans la veuve sur les applications Elfsight.<\/b><br> Juste apr\u00e8s la personnalisation de votre outil personnel, copiez le code exclusif de la fen\u00eatre contextuelle qui appara\u00eet et conservez-le pour d&rsquo;autres besoins.<\/li> <li><b>Commencez l&rsquo;application du widget sur votre site Webflow.<\/b><br> Placez le code que vous avez enregistr\u00e9 auparavant dans votre page Web et enregistrez les ajustements. <\/li> <li><b>L&rsquo;installation est enti\u00e8rement effectu\u00e9e.<\/b><br> Visitez votre site pour voir comment fonctionne le plugin.<\/li><\/ol> <p>\u00c0 condition de Si vous avez des questions ou rencontrez des probl\u00e8mes, n&rsquo;h\u00e9sitez pas \u00e0 vous adresser \u00e0 notre \u00e9quipe d&rsquo;assistance. Nos consultants sont impatients de r\u00e9soudre toutes les questions que vous pourriez vous poser avec le widget.<\/p> <div class=\"faq\" data-component=\"FAQ\"><div class=\"faq-item\">\r\n\t\t\t\t\t<div class=\"faq-item-question\">\r\n\t\t\t\t\t\t<h3 class=\"faq-item-question-text\">Comment puis-je int\u00e9grer un widget Radio Player dans mon site Webflow sans comp\u00e9tences en codage ?<\/h3>\r\n\r\n\t\t\t\t\t\t<div class=\"faq-item-question-icon\"><\/div>\r\n\t\t\t\t\t<\/div>\r\n\r\n\t\t\t\t\t<div class=\"faq-item-answer\">\r\n\t\t\t\t\t\t<div class=\"faq-item-answer-text\"><p>Elfsight fournit une solution bas\u00e9e sur le cloud qui permet aux utilisateurs de cr\u00e9er eux-m\u00eames un widget Radio Player. D\u00e9couvrez \u00e0 quel point le processus est simple\u00a0:<\/p><ul><li>Acc\u00e9dez \u00e0 l&rsquo;\u00e9diteur en ligne pour g\u00e9n\u00e9rer une section de widget Radio Player que vous souhaiteriez que vous souhaitez int\u00e9grer \u00e0 votre site Webflow.<\/li><li>Choisissez l&rsquo;un de nos mod\u00e8les pr\u00e9d\u00e9finis et personnalisez les param\u00e8tres du widget Radio Player, modifiez la mise en page et la palette de couleurs, incluez votre contenu sans aucun codage.<\/li><li>Enregistrez les param\u00e8tres que vous avez configur\u00e9s pour le widget Radio Player et obtenez le code pour int\u00e9grer le widget, qui peut \u00eatre ajout\u00e9 sans effort et gratuitement \u00e0 votre site Webflow.<\/li><\/ul><p>Par En travaillant dans l&rsquo;\u00e9diteur convivial, tout internaute peut cr\u00e9er une section de widget Radio Player et l&rsquo;int\u00e9grer dans son site Web Webflow. Il n&rsquo;y a aucune exigence de paiement ou de divulgation des informations de votre carte pour acc\u00e9der \u00e0 l&rsquo;\u00e9diteur Elfsight. Si vous rencontrez des difficult\u00e9s \u00e0 un moment donn\u00e9, n&rsquo;h\u00e9sitez pas \u00e0 contacter notre service client.<\/p><\/div>\r\n\t\t\t\t\t<\/div>\r\n\t\t\t\t<\/div><\/div><\/div>\n","protected":false},"excerpt":{"rendered":"","protected":false},"author":9,"featured_media":0,"parent":2723,"menu_order":0,"comment_status":"closed","ping_status":"closed","template":"templates\/template-application-platform.php","meta":{"publish_to_discourse":"","publish_post_category":"","wpdc_auto_publish_overridden":"","wpdc_topic_tags":"","wpdc_pin_topic":"","wpdc_pin_until":"","discourse_post_id":"","discourse_permalink":"","wpdc_publishing_response":"","wpdc_publishing_error":"","footnotes":""},"class_list":["post-9989","page","type-page","status-publish","hentry"],"yoast_head":"<!-- This site is optimized with the Yoast SEO plugin v25.3.1 - https:\/\/yoast.com\/wordpress\/plugins\/seo\/ -->\n<title>Site Web Elfsight Radio Player pour Webflow (gratuit et facile \u00e0 ajouter)<\/title>\n<meta name=\"description\" content=\"Impl\u00e9mentez un widget Radio Player r\u00e9actif sur votre page d&#039;accueil. Utilisez notre d\u00e9mo pratique et construisez-la en quelques clics !\" \/>\n<meta name=\"robots\" content=\"index, follow, max-snippet:-1, max-image-preview:large, max-video-preview:-1\" \/>\n<link rel=\"canonical\" href=\"https:\/\/elfsight.com\/fr\/radio-player-widget\/webflow\/\" \/>\n<meta property=\"og:locale\" content=\"fr_FR\" \/>\n<meta property=\"og:type\" content=\"article\" \/>\n<meta property=\"og:title\" content=\"Site Web Elfsight Radio Player pour Webflow (gratuit et facile \u00e0 ajouter)\" \/>\n<meta property=\"og:description\" content=\"Impl\u00e9mentez un widget Radio Player r\u00e9actif sur votre page d&#039;accueil. Utilisez notre d\u00e9mo pratique et construisez-la en quelques clics !\" \/>\n<meta property=\"og:url\" content=\"https:\/\/elfsight.com\/fr\/radio-player-widget\/webflow\/\" \/>\n<meta property=\"og:site_name\" content=\"Elfsight FR\" \/>\n<meta property=\"article:modified_time\" content=\"2024-12-19T10:54:27+00:00\" \/>\n<meta name=\"twitter:card\" content=\"summary_large_image\" \/>\n<meta name=\"twitter:label1\" content=\"Dur\u00e9e de lecture estim\u00e9e\" \/>\n\t<meta name=\"twitter:data1\" content=\"3 minutes\" \/>\n<!-- \/ Yoast SEO plugin. -->","yoast_head_json":{"title":"Site Web Elfsight Radio Player pour Webflow (gratuit et facile \u00e0 ajouter)","description":"Impl\u00e9mentez un widget Radio Player r\u00e9actif sur votre page d'accueil. Utilisez notre d\u00e9mo pratique et construisez-la en quelques clics !","robots":{"index":"index","follow":"follow","max-snippet":"max-snippet:-1","max-image-preview":"max-image-preview:large","max-video-preview":"max-video-preview:-1"},"canonical":"https:\/\/elfsight.com\/fr\/radio-player-widget\/webflow\/","og_locale":"fr_FR","og_type":"article","og_title":"Site Web Elfsight Radio Player pour Webflow (gratuit et facile \u00e0 ajouter)","og_description":"Impl\u00e9mentez un widget Radio Player r\u00e9actif sur votre page d'accueil. Utilisez notre d\u00e9mo pratique et construisez-la en quelques clics !","og_url":"https:\/\/elfsight.com\/fr\/radio-player-widget\/webflow\/","og_site_name":"Elfsight FR","article_modified_time":"2024-12-19T10:54:27+00:00","twitter_card":"summary_large_image","twitter_misc":{"Dur\u00e9e de lecture estim\u00e9e":"3 minutes"},"schema":{"@context":"https:\/\/schema.org","@graph":[{"@type":"WebPage","@id":"https:\/\/elfsight.com\/fr\/radio-player-widget\/webflow\/","url":"https:\/\/elfsight.com\/fr\/radio-player-widget\/webflow\/","name":"Site Web Elfsight Radio Player pour Webflow (gratuit et facile \u00e0 ajouter)","isPartOf":{"@id":"https:\/\/elfsight.com\/fr\/#website"},"datePublished":"1970-01-01T00:00:00+00:00","dateModified":"2024-12-19T10:54:27+00:00","description":"Impl\u00e9mentez un widget Radio Player r\u00e9actif sur votre page d'accueil. Utilisez notre d\u00e9mo pratique et construisez-la en quelques clics !","breadcrumb":{"@id":"https:\/\/elfsight.com\/fr\/radio-player-widget\/webflow\/#breadcrumb"},"inLanguage":"fr-FR","potentialAction":[{"@type":"ReadAction","target":["https:\/\/elfsight.com\/fr\/radio-player-widget\/webflow\/"]}]},{"@type":"BreadcrumbList","@id":"https:\/\/elfsight.com\/fr\/radio-player-widget\/webflow\/#breadcrumb","itemListElement":[{"@type":"ListItem","position":1,"name":"Home","item":"https:\/\/elfsight.com\/fr\/"},{"@type":"ListItem","position":2,"name":"Radio Player","item":"https:\/\/elfsight.com\/fr\/radio-player-widget\/"},{"@type":"ListItem","position":3,"name":"Radio Player &#8211; Webflow"}]},{"@type":"WebSite","@id":"https:\/\/elfsight.com\/fr\/#website","url":"https:\/\/elfsight.com\/fr\/","name":"Elfsight FR","description":"","potentialAction":[{"@type":"SearchAction","target":{"@type":"EntryPoint","urlTemplate":"https:\/\/elfsight.com\/fr\/?s={search_term_string}"},"query-input":{"@type":"PropertyValueSpecification","valueRequired":true,"valueName":"search_term_string"}}],"inLanguage":"fr-FR"}]}},"meta_box":{"industry":"","seo_heading":"","heading":"","description":"","cta_heading":"","cta_description":"","application":"2722","h1":"Widget du lecteur Webflow Radio","h1_caption":"Ajoutez un flux radio en direct \u00e0 votre site Web avec un lecteur personnalisable qui adapte sans effort votre image de marque \u00e0 votre site Web Webflow.","application_category":[],"applications_title":"","applications_request_title":"","applications_request_button_text":"","hero_text":"","hero_video":"","hero_video_schema_markup":"","selling_points_title":"","selling_points_caption":"","selling_points":[],"selling_points_cta_text":"","features_title":"","features":"","ed_cta_examples_text":"","ed_cta_examples_hidden":"","ed_cta_demo_text":"","ed_cta_demo_hidden":"","why_caption":"","why_editor_title":"","why_editor_text":"","why_team_title":"","why_team_text":"","why_service_title":"","why_service_text":"","template_catalog_visible":"0","template_catalog_title":"","template_catalog_text":"","template_catalog_categories_visible":"","demo_title":"Cr\u00e9ez votre widget Lecteur Radio","demo_caption":"Configurez votre Player Radio et ajoutez-le gratuitement \u00e0 votre site Webflow !","default_faq_hidden":"","app_template_category":[],"platform":"362","template_public_id":"","codecanyon_url":"","codecanyon_item_id":"","codecanyon_price":"","pricing_caption":"","pricing_elfsight_apps_hide_column":"","pricing_elfsight_apps_url":"","pricing_codecanyon_price_caption":"","integration_category":[],"integration_request_title":"","integration_request_cta":"","integration_platform":"","integrations":[],"platform_category":[],"video_schema_markup":"","price":"\u00e0 partir de 0$ \/ mois","trial":"","benefits":[{"text":"Assistance \u00e0 l'installation gratuite"},{"text":"Un soutien exceptionnel"},{"text":"Garantie de remboursement de 14 jours"},{"text":"Mises \u00e0 jour gratuites \u00e0 vie"}],"button_url":"","button_target_blank":"0","button_nofollow":"0","attributes":[{"name":"Installations","content":"10,000 - 100,000"},{"name":"Sensible","content":"Oui"},{"name":"Navigateurs compatibles","content":"Chrome, Firefox, Safari, Opera, Edge"}],"tags":[],"tags_disable_links":"0","hide_more_platforms":"","video_object":"","demo_hide_cta":"0","demo_hide_cloud_options":"0","pricing_title":"","pricing":[{"pricing_icon":"platform","pricing_title":"Elfsight Apps","pricing_title_caption":"Solution num\u00e9rique ind\u00e9pendante de la plateforme qui s'adapte \u00e0 n'importe quel site","pricing_price":"from $0 \/ month","pricing_price_caption":"commencez avec un forfait gratuit","pricing_benefits":[{"text":"Domaines illimit\u00e9s"},{"text":"Support client d\u00e9di\u00e9"},{"text":"Service d'installation gratuit"},{"text":"Offre sp\u00e9ciale pour plusieurs applications"}],"pricing_button_text":"Ajouter au site Web","pricing_button_url":"#demo"}],"related_apps_title":"","related_apps_hidden":"0","author":"","image":[],"title":"","job":"","social_networks":[]},"_links":{"self":[{"href":"https:\/\/elfsight.com\/fr\/wp-json\/wp\/v2\/pages\/9989","targetHints":{"allow":["GET"]}}],"collection":[{"href":"https:\/\/elfsight.com\/fr\/wp-json\/wp\/v2\/pages"}],"about":[{"href":"https:\/\/elfsight.com\/fr\/wp-json\/wp\/v2\/types\/page"}],"author":[{"embeddable":true,"href":"https:\/\/elfsight.com\/fr\/wp-json\/wp\/v2\/users\/9"}],"replies":[{"embeddable":true,"href":"https:\/\/elfsight.com\/fr\/wp-json\/wp\/v2\/comments?post=9989"}],"version-history":[{"count":3,"href":"https:\/\/elfsight.com\/fr\/wp-json\/wp\/v2\/pages\/9989\/revisions"}],"predecessor-version":[{"id":15909,"href":"https:\/\/elfsight.com\/fr\/wp-json\/wp\/v2\/pages\/9989\/revisions\/15909"}],"up":[{"embeddable":true,"href":"https:\/\/elfsight.com\/fr\/wp-json\/wp\/v2\/pages\/2723"}],"wp:attachment":[{"href":"https:\/\/elfsight.com\/fr\/wp-json\/wp\/v2\/media?parent=9989"}],"curies":[{"name":"wp","href":"https:\/\/api.w.org\/{rel}","templated":true}]}}