{"id":9987,"date":"1970-01-01T00:00:00","date_gmt":"1970-01-01T00:00:00","guid":{"rendered":"https:\/\/elfsight.com\/fr\/?page_id=9987"},"modified":"2025-07-10T13:11:51","modified_gmt":"2025-07-10T13:11:51","slug":"weebly","status":"publish","type":"page","link":"https:\/\/elfsight.com\/fr\/radio-player-widget\/weebly\/","title":{"rendered":"Radio Player &#8211; Weebly"},"content":{"rendered":"<div class=\"application-platform-content-item-description application-platform-content-item\" id=\"description\" data-nav-section=\"description\"> <h2>Description<\/h2> <p>Elfsight Radio est une application simple vous donnant la possibilit\u00e9 de diffuser des stations de radio directement sur les pages de votre site. . L&rsquo;outil est extr\u00eamement personnalisable\u00a0: vous pouvez modifier son emplacement, le placer n&rsquo;importe o\u00f9 sur la page, modifier sa taille, recolorer l&rsquo;arri\u00e8re-plan et d&rsquo;autres \u00e9l\u00e9ments pour le m\u00e9langer avec le style de votre site Web, appliquer un th\u00e8me sombre, r\u00e9v\u00e9ler des couvertures et afficher ou masquer trois joueurs suppl\u00e9mentaires. des composants tels que le titre, le statut et autres. Ajoutez autant de stations que vous le souhaitez pour ravir vos utilisateurs, activez la lecture automatique et n&rsquo;ayez aucun doute : vos utilisateurs ne quitteront pas votre site Web pr\u00e9cipitamment ! <\/p> <p><b>\u00c9quipez votre audience avec une toute nouvelle source de contenu utile et engageant en utilisant le widget Elfsight Radio Player<\/b><\/p> <\/div> <div class=\"application-platform-content-item-features application-platform-content-item\" id=\"features\" data-nav-section=\"features\"> <h2> Voici la liste des fonctionnalit\u00e9s les plus pr\u00e9cieuses\u00a0: <\/h2> <ul><li>Modifications de couleurs illimit\u00e9es. <\/li><li>Th\u00e8me de couleur sombre\/clair. <\/li><li>2 mises en page pr\u00eates \u00e0 l&#8217;emploi. <\/li><li>Une opportunit\u00e9 d&rsquo;utiliser l&rsquo;image d&rsquo;arri\u00e8re-plan. <\/li><li>Ajoutez un nombre infini de stations<\/li><\/ul><p><a href=\"#demo\">Vous pouvez ressentir le fonctionnement de l&rsquo;application en essayant la d\u00e9mo<\/a><\/p> <\/div> <div class=\"application-platform-content-item-installation application-platform-content-item\" id=\"installation\" data-nav-section=\"installation\"> <h2>Comment ajouter Radio Player dans mon site Weebly ? <\/h2><div class=\"video-container\"><iframe width=\"720\" height=\"405\" src=\"https:\/\/www.youtube.com\/embed\/cxyrYbFUOgQ\" frameborder=\"0\" allowfullscreen><\/iframe><\/div><p>Suivez simplement les instructions ci-dessous pour ins\u00e9rer l&rsquo;application. <\/p> <ol><li><b>Utilisez notre d\u00e9mo gratuite et commencez \u00e0 fa\u00e7onner votre application personnalis\u00e9e. <\/b><br> D\u00e9terminez l&rsquo;interface personnalis\u00e9e et les caract\u00e9ristiques fonctionnelles de l&rsquo;application et enregistrez toutes les modifications. <\/li> <li><b>Acqu\u00e9rir le code individuel qui est affich\u00e9 dans le formulaire sp\u00e9cial sur les applications Elfsight. <\/b><br> Une fois la cr\u00e9ation de votre application personnelle termin\u00e9e, copiez votre code dans la fen\u00eatre qui appara\u00eet et enregistrez-le pour une utilisation ult\u00e9rieure. <\/li> <li><b>Initiez l&rsquo;utilisation de l&rsquo;application sur votre site Web Weebly. <\/b><br> Ajoutez le code copi\u00e9 r\u00e9cemment dans votre page et appliquez les corrections. <\/li> <li><b>La configuration est enti\u00e8rement effectu\u00e9e. <\/b><br> Ouvrez votre page Web pour jeter un \u0153il au travail de l&rsquo;application. <\/li><\/ol><p>\u00c0 condition de r\u00e9pondre \u00e0 des demandes de renseignements ou de rencontrer des obstacles, n&rsquo;h\u00e9sitez pas \u00e0 postuler aupr\u00e8s de notre \u00e9quipe de service client. Nos sp\u00e9cialistes ont h\u00e2te de vous aider avec tous les probl\u00e8mes que vous pourriez rencontrer avec le widget. <\/p> <\/div>","protected":false},"excerpt":{"rendered":"","protected":false},"author":9,"featured_media":0,"parent":2723,"menu_order":0,"comment_status":"closed","ping_status":"closed","template":"templates\/template-application-platform.php","meta":{"publish_to_discourse":"","publish_post_category":"","wpdc_auto_publish_overridden":"","wpdc_topic_tags":"","wpdc_pin_topic":"","wpdc_pin_until":"","discourse_post_id":"","discourse_permalink":"","wpdc_publishing_response":"","wpdc_publishing_error":"","footnotes":""},"class_list":["post-9987","page","type-page","status-publish","hentry"],"yoast_head":"<!-- This site is optimized with the Yoast SEO plugin v25.3.1 - https:\/\/yoast.com\/wordpress\/plugins\/seo\/ -->\n<title>Elfsight Radio Player pour les sites Web Weebly (rapide et gratuit)<\/title>\n<meta name=\"description\" content=\"Introduisez une application Radio Player r\u00e9active sur votre site. Appliquez notre d\u00e9mo pratique et cr\u00e9ez votre outil en quelques clics\u00a0!\" \/>\n<meta name=\"robots\" content=\"index, follow, max-snippet:-1, max-image-preview:large, max-video-preview:-1\" \/>\n<link rel=\"canonical\" href=\"https:\/\/elfsight.com\/fr\/radio-player-widget\/weebly\/\" \/>\n<meta property=\"og:locale\" content=\"fr_FR\" \/>\n<meta property=\"og:type\" content=\"article\" \/>\n<meta property=\"og:title\" content=\"Elfsight Radio Player pour les sites Web Weebly (rapide et gratuit)\" \/>\n<meta property=\"og:description\" content=\"Introduisez une application Radio Player r\u00e9active sur votre site. Appliquez notre d\u00e9mo pratique et cr\u00e9ez votre outil en quelques clics\u00a0!\" \/>\n<meta property=\"og:url\" content=\"https:\/\/elfsight.com\/fr\/radio-player-widget\/weebly\/\" \/>\n<meta property=\"og:site_name\" content=\"Elfsight FR\" \/>\n<meta property=\"article:modified_time\" content=\"2025-07-10T13:11:51+00:00\" \/>\n<meta name=\"twitter:card\" content=\"summary_large_image\" \/>\n<meta name=\"twitter:label1\" content=\"Dur\u00e9e de lecture estim\u00e9e\" \/>\n\t<meta name=\"twitter:data1\" content=\"2 minutes\" \/>\n<!-- \/ Yoast SEO plugin. -->","yoast_head_json":{"title":"Elfsight Radio Player pour les sites Web Weebly (rapide et gratuit)","description":"Introduisez une application Radio Player r\u00e9active sur votre site. Appliquez notre d\u00e9mo pratique et cr\u00e9ez votre outil en quelques clics\u00a0!","robots":{"index":"index","follow":"follow","max-snippet":"max-snippet:-1","max-image-preview":"max-image-preview:large","max-video-preview":"max-video-preview:-1"},"canonical":"https:\/\/elfsight.com\/fr\/radio-player-widget\/weebly\/","og_locale":"fr_FR","og_type":"article","og_title":"Elfsight Radio Player pour les sites Web Weebly (rapide et gratuit)","og_description":"Introduisez une application Radio Player r\u00e9active sur votre site. Appliquez notre d\u00e9mo pratique et cr\u00e9ez votre outil en quelques clics\u00a0!","og_url":"https:\/\/elfsight.com\/fr\/radio-player-widget\/weebly\/","og_site_name":"Elfsight FR","article_modified_time":"2025-07-10T13:11:51+00:00","twitter_card":"summary_large_image","twitter_misc":{"Dur\u00e9e de lecture estim\u00e9e":"2 minutes"},"schema":{"@context":"https:\/\/schema.org","@graph":[{"@type":"WebPage","@id":"https:\/\/elfsight.com\/fr\/radio-player-widget\/weebly\/","url":"https:\/\/elfsight.com\/fr\/radio-player-widget\/weebly\/","name":"Elfsight Radio Player pour les sites Web Weebly (rapide et gratuit)","isPartOf":{"@id":"https:\/\/elfsight.com\/fr\/#website"},"datePublished":"1970-01-01T00:00:00+00:00","dateModified":"2025-07-10T13:11:51+00:00","description":"Introduisez une application Radio Player r\u00e9active sur votre site. Appliquez notre d\u00e9mo pratique et cr\u00e9ez votre outil en quelques clics\u00a0!","breadcrumb":{"@id":"https:\/\/elfsight.com\/fr\/radio-player-widget\/weebly\/#breadcrumb"},"inLanguage":"fr-FR","potentialAction":[{"@type":"ReadAction","target":["https:\/\/elfsight.com\/fr\/radio-player-widget\/weebly\/"]}]},{"@type":"BreadcrumbList","@id":"https:\/\/elfsight.com\/fr\/radio-player-widget\/weebly\/#breadcrumb","itemListElement":[{"@type":"ListItem","position":1,"name":"Home","item":"https:\/\/elfsight.com\/fr\/"},{"@type":"ListItem","position":2,"name":"Radio Player","item":"https:\/\/elfsight.com\/fr\/radio-player-widget\/"},{"@type":"ListItem","position":3,"name":"Radio Player &#8211; Weebly"}]},{"@type":"WebSite","@id":"https:\/\/elfsight.com\/fr\/#website","url":"https:\/\/elfsight.com\/fr\/","name":"Elfsight FR","description":"","potentialAction":[{"@type":"SearchAction","target":{"@type":"EntryPoint","urlTemplate":"https:\/\/elfsight.com\/fr\/?s={search_term_string}"},"query-input":{"@type":"PropertyValueSpecification","valueRequired":true,"valueName":"search_term_string"}}],"inLanguage":"fr-FR"}]}},"meta_box":{"industry":"","seo_heading":"","heading":"","description":"","cta_heading":"","cta_description":"","application":"2722","h1":"Application Weebly Radio Player","h1_caption":"Ajoutez un flux radio en direct \u00e0 votre site Web avec un lecteur personnalisable qui adapte facilement votre image de marque \u00e0 votre site Web Weebly.","application_category":[],"applications_title":"","applications_request_title":"","applications_request_button_text":"","hero_text":"","hero_video":"","hero_video_schema_markup":"","selling_points_title":"","selling_points_caption":"","selling_points":[],"selling_points_cta_text":"","features_title":"","features":"","ed_cta_examples_text":"","ed_cta_examples_hidden":"","ed_cta_demo_text":"","ed_cta_demo_hidden":"","why_caption":"","why_editor_title":"","why_editor_text":"","why_team_title":"","why_team_text":"","why_service_title":"","why_service_text":"","template_catalog_visible":"","template_catalog_title":"","template_catalog_text":"","template_catalog_categories_visible":"","demo_title":"Cr\u00e9ez votre application Radio Player","demo_caption":"Configurez votre lecteur radio et ajoutez-le gratuitement \u00e0 votre site Web Weebly\u00a0!","default_faq_hidden":"","app_template_category":[],"platform":"363","template_public_id":"","codecanyon_url":"","codecanyon_item_id":"","codecanyon_price":"","pricing_caption":"","pricing_elfsight_apps_hide_column":"","pricing_elfsight_apps_url":"","pricing_codecanyon_price_caption":"","integration_category":[],"integration_request_title":"","integration_request_cta":"","integration_platform":"","integrations":[],"platform_category":[],"video_schema_markup":"","price":"\u00e0 partir de 0$ \/ mois","trial":"","benefits":[{"text":"Assistance \u00e0 l'installation gratuite"},{"text":"Service client comp\u00e9tent"},{"text":"Garantie de remboursement de 14 jours"},{"text":"Mises \u00e0 jour gratuites et continues"}],"button_url":"","button_target_blank":"","button_nofollow":"","attributes":[{"name":"Installations","content":"10,000 - 100,000"},{"name":"Sensible","content":"Oui"},{"name":"Navigateurs compatibles","content":"Firefox, Safari, Opera, Chrome, Edge"}],"tags":[],"tags_disable_links":"","hide_more_platforms":"","video_object":"","demo_hide_cta":"","demo_hide_cloud_options":"","pricing_title":"","pricing":[{"pricing_icon":"platform","pricing_title":"Elfsight Apps","pricing_title_caption":"Solution num\u00e9rique multiplateforme qui fonctionne sur n'importe quel site","pricing_price":"from $0 \/ month","pricing_price_caption":"commencez avec un forfait gratuit","pricing_benefits":[{"text":"Domaines illimit\u00e9s"},{"text":"Support client d\u00e9di\u00e9"},{"text":"Aide \u00e0 l'installation gratuite"},{"text":"Enti\u00e8rement personnalisable"}],"pricing_button_text":"Ajouter au site Web","pricing_button_url":"#demo"}],"related_apps_title":"","related_apps_hidden":"","author":"","image":[],"title":"","job":"","social_networks":[]},"_links":{"self":[{"href":"https:\/\/elfsight.com\/fr\/wp-json\/wp\/v2\/pages\/9987","targetHints":{"allow":["GET"]}}],"collection":[{"href":"https:\/\/elfsight.com\/fr\/wp-json\/wp\/v2\/pages"}],"about":[{"href":"https:\/\/elfsight.com\/fr\/wp-json\/wp\/v2\/types\/page"}],"author":[{"embeddable":true,"href":"https:\/\/elfsight.com\/fr\/wp-json\/wp\/v2\/users\/9"}],"replies":[{"embeddable":true,"href":"https:\/\/elfsight.com\/fr\/wp-json\/wp\/v2\/comments?post=9987"}],"version-history":[{"count":2,"href":"https:\/\/elfsight.com\/fr\/wp-json\/wp\/v2\/pages\/9987\/revisions"}],"predecessor-version":[{"id":15186,"href":"https:\/\/elfsight.com\/fr\/wp-json\/wp\/v2\/pages\/9987\/revisions\/15186"}],"up":[{"embeddable":true,"href":"https:\/\/elfsight.com\/fr\/wp-json\/wp\/v2\/pages\/2723"}],"wp:attachment":[{"href":"https:\/\/elfsight.com\/fr\/wp-json\/wp\/v2\/media?parent=9987"}],"curies":[{"name":"wp","href":"https:\/\/api.w.org\/{rel}","templated":true}]}}