{"id":9986,"date":"1970-01-01T00:00:00","date_gmt":"1970-01-01T00:00:00","guid":{"rendered":"https:\/\/elfsight.com\/fr\/?page_id=9986"},"modified":"2025-07-10T13:12:20","modified_gmt":"2025-07-10T13:12:20","slug":"wix","status":"publish","type":"page","link":"https:\/\/elfsight.com\/fr\/radio-player-widget\/wix\/","title":{"rendered":"Radio Player &#8211; Wix"},"content":{"rendered":"<div class=\"application-platform-content-item-description application-platform-content-item\" id=\"description\" data-nav-section=\"description\"> <h2>Description<\/h2> <p>L&rsquo;application Elfsight Radio est un outil simple vous permettant de lire des stations de radio directement sur votre site. L&rsquo;application est hautement ajustable\u00a0: vous \u00eates libre de modifier son emplacement, de l&rsquo;int\u00e9grer n&rsquo;importe o\u00f9 sur la page, de modifier sa taille, de modifier l&rsquo;arri\u00e8re-plan et d&rsquo;autres parties pour la m\u00e9langer \u00e0 la mise en page de votre site, d&rsquo;appliquer un th\u00e8me sombre, de r\u00e9v\u00e9ler des couvertures et d&rsquo;afficher ou de masquer. trois composants de joueur suppl\u00e9mentaires, par exemple le titre, le statut et plus encore. Vous pouvez t\u00e9l\u00e9charger autant de stations que n\u00e9cessaire pour ravir votre audience, activer l&rsquo;option de lecture automatique et n&rsquo;ayez aucun doute\u00a0: votre audience ne quittera pas votre page d&rsquo;accueil pr\u00e9cipitamment\u00a0!<\/p> <p><b>\u00c9quipez votre audience avec une source suppl\u00e9mentaire de contenu utile et int\u00e9ressant en utilisant l&rsquo;application Elfsight Radio Player.<\/b><\/p> <\/div> <div class=\"application-platform-content-item-features application-platform-content-item\" id=\"features\" data-nav-section=\"features\"> <h2>Nous proposons des fonctionnalit\u00e9s puissantes et simples, en voici quelques-unes\u00a0: <\/h2> <ul><li>Modifications de couleurs illimit\u00e9es. <\/li><li>Th\u00e8me de couleur sombre\/clair. <\/li><li>2 mises en page disponibles. <\/li><li>Une opportunit\u00e9 d&rsquo;utiliser l&rsquo;image d&rsquo;arri\u00e8re-plan. <\/li><li>Ajoutez un nombre illimit\u00e9 de stations<\/li><\/ul><p><a href=\"#demo\">Essayez simplement cette d\u00e9mo pour avoir une id\u00e9e compl\u00e8te<\/a><\/p> <\/div> <div class=\"application-platform-content-item-installation application-platform-content-item\" id=\"installation\" data-nav-section=\"installation\"> <h2>Comment puis-je int\u00e9grer Radio Player dans mon site Web Wix\u00a0? <\/h2><div class=\"video-container\"><iframe width=\"720\" height=\"405\" src=\"https:\/\/www.youtube.com\/embed\/aTr6zjRt3q8\" frameborder=\"0\" allowfullscreen><\/iframe><\/div><p>Remplissez simplement les instructions ci-dessous pour int\u00e9grer l&rsquo;application. <\/p> <ol><li><b>Ouvrez notre configurateur gratuit et commencez \u00e0 fa\u00e7onner votre instrument personnalis\u00e9. <\/b><br> Recherchez la pr\u00e9sentation et les fonctionnalit\u00e9s pr\u00e9f\u00e9r\u00e9es de l&rsquo;application et appliquez les modifications. <\/li> <li><b>Acqu\u00e9rez votre code personnel qui appara\u00eet dans la fen\u00eatre sur Elfsight Apps. <\/b><br> Une fois la configuration de votre outil termin\u00e9e, copiez le code individuel dans la fen\u00eatre qui appara\u00eet et conservez-le pour une utilisation ult\u00e9rieure. <\/li> <li><b>Commencez \u00e0 utiliser l&rsquo;outil sur le site Web de Wix. <\/b><br> Collez le code copi\u00e9 pr\u00e9c\u00e9demment dans votre page d&rsquo;accueil et enregistrez les am\u00e9liorations. <\/li> <li><b>Fait\u00a0! La configuration est termin\u00e9e avec succ\u00e8s. <\/b><br> Visitez votre site Web pour voir comment fonctionne l&rsquo;outil. <\/li><\/ol> <p>\u00c0 condition de r\u00e9pondre \u00e0 des demandes de renseignements ou de rencontrer des complications, n&rsquo;h\u00e9sitez pas \u00e0 faire appel \u00e0 notre \u00e9quipe d&rsquo;assistance. Nos sp\u00e9cialistes sont impatients de vous aider avec toutes les questions que vous pourriez avoir avec l&rsquo;application. <\/p> <\/div>","protected":false},"excerpt":{"rendered":"","protected":false},"author":9,"featured_media":0,"parent":2723,"menu_order":0,"comment_status":"closed","ping_status":"closed","template":"templates\/template-application-platform.php","meta":{"publish_to_discourse":"","publish_post_category":"","wpdc_auto_publish_overridden":"","wpdc_topic_tags":"","wpdc_pin_topic":"","wpdc_pin_until":"","discourse_post_id":"","discourse_permalink":"","wpdc_publishing_response":"","wpdc_publishing_error":"","footnotes":""},"class_list":["post-9986","page","type-page","status-publish","hentry"],"yoast_head":"<!-- This site is optimized with the Yoast SEO plugin v25.3.1 - https:\/\/yoast.com\/wordpress\/plugins\/seo\/ -->\n<title>Radio Player \u2014 Ajouter le bouton Radio Player au site Web Wix [2026]<\/title>\n<meta name=\"description\" content=\"Introduisez une application Radio Player r\u00e9active sur votre site Web Wix. Appliquez notre d\u00e9mo g\u00e9rable et cr\u00e9ez votre outil facilement\u00a0!\" \/>\n<meta name=\"robots\" content=\"index, follow, max-snippet:-1, max-image-preview:large, max-video-preview:-1\" \/>\n<link rel=\"canonical\" href=\"https:\/\/elfsight.com\/fr\/radio-player-widget\/wix\/\" \/>\n<meta property=\"og:locale\" content=\"fr_FR\" \/>\n<meta property=\"og:type\" content=\"article\" \/>\n<meta property=\"og:title\" content=\"Radio Player \u2014 Ajouter le bouton Radio Player au site Web Wix [2026]\" \/>\n<meta property=\"og:description\" content=\"Introduisez une application Radio Player r\u00e9active sur votre site Web Wix. Appliquez notre d\u00e9mo g\u00e9rable et cr\u00e9ez votre outil facilement\u00a0!\" \/>\n<meta property=\"og:url\" content=\"https:\/\/elfsight.com\/fr\/radio-player-widget\/wix\/\" \/>\n<meta property=\"og:site_name\" content=\"Elfsight FR\" \/>\n<meta property=\"article:modified_time\" content=\"2025-07-10T13:12:20+00:00\" \/>\n<meta name=\"twitter:card\" content=\"summary_large_image\" \/>\n<meta name=\"twitter:label1\" content=\"Dur\u00e9e de lecture estim\u00e9e\" \/>\n\t<meta name=\"twitter:data1\" content=\"2 minutes\" \/>\n<!-- \/ Yoast SEO plugin. -->","yoast_head_json":{"title":"Radio Player \u2014 Ajouter le bouton Radio Player au site Web Wix [2026]","description":"Introduisez une application Radio Player r\u00e9active sur votre site Web Wix. Appliquez notre d\u00e9mo g\u00e9rable et cr\u00e9ez votre outil facilement\u00a0!","robots":{"index":"index","follow":"follow","max-snippet":"max-snippet:-1","max-image-preview":"max-image-preview:large","max-video-preview":"max-video-preview:-1"},"canonical":"https:\/\/elfsight.com\/fr\/radio-player-widget\/wix\/","og_locale":"fr_FR","og_type":"article","og_title":"Radio Player \u2014 Ajouter le bouton Radio Player au site Web Wix [2026]","og_description":"Introduisez une application Radio Player r\u00e9active sur votre site Web Wix. Appliquez notre d\u00e9mo g\u00e9rable et cr\u00e9ez votre outil facilement\u00a0!","og_url":"https:\/\/elfsight.com\/fr\/radio-player-widget\/wix\/","og_site_name":"Elfsight FR","article_modified_time":"2025-07-10T13:12:20+00:00","twitter_card":"summary_large_image","twitter_misc":{"Dur\u00e9e de lecture estim\u00e9e":"2 minutes"},"schema":{"@context":"https:\/\/schema.org","@graph":[{"@type":"WebPage","@id":"https:\/\/elfsight.com\/fr\/radio-player-widget\/wix\/","url":"https:\/\/elfsight.com\/fr\/radio-player-widget\/wix\/","name":"Radio Player \u2014 Ajouter le bouton Radio Player au site Web Wix [2026]","isPartOf":{"@id":"https:\/\/elfsight.com\/fr\/#website"},"datePublished":"1970-01-01T00:00:00+00:00","dateModified":"2025-07-10T13:12:20+00:00","description":"Introduisez une application Radio Player r\u00e9active sur votre site Web Wix. Appliquez notre d\u00e9mo g\u00e9rable et cr\u00e9ez votre outil facilement\u00a0!","breadcrumb":{"@id":"https:\/\/elfsight.com\/fr\/radio-player-widget\/wix\/#breadcrumb"},"inLanguage":"fr-FR","potentialAction":[{"@type":"ReadAction","target":["https:\/\/elfsight.com\/fr\/radio-player-widget\/wix\/"]}]},{"@type":"BreadcrumbList","@id":"https:\/\/elfsight.com\/fr\/radio-player-widget\/wix\/#breadcrumb","itemListElement":[{"@type":"ListItem","position":1,"name":"Home","item":"https:\/\/elfsight.com\/fr\/"},{"@type":"ListItem","position":2,"name":"Radio Player","item":"https:\/\/elfsight.com\/fr\/radio-player-widget\/"},{"@type":"ListItem","position":3,"name":"Radio Player &#8211; Wix"}]},{"@type":"WebSite","@id":"https:\/\/elfsight.com\/fr\/#website","url":"https:\/\/elfsight.com\/fr\/","name":"Elfsight FR","description":"","potentialAction":[{"@type":"SearchAction","target":{"@type":"EntryPoint","urlTemplate":"https:\/\/elfsight.com\/fr\/?s={search_term_string}"},"query-input":{"@type":"PropertyValueSpecification","valueRequired":true,"valueName":"search_term_string"}}],"inLanguage":"fr-FR"}]}},"meta_box":{"industry":"","seo_heading":"","heading":"","description":"","cta_heading":"","cta_description":"","application":"2722","h1":"Application Wix Radio Player","h1_caption":"Ajoutez un flux radio en direct \u00e0 votre site Web avec un lecteur personnalisable qui adapte facilement votre image de marque \u00e0 votre site Web Wix.","application_category":[],"applications_title":"","applications_request_title":"","applications_request_button_text":"","hero_text":"","hero_video":"","hero_video_schema_markup":"","selling_points_title":"","selling_points_caption":"","selling_points":[],"selling_points_cta_text":"","features_title":"","features":"","ed_cta_examples_text":"","ed_cta_examples_hidden":"","ed_cta_demo_text":"","ed_cta_demo_hidden":"","why_caption":"","why_editor_title":"","why_editor_text":"","why_team_title":"","why_team_text":"","why_service_title":"","why_service_text":"","template_catalog_visible":"","template_catalog_title":"","template_catalog_text":"","template_catalog_categories_visible":"","demo_title":"Cr\u00e9ez votre application Radio Player","demo_caption":"Configurez votre lecteur radio et ajoutez-le \u00e0 votre site Wix gratuitement !","default_faq_hidden":"","app_template_category":[],"platform":"345","template_public_id":"","codecanyon_url":"","codecanyon_item_id":"","codecanyon_price":"","pricing_caption":"","pricing_elfsight_apps_hide_column":"","pricing_elfsight_apps_url":"","pricing_codecanyon_price_caption":"","integration_category":[],"integration_request_title":"","integration_request_cta":"","integration_platform":"","integrations":[],"platform_category":[],"video_schema_markup":"","price":"\u00e0 partir de 0$ \/ mois","trial":"","benefits":[{"text":"Aide \u00e0 l'installation gratuite"},{"text":"Assistance premium"},{"text":"Garantie de remboursement de 14 jours"},{"text":"Mise \u00e0 jour constante"}],"button_url":"","button_target_blank":"","button_nofollow":"","attributes":[{"name":"Installations","content":"10,000 - 100,000"},{"name":"Sensible","content":"Oui"},{"name":"Navigateurs compatibles","content":"Opera, Safari, Chrome, Firefox, Edge"}],"tags":[],"tags_disable_links":"","hide_more_platforms":"","video_object":"","demo_hide_cta":"","demo_hide_cloud_options":"","pricing_title":"","pricing":[{"pricing_icon":"platform","pricing_title":"Elfsight Apps","pricing_title_caption":"Solution num\u00e9rique multiplateforme adapt\u00e9e \u00e0 n'importe quel site Web","pricing_price":"from $0 \/ month","pricing_price_caption":"commencez avec un forfait gratuit","pricing_benefits":[{"text":"Sites Web illimit\u00e9s"},{"text":"Support client professionnel"},{"text":"Service d'installation gratuit"},{"text":"Prix \u200b\u200bsp\u00e9cial pour plusieurs applications"}],"pricing_button_text":"Ajouter au site Web","pricing_button_url":"#demo"}],"related_apps_title":"","related_apps_hidden":"","author":"","image":[],"title":"","job":"","social_networks":[]},"_links":{"self":[{"href":"https:\/\/elfsight.com\/fr\/wp-json\/wp\/v2\/pages\/9986","targetHints":{"allow":["GET"]}}],"collection":[{"href":"https:\/\/elfsight.com\/fr\/wp-json\/wp\/v2\/pages"}],"about":[{"href":"https:\/\/elfsight.com\/fr\/wp-json\/wp\/v2\/types\/page"}],"author":[{"embeddable":true,"href":"https:\/\/elfsight.com\/fr\/wp-json\/wp\/v2\/users\/9"}],"replies":[{"embeddable":true,"href":"https:\/\/elfsight.com\/fr\/wp-json\/wp\/v2\/comments?post=9986"}],"version-history":[{"count":2,"href":"https:\/\/elfsight.com\/fr\/wp-json\/wp\/v2\/pages\/9986\/revisions"}],"predecessor-version":[{"id":15185,"href":"https:\/\/elfsight.com\/fr\/wp-json\/wp\/v2\/pages\/9986\/revisions\/15185"}],"up":[{"embeddable":true,"href":"https:\/\/elfsight.com\/fr\/wp-json\/wp\/v2\/pages\/2723"}],"wp:attachment":[{"href":"https:\/\/elfsight.com\/fr\/wp-json\/wp\/v2\/media?parent=9986"}],"curies":[{"name":"wp","href":"https:\/\/api.w.org\/{rel}","templated":true}]}}