{"id":9981,"date":"1970-01-01T00:00:00","date_gmt":"1970-01-01T00:00:00","guid":{"rendered":"https:\/\/elfsight.com\/fr\/?page_id=9981"},"modified":"2024-12-19T10:59:45","modified_gmt":"2024-12-19T10:59:45","slug":"woocommerce","status":"publish","type":"page","link":"https:\/\/elfsight.com\/fr\/radio-player-widget\/woocommerce\/","title":{"rendered":"Radio Player &#8211; WooCommerce"},"content":{"rendered":"\n<div class=\"application-platform-content-item-description application-platform-content-item\" id=\"description\" data-nav-section=\"description\"> <h2>Description<\/h2> <p>Le plugin Elfsight Radio est un outil simple qui vous permet de diffuser des stations de radio directement sur votre page d&rsquo;accueil. L&rsquo;outil est extr\u00eamement personnalisable\u00a0: vous \u00eates libre de modifier sa position, de l&rsquo;int\u00e9grer n&rsquo;importe o\u00f9 sur la page, de redimensionner sa taille, de repeindre l&rsquo;arri\u00e8re-plan et toutes les autres parties pour le m\u00e9langer \u00e0 la mise en page de votre site Web, d&rsquo;appliquer une palette de couleurs sombres, de d\u00e9montrer des couvertures et d&rsquo;afficher ou masquer trois autres \u00e9l\u00e9ments du joueur comme le titre, le statut et autres. Ajoutez autant de stations que n\u00e9cessaire pour engager vos visiteurs, activez l&rsquo;option de lecture automatique et n&rsquo;ayez aucun doute\u00a0: vos utilisateurs ne quitteront pas votre page d&rsquo;accueil pr\u00e9cipitamment\u00a0!<\/p> <p><b>Donnez \u00e0 votre audience une source suppl\u00e9mentaire. de contenu utile et divertissant utilisant Radio Player.<\/b><\/p> <\/div> <div class=\"application-platform-content-item-features application-platform-content-item\" id=\"features\" data-nav-section=\"features\"> <h2>Ce ne sont l\u00e0 que quelques-unes des riches fonctionnalit\u00e9s du plugin\u00a0:<\/h2> <ul><li>Nombreuses modifications de couleurs.<\/li><li>Th\u00e8me de couleur sombre\/clair.<\/li><li>Deux mises en page applicables.<\/li><li>Possibilit\u00e9 d&rsquo;ajouter une image d&rsquo;arri\u00e8re-plan.<\/li><li> Un nombre illimit\u00e9 de stations.<\/li><\/ul><p><a href=\"#demo\">Vous pouvez d\u00e9couvrir toutes les fonctionnalit\u00e9s du plugin dans la d\u00e9mo sur cette page<\/a><\/p> <\/div> <div class=\"application-platform-content-item-installation application-platform-content-item\" id=\"installation\" data-nav-section=\"installation\"> <h2>Comment int\u00e9grer Radio Player \u00e0 ma page Web WooCommerce ?<\/h2> <p>Suivez simplement les instructions ci-dessous pour activer le plugin.<\/p> <ol> <li><b>Lancez notre d\u00e9mo gratuite et commencez \u00e0 fa\u00e7onner votre instrument personnalis\u00e9.<\/b><br> Sp\u00e9cifiez la forme et les fonctionnalit\u00e9s pr\u00e9f\u00e9r\u00e9es de l&rsquo;outil et enregistrez les modifications.<\/li> <li><b>Obtenez le code individuel qui appara\u00eet dans la fen\u00eatre sur Elfsight Apps.<\/b><br> Une fois la configuration de votre plugin termin\u00e9e, copiez le code exclusif dans la bo\u00eete qui appara\u00eet et conservez-le pour vos besoins futurs.<\/li> <li><b>Lancez l&rsquo;application du plugin sur le site WooCommerce.<\/b><br> Ajoutez le code copi\u00e9 r\u00e9cemment dans votre page Web et enregistrez les ajustements. <\/li> <li><b>Vous avez termin\u00e9\u00a0! L&rsquo;int\u00e9gration est r\u00e9alis\u00e9e avec succ\u00e8s.<\/b><br> Rendez-vous sur votre site Web pour jeter un \u0153il au fonctionnement du plugin.<\/li><\/ol> <p>En supposant que vous rencontriez des complications, n&rsquo;h\u00e9sitez pas \u00e0 vous lancer. contactez notre \u00e9quipe de service client. Nos collaborateurs ont h\u00e2te de r\u00e9soudre toutes les difficult\u00e9s que vous pourriez rencontrer avec le plugin.<\/p> <\/div>\n","protected":false},"excerpt":{"rendered":"","protected":false},"author":9,"featured_media":0,"parent":2723,"menu_order":0,"comment_status":"closed","ping_status":"closed","template":"templates\/template-application-platform.php","meta":{"publish_to_discourse":"","publish_post_category":"","wpdc_auto_publish_overridden":"","wpdc_topic_tags":"","wpdc_pin_topic":"","wpdc_pin_until":"","discourse_post_id":"","discourse_permalink":"","wpdc_publishing_response":"","wpdc_publishing_error":"","footnotes":""},"class_list":["post-9981","page","type-page","status-publish","hentry"],"yoast_head":"<!-- This site is optimized with the Yoast SEO plugin v25.3.1 - https:\/\/yoast.com\/wordpress\/plugins\/seo\/ -->\n<title>Bouton Radio Player pour le site WooCommerce (gratuit et facile)<\/title>\n<meta name=\"description\" content=\"Int\u00e9grez une application Radio Player r\u00e9active \u00e0 votre site Web WooCommerce. Utilisez notre d\u00e9mo pratique et g\u00e9n\u00e9rez votre widget Radio Button sans effort !\" \/>\n<meta name=\"robots\" content=\"index, follow, max-snippet:-1, max-image-preview:large, max-video-preview:-1\" \/>\n<link rel=\"canonical\" href=\"https:\/\/elfsight.com\/fr\/radio-player-widget\/woocommerce\/\" \/>\n<meta property=\"og:locale\" content=\"fr_FR\" \/>\n<meta property=\"og:type\" content=\"article\" \/>\n<meta property=\"og:title\" content=\"Bouton Radio Player pour le site WooCommerce (gratuit et facile)\" \/>\n<meta property=\"og:description\" content=\"Int\u00e9grez une application Radio Player r\u00e9active \u00e0 votre site Web WooCommerce. Utilisez notre d\u00e9mo pratique et g\u00e9n\u00e9rez votre widget Radio Button sans effort !\" \/>\n<meta property=\"og:url\" content=\"https:\/\/elfsight.com\/fr\/radio-player-widget\/woocommerce\/\" \/>\n<meta property=\"og:site_name\" content=\"Elfsight FR\" \/>\n<meta property=\"article:modified_time\" content=\"2024-12-19T10:59:45+00:00\" \/>\n<meta name=\"twitter:card\" content=\"summary_large_image\" \/>\n<meta name=\"twitter:label1\" content=\"Dur\u00e9e de lecture estim\u00e9e\" \/>\n\t<meta name=\"twitter:data1\" content=\"2 minutes\" \/>\n<!-- \/ Yoast SEO plugin. -->","yoast_head_json":{"title":"Bouton Radio Player pour le site WooCommerce (gratuit et facile)","description":"Int\u00e9grez une application Radio Player r\u00e9active \u00e0 votre site Web WooCommerce. Utilisez notre d\u00e9mo pratique et g\u00e9n\u00e9rez votre widget Radio Button sans effort !","robots":{"index":"index","follow":"follow","max-snippet":"max-snippet:-1","max-image-preview":"max-image-preview:large","max-video-preview":"max-video-preview:-1"},"canonical":"https:\/\/elfsight.com\/fr\/radio-player-widget\/woocommerce\/","og_locale":"fr_FR","og_type":"article","og_title":"Bouton Radio Player pour le site WooCommerce (gratuit et facile)","og_description":"Int\u00e9grez une application Radio Player r\u00e9active \u00e0 votre site Web WooCommerce. Utilisez notre d\u00e9mo pratique et g\u00e9n\u00e9rez votre widget Radio Button sans effort !","og_url":"https:\/\/elfsight.com\/fr\/radio-player-widget\/woocommerce\/","og_site_name":"Elfsight FR","article_modified_time":"2024-12-19T10:59:45+00:00","twitter_card":"summary_large_image","twitter_misc":{"Dur\u00e9e de lecture estim\u00e9e":"2 minutes"},"schema":{"@context":"https:\/\/schema.org","@graph":[{"@type":"WebPage","@id":"https:\/\/elfsight.com\/fr\/radio-player-widget\/woocommerce\/","url":"https:\/\/elfsight.com\/fr\/radio-player-widget\/woocommerce\/","name":"Bouton Radio Player pour le site WooCommerce (gratuit et facile)","isPartOf":{"@id":"https:\/\/elfsight.com\/fr\/#website"},"datePublished":"1970-01-01T00:00:00+00:00","dateModified":"2024-12-19T10:59:45+00:00","description":"Int\u00e9grez une application Radio Player r\u00e9active \u00e0 votre site Web WooCommerce. Utilisez notre d\u00e9mo pratique et g\u00e9n\u00e9rez votre widget Radio Button sans effort !","breadcrumb":{"@id":"https:\/\/elfsight.com\/fr\/radio-player-widget\/woocommerce\/#breadcrumb"},"inLanguage":"fr-FR","potentialAction":[{"@type":"ReadAction","target":["https:\/\/elfsight.com\/fr\/radio-player-widget\/woocommerce\/"]}]},{"@type":"BreadcrumbList","@id":"https:\/\/elfsight.com\/fr\/radio-player-widget\/woocommerce\/#breadcrumb","itemListElement":[{"@type":"ListItem","position":1,"name":"Home","item":"https:\/\/elfsight.com\/fr\/"},{"@type":"ListItem","position":2,"name":"Radio Player","item":"https:\/\/elfsight.com\/fr\/radio-player-widget\/"},{"@type":"ListItem","position":3,"name":"Radio Player &#8211; WooCommerce"}]},{"@type":"WebSite","@id":"https:\/\/elfsight.com\/fr\/#website","url":"https:\/\/elfsight.com\/fr\/","name":"Elfsight FR","description":"","potentialAction":[{"@type":"SearchAction","target":{"@type":"EntryPoint","urlTemplate":"https:\/\/elfsight.com\/fr\/?s={search_term_string}"},"query-input":{"@type":"PropertyValueSpecification","valueRequired":true,"valueName":"search_term_string"}}],"inLanguage":"fr-FR"}]}},"meta_box":{"industry":"","seo_heading":"","heading":"","description":"","cta_heading":"","cta_description":"","application":"2722","h1":"Widget du lecteur radio WooCommerce","h1_caption":"Ajoutez un flux radio en direct \u00e0 votre site Web avec un lecteur personnalisable qui adapte sans effort votre image de marque \u00e0 votre site Web WooCommerce.","application_category":[],"applications_title":"","applications_request_title":"","applications_request_button_text":"","hero_text":"","hero_video":"","hero_video_schema_markup":"","selling_points_title":"","selling_points_caption":"","selling_points":[],"selling_points_cta_text":"","features_title":"","features":"","ed_cta_examples_text":"","ed_cta_examples_hidden":"","ed_cta_demo_text":"","ed_cta_demo_hidden":"","why_caption":"","why_editor_title":"","why_editor_text":"","why_team_title":"","why_team_text":"","why_service_title":"","why_service_text":"","template_catalog_visible":"0","template_catalog_title":"","template_catalog_text":"","template_catalog_categories_visible":"","demo_title":"Cr\u00e9ez votre application Radio Player","demo_caption":"Configurez votre Radio Player et ajoutez-le \u00e0 votre site WooCommerce gratuitement !","default_faq_hidden":"","app_template_category":[],"platform":"397","template_public_id":"","codecanyon_url":"","codecanyon_item_id":"","codecanyon_price":"","pricing_caption":"","pricing_elfsight_apps_hide_column":"","pricing_elfsight_apps_url":"","pricing_codecanyon_price_caption":"","integration_category":[],"integration_request_title":"","integration_request_cta":"","integration_platform":"","integrations":[],"platform_category":[],"video_schema_markup":"","price":"\u00e0 partir de 0$ \/ mois","trial":"","benefits":[{"text":"Aide \u00e0 l'installation gratuite"},{"text":"Service client efficace"},{"text":"Garantie de remboursement de 14 jours"},{"text":"Mises \u00e0 jour gratuites r\u00e9guli\u00e8res"}],"button_url":"","button_target_blank":"0","button_nofollow":"0","attributes":[{"name":"Installations","content":"10,000 - 100,000"},{"name":"Sensible","content":"Oui"},{"name":"Navigateurs compatibles","content":"Firefox, Safari, Opera, Chrome, Edge"}],"tags":[],"tags_disable_links":"0","hide_more_platforms":"","video_object":"","demo_hide_cta":"0","demo_hide_cloud_options":"0","pricing_title":"","pricing":[{"pricing_icon":"platform","pricing_title":"Elfsight Apps","pricing_title_caption":"Version ind\u00e9pendante de la plateforme","pricing_price":"from $0 \/ month","pricing_price_caption":"commencez avec un forfait gratuit","pricing_benefits":[{"text":"Domaines illimit\u00e9s"},{"text":"Support client 24h\/24 et 7j\/7 et bien document\u00e9"},{"text":"Service d'installation gratuit"},{"text":"Enti\u00e8rement personnalisable"}],"pricing_button_text":"Ajouter au site Web","pricing_button_url":"#demo"}],"related_apps_title":"","related_apps_hidden":"0","author":"","image":[],"title":"","job":"","social_networks":[]},"_links":{"self":[{"href":"https:\/\/elfsight.com\/fr\/wp-json\/wp\/v2\/pages\/9981","targetHints":{"allow":["GET"]}}],"collection":[{"href":"https:\/\/elfsight.com\/fr\/wp-json\/wp\/v2\/pages"}],"about":[{"href":"https:\/\/elfsight.com\/fr\/wp-json\/wp\/v2\/types\/page"}],"author":[{"embeddable":true,"href":"https:\/\/elfsight.com\/fr\/wp-json\/wp\/v2\/users\/9"}],"replies":[{"embeddable":true,"href":"https:\/\/elfsight.com\/fr\/wp-json\/wp\/v2\/comments?post=9981"}],"version-history":[{"count":2,"href":"https:\/\/elfsight.com\/fr\/wp-json\/wp\/v2\/pages\/9981\/revisions"}],"predecessor-version":[{"id":15912,"href":"https:\/\/elfsight.com\/fr\/wp-json\/wp\/v2\/pages\/9981\/revisions\/15912"}],"up":[{"embeddable":true,"href":"https:\/\/elfsight.com\/fr\/wp-json\/wp\/v2\/pages\/2723"}],"wp:attachment":[{"href":"https:\/\/elfsight.com\/fr\/wp-json\/wp\/v2\/media?parent=9981"}],"curies":[{"name":"wp","href":"https:\/\/api.w.org\/{rel}","templated":true}]}}