{"id":9973,"date":"1970-01-01T00:00:00","date_gmt":"1970-01-01T00:00:00","guid":{"rendered":"https:\/\/elfsight.com\/fr\/?page_id=9973"},"modified":"2025-07-10T13:09:34","modified_gmt":"2025-07-10T13:09:34","slug":"godaddy","status":"publish","type":"page","link":"https:\/\/elfsight.com\/fr\/radio-player-widget\/godaddy\/","title":{"rendered":"Radio Player  &#8211; GoDaddy"},"content":{"rendered":"<div class=\"application-platform-content-item-description application-platform-content-item\" id=\"description\" data-nav-section=\"description\"> <h2>Int\u00e9grer Radio Player sur GoDaddy avec le widget Elfsight<\/h2> <p>Elfsight Radio Player est un simple plugin pour GoDaddy vous donnant l&rsquo;opportunit\u00e9 pour diffuser des stations de radio directement sur votre site Web. Le plugin est extr\u00eamement r\u00e9glable\u00a0: vous \u00eates libre de modifier sa position, de l&rsquo;installer n&rsquo;importe o\u00f9 sur la page, de redimensionner sa taille, de recolorer l&rsquo;arri\u00e8re-plan et toutes les autres parties pour le m\u00e9langer avec le style de votre site, d&rsquo;appliquer un th\u00e8me sombre, de d\u00e9montrer des images et de d\u00e9montrer ou masquez 3 \u00e9l\u00e9ments suppl\u00e9mentaires du joueur, par exemple le titre, le statut et autres. Vous pouvez t\u00e9l\u00e9charger autant de stations que vous le souhaitez pour divertir vos visiteurs, activez l&rsquo;option de lecture automatique et n&rsquo;h\u00e9sitez pas : vos utilisateurs ne quitteront pas votre site Web pr\u00e9cipitamment ! <\/p> <p><b>\u00c9quipez votre audience avec une nouvelle source de contenu utile et divertissant gr\u00e2ce \u00e0 Radio Player<\/b><\/p> <\/div> <div class=\"application-platform-content-item-features application-platform-content-item\" id=\"features\" data-nav-section=\"features\"> <h2>Nous offrent des fonctionnalit\u00e9s puissantes et simples, v\u00e9rifiez-en quelques-unes\u00a0: <\/h2> <ul><li>Diverses variations de couleurs. <\/li><li>Th\u00e8me de couleur sombre\/clair. <\/li><li>2 mises en page pr\u00eates \u00e0 l&#8217;emploi. <\/li><li>Une option pour ajouter une image d&rsquo;arri\u00e8re-plan. <\/li><li>Ajoutez un nombre illimit\u00e9 de stations<\/li><\/ul><p><a href=\"#demo\">Vous pouvez d\u00e9couvrir toutes les fonctionnalit\u00e9s du plugin dans la d\u00e9mo <\/a><\/p> <\/div> <div class=\"application-platform-content-item-installation application-platform-content-item\" id=\"installation\" data-nav-section=\"installation\"> <h2>Comment int\u00e9grer Radio Player sur mon site Web GoDaddy\u00a0? <\/h2> <p>Suivez simplement les \u00e9tapes suivantes d\u00e9crites ci-dessous pour ajouter le plugin. <\/p> <ol><li><b>G\u00e9rez notre \u00e9diteur gratuit et commencez \u00e0 cr\u00e9er votre propre plugin. <\/b><br> D\u00e9terminez la forme et les caract\u00e9ristiques pr\u00e9f\u00e9r\u00e9es du plugin et enregistrez les modifications. <\/li> <li><b>Recevez votre code unique expos\u00e9 dans la bo\u00eete sur Elfsight Apps. <\/b><br> D\u00e8s que la configuration de votre plugin est termin\u00e9e, copiez le code individuel dans la fen\u00eatre contextuelle qui appara\u00eet et enregistrez-le pour une utilisation ult\u00e9rieure. <\/li> <li><b>Initiez l&rsquo;utilisation du plugin sur la page d&rsquo;accueil de GoDaddy. <\/b><br> Int\u00e9grez le code que vous avez copi\u00e9 auparavant dans votre page d&rsquo;accueil et appliquez les corrections. <\/li> <li><b>Fait\u00a0! L&rsquo;int\u00e9gration est enti\u00e8rement r\u00e9alis\u00e9e. <\/b><br> Visitez votre site Web pour voir comment fonctionne l&rsquo;outil. <\/li><\/ol> <p>Si vous avez des questions ou \u00eates confront\u00e9 \u00e0 des complications, veuillez contacter notre \u00e9quipe d&rsquo;assistance. Nos consultants ont h\u00e2te de vous aider avec toutes les difficult\u00e9s que vous pourriez rencontrer avec le plugin. <\/p> <div class=\"faq\" data-component=\"FAQ\"><div class=\"faq-item\">\r\n\t\t\t\t\t<div class=\"faq-item-question\">\r\n\t\t\t\t\t\t<h3 class=\"faq-item-question-text\">Comment puis-je int\u00e9grer le plugin GoDaddy Radio Player dans mon site Web sans comp\u00e9tences en codage ?<\/h3>\r\n\r\n\t\t\t\t\t\t<div class=\"faq-item-question-icon\"><\/div>\r\n\t\t\t\t\t<\/div>\r\n\r\n\t\t\t\t\t<div class=\"faq-item-answer\">\r\n\t\t\t\t\t\t<div class=\"faq-item-answer-text\"><p>Elfsight propose une solution bas\u00e9e sur le cloud qui permet aux utilisateurs de cr\u00e9er un plugin GoDaddy Radio Player. par eux-m\u00eame. Observez \u00e0 quel point le processus peut \u00eatre simple\u00a0:<\/p><ul><li>Acc\u00e9dez \u00e0 l&rsquo;\u00e9diteur en ligne pour g\u00e9n\u00e9rer une section de plug-in GoDaddy Radio Player que vous souhaitez int\u00e9grer \u00e0 votre site Web.<\/li><li>S\u00e9lectionnez l&rsquo;une des options suivantes\u00a0: nos mod\u00e8les pr\u00e9d\u00e9finis et personnalisez les param\u00e8tres du plug-in GoDaddy Radio Player, modifiez la mise en page et la palette de couleurs, incluez votre contenu sans avoir besoin de codage.<\/li><li>Conservez les param\u00e8tres que vous avez configur\u00e9s pour le plug-in GoDaddy Radio Player. et obtenez le code \u00e0 int\u00e9grer, qui peut \u00eatre facilement int\u00e9gr\u00e9 gratuitement \u00e0 votre site Web.<\/li><\/ul><p>En travaillant dans l&rsquo;\u00e9diteur convivial, tout internaute peut cr\u00e9er une section de plug-in GoDaddy Radio Player. et int\u00e9grez-le \u00e0 leur site Web. Il n&rsquo;y a aucune exigence de paiement ou de divulgation des informations de votre carte pour acc\u00e9der \u00e0 l&rsquo;\u00e9diteur Elfsight. Si vous rencontrez des difficult\u00e9s \u00e0 un moment donn\u00e9, n&rsquo;h\u00e9sitez pas \u00e0 contacter notre service client.<\/p><\/div>\r\n\t\t\t\t\t<\/div>\r\n\t\t\t\t<\/div><\/div><\/div>","protected":false},"excerpt":{"rendered":"","protected":false},"author":9,"featured_media":0,"parent":2723,"menu_order":0,"comment_status":"closed","ping_status":"closed","template":"templates\/template-application-platform.php","meta":{"publish_to_discourse":"","publish_post_category":"","wpdc_auto_publish_overridden":"","wpdc_topic_tags":"","wpdc_pin_topic":"","wpdc_pin_until":"","discourse_post_id":"","discourse_permalink":"","wpdc_publishing_response":"","wpdc_publishing_error":"","footnotes":""},"class_list":["post-9973","page","type-page","status-publish","hentry"],"yoast_head":"<!-- This site is optimized with the Yoast SEO plugin v25.3.1 - https:\/\/yoast.com\/wordpress\/plugins\/seo\/ -->\n<title>Radio Player - Ajoutez le plugin Radio Player au site Web GoDaddy\u00a0!<\/title>\n<meta name=\"description\" content=\"Ajoutez un plugin Radio Player r\u00e9actif dans votre page d\u2019accueil. Appliquez notre d\u00e9mo pratique et g\u00e9n\u00e9rez votre plugin en quelques clics seulement !\" \/>\n<meta name=\"robots\" content=\"index, follow, max-snippet:-1, max-image-preview:large, max-video-preview:-1\" \/>\n<link rel=\"canonical\" href=\"https:\/\/elfsight.com\/fr\/radio-player-widget\/godaddy\/\" \/>\n<meta property=\"og:locale\" content=\"fr_FR\" \/>\n<meta property=\"og:type\" content=\"article\" \/>\n<meta property=\"og:title\" content=\"Radio Player - Ajoutez le plugin Radio Player au site Web GoDaddy\u00a0!\" \/>\n<meta property=\"og:description\" content=\"Ajoutez un plugin Radio Player r\u00e9actif dans votre page d\u2019accueil. Appliquez notre d\u00e9mo pratique et g\u00e9n\u00e9rez votre plugin en quelques clics seulement !\" \/>\n<meta property=\"og:url\" content=\"https:\/\/elfsight.com\/fr\/radio-player-widget\/godaddy\/\" \/>\n<meta property=\"og:site_name\" content=\"Elfsight FR\" \/>\n<meta property=\"article:modified_time\" content=\"2025-07-10T13:09:34+00:00\" \/>\n<meta name=\"twitter:card\" content=\"summary_large_image\" \/>\n<meta name=\"twitter:label1\" content=\"Dur\u00e9e de lecture estim\u00e9e\" \/>\n\t<meta name=\"twitter:data1\" content=\"3 minutes\" \/>\n<!-- \/ Yoast SEO plugin. -->","yoast_head_json":{"title":"Radio Player - Ajoutez le plugin Radio Player au site Web GoDaddy\u00a0!","description":"Ajoutez un plugin Radio Player r\u00e9actif dans votre page d\u2019accueil. Appliquez notre d\u00e9mo pratique et g\u00e9n\u00e9rez votre plugin en quelques clics seulement !","robots":{"index":"index","follow":"follow","max-snippet":"max-snippet:-1","max-image-preview":"max-image-preview:large","max-video-preview":"max-video-preview:-1"},"canonical":"https:\/\/elfsight.com\/fr\/radio-player-widget\/godaddy\/","og_locale":"fr_FR","og_type":"article","og_title":"Radio Player - Ajoutez le plugin Radio Player au site Web GoDaddy\u00a0!","og_description":"Ajoutez un plugin Radio Player r\u00e9actif dans votre page d\u2019accueil. Appliquez notre d\u00e9mo pratique et g\u00e9n\u00e9rez votre plugin en quelques clics seulement !","og_url":"https:\/\/elfsight.com\/fr\/radio-player-widget\/godaddy\/","og_site_name":"Elfsight FR","article_modified_time":"2025-07-10T13:09:34+00:00","twitter_card":"summary_large_image","twitter_misc":{"Dur\u00e9e de lecture estim\u00e9e":"3 minutes"},"schema":{"@context":"https:\/\/schema.org","@graph":[{"@type":"WebPage","@id":"https:\/\/elfsight.com\/fr\/radio-player-widget\/godaddy\/","url":"https:\/\/elfsight.com\/fr\/radio-player-widget\/godaddy\/","name":"Radio Player - Ajoutez le plugin Radio Player au site Web GoDaddy\u00a0!","isPartOf":{"@id":"https:\/\/elfsight.com\/fr\/#website"},"datePublished":"1970-01-01T00:00:00+00:00","dateModified":"2025-07-10T13:09:34+00:00","description":"Ajoutez un plugin Radio Player r\u00e9actif dans votre page d\u2019accueil. Appliquez notre d\u00e9mo pratique et g\u00e9n\u00e9rez votre plugin en quelques clics seulement !","breadcrumb":{"@id":"https:\/\/elfsight.com\/fr\/radio-player-widget\/godaddy\/#breadcrumb"},"inLanguage":"fr-FR","potentialAction":[{"@type":"ReadAction","target":["https:\/\/elfsight.com\/fr\/radio-player-widget\/godaddy\/"]}]},{"@type":"BreadcrumbList","@id":"https:\/\/elfsight.com\/fr\/radio-player-widget\/godaddy\/#breadcrumb","itemListElement":[{"@type":"ListItem","position":1,"name":"Home","item":"https:\/\/elfsight.com\/fr\/"},{"@type":"ListItem","position":2,"name":"Radio Player","item":"https:\/\/elfsight.com\/fr\/radio-player-widget\/"},{"@type":"ListItem","position":3,"name":"Radio Player &#8211; GoDaddy"}]},{"@type":"WebSite","@id":"https:\/\/elfsight.com\/fr\/#website","url":"https:\/\/elfsight.com\/fr\/","name":"Elfsight FR","description":"","potentialAction":[{"@type":"SearchAction","target":{"@type":"EntryPoint","urlTemplate":"https:\/\/elfsight.com\/fr\/?s={search_term_string}"},"query-input":{"@type":"PropertyValueSpecification","valueRequired":true,"valueName":"search_term_string"}}],"inLanguage":"fr-FR"}]}},"meta_box":{"industry":"","seo_heading":"","heading":"","description":"","cta_heading":"","cta_description":"","application":"2722","h1":"Plugin GoDaddy Radio Player","h1_caption":"Variez vos variantes de contenu et d\u00e9marquez-vous de la foule","application_category":[],"applications_title":"","applications_request_title":"","applications_request_button_text":"","hero_text":"","hero_video":"","hero_video_schema_markup":"","selling_points_title":"","selling_points_caption":"","selling_points":[],"selling_points_cta_text":"","features_title":"","features":"","ed_cta_examples_text":"","ed_cta_examples_hidden":"","ed_cta_demo_text":"","ed_cta_demo_hidden":"","why_caption":"","why_editor_title":"","why_editor_text":"","why_team_title":"","why_team_text":"","why_service_title":"","why_service_text":"","template_catalog_visible":"","template_catalog_title":"","template_catalog_text":"","template_catalog_categories_visible":"","demo_title":"N'h\u00e9sitez pas \u00e0 concevoir votre propre lecteur radio","demo_caption":"Personnalisez-le et int\u00e9grez-le sur votre page d'accueil hors d\u00e9mo en direct.","default_faq_hidden":"","app_template_category":[],"platform":"370","template_public_id":"","codecanyon_url":"","codecanyon_item_id":"","codecanyon_price":"","pricing_caption":"","pricing_elfsight_apps_hide_column":"","pricing_elfsight_apps_url":"","pricing_codecanyon_price_caption":"","integration_category":[],"integration_request_title":"","integration_request_cta":"","integration_platform":"","integrations":[],"platform_category":[],"video_schema_markup":"","price":"\u00e0 partir de 0$ \/ mois","trial":"","benefits":[{"text":"Service d'installation gratuit"},{"text":"Support client exp\u00e9riment\u00e9"},{"text":"Garantie de remboursement de 14 jours"},{"text":"Mises \u00e0 jour gratuites en continu"}],"button_url":"","button_target_blank":"","button_nofollow":"","attributes":[{"name":"Installations","content":"10,000 - 100,000"},{"name":"Sensible","content":"Oui"},{"name":"Navigateurs compatibles","content":"IE11, Firefox, Safari, Opera, Chrome, Edge"}],"tags":[],"tags_disable_links":"","hide_more_platforms":"","video_object":"","demo_hide_cta":"","demo_hide_cloud_options":"","pricing_title":"","pricing":[{"pricing_icon":"platform","pricing_title":"Elfsight Apps","pricing_title_caption":"Solution num\u00e9rique multiplateforme","pricing_price":"from $0 \/ month","pricing_price_caption":"commencez avec un forfait gratuit","pricing_benefits":[{"text":"Domaines illimit\u00e9s"},{"text":"Support client professionnel et bien document\u00e9"},{"text":"Aide \u00e0 l'installation gratuite"},{"text":"Enti\u00e8rement personnalisable"}],"pricing_button_text":"Ajouter au site Web","pricing_button_url":"#demo"}],"related_apps_title":"","related_apps_hidden":"","author":"","image":[],"title":"","job":"","social_networks":[]},"_links":{"self":[{"href":"https:\/\/elfsight.com\/fr\/wp-json\/wp\/v2\/pages\/9973","targetHints":{"allow":["GET"]}}],"collection":[{"href":"https:\/\/elfsight.com\/fr\/wp-json\/wp\/v2\/pages"}],"about":[{"href":"https:\/\/elfsight.com\/fr\/wp-json\/wp\/v2\/types\/page"}],"author":[{"embeddable":true,"href":"https:\/\/elfsight.com\/fr\/wp-json\/wp\/v2\/users\/9"}],"replies":[{"embeddable":true,"href":"https:\/\/elfsight.com\/fr\/wp-json\/wp\/v2\/comments?post=9973"}],"version-history":[{"count":1,"href":"https:\/\/elfsight.com\/fr\/wp-json\/wp\/v2\/pages\/9973\/revisions"}],"predecessor-version":[{"id":9977,"href":"https:\/\/elfsight.com\/fr\/wp-json\/wp\/v2\/pages\/9973\/revisions\/9977"}],"up":[{"embeddable":true,"href":"https:\/\/elfsight.com\/fr\/wp-json\/wp\/v2\/pages\/2723"}],"wp:attachment":[{"href":"https:\/\/elfsight.com\/fr\/wp-json\/wp\/v2\/media?parent=9973"}],"curies":[{"name":"wp","href":"https:\/\/api.w.org\/{rel}","templated":true}]}}