{"id":9965,"date":"1970-01-01T00:00:00","date_gmt":"1970-01-01T00:00:00","guid":{"rendered":"https:\/\/elfsight.com\/fr\/?page_id=9965"},"modified":"2025-07-10T12:45:04","modified_gmt":"2025-07-10T12:45:04","slug":"bigcommerce","status":"publish","type":"page","link":"https:\/\/elfsight.com\/fr\/qr-code-widget\/bigcommerce\/","title":{"rendered":"QR Code &#8211; BigCommerce"},"content":{"rendered":"<div class=\"application-platform-content-item-description application-platform-content-item\" id=\"description\" data-nav-section=\"description\"> <h2>Description<\/h2> <p>Le g\u00e9n\u00e9rateur de code QR Elfsight est une option remarquable pour BigCommerce vous permettant de rediriger instantan\u00e9ment vos visiteurs vers n&rsquo;importe quel site, de partager un lien, votre emplacement, votre e-mail, n&rsquo;importe quel fichier et bien d&rsquo;autres. Le plugin est remarquablement r\u00e9glable : vous \u00eates libre d&rsquo;ajouter un titre, une l\u00e9gende, de choisir l&rsquo;ic\u00f4ne et le logo &#8211; depuis notre biblioth\u00e8que ou de t\u00e9l\u00e9charger le v\u00f4tre, de repeindre le texte, l&rsquo;arri\u00e8re-plan, le cadre et de modifier la taille selon vos besoins. Tout ce que vous avez \u00e0 faire est de commencer \u00e0 cr\u00e9er la fonctionnalit\u00e9 : l\u2019installation est simple et ne n\u00e9cessite aucune comp\u00e9tence en codage. <\/p> <p><b>Ins\u00e9rez le g\u00e9n\u00e9rateur de code QR Elfsight dans votre site Web et amenez les visiteurs directement l\u00e0 o\u00f9 vous souhaitez qu&rsquo;ils soient et rationalisez l&rsquo;utilisation du contenu<\/b><\/p> <\/div> <div class=\"application-platform-content-item- fonctionnalit\u00e9s application-platform-content-item\" id=\" fonctionnalit\u00e9s\" data-nav-section=\" fonctionnalit\u00e9s\"> <h2>Les fonctionnalit\u00e9s les plus importantes de l&rsquo;application incluent<\/h2> <ul><li>Un acc\u00e8s imm\u00e9diat au contenu que vous avez t\u00e9l\u00e9charg\u00e9<\/li><li>Ajouter n&rsquo;importe quel texte<\/li><li>Huit logos \u00e9changeables <\/li><li>Quinze ic\u00f4nes \u00e9changeables \u00e0 choisir<\/li><li>Recolorez tous les \u00e9l\u00e9ments<\/li><\/ul><p><a href=\"#demo\">Explorez toutes les fonctionnalit\u00e9s de personnalisation dans une d\u00e9mo enti\u00e8rement fonctionnelle<\/a><\/p> <\/div> <div class=\"application-platform-content-item-installation application-platform-content-item\" id=\"installation\" data-nav-section=\"installation\"> <h2>Comment int\u00e9grer un code QR dans ma page Web BigCommerce\u00a0? <\/h2> <p>Suivez simplement les \u00e9tapes d\u00e9crites ci-dessous pour ajouter l&rsquo;application. <\/p> <ol><li><b>Ouvrez notre d\u00e9mo gratuite et commencez \u00e0 cr\u00e9er votre widget personnalis\u00e9. <\/b><br> Trouvez la disposition et les performances souhait\u00e9es du widget et appliquez toutes les modifications. <\/li> <li><b>Recevez votre code unique r\u00e9v\u00e9l\u00e9 dans le formulaire sp\u00e9cial sur Elfsight Apps. <\/b><br> Juste une fois la configuration de votre widget termin\u00e9e, copiez votre code dans la fen\u00eatre contextuelle qui appara\u00eet et conservez-le pour une occasion ult\u00e9rieure. <\/li> <li><b>Commencez \u00e0 utiliser le widget sur votre page Web BigCommerce. <\/b><br> Int\u00e9grez le code que vous avez copi\u00e9 r\u00e9cemment dans votre page Web et appliquez les corrections. <\/li> <li><b>L&rsquo;installation est enti\u00e8rement termin\u00e9e. <\/b><br> Ouvrez votre site pour observer les performances du widget. <\/li><\/ol> <p>En cas de difficult\u00e9s, n&rsquo;h\u00e9sitez pas \u00e0 contacter notre service client. Nos sp\u00e9cialistes sont impatients de r\u00e9soudre toutes les questions que vous pourriez avoir avec le produit. <\/p> <div class=\"faq\" data-component=\"FAQ\"><div class=\"faq-item\">\r\n\t\t\t\t\t<div class=\"faq-item-question\">\r\n\t\t\t\t\t\t<h3 class=\"faq-item-question-text\">Existe-t-il une m\u00e9thode pour int\u00e9grer un Portfolio sur mon site Web BigCommerce sans comp\u00e9tences en codage ?<\/h3>\r\n\r\n\t\t\t\t\t\t<div class=\"faq-item-question-icon\"><\/div>\r\n\t\t\t\t\t<\/div>\r\n\r\n\t\t\t\t\t<div class=\"faq-item-answer\">\r\n\t\t\t\t\t\t<div class=\"faq-item-answer-text\"> <p>La soci\u00e9t\u00e9 Elfsight propose une solution SaaS qui vous permet d&rsquo;\u00e9tablir vous-m\u00eame un plugin Portfolio, d\u00e9couvrez les instructions simples\u00a0: commencez \u00e0 travailler directement dans la d\u00e9mo en direct pour cr\u00e9er une application Portfolio que vous aimeriez voir sur BigCommerce. Choisissez l&rsquo;un de nos mod\u00e8les pr\u00e9d\u00e9finis et modifiez les param\u00e8tres du portfolio, ajoutez votre contenu, modifiez la mise en page et la palette de couleurs sans aucune connaissance en codage. Enregistrez le portfolio et obtenez le code d&rsquo;installation du widget, que vous pouvez int\u00e9grer dans votre page d&rsquo;accueil BigCommerce dans le cadre d&rsquo;un forfait gratuit. Avec le configurateur intuitif, chaque internaute peut cr\u00e9er un widget Portfolio en ligne et l&rsquo;ajouter facilement \u00e0 n&rsquo;importe quelle page d&rsquo;accueil BigCommerce. Vous ne devez pas payer ni saisir vos identifiants de carte pour acc\u00e9der \u00e0 notre \u00c9diteur. Si vous rencontrez des probl\u00e8mes \u00e0 n&rsquo;importe quelle \u00e9tape, n&rsquo;h\u00e9sitez pas \u00e0 contacter notre \u00e9quipe d&rsquo;assistance technique.<\/p> <\/div>\r\n\t\t\t\t\t<\/div>\r\n\t\t\t\t<\/div> <\/div><\/div>","protected":false},"excerpt":{"rendered":"","protected":false},"author":9,"featured_media":0,"parent":2881,"menu_order":0,"comment_status":"closed","ping_status":"closed","template":"templates\/template-application-platform.php","meta":{"publish_to_discourse":"","publish_post_category":"","wpdc_auto_publish_overridden":"","wpdc_topic_tags":"","wpdc_pin_topic":"","wpdc_pin_until":"","discourse_post_id":"","discourse_permalink":"","wpdc_publishing_response":"","wpdc_publishing_error":"","footnotes":""},"class_list":["post-9965","page","type-page","status-publish","hentry"],"yoast_head":"<!-- This site is optimized with the Yoast SEO plugin v25.3.1 - https:\/\/yoast.com\/wordpress\/plugins\/seo\/ -->\n<title>G\u00e9n\u00e9rateur de code QR \u2014 Ajoutez un widget de code QR \u00e0 BigCommerce [2025]<\/title>\n<meta name=\"description\" content=\"Cr\u00e9ez rapidement votre code QR unique pour le site Web BigCommerce. Utilisez simplement notre d\u00e9mo et votre application sera pr\u00eate en moins d\u2019une minute.\" \/>\n<meta name=\"robots\" content=\"index, follow, max-snippet:-1, max-image-preview:large, max-video-preview:-1\" \/>\n<link rel=\"canonical\" href=\"https:\/\/elfsight.com\/fr\/qr-code-widget\/bigcommerce\/\" \/>\n<meta property=\"og:locale\" content=\"fr_FR\" \/>\n<meta property=\"og:type\" content=\"article\" \/>\n<meta property=\"og:title\" content=\"G\u00e9n\u00e9rateur de code QR \u2014 Ajoutez un widget de code QR \u00e0 BigCommerce [2025]\" \/>\n<meta property=\"og:description\" content=\"Cr\u00e9ez rapidement votre code QR unique pour le site Web BigCommerce. Utilisez simplement notre d\u00e9mo et votre application sera pr\u00eate en moins d\u2019une minute.\" \/>\n<meta property=\"og:url\" content=\"https:\/\/elfsight.com\/fr\/qr-code-widget\/bigcommerce\/\" \/>\n<meta property=\"og:site_name\" content=\"Elfsight FR\" \/>\n<meta property=\"article:modified_time\" content=\"2025-07-10T12:45:04+00:00\" \/>\n<meta name=\"twitter:card\" content=\"summary_large_image\" \/>\n<meta name=\"twitter:label1\" content=\"Dur\u00e9e de lecture estim\u00e9e\" \/>\n\t<meta name=\"twitter:data1\" content=\"3 minutes\" \/>\n<!-- \/ Yoast SEO plugin. -->","yoast_head_json":{"title":"G\u00e9n\u00e9rateur de code QR \u2014 Ajoutez un widget de code QR \u00e0 BigCommerce [2025]","description":"Cr\u00e9ez rapidement votre code QR unique pour le site Web BigCommerce. Utilisez simplement notre d\u00e9mo et votre application sera pr\u00eate en moins d\u2019une minute.","robots":{"index":"index","follow":"follow","max-snippet":"max-snippet:-1","max-image-preview":"max-image-preview:large","max-video-preview":"max-video-preview:-1"},"canonical":"https:\/\/elfsight.com\/fr\/qr-code-widget\/bigcommerce\/","og_locale":"fr_FR","og_type":"article","og_title":"G\u00e9n\u00e9rateur de code QR \u2014 Ajoutez un widget de code QR \u00e0 BigCommerce [2025]","og_description":"Cr\u00e9ez rapidement votre code QR unique pour le site Web BigCommerce. Utilisez simplement notre d\u00e9mo et votre application sera pr\u00eate en moins d\u2019une minute.","og_url":"https:\/\/elfsight.com\/fr\/qr-code-widget\/bigcommerce\/","og_site_name":"Elfsight FR","article_modified_time":"2025-07-10T12:45:04+00:00","twitter_card":"summary_large_image","twitter_misc":{"Dur\u00e9e de lecture estim\u00e9e":"3 minutes"},"schema":{"@context":"https:\/\/schema.org","@graph":[{"@type":"WebPage","@id":"https:\/\/elfsight.com\/fr\/qr-code-widget\/bigcommerce\/","url":"https:\/\/elfsight.com\/fr\/qr-code-widget\/bigcommerce\/","name":"G\u00e9n\u00e9rateur de code QR \u2014 Ajoutez un widget de code QR \u00e0 BigCommerce [2025]","isPartOf":{"@id":"https:\/\/elfsight.com\/fr\/#website"},"datePublished":"1970-01-01T00:00:00+00:00","dateModified":"2025-07-10T12:45:04+00:00","description":"Cr\u00e9ez rapidement votre code QR unique pour le site Web BigCommerce. Utilisez simplement notre d\u00e9mo et votre application sera pr\u00eate en moins d\u2019une minute.","breadcrumb":{"@id":"https:\/\/elfsight.com\/fr\/qr-code-widget\/bigcommerce\/#breadcrumb"},"inLanguage":"fr-FR","potentialAction":[{"@type":"ReadAction","target":["https:\/\/elfsight.com\/fr\/qr-code-widget\/bigcommerce\/"]}]},{"@type":"BreadcrumbList","@id":"https:\/\/elfsight.com\/fr\/qr-code-widget\/bigcommerce\/#breadcrumb","itemListElement":[{"@type":"ListItem","position":1,"name":"Home","item":"https:\/\/elfsight.com\/fr\/"},{"@type":"ListItem","position":2,"name":"QR Code","item":"https:\/\/elfsight.com\/fr\/qr-code-widget\/"},{"@type":"ListItem","position":3,"name":"QR Code &#8211; BigCommerce"}]},{"@type":"WebSite","@id":"https:\/\/elfsight.com\/fr\/#website","url":"https:\/\/elfsight.com\/fr\/","name":"Elfsight FR","description":"","potentialAction":[{"@type":"SearchAction","target":{"@type":"EntryPoint","urlTemplate":"https:\/\/elfsight.com\/fr\/?s={search_term_string}"},"query-input":{"@type":"PropertyValueSpecification","valueRequired":true,"valueName":"search_term_string"}}],"inLanguage":"fr-FR"}]}},"meta_box":{"industry":"","seo_heading":"","heading":"","description":"","cta_heading":"","cta_description":"","application":"2880","h1":"Application Code QR BigCommerce","h1_caption":"G\u00e9n\u00e9rez et affichez un code QR pour un acc\u00e8s facile aux URL, au Wi-Fi, aux cartes de visite et bien plus encore sur votre site Web BigCommerce, sans effort.","application_category":[],"applications_title":"","applications_request_title":"","applications_request_button_text":"","hero_text":"","hero_video":"","hero_video_schema_markup":"","selling_points_title":"","selling_points_caption":"","selling_points":[],"selling_points_cta_text":"","features_title":"","features":"","ed_cta_examples_text":"","ed_cta_examples_hidden":"","ed_cta_demo_text":"","ed_cta_demo_hidden":"","why_caption":"","why_editor_title":"","why_editor_text":"","why_team_title":"","why_team_text":"","why_service_title":"","why_service_text":"","template_catalog_visible":"","template_catalog_title":"","template_catalog_text":"","template_catalog_categories_visible":"","demo_title":"Cr\u00e9ez votre application QR Code","demo_caption":"Configurez votre QR Code et ajoutez-le gratuitement \u00e0 votre site Web BigCommerce !","default_faq_hidden":"","app_template_category":[],"platform":"347","template_public_id":"","codecanyon_url":"","codecanyon_item_id":"","codecanyon_price":"","pricing_caption":"","pricing_elfsight_apps_hide_column":"","pricing_elfsight_apps_url":"","pricing_codecanyon_price_caption":"","integration_category":[],"integration_request_title":"","integration_request_cta":"","integration_platform":"","integrations":[],"platform_category":[],"video_schema_markup":"","price":"\u00e0 partir de 0$ \/ mois","trial":"","benefits":[{"text":"Service d'installation gratuit"},{"text":"Support client exp\u00e9riment\u00e9"},{"text":"Garantie de remboursement de 14 jours"},{"text":"D\u00e9veloppement continu"}],"button_url":"","button_target_blank":"","button_nofollow":"","attributes":[{"name":"Installations","content":"10,000 - 100,000"},{"name":"Sensible","content":"Oui"},{"name":"Navigateurs compatibles","content":"Firefox, Safari, Opera, Chrome, Edge"}],"tags":[],"tags_disable_links":"","hide_more_platforms":"","video_object":"","demo_hide_cta":"","demo_hide_cloud_options":"","pricing_title":"","pricing":[{"pricing_icon":"platform","pricing_title":"Elfsight Apps","pricing_title_caption":"Version multiplateforme adapt\u00e9e \u00e0 n'importe quel site Web","pricing_price":"from $0 \/ month","pricing_price_caption":"commencez avec un forfait gratuit","pricing_benefits":[{"text":"Domaines illimit\u00e9s"},{"text":"Support client rapide et bien document\u00e9"},{"text":"Assistance \u00e0 l'installation gratuite"},{"text":"100% personnalisable"}],"pricing_button_text":"Ajouter au site Web","pricing_button_url":"#demo"}],"related_apps_title":"","related_apps_hidden":"","author":"","image":[],"title":"","job":"","social_networks":[]},"_links":{"self":[{"href":"https:\/\/elfsight.com\/fr\/wp-json\/wp\/v2\/pages\/9965","targetHints":{"allow":["GET"]}}],"collection":[{"href":"https:\/\/elfsight.com\/fr\/wp-json\/wp\/v2\/pages"}],"about":[{"href":"https:\/\/elfsight.com\/fr\/wp-json\/wp\/v2\/types\/page"}],"author":[{"embeddable":true,"href":"https:\/\/elfsight.com\/fr\/wp-json\/wp\/v2\/users\/9"}],"replies":[{"embeddable":true,"href":"https:\/\/elfsight.com\/fr\/wp-json\/wp\/v2\/comments?post=9965"}],"version-history":[{"count":1,"href":"https:\/\/elfsight.com\/fr\/wp-json\/wp\/v2\/pages\/9965\/revisions"}],"predecessor-version":[{"id":9969,"href":"https:\/\/elfsight.com\/fr\/wp-json\/wp\/v2\/pages\/9965\/revisions\/9969"}],"up":[{"embeddable":true,"href":"https:\/\/elfsight.com\/fr\/wp-json\/wp\/v2\/pages\/2881"}],"wp:attachment":[{"href":"https:\/\/elfsight.com\/fr\/wp-json\/wp\/v2\/media?parent=9965"}],"curies":[{"name":"wp","href":"https:\/\/api.w.org\/{rel}","templated":true}]}}