{"id":9963,"date":"1970-01-01T00:00:00","date_gmt":"1970-01-01T00:00:00","guid":{"rendered":"https:\/\/elfsight.com\/fr\/?page_id=9963"},"modified":"2025-07-10T12:45:15","modified_gmt":"2025-07-10T12:45:15","slug":"drupal","status":"publish","type":"page","link":"https:\/\/elfsight.com\/fr\/qr-code-widget\/drupal\/","title":{"rendered":"QR Code &#8211; Drupal"},"content":{"rendered":"<div class=\"application-platform-content-item-description application-platform-content-item\" id=\"description\" data-nav-section=\"description\"> <h2>Description<\/h2> <p>Le g\u00e9n\u00e9rateur de QR Code Elfsight est un module impressionnant pour Drupal vous permettant de rediriger rapidement les utilisateurs vers n&rsquo;importe quel site, de partager un lien, emplacement, e-mail, fichier et bien d\u2019autres. L&rsquo;outil est hautement personnalisable\u00a0: vous pouvez joindre un titre, une l\u00e9gende explicative, s\u00e9lectionner l&rsquo;ic\u00f4ne et le type de logo les plus appropri\u00e9s \u00e0 l&rsquo;aide de notre biblioth\u00e8que ou t\u00e9l\u00e9charger les v\u00f4tres, repeindre le texte, l&rsquo;arri\u00e8re-plan, le cadre et modifier la taille selon vos besoins. Il ne reste plus qu&rsquo;\u00e0 commencer \u00e0 cr\u00e9er le widget &#8211; l&rsquo;installation est un jeu d&rsquo;enfant et ne n\u00e9cessitera aucune comp\u00e9tence en codage. <\/p> <p><b>Int\u00e9grez le g\u00e9n\u00e9rateur de code QR Drupal dans votre page Web et amenez les utilisateurs directement l\u00e0 o\u00f9 vous en avez besoin et simplifiez la consommation de contenu<\/b><\/p> <\/div> <div class=\"application-platform-content-item-features application-platform-content-item\" id=\"features\" data-nav-section=\"features\"> <h2>Nous proposons des fonctionnalit\u00e9s utiles et simples, en voici quelques-unes\u00a0: <\/h2> <ul><li>Acc\u00e8s instantan\u00e9 au contenu que vous avez t\u00e9l\u00e9charg\u00e9<\/li><li>Joindre n&rsquo;importe quel texte<\/li><li>Huit logos \u00e9changeables<\/li><li>15 ic\u00f4nes \u00e9changeables disponibles<\/li><li>Recolorez toutes les parties du widget<\/li><\/ul><p><a href=\"#demo \">Essayez simplement cette d\u00e9mo pour comprendre les fonctionnalit\u00e9s du module<\/a><\/p> <\/div> <div class=\"application-platform-content-item-installation application-platform-content-item\" id=\"installation\" data-nav-section=\"installation\"> <h2>Comment int\u00e9grer un code QR dans mon site Web Drupal\u00a0? <\/h2> <p>Suivez simplement les instructions ci-dessous pour commencer \u00e0 travailler avec le plugin. <\/p> <ol><li><b>Ouvrez notre d\u00e9mo gratuite et commencez \u00e0 cr\u00e9er votre module sur mesure. <\/b><br> Recherchez la disposition et les caract\u00e9ristiques souhait\u00e9es du module et enregistrez toutes les modifications. <\/li> <li><b>Acqu\u00e9rir le code individuel qui s&rsquo;affiche dans la fen\u00eatre des applications Elfsight. <\/b><br> Une fois la g\u00e9n\u00e9ration de votre module termin\u00e9e, copiez votre code dans la case apparue et conservez-le pour une utilisation ult\u00e9rieure. <\/li> <li><b>Entrez sur l&rsquo;utilisation du module sur votre page Web Drupal. <\/b><br> Placez le code que vous avez copi\u00e9 auparavant dans votre site Web et appliquez les modifications. <\/li> <li><b>L&rsquo;installation s&rsquo;est termin\u00e9e avec succ\u00e8s. <\/b><br> Ouvrez votre site Web pour voir le travail du module. <\/li><\/ol><p>Si vous rencontrez des difficult\u00e9s, n&rsquo;h\u00e9sitez pas \u00e0 demander l&rsquo;aide de notre service client. Nos consultants sont impatients de vous aider avec toutes les questions que vous pourriez avoir avec le widget. <\/p> <div class=\"faq\" data-component=\"FAQ\"><div class=\"faq-item\">\r\n\t\t\t\t\t<div class=\"faq-item-question\">\r\n\t\t\t\t\t\t<h3 class=\"faq-item-question-text\">Existe-t-il une option pour int\u00e9grer le code QR \u00e0 mon site Drupal sans exp\u00e9rience en codage ?<\/h3>\r\n\r\n\t\t\t\t\t\t<div class=\"faq-item-question-icon\"><\/div>\r\n\t\t\t\t\t<\/div>\r\n\r\n\t\t\t\t\t<div class=\"faq-item-answer\">\r\n\t\t\t\t\t\t<div class=\"faq-item-answer-text\"> <p>La soci\u00e9t\u00e9 Elfsight propose une solution qui permet aux propri\u00e9taires de sites de cr\u00e9er vous-m\u00eame une section de code QR, regardez comme c&rsquo;est simple\u00a0: travaillez directement dans la d\u00e9mo en direct pour cr\u00e9er une application QR Code que vous souhaitez ajouter sur votre Drupal. Choisissez l&rsquo;un des mod\u00e8les pr\u00eats \u00e0 l&#8217;emploi et adaptez les param\u00e8tres du code QR, modifiez la mise en page et les sch\u00e9mas de couleurs, y compris votre contenu, sans aucune comp\u00e9tence en codage. Cliquez pour enregistrer le QR Code et obtenir le code d&rsquo;installation, que vous pouvez facilement ajouter sur votre page d&rsquo;accueil Drupal sans avoir besoin d&rsquo;acheter un abonnement payant. Avec notre \u00e9diteur simple, chaque utilisateur Web peut cr\u00e9er un widget QR Code en ligne et l&rsquo;int\u00e9grer simplement \u00e0 n&rsquo;importe quel site Drupal. Vous ne devez pas souscrire \u00e0 un abonnement payant ni saisir les donn\u00e9es de votre carte pour acc\u00e9der au service. Si vous rencontrez des probl\u00e8mes \u00e0 quelque \u00e9tape que ce soit, n&rsquo;h\u00e9sitez pas \u00e0 vous adresser \u00e0 notre \u00e9quipe d&rsquo;assistance.<\/p> <\/div>\r\n\t\t\t\t\t<\/div>\r\n\t\t\t\t<\/div> <\/div><\/div>","protected":false},"excerpt":{"rendered":"","protected":false},"author":9,"featured_media":0,"parent":2881,"menu_order":0,"comment_status":"closed","ping_status":"closed","template":"templates\/template-application-platform.php","meta":{"publish_to_discourse":"","publish_post_category":"","wpdc_auto_publish_overridden":"","wpdc_topic_tags":"","wpdc_pin_topic":"","wpdc_pin_until":"","discourse_post_id":"","discourse_permalink":"","wpdc_publishing_response":"","wpdc_publishing_error":"","footnotes":""},"class_list":["post-9963","page","type-page","status-publish","hentry"],"yoast_head":"<!-- This site is optimized with the Yoast SEO plugin v25.3.1 - https:\/\/yoast.com\/wordpress\/plugins\/seo\/ -->\n<title>QR Code \u2014 Ajouter un g\u00e9n\u00e9rateur de code QR au site Web Drupal [2025]<\/title>\n<meta name=\"description\" content=\"Cr\u00e9ez facilement votre g\u00e9n\u00e9rateur de code QR unique pour le site Web Drupal. Utilisez simplement notre d\u00e9mo pratique et votre module sera cr\u00e9\u00e9 en moins de deux minutes.\" \/>\n<meta name=\"robots\" content=\"index, follow, max-snippet:-1, max-image-preview:large, max-video-preview:-1\" \/>\n<link rel=\"canonical\" href=\"https:\/\/elfsight.com\/fr\/qr-code-widget\/drupal\/\" \/>\n<meta property=\"og:locale\" content=\"fr_FR\" \/>\n<meta property=\"og:type\" content=\"article\" \/>\n<meta property=\"og:title\" content=\"QR Code \u2014 Ajouter un g\u00e9n\u00e9rateur de code QR au site Web Drupal [2025]\" \/>\n<meta property=\"og:description\" content=\"Cr\u00e9ez facilement votre g\u00e9n\u00e9rateur de code QR unique pour le site Web Drupal. Utilisez simplement notre d\u00e9mo pratique et votre module sera cr\u00e9\u00e9 en moins de deux minutes.\" \/>\n<meta property=\"og:url\" content=\"https:\/\/elfsight.com\/fr\/qr-code-widget\/drupal\/\" \/>\n<meta property=\"og:site_name\" content=\"Elfsight FR\" \/>\n<meta property=\"article:modified_time\" content=\"2025-07-10T12:45:15+00:00\" \/>\n<meta name=\"twitter:card\" content=\"summary_large_image\" \/>\n<meta name=\"twitter:label1\" content=\"Dur\u00e9e de lecture estim\u00e9e\" \/>\n\t<meta name=\"twitter:data1\" content=\"3 minutes\" \/>\n<!-- \/ Yoast SEO plugin. -->","yoast_head_json":{"title":"QR Code \u2014 Ajouter un g\u00e9n\u00e9rateur de code QR au site Web Drupal [2025]","description":"Cr\u00e9ez facilement votre g\u00e9n\u00e9rateur de code QR unique pour le site Web Drupal. Utilisez simplement notre d\u00e9mo pratique et votre module sera cr\u00e9\u00e9 en moins de deux minutes.","robots":{"index":"index","follow":"follow","max-snippet":"max-snippet:-1","max-image-preview":"max-image-preview:large","max-video-preview":"max-video-preview:-1"},"canonical":"https:\/\/elfsight.com\/fr\/qr-code-widget\/drupal\/","og_locale":"fr_FR","og_type":"article","og_title":"QR Code \u2014 Ajouter un g\u00e9n\u00e9rateur de code QR au site Web Drupal [2025]","og_description":"Cr\u00e9ez facilement votre g\u00e9n\u00e9rateur de code QR unique pour le site Web Drupal. Utilisez simplement notre d\u00e9mo pratique et votre module sera cr\u00e9\u00e9 en moins de deux minutes.","og_url":"https:\/\/elfsight.com\/fr\/qr-code-widget\/drupal\/","og_site_name":"Elfsight FR","article_modified_time":"2025-07-10T12:45:15+00:00","twitter_card":"summary_large_image","twitter_misc":{"Dur\u00e9e de lecture estim\u00e9e":"3 minutes"},"schema":{"@context":"https:\/\/schema.org","@graph":[{"@type":"WebPage","@id":"https:\/\/elfsight.com\/fr\/qr-code-widget\/drupal\/","url":"https:\/\/elfsight.com\/fr\/qr-code-widget\/drupal\/","name":"QR Code \u2014 Ajouter un g\u00e9n\u00e9rateur de code QR au site Web Drupal [2025]","isPartOf":{"@id":"https:\/\/elfsight.com\/fr\/#website"},"datePublished":"1970-01-01T00:00:00+00:00","dateModified":"2025-07-10T12:45:15+00:00","description":"Cr\u00e9ez facilement votre g\u00e9n\u00e9rateur de code QR unique pour le site Web Drupal. Utilisez simplement notre d\u00e9mo pratique et votre module sera cr\u00e9\u00e9 en moins de deux minutes.","breadcrumb":{"@id":"https:\/\/elfsight.com\/fr\/qr-code-widget\/drupal\/#breadcrumb"},"inLanguage":"fr-FR","potentialAction":[{"@type":"ReadAction","target":["https:\/\/elfsight.com\/fr\/qr-code-widget\/drupal\/"]}]},{"@type":"BreadcrumbList","@id":"https:\/\/elfsight.com\/fr\/qr-code-widget\/drupal\/#breadcrumb","itemListElement":[{"@type":"ListItem","position":1,"name":"Home","item":"https:\/\/elfsight.com\/fr\/"},{"@type":"ListItem","position":2,"name":"QR Code","item":"https:\/\/elfsight.com\/fr\/qr-code-widget\/"},{"@type":"ListItem","position":3,"name":"QR Code &#8211; Drupal"}]},{"@type":"WebSite","@id":"https:\/\/elfsight.com\/fr\/#website","url":"https:\/\/elfsight.com\/fr\/","name":"Elfsight FR","description":"","potentialAction":[{"@type":"SearchAction","target":{"@type":"EntryPoint","urlTemplate":"https:\/\/elfsight.com\/fr\/?s={search_term_string}"},"query-input":{"@type":"PropertyValueSpecification","valueRequired":true,"valueName":"search_term_string"}}],"inLanguage":"fr-FR"}]}},"meta_box":{"industry":"","seo_heading":"","heading":"","description":"","cta_heading":"","cta_description":"","application":"2880","h1":"Module QRCode Drupal","h1_caption":"G\u00e9n\u00e9rez et affichez un code QR pour acc\u00e9der facilement aux URL, au Wi-Fi, aux cartes de visite et bien plus encore sur votre site Web Drupal.","application_category":[],"applications_title":"","applications_request_title":"","applications_request_button_text":"","hero_text":"","hero_video":"","hero_video_schema_markup":"","selling_points_title":"","selling_points_caption":"","selling_points":[],"selling_points_cta_text":"","features_title":"","features":"","ed_cta_examples_text":"","ed_cta_examples_hidden":"","ed_cta_demo_text":"","ed_cta_demo_hidden":"","why_caption":"","why_editor_title":"","why_editor_text":"","why_team_title":"","why_team_text":"","why_service_title":"","why_service_text":"","template_catalog_visible":"","template_catalog_title":"","template_catalog_text":"","template_catalog_categories_visible":"","demo_title":"Cr\u00e9ez votre module QR Code","demo_caption":"Configurez votre QR Code et ajoutez-le gratuitement \u00e0 votre site Drupal !","default_faq_hidden":"","app_template_category":[],"platform":"351","template_public_id":"","codecanyon_url":"","codecanyon_item_id":"","codecanyon_price":"","pricing_caption":"","pricing_elfsight_apps_hide_column":"","pricing_elfsight_apps_url":"","pricing_codecanyon_price_caption":"","integration_category":[],"integration_request_title":"","integration_request_cta":"","integration_platform":"","integrations":[],"platform_category":[],"video_schema_markup":"","price":"\u00e0 partir de 0$ \/ mois","trial":"","benefits":[{"text":"Assistance \u00e0 l'installation gratuite"},{"text":"Support client exp\u00e9riment\u00e9"},{"text":"Garantie de remboursement de 14 jours"},{"text":"Mises \u00e0 jour continues"}],"button_url":"","button_target_blank":"","button_nofollow":"","attributes":[{"name":"Installations","content":"10,000 - 100,000"},{"name":"Sensible","content":"Oui"},{"name":"Navigateurs compatibles","content":"IE11, Firefox, Safari, Opera, Chrome, Edge"}],"tags":[],"tags_disable_links":"","hide_more_platforms":"","video_object":"","demo_hide_cta":"","demo_hide_cloud_options":"","pricing_title":"","pricing":[{"pricing_icon":"platform","pricing_title":"Elfsight Apps","pricing_title_caption":"Solution num\u00e9rique multiplateforme qui fonctionne sur n'importe quel site","pricing_price":"from $0 \/ month","pricing_price_caption":"commencez avec un forfait gratuit","pricing_benefits":[{"text":"Domaines illimit\u00e9s"},{"text":"Support client professionnel et bien document\u00e9"},{"text":"Assistance \u00e0 l'installation gratuite"},{"text":"Offre \u00e0 dur\u00e9e limit\u00e9e pour plusieurs applications"}],"pricing_button_text":"Ajouter au site Web","pricing_button_url":"#demo"}],"related_apps_title":"","related_apps_hidden":"","author":"","image":[],"title":"","job":"","social_networks":[]},"_links":{"self":[{"href":"https:\/\/elfsight.com\/fr\/wp-json\/wp\/v2\/pages\/9963","targetHints":{"allow":["GET"]}}],"collection":[{"href":"https:\/\/elfsight.com\/fr\/wp-json\/wp\/v2\/pages"}],"about":[{"href":"https:\/\/elfsight.com\/fr\/wp-json\/wp\/v2\/types\/page"}],"author":[{"embeddable":true,"href":"https:\/\/elfsight.com\/fr\/wp-json\/wp\/v2\/users\/9"}],"replies":[{"embeddable":true,"href":"https:\/\/elfsight.com\/fr\/wp-json\/wp\/v2\/comments?post=9963"}],"version-history":[{"count":1,"href":"https:\/\/elfsight.com\/fr\/wp-json\/wp\/v2\/pages\/9963\/revisions"}],"predecessor-version":[{"id":9967,"href":"https:\/\/elfsight.com\/fr\/wp-json\/wp\/v2\/pages\/9963\/revisions\/9967"}],"up":[{"embeddable":true,"href":"https:\/\/elfsight.com\/fr\/wp-json\/wp\/v2\/pages\/2881"}],"wp:attachment":[{"href":"https:\/\/elfsight.com\/fr\/wp-json\/wp\/v2\/media?parent=9963"}],"curies":[{"name":"wp","href":"https:\/\/api.w.org\/{rel}","templated":true}]}}