{"id":9955,"date":"1970-01-01T00:00:00","date_gmt":"1970-01-01T00:00:00","guid":{"rendered":"https:\/\/elfsight.com\/fr\/?page_id=9955"},"modified":"2025-01-10T12:45:46","modified_gmt":"2025-01-10T12:45:46","slug":"jquery","status":"publish","type":"page","link":"https:\/\/elfsight.com\/fr\/qr-code-widget\/jquery\/","title":{"rendered":"QR Code &#8211; jQuery"},"content":{"rendered":"\n<div class=\"application-platform-content-item-description application-platform-content-item\" id=\"description\" data-nav-section=\"description\"> <h2>Description<\/h2> <p>Le g\u00e9n\u00e9rateur de QR Code est une option impressionnante pour les sites Web jQuery vous permettant de rediriger rapidement les utilisateurs vers n&rsquo;importe quelle page Web, partagez une URL, votre emplacement, votre e-mail, n&rsquo;importe quel fichier et bien d&rsquo;autres. L&rsquo;outil est remarquablement personnalisable\u00a0: vous \u00eates libre de joindre un titre, une l\u00e9gende explicative, de choisir l&rsquo;ic\u00f4ne et le logo les plus adapt\u00e9s &#8211; dans notre biblioth\u00e8que ou de t\u00e9l\u00e9charger les v\u00f4tres, de recolorer le texte, l&rsquo;arri\u00e8re-plan, le cadre et d&rsquo;ajuster la taille \u00e0 votre guise. besoin. Tout ce que vous avez \u00e0 faire est simplement de commencer \u00e0 cr\u00e9er votre widget personnalis\u00e9\u00a0: l&rsquo;installation est simple et ne n\u00e9cessite aucune comp\u00e9tence en codage.<\/p> <p><b>Int\u00e9grez le g\u00e9n\u00e9rateur de code QR dans votre site Web jQuery et redirigez les utilisateurs directement l\u00e0 o\u00f9 vous le souhaitez. en ont besoin et simplifient l&rsquo;utilisation du contenu<\/b><\/p> <\/div> <div class=\"application-platform-content-item-features application-platform-content-item\" id=\"features\" data-nav-section=\"features\"> <h2>Voici les fonctionnalit\u00e9s de base du plugin\u00a0:<\/h2> <ul><li> Acc\u00e8s instantan\u00e9 \u00e0 votre contenu<\/li><li>Ajoutez n&rsquo;importe quel texte<\/li><li>8 logos commutables<\/li><li>15 ic\u00f4nes \u00e9changeables disponibles<\/li><li>Repeignez tous les \u00e9l\u00e9ments du widget<\/li><\/ul><p><a href=\"#demo\">Vous pouvez tester toutes les fonctionnalit\u00e9s du plugin QR code dans la d\u00e9mo <\/a><\/p> <\/div> <div class=\"application-platform-content-item-installation  application-platform-content-item\" id=\"installation \" data-nav-section=\"installation \"> <h2>Comment ajouter un QR Code sur mon site jQuery ?<\/h2> <p>Suivez simplement quelques \u00e9tapes d\u00e9crites ci-dessous pour int\u00e9grer le plugin.<\/p> <ol><li><b>Lancement de notre \u00e9diteur gratuit et commencez \u00e0 cr\u00e9er votre widget unique. <\/b><br> Choisissez la conception et les param\u00e8tres souhait\u00e9s de l&rsquo;outil et enregistrez les modifications. <\/li> <li><b>Recevez votre code personnel affich\u00e9 dans le formulaire sp\u00e9cial sur Elfsight Apps. <\/b><br> Une fois la configuration de votre plugin personnel termin\u00e9e, copiez le code exclusif dans la fen\u00eatre contextuelle qui appara\u00eet et enregistrez-le pour une utilisation ult\u00e9rieure. <\/li> <li><b>Commencez \u00e0 utiliser le plugin sur la page Web jQuery. <\/b><br> Int\u00e9grez le code que vous avez enregistr\u00e9 r\u00e9cemment dans votre page et enregistrez les modifications. <\/li> <li><b>Fait\u00a0! L&rsquo;int\u00e9gration est pleinement r\u00e9alis\u00e9e. <\/b><br> Acc\u00e9dez \u00e0 votre site Web pour jeter un \u0153il au travail du widget. <\/li><\/ol> <p>Si vous rencontrez des complications, n&rsquo;h\u00e9sitez pas \u00e0 demander l&rsquo;aide de notre \u00e9quipe d&rsquo;assistance. Nos collaborateurs seront ravis de vous aider \u00e0 r\u00e9soudre tous les probl\u00e8mes que vous pourriez rencontrer avec l&rsquo;outil. <\/p> <div class=\"faq\" data-component=\"FAQ\"><div class=\"faq-item\">\r\n\t\t\t\t\t<div class=\"faq-item-question\">\r\n\t\t\t\t\t\t<h3 class=\"faq-item-question-text\">Existe-t-il un moyen d'int\u00e9grer un QR Code sur mon site jQuery sans comp\u00e9tences en codage ?<\/h3>\r\n\r\n\t\t\t\t\t\t<div class=\"faq-item-question-icon\"><\/div>\r\n\t\t\t\t\t<\/div>\r\n\r\n\t\t\t\t\t<div class=\"faq-item-answer\">\r\n\t\t\t\t\t\t<div class=\"faq-item-answer-text\"> <p>Elfsight propose une solution qui permet aux utilisateurs de cr\u00e9er eux-m\u00eames un plugin QR Code, trouvez suivez le guide simple\u00a0: commencez \u00e0 travailler directement dans la d\u00e9mo en ligne pour g\u00e9n\u00e9rer une section de code QR que vous souhaitez inclure sur la page Web jQuery. Choisissez l&rsquo;un des nombreux mod\u00e8les pr\u00eats \u00e0 l&#8217;emploi et ajustez les param\u00e8tres du code QR, incluez votre contenu, modifiez la mise en page et la palette de couleurs sans codage. Enregistrez les param\u00e8tres que vous avez d\u00e9finis dans QR Code et obtenez le code d&rsquo;installation qui peut \u00eatre ajout\u00e9 gratuitement sur la page d&rsquo;accueil de jQuery. Avec l&rsquo;aide de l&rsquo;\u00e9diteur facile \u00e0 utiliser, chaque utilisateur Web peut cr\u00e9er un plugin QR Code en ligne et l&rsquo;int\u00e9grer facilement \u00e0 la page d&rsquo;accueil de jQuery. Il n&rsquo;est pas n\u00e9cessaire de payer ou de soumettre les informations d&rsquo;identification de votre carte pour acc\u00e9der \u00e0 notre service. Si vous rencontrez des probl\u00e8mes de quelque nature que ce soit, n&rsquo;h\u00e9sitez pas \u00e0 contacter notre \u00e9quipe d&rsquo;assistance.<\/p> <\/div>\r\n\t\t\t\t\t<\/div>\r\n\t\t\t\t<\/div> <\/div><\/div>\n","protected":false},"excerpt":{"rendered":"","protected":false},"author":9,"featured_media":0,"parent":2881,"menu_order":0,"comment_status":"closed","ping_status":"closed","template":"templates\/template-application-platform.php","meta":{"publish_to_discourse":"","publish_post_category":"","wpdc_auto_publish_overridden":"","wpdc_topic_tags":"","wpdc_pin_topic":"","wpdc_pin_until":"","discourse_post_id":"","discourse_permalink":"","wpdc_publishing_response":"","wpdc_publishing_error":"","footnotes":""},"class_list":["post-9955","page","type-page","status-publish","hentry"],"yoast_head":"<!-- This site is optimized with the Yoast SEO plugin v25.3.1 - https:\/\/yoast.com\/wordpress\/plugins\/seo\/ -->\n<title>G\u00e9n\u00e9rateur de code QR \u2014 Ajouter un plugin de code QR \u00e0 jQuery [2025]<\/title>\n<meta name=\"description\" content=\"Cr\u00e9ez rapidement vos plugins de code QR jQuery uniques. Appliquez simplement notre d\u00e9mo pratique et votre plugin sera construit en moins de deux minutes.\" \/>\n<meta name=\"robots\" content=\"index, follow, max-snippet:-1, max-image-preview:large, max-video-preview:-1\" \/>\n<link rel=\"canonical\" href=\"https:\/\/elfsight.com\/fr\/qr-code-widget\/jquery\/\" \/>\n<meta property=\"og:locale\" content=\"fr_FR\" \/>\n<meta property=\"og:type\" content=\"article\" \/>\n<meta property=\"og:title\" content=\"G\u00e9n\u00e9rateur de code QR \u2014 Ajouter un plugin de code QR \u00e0 jQuery [2025]\" \/>\n<meta property=\"og:description\" content=\"Cr\u00e9ez rapidement vos plugins de code QR jQuery uniques. Appliquez simplement notre d\u00e9mo pratique et votre plugin sera construit en moins de deux minutes.\" \/>\n<meta property=\"og:url\" content=\"https:\/\/elfsight.com\/fr\/qr-code-widget\/jquery\/\" \/>\n<meta property=\"og:site_name\" content=\"Elfsight FR\" \/>\n<meta property=\"article:modified_time\" content=\"2025-01-10T12:45:46+00:00\" \/>\n<meta name=\"twitter:card\" content=\"summary_large_image\" \/>\n<meta name=\"twitter:label1\" content=\"Dur\u00e9e de lecture estim\u00e9e\" \/>\n\t<meta name=\"twitter:data1\" content=\"3 minutes\" \/>\n<!-- \/ Yoast SEO plugin. -->","yoast_head_json":{"title":"G\u00e9n\u00e9rateur de code QR \u2014 Ajouter un plugin de code QR \u00e0 jQuery [2025]","description":"Cr\u00e9ez rapidement vos plugins de code QR jQuery uniques. Appliquez simplement notre d\u00e9mo pratique et votre plugin sera construit en moins de deux minutes.","robots":{"index":"index","follow":"follow","max-snippet":"max-snippet:-1","max-image-preview":"max-image-preview:large","max-video-preview":"max-video-preview:-1"},"canonical":"https:\/\/elfsight.com\/fr\/qr-code-widget\/jquery\/","og_locale":"fr_FR","og_type":"article","og_title":"G\u00e9n\u00e9rateur de code QR \u2014 Ajouter un plugin de code QR \u00e0 jQuery [2025]","og_description":"Cr\u00e9ez rapidement vos plugins de code QR jQuery uniques. Appliquez simplement notre d\u00e9mo pratique et votre plugin sera construit en moins de deux minutes.","og_url":"https:\/\/elfsight.com\/fr\/qr-code-widget\/jquery\/","og_site_name":"Elfsight FR","article_modified_time":"2025-01-10T12:45:46+00:00","twitter_card":"summary_large_image","twitter_misc":{"Dur\u00e9e de lecture estim\u00e9e":"3 minutes"},"schema":{"@context":"https:\/\/schema.org","@graph":[{"@type":"WebPage","@id":"https:\/\/elfsight.com\/fr\/qr-code-widget\/jquery\/","url":"https:\/\/elfsight.com\/fr\/qr-code-widget\/jquery\/","name":"G\u00e9n\u00e9rateur de code QR \u2014 Ajouter un plugin de code QR \u00e0 jQuery [2025]","isPartOf":{"@id":"https:\/\/elfsight.com\/fr\/#website"},"datePublished":"1970-01-01T00:00:00+00:00","dateModified":"2025-01-10T12:45:46+00:00","description":"Cr\u00e9ez rapidement vos plugins de code QR jQuery uniques. Appliquez simplement notre d\u00e9mo pratique et votre plugin sera construit en moins de deux minutes.","breadcrumb":{"@id":"https:\/\/elfsight.com\/fr\/qr-code-widget\/jquery\/#breadcrumb"},"inLanguage":"fr-FR","potentialAction":[{"@type":"ReadAction","target":["https:\/\/elfsight.com\/fr\/qr-code-widget\/jquery\/"]}]},{"@type":"BreadcrumbList","@id":"https:\/\/elfsight.com\/fr\/qr-code-widget\/jquery\/#breadcrumb","itemListElement":[{"@type":"ListItem","position":1,"name":"Home","item":"https:\/\/elfsight.com\/fr\/"},{"@type":"ListItem","position":2,"name":"QR Code","item":"https:\/\/elfsight.com\/fr\/qr-code-widget\/"},{"@type":"ListItem","position":3,"name":"QR Code &#8211; jQuery"}]},{"@type":"WebSite","@id":"https:\/\/elfsight.com\/fr\/#website","url":"https:\/\/elfsight.com\/fr\/","name":"Elfsight FR","description":"","potentialAction":[{"@type":"SearchAction","target":{"@type":"EntryPoint","urlTemplate":"https:\/\/elfsight.com\/fr\/?s={search_term_string}"},"query-input":{"@type":"PropertyValueSpecification","valueRequired":true,"valueName":"search_term_string"}}],"inLanguage":"fr-FR"}]}},"meta_box":{"industry":"","seo_heading":"","heading":"","description":"","cta_heading":"","cta_description":"","application":"2880","h1":"Plugin jQuery QRCode","h1_caption":"G\u00e9n\u00e9rez et affichez un code QR pour acc\u00e9der facilement aux URL, au Wi-Fi, aux cartes de visite et bien plus encore sur votre site Web jQuery.","application_category":[],"applications_title":"","applications_request_title":"","applications_request_button_text":"","hero_text":"","hero_video":"","hero_video_schema_markup":"","selling_points_title":"","selling_points_caption":"","selling_points":[],"selling_points_cta_text":"","features_title":"","features":"","ed_cta_examples_text":"","ed_cta_examples_hidden":"","ed_cta_demo_text":"","ed_cta_demo_hidden":"","why_caption":"","why_editor_title":"","why_editor_text":"","why_team_title":"","why_team_text":"","why_service_title":"","why_service_text":"","template_catalog_visible":"0","template_catalog_title":"","template_catalog_text":"","template_catalog_categories_visible":"","demo_title":"Cr\u00e9ez votre plugin QR Code","demo_caption":"Configurez votre QR Code et ajoutez-le gratuitement \u00e0 votre site Web jQuery\u00a0!","default_faq_hidden":"","app_template_category":[],"platform":"355","template_public_id":"","codecanyon_url":"","codecanyon_item_id":"","codecanyon_price":"","pricing_caption":"","pricing_elfsight_apps_hide_column":"","pricing_elfsight_apps_url":"","pricing_codecanyon_price_caption":"","integration_category":[],"integration_request_title":"","integration_request_cta":"","integration_platform":"","integrations":[],"platform_category":[],"video_schema_markup":"","price":"\u00e0 partir de 0$ \/ mois","trial":"","benefits":[{"text":"Aide \u00e0 l'installation gratuite"},{"text":"Support client exp\u00e9riment\u00e9"},{"text":"Garantie de remboursement de 14 jours"},{"text":"Mises \u00e0 jour gratuites \u00e0 vie"}],"button_url":"","button_target_blank":"0","button_nofollow":"0","attributes":[{"name":"Installations","content":"10,000 - 100,000"},{"name":"Sensible","content":"Oui"},{"name":"Navigateurs compatibles","content":"Firefox, Safari, Opera, Chrome, Edge"}],"tags":[],"tags_disable_links":"0","hide_more_platforms":"","video_object":"","demo_hide_cta":"0","demo_hide_cloud_options":"0","pricing_title":"","pricing":[{"pricing_icon":"platform","pricing_title":"Elfsight Apps","pricing_title_caption":"Version ind\u00e9pendante de la plate-forme qui fonctionne sur n'importe quel site","pricing_price":"from $0 \/ month","pricing_price_caption":"commencez avec un forfait gratuit","pricing_benefits":[{"text":"Sites Web illimit\u00e9s"},{"text":"Support premium et ponctuel et bien document\u00e9"},{"text":"Assistance \u00e0 l'installation gratuite"},{"text":"Enti\u00e8rement personnalisable"}],"pricing_button_text":"Ajouter au site Web","pricing_button_url":"#demo"}],"related_apps_title":"","related_apps_hidden":"0","author":"","image":[],"title":"","job":"","social_networks":[]},"_links":{"self":[{"href":"https:\/\/elfsight.com\/fr\/wp-json\/wp\/v2\/pages\/9955","targetHints":{"allow":["GET"]}}],"collection":[{"href":"https:\/\/elfsight.com\/fr\/wp-json\/wp\/v2\/pages"}],"about":[{"href":"https:\/\/elfsight.com\/fr\/wp-json\/wp\/v2\/types\/page"}],"author":[{"embeddable":true,"href":"https:\/\/elfsight.com\/fr\/wp-json\/wp\/v2\/users\/9"}],"replies":[{"embeddable":true,"href":"https:\/\/elfsight.com\/fr\/wp-json\/wp\/v2\/comments?post=9955"}],"version-history":[{"count":3,"href":"https:\/\/elfsight.com\/fr\/wp-json\/wp\/v2\/pages\/9955\/revisions"}],"predecessor-version":[{"id":16122,"href":"https:\/\/elfsight.com\/fr\/wp-json\/wp\/v2\/pages\/9955\/revisions\/16122"}],"up":[{"embeddable":true,"href":"https:\/\/elfsight.com\/fr\/wp-json\/wp\/v2\/pages\/2881"}],"wp:attachment":[{"href":"https:\/\/elfsight.com\/fr\/wp-json\/wp\/v2\/media?parent=9955"}],"curies":[{"name":"wp","href":"https:\/\/api.w.org\/{rel}","templated":true}]}}