{"id":9949,"date":"1970-01-01T00:00:00","date_gmt":"1970-01-01T00:00:00","guid":{"rendered":"https:\/\/elfsight.com\/fr\/?page_id=9949"},"modified":"2025-07-10T12:45:39","modified_gmt":"2025-07-10T12:45:39","slug":"iframe","status":"publish","type":"page","link":"https:\/\/elfsight.com\/fr\/qr-code-widget\/iframe\/","title":{"rendered":"QR Code &#8211; iFrame"},"content":{"rendered":"<div class=\"application-platform-content-item-description application-platform-content-item\" id=\"description\" data-nav-section=\"description\"> <h2>Int\u00e9grer le QR Code sur iFrame avec le widget Elfsight<\/h2> <p>Le QR Code est un outil remarquable pour iFrame vous permettant de rediriger imm\u00e9diatement vos visiteurs sur n&rsquo;importe quel site Web, partagez un lien, un emplacement, un e-mail, n&rsquo;importe quel fichier et bien d&rsquo;autres. Le widget est remarquablement r\u00e9glable\u00a0: vous \u00eates libre d&rsquo;attacher un titre, une l\u00e9gende explicative, de choisir l&rsquo;ic\u00f4ne et le logo &#8211; depuis notre biblioth\u00e8que ou de t\u00e9l\u00e9charger le v\u00f4tre, de recolorer le texte, l&rsquo;arri\u00e8re-plan, le cadre et de modifier la taille du widget selon vos besoins. . Il ne reste plus qu&rsquo;\u00e0 commencer \u00e0 cr\u00e9er l&rsquo;outil : l&rsquo;installation est un jeu d&rsquo;enfant et ne n\u00e9cessitera aucune comp\u00e9tence en codage. <\/p> <p><b>Ins\u00e9rez le code QR Elfsight dans votre site Web et redirigez les visiteurs directement l\u00e0 o\u00f9 vous en avez besoin et rationalisez la consommation de contenu<\/b><\/p> <\/div> <div class=\"application-platform-content-item-features  application-platform-content-item\" id=\"features \" data-nav-section=\"features \"> <h2>Voici seulement quelques-unes des nombreuses fonctionnalit\u00e9s du widget\u00a0: <\/h2> <ul><li>Acc\u00e8s imm\u00e9diat \u00e0 votre contenu<\/li><li>Ajoutez n&rsquo;importe quel texte<\/li><li>8 \u00e9changeables logos<\/li><li>15 ic\u00f4nes \u00e9changeables disponibles<\/li><li>Repeignez toutes les pi\u00e8ces<\/li><\/ul><p><a href=\"#demo\">Examinez toutes les options de personnalisation dans leur int\u00e9gralit\u00e9 -d\u00e9mo en vedette<\/a><\/p> <\/div> <div class=\"application-platform-content-item-installation application-platform-content-item\" id=\"installation\" data-nav-section=\"installation\"> <h2>Comment puis-je int\u00e9grer un code QR \u00e0 ma page Web iFrame\u00a0? <\/h2> <p>Suivez simplement les \u00e9tapes suivantes d\u00e9crites ci-dessous pour ins\u00e9rer le widget. <\/p> <ol><li><b>G\u00e9rez notre configurateur gratuit et commencez \u00e0 fa\u00e7onner votre plugin personnalis\u00e9. <\/b><br> D\u00e9terminez le design et les param\u00e8tres s\u00e9lectionn\u00e9s du plugin et appliquez les corrections. <\/li> <li><b>Acqu\u00e9rez votre code individuel expos\u00e9 dans la veuve sur Elfsight Apps. <\/b><br> D\u00e8s que la configuration de votre outil est termin\u00e9e, copiez le code exclusif dans la fen\u00eatre contextuelle qui appara\u00eet et enregistrez-le pour d&rsquo;autres besoins. <\/li> <li><b>Initiez l&rsquo;utilisation du widget sur votre site iFrame. <\/b><br> Int\u00e9grez le code que vous avez copi\u00e9 r\u00e9cemment dans votre page d&rsquo;accueil et appliquez les modifications. <\/li> <li><b>Vous avez termin\u00e9\u00a0! La configuration est termin\u00e9e avec succ\u00e8s. <\/b><br> Visitez votre page pour observer les performances du plugin. <\/li><\/ol> <p>Si vous rencontrez des complications, n&rsquo;h\u00e9sitez pas \u00e0 contacter notre \u00e9quipe d&rsquo;assistance. Nos sp\u00e9cialistes se feront un plaisir de vous aider avec toutes les questions que vous pourriez avoir avec le widget. <\/p> <div class=\"faq\" data-component=\"FAQ\"><div class=\"faq-item\">\r\n\t\t\t\t\t<div class=\"faq-item-question\">\r\n\t\t\t\t\t\t<h3 class=\"faq-item-question-text\">Existe-t-il une m\u00e9thode pour int\u00e9grer un QR Code \u00e0 ma page d'accueil iFrame sans comp\u00e9tences en codage ?<\/h3>\r\n\r\n\t\t\t\t\t\t<div class=\"faq-item-question-icon\"><\/div>\r\n\t\t\t\t\t<\/div>\r\n\r\n\t\t\t\t\t<div class=\"faq-item-answer\">\r\n\t\t\t\t\t\t<div class=\"faq-item-answer-text\"> <p>Elfsight propose une solution qui permet aux utilisateurs de cr\u00e9er eux-m\u00eames un plugin QR Code. D\u00e9couvrez \u00e0 quel point c&rsquo;est simple c&rsquo;est le cas\u00a0: commencez \u00e0 travailler directement dans la d\u00e9mo en direct pour cr\u00e9er un plugin QR Code que vous souhaitez int\u00e9grer sur la page d&rsquo;accueil d&rsquo;iFrame. Choisissez l&rsquo;un des nombreux mod\u00e8les pr\u00e9d\u00e9finis et adaptez les param\u00e8tres du QR Code, incluez votre contenu, modifiez la mise en page et les couleurs sans aucune connaissance en codage. Cliquez pour enregistrer le code QR et obtenir le code d&rsquo;installation, que vous pouvez facilement inclure dans n&rsquo;importe quel site Web iFrame sans avoir besoin d&rsquo;acheter un abonnement payant. Gr\u00e2ce \u00e0 notre configurateur convivial, chaque internaute peut cr\u00e9er un plugin QR Code et l&rsquo;inclure simplement \u00e0 la page Web iFrame. Il n&rsquo;est pas n\u00e9cessaire de payer ou de saisir les informations d&rsquo;identification de votre carte pour acc\u00e9der \u00e0 Elfsight Editor. Si vous rencontrez des obstacles \u00e0 une \u00e9tape quelconque, n&rsquo;h\u00e9sitez pas \u00e0 contacter notre \u00e9quipe d&rsquo;assistance technique.<\/p> <\/div>\r\n\t\t\t\t\t<\/div>\r\n\t\t\t\t<\/div> <\/div><\/div>","protected":false},"excerpt":{"rendered":"","protected":false},"author":9,"featured_media":0,"parent":2881,"menu_order":0,"comment_status":"closed","ping_status":"closed","template":"templates\/template-application-platform.php","meta":{"publish_to_discourse":"","publish_post_category":"","wpdc_auto_publish_overridden":"","wpdc_topic_tags":"","wpdc_pin_topic":"","wpdc_pin_until":"","discourse_post_id":"","discourse_permalink":"","wpdc_publishing_response":"","wpdc_publishing_error":"","footnotes":""},"class_list":["post-9949","page","type-page","status-publish","hentry"],"yoast_head":"<!-- This site is optimized with the Yoast SEO plugin v25.3.1 - https:\/\/yoast.com\/wordpress\/plugins\/seo\/ -->\n<title>G\u00e9n\u00e9rateur de code QR \u2014 Ajoutez un plugin de code QR \u00e0 iFrame (gratuit et rapide)<\/title>\n<meta name=\"description\" content=\"Cr\u00e9ez rapidement votre code QR personnalis\u00e9 pour le site iFrame. Utilisez simplement notre d\u00e9mo active et votre outil sera pr\u00eat en moins de deux minutes.\" \/>\n<meta name=\"robots\" content=\"index, follow, max-snippet:-1, max-image-preview:large, max-video-preview:-1\" \/>\n<link rel=\"canonical\" href=\"https:\/\/elfsight.com\/fr\/qr-code-widget\/iframe\/\" \/>\n<meta property=\"og:locale\" content=\"fr_FR\" \/>\n<meta property=\"og:type\" content=\"article\" \/>\n<meta property=\"og:title\" content=\"G\u00e9n\u00e9rateur de code QR \u2014 Ajoutez un plugin de code QR \u00e0 iFrame (gratuit et rapide)\" \/>\n<meta property=\"og:description\" content=\"Cr\u00e9ez rapidement votre code QR personnalis\u00e9 pour le site iFrame. Utilisez simplement notre d\u00e9mo active et votre outil sera pr\u00eat en moins de deux minutes.\" \/>\n<meta property=\"og:url\" content=\"https:\/\/elfsight.com\/fr\/qr-code-widget\/iframe\/\" \/>\n<meta property=\"og:site_name\" content=\"Elfsight FR\" \/>\n<meta property=\"article:modified_time\" content=\"2025-07-10T12:45:39+00:00\" \/>\n<meta name=\"twitter:card\" content=\"summary_large_image\" \/>\n<meta name=\"twitter:label1\" content=\"Dur\u00e9e de lecture estim\u00e9e\" \/>\n\t<meta name=\"twitter:data1\" content=\"3 minutes\" \/>\n<!-- \/ Yoast SEO plugin. -->","yoast_head_json":{"title":"G\u00e9n\u00e9rateur de code QR \u2014 Ajoutez un plugin de code QR \u00e0 iFrame (gratuit et rapide)","description":"Cr\u00e9ez rapidement votre code QR personnalis\u00e9 pour le site iFrame. Utilisez simplement notre d\u00e9mo active et votre outil sera pr\u00eat en moins de deux minutes.","robots":{"index":"index","follow":"follow","max-snippet":"max-snippet:-1","max-image-preview":"max-image-preview:large","max-video-preview":"max-video-preview:-1"},"canonical":"https:\/\/elfsight.com\/fr\/qr-code-widget\/iframe\/","og_locale":"fr_FR","og_type":"article","og_title":"G\u00e9n\u00e9rateur de code QR \u2014 Ajoutez un plugin de code QR \u00e0 iFrame (gratuit et rapide)","og_description":"Cr\u00e9ez rapidement votre code QR personnalis\u00e9 pour le site iFrame. Utilisez simplement notre d\u00e9mo active et votre outil sera pr\u00eat en moins de deux minutes.","og_url":"https:\/\/elfsight.com\/fr\/qr-code-widget\/iframe\/","og_site_name":"Elfsight FR","article_modified_time":"2025-07-10T12:45:39+00:00","twitter_card":"summary_large_image","twitter_misc":{"Dur\u00e9e de lecture estim\u00e9e":"3 minutes"},"schema":{"@context":"https:\/\/schema.org","@graph":[{"@type":"WebPage","@id":"https:\/\/elfsight.com\/fr\/qr-code-widget\/iframe\/","url":"https:\/\/elfsight.com\/fr\/qr-code-widget\/iframe\/","name":"G\u00e9n\u00e9rateur de code QR \u2014 Ajoutez un plugin de code QR \u00e0 iFrame (gratuit et rapide)","isPartOf":{"@id":"https:\/\/elfsight.com\/fr\/#website"},"datePublished":"1970-01-01T00:00:00+00:00","dateModified":"2025-07-10T12:45:39+00:00","description":"Cr\u00e9ez rapidement votre code QR personnalis\u00e9 pour le site iFrame. Utilisez simplement notre d\u00e9mo active et votre outil sera pr\u00eat en moins de deux minutes.","breadcrumb":{"@id":"https:\/\/elfsight.com\/fr\/qr-code-widget\/iframe\/#breadcrumb"},"inLanguage":"fr-FR","potentialAction":[{"@type":"ReadAction","target":["https:\/\/elfsight.com\/fr\/qr-code-widget\/iframe\/"]}]},{"@type":"BreadcrumbList","@id":"https:\/\/elfsight.com\/fr\/qr-code-widget\/iframe\/#breadcrumb","itemListElement":[{"@type":"ListItem","position":1,"name":"Home","item":"https:\/\/elfsight.com\/fr\/"},{"@type":"ListItem","position":2,"name":"QR Code","item":"https:\/\/elfsight.com\/fr\/qr-code-widget\/"},{"@type":"ListItem","position":3,"name":"QR Code &#8211; iFrame"}]},{"@type":"WebSite","@id":"https:\/\/elfsight.com\/fr\/#website","url":"https:\/\/elfsight.com\/fr\/","name":"Elfsight FR","description":"","potentialAction":[{"@type":"SearchAction","target":{"@type":"EntryPoint","urlTemplate":"https:\/\/elfsight.com\/fr\/?s={search_term_string}"},"query-input":{"@type":"PropertyValueSpecification","valueRequired":true,"valueName":"search_term_string"}}],"inLanguage":"fr-FR"}]}},"meta_box":{"industry":"","seo_heading":"","heading":"","description":"","cta_heading":"","cta_description":"","application":"2880","h1":"Widget de code QR iFrame","h1_caption":"G\u00e9n\u00e9rez et affichez un code QR pour acc\u00e9der facilement aux URL, au Wi-Fi, aux cartes de visite et bien plus encore sur votre site Web iFrame.","application_category":[],"applications_title":"","applications_request_title":"","applications_request_button_text":"","hero_text":"","hero_video":"","hero_video_schema_markup":"","selling_points_title":"","selling_points_caption":"","selling_points":[],"selling_points_cta_text":"","features_title":"","features":"","ed_cta_examples_text":"","ed_cta_examples_hidden":"","ed_cta_demo_text":"","ed_cta_demo_hidden":"","why_caption":"","why_editor_title":"","why_editor_text":"","why_team_title":"","why_team_text":"","why_service_title":"","why_service_text":"","template_catalog_visible":"","template_catalog_title":"","template_catalog_text":"","template_catalog_categories_visible":"","demo_title":"Cr\u00e9ez votre widget QR Code","demo_caption":"Configurez votre QR Code et ajoutez-le gratuitement \u00e0 votre site Web iFrame\u00a0!","default_faq_hidden":"","app_template_category":[],"platform":"371","template_public_id":"","codecanyon_url":"","codecanyon_item_id":"","codecanyon_price":"","pricing_caption":"","pricing_elfsight_apps_hide_column":"","pricing_elfsight_apps_url":"","pricing_codecanyon_price_caption":"","integration_category":[],"integration_request_title":"","integration_request_cta":"","integration_platform":"","integrations":[],"platform_category":[],"video_schema_markup":"","price":"\u00e0 partir de 0$ \/ mois","trial":"","benefits":[{"text":"Service d'installation gratuit"},{"text":"Service client efficace"},{"text":"Garantie de remboursement de 14 jours"},{"text":"Am\u00e9liorations gratuites r\u00e9guli\u00e8res"}],"button_url":"","button_target_blank":"","button_nofollow":"","attributes":[{"name":"Installations","content":"10,000 - 100,000"},{"name":"Sensible","content":"Oui"},{"name":"Navigateurs compatibles","content":"Opera, Safari, Chrome, Firefox, Edge"}],"tags":[],"tags_disable_links":"","hide_more_platforms":"","video_object":"","demo_hide_cta":"","demo_hide_cloud_options":"","pricing_title":"","pricing":[{"pricing_icon":"platform","pricing_title":"Elfsight Apps","pricing_title_caption":"Solution num\u00e9rique ind\u00e9pendante de la plateforme","pricing_price":"from $0 \/ month","pricing_price_caption":"commencez avec un forfait gratuit","pricing_benefits":[{"text":"Nombre illimit\u00e9 de domaines"},{"text":"Assistance rapide et ponctuelle"},{"text":"Aide \u00e0 l'installation gratuite"},{"text":"Prix \u200b\u200bsp\u00e9cial pour plusieurs applications"}],"pricing_button_text":"Ajouter au site Web","pricing_button_url":"#demo"}],"related_apps_title":"","related_apps_hidden":"","author":"","image":[],"title":"","job":"","social_networks":[]},"_links":{"self":[{"href":"https:\/\/elfsight.com\/fr\/wp-json\/wp\/v2\/pages\/9949","targetHints":{"allow":["GET"]}}],"collection":[{"href":"https:\/\/elfsight.com\/fr\/wp-json\/wp\/v2\/pages"}],"about":[{"href":"https:\/\/elfsight.com\/fr\/wp-json\/wp\/v2\/types\/page"}],"author":[{"embeddable":true,"href":"https:\/\/elfsight.com\/fr\/wp-json\/wp\/v2\/users\/9"}],"replies":[{"embeddable":true,"href":"https:\/\/elfsight.com\/fr\/wp-json\/wp\/v2\/comments?post=9949"}],"version-history":[{"count":1,"href":"https:\/\/elfsight.com\/fr\/wp-json\/wp\/v2\/pages\/9949\/revisions"}],"predecessor-version":[{"id":9953,"href":"https:\/\/elfsight.com\/fr\/wp-json\/wp\/v2\/pages\/9949\/revisions\/9953"}],"up":[{"embeddable":true,"href":"https:\/\/elfsight.com\/fr\/wp-json\/wp\/v2\/pages\/2881"}],"wp:attachment":[{"href":"https:\/\/elfsight.com\/fr\/wp-json\/wp\/v2\/media?parent=9949"}],"curies":[{"name":"wp","href":"https:\/\/api.w.org\/{rel}","templated":true}]}}