{"id":9948,"date":"1970-01-01T00:00:00","date_gmt":"1970-01-01T00:00:00","guid":{"rendered":"https:\/\/elfsight.com\/fr\/?page_id=9948"},"modified":"2025-07-10T12:45:54","modified_gmt":"2025-07-10T12:45:54","slug":"magento","status":"publish","type":"page","link":"https:\/\/elfsight.com\/fr\/qr-code-widget\/magento\/","title":{"rendered":"QR Code &#8211; Magento"},"content":{"rendered":"<div class=\"application-platform-content-item-description application-platform-content-item\" id=\"description\" data-nav-section=\"description\"> <h2>Description<\/h2> <p>Le g\u00e9n\u00e9rateur de QR Code Elfsight est un outil impressionnant pour Magento vous permettant de rediriger rapidement les utilisateurs vers n&rsquo;importe quelle page Web, de partager une URL, votre emplacement, votre e-mail, votre fichier et plus encore. L&rsquo;extension est remarquablement r\u00e9glable\u00a0: vous pouvez ajouter un titre, une l\u00e9gende, choisir le type d&rsquo;ic\u00f4ne et de logo &#8211; dans notre biblioth\u00e8que ou t\u00e9l\u00e9charger le v\u00f4tre, recolorer le texte, l&rsquo;arri\u00e8re-plan, le cadre et modifier la taille selon vos besoins. Il ne reste plus qu&rsquo;\u00e0 commencer \u00e0 cr\u00e9er l&rsquo;outil : l&rsquo;installation est un jeu d&rsquo;enfant et ne n\u00e9cessite aucune comp\u00e9tence en codage. <\/p> <p><b>Ins\u00e9rez le g\u00e9n\u00e9rateur de code QR Elfsight dans votre page Web et redirigez les utilisateurs directement l\u00e0 o\u00f9 vous souhaitez qu&rsquo;ils soient et simplifiez l&rsquo;utilisation du contenu<\/b><\/p> <\/div> <div class=\"application-platform-content-item-features application-platform-content-item\" id=\"features\" data-nav-section=\"features\"> <h2>Vous trouverez ci-dessous les fonctionnalit\u00e9s de base de l&rsquo;extension\u00a0: <\/h2> <ul><li>Acc\u00e8s imm\u00e9diat \u00e0 votre contenu<\/li><li>Ajoutez n&rsquo;importe quel texte<\/li><li>Huit logos commutables <\/li><li>Quinze ic\u00f4nes commutables \u00e0 choisir<\/li><li>Repeignez toutes les pi\u00e8ces<\/li><\/ul><p><a href=\"#demo\">Essayez toutes les fonctionnalit\u00e9s de personnalisation dans une d\u00e9mo enti\u00e8rement fonctionnelle<\/a><\/p> <\/div> <div class=\"application-platform-content-item-installation application-platform-content-item\" id=\"installation\" data-nav-section=\"installation\"> <h2>Comment puis-je int\u00e9grer l&rsquo;extension QR Code \u00e0 mon site Web Magento\u00a0? <\/h2> <p>Suivez simplement les \u00e9tapes suivantes ci-dessous pour ajouter le plugin. <\/p> <ol><li><b>Utilisez notre \u00e9diteur gratuit et commencez \u00e0 travailler avec votre extension personnalis\u00e9e.<\/b><br> Choisissez l&rsquo;apparence et les fonctionnalit\u00e9s pr\u00e9f\u00e9r\u00e9es du plugin et appliquez toutes les corrections.<\/li> <li><b>Acqu\u00e9rir le code individuel qui appara\u00eet dans la bo\u00eete sur les applications Elfsight.<\/b><br> Juste apr\u00e8s la cr\u00e9ation de votre plugin personnel, copiez le code personnel dans la fen\u00eatre contextuelle qui appara\u00eet et conservez-le pour utilisation future.<\/li> <li><b>Initiez l&rsquo;utilisation de l&rsquo;extension sur votre site Magento.<\/b><br> Ajoutez le code copi\u00e9 auparavant dans votre site et enregistrez les modifications.<\/li> <li> <b>La configuration est effectu\u00e9e avec succ\u00e8s.<\/b><br> Visitez votre site Web pour voir les performances de l&rsquo;extension.<\/li><\/ol><p>Si vous rencontrez des difficult\u00e9s, veuillez faire appel \u00e0 notre le personnel de soutien. Nos collaborateurs ont h\u00e2te de vous aider \u00e0 r\u00e9soudre tous les probl\u00e8mes que vous pourriez rencontrer avec l&rsquo;extension. <\/p> <div class=\"faq\" data-component=\"FAQ\"><div class=\"faq-item\">\r\n\t\t\t\t\t<div class=\"faq-item-question\">\r\n\t\t\t\t\t\t<h3 class=\"faq-item-question-text\">Existe-t-il une option pour ajouter un QR Code \u00e0 mon site Magento sans codage ?<\/h3>\r\n\r\n\t\t\t\t\t\t<div class=\"faq-item-question-icon\"><\/div>\r\n\t\t\t\t\t<\/div>\r\n\r\n\t\t\t\t\t<div class=\"faq-item-answer\">\r\n\t\t\t\t\t\t<div class=\"faq-item-answer-text\"> <p>La soci\u00e9t\u00e9 Elfsight propose une solution qui permet aux propri\u00e9taires de sites de cr\u00e9er vous-m\u00eame un plugin QR Code, d\u00e9couvrez les instructions simples\u00a0: acc\u00e9dez \u00e0 l&rsquo;\u00e9diteur en ligne pour cr\u00e9er un widget QR Code que vous souhaitez int\u00e9grer sur votre Magento. S\u00e9lectionnez l&rsquo;un des nombreux mod\u00e8les pr\u00e9d\u00e9finis et modifiez les param\u00e8tres du code QR, changez la mise en page et les couleurs, y compris votre contenu, sans aucune comp\u00e9tence en codage. Cliquez pour enregistrer les param\u00e8tres que vous avez d\u00e9finis sur QR Code et obtenir le code d&rsquo;installation qui peut \u00eatre ajout\u00e9 sur la page d&rsquo;accueil de Magento sans avoir besoin d&rsquo;acheter une version payante. Avec l&rsquo;aide de l&rsquo;\u00e9diteur simple, tout internaute peut g\u00e9n\u00e9rer une application QR Code et l&rsquo;inclure simplement \u00e0 la page d&rsquo;accueil de Magento. Vous ne devez pas payer ni soumettre les donn\u00e9es de votre carte pour acc\u00e9der \u00e0 Elfsight Editor. Si vous rencontrez des obstacles de quelque nature que ce soit, n&rsquo;h\u00e9sitez pas \u00e0 parler \u00e0 notre support technique client.<\/p> <\/div>\r\n\t\t\t\t\t<\/div>\r\n\t\t\t\t<\/div> <\/div><\/div>","protected":false},"excerpt":{"rendered":"","protected":false},"author":9,"featured_media":0,"parent":2881,"menu_order":0,"comment_status":"closed","ping_status":"closed","template":"templates\/template-application-platform.php","meta":{"publish_to_discourse":"","publish_post_category":"","wpdc_auto_publish_overridden":"","wpdc_topic_tags":"","wpdc_pin_topic":"","wpdc_pin_until":"","discourse_post_id":"","discourse_permalink":"","wpdc_publishing_response":"","wpdc_publishing_error":"","footnotes":""},"class_list":["post-9948","page","type-page","status-publish","hentry"],"yoast_head":"<!-- This site is optimized with the Yoast SEO plugin v25.3.1 - https:\/\/yoast.com\/wordpress\/plugins\/seo\/ -->\n<title>G\u00e9n\u00e9rateur de code QR - Ajouter une extension de code QR \u00e0 Magento [2025]<\/title>\n<meta name=\"description\" content=\"Cr\u00e9ez rapidement votre extension de code QR personnalis\u00e9e pour Magento. Appliquez simplement notre d\u00e9mo active et votre plugin sera pr\u00eat en moins d\u2019une minute.\" \/>\n<meta name=\"robots\" content=\"index, follow, max-snippet:-1, max-image-preview:large, max-video-preview:-1\" \/>\n<link rel=\"canonical\" href=\"https:\/\/elfsight.com\/fr\/qr-code-widget\/magento\/\" \/>\n<meta property=\"og:locale\" content=\"fr_FR\" \/>\n<meta property=\"og:type\" content=\"article\" \/>\n<meta property=\"og:title\" content=\"G\u00e9n\u00e9rateur de code QR - Ajouter une extension de code QR \u00e0 Magento [2025]\" \/>\n<meta property=\"og:description\" content=\"Cr\u00e9ez rapidement votre extension de code QR personnalis\u00e9e pour Magento. Appliquez simplement notre d\u00e9mo active et votre plugin sera pr\u00eat en moins d\u2019une minute.\" \/>\n<meta property=\"og:url\" content=\"https:\/\/elfsight.com\/fr\/qr-code-widget\/magento\/\" \/>\n<meta property=\"og:site_name\" content=\"Elfsight FR\" \/>\n<meta property=\"article:modified_time\" content=\"2025-07-10T12:45:54+00:00\" \/>\n<meta name=\"twitter:card\" content=\"summary_large_image\" \/>\n<meta name=\"twitter:label1\" content=\"Dur\u00e9e de lecture estim\u00e9e\" \/>\n\t<meta name=\"twitter:data1\" content=\"3 minutes\" \/>\n<!-- \/ Yoast SEO plugin. -->","yoast_head_json":{"title":"G\u00e9n\u00e9rateur de code QR - Ajouter une extension de code QR \u00e0 Magento [2025]","description":"Cr\u00e9ez rapidement votre extension de code QR personnalis\u00e9e pour Magento. Appliquez simplement notre d\u00e9mo active et votre plugin sera pr\u00eat en moins d\u2019une minute.","robots":{"index":"index","follow":"follow","max-snippet":"max-snippet:-1","max-image-preview":"max-image-preview:large","max-video-preview":"max-video-preview:-1"},"canonical":"https:\/\/elfsight.com\/fr\/qr-code-widget\/magento\/","og_locale":"fr_FR","og_type":"article","og_title":"G\u00e9n\u00e9rateur de code QR - Ajouter une extension de code QR \u00e0 Magento [2025]","og_description":"Cr\u00e9ez rapidement votre extension de code QR personnalis\u00e9e pour Magento. Appliquez simplement notre d\u00e9mo active et votre plugin sera pr\u00eat en moins d\u2019une minute.","og_url":"https:\/\/elfsight.com\/fr\/qr-code-widget\/magento\/","og_site_name":"Elfsight FR","article_modified_time":"2025-07-10T12:45:54+00:00","twitter_card":"summary_large_image","twitter_misc":{"Dur\u00e9e de lecture estim\u00e9e":"3 minutes"},"schema":{"@context":"https:\/\/schema.org","@graph":[{"@type":"WebPage","@id":"https:\/\/elfsight.com\/fr\/qr-code-widget\/magento\/","url":"https:\/\/elfsight.com\/fr\/qr-code-widget\/magento\/","name":"G\u00e9n\u00e9rateur de code QR - Ajouter une extension de code QR \u00e0 Magento [2025]","isPartOf":{"@id":"https:\/\/elfsight.com\/fr\/#website"},"datePublished":"1970-01-01T00:00:00+00:00","dateModified":"2025-07-10T12:45:54+00:00","description":"Cr\u00e9ez rapidement votre extension de code QR personnalis\u00e9e pour Magento. Appliquez simplement notre d\u00e9mo active et votre plugin sera pr\u00eat en moins d\u2019une minute.","breadcrumb":{"@id":"https:\/\/elfsight.com\/fr\/qr-code-widget\/magento\/#breadcrumb"},"inLanguage":"fr-FR","potentialAction":[{"@type":"ReadAction","target":["https:\/\/elfsight.com\/fr\/qr-code-widget\/magento\/"]}]},{"@type":"BreadcrumbList","@id":"https:\/\/elfsight.com\/fr\/qr-code-widget\/magento\/#breadcrumb","itemListElement":[{"@type":"ListItem","position":1,"name":"Home","item":"https:\/\/elfsight.com\/fr\/"},{"@type":"ListItem","position":2,"name":"QR Code","item":"https:\/\/elfsight.com\/fr\/qr-code-widget\/"},{"@type":"ListItem","position":3,"name":"QR Code &#8211; Magento"}]},{"@type":"WebSite","@id":"https:\/\/elfsight.com\/fr\/#website","url":"https:\/\/elfsight.com\/fr\/","name":"Elfsight FR","description":"","potentialAction":[{"@type":"SearchAction","target":{"@type":"EntryPoint","urlTemplate":"https:\/\/elfsight.com\/fr\/?s={search_term_string}"},"query-input":{"@type":"PropertyValueSpecification","valueRequired":true,"valueName":"search_term_string"}}],"inLanguage":"fr-FR"}]}},"meta_box":{"industry":"","seo_heading":"","heading":"","description":"","cta_heading":"","cta_description":"","application":"2880","h1":"Extension du code QR Magento","h1_caption":"G\u00e9n\u00e9rez et affichez un code QR pour acc\u00e9der facilement aux URL, au Wi-Fi, aux cartes de visite et bien plus encore sur votre site Web Magento.","application_category":[],"applications_title":"","applications_request_title":"","applications_request_button_text":"","hero_text":"","hero_video":"","hero_video_schema_markup":"","selling_points_title":"","selling_points_caption":"","selling_points":[],"selling_points_cta_text":"","features_title":"","features":"","ed_cta_examples_text":"","ed_cta_examples_hidden":"","ed_cta_demo_text":"","ed_cta_demo_hidden":"","why_caption":"","why_editor_title":"","why_editor_text":"","why_team_title":"","why_team_text":"","why_service_title":"","why_service_text":"","template_catalog_visible":"","template_catalog_title":"","template_catalog_text":"","template_catalog_categories_visible":"","demo_title":"Cr\u00e9ez votre extension QR Code","demo_caption":"Configurez votre QR Code et ajoutez-le \u00e0 votre site Magento gratuitement !","default_faq_hidden":"","app_template_category":[],"platform":"357","template_public_id":"","codecanyon_url":"","codecanyon_item_id":"","codecanyon_price":"","pricing_caption":"","pricing_elfsight_apps_hide_column":"","pricing_elfsight_apps_url":"","pricing_codecanyon_price_caption":"","integration_category":[],"integration_request_title":"","integration_request_cta":"","integration_platform":"","integrations":[],"platform_category":[],"video_schema_markup":"","price":"\u00e0 partir de 0$ \/ mois","trial":"","benefits":[{"text":"Service d'installation gratuit"},{"text":"Service client efficace"},{"text":"Garantie de remboursement de 14 jours"},{"text":"Mises \u00e0 jour continues"}],"button_url":"","button_target_blank":"","button_nofollow":"","attributes":[{"name":"Installations","content":"10,000 - 100,000"},{"name":"Sensible","content":"Oui"},{"name":"Navigateurs compatibles","content":"Firefox, Safari, Opera, Chrome, Edge"}],"tags":[],"tags_disable_links":"","hide_more_platforms":"","video_object":"","demo_hide_cta":"","demo_hide_cloud_options":"","pricing_title":"","pricing":[{"pricing_icon":"platform","pricing_title":"Elfsight Apps","pricing_title_caption":"Solution multiplateforme qui fonctionne sur n'importe quel site","pricing_price":"from $0 \/ month","pricing_price_caption":"commencez avec un forfait gratuit","pricing_benefits":[{"text":"Domaines illimit\u00e9s"},{"text":"Assistance de l'entreprise 24h\/24 et 7j\/7 et bien document\u00e9e"},{"text":"Service d'installation gratuit"},{"text":"100% personnalisable"}],"pricing_button_text":"Ajouter au site Web","pricing_button_url":"#demo"}],"related_apps_title":"","related_apps_hidden":"","author":"","image":[],"title":"","job":"","social_networks":[]},"_links":{"self":[{"href":"https:\/\/elfsight.com\/fr\/wp-json\/wp\/v2\/pages\/9948","targetHints":{"allow":["GET"]}}],"collection":[{"href":"https:\/\/elfsight.com\/fr\/wp-json\/wp\/v2\/pages"}],"about":[{"href":"https:\/\/elfsight.com\/fr\/wp-json\/wp\/v2\/types\/page"}],"author":[{"embeddable":true,"href":"https:\/\/elfsight.com\/fr\/wp-json\/wp\/v2\/users\/9"}],"replies":[{"embeddable":true,"href":"https:\/\/elfsight.com\/fr\/wp-json\/wp\/v2\/comments?post=9948"}],"version-history":[{"count":1,"href":"https:\/\/elfsight.com\/fr\/wp-json\/wp\/v2\/pages\/9948\/revisions"}],"predecessor-version":[{"id":9952,"href":"https:\/\/elfsight.com\/fr\/wp-json\/wp\/v2\/pages\/9948\/revisions\/9952"}],"up":[{"embeddable":true,"href":"https:\/\/elfsight.com\/fr\/wp-json\/wp\/v2\/pages\/2881"}],"wp:attachment":[{"href":"https:\/\/elfsight.com\/fr\/wp-json\/wp\/v2\/media?parent=9948"}],"curies":[{"name":"wp","href":"https:\/\/api.w.org\/{rel}","templated":true}]}}