{"id":9947,"date":"1970-01-01T00:00:00","date_gmt":"1970-01-01T00:00:00","guid":{"rendered":"https:\/\/elfsight.com\/fr\/?page_id=9947"},"modified":"2025-01-10T12:46:38","modified_gmt":"2025-01-10T12:46:38","slug":"html","status":"publish","type":"page","link":"https:\/\/elfsight.com\/fr\/qr-code-widget\/html\/","title":{"rendered":"QR Code &#8211; HTML"},"content":{"rendered":"\n<div class=\"application-platform-content-item-description application-platform-content-item\" id=\"description\" data-nav-section=\"description\"> <h2>Description<\/h2> <p>Elfsight QR Code est une option impressionnante vous permettant de rediriger instantan\u00e9ment les utilisateurs vers n&rsquo;importe quel site Web, de partager une URL, un emplacement , e-mail, fichier et bien d\u2019autres. Le plugin est remarquablement modulable\u00a0: vous pouvez ajouter un titre, une l\u00e9gende, choisir l&rsquo;ic\u00f4ne et le logo &#8211; dans notre biblioth\u00e8que ou cr\u00e9er le v\u00f4tre, recolorer le texte, l&rsquo;arri\u00e8re-plan, le cadre et modifier la taille du widget en fonction de votre site Web. Il ne reste plus qu&rsquo;\u00e0 commencer \u00e0 fa\u00e7onner la fonctionnalit\u00e9\u00a0: l&rsquo;installation est simple et ne n\u00e9cessitera aucune comp\u00e9tence en codage de votre part.<\/p> <p><b>Int\u00e9grez le g\u00e9n\u00e9rateur de code QR Elfsight \u00e0 votre site Web HTML et dirigez les visiteurs directement l\u00e0 o\u00f9 vous le souhaitez et simplifiez l&rsquo;utilisation du contenu<\/b><\/p> <\/div> <div class=\"application-platform-content-item-features application-platform-content-item\" id=\"features\" data-nav-section=\"features\"> <h2>Nous proposons des fonctionnalit\u00e9s pratiques et simples, consultez-en quelques-unes\u00a0: <\/h2> <ul><li>Acc\u00e8s imm\u00e9diat au contenu que vous avez t\u00e9l\u00e9charg\u00e9<\/li><li>Joignez n&rsquo;importe quel texte<\/li><li>8 logos \u00e9changeables<\/li><li>Quinze ic\u00f4nes commutables disponibles<\/li><li>Recolorez tous les \u00e9l\u00e9ments du widget<\/li><\/ul><p><a href=\"#demo\">Vous pouvez explorer toutes les fonctionnalit\u00e9s du widget dans la d\u00e9mo sur cette page<\/a><\/p> <\/div> <div class=\"application-platform-content-item-installation application-platform-content-item\" id=\"installation\" data-nav-section=\"installation\"> <h2>Comment puis-je ajouter un code QR sur mon site Web HTML\u00a0? <\/h2> <p>Suivez simplement les \u00e9tapes suivantes pr\u00e9sent\u00e9es ci-dessous pour activer le plugin. <\/p> <ol><li><b>Ouvrez notre d\u00e9mo gratuite et commencez \u00e0 cr\u00e9er votre g\u00e9n\u00e9rateur personnalis\u00e9. <\/b><br> Trouvez la conception et les sp\u00e9cifications pr\u00e9f\u00e9rables du plugin et appliquez les modifications. <\/li> <li><b>Recevez le code unique r\u00e9v\u00e9l\u00e9 dans la bo\u00eete sur Elfsight Apps. <\/b><br> Une fois la configuration de votre outil termin\u00e9e, copiez le code individuel de la fen\u00eatre contextuelle qui appara\u00eet et enregistrez-le pour une utilisation ult\u00e9rieure. <\/li> <li><b>Commencez \u00e0 utiliser l&rsquo;outil sur la page d&rsquo;accueil HTML. <\/b><br> Int\u00e9grez le code copi\u00e9 r\u00e9cemment dans votre site Web et enregistrez les am\u00e9liorations. <\/li> <li><b>L&rsquo;installation est enti\u00e8rement termin\u00e9e. <\/b><br> Visitez votre page pour voir comment fonctionne le widget. <\/li><\/ol> <p>Si vous faites face \u00e0 des demandes de renseignements ou rencontrez des obstacles, n&rsquo;h\u00e9sitez pas \u00e0 contacter notre \u00e9quipe d&rsquo;assistance. Nos collaborateurs seront ravis de r\u00e9soudre toutes les difficult\u00e9s que vous pourriez rencontrer avec le produit. <\/p> <\/div><div class=\"faq\" data-component=\"FAQ\"><div class=\"faq-item\">\r\n\t\t\t\t\t<div class=\"faq-item-question\">\r\n\t\t\t\t\t\t<h3 class=\"faq-item-question-text\">De quelle mani\u00e8re puis-je int\u00e9grer un QR Code \u00e0 mon site HTML ? <\/h3>\r\n\r\n\t\t\t\t\t\t<div class=\"faq-item-question-icon\"><\/div>\r\n\t\t\t\t\t<\/div>\r\n\r\n\t\t\t\t\t<div class=\"faq-item-answer\">\r\n\t\t\t\t\t\t<div class=\"faq-item-answer-text\"><p>La construction du widget se produit sur les pages Elfsight et il n&rsquo;est pas n\u00e9cessaire d&rsquo;apprendre \u00e0 coder. Utilisez notre d\u00e9mo en direct pour cr\u00e9er votre application, obtenez le code et ins\u00e9rez-le dans votre site. <\/p><\/div>\r\n\t\t\t\t\t<\/div>\r\n\t\t\t\t<\/div><div class=\"faq-item\">\r\n\t\t\t\t\t<div class=\"faq-item-question\">\r\n\t\t\t\t\t\t<h3 class=\"faq-item-question-text\">Les meilleurs exemples d'utilisation du g\u00e9n\u00e9rateur de code QR<\/h3>\r\n\r\n\t\t\t\t\t\t<div class=\"faq-item-question-icon\"><\/div>\r\n\t\t\t\t\t<\/div>\r\n\r\n\t\t\t\t\t<div class=\"faq-item-answer\">\r\n\t\t\t\t\t\t<div class=\"faq-item-answer-text\"><p>Nous vous proposerons des tonnes d&rsquo;opportunit\u00e9s d&rsquo;ajustement\u00a0: des widgets \u00e0 grande \u00e9chelle \u00e0 ins\u00e9rer dans le zone de contenu, widgets flottants pour les options de d\u00e9filement, vignettes pour le pied de page, l&rsquo;en-t\u00eate et toutes les variantes d&rsquo;options verticales pour les barres lat\u00e9rales et les menus. <\/p><\/div>\r\n\t\t\t\t\t<\/div>\r\n\t\t\t\t<\/div><div class=\"faq-item\">\r\n\t\t\t\t\t<div class=\"faq-item-question\">\r\n\t\t\t\t\t\t<h3 class=\"faq-item-question-text\">Existe-t-il une option pour cr\u00e9er un code QR d'image ou de lien par l'interm\u00e9diaire de votre \u00e9diteur ? <\/h3>\r\n\r\n\t\t\t\t\t\t<div class=\"faq-item-question-icon\"><\/div>\r\n\t\t\t\t\t<\/div>\r\n\r\n\t\t\t\t\t<div class=\"faq-item-answer\">\r\n\t\t\t\t\t\t<div class=\"faq-item-answer-text\"><p>Vous \u00eates invit\u00e9s \u00e0 cr\u00e9er les modifications de n&rsquo;importe quel widget . Il existe une multitude de mises en page applicables dans l&rsquo;\u00e9diteur, et toutes peuvent \u00eatre facilement personnalis\u00e9es selon vos besoins. <\/p><\/div>\r\n\t\t\t\t\t<\/div>\r\n\t\t\t\t<\/div><\/div>\n","protected":false},"excerpt":{"rendered":"","protected":false},"author":9,"featured_media":0,"parent":2881,"menu_order":0,"comment_status":"closed","ping_status":"closed","template":"templates\/template-application-platform.php","meta":{"publish_to_discourse":"","publish_post_category":"","wpdc_auto_publish_overridden":"","wpdc_topic_tags":"","wpdc_pin_topic":"","wpdc_pin_until":"","discourse_post_id":"","discourse_permalink":"","wpdc_publishing_response":"","wpdc_publishing_error":"","footnotes":""},"class_list":["post-9947","page","type-page","status-publish","hentry"],"yoast_head":"<!-- This site is optimized with the Yoast SEO plugin v25.3.1 - https:\/\/yoast.com\/wordpress\/plugins\/seo\/ -->\n<title>QR Code \u2014 Ajouter un widget g\u00e9n\u00e9rateur de code QR au HTML [2025]<\/title>\n<meta name=\"description\" content=\"Cr\u00e9ez rapidement votre g\u00e9n\u00e9rateur de code QR unique pour la page Web HTML. D\u00e9couvrez notre \u00e9diteur interactif et cr\u00e9ez un code QR personnel gratuitement et rapidement !\" \/>\n<meta name=\"robots\" content=\"index, follow, max-snippet:-1, max-image-preview:large, max-video-preview:-1\" \/>\n<link rel=\"canonical\" href=\"https:\/\/elfsight.com\/fr\/qr-code-widget\/html\/\" \/>\n<meta property=\"og:locale\" content=\"fr_FR\" \/>\n<meta property=\"og:type\" content=\"article\" \/>\n<meta property=\"og:title\" content=\"QR Code \u2014 Ajouter un widget g\u00e9n\u00e9rateur de code QR au HTML [2025]\" \/>\n<meta property=\"og:description\" content=\"Cr\u00e9ez rapidement votre g\u00e9n\u00e9rateur de code QR unique pour la page Web HTML. D\u00e9couvrez notre \u00e9diteur interactif et cr\u00e9ez un code QR personnel gratuitement et rapidement !\" \/>\n<meta property=\"og:url\" content=\"https:\/\/elfsight.com\/fr\/qr-code-widget\/html\/\" \/>\n<meta property=\"og:site_name\" content=\"Elfsight FR\" \/>\n<meta property=\"article:modified_time\" content=\"2025-01-10T12:46:38+00:00\" \/>\n<meta name=\"twitter:card\" content=\"summary_large_image\" \/>\n<meta name=\"twitter:label1\" content=\"Dur\u00e9e de lecture estim\u00e9e\" \/>\n\t<meta name=\"twitter:data1\" content=\"3 minutes\" \/>\n<!-- \/ Yoast SEO plugin. -->","yoast_head_json":{"title":"QR Code \u2014 Ajouter un widget g\u00e9n\u00e9rateur de code QR au HTML [2025]","description":"Cr\u00e9ez rapidement votre g\u00e9n\u00e9rateur de code QR unique pour la page Web HTML. D\u00e9couvrez notre \u00e9diteur interactif et cr\u00e9ez un code QR personnel gratuitement et rapidement !","robots":{"index":"index","follow":"follow","max-snippet":"max-snippet:-1","max-image-preview":"max-image-preview:large","max-video-preview":"max-video-preview:-1"},"canonical":"https:\/\/elfsight.com\/fr\/qr-code-widget\/html\/","og_locale":"fr_FR","og_type":"article","og_title":"QR Code \u2014 Ajouter un widget g\u00e9n\u00e9rateur de code QR au HTML [2025]","og_description":"Cr\u00e9ez rapidement votre g\u00e9n\u00e9rateur de code QR unique pour la page Web HTML. D\u00e9couvrez notre \u00e9diteur interactif et cr\u00e9ez un code QR personnel gratuitement et rapidement !","og_url":"https:\/\/elfsight.com\/fr\/qr-code-widget\/html\/","og_site_name":"Elfsight FR","article_modified_time":"2025-01-10T12:46:38+00:00","twitter_card":"summary_large_image","twitter_misc":{"Dur\u00e9e de lecture estim\u00e9e":"3 minutes"},"schema":{"@context":"https:\/\/schema.org","@graph":[{"@type":"WebPage","@id":"https:\/\/elfsight.com\/fr\/qr-code-widget\/html\/","url":"https:\/\/elfsight.com\/fr\/qr-code-widget\/html\/","name":"QR Code \u2014 Ajouter un widget g\u00e9n\u00e9rateur de code QR au HTML [2025]","isPartOf":{"@id":"https:\/\/elfsight.com\/fr\/#website"},"datePublished":"1970-01-01T00:00:00+00:00","dateModified":"2025-01-10T12:46:38+00:00","description":"Cr\u00e9ez rapidement votre g\u00e9n\u00e9rateur de code QR unique pour la page Web HTML. D\u00e9couvrez notre \u00e9diteur interactif et cr\u00e9ez un code QR personnel gratuitement et rapidement !","breadcrumb":{"@id":"https:\/\/elfsight.com\/fr\/qr-code-widget\/html\/#breadcrumb"},"inLanguage":"fr-FR","potentialAction":[{"@type":"ReadAction","target":["https:\/\/elfsight.com\/fr\/qr-code-widget\/html\/"]}]},{"@type":"BreadcrumbList","@id":"https:\/\/elfsight.com\/fr\/qr-code-widget\/html\/#breadcrumb","itemListElement":[{"@type":"ListItem","position":1,"name":"Home","item":"https:\/\/elfsight.com\/fr\/"},{"@type":"ListItem","position":2,"name":"QR Code","item":"https:\/\/elfsight.com\/fr\/qr-code-widget\/"},{"@type":"ListItem","position":3,"name":"QR Code &#8211; HTML"}]},{"@type":"WebSite","@id":"https:\/\/elfsight.com\/fr\/#website","url":"https:\/\/elfsight.com\/fr\/","name":"Elfsight FR","description":"","potentialAction":[{"@type":"SearchAction","target":{"@type":"EntryPoint","urlTemplate":"https:\/\/elfsight.com\/fr\/?s={search_term_string}"},"query-input":{"@type":"PropertyValueSpecification","valueRequired":true,"valueName":"search_term_string"}}],"inLanguage":"fr-FR"}]}},"meta_box":{"industry":"","seo_heading":"","heading":"","description":"","cta_heading":"","cta_description":"","application":"2880","h1":"G\u00e9n\u00e9rateur de codes QR HTML","h1_caption":"G\u00e9n\u00e9rez et affichez un code QR pour acc\u00e9der facilement aux URL, au Wi-Fi, aux cartes de visite et bien plus encore sur votre site Web HTML.","application_category":[],"applications_title":"","applications_request_title":"","applications_request_button_text":"","hero_text":"","hero_video":"","hero_video_schema_markup":"","selling_points_title":"","selling_points_caption":"","selling_points":[],"selling_points_cta_text":"","features_title":"","features":"","ed_cta_examples_text":"","ed_cta_examples_hidden":"","ed_cta_demo_text":"","ed_cta_demo_hidden":"","why_caption":"","why_editor_title":"","why_editor_text":"","why_team_title":"","why_team_text":"","why_service_title":"","why_service_text":"","template_catalog_visible":"0","template_catalog_title":"","template_catalog_text":"","template_catalog_categories_visible":"","demo_title":"Cr\u00e9ez votre widget QR Code","demo_caption":"Configurez votre QR Code et ajoutez-le \u00e0 votre site HTML gratuitement !","default_faq_hidden":"","app_template_category":[],"platform":"352","template_public_id":"","codecanyon_url":"","codecanyon_item_id":"","codecanyon_price":"","pricing_caption":"","pricing_elfsight_apps_hide_column":"","pricing_elfsight_apps_url":"","pricing_codecanyon_price_caption":"","integration_category":[],"integration_request_title":"","integration_request_cta":"","integration_platform":"","integrations":[],"platform_category":[],"video_schema_markup":"","price":"\u00e0 partir de 0$ \/ mois","trial":"","benefits":[{"text":"Assistance \u00e0 l'installation gratuite"},{"text":"Service client efficace"},{"text":"Garantie de remboursement de 14 jours"},{"text":"Am\u00e9liorations futures"}],"button_url":"","button_target_blank":"0","button_nofollow":"0","attributes":[{"name":"Installations","content":"10,000 - 100,000"},{"name":"Sensible","content":"Oui"},{"name":"Navigateurs compatibles","content":"Firefox, Safari, Opera, Chrome, Edge"}],"tags":[],"tags_disable_links":"0","hide_more_platforms":"","video_object":"","demo_hide_cta":"0","demo_hide_cloud_options":"0","pricing_title":"","pricing":[{"pricing_icon":"platform","pricing_title":"Elfsight Apps","pricing_title_caption":"Solution multiplateforme adapt\u00e9e \u00e0 tous les sites","pricing_price":"from $0 \/ month","pricing_price_caption":"commencez avec un forfait gratuit","pricing_benefits":[{"text":"Domaines illimit\u00e9s"},{"text":"Support client professionnel"},{"text":"Aide \u00e0 l'installation gratuite"},{"text":"Offre sp\u00e9ciale pour plusieurs applications"}],"pricing_button_text":"Ajouter au site Web","pricing_button_url":"#demo"}],"related_apps_title":"","related_apps_hidden":"0","author":"","image":[],"title":"","job":"","social_networks":[]},"_links":{"self":[{"href":"https:\/\/elfsight.com\/fr\/wp-json\/wp\/v2\/pages\/9947","targetHints":{"allow":["GET"]}}],"collection":[{"href":"https:\/\/elfsight.com\/fr\/wp-json\/wp\/v2\/pages"}],"about":[{"href":"https:\/\/elfsight.com\/fr\/wp-json\/wp\/v2\/types\/page"}],"author":[{"embeddable":true,"href":"https:\/\/elfsight.com\/fr\/wp-json\/wp\/v2\/users\/9"}],"replies":[{"embeddable":true,"href":"https:\/\/elfsight.com\/fr\/wp-json\/wp\/v2\/comments?post=9947"}],"version-history":[{"count":2,"href":"https:\/\/elfsight.com\/fr\/wp-json\/wp\/v2\/pages\/9947\/revisions"}],"predecessor-version":[{"id":16123,"href":"https:\/\/elfsight.com\/fr\/wp-json\/wp\/v2\/pages\/9947\/revisions\/16123"}],"up":[{"embeddable":true,"href":"https:\/\/elfsight.com\/fr\/wp-json\/wp\/v2\/pages\/2881"}],"wp:attachment":[{"href":"https:\/\/elfsight.com\/fr\/wp-json\/wp\/v2\/media?parent=9947"}],"curies":[{"name":"wp","href":"https:\/\/api.w.org\/{rel}","templated":true}]}}