{"id":9941,"date":"1970-01-01T00:00:00","date_gmt":"1970-01-01T00:00:00","guid":{"rendered":"https:\/\/elfsight.com\/fr\/?page_id=9941"},"modified":"2025-01-10T12:47:22","modified_gmt":"2025-01-10T12:47:22","slug":"opencart","status":"publish","type":"page","link":"https:\/\/elfsight.com\/fr\/qr-code-widget\/opencart\/","title":{"rendered":"QR Code &#8211; OpenCart"},"content":{"rendered":"\n<div class=\"application-platform-content-item-description application-platform-content-item\" id=\"description\" data-nav-section=\"description\"> <h2>Description<\/h2> <p>Le g\u00e9n\u00e9rateur de QR Code Elfsight est un outil remarquable pour OpenCart vous permettant de rediriger imm\u00e9diatement les utilisateurs vers n&rsquo;importe quelle page Web, de partager un lien, un emplacement, un e-mail, un fichier et plus encore. L&rsquo;outil est remarquablement personnalisable : vous pouvez ajouter un titre, une l\u00e9gende, s\u00e9lectionner l&rsquo;ic\u00f4ne et le logo &#8211; depuis notre biblioth\u00e8que ou prendre le v\u00f4tre, repeindre le texte, l&rsquo;arri\u00e8re-plan, le cadre et ajuster la taille selon vos besoins. Il ne vous reste plus qu&rsquo;\u00e0 commencer \u00e0 cr\u00e9er votre widget personnalis\u00e9\u00a0: l&rsquo;installation est simple et ne n\u00e9cessitera aucune comp\u00e9tence en codage de votre part.<\/p> <p><b>Int\u00e9grez le g\u00e9n\u00e9rateur de code QR dans votre page Web et attirez directement les visiteurs. l\u00e0 o\u00f9 vous en avez besoin et simplifiez la consommation de contenu<\/b><\/p> <\/div> <div class=\"application-platform-content-item-features application-platform-content-item\" id=\"features\" data-nav-section=\"features\"> <h2>L&rsquo;extension a des fonctionnalit\u00e9s utiles et simples, voyez quelques-unes d&rsquo;entre elles\u00a0: <\/h2> <ul><li>Acc\u00e8s instantan\u00e9 au contenu que vous avez t\u00e9l\u00e9charg\u00e9<\/li><li>Joignez n&rsquo;importe quel texte<\/li><li>8 logos \u00e9changeables<\/li><li>Quinze ic\u00f4nes \u00e9changeables \u00e0 choisir<\/li><li>Recolorez tous les \u00e9l\u00e9ments<\/li><\/ul><p><a href=\"#demo\">Essayez simplement cette d\u00e9mo pour voir ce que vaut l&rsquo;extension<\/a><\/p> <\/div> <div class=\"application-platform-content-item-installation application-platform-content-item\" id=\"installation\" data-nav-section=\"installation\"> <h2>Comment ajouter un g\u00e9n\u00e9rateur de QR Code dans mon site Web OpenCart\u00a0? <\/h2> <p>Remplissez simplement les instructions ci-dessous pour commencer \u00e0 utiliser l&rsquo;outil. <\/p> <ol><li><b>Ouvrez notre d\u00e9mo gratuite et commencez \u00e0 cr\u00e9er votre propre extension. <\/b><br> Choisissez l&rsquo;interface et les fonctionnalit\u00e9s s\u00e9lectionn\u00e9es de l&rsquo;extension et enregistrez toutes les modifications. <\/li> <li><b>Copiez le code unique affich\u00e9 dans la fen\u00eatre sur les applications Elfsight. <\/b><br> Une fois la personnalisation de votre extension termin\u00e9e, copiez le code exclusif de la bo\u00eete qui appara\u00eet et conservez-le pour une occasion ult\u00e9rieure. <\/li> <li><b>Entrez sur l&rsquo;utilisation de l&rsquo;extension sur le site OpenCart. <\/b><br> Collez le code enregistr\u00e9 r\u00e9cemment dans votre site Web et appliquez les corrections. <\/li> <li><b>L&rsquo;installation est enti\u00e8rement effectu\u00e9e. <\/b><br> Visitez votre site pour jeter un \u0153il au fonctionnement de l&rsquo;extension. <\/li><\/ol><p>Si vous rencontrez des difficult\u00e9s, n&rsquo;h\u00e9sitez pas \u00e0 faire appel \u00e0 notre \u00e9quipe d&rsquo;assistance. Nos sp\u00e9cialistes seront ravis de r\u00e9soudre toutes les difficult\u00e9s que vous pourriez rencontrer avec le produit. <\/p> <div class=\"faq\" data-component=\"FAQ\"><div class=\"faq-item\">\r\n\t\t\t\t\t<div class=\"faq-item-question\">\r\n\t\t\t\t\t\t<h3 class=\"faq-item-question-text\">De quelle mani\u00e8re est-il possible d'int\u00e9grer un QR Code \u00e0 ma page Web OpenCart sans aucune comp\u00e9tence en codage ?<\/h3>\r\n\r\n\t\t\t\t\t\t<div class=\"faq-item-question-icon\"><\/div>\r\n\t\t\t\t\t<\/div>\r\n\r\n\t\t\t\t\t<div class=\"faq-item-answer\">\r\n\t\t\t\t\t\t<div class=\"faq-item-answer-text\"> <p>Elfsight propose une solution SaaS qui permet \u00e0 un large public de cr\u00e9er un QR Code section vous-m\u00eame, apprenez les \u00e9tapes simples\u00a0: Commencez \u00e0 travailler directement dans l&rsquo;\u00e9diteur en ligne pour cr\u00e9er un widget QR Code que vous souhaitez ajouter sur OpenCart. Cliquez sur l&rsquo;un de nos mod\u00e8les pr\u00e9d\u00e9finis et ajustez les param\u00e8tres du QR Code, transformez la mise en page et les couleurs et ajoutez votre contenu, sans aucune connaissance en codage. Enregistrez le code QR et obtenez le code d&rsquo;installation du plugin, qui peut \u00eatre facilement int\u00e9gr\u00e9 \u00e0 la page Web OpenCart sans avoir besoin d&rsquo;acheter un abonnement payant. Avec l&rsquo;\u00e9diteur intuitif, chaque utilisateur Web peut g\u00e9n\u00e9rer un code QR en ligne et l&rsquo;int\u00e9grer simplement \u00e0 la page d&rsquo;accueil d&rsquo;OpenCart. Il n&rsquo;est pas n\u00e9cessaire de souscrire un abonnement payant ou de saisir les informations d&rsquo;identification de votre carte pour acc\u00e9der au service. Si vous rencontrez des probl\u00e8mes de quelque nature que ce soit, n&rsquo;h\u00e9sitez pas \u00e0 vous adresser \u00e0 notre \u00e9quipe d&rsquo;assistance.<\/p> <\/div>\r\n\t\t\t\t\t<\/div>\r\n\t\t\t\t<\/div> <\/div><\/div>\n","protected":false},"excerpt":{"rendered":"","protected":false},"author":9,"featured_media":0,"parent":2881,"menu_order":0,"comment_status":"closed","ping_status":"closed","template":"templates\/template-application-platform.php","meta":{"publish_to_discourse":"","publish_post_category":"","wpdc_auto_publish_overridden":"","wpdc_topic_tags":"","wpdc_pin_topic":"","wpdc_pin_until":"","discourse_post_id":"","discourse_permalink":"","wpdc_publishing_response":"","wpdc_publishing_error":"","footnotes":""},"class_list":["post-9941","page","type-page","status-publish","hentry"],"yoast_head":"<!-- This site is optimized with the Yoast SEO plugin v25.3.1 - https:\/\/yoast.com\/wordpress\/plugins\/seo\/ -->\n<title>Code QR \u2014 Ajoutez un g\u00e9n\u00e9rateur de code QR \u00e0 OpenCart (gratuit et rapide)<\/title>\n<meta name=\"description\" content=\"Cr\u00e9ez facilement votre extension de code QR unique pour la page Web OpenCart. Utilisez simplement notre d\u00e9mo pratique et votre extension sera pr\u00eate en moins de deux minutes.\" \/>\n<meta name=\"robots\" content=\"index, follow, max-snippet:-1, max-image-preview:large, max-video-preview:-1\" \/>\n<link rel=\"canonical\" href=\"https:\/\/elfsight.com\/fr\/qr-code-widget\/opencart\/\" \/>\n<meta property=\"og:locale\" content=\"fr_FR\" \/>\n<meta property=\"og:type\" content=\"article\" \/>\n<meta property=\"og:title\" content=\"Code QR \u2014 Ajoutez un g\u00e9n\u00e9rateur de code QR \u00e0 OpenCart (gratuit et rapide)\" \/>\n<meta property=\"og:description\" content=\"Cr\u00e9ez facilement votre extension de code QR unique pour la page Web OpenCart. Utilisez simplement notre d\u00e9mo pratique et votre extension sera pr\u00eate en moins de deux minutes.\" \/>\n<meta property=\"og:url\" content=\"https:\/\/elfsight.com\/fr\/qr-code-widget\/opencart\/\" \/>\n<meta property=\"og:site_name\" content=\"Elfsight FR\" \/>\n<meta property=\"article:modified_time\" content=\"2025-01-10T12:47:22+00:00\" \/>\n<meta name=\"twitter:card\" content=\"summary_large_image\" \/>\n<meta name=\"twitter:label1\" content=\"Dur\u00e9e de lecture estim\u00e9e\" \/>\n\t<meta name=\"twitter:data1\" content=\"3 minutes\" \/>\n<!-- \/ Yoast SEO plugin. -->","yoast_head_json":{"title":"Code QR \u2014 Ajoutez un g\u00e9n\u00e9rateur de code QR \u00e0 OpenCart (gratuit et rapide)","description":"Cr\u00e9ez facilement votre extension de code QR unique pour la page Web OpenCart. Utilisez simplement notre d\u00e9mo pratique et votre extension sera pr\u00eate en moins de deux minutes.","robots":{"index":"index","follow":"follow","max-snippet":"max-snippet:-1","max-image-preview":"max-image-preview:large","max-video-preview":"max-video-preview:-1"},"canonical":"https:\/\/elfsight.com\/fr\/qr-code-widget\/opencart\/","og_locale":"fr_FR","og_type":"article","og_title":"Code QR \u2014 Ajoutez un g\u00e9n\u00e9rateur de code QR \u00e0 OpenCart (gratuit et rapide)","og_description":"Cr\u00e9ez facilement votre extension de code QR unique pour la page Web OpenCart. Utilisez simplement notre d\u00e9mo pratique et votre extension sera pr\u00eate en moins de deux minutes.","og_url":"https:\/\/elfsight.com\/fr\/qr-code-widget\/opencart\/","og_site_name":"Elfsight FR","article_modified_time":"2025-01-10T12:47:22+00:00","twitter_card":"summary_large_image","twitter_misc":{"Dur\u00e9e de lecture estim\u00e9e":"3 minutes"},"schema":{"@context":"https:\/\/schema.org","@graph":[{"@type":"WebPage","@id":"https:\/\/elfsight.com\/fr\/qr-code-widget\/opencart\/","url":"https:\/\/elfsight.com\/fr\/qr-code-widget\/opencart\/","name":"Code QR \u2014 Ajoutez un g\u00e9n\u00e9rateur de code QR \u00e0 OpenCart (gratuit et rapide)","isPartOf":{"@id":"https:\/\/elfsight.com\/fr\/#website"},"datePublished":"1970-01-01T00:00:00+00:00","dateModified":"2025-01-10T12:47:22+00:00","description":"Cr\u00e9ez facilement votre extension de code QR unique pour la page Web OpenCart. Utilisez simplement notre d\u00e9mo pratique et votre extension sera pr\u00eate en moins de deux minutes.","breadcrumb":{"@id":"https:\/\/elfsight.com\/fr\/qr-code-widget\/opencart\/#breadcrumb"},"inLanguage":"fr-FR","potentialAction":[{"@type":"ReadAction","target":["https:\/\/elfsight.com\/fr\/qr-code-widget\/opencart\/"]}]},{"@type":"BreadcrumbList","@id":"https:\/\/elfsight.com\/fr\/qr-code-widget\/opencart\/#breadcrumb","itemListElement":[{"@type":"ListItem","position":1,"name":"Home","item":"https:\/\/elfsight.com\/fr\/"},{"@type":"ListItem","position":2,"name":"QR Code","item":"https:\/\/elfsight.com\/fr\/qr-code-widget\/"},{"@type":"ListItem","position":3,"name":"QR Code &#8211; OpenCart"}]},{"@type":"WebSite","@id":"https:\/\/elfsight.com\/fr\/#website","url":"https:\/\/elfsight.com\/fr\/","name":"Elfsight FR","description":"","potentialAction":[{"@type":"SearchAction","target":{"@type":"EntryPoint","urlTemplate":"https:\/\/elfsight.com\/fr\/?s={search_term_string}"},"query-input":{"@type":"PropertyValueSpecification","valueRequired":true,"valueName":"search_term_string"}}],"inLanguage":"fr-FR"}]}},"meta_box":{"industry":"","seo_heading":"","heading":"","description":"","cta_heading":"","cta_description":"","application":"2880","h1":"Extension du code QR OpenCart","h1_caption":"G\u00e9n\u00e9rez et affichez un code QR pour un acc\u00e8s facile aux URL, au Wi-Fi, aux cartes de visite et plus encore sur votre site Web Opencart sans effort.","application_category":[],"applications_title":"","applications_request_title":"","applications_request_button_text":"","hero_text":"","hero_video":"","hero_video_schema_markup":"","selling_points_title":"","selling_points_caption":"","selling_points":[],"selling_points_cta_text":"","features_title":"","features":"","ed_cta_examples_text":"","ed_cta_examples_hidden":"","ed_cta_demo_text":"","ed_cta_demo_hidden":"","why_caption":"","why_editor_title":"","why_editor_text":"","why_team_title":"","why_team_text":"","why_service_title":"","why_service_text":"","template_catalog_visible":"0","template_catalog_title":"","template_catalog_text":"","template_catalog_categories_visible":"","demo_title":"Cr\u00e9ez votre extension QR Code","demo_caption":"Configurez votre QR Code et ajoutez-le gratuitement \u00e0 votre site Web OpenCart\u00a0!","default_faq_hidden":"","app_template_category":[],"platform":"359","template_public_id":"","codecanyon_url":"","codecanyon_item_id":"","codecanyon_price":"","pricing_caption":"","pricing_elfsight_apps_hide_column":"","pricing_elfsight_apps_url":"","pricing_codecanyon_price_caption":"","integration_category":[],"integration_request_title":"","integration_request_cta":"","integration_platform":"","integrations":[],"platform_category":[],"video_schema_markup":"","price":"\u00e0 partir de 0$ \/ mois","trial":"","benefits":[{"text":"Service d'installation gratuit"},{"text":"Soutien exceptionnel"},{"text":"Garantie de remboursement de 14 jours"},{"text":"Am\u00e9liorations \u00e0 vie"}],"button_url":"","button_target_blank":"0","button_nofollow":"0","attributes":[{"name":"Installations","content":"10,000 - 100,000"},{"name":"Sensible","content":"Oui"},{"name":"Navigateurs compatibles","content":"Chrome, Edge, Firefox, Safari, Opera"}],"tags":[],"tags_disable_links":"0","hide_more_platforms":"","video_object":"","demo_hide_cta":"0","demo_hide_cloud_options":"0","pricing_title":"","pricing":[{"pricing_icon":"platform","pricing_title":"Elfsight Apps","pricing_title_caption":"Solution num\u00e9rique multiplateforme","pricing_price":"from $0 \/ month","pricing_price_caption":"commencez avec un forfait gratuit","pricing_benefits":[{"text":"Sites Web illimit\u00e9s"},{"text":"Assistance rapide et ponctuelle"},{"text":"Service d'installation gratuit"},{"text":"100% personnalisable"}],"pricing_button_text":"Ajouter au site Web","pricing_button_url":"#demo"}],"related_apps_title":"","related_apps_hidden":"0","author":"","image":[],"title":"","job":"","social_networks":[]},"_links":{"self":[{"href":"https:\/\/elfsight.com\/fr\/wp-json\/wp\/v2\/pages\/9941","targetHints":{"allow":["GET"]}}],"collection":[{"href":"https:\/\/elfsight.com\/fr\/wp-json\/wp\/v2\/pages"}],"about":[{"href":"https:\/\/elfsight.com\/fr\/wp-json\/wp\/v2\/types\/page"}],"author":[{"embeddable":true,"href":"https:\/\/elfsight.com\/fr\/wp-json\/wp\/v2\/users\/9"}],"replies":[{"embeddable":true,"href":"https:\/\/elfsight.com\/fr\/wp-json\/wp\/v2\/comments?post=9941"}],"version-history":[{"count":2,"href":"https:\/\/elfsight.com\/fr\/wp-json\/wp\/v2\/pages\/9941\/revisions"}],"predecessor-version":[{"id":16124,"href":"https:\/\/elfsight.com\/fr\/wp-json\/wp\/v2\/pages\/9941\/revisions\/16124"}],"up":[{"embeddable":true,"href":"https:\/\/elfsight.com\/fr\/wp-json\/wp\/v2\/pages\/2881"}],"wp:attachment":[{"href":"https:\/\/elfsight.com\/fr\/wp-json\/wp\/v2\/media?parent=9941"}],"curies":[{"name":"wp","href":"https:\/\/api.w.org\/{rel}","templated":true}]}}