{"id":9940,"date":"1970-01-01T00:00:00","date_gmt":"1970-01-01T00:00:00","guid":{"rendered":"https:\/\/elfsight.com\/fr\/?page_id=9940"},"modified":"2025-07-10T12:46:25","modified_gmt":"2025-07-10T12:46:25","slug":"shopify","status":"publish","type":"page","link":"https:\/\/elfsight.com\/fr\/qr-code-widget\/shopify\/","title":{"rendered":"QR Code &#8211; Shopify"},"content":{"rendered":"<div class=\"application-platform-content-item-description application-platform-content-item\" id=\"description\" data-nav-section=\"description\"> <h2>Int\u00e9grer le code QR sur Shopify avec le widget Elfsight<\/h2> <p>L&rsquo;application Elfsight QR Code est une option remarquable pour Shopify vous permettant imm\u00e9diatement redirigez vos visiteurs vers n&rsquo;importe quel site, partagez un lien, un emplacement, un e-mail, un fichier et plus encore. Le widget est extr\u00eamement personnalisable\u00a0: vous pouvez ajouter un titre, une l\u00e9gende explicative, choisir l&rsquo;ic\u00f4ne et le logo &#8211; dans notre biblioth\u00e8que ou prendre le v\u00f4tre, repeindre le texte, l&rsquo;arri\u00e8re-plan, le cadre et modifier la taille du widget selon vos besoins. Tout ce que vous avez \u00e0 faire est de commencer \u00e0 cr\u00e9er votre fonctionnalit\u00e9 personnalis\u00e9e\u00a0: l&rsquo;installation est un jeu d&rsquo;enfant et ne n\u00e9cessite aucune comp\u00e9tence en codage.<\/p> <p><b>Ins\u00e9rez le g\u00e9n\u00e9rateur de code QR Elfsight dans votre site Web Shopify et amenez les utilisateurs directement l\u00e0 o\u00f9 vous vous trouvez. souhaitez-les et rationalisez l&rsquo;utilisation du contenu<\/b><\/p> <\/div> <div class=\"application-platform-content-item-features application-platform-content-item\" id=\"features\" data-nav-section=\"features\"> <h2>Le widget offre des fonctionnalit\u00e9s puissantes et rapides, voyez-en quelques-unes\u00a0:<\/h2> <ul><li>Acc\u00e8s instantan\u00e9 au contenu que vous avez t\u00e9l\u00e9charg\u00e9<\/li><li>Ajoutez n&rsquo;importe quel texte<\/li><li>8 logos commutables<\/li><li>Quinze ic\u00f4nes \u00e9changeables disponibles<\/li><li>Repeignez toutes les pi\u00e8ces<\/li><\/ul><p><a href=\"#demo\">Vous pouvez tester toutes les fonctionnalit\u00e9s du widget dans la d\u00e9mo ci-dessous<\/a><\/p> <\/div> <div class=\"application-platform-content-item-installation application-platform-content-item\" id=\"installation\" data-nav-section=\"installation\"> <h2>Comment ajouter un code QR sur mon site Web Shopify\u00a0?<\/h2> <p>Suivez simplement quelques \u00e9tapes pr\u00e9sent\u00e9es ci-dessous pour activer l&rsquo;application.<\/p> <ol><li><b>Ouvrez notre \u00e9diteur gratuit et commencez \u00e0 cr\u00e9er votre application personnalis\u00e9e.<\/b><br> Sp\u00e9cifiez la forme et les sp\u00e9cifications pr\u00e9f\u00e9rables du widget et enregistrez toutes les modifications.<\/li> <li><b> Recevez le code personnel affich\u00e9 dans le formulaire sp\u00e9cial sur Elfsight Apps.<\/b><br> Une fois la configuration de votre widget personnel termin\u00e9e, copiez votre code dans la fen\u00eatre contextuelle qui appara\u00eet et enregistrez-le pour une occasion future.<\/li> <li><b>Entrez pour utiliser l&rsquo;application sur votre site Shopify.<\/b><br> Collez le code copi\u00e9 r\u00e9cemment sur votre site Web et appliquez les modifications. <\/li> <li><b>Fait\u00a0! L&rsquo;int\u00e9gration est enti\u00e8rement r\u00e9alis\u00e9e.<\/b><br> Ouvrez votre site internet pour jeter un \u0153il au fonctionnement de l&rsquo;application.<\/li><\/ol><p>A condition de vous confronter \u00e0 des demandes de renseignements ou de faire face \u00e0 certaines difficult\u00e9s, ne n&rsquo;h\u00e9sitez pas \u00e0 \u00e9crire \u00e0 notre \u00e9quipe du service client. Nos consultants se feront un plaisir de r\u00e9soudre tous les probl\u00e8mes que vous pourriez rencontrer avec le widget.<\/p> <div class=\"faq\" data-component=\"FAQ\"><div class=\"faq-item\">\r\n\t\t\t\t\t<div class=\"faq-item-question\">\r\n\t\t\t\t\t\t<h3 class=\"faq-item-question-text\">Comment puis-je int\u00e9grer un code QR \u00e0 mon Shopify sans exp\u00e9rience en codage ?<\/h3>\r\n\r\n\t\t\t\t\t\t<div class=\"faq-item-question-icon\"><\/div>\r\n\t\t\t\t\t<\/div>\r\n\r\n\t\t\t\t\t<div class=\"faq-item-answer\">\r\n\t\t\t\t\t\t<div class=\"faq-item-answer-text\"> <p>La soci\u00e9t\u00e9 Elfsight offre une solution Cloud qui permet \u00e0 un large public de g\u00e9n\u00e9rer vous-m\u00eame un widget QR Code, d\u00e9couvrez \u00e0 quel point le processus est simple : acc\u00e9dez \u00e0 la d\u00e9mo en ligne pour g\u00e9n\u00e9rer une section QR Code que vous souhaitez voir appara\u00eetre sur votre Shopify. Choisissez l&rsquo;un des nombreux mod\u00e8les pr\u00e9d\u00e9finis et ajustez les param\u00e8tres du code QR, incluez votre contenu, changez la disposition et la couleur des \u00e9l\u00e9ments sans aucune connaissance en codage. Enregistrez les param\u00e8tres que vous avez d\u00e9finis sur QR Code et obtenez son code pour l&rsquo;installation, qui peut \u00eatre facilement ajout\u00e9 dans n&rsquo;importe quelle page Web Shopify sans avoir besoin d&rsquo;acheter une version payante. Avec notre configurateur intuitif, tout utilisateur Web peut cr\u00e9er un code QR et le coller sur le site Web Shopify. Il n&rsquo;est pas n\u00e9cessaire de payer ou de divulguer les donn\u00e9es de votre carte pour acc\u00e9der \u00e0 Elfsight Editor. Si vous rencontrez des probl\u00e8mes \u00e0 n&rsquo;importe quelle \u00e9tape, n&rsquo;h\u00e9sitez pas \u00e0 contacter notre support technique client.<\/p> <\/div>\r\n\t\t\t\t\t<\/div>\r\n\t\t\t\t<\/div> <\/div><\/div>","protected":false},"excerpt":{"rendered":"","protected":false},"author":9,"featured_media":0,"parent":2881,"menu_order":0,"comment_status":"closed","ping_status":"closed","template":"templates\/template-application-platform.php","meta":{"publish_to_discourse":"","publish_post_category":"","wpdc_auto_publish_overridden":"","wpdc_topic_tags":"","wpdc_pin_topic":"","wpdc_pin_until":"","discourse_post_id":"","discourse_permalink":"","wpdc_publishing_response":"","wpdc_publishing_error":"","footnotes":""},"class_list":["post-9940","page","type-page","status-publish","hentry"],"yoast_head":"<!-- This site is optimized with the Yoast SEO plugin v25.3.1 - https:\/\/yoast.com\/wordpress\/plugins\/seo\/ -->\n<title>Code QR \u2014 Ajoutez un g\u00e9n\u00e9rateur de code QR \u00e0 Shopify (gratuit et rapide)<\/title>\n<meta name=\"description\" content=\"Cr\u00e9ez facilement votre g\u00e9n\u00e9rateur de code QR unique pour la page Web Shopify. Utilisez simplement notre d\u00e9mo et votre outil sera cr\u00e9\u00e9 en moins d\u2019une minute.\" \/>\n<meta name=\"robots\" content=\"index, follow, max-snippet:-1, max-image-preview:large, max-video-preview:-1\" \/>\n<link rel=\"canonical\" href=\"https:\/\/elfsight.com\/fr\/qr-code-widget\/shopify\/\" \/>\n<meta property=\"og:locale\" content=\"fr_FR\" \/>\n<meta property=\"og:type\" content=\"article\" \/>\n<meta property=\"og:title\" content=\"Code QR \u2014 Ajoutez un g\u00e9n\u00e9rateur de code QR \u00e0 Shopify (gratuit et rapide)\" \/>\n<meta property=\"og:description\" content=\"Cr\u00e9ez facilement votre g\u00e9n\u00e9rateur de code QR unique pour la page Web Shopify. Utilisez simplement notre d\u00e9mo et votre outil sera cr\u00e9\u00e9 en moins d\u2019une minute.\" \/>\n<meta property=\"og:url\" content=\"https:\/\/elfsight.com\/fr\/qr-code-widget\/shopify\/\" \/>\n<meta property=\"og:site_name\" content=\"Elfsight FR\" \/>\n<meta property=\"article:modified_time\" content=\"2025-07-10T12:46:25+00:00\" \/>\n<meta name=\"twitter:card\" content=\"summary_large_image\" \/>\n<meta name=\"twitter:label1\" content=\"Dur\u00e9e de lecture estim\u00e9e\" \/>\n\t<meta name=\"twitter:data1\" content=\"3 minutes\" \/>\n<!-- \/ Yoast SEO plugin. -->","yoast_head_json":{"title":"Code QR \u2014 Ajoutez un g\u00e9n\u00e9rateur de code QR \u00e0 Shopify (gratuit et rapide)","description":"Cr\u00e9ez facilement votre g\u00e9n\u00e9rateur de code QR unique pour la page Web Shopify. Utilisez simplement notre d\u00e9mo et votre outil sera cr\u00e9\u00e9 en moins d\u2019une minute.","robots":{"index":"index","follow":"follow","max-snippet":"max-snippet:-1","max-image-preview":"max-image-preview:large","max-video-preview":"max-video-preview:-1"},"canonical":"https:\/\/elfsight.com\/fr\/qr-code-widget\/shopify\/","og_locale":"fr_FR","og_type":"article","og_title":"Code QR \u2014 Ajoutez un g\u00e9n\u00e9rateur de code QR \u00e0 Shopify (gratuit et rapide)","og_description":"Cr\u00e9ez facilement votre g\u00e9n\u00e9rateur de code QR unique pour la page Web Shopify. Utilisez simplement notre d\u00e9mo et votre outil sera cr\u00e9\u00e9 en moins d\u2019une minute.","og_url":"https:\/\/elfsight.com\/fr\/qr-code-widget\/shopify\/","og_site_name":"Elfsight FR","article_modified_time":"2025-07-10T12:46:25+00:00","twitter_card":"summary_large_image","twitter_misc":{"Dur\u00e9e de lecture estim\u00e9e":"3 minutes"},"schema":{"@context":"https:\/\/schema.org","@graph":[{"@type":"WebPage","@id":"https:\/\/elfsight.com\/fr\/qr-code-widget\/shopify\/","url":"https:\/\/elfsight.com\/fr\/qr-code-widget\/shopify\/","name":"Code QR \u2014 Ajoutez un g\u00e9n\u00e9rateur de code QR \u00e0 Shopify (gratuit et rapide)","isPartOf":{"@id":"https:\/\/elfsight.com\/fr\/#website"},"datePublished":"1970-01-01T00:00:00+00:00","dateModified":"2025-07-10T12:46:25+00:00","description":"Cr\u00e9ez facilement votre g\u00e9n\u00e9rateur de code QR unique pour la page Web Shopify. Utilisez simplement notre d\u00e9mo et votre outil sera cr\u00e9\u00e9 en moins d\u2019une minute.","breadcrumb":{"@id":"https:\/\/elfsight.com\/fr\/qr-code-widget\/shopify\/#breadcrumb"},"inLanguage":"fr-FR","potentialAction":[{"@type":"ReadAction","target":["https:\/\/elfsight.com\/fr\/qr-code-widget\/shopify\/"]}]},{"@type":"BreadcrumbList","@id":"https:\/\/elfsight.com\/fr\/qr-code-widget\/shopify\/#breadcrumb","itemListElement":[{"@type":"ListItem","position":1,"name":"Home","item":"https:\/\/elfsight.com\/fr\/"},{"@type":"ListItem","position":2,"name":"QR Code","item":"https:\/\/elfsight.com\/fr\/qr-code-widget\/"},{"@type":"ListItem","position":3,"name":"QR Code &#8211; Shopify"}]},{"@type":"WebSite","@id":"https:\/\/elfsight.com\/fr\/#website","url":"https:\/\/elfsight.com\/fr\/","name":"Elfsight FR","description":"","potentialAction":[{"@type":"SearchAction","target":{"@type":"EntryPoint","urlTemplate":"https:\/\/elfsight.com\/fr\/?s={search_term_string}"},"query-input":{"@type":"PropertyValueSpecification","valueRequired":true,"valueName":"search_term_string"}}],"inLanguage":"fr-FR"}]}},"meta_box":{"industry":"","seo_heading":"","heading":"","description":"","cta_heading":"","cta_description":"","application":"2880","h1":"G\u00e9n\u00e9rateur de codes QR Shopify","h1_caption":"G\u00e9n\u00e9rez et affichez un code QR pour acc\u00e9der facilement aux URL, au Wi-Fi, aux cartes de visite et bien plus encore sur votre site Web Shopify.","application_category":[],"applications_title":"","applications_request_title":"","applications_request_button_text":"","hero_text":"","hero_video":"","hero_video_schema_markup":"","selling_points_title":"","selling_points_caption":"","selling_points":[],"selling_points_cta_text":"","features_title":"","features":"","ed_cta_examples_text":"","ed_cta_examples_hidden":"","ed_cta_demo_text":"","ed_cta_demo_hidden":"","why_caption":"","why_editor_title":"","why_editor_text":"","why_team_title":"","why_team_text":"","why_service_title":"","why_service_text":"","template_catalog_visible":"","template_catalog_title":"","template_catalog_text":"","template_catalog_categories_visible":"","demo_title":"Cr\u00e9ez votre application QR Code","demo_caption":"Configurez votre QR Code et ajoutez-le gratuitement \u00e0 votre site Shopify !","default_faq_hidden":"","app_template_category":[],"platform":"360","template_public_id":"","codecanyon_url":"","codecanyon_item_id":"","codecanyon_price":"","pricing_caption":"","pricing_elfsight_apps_hide_column":"","pricing_elfsight_apps_url":"","pricing_codecanyon_price_caption":"","integration_category":[],"integration_request_title":"","integration_request_cta":"","integration_platform":"","integrations":[],"platform_category":[],"video_schema_markup":"","price":"\u00e0 partir de 0$ \/ mois","trial":"","benefits":[{"text":"Service d'installation gratuit"},{"text":"Assistance premium"},{"text":"Garantie de remboursement de 14 jours"},{"text":"Mises \u00e0 jour gratuites et continues"}],"button_url":"","button_target_blank":"","button_nofollow":"","attributes":[{"name":"Installations","content":"10,000 - 100,000"},{"name":"Sensible","content":"Oui"},{"name":"Navigateurs compatibles","content":"Firefox, Safari, Opera, Chrome, Edge"}],"tags":[],"tags_disable_links":"","hide_more_platforms":"","video_object":"","demo_hide_cta":"","demo_hide_cloud_options":"","pricing_title":"","pricing":[{"pricing_icon":"cloud","pricing_title":"Elfsight Apps","pricing_title_caption":"Version multiplateforme qui fonctionne sur n'importe quel site Web","pricing_price":"from $0 \/ month","pricing_price_caption":"commencez avec un forfait gratuit","pricing_benefits":[{"text":"Sites Web illimit\u00e9s"},{"text":"Assistance premium"},{"text":"Service d'installation gratuit"},{"text":"Offre sp\u00e9ciale pour plusieurs applications"}],"pricing_button_text":"Ajouter au site Web","pricing_button_url":"#demo"}],"related_apps_title":"","related_apps_hidden":"","author":"","image":[],"title":"","job":"","social_networks":[]},"_links":{"self":[{"href":"https:\/\/elfsight.com\/fr\/wp-json\/wp\/v2\/pages\/9940","targetHints":{"allow":["GET"]}}],"collection":[{"href":"https:\/\/elfsight.com\/fr\/wp-json\/wp\/v2\/pages"}],"about":[{"href":"https:\/\/elfsight.com\/fr\/wp-json\/wp\/v2\/types\/page"}],"author":[{"embeddable":true,"href":"https:\/\/elfsight.com\/fr\/wp-json\/wp\/v2\/users\/9"}],"replies":[{"embeddable":true,"href":"https:\/\/elfsight.com\/fr\/wp-json\/wp\/v2\/comments?post=9940"}],"version-history":[{"count":1,"href":"https:\/\/elfsight.com\/fr\/wp-json\/wp\/v2\/pages\/9940\/revisions"}],"predecessor-version":[{"id":9944,"href":"https:\/\/elfsight.com\/fr\/wp-json\/wp\/v2\/pages\/9940\/revisions\/9944"}],"up":[{"embeddable":true,"href":"https:\/\/elfsight.com\/fr\/wp-json\/wp\/v2\/pages\/2881"}],"wp:attachment":[{"href":"https:\/\/elfsight.com\/fr\/wp-json\/wp\/v2\/media?parent=9940"}],"curies":[{"name":"wp","href":"https:\/\/api.w.org\/{rel}","templated":true}]}}