{"id":9933,"date":"1970-01-01T00:00:00","date_gmt":"1970-01-01T00:00:00","guid":{"rendered":"https:\/\/elfsight.com\/fr\/?page_id=9933"},"modified":"2025-07-10T13:08:58","modified_gmt":"2025-07-10T13:08:58","slug":"webnode","status":"publish","type":"page","link":"https:\/\/elfsight.com\/fr\/qr-code-widget\/webnode\/","title":{"rendered":"QR Code &#8211; Webnode"},"content":{"rendered":"<div class=\"application-platform-content-item-description application-platform-content-item\" id=\"description\" data-nav-section=\"description\"> <h2>Description<\/h2> <p>Le g\u00e9n\u00e9rateur de QR Code Elfsight est un outil remarquable pour Webnode vous permettant de rediriger rapidement les utilisateurs vers n&rsquo;importe quel site, de partager un URL, votre emplacement, e-mail, n&rsquo;importe quel fichier et plus encore. Le widget est extr\u00eamement personnalisable\u00a0: vous pouvez ajouter un titre, une l\u00e9gende, s\u00e9lectionner l&rsquo;ic\u00f4ne et le type de logo &#8211; dans notre biblioth\u00e8que ou cr\u00e9er le v\u00f4tre, repeindre le texte, l&rsquo;arri\u00e8re-plan, le cadre et modifier la taille en fonction de votre site Web. Tout ce que vous avez \u00e0 faire est de commencer \u00e0 cr\u00e9er l\u2019outil \u2013 l\u2019installation est simple et ne n\u00e9cessitera aucune comp\u00e9tence en codage de votre part. <\/p> <p><b>Int\u00e9grez le g\u00e9n\u00e9rateur de code QR Elfsight \u00e0 votre site Web et amenez les utilisateurs directement l\u00e0 o\u00f9 vous en avez besoin et simplifiez l&rsquo;utilisation du contenu<\/b><\/p> <\/div> <div class=\"application-platform-content-item- fonctionnalit\u00e9s application-platform-content-item\" id=\" fonctionnalit\u00e9s\" data-nav-section=\" fonctionnalit\u00e9s\"> <h2>Explorez la liste des fonctionnalit\u00e9s les plus performantes\u00a0: <\/h2> <ul><li>Acc\u00e8s imm\u00e9diat \u00e0 votre contenu<\/li><li>Ajoutez n&rsquo;importe quel texte<\/li><li>Huit logos commutables<\/li><li>Quinze ic\u00f4nes \u00e9changeables \u00e0 choisir<\/li><li>Recolorez toutes les pi\u00e8ces<\/li><\/ul><p><a href=\"#demo\">Vous pouvez consulter l&rsquo;int\u00e9gralit\u00e9 capacit\u00e9s du widget dans la d\u00e9mo ici<\/a><\/p> <\/div> <div class=\"application-platform-content-item-installation application-platform-content-item\" id=\"installation\" data-nav-section=\"installation\"> <h2>Comment puis-je ajouter un code QR \u00e0 ma page Web Webnode\u00a0? <\/h2> <p>Suivez simplement plusieurs \u00e9tapes pr\u00e9sent\u00e9es ci-dessous pour ins\u00e9rer le widget. <\/p> <ol><li><b>Utilisez notre \u00e9diteur gratuit et commencez \u00e0 fa\u00e7onner votre widget personnalis\u00e9. <\/b><br> D\u00e9terminez la conception et les fonctionnalit\u00e9s personnalis\u00e9es du widget et appliquez les modifications. <\/li> <li><b>Recevez votre code unique qui appara\u00eet dans la bo\u00eete sur les applications Elfsight. <\/b><br> D\u00e8s que la cr\u00e9ation de votre widget est termin\u00e9e, copiez le code personnel de la fen\u00eatre qui appara\u00eet et conservez-le pour vos besoins futurs. <\/li> <li><b>Commencez \u00e0 utiliser le widget sur votre site Webnode. <\/b><br> Ajoutez le code que vous avez copi\u00e9 r\u00e9cemment dans votre page et enregistrez les corrections. <\/li> <li><b>L&rsquo;installation est enti\u00e8rement termin\u00e9e. <\/b><br> Visitez votre site pour voir comment fonctionne l&rsquo;outil. <\/li><\/ol> <p>Si vous rencontrez des probl\u00e8mes, n&rsquo;h\u00e9sitez pas \u00e0 contacter notre service client. Nos consultants seront ravis de r\u00e9soudre toutes les difficult\u00e9s que vous pourriez rencontrer avec le plugin. <\/p> <div class=\"faq\" data-component=\"FAQ\"><div class=\"faq-item\">\r\n\t\t\t\t\t<div class=\"faq-item-question\">\r\n\t\t\t\t\t\t<h3 class=\"faq-item-question-text\">Comment puis-je ajouter un QR Code \u00e0 mon Webnode sans comp\u00e9tences en codage ?<\/h3>\r\n\r\n\t\t\t\t\t\t<div class=\"faq-item-question-icon\"><\/div>\r\n\t\t\t\t\t<\/div>\r\n\r\n\t\t\t\t\t<div class=\"faq-item-answer\">\r\n\t\t\t\t\t\t<div class=\"faq-item-answer-text\"> <p>Elfsight propose une solution SaaS qui permet aux propri\u00e9taires de sites de cr\u00e9er vous-m\u00eame une section QR Code, de v\u00e9rifier la simplicit\u00e9 du Le processus est le suivant\u00a0: travaillez dans l&rsquo;\u00e9diteur en direct pour cr\u00e9er une section de code QR que vous souhaitez ajouter sur la page Web de Webnode. Choisissez l&rsquo;un des mod\u00e8les pr\u00e9d\u00e9finis et ajustez les param\u00e8tres du QR Code, transformez la mise en page et la couleur des \u00e9l\u00e9ments, y compris votre contenu, sans codage. Cliquez pour enregistrer le code QR et copier son code d&rsquo;installation, qui peut \u00eatre facilement coll\u00e9 dans la page Web Webnode sans acheter de version payante. \u00c0 l&rsquo;aide du simple configurateur, tout internaute peut cr\u00e9er une section de code QR en ligne et la coller facilement sur la page Web de Webnode. Il n&rsquo;est pas n\u00e9cessaire d&rsquo;obtenir un abonnement payant ou de soumettre les informations d&rsquo;identification de votre carte pour acc\u00e9der \u00e0 Elfsight Editor. Si vous rencontrez des probl\u00e8mes \u00e0 n&rsquo;importe quelle \u00e9tape, n&rsquo;h\u00e9sitez pas \u00e0 parler \u00e0 notre \u00e9quipe d&rsquo;assistance technique.<\/p> <\/div>\r\n\t\t\t\t\t<\/div>\r\n\t\t\t\t<\/div> <\/div><\/div>","protected":false},"excerpt":{"rendered":"","protected":false},"author":9,"featured_media":0,"parent":2881,"menu_order":0,"comment_status":"closed","ping_status":"closed","template":"templates\/template-application-platform.php","meta":{"publish_to_discourse":"","publish_post_category":"","wpdc_auto_publish_overridden":"","wpdc_topic_tags":"","wpdc_pin_topic":"","wpdc_pin_until":"","discourse_post_id":"","discourse_permalink":"","wpdc_publishing_response":"","wpdc_publishing_error":"","footnotes":""},"class_list":["post-9933","page","type-page","status-publish","hentry"],"yoast_head":"<!-- This site is optimized with the Yoast SEO plugin v25.3.1 - https:\/\/yoast.com\/wordpress\/plugins\/seo\/ -->\n<title>G\u00e9n\u00e9rateur de QR Code - Ajouter un code QR \u00e0 Webnode [2025]<\/title>\n<meta name=\"description\" content=\"Cr\u00e9ez facilement votre code QR personnalis\u00e9 pour le site Webnode. Appliquez simplement notre d\u00e9mo pratique et votre widget sera cr\u00e9\u00e9 en moins de deux minutes.\" \/>\n<meta name=\"robots\" content=\"index, follow, max-snippet:-1, max-image-preview:large, max-video-preview:-1\" \/>\n<link rel=\"canonical\" href=\"https:\/\/elfsight.com\/fr\/qr-code-widget\/webnode\/\" \/>\n<meta property=\"og:locale\" content=\"fr_FR\" \/>\n<meta property=\"og:type\" content=\"article\" \/>\n<meta property=\"og:title\" content=\"G\u00e9n\u00e9rateur de QR Code - Ajouter un code QR \u00e0 Webnode [2025]\" \/>\n<meta property=\"og:description\" content=\"Cr\u00e9ez facilement votre code QR personnalis\u00e9 pour le site Webnode. Appliquez simplement notre d\u00e9mo pratique et votre widget sera cr\u00e9\u00e9 en moins de deux minutes.\" \/>\n<meta property=\"og:url\" content=\"https:\/\/elfsight.com\/fr\/qr-code-widget\/webnode\/\" \/>\n<meta property=\"og:site_name\" content=\"Elfsight FR\" \/>\n<meta property=\"article:modified_time\" content=\"2025-07-10T13:08:58+00:00\" \/>\n<meta name=\"twitter:card\" content=\"summary_large_image\" \/>\n<meta name=\"twitter:label1\" content=\"Dur\u00e9e de lecture estim\u00e9e\" \/>\n\t<meta name=\"twitter:data1\" content=\"3 minutes\" \/>\n<!-- \/ Yoast SEO plugin. -->","yoast_head_json":{"title":"G\u00e9n\u00e9rateur de QR Code - Ajouter un code QR \u00e0 Webnode [2025]","description":"Cr\u00e9ez facilement votre code QR personnalis\u00e9 pour le site Webnode. Appliquez simplement notre d\u00e9mo pratique et votre widget sera cr\u00e9\u00e9 en moins de deux minutes.","robots":{"index":"index","follow":"follow","max-snippet":"max-snippet:-1","max-image-preview":"max-image-preview:large","max-video-preview":"max-video-preview:-1"},"canonical":"https:\/\/elfsight.com\/fr\/qr-code-widget\/webnode\/","og_locale":"fr_FR","og_type":"article","og_title":"G\u00e9n\u00e9rateur de QR Code - Ajouter un code QR \u00e0 Webnode [2025]","og_description":"Cr\u00e9ez facilement votre code QR personnalis\u00e9 pour le site Webnode. Appliquez simplement notre d\u00e9mo pratique et votre widget sera cr\u00e9\u00e9 en moins de deux minutes.","og_url":"https:\/\/elfsight.com\/fr\/qr-code-widget\/webnode\/","og_site_name":"Elfsight FR","article_modified_time":"2025-07-10T13:08:58+00:00","twitter_card":"summary_large_image","twitter_misc":{"Dur\u00e9e de lecture estim\u00e9e":"3 minutes"},"schema":{"@context":"https:\/\/schema.org","@graph":[{"@type":"WebPage","@id":"https:\/\/elfsight.com\/fr\/qr-code-widget\/webnode\/","url":"https:\/\/elfsight.com\/fr\/qr-code-widget\/webnode\/","name":"G\u00e9n\u00e9rateur de QR Code - Ajouter un code QR \u00e0 Webnode [2025]","isPartOf":{"@id":"https:\/\/elfsight.com\/fr\/#website"},"datePublished":"1970-01-01T00:00:00+00:00","dateModified":"2025-07-10T13:08:58+00:00","description":"Cr\u00e9ez facilement votre code QR personnalis\u00e9 pour le site Webnode. Appliquez simplement notre d\u00e9mo pratique et votre widget sera cr\u00e9\u00e9 en moins de deux minutes.","breadcrumb":{"@id":"https:\/\/elfsight.com\/fr\/qr-code-widget\/webnode\/#breadcrumb"},"inLanguage":"fr-FR","potentialAction":[{"@type":"ReadAction","target":["https:\/\/elfsight.com\/fr\/qr-code-widget\/webnode\/"]}]},{"@type":"BreadcrumbList","@id":"https:\/\/elfsight.com\/fr\/qr-code-widget\/webnode\/#breadcrumb","itemListElement":[{"@type":"ListItem","position":1,"name":"Home","item":"https:\/\/elfsight.com\/fr\/"},{"@type":"ListItem","position":2,"name":"QR Code","item":"https:\/\/elfsight.com\/fr\/qr-code-widget\/"},{"@type":"ListItem","position":3,"name":"QR Code &#8211; Webnode"}]},{"@type":"WebSite","@id":"https:\/\/elfsight.com\/fr\/#website","url":"https:\/\/elfsight.com\/fr\/","name":"Elfsight FR","description":"","potentialAction":[{"@type":"SearchAction","target":{"@type":"EntryPoint","urlTemplate":"https:\/\/elfsight.com\/fr\/?s={search_term_string}"},"query-input":{"@type":"PropertyValueSpecification","valueRequired":true,"valueName":"search_term_string"}}],"inLanguage":"fr-FR"}]}},"meta_box":{"industry":"","seo_heading":"","heading":"","description":"","cta_heading":"","cta_description":"","application":"2880","h1":"Widget QR Code Webnode","h1_caption":"G\u00e9n\u00e9rez et affichez un code QR pour acc\u00e9der facilement aux URL, au Wi-Fi, aux cartes de visite et bien plus encore sur votre site Web Webnode.","application_category":[],"applications_title":"","applications_request_title":"","applications_request_button_text":"","hero_text":"","hero_video":"","hero_video_schema_markup":"","selling_points_title":"","selling_points_caption":"","selling_points":[],"selling_points_cta_text":"","features_title":"","features":"","ed_cta_examples_text":"","ed_cta_examples_hidden":"","ed_cta_demo_text":"","ed_cta_demo_hidden":"","why_caption":"","why_editor_title":"","why_editor_text":"","why_team_title":"","why_team_text":"","why_service_title":"","why_service_text":"","template_catalog_visible":"","template_catalog_title":"","template_catalog_text":"","template_catalog_categories_visible":"","demo_title":"Cr\u00e9ez votre widget QR Code","demo_caption":"Configurez votre QR Code et ajoutez-le gratuitement \u00e0 votre site Webnode !","default_faq_hidden":"","app_template_category":[],"platform":"364","template_public_id":"","codecanyon_url":"","codecanyon_item_id":"","codecanyon_price":"","pricing_caption":"","pricing_elfsight_apps_hide_column":"","pricing_elfsight_apps_url":"","pricing_codecanyon_price_caption":"","integration_category":[],"integration_request_title":"","integration_request_cta":"","integration_platform":"","integrations":[],"platform_category":[],"video_schema_markup":"","price":"\u00e0 partir de 0$ \/ mois","trial":"","benefits":[{"text":"Service d'installation gratuit"},{"text":"Support client exp\u00e9riment\u00e9"},{"text":"Garantie de remboursement de 14 jours"},{"text":"Mise \u00e0 jour constante"}],"button_url":"","button_target_blank":"","button_nofollow":"","attributes":[{"name":"Installations","content":"10,000 - 100,000"},{"name":"Sensible","content":"Oui"},{"name":"Navigateurs compatibles","content":"Firefox, Safari, Opera, Chrome, Edge"}],"tags":[],"tags_disable_links":"","hide_more_platforms":"","video_object":"","demo_hide_cta":"","demo_hide_cloud_options":"","pricing_title":"","pricing":[{"pricing_icon":"platform","pricing_title":"Elfsight Apps","pricing_title_caption":"Solution num\u00e9rique ind\u00e9pendante de la plateforme","pricing_price":"from $0 \/ month","pricing_price_caption":"commencez avec un forfait gratuit","pricing_benefits":[{"text":"Domaines illimit\u00e9s"},{"text":"Support d'entreprise gratuit et bien document\u00e9"},{"text":"Assistance \u00e0 l'installation gratuite"},{"text":"Offre \u00e0 dur\u00e9e limit\u00e9e pour plusieurs applications"}],"pricing_button_text":"Ajouter au site Web","pricing_button_url":"#demo"}],"related_apps_title":"","related_apps_hidden":"","author":"","image":[],"title":"","job":"","social_networks":[]},"_links":{"self":[{"href":"https:\/\/elfsight.com\/fr\/wp-json\/wp\/v2\/pages\/9933","targetHints":{"allow":["GET"]}}],"collection":[{"href":"https:\/\/elfsight.com\/fr\/wp-json\/wp\/v2\/pages"}],"about":[{"href":"https:\/\/elfsight.com\/fr\/wp-json\/wp\/v2\/types\/page"}],"author":[{"embeddable":true,"href":"https:\/\/elfsight.com\/fr\/wp-json\/wp\/v2\/users\/9"}],"replies":[{"embeddable":true,"href":"https:\/\/elfsight.com\/fr\/wp-json\/wp\/v2\/comments?post=9933"}],"version-history":[{"count":1,"href":"https:\/\/elfsight.com\/fr\/wp-json\/wp\/v2\/pages\/9933\/revisions"}],"predecessor-version":[{"id":9937,"href":"https:\/\/elfsight.com\/fr\/wp-json\/wp\/v2\/pages\/9933\/revisions\/9937"}],"up":[{"embeddable":true,"href":"https:\/\/elfsight.com\/fr\/wp-json\/wp\/v2\/pages\/2881"}],"wp:attachment":[{"href":"https:\/\/elfsight.com\/fr\/wp-json\/wp\/v2\/media?parent=9933"}],"curies":[{"name":"wp","href":"https:\/\/api.w.org\/{rel}","templated":true}]}}