{"id":9931,"date":"1970-01-01T00:00:00","date_gmt":"1970-01-01T00:00:00","guid":{"rendered":"https:\/\/elfsight.com\/fr\/?page_id=9931"},"modified":"2025-07-10T13:09:20","modified_gmt":"2025-07-10T13:09:20","slug":"wix","status":"publish","type":"page","link":"https:\/\/elfsight.com\/fr\/qr-code-widget\/wix\/","title":{"rendered":"QR Code &#8211; Wix"},"content":{"rendered":"<div class=\"application-platform-content-item-description application-platform-content-item\" id=\"description\" data-nav-section=\"description\"> <h2>Description<\/h2> <p>Le g\u00e9n\u00e9rateur de QR Code est un outil puissant pour Wix vous permettant de rediriger rapidement vos visiteurs vers n&rsquo;importe quel site web, de partager une URL, un emplacement, un e-mail, un fichier et plus encore. Le plugin est hautement personnalisable : vous pouvez ajouter un titre, une l\u00e9gende explicative, s\u00e9lectionner l&rsquo;ic\u00f4ne et le logo \u00e0 l&rsquo;aide de notre biblioth\u00e8que ou prendre le v\u00f4tre, recolorer le texte, l&rsquo;arri\u00e8re-plan, le cadre et modifier la taille selon vos besoins. Tout ce que vous avez \u00e0 faire est de commencer \u00e0 cr\u00e9er votre fonctionnalit\u00e9 personnalis\u00e9e : l\u2019installation est simple et ne n\u00e9cessite aucune comp\u00e9tence en codage. <\/p> <p><b>Int\u00e9grez le code QR Elfsight dans votre page Web et redirigez les utilisateurs directement l\u00e0 o\u00f9 vous en avez besoin et rationalisez la consommation de contenu<\/b><\/p> <\/div> <div class=\"application-platform-content-item- fonctionnalit\u00e9s application-platform-content-item\" id=\" fonctionnalit\u00e9s\" data-nav-section=\" fonctionnalit\u00e9s\"> <h2>Voici seulement quelques-unes des fonctionnalit\u00e9s de l&rsquo;application \u00e9tendue\u00a0: <\/h2> <ul><li>Acc\u00e8s instantan\u00e9 au contenu que vous avez t\u00e9l\u00e9charg\u00e9<\/li><li>Ajoutez n&rsquo;importe quel texte<\/li><li>Huit logos commutables<\/li><li>15 ic\u00f4nes commutables disponibles<\/li><li>Recolorez toutes les parties du widget<\/li><\/ul><p><a href=\"#demo\">Explorez toutes les options de personnalisation dans une d\u00e9mo enti\u00e8rement fonctionnelle<\/a><\/p> <\/div> <div class=\"application-platform-content-item-installation application-platform-content-item\" id=\"installation\" data-nav-section=\"installation\"> <h2>Comment ajouter un code QR au site Web Wix\u00a0?<\/h2> <p>Prenez simplement quelques \u00e9tapes d\u00e9crites ci-dessous pour int\u00e9grer l\u2019application. <\/p> <ol><li><b>G\u00e9rez notre d\u00e9mo gratuite, commencez \u00e0 fa\u00e7onner votre instrument personnalis\u00e9.<\/b><br> Trouvez la disposition pr\u00e9f\u00e9rable et les caract\u00e9ristiques fonctionnelles de l&rsquo;application et enregistrez les modifications.<\/li> <li><b>Obtenez votre code individuel qui appara\u00eet dans la fen\u00eatre sur les applications Elfsight.<\/b><br> Une fois la g\u00e9n\u00e9ration de votre outil personnel termin\u00e9e, copiez le code personnel dans la case qui appara\u00eet et enregistrez-le pour une utilisation ult\u00e9rieure. .<\/li> <li><b>Initiez l&rsquo;utilisation de l&rsquo;outil sur la page Web Wix.<\/b><br> Placez le code enregistr\u00e9 pr\u00e9c\u00e9demment dans votre page Web et enregistrez les am\u00e9liorations.<\/li> <li><b>L&rsquo;installation est enti\u00e8rement termin\u00e9e.<\/b><br> Rendez-vous sur votre page pour voir comment fonctionne le widget.<\/li><\/ol> <p>\u00c0 condition de rencontrer des demandes de renseignements ou de rencontrer des complications, veuillez contacter notre \u00e9quipe d&rsquo;assistance. Nos collaborateurs ont h\u00e2te de vous aider avec tous les probl\u00e8mes que vous pourriez rencontrer avec le plugin. <\/p> <div class=\"faq\" data-component=\"FAQ\"><div class=\"faq-item\">\r\n\t\t\t\t\t<div class=\"faq-item-question\">\r\n\t\t\t\t\t\t<h3 class=\"faq-item-question-text\">De quelle mani\u00e8re est-il possible d'ajouter un QR Code \u00e0 ma page Web Wix sans aucune connaissance en codage ?<\/h3>\r\n\r\n\t\t\t\t\t\t<div class=\"faq-item-question-icon\"><\/div>\r\n\t\t\t\t\t<\/div>\r\n\r\n\t\t\t\t\t<div class=\"faq-item-answer\">\r\n\t\t\t\t\t\t<div class=\"faq-item-answer-text\"> <p>Elfsight propose une solution qui vous permet de cr\u00e9er vous-m\u00eame une section QR Code. , consultez les instructions simples\u00a0: Commencez \u00e0 travailler directement dans l&rsquo;\u00e9diteur en ligne pour g\u00e9n\u00e9rer une application QR Code que vous souhaitez inclure sur la page d&rsquo;accueil de Wix. Choisissez l&rsquo;un de nos mod\u00e8les pr\u00e9d\u00e9finis et ajustez les param\u00e8tres du code QR, modifiez la mise en page et les couleurs, y compris votre contenu, sans aucune exp\u00e9rience de codage. Enregistrez les param\u00e8tres que vous avez d\u00e9finis dans QR Code et obtenez le code d&rsquo;installation, qui peut \u00eatre facilement int\u00e9gr\u00e9 gratuitement dans la page Web Wix. Gr\u00e2ce \u00e0 notre configurateur simple, chaque internaute peut cr\u00e9er une application QR Code en ligne et la coller facilement sur le site Web Wix. Vous ne devez pas payer ni soumettre les donn\u00e9es de votre carte pour acc\u00e9der \u00e0 notre \u00e9diteur. Si vous rencontrez des probl\u00e8mes \u00e0 un moment donn\u00e9, n&rsquo;h\u00e9sitez pas \u00e0 en parler \u00e0 notre \u00e9quipe d&rsquo;assistance.<\/p> <\/div>\r\n\t\t\t\t\t<\/div>\r\n\t\t\t\t<\/div> <\/div><\/div>","protected":false},"excerpt":{"rendered":"","protected":false},"author":9,"featured_media":0,"parent":2881,"menu_order":0,"comment_status":"closed","ping_status":"closed","template":"templates\/template-application-platform.php","meta":{"publish_to_discourse":"","publish_post_category":"","wpdc_auto_publish_overridden":"","wpdc_topic_tags":"","wpdc_pin_topic":"","wpdc_pin_until":"","discourse_post_id":"","discourse_permalink":"","wpdc_publishing_response":"","wpdc_publishing_error":"","footnotes":""},"class_list":["post-9931","page","type-page","status-publish","hentry"],"yoast_head":"<!-- This site is optimized with the Yoast SEO plugin v25.3.1 - https:\/\/yoast.com\/wordpress\/plugins\/seo\/ -->\n<title>G\u00e9n\u00e9rateur de code QR \u2014 Ajouter un code QR au site Web Wix [2025]<\/title>\n<meta name=\"description\" content=\"Cr\u00e9ez facilement votre g\u00e9n\u00e9rateur de code QR unique pour la page Web Wix. Utilisez simplement notre d\u00e9mo pratique et votre application sera pr\u00eate en moins d\u2019une minute.\" \/>\n<meta name=\"robots\" content=\"index, follow, max-snippet:-1, max-image-preview:large, max-video-preview:-1\" \/>\n<link rel=\"canonical\" href=\"https:\/\/elfsight.com\/fr\/qr-code-widget\/wix\/\" \/>\n<meta property=\"og:locale\" content=\"fr_FR\" \/>\n<meta property=\"og:type\" content=\"article\" \/>\n<meta property=\"og:title\" content=\"G\u00e9n\u00e9rateur de code QR \u2014 Ajouter un code QR au site Web Wix [2025]\" \/>\n<meta property=\"og:description\" content=\"Cr\u00e9ez facilement votre g\u00e9n\u00e9rateur de code QR unique pour la page Web Wix. Utilisez simplement notre d\u00e9mo pratique et votre application sera pr\u00eate en moins d\u2019une minute.\" \/>\n<meta property=\"og:url\" content=\"https:\/\/elfsight.com\/fr\/qr-code-widget\/wix\/\" \/>\n<meta property=\"og:site_name\" content=\"Elfsight FR\" \/>\n<meta property=\"article:modified_time\" content=\"2025-07-10T13:09:20+00:00\" \/>\n<meta name=\"twitter:card\" content=\"summary_large_image\" \/>\n<meta name=\"twitter:label1\" content=\"Dur\u00e9e de lecture estim\u00e9e\" \/>\n\t<meta name=\"twitter:data1\" content=\"3 minutes\" \/>\n<!-- \/ Yoast SEO plugin. -->","yoast_head_json":{"title":"G\u00e9n\u00e9rateur de code QR \u2014 Ajouter un code QR au site Web Wix [2025]","description":"Cr\u00e9ez facilement votre g\u00e9n\u00e9rateur de code QR unique pour la page Web Wix. Utilisez simplement notre d\u00e9mo pratique et votre application sera pr\u00eate en moins d\u2019une minute.","robots":{"index":"index","follow":"follow","max-snippet":"max-snippet:-1","max-image-preview":"max-image-preview:large","max-video-preview":"max-video-preview:-1"},"canonical":"https:\/\/elfsight.com\/fr\/qr-code-widget\/wix\/","og_locale":"fr_FR","og_type":"article","og_title":"G\u00e9n\u00e9rateur de code QR \u2014 Ajouter un code QR au site Web Wix [2025]","og_description":"Cr\u00e9ez facilement votre g\u00e9n\u00e9rateur de code QR unique pour la page Web Wix. Utilisez simplement notre d\u00e9mo pratique et votre application sera pr\u00eate en moins d\u2019une minute.","og_url":"https:\/\/elfsight.com\/fr\/qr-code-widget\/wix\/","og_site_name":"Elfsight FR","article_modified_time":"2025-07-10T13:09:20+00:00","twitter_card":"summary_large_image","twitter_misc":{"Dur\u00e9e de lecture estim\u00e9e":"3 minutes"},"schema":{"@context":"https:\/\/schema.org","@graph":[{"@type":"WebPage","@id":"https:\/\/elfsight.com\/fr\/qr-code-widget\/wix\/","url":"https:\/\/elfsight.com\/fr\/qr-code-widget\/wix\/","name":"G\u00e9n\u00e9rateur de code QR \u2014 Ajouter un code QR au site Web Wix [2025]","isPartOf":{"@id":"https:\/\/elfsight.com\/fr\/#website"},"datePublished":"1970-01-01T00:00:00+00:00","dateModified":"2025-07-10T13:09:20+00:00","description":"Cr\u00e9ez facilement votre g\u00e9n\u00e9rateur de code QR unique pour la page Web Wix. Utilisez simplement notre d\u00e9mo pratique et votre application sera pr\u00eate en moins d\u2019une minute.","breadcrumb":{"@id":"https:\/\/elfsight.com\/fr\/qr-code-widget\/wix\/#breadcrumb"},"inLanguage":"fr-FR","potentialAction":[{"@type":"ReadAction","target":["https:\/\/elfsight.com\/fr\/qr-code-widget\/wix\/"]}]},{"@type":"BreadcrumbList","@id":"https:\/\/elfsight.com\/fr\/qr-code-widget\/wix\/#breadcrumb","itemListElement":[{"@type":"ListItem","position":1,"name":"Home","item":"https:\/\/elfsight.com\/fr\/"},{"@type":"ListItem","position":2,"name":"QR Code","item":"https:\/\/elfsight.com\/fr\/qr-code-widget\/"},{"@type":"ListItem","position":3,"name":"QR Code &#8211; Wix"}]},{"@type":"WebSite","@id":"https:\/\/elfsight.com\/fr\/#website","url":"https:\/\/elfsight.com\/fr\/","name":"Elfsight FR","description":"","potentialAction":[{"@type":"SearchAction","target":{"@type":"EntryPoint","urlTemplate":"https:\/\/elfsight.com\/fr\/?s={search_term_string}"},"query-input":{"@type":"PropertyValueSpecification","valueRequired":true,"valueName":"search_term_string"}}],"inLanguage":"fr-FR"}]}},"meta_box":{"industry":"","seo_heading":"","heading":"","description":"","cta_heading":"","cta_description":"","application":"2880","h1":"Application Wix QRCode","h1_caption":"G\u00e9n\u00e9rez et affichez un code QR pour acc\u00e9der facilement aux URL, au Wi-Fi, aux cartes de visite et bien plus encore sur votre site Web Wix.","application_category":[],"applications_title":"","applications_request_title":"","applications_request_button_text":"","hero_text":"","hero_video":"","hero_video_schema_markup":"","selling_points_title":"","selling_points_caption":"","selling_points":[],"selling_points_cta_text":"","features_title":"","features":"","ed_cta_examples_text":"","ed_cta_examples_hidden":"","ed_cta_demo_text":"","ed_cta_demo_hidden":"","why_caption":"","why_editor_title":"","why_editor_text":"","why_team_title":"","why_team_text":"","why_service_title":"","why_service_text":"","template_catalog_visible":"","template_catalog_title":"","template_catalog_text":"","template_catalog_categories_visible":"","demo_title":"Cr\u00e9ez votre application QR Code","demo_caption":"Configurez votre QR Code et ajoutez-le \u00e0 votre site Wix gratuitement !","default_faq_hidden":"","app_template_category":[],"platform":"345","template_public_id":"","codecanyon_url":"","codecanyon_item_id":"","codecanyon_price":"","pricing_caption":"","pricing_elfsight_apps_hide_column":"","pricing_elfsight_apps_url":"","pricing_codecanyon_price_caption":"","integration_category":[],"integration_request_title":"","integration_request_cta":"","integration_platform":"","integrations":[],"platform_category":[],"video_schema_markup":"","price":"\u00e0 partir de 0$ \/ mois","trial":"","benefits":[{"text":"Service d'installation gratuit"},{"text":"Assistance premium"},{"text":"Garantie de remboursement de 14 jours"},{"text":"Mises \u00e0 jour continues"}],"button_url":"","button_target_blank":"","button_nofollow":"","attributes":[{"name":"Installations","content":"10,000 - 100,000"},{"name":"Sensible","content":"Oui"},{"name":"Navigateurs compatibles","content":"Opera, Firefox, Safari, Chrome, Edge"}],"tags":[],"tags_disable_links":"","hide_more_platforms":"","video_object":"","demo_hide_cta":"","demo_hide_cloud_options":"","pricing_title":"","pricing":[{"pricing_icon":"platform","pricing_title":"Elfsight Apps","pricing_title_caption":"Logiciel multiplateforme qui fonctionne sur n'importe quel site Web","pricing_price":"from $0 \/ month","pricing_price_caption":"commencez avec un forfait gratuit","pricing_benefits":[{"text":"Nombre illimit\u00e9 de domaines"},{"text":"Un support d\u00e9di\u00e9"},{"text":"Assistance \u00e0 l'installation gratuite"},{"text":"Enti\u00e8rement personnalisable"}],"pricing_button_text":"Ajouter au site Web","pricing_button_url":"#demo"}],"related_apps_title":"","related_apps_hidden":"","author":"","image":[],"title":"","job":"","social_networks":[]},"_links":{"self":[{"href":"https:\/\/elfsight.com\/fr\/wp-json\/wp\/v2\/pages\/9931","targetHints":{"allow":["GET"]}}],"collection":[{"href":"https:\/\/elfsight.com\/fr\/wp-json\/wp\/v2\/pages"}],"about":[{"href":"https:\/\/elfsight.com\/fr\/wp-json\/wp\/v2\/types\/page"}],"author":[{"embeddable":true,"href":"https:\/\/elfsight.com\/fr\/wp-json\/wp\/v2\/users\/9"}],"replies":[{"embeddable":true,"href":"https:\/\/elfsight.com\/fr\/wp-json\/wp\/v2\/comments?post=9931"}],"version-history":[{"count":1,"href":"https:\/\/elfsight.com\/fr\/wp-json\/wp\/v2\/pages\/9931\/revisions"}],"predecessor-version":[{"id":9935,"href":"https:\/\/elfsight.com\/fr\/wp-json\/wp\/v2\/pages\/9931\/revisions\/9935"}],"up":[{"embeddable":true,"href":"https:\/\/elfsight.com\/fr\/wp-json\/wp\/v2\/pages\/2881"}],"wp:attachment":[{"href":"https:\/\/elfsight.com\/fr\/wp-json\/wp\/v2\/media?parent=9931"}],"curies":[{"name":"wp","href":"https:\/\/api.w.org\/{rel}","templated":true}]}}